{"id":256815,"date":"2018-04-12T19:38:26","date_gmt":"2018-04-12T12:38:26","guid":{"rendered":"https:\/\/maybommini.com\/san-pham\/import-placeholder-for-253063"},"modified":"2019-10-12T18:48:07","modified_gmt":"2019-10-12T11:48:07","slug":"van-dien-tu-uni-d-uw-35","status":"publish","type":"product","link":"https:\/\/maybommini.vn\/?product=van-dien-tu-uni-d-uw-35","title":{"rendered":"Van \u0111i\u1ec7n t\u1eeb UNI-D UW-35"},"content":{"rendered":"<p><em><strong>Nh\u00e0 cung c\u1ea5p c\u00e1c lo\u1ea1i van\u00a0\u0111i\u1ec7n t\u1eeb hay c\u00f2n g\u1ecdi l\u00e0\u00a0Solenoid Vavle ch\u00ednh h\u00e3ng h\u00e0ng\u00a0\u0111\u1ea7u t\u1ea1i Vi\u1ec7t Nam v\u00e0 ph\u00e2n t\u1ea1i c\u00e1c n\u01b0\u1edbc\u00a0\u0110\u00f4ng Nam\u00a0\u00c1 v\u1edbi nhi\u1ec1u chu\u1ea9n lo\u1ea1i v\u00e0 k\u00edch th\u01b0\u1edbc kh\u00e1c nhau s\u1eed d\u1ee5ng\u00a0\u0111i\u1ec7n th\u1ebf 12V 24V 220V.<\/strong><\/em><\/p>\n<p><img decoding=\"async\" class=\"size-full wp-image-247783 aligncenter\" src=\"https:\/\/maybommini.com\/wp-content\/uploads\/2017\/02\/van-dien-tu-220v.jpg\" alt=\"van-dien-tu-220v\" width=\"750\" height=\"750\" srcset=\"https:\/\/maybommini.vn\/wp-content\/uploads\/2017\/02\/van-dien-tu-220v.jpg 750w, https:\/\/maybommini.vn\/wp-content\/uploads\/2017\/02\/van-dien-tu-220v-300x300.jpg 300w, https:\/\/maybommini.vn\/wp-content\/uploads\/2017\/02\/van-dien-tu-220v-600x600.jpg 600w, https:\/\/maybommini.vn\/wp-content\/uploads\/2017\/02\/van-dien-tu-220v-150x150.jpg 150w\" sizes=\"(max-width: 750px) 100vw, 750px\" \/><\/p>\n<p><strong>TH\u00d4NG S\u1ed0 K\u1ef8 THU\u1eacT VAN\u00a0\u0110I\u1ec6N T\u1eea<\/strong><br \/>\nTh\u01b0\u01a1ng hi\u1ec7u: UNI-D<br \/>\nModel: UW-35<br \/>\n\u0110i\u1ec7n th\u1ebf: AC 220V<br \/>\nC\u00f4ng su\u1ea5t: 20W<br \/>\n\u0110\u01b0\u1eddng k\u00edn: 35 MM<br \/>\nRen g\u1eafn: 37<br \/>\nCh\u1ea5t li\u1ec7u :\u00a0\u0110\u1ed3ng<br \/>\nM\u00e0u :\u00a0\u0110en &#8211; Tr\u1eafng<br \/>\n\u00c1p l\u1ef1c ch\u1ecbu t\u1ed1i\u00a0\u0111a: 1Mpa<br \/>\nVan lo\u1ea1i: Th\u01b0\u1eddng\u00a0\u0111\u00f3ng<br \/>\nVan kho\u00e1: Ch\u1ea5t l\u1ecfng<br \/>\nNhi\u1ec7t\u00a0\u0111\u1ed9: 60\u00a0\u0110\u1ed9 C<br \/>\nTi\u00eau chu\u1ea9n: Anh Qu\u1ed1c<br \/>\nTr\u1ecdng l\u01b0\u1ee3ng: 2.3 Kg<br \/>\nK\u00edch th\u01b0\u1edbc: 123mm x 172mm x 30mm<\/p>\n<h3 style=\"text-align: center;\"><img decoding=\"async\" class=\"size-full wp-image-247784 aligncenter\" src=\"https:\/\/maybommini.com\/wp-content\/uploads\/2017\/02\/van-dien-tu-cao-cap-220v.jpg\" alt=\"van-dien-tu-cao-cap-220v\" width=\"750\" height=\"750\" srcset=\"https:\/\/maybommini.vn\/wp-content\/uploads\/2017\/02\/van-dien-tu-cao-cap-220v.jpg 750w, https:\/\/maybommini.vn\/wp-content\/uploads\/2017\/02\/van-dien-tu-cao-cap-220v-300x300.jpg 300w, https:\/\/maybommini.vn\/wp-content\/uploads\/2017\/02\/van-dien-tu-cao-cap-220v-600x600.jpg 600w, https:\/\/maybommini.vn\/wp-content\/uploads\/2017\/02\/van-dien-tu-cao-cap-220v-150x150.jpg 150w\" sizes=\"(max-width: 750px) 100vw, 750px\" \/>VAN\u00a0\u0110I\u1ec6N T\u1eea 220V<\/h3>\n<p><strong>\u1ee8NG D\u1ee4NG VAN\u00a0\u0110I\u1ec6N T\u1eea SOLENOID VAVLE<\/strong><br \/>\n&#8211; D\u00f9ng trong h\u1ec7 th\u1ed1ng l\u00e0m m\u00e1t phun s\u01b0\u01a1ng\u00a0\u0111\u1ec3 kho\u00e1 n\u01b0\u1edbc khi t\u1eaft h\u1ec7 th\u1ed1ng phun.<br \/>\n&#8211; D\u00f9ng kho\u00e1 n\u01b0\u1edbc t\u1ef1\u00a0\u0111\u1ed9ng.<br \/>\n&#8211; D\u00f9ng kho\u00e1 n\u01b0\u1edbc trong nh\u00e0 m\u00e1y c\u00f4ng nghi\u1ec7p.<br \/>\n&#8211; D\u00f9ng trong h\u1ec7 th\u1ed1ng b\u01a1m cung c\u1ea5p n\u01b0\u1edbc.<br \/>\n&#8211; D\u00f9ng trong h\u1ec7 th\u1ed1ng t\u01b0\u1edbi v\u01b0\u1eddn v\u00e0 trong n\u00f4ng nghi\u1ec7p&gt;<br \/>\n&#8211; D\u00f9ng trong h\u1ec7 th\u1ed1ng t\u01b0\u1edbi t\u1ef1\u00a0\u0111\u1ed9ng v\u00e0 t\u01b0\u1edbi nh\u1ecf gi\u1ecdt.<\/p>\n<p><img decoding=\"async\" class=\"size-full wp-image-247785 aligncenter\" src=\"https:\/\/maybommini.com\/wp-content\/uploads\/2017\/02\/van-dien-tu-phi-35.jpg\" alt=\"van-dien-tu-phi-35\" width=\"750\" height=\"750\" srcset=\"https:\/\/maybommini.vn\/wp-content\/uploads\/2017\/02\/van-dien-tu-phi-35.jpg 750w, https:\/\/maybommini.vn\/wp-content\/uploads\/2017\/02\/van-dien-tu-phi-35-300x300.jpg 300w, https:\/\/maybommini.vn\/wp-content\/uploads\/2017\/02\/van-dien-tu-phi-35-600x600.jpg 600w, https:\/\/maybommini.vn\/wp-content\/uploads\/2017\/02\/van-dien-tu-phi-35-150x150.jpg 150w\" sizes=\"(max-width: 750px) 100vw, 750px\" \/> <img decoding=\"async\" class=\"size-full wp-image-247786 aligncenter\" src=\"https:\/\/maybommini.com\/wp-content\/uploads\/2017\/02\/van-dien-tu-uni-d-35-220v.jpg\" alt=\"van-dien-tu-uni-d-35-220v\" width=\"750\" height=\"750\" srcset=\"https:\/\/maybommini.vn\/wp-content\/uploads\/2017\/02\/van-dien-tu-uni-d-35-220v.jpg 750w, https:\/\/maybommini.vn\/wp-content\/uploads\/2017\/02\/van-dien-tu-uni-d-35-220v-300x300.jpg 300w, https:\/\/maybommini.vn\/wp-content\/uploads\/2017\/02\/van-dien-tu-uni-d-35-220v-600x600.jpg 600w, https:\/\/maybommini.vn\/wp-content\/uploads\/2017\/02\/van-dien-tu-uni-d-35-220v-150x150.jpg 150w\" sizes=\"(max-width: 750px) 100vw, 750px\" \/><\/p>\n<p><strong>MUA VAN\u00a0\u0110I\u1ec6N T\u1eea\u00a0\u1ede\u00a0\u0110\u00c2U ?<br \/>\n<\/strong>Ch\u00fang t\u00f4i chuy\u00ean cung c\u1ea5p c\u00e1c lo\u1ea1i van\u00a0\u0111i\u1ec7n t\u1eeb 12v 24v 220v v\u1edbi nhi\u1ec1u k\u00edch th\u01b0\u1edbc kh\u00e1c nhau tr\u00ean to\u00e0n qu\u1ed1c v\u00e0 ch\u00ednh h\u00e3ng t\u1ea1i Vi\u1ec7t Nam.<\/p>\n<p><strong>CTY TNHH TH\u01af\u01a0NG M\u1ea0I D\u1ecaCH V\u1ee4 \u0110I\u1ec6N M\u00c1Y TH\u00d4NG MINH<\/strong><br \/>\nHotline : 090 729 4310<br \/>\nEmail : maybommini.com@gmail.com<br \/>\nWebsite : http:\/\/maybommini.com<br \/>\nFacebook : <a href=\"https:\/\/www.facebook.com\/maybommini\" target=\"_blank\" rel=\"noopener\">https:\/\/www.facebook.com\/maybommini<\/a><br \/>\nGoogle   : <a href=\"https:\/\/plus.google.com\/ Maybomnuocminiruaxe\" target=\"_blank\" rel=\"noopener\">https:\/\/plus.google.com\/ Maybomnuocminiruaxe<\/a><br \/>\nYoutube demo : <a href=\"https:\/\/www.youtube.com\/bahamasali\" target=\"_blank\" rel=\"noopener\">https:\/\/www.youtube.com\/bahamasali<\/a><\/p>\n","protected":false},"excerpt":{"rendered":"<p>Th\u01b0\u01a1ng hi\u1ec7u: UNI-D<br \/>\nModel: UW-35<br \/>\n\u0110i\u1ec7n th\u1ebf: AC 220V<br \/>\nC\u00f4ng su\u1ea5t: 20W<br \/>\n\u0110\u01b0\u1eddng k\u00edn: 35 MM<br \/>\nRen g\u1eafn: 37<br \/>\nCh\u1ea5t li\u1ec7u :\u00a0\u0110\u1ed3ng<br \/>\nM\u00e0u :\u00a0\u0110en &#8211; Tr\u1eafng<br \/>\n\u00c1p l\u1ef1c ch\u1ecbu t\u1ed1i\u00a0\u0111a: 1Mpa<br \/>\nVan lo\u1ea1i: Th\u01b0\u1eddng\u00a0\u0111\u00f3ng<br \/>\nVan kho\u00e1: Ch\u1ea5t l\u1ecfng<br \/>\nNhi\u1ec7t\u00a0\u0111\u1ed9: 60\u00a0\u0110\u1ed9 C<br \/>\nTi\u00eau chu\u1ea9n: Anh Qu\u1ed1c<br \/>\nTr\u1ecdng l\u01b0\u1ee3ng: 2.3 Kg<br \/>\nK\u00edch th\u01b0\u1edbc: 123mm x 172mm x 30mm<br \/>\nB\u1ea3o h\u00e0nh: 3 th\u00e1ng<\/p>\n","protected":false},"featured_media":256912,"comment_status":"open","ping_status":"closed","template":"","meta":[],"product_brand":[],"product_cat":[543],"product_tag":[500,1147,1148,1051,1149,1150,874,1151],"class_list":{"0":"post-256815","1":"product","2":"type-product","3":"status-publish","4":"has-post-thumbnail","6":"product_cat-van-dien-tu-solenoid-vavle","7":"product_tag-220v","8":"product_tag-khoa-nuoc-tu-dong","9":"product_tag-phi-37","10":"product_tag-solenoid-vavle","11":"product_tag-uni-d","12":"product_tag-uw-35","13":"product_tag-van-dien-tu","14":"product_tag-van-dien-tu-220v","16":"first","17":"instock","18":"shipping-taxable","19":"product-type-simple"},"_links":{"self":[{"href":"https:\/\/maybommini.vn\/index.php?rest_route=\/wp\/v2\/product\/256815","targetHints":{"allow":["GET"]}}],"collection":[{"href":"https:\/\/maybommini.vn\/index.php?rest_route=\/wp\/v2\/product"}],"about":[{"href":"https:\/\/maybommini.vn\/index.php?rest_route=\/wp\/v2\/types\/product"}],"replies":[{"embeddable":true,"href":"https:\/\/maybommini.vn\/index.php?rest_route=%2Fwp%2Fv2%2Fcomments&post=256815"}],"wp:featuredmedia":[{"embeddable":true,"href":"https:\/\/maybommini.vn\/index.php?rest_route=\/wp\/v2\/media\/256912"}],"wp:attachment":[{"href":"https:\/\/maybommini.vn\/index.php?rest_route=%2Fwp%2Fv2%2Fmedia&parent=256815"}],"wp:term":[{"taxonomy":"product_brand","embeddable":true,"href":"https:\/\/maybommini.vn\/index.php?rest_route=%2Fwp%2Fv2%2Fproduct_brand&post=256815"},{"taxonomy":"product_cat","embeddable":true,"href":"https:\/\/maybommini.vn\/index.php?rest_route=%2Fwp%2Fv2%2Fproduct_cat&post=256815"},{"taxonomy":"product_tag","embeddable":true,"href":"https:\/\/maybommini.vn\/index.php?rest_route=%2Fwp%2Fv2%2Fproduct_tag&post=256815"}],"curies":[{"name":"wp","href":"https:\/\/api.w.org\/{rel}","templated":true}]}}