{"id":256816,"date":"2018-04-12T19:38:26","date_gmt":"2018-04-12T12:38:26","guid":{"rendered":"https:\/\/maybommini.com\/san-pham\/import-placeholder-for-253064"},"modified":"2018-12-04T15:40:33","modified_gmt":"2018-12-04T08:40:33","slug":"den-led-12v-tiet-kiem-dien","status":"publish","type":"product","link":"https:\/\/maybommini.vn\/?product=den-led-12v-tiet-kiem-dien","title":{"rendered":"\u0110\u00e8n LED 12V ti\u1ebft ki\u1ec7m \u0111i\u1ec7n"},"content":{"rendered":"<h3><em><strong>\u0110\u00e8n LED 12V l\u00e0 lo\u1ea1i\u00a0\u0111\u00e8n d\u00f9ng ngu\u1ed3n\u00a0\u0111i\u1ec7n 12V b\u00ecnh\u00a0\u00e1c quy n\u00ean ti\u1ebft ki\u1ec7m\u00a0\u0111i\u1ec7n r\u1ea5t t\u1ed1t. Ph\u00f9 h\u1ee3p v\u00f9ng s\u00e2u v\u00f9ng xa ho\u1eb7c d\u00f9ng\u00a0\u0111\u1ec3 d\u1ef1 ph\u00f2ng khi c\u00fap\u00a0\u0111i\u1ec7n.<\/strong><\/em><\/h3>\n<p><img decoding=\"async\" class=\"size-full wp-image-247790 aligncenter\" src=\"https:\/\/maybommini.com\/wp-content\/uploads\/2017\/02\/den-led-12v-dung-binh-ac-quy.jpg\" alt=\"den-led-12v-dung-binh-ac-quy\" width=\"750\" height=\"750\" srcset=\"https:\/\/maybommini.vn\/wp-content\/uploads\/2017\/02\/den-led-12v-dung-binh-ac-quy.jpg 750w, https:\/\/maybommini.vn\/wp-content\/uploads\/2017\/02\/den-led-12v-dung-binh-ac-quy-300x300.jpg 300w, https:\/\/maybommini.vn\/wp-content\/uploads\/2017\/02\/den-led-12v-dung-binh-ac-quy-600x600.jpg 600w, https:\/\/maybommini.vn\/wp-content\/uploads\/2017\/02\/den-led-12v-dung-binh-ac-quy-150x150.jpg 150w\" sizes=\"(max-width: 750px) 100vw, 750px\" \/><\/p>\n<p><strong>TH\u00d4NG S\u1ed0 K\u1ef8 THU\u1eacT\u00a0\u0110\u00c8N LED 12V<\/strong><br \/>\nModel : Led 36\u00a012V<br \/>\n\u0110i\u1ec7n th\u1ebf: DC 12V<br \/>\nC\u00f4ng su\u1ea5t: 3W<br \/>\nLo\u1ea1i b\u00f3ng: Led tr\u1eafng<br \/>\nS\u1ed1 l\u01b0\u1ee3ng b\u00f3ng: 36<br \/>\nTi\u1ebft ki\u1ec7m\u00a0\u0111i\u1ec7n<br \/>\nTu\u1ed5i th\u1ecd: Tr\u00ean 30.000 gi\u1edd<br \/>\nS\u1ea3n xu\u1ea5t: Taiwan<br \/>\nTr\u1ecdng l\u01b0\u1ee3ng: 100g<\/p>\n<p><img decoding=\"async\" class=\"size-full wp-image-247789 aligncenter\" src=\"https:\/\/maybommini.com\/wp-content\/uploads\/2017\/02\/den-led-12v.jpg\" alt=\"den-led-12v\" width=\"750\" height=\"750\" srcset=\"https:\/\/maybommini.vn\/wp-content\/uploads\/2017\/02\/den-led-12v.jpg 750w, https:\/\/maybommini.vn\/wp-content\/uploads\/2017\/02\/den-led-12v-300x300.jpg 300w, https:\/\/maybommini.vn\/wp-content\/uploads\/2017\/02\/den-led-12v-600x600.jpg 600w, https:\/\/maybommini.vn\/wp-content\/uploads\/2017\/02\/den-led-12v-150x150.jpg 150w\" sizes=\"(max-width: 750px) 100vw, 750px\" \/><\/p>\n<p><strong>\u1ee8NG D\u1ee4NG\u00a0\u0110\u1ec0N LED 12V<\/strong><br \/>\n&#8211; D\u00f9ng chi\u1ebfu s\u00e1ng gia\u00a0\u0111\u00ecnh.<br \/>\n&#8211; D\u00f9ng chi\u1ebfu s\u00e1ng\u00a0\u0111\u00e8n d\u1ef1 ph\u00f2ng.<br \/>\n&#8211; D\u00f9ng trong h\u1ec7 th\u1ed1ng n\u0103ng l\u01b0\u1ee3ng m\u1eb7t tr\u1eddi.<br \/>\n&#8211; D\u00f9ng v\u00f9ng s\u00e2u v\u00f9ng xa kh\u00f4ng c\u00f3\u00a0\u0111i\u1ec7n l\u01b0\u1edbi.<br \/>\n&#8211; D\u00f9ng tr\u00ean xe oto xe m\u00e1y c\u00f3 b\u00ecnh\u00a0\u00e1c quy 12V.<\/p>\n<p><img decoding=\"async\" class=\"size-full wp-image-247791 aligncenter\" src=\"https:\/\/maybommini.com\/wp-content\/uploads\/2017\/02\/leb-12v.jpg\" alt=\"leb-12v\" width=\"750\" height=\"750\" srcset=\"https:\/\/maybommini.vn\/wp-content\/uploads\/2017\/02\/leb-12v.jpg 750w, https:\/\/maybommini.vn\/wp-content\/uploads\/2017\/02\/leb-12v-300x300.jpg 300w, https:\/\/maybommini.vn\/wp-content\/uploads\/2017\/02\/leb-12v-600x600.jpg 600w, https:\/\/maybommini.vn\/wp-content\/uploads\/2017\/02\/leb-12v-150x150.jpg 150w\" sizes=\"(max-width: 750px) 100vw, 750px\" \/><\/p>\n<p><strong>MUA\u00a0\u0110\u00c8N LED 12V\u00a0\u1ede\u00a0\u0110\u00c2U ?<\/strong><br \/>\nCh\u00fang t\u00f4i chuy\u00ean cung c\u1ea5p c\u00e1c thi\u1ebft b\u1ecb chi\u1ebfu s\u00e1ng\u00a0\u0111\u00e8n LED 12V ti\u1ebft ki\u1ec7m\u00a0\u0111i\u1ec7n d\u00f9ng trong sinh ho\u1ea1t gia\u00a0\u0111\u00ecnh v\u00e0 d\u00f9ng d\u1ef1 ph\u00f2ng tr\u00ean to\u00e0n qu\u1ed1c.<\/p>\n<p><strong>CTY TNHH TH\u01af\u01a0NG M\u1ea0I D\u1ecaCH V\u1ee4 \u0110I\u1ec6N M\u00c1Y TH\u00d4NG MINH<\/strong><br \/>\nHotline : 090 729 4310<br \/>\nEmail : maybommini.com@gmail.com<br \/>\nWebsite : http:\/\/maybommini.com<br \/>\nFacebook : <a href=\"https:\/\/www.facebook.com\/maybommini\" target=\"_blank\" rel=\"noopener\">https:\/\/www.facebook.com\/maybommini<\/a><br \/>\nGoogle   : <a href=\"https:\/\/plus.google.com\/ Maybomnuocminiruaxe\" target=\"_blank\" rel=\"noopener\">https:\/\/plus.google.com\/ Maybomnuocminiruaxe<\/a><br \/>\nYoutube demo : <a href=\"https:\/\/www.youtube.com\/bahamasali\" target=\"_blank\" rel=\"noopener\">https:\/\/www.youtube.com\/bahamasali<\/a><\/p>\n","protected":false},"excerpt":{"rendered":"<p>Model : Led 36\u00a012V<br \/>\n\u0110i\u1ec7n th\u1ebf: DC 12V<br \/>\nC\u00f4ng su\u1ea5t: 3W<br \/>\nLo\u1ea1i b\u00f3ng: Led tr\u1eafng<br \/>\nS\u1ed1 l\u01b0\u1ee3ng b\u00f3ng: 36<br \/>\nTi\u1ebft ki\u1ec7m\u00a0\u0111i\u1ec7n<br \/>\nTu\u1ed5i th\u1ecd: Tr\u00ean 30.000 gi\u1edd<br \/>\nS\u1ea3n xu\u1ea5t: Taiwan<br \/>\nTr\u1ecdng l\u01b0\u1ee3ng: 100g<br \/>\nB\u1ea3o h\u00e0nh: 1 th\u00e1ng<\/p>\n","protected":false},"featured_media":256916,"comment_status":"open","ping_status":"closed","template":"","meta":[],"product_brand":[],"product_cat":[317],"product_tag":[267,1152,1153,1154],"class_list":{"0":"post-256816","1":"product","2":"type-product","3":"status-publish","4":"has-post-thumbnail","6":"product_cat-thiet-bi-dung-cu","7":"product_tag-12v","8":"product_tag-den-12v","9":"product_tag-den-led","10":"product_tag-led","12":"first","13":"instock","14":"sale","15":"shipping-taxable","16":"purchasable","17":"product-type-simple"},"_links":{"self":[{"href":"https:\/\/maybommini.vn\/index.php?rest_route=\/wp\/v2\/product\/256816","targetHints":{"allow":["GET"]}}],"collection":[{"href":"https:\/\/maybommini.vn\/index.php?rest_route=\/wp\/v2\/product"}],"about":[{"href":"https:\/\/maybommini.vn\/index.php?rest_route=\/wp\/v2\/types\/product"}],"replies":[{"embeddable":true,"href":"https:\/\/maybommini.vn\/index.php?rest_route=%2Fwp%2Fv2%2Fcomments&post=256816"}],"wp:featuredmedia":[{"embeddable":true,"href":"https:\/\/maybommini.vn\/index.php?rest_route=\/wp\/v2\/media\/256916"}],"wp:attachment":[{"href":"https:\/\/maybommini.vn\/index.php?rest_route=%2Fwp%2Fv2%2Fmedia&parent=256816"}],"wp:term":[{"taxonomy":"product_brand","embeddable":true,"href":"https:\/\/maybommini.vn\/index.php?rest_route=%2Fwp%2Fv2%2Fproduct_brand&post=256816"},{"taxonomy":"product_cat","embeddable":true,"href":"https:\/\/maybommini.vn\/index.php?rest_route=%2Fwp%2Fv2%2Fproduct_cat&post=256816"},{"taxonomy":"product_tag","embeddable":true,"href":"https:\/\/maybommini.vn\/index.php?rest_route=%2Fwp%2Fv2%2Fproduct_tag&post=256816"}],"curies":[{"name":"wp","href":"https:\/\/api.w.org\/{rel}","templated":true}]}}