{"id":256818,"date":"2018-04-12T19:38:27","date_gmt":"2018-04-12T12:38:27","guid":{"rendered":"https:\/\/maybommini.com\/san-pham\/import-placeholder-for-253066"},"modified":"2023-02-16T09:05:07","modified_gmt":"2023-02-16T02:05:07","slug":"may-bom-dau-diesel-220v-550w-80l","status":"publish","type":"product","link":"https:\/\/maybommini.vn\/?product=may-bom-dau-diesel-220v-550w-80l","title":{"rendered":"M\u00e1y b\u01a1m d\u1ea7u Diesel 220V 550W 80L"},"content":{"rendered":"<p><strong>M\u00e1y b\u01a1m d\u1ea7u Diesel 220V 550W 80L l\u00e0 lo\u1ea1i m\u00e1y b\u01a1m cao c\u1ea5p c\u1ee7a h\u00e3ng CHEN YUAN danh ti\u1ebfng Taiwan v\u1ec1 c\u00e1c lo\u1ea1i m\u00e1y b\u01a1m. M\u00e1y b\u01a1m n\u00e0y chuy\u00ean d\u1ee5ng \u0111\u1ec1 b\u01a1m d\u1ea7u DO-Diesel v\u00e0 m\u1ed9t s\u1ed1 d\u1ea7u nh\u1edbt kh\u00e1c \u0111\u01b0\u1ee3c ph\u00e2n ph\u1ed1i b\u1edfi MBM-MAYBOMMINI.COM.<\/strong><\/p>\n<p><img decoding=\"async\" class=\"size-full wp-image-255877 aligncenter\" src=\"https:\/\/maybommini.com.vn\/wp-content\/uploads\/2018\/01\/may-bom-nhien-lieu-xang-dau-nhot-220v-1.jpg\" alt=\"May Bom Nhien Lieu Xang Dau Nhot 220v\" width=\"750\" height=\"750\" \/><\/p>\n<p><strong>TH\u00d4NG S\u1ed0 K\u1ef8 THU\u1eacT<\/strong><br \/>\nTh\u01b0\u01a1ng hi\u1ec7u: CHEN YUAN TAIWAN<br \/>\nModel:\u00a0LK-80-220AC<br \/>\n\u0110i\u1ec7n th\u1ebf: AC 220V<br \/>\nC\u00f4ng su\u1ea5t: 550W<br \/>\nL\u01b0u l\u01b0\u1ee3ng: 80 L\/P<br \/>\n\u00c1p l\u1ef1c: 0.3 Mpa<br \/>\nT\u1ef1 h\u00fat: C\u00f3<br \/>\nH\u00fat cao: 3 &#8211; 9 M\u00e9t<br \/>\n\u0110\u1ea9y cao: 22 M\u00e9t<br \/>\n\u0110\u01b0\u1eddng k\u00edn g\u1eafn\u00a0\u1ed1ng : 34 Mm<br \/>\nCh\u1ea5t li\u1ec7u: \u0110\u1ed3ng &#8211; Gang<br \/>\n\u0110\u00e2\u0300u b\u01a1m: Ca\u0301nh qua\u0323t hu\u0301t b\u0103\u0300ng nh\u01b0\u0323a &#8211; lo\u0303i the\u0301p<br \/>\nNhi\u1ec7t \u0111\u1ed9 l\u00e0m vi\u1ec7c: 0 &#8211; 110 \u0111\u1ed9 C<br \/>\nK\u00edch th\u01b0\u1edbc: 260 x 160 x 190 mm<br \/>\nTr\u1ecdng l\u01b0\u1ee3ng: 3.5 Kg<\/p>\n<p><img decoding=\"async\" class=\"size-full wp-image-255876 aligncenter\" src=\"https:\/\/maybommini.com.vn\/wp-content\/uploads\/2018\/01\/may-bom-nhien-lieu-tu-hut-1.jpg\" alt=\"May Bom Nhien Lieu Tu Hut\" width=\"750\" height=\"750\" \/> <img decoding=\"async\" class=\"size-full wp-image-255874 aligncenter\" src=\"https:\/\/maybommini.com.vn\/wp-content\/uploads\/2018\/01\/may-bom-dau-DO.jpg\" alt=\"May Bom Dau DO\" width=\"750\" height=\"750\" \/> <img decoding=\"async\" class=\"size-full wp-image-255873 aligncenter\" src=\"https:\/\/maybommini.com.vn\/wp-content\/uploads\/2018\/01\/canh-quat-bom-nhien-lieu-xang-dau-nhot.jpg\" alt=\"Canh Quat Bom Nhien Lieu Xang Dau Nhot\" width=\"750\" height=\"750\" \/><\/p>\n<p><strong>\u0110\u00c2\u0300U B\u01a0M CA\u0301NH QUA\u0323T THI\u00ca\u0301T K\u00ca\u0301 THEO TI\u00caU CHU\u00c2\u0309N M\u01a0\u0301I MA\u0301Y B\u01a0M NHI\u00caN LI\u00ca\u0323U X\u0102NG D\u00c2\u0300U NH\u01a0\u0301T<\/strong><\/p>\n<p>\u1ee8NG D\u1ee4NG M\u00c1Y B\u01a0M D\u1ea6U DIESEL 220V 5550W 80L<br \/>\n&#8211; D\u00f9ng b\u01a1m d\u1ea7u DO &#8211; Diesel<br \/>\n&#8211; D\u00f9ng b\u01a1m d\u1ea7u nh\u1edbt.<br \/>\n&#8211; D\u00f9ng b\u01a1m h\u00f3a ch\u1ea5t kh\u00f4ng g\u00e2y \u0103n m\u00f2n.<br \/>\n&#8211; D\u00f9ng b\u01a1m n\u01b0\u1edbc.<br \/>\n&#8211; D\u00f9ng b\u01a1m tu\u1ea7n ho\u00e0n l\u00e0m m\u00e1t.<br \/>\n&#8211; V\u00e0 b\u01a1m m\u1ed9t s\u1ed1 ch\u1ea5t l\u1ecfng kh\u00e1c.<\/p>\n<p><img decoding=\"async\" class=\"size-full wp-image-255875 aligncenter\" src=\"https:\/\/maybommini.com.vn\/wp-content\/uploads\/2018\/01\/may-bom-dau-DO-220V-1.jpg\" alt=\"May Bom Dau DO 220V\" width=\"750\" height=\"750\" \/><\/p>\n<p><strong>CHUY\u00caN CUNG C\u1ea4P C\u00c1C LO\u1ea0I M\u00c1Y B\u01a0M CAO C\u1ea4P<br \/>\n<\/strong>&#8211; Ch\u00fang t\u00f4i l\u00e0 nh\u00e0 ph\u00e2n ph\u1ed1i m\u00e1y b\u01a1m ch\u00ednh h\u00e3ng m\u00e1y b\u01a1m cao c\u1ea5p CHEN YUAN TAIWAN t\u1ea1i Vi\u1ec7t Nam. \u0110\u1ec3 tr\u00e1ng mua c\u00e1c lo\u1ea1i m\u00e1y b\u01a1m k\u00e9m ch\u1ea5t l\u01b0\u1ee3ng v\u00e0 h\u00e0ng nh\u1ea5y h\u00e0ng gi\u1ea3 hi\u1ec7u CHEN YUAN xin vui l\u00f2ng li\u1ec7n h\u1ec7 ch\u00fang t\u00f4i \u0111\u1ec3 \u0111\u01b0\u1ee3c t\u01b0 v\u1ea5n.<\/p>\n<p><img decoding=\"async\" class=\"size-full wp-image-255877 aligncenter\" src=\"https:\/\/maybommini.com.vn\/wp-content\/uploads\/2018\/01\/may-bom-nhien-lieu-xang-dau-nhot-220v-1.jpg\" alt=\"May Bom Nhien Lieu Xang Dau Nhot 220v\" width=\"750\" height=\"750\" \/><\/p>\n<p><strong>CTY TNHH TH\u01af\u01a0NG M\u1ea0I D\u1ecaCH V\u1ee4 \u0110I\u1ec6N M\u00c1Y TH\u00d4NG MINH<\/strong><br \/>\nHotline : 090 729 4310<br \/>\nEmail : maybommini.com@gmail.com<br \/>\nWebsite : http:\/\/maybommini.com<br \/>\nFacebook : <a href=\"https:\/\/www.facebook.com\/maybommini\" target=\"_blank\" rel=\"noopener\">https:\/\/www.facebook.com\/maybommini<\/a><br \/>\nGoogle : <a href=\"https:\/\/plus.google.com\/ Maybomnuocminiruaxe\" target=\"_blank\" rel=\"noopener\">https:\/\/plus.google.com\/ Maybomnuocminiruaxe<\/a><br \/>\nYoutube demo : <a href=\"https:\/\/www.youtube.com\/bahamasali\" target=\"_blank\" rel=\"noopener\">https:\/\/www.youtube.com\/bahamasali<\/a><\/p>\n<h3 style=\"text-align: center;\"><strong>M\u00e1y b\u01a1m d\u1ea7u Diesel 220V 550W 80L<\/strong><\/h3>\n","protected":false},"excerpt":{"rendered":"<p>Th\u01b0\u01a1ng hi\u1ec7u: CHEN YUAN TAIWAN<br \/>\nModel:\u00a0LK-80-220AC<br \/>\n\u0110i\u1ec7n th\u1ebf: AC 220V<br \/>\nC\u00f4ng su\u1ea5t: 550W<br \/>\nL\u01b0u l\u01b0\u1ee3ng: 80 L\/P<br \/>\n\u00c1p l\u1ef1c: 0.3 Mpa<br \/>\nT\u1ef1 h\u00fat: C\u00f3<br \/>\nH\u00fat cao: 3 &#8211; 9 M\u00e9t<br \/>\n\u0110\u1ea9y cao: 22 M\u00e9t<br \/>\n\u0110\u01b0\u1eddng k\u00edn g\u1eafn\u00a0\u1ed1ng : 34 Mm<br \/>\nCh\u1ea5t li\u1ec7u: \u0110\u1ed3ng &#8211; Gang<br \/>\n\u0110\u00e2\u0300u b\u01a1m: Ca\u0301nh qua\u0323t hu\u0301t b\u0103\u0300ng nh\u01b0\u0323a &#8211; lo\u0303i the\u0301p<br \/>\nNhi\u1ec7t \u0111\u1ed9 l\u00e0m vi\u1ec7c: 0 &#8211; 110 \u0111\u1ed9 C<br \/>\nK\u00edch th\u01b0\u1edbc: 260 x 160 x 190 mm<br \/>\nTr\u1ecdng l\u01b0\u1ee3ng: 3.5 Kg<br \/>\nB\u1ea3o h\u00e0nh: 6 th\u00e1ng<\/p>\n","protected":false},"featured_media":256938,"comment_status":"open","ping_status":"closed","template":"","meta":[],"product_brand":[2227],"product_cat":[1988],"product_tag":[500,1155,1156,1157,1117,203,523,1158,231,529],"class_list":{"0":"post-256818","1":"product","2":"type-product","3":"status-publish","4":"has-post-thumbnail","6":"product_brand-mtm","7":"product_cat-may-bom-xang-dau-nhot-220v","8":"product_tag-220v","9":"product_tag-550w","10":"product_tag-80l","11":"product_tag-chen-yuan","12":"product_tag-dau-diesel","13":"product_tag-may-bom","14":"product_tag-may-bom-dau","15":"product_tag-may-bom-do","16":"product_tag-may-bom-mini","17":"product_tag-may-bom-xang-dau-nhot","19":"first","20":"instock","21":"sale","22":"shipping-taxable","23":"purchasable","24":"product-type-simple"},"_links":{"self":[{"href":"https:\/\/maybommini.vn\/index.php?rest_route=\/wp\/v2\/product\/256818","targetHints":{"allow":["GET"]}}],"collection":[{"href":"https:\/\/maybommini.vn\/index.php?rest_route=\/wp\/v2\/product"}],"about":[{"href":"https:\/\/maybommini.vn\/index.php?rest_route=\/wp\/v2\/types\/product"}],"replies":[{"embeddable":true,"href":"https:\/\/maybommini.vn\/index.php?rest_route=%2Fwp%2Fv2%2Fcomments&post=256818"}],"wp:featuredmedia":[{"embeddable":true,"href":"https:\/\/maybommini.vn\/index.php?rest_route=\/wp\/v2\/media\/256938"}],"wp:attachment":[{"href":"https:\/\/maybommini.vn\/index.php?rest_route=%2Fwp%2Fv2%2Fmedia&parent=256818"}],"wp:term":[{"taxonomy":"product_brand","embeddable":true,"href":"https:\/\/maybommini.vn\/index.php?rest_route=%2Fwp%2Fv2%2Fproduct_brand&post=256818"},{"taxonomy":"product_cat","embeddable":true,"href":"https:\/\/maybommini.vn\/index.php?rest_route=%2Fwp%2Fv2%2Fproduct_cat&post=256818"},{"taxonomy":"product_tag","embeddable":true,"href":"https:\/\/maybommini.vn\/index.php?rest_route=%2Fwp%2Fv2%2Fproduct_tag&post=256818"}],"curies":[{"name":"wp","href":"https:\/\/api.w.org\/{rel}","templated":true}]}}