{"id":256849,"date":"2018-04-12T19:38:51","date_gmt":"2018-04-12T12:38:51","guid":{"rendered":"https:\/\/maybommini.com\/san-pham\/import-placeholder-for-253091"},"modified":"2021-12-05T21:49:49","modified_gmt":"2021-12-05T14:49:49","slug":"may-bam-dau-ong-ap-luc-cao-8mm-den-20mm","status":"publish","type":"product","link":"https:\/\/maybommini.vn\/?product=may-bam-dau-ong-ap-luc-cao-8mm-den-20mm","title":{"rendered":"M\u00e1y b\u1ea5m \u0111\u1ea7u \u1ed1ng \u00e1p l\u1ef1c cao 8mm \u0111\u1ebfn 14mm 6 t\u1ea5n"},"content":{"rendered":"<p><strong>M\u00e1y b\u1ea5m \u0111\u1ea7u \u1ed1ng \u00e1p l\u1ef1c cao l\u00e0 lo\u1ea1i m\u00e1y th\u1ee7y l\u1ef1c d\u00f9ng \u0111\u00f3ng c\u00e1c lo\u1ea1i \u0111\u1ea7u \u00e1p l\u1ef1c cao \u1ed1ng d\u00e2y \u00e1p l\u1ef1c. D\u00f9ng cho c\u00e1c lo\u1ea1i \u1ed1ng ch\u1ecbu l\u1ef1c cao d\u00f9ng cho c\u00e1c lo\u1ea1i m\u00e1y b\u01a1m cao \u00e1p \u0111\u1ec3 x\u1ecbt r\u1eeda xe, phun thu\u1ed1c tr\u1eeb s\u00e2u.<\/strong><\/p>\n<p><a href=\"https:\/\/maybommini.com\/wp-content\/uploads\/2018\/04\/may-bam-ong-ap-luc-6-tan.jpg\" target=\"_blank\" rel=\"noopener\"><img decoding=\"async\" class=\"size-full wp-image-259890 aligncenter\" src=\"https:\/\/maybommini.com\/wp-content\/uploads\/2018\/04\/may-bam-ong-ap-luc-6-tan.jpg\" alt=\"May Bam Ong Ap Luc 6 Tan\" width=\"800\" height=\"800\" srcset=\"https:\/\/maybommini.vn\/wp-content\/uploads\/2018\/04\/may-bam-ong-ap-luc-6-tan.jpg 800w, https:\/\/maybommini.vn\/wp-content\/uploads\/2018\/04\/may-bam-ong-ap-luc-6-tan-300x300.jpg 300w, https:\/\/maybommini.vn\/wp-content\/uploads\/2018\/04\/may-bam-ong-ap-luc-6-tan-150x150.jpg 150w, https:\/\/maybommini.vn\/wp-content\/uploads\/2018\/04\/may-bam-ong-ap-luc-6-tan-600x600.jpg 600w\" sizes=\"(max-width: 800px) 100vw, 800px\" \/><\/a><\/p>\n<p><strong>TH\u00d4NG S\u1ed0 K\u1ef8 THU\u1eacT M\u00c1Y B\u1ea4M \u1ed0NG \u00c1P L\u1ef0C<\/strong><br \/>\nTr\u1ecdng l\u01b0\u1ee3ng: 9.5 kg<br \/>\nCh\u1ea5t li\u1ec7u: th\u00e9p<br \/>\nL\u1ef1c t\u1ea1o ra: 6 T\u1ea5n<br \/>\nK\u00edch th\u01b0\u1edbc: 270 * 165 * 100mm<br \/>\n\u1ed0ng d\u00e2y: 8mm \u0111\u1ebfn 14mm<\/p>\n<p><img decoding=\"async\" class=\"size-full wp-image-255817 aligncenter\" src=\"https:\/\/maybommini.com.vn\/wp-content\/uploads\/2018\/01\/bam-cost-ong-ap-luc-xit-rua-1.jpg\" alt=\"Bam Cost Ong Ap Luc Xit Rua\" width=\"800\" height=\"800\" \/><\/p>\n<p>M\u00e1y s\u1eed d\u1ee5ng \u0111\u01a1n gi\u1ea3n l\u1ef1c t\u1eeb tay c\u1ea7m t\u1ea1o ra \u0111\u1ec3 \u00e9p \u0111\u1ea7u \u1ed1ng k\u1ebft ch\u1eb7c v\u1edbi nhau.<\/p>\n<p><a href=\"https:\/\/maybommini.com\/wp-content\/uploads\/2018\/04\/dau-ong-ap-luc-cao-6-tan.jpg\" target=\"_blank\" rel=\"noopener\"><img decoding=\"async\" class=\"size-full wp-image-259889 aligncenter\" src=\"https:\/\/maybommini.com\/wp-content\/uploads\/2018\/04\/dau-ong-ap-luc-cao-6-tan.jpg\" alt=\"Dau Ong Ap Luc Cao 6 Tan\" width=\"800\" height=\"800\" srcset=\"https:\/\/maybommini.vn\/wp-content\/uploads\/2018\/04\/dau-ong-ap-luc-cao-6-tan.jpg 800w, https:\/\/maybommini.vn\/wp-content\/uploads\/2018\/04\/dau-ong-ap-luc-cao-6-tan-300x300.jpg 300w, https:\/\/maybommini.vn\/wp-content\/uploads\/2018\/04\/dau-ong-ap-luc-cao-6-tan-150x150.jpg 150w, https:\/\/maybommini.vn\/wp-content\/uploads\/2018\/04\/dau-ong-ap-luc-cao-6-tan-600x600.jpg 600w\" sizes=\"(max-width: 800px) 100vw, 800px\" \/><\/a><\/p>\n<p>M\u00e1y b\u1ea5m \u1ed1ng \u0111\u00f9ng con \u0111\u1ed9i th\u1ee7y l\u1ef1c t\u1ea1o ra l\u1ef1c b\u1ea5m \u1ed1ng.<\/p>\n<p><img decoding=\"async\" class=\"size-full wp-image-255814 aligncenter\" src=\"https:\/\/maybommini.com.vn\/wp-content\/uploads\/2018\/01\/ong-ap-luc-cao-rua-xe-1.jpg\" alt=\"Ong Ap Luc Cao Rua Xe\" width=\"800\" height=\"800\" \/> <img decoding=\"async\" class=\"size-full wp-image-255820 aligncenter\" src=\"https:\/\/maybommini.com.vn\/wp-content\/uploads\/2018\/01\/dau-ong-ap-luc-ren-13mm-2.jpg\" alt=\"Dau Ong Ap Luc Ren 13mm\" width=\"800\" height=\"800\" \/><\/p>\n<p>D\u00f9ng cho c\u00e1c lo\u1ea1i \u1ed1ng t\u1eeb 13mm \u0111\u1ebfn 29mm<\/p>\n<p><img decoding=\"async\" class=\"size-full wp-image-255817 aligncenter\" src=\"https:\/\/maybommini.com.vn\/wp-content\/uploads\/2018\/01\/bam-cost-ong-ap-luc-xit-rua-1.jpg\" alt=\"Bam Cost Ong Ap Luc Xit Rua\" width=\"800\" height=\"800\" \/><\/p>\n<p><img decoding=\"async\" class=\"size-full wp-image-255823 aligncenter\" src=\"https:\/\/maybommini.com.vn\/wp-content\/uploads\/2018\/01\/may-dong-dau-ong-ap-luc-1.jpg\" alt=\"May Dong Dau Ong Ap Luc\" width=\"800\" height=\"800\" \/><\/p>\n<p>S\u1eed d\u1ee5ng \u0111\u01a1n gi\u1ea3n ao c\u0169ng c\u00f3 th\u1ec3 b\u1ea5m \u0111\u1ea7u \u1ed1ng \u00e1p l\u1ef1c theo \u00fd c\u1ee7a m\u00ecnh. M\u00e1y \u0111\u01b0\u1ee3c MBM-maybommini.com ph\u00e2n ph\u1ed1i to\u00e0n qu\u1ed1c c\u00e1c c\u1ee7a h\u00e0ng v\u00e0 c\u00e1 nh\u00e2n s\u1eed d\u1ee5ng. G\u1ecdi 090 729 4310 \u0111\u1ec3 \u0111\u01b0\u1ee3c t\u01b0 v\u1ea5n v\u00e0 mua h\u00e0ng c\u00f3 gi\u00e1 t\u1ed1t.<br \/>\n<a href=\"https:\/\/maybommini.com\/wp-content\/uploads\/2018\/04\/bam-ong-ap-luc-cao-6-tan.jpg\" target=\"_blank\" rel=\"noopener\"><img decoding=\"async\" class=\"size-full wp-image-259888 aligncenter\" src=\"https:\/\/maybommini.com\/wp-content\/uploads\/2018\/04\/bam-ong-ap-luc-cao-6-tan.jpg\" alt=\"Bam Ong Ap Luc Cao 6 Tan\" width=\"800\" height=\"800\" srcset=\"https:\/\/maybommini.vn\/wp-content\/uploads\/2018\/04\/bam-ong-ap-luc-cao-6-tan.jpg 800w, https:\/\/maybommini.vn\/wp-content\/uploads\/2018\/04\/bam-ong-ap-luc-cao-6-tan-300x300.jpg 300w, https:\/\/maybommini.vn\/wp-content\/uploads\/2018\/04\/bam-ong-ap-luc-cao-6-tan-150x150.jpg 150w, https:\/\/maybommini.vn\/wp-content\/uploads\/2018\/04\/bam-ong-ap-luc-cao-6-tan-600x600.jpg 600w, https:\/\/maybommini.vn\/wp-content\/uploads\/2018\/04\/bam-ong-ap-luc-cao-6-tan-768x768.jpg 768w\" sizes=\"(max-width: 800px) 100vw, 800px\" \/><\/a><\/p>\n<p><img decoding=\"async\" class=\"size-full wp-image-255814 aligncenter\" src=\"https:\/\/maybommini.com.vn\/wp-content\/uploads\/2018\/01\/ong-ap-luc-cao-rua-xe-1.jpg\" alt=\"Ong Ap Luc Cao Rua Xe\" width=\"800\" height=\"800\" \/><\/p>\n<p><strong>MUA M\u00c1Y B\u1ea4M \u1ed0NG \u00c1P L\u1ef0C \u1ede \u0110\u00c2U ?<\/strong><\/p>\n<p><strong>CTY TNHH TH\u01af\u01a0NG M\u1ea0I D\u1ecaCH V\u1ee4 \u0110I\u1ec6N M\u00c1Y TH\u00d4NG MINH<\/strong><br \/>\nHotline : 090 729 4310<br \/>\nEmail : maybommini.com@gmail.com<br \/>\nWebsite : http:\/\/maybommini.com<br \/>\nFacebook : <a href=\"https:\/\/www.facebook.com\/maybommini\" target=\"_blank\" rel=\"noopener noreferrer\">https:\/\/www.facebook.com\/maybommini<\/a><br \/>\nGoogle : <a href=\"https:\/\/plus.google.com\/ Maybomnuocminiruaxe\" target=\"_blank\" rel=\"noopener noreferrer\">https:\/\/plus.google.com\/ Maybomnuocminiruaxe<\/a><br \/>\nYoutube demo : <a href=\"https:\/\/www.youtube.com\/bahamasali\" target=\"_blank\" rel=\"noopener noreferrer\">https:\/\/www.youtube.com\/bahamasali<\/a><\/p>\n<h3 style=\"text-align: center;\"><a href=\"https:\/\/maybommini.com\/san-pham\/may-bam-dau-ong-ap-luc-cao-thuy-luc-8mm-den-18mm-3-tan\" target=\"_blank\" rel=\"noopener noreferrer\">M\u00e1y b\u1ea5m \u0111\u1ea7u \u1ed1ng \u00e1p l\u1ef1c cao thu\u1ef7 l\u1ef1c 8mm \u0111\u1ebfn 13mm 3 t\u1ea5n<\/a><br \/>\n<a title=\"M\u00e1y b\u1ea5m \u0111\u1ea7u \u1ed1ng \u00e1p l\u1ef1c cao 8mm \u0111\u1ebfn 14mm 6 t\u1ea5n\" href=\"https:\/\/maybommini.com\/san-pham\/may-bam-dau-ong-ap-luc-cao-8mm-den-20mm\" target=\"_blank\" rel=\"noopener\">M\u00e1y B\u1ea5m \u0110\u1ea7u \u1ed0ng \u00c1p L\u1ef1c Cao 8mm \u0110\u1ebfn 14mm 6 T\u1ea5n<\/a><br \/>\n<a title=\"M\u00e1y b\u1ea5m \u0111\u1ea7u \u1ed1ng \u00e1p l\u1ef1c cao quay tay\" href=\"https:\/\/maybommini.com\/san-pham\/may-bam-dau-ong-ap-luc-cao-quay-tay\" target=\"_blank\" rel=\"noopener\">M\u00e1y B\u1ea5m \u0110\u1ea7u \u1ed0ng \u00c1p L\u1ef1c Cao Quay Tay<\/a><\/h3>\n","protected":false},"excerpt":{"rendered":"<p>Tr\u1ecdng l\u01b0\u1ee3ng: 9.5 kg<br \/>\nCh\u1ea5t li\u1ec7u: th\u00e9p<br \/>\nL\u1ef1c t\u1ea1o ra: 6 T\u1ea5n<br \/>\nK\u00edch th\u01b0\u1edbc: 270 * 165 * 100mm<br \/>\n\u1ed0ng d\u00e2y: 8mm \u0111\u1ebfn 14mm<br \/>\nB\u1ea3o h\u00e0nh: 1 th\u00e1ng<br \/>\nPh\u00e2n ph\u1ed1i: Maybommini.com<br \/>\nH\u00f4\u0309 tr\u01a1\u0323 ky\u0303 thu\u00e2\u0323t vi\u0303nh vi\u00ea\u0303n.<br \/>\n<strong>T\u01af V\u1ea4N K\u1ef8 THU\u1eacT \u2013 MUA H\u00c0NG<br \/>\nMUA S\u1ed0 L\u01af\u1ee2NG C\u00d3 GI\u00c1 S\u1ec8<\/strong><br \/>\n0908997823 \u2013 0908997872<br \/>\n0907294310 \u2013 02873030399<\/p>\n","protected":false},"featured_media":259890,"comment_status":"open","ping_status":"closed","template":"","meta":[],"product_brand":[2227],"product_cat":[2897,317],"product_tag":[476,749,750,751,752,753,754,755,2035,756,2036,757,2037,758,759,760,904],"class_list":{"0":"post-256849","1":"product","2":"type-product","3":"status-publish","4":"has-post-thumbnail","6":"product_brand-mtm","7":"product_cat-bam-ong-ap-luc","8":"product_cat-thiet-bi-dung-cu","9":"product_tag-12mm","10":"product_tag-12mm-20mm","11":"product_tag-20mm","12":"product_tag-bam-cost","13":"product_tag-bam-ong","14":"product_tag-bam-ong-day","15":"product_tag-cost","16":"product_tag-dau-bam-ong","17":"product_tag-dau-cost","18":"product_tag-may-bam","19":"product_tag-may-bam-dau-cost","20":"product_tag-may-bam-ong","21":"product_tag-may-bam-ong-thuy-luc","22":"product_tag-may-ep-ap-luc","23":"product_tag-ong-ap-luc","24":"product_tag-ong-ap-luc-cao","25":"product_tag-thuy-luc","27":"first","28":"instock","29":"sale","30":"shipping-taxable","31":"purchasable","32":"product-type-simple"},"_links":{"self":[{"href":"https:\/\/maybommini.vn\/index.php?rest_route=\/wp\/v2\/product\/256849","targetHints":{"allow":["GET"]}}],"collection":[{"href":"https:\/\/maybommini.vn\/index.php?rest_route=\/wp\/v2\/product"}],"about":[{"href":"https:\/\/maybommini.vn\/index.php?rest_route=\/wp\/v2\/types\/product"}],"replies":[{"embeddable":true,"href":"https:\/\/maybommini.vn\/index.php?rest_route=%2Fwp%2Fv2%2Fcomments&post=256849"}],"wp:featuredmedia":[{"embeddable":true,"href":"https:\/\/maybommini.vn\/index.php?rest_route=\/wp\/v2\/media\/259890"}],"wp:attachment":[{"href":"https:\/\/maybommini.vn\/index.php?rest_route=%2Fwp%2Fv2%2Fmedia&parent=256849"}],"wp:term":[{"taxonomy":"product_brand","embeddable":true,"href":"https:\/\/maybommini.vn\/index.php?rest_route=%2Fwp%2Fv2%2Fproduct_brand&post=256849"},{"taxonomy":"product_cat","embeddable":true,"href":"https:\/\/maybommini.vn\/index.php?rest_route=%2Fwp%2Fv2%2Fproduct_cat&post=256849"},{"taxonomy":"product_tag","embeddable":true,"href":"https:\/\/maybommini.vn\/index.php?rest_route=%2Fwp%2Fv2%2Fproduct_tag&post=256849"}],"curies":[{"name":"wp","href":"https:\/\/api.w.org\/{rel}","templated":true}]}}