{"id":256874,"date":"2018-04-12T19:39:15","date_gmt":"2018-04-12T12:39:15","guid":{"rendered":"https:\/\/maybommini.com\/san-pham\/import-placeholder-for-253116"},"modified":"2024-03-28T11:02:45","modified_gmt":"2024-03-28T04:02:45","slug":"loc-rac-may-bom-nuoc-ap-luc-loai-trung","status":"publish","type":"product","link":"https:\/\/maybommini.vn\/?product=loc-rac-may-bom-nuoc-ap-luc-loai-trung","title":{"rendered":"L\u1ecdc r\u00e1c m\u00e1y b\u01a1m n\u01b0\u1edbc \u00e1p l\u1ef1c &#8211; lo\u1ea1i trung"},"content":{"rendered":"<p><strong>L\u1ecdc r\u00e1c m\u00e1y b\u01a1m n\u01b0\u1edbc \u00e1p l\u1ef1c l\u00e0 ph\u1ee5 ki\u1ec7n kh\u00f4ng th\u1ec3 thi\u1ebfu khi b\u1ea1n s\u1eed d\u1ee5ng m\u00e1y b\u01a1m n\u01b0\u1edbc mini m\u00e1y b\u01a1m \u00e1p l\u1ef1c cao \u0111\u00e2y l\u00e0 ph\u1ee5 ki\u1ec7n tuy nh\u1ecf nh\u01b0ng c\u00f3 nhi\u1ec7m v\u1ee5 l\u1ecdc c\u00e1c b\u1ea9n c\u1ee7a \u1ed1ng v\u00e0o m\u00e1y b\u01a1m m\u1ed9t c\u00e1ch t\u1ed1t nh\u1ea5t.<\/strong><\/p>\n<p><strong><img decoding=\"async\" class=\"size-full wp-image-254101 aligncenter\" src=\"https:\/\/maybommini.com.vn\/wp-content\/uploads\/2018\/01\/loc-rac.jpg\" alt=\"Loc Rac\" width=\"750\" height=\"750\" srcset=\"https:\/\/maybommini.vn\/wp-content\/uploads\/2018\/01\/loc-rac.jpg 750w, https:\/\/maybommini.vn\/wp-content\/uploads\/2018\/01\/loc-rac-300x300.jpg 300w, https:\/\/maybommini.vn\/wp-content\/uploads\/2018\/01\/loc-rac-600x600.jpg 600w, https:\/\/maybommini.vn\/wp-content\/uploads\/2018\/01\/loc-rac-150x150.jpg 150w, https:\/\/maybommini.vn\/wp-content\/uploads\/2018\/01\/loc-rac-270x270.jpg 270w, https:\/\/maybommini.vn\/wp-content\/uploads\/2018\/01\/loc-rac-375x375.jpg 375w, https:\/\/maybommini.vn\/wp-content\/uploads\/2018\/01\/loc-rac-140x140.jpg 140w, https:\/\/maybommini.vn\/wp-content\/uploads\/2018\/01\/loc-rac-131x131.jpg 131w, https:\/\/maybommini.vn\/wp-content\/uploads\/2018\/01\/loc-rac-142x142.jpg 142w, https:\/\/maybommini.vn\/wp-content\/uploads\/2018\/01\/loc-rac-164x164.jpg 164w, https:\/\/maybommini.vn\/wp-content\/uploads\/2018\/01\/loc-rac-175x175.jpg 175w, https:\/\/maybommini.vn\/wp-content\/uploads\/2018\/01\/loc-rac-193x193.jpg 193w, https:\/\/maybommini.vn\/wp-content\/uploads\/2018\/01\/loc-rac-200x200.jpg 200w, https:\/\/maybommini.vn\/wp-content\/uploads\/2018\/01\/loc-rac-204x204.jpg 204w, https:\/\/maybommini.vn\/wp-content\/uploads\/2018\/01\/loc-rac-213x213.jpg 213w, https:\/\/maybommini.vn\/wp-content\/uploads\/2018\/01\/loc-rac-248x248.jpg 248w, https:\/\/maybommini.vn\/wp-content\/uploads\/2018\/01\/loc-rac-260x260.jpg 260w\" sizes=\"(max-width: 750px) 100vw, 750px\" \/><br \/>\n<\/strong><strong>TH\u00d4NG S\u1ed0 K\u1ef8 THU\u1eacT<\/strong><br \/>\nLo\u1ea1i: L\u1ecdc r\u00e1c m\u00e1y b\u01a1m &#8211; lo\u1ea1i trung<br \/>\nCh\u1ea5t li\u1ec7u: Nh\u1ef1a &#8211; th\u00e9p ch\u1ed1ng r\u1ec9<br \/>\nG\u1eafn\u00a0\u1ed1ng : 14 mm<br \/>\n\u0110\u01b0\u1eddng k\u00edn: 46.5 mm<br \/>\nChi\u1ec1u d\u00e0i: 66.5 mm<br \/>\nTr\u1ecdng l\u01b0\u1ee3ng: 50g<\/p>\n<p><img decoding=\"async\" class=\"size-full wp-image-254103 aligncenter\" src=\"https:\/\/maybommini.com.vn\/wp-content\/uploads\/2018\/01\/loc-rac-may-bom-mini-ap-luc-1.jpg\" alt=\"Loc Rac May Bom Mini Ap Luc\" width=\"750\" height=\"750\" srcset=\"https:\/\/maybommini.vn\/wp-content\/uploads\/2018\/01\/loc-rac-may-bom-mini-ap-luc-1.jpg 750w, https:\/\/maybommini.vn\/wp-content\/uploads\/2018\/01\/loc-rac-may-bom-mini-ap-luc-1-300x300.jpg 300w, https:\/\/maybommini.vn\/wp-content\/uploads\/2018\/01\/loc-rac-may-bom-mini-ap-luc-1-600x600.jpg 600w, https:\/\/maybommini.vn\/wp-content\/uploads\/2018\/01\/loc-rac-may-bom-mini-ap-luc-1-150x150.jpg 150w, https:\/\/maybommini.vn\/wp-content\/uploads\/2018\/01\/loc-rac-may-bom-mini-ap-luc-1-270x270.jpg 270w, https:\/\/maybommini.vn\/wp-content\/uploads\/2018\/01\/loc-rac-may-bom-mini-ap-luc-1-375x375.jpg 375w, https:\/\/maybommini.vn\/wp-content\/uploads\/2018\/01\/loc-rac-may-bom-mini-ap-luc-1-140x140.jpg 140w, https:\/\/maybommini.vn\/wp-content\/uploads\/2018\/01\/loc-rac-may-bom-mini-ap-luc-1-131x131.jpg 131w, https:\/\/maybommini.vn\/wp-content\/uploads\/2018\/01\/loc-rac-may-bom-mini-ap-luc-1-142x142.jpg 142w, https:\/\/maybommini.vn\/wp-content\/uploads\/2018\/01\/loc-rac-may-bom-mini-ap-luc-1-164x164.jpg 164w, https:\/\/maybommini.vn\/wp-content\/uploads\/2018\/01\/loc-rac-may-bom-mini-ap-luc-1-175x175.jpg 175w, https:\/\/maybommini.vn\/wp-content\/uploads\/2018\/01\/loc-rac-may-bom-mini-ap-luc-1-193x193.jpg 193w, https:\/\/maybommini.vn\/wp-content\/uploads\/2018\/01\/loc-rac-may-bom-mini-ap-luc-1-200x200.jpg 200w, https:\/\/maybommini.vn\/wp-content\/uploads\/2018\/01\/loc-rac-may-bom-mini-ap-luc-1-204x204.jpg 204w, https:\/\/maybommini.vn\/wp-content\/uploads\/2018\/01\/loc-rac-may-bom-mini-ap-luc-1-213x213.jpg 213w, https:\/\/maybommini.vn\/wp-content\/uploads\/2018\/01\/loc-rac-may-bom-mini-ap-luc-1-248x248.jpg 248w, https:\/\/maybommini.vn\/wp-content\/uploads\/2018\/01\/loc-rac-may-bom-mini-ap-luc-1-260x260.jpg 260w\" sizes=\"(max-width: 750px) 100vw, 750px\" \/><br \/>\n<strong>\u1ee8NG D\u1ee4NG L\u1eccC N\u01af\u1edaC R\u00c1C M\u00c1Y B\u01a0M<\/strong><br \/>\n\u1ed0ng n\u1ed1i g\u1eafn v\u00e0o c\u00f3 \u0111\u01b0\u1eddng k\u00ednh 14mm mm th\u00edch h\u1ee3p cho c\u00e1c lo\u1ea1i \u1ed1ng n\u01b0\u1edbc 14 mmc\u00f3 th\u1ec3 g\u1eafn v\u00e0o \u0111\u01b0\u1ee3c m\u1ed9t c\u00e1ch d\u1ec3 d\u00e0ng. C\u00f3 thi\u1ebft k\u00e9 nh\u1ecf g\u1ecdn th\u00edch h\u1ee3p cho c\u00e1c lo\u1ea1i m\u00e1y b\u01a1m n\u01b0\u1edbc mini 12V 24V, <a href=\"https:\/\/maybommini.com\/san-pham\/may-bom-xit-rua-ap-luc-cao-220v-1-5kw-bm-s2\" target=\"_blank\" rel=\"noopener\">m\u00e1y x\u1ecbt r\u1eeda\u00a0\u00e1p l\u1ef1c cao<\/a>.<br \/>\nM\u1ee5c \u0111\u00edch s\u1eed d\u1ee5ng b\u1ed9 l\u1ecdc d\u00f9ng cho m\u00e1y b\u01a1m n\u01b0\u1edbc mini d\u00f9ng cho m\u00e1y gi\u1eb7t, m\u00e1y r\u1eeda xe chuy\u00ean d\u1ee5ng, l\u1ecdc n\u01b0\u1edbc, gi\u00fap b\u1ea3o v\u1ec7 m\u00e1y\u00a0<a title=\"B\u1ed9 r\u1eeda xe mini 12V \u2013 Option 1\" href=\"http:\/\/maybommini.com\/bo-rua-xe-mini-12v-option-1.html\" target=\"_blank\" rel=\"noopener\">r\u1eeda xe mini 12V<\/a> kh\u00f4ng v\u00e0o b\u1ee5i b\u1ea9n, b\u1ec1n h\u01a1n.<\/p>\n<p>C\u00e1c b\u1ea1n c\u00f3 th\u1ec3 g\u1eafn k\u00e8m b\u1ed9 l\u1ecdc n\u00e0y cho m\u00e1y <a title=\"B\u01a1m \u00e1p l\u1ef1c mini\" href=\"http:\/\/maybommini.com\/may-bom-mini\/bom-ap-luc-mini\" target=\"_blank\" rel=\"noopener\">b\u01a1m n\u01b0\u1edbc \u00e1p l\u1ef1c mini<\/a> 12V 24V \u0111\u1ec3 r\u1eeda xe gi\u00fap m\u00e1y ho\u1ea1t \u0111\u1ed9ng t\u1ed1t h\u01a1n v\u00e0 b\u1ec1n h\u01a1n<\/p>\n<p>Ch\u1ea5t li\u1ec7u b\u1ed9 l\u1ecdc d\u00f9ng cho m\u00e1y b\u01a1m n\u01b0\u1edbc mini ch\u1ea5t li\u1ec7u nh\u1ef1a \u0111\u1eb7c bi\u1ec7t, l\u01b0\u1edbi th\u00e9p kh\u00f4ng r\u1ec9.<\/p>\n<p><img decoding=\"async\" class=\"size-full wp-image-254102 aligncenter\" src=\"https:\/\/maybommini.com.vn\/wp-content\/uploads\/2018\/01\/loc-rac-may-bom-1.jpg\" alt=\"Loc Rac May Bom\" width=\"750\" height=\"750\" srcset=\"https:\/\/maybommini.vn\/wp-content\/uploads\/2018\/01\/loc-rac-may-bom-1.jpg 750w, https:\/\/maybommini.vn\/wp-content\/uploads\/2018\/01\/loc-rac-may-bom-1-300x300.jpg 300w, https:\/\/maybommini.vn\/wp-content\/uploads\/2018\/01\/loc-rac-may-bom-1-600x600.jpg 600w, https:\/\/maybommini.vn\/wp-content\/uploads\/2018\/01\/loc-rac-may-bom-1-150x150.jpg 150w, https:\/\/maybommini.vn\/wp-content\/uploads\/2018\/01\/loc-rac-may-bom-1-270x270.jpg 270w, https:\/\/maybommini.vn\/wp-content\/uploads\/2018\/01\/loc-rac-may-bom-1-375x375.jpg 375w, https:\/\/maybommini.vn\/wp-content\/uploads\/2018\/01\/loc-rac-may-bom-1-140x140.jpg 140w, https:\/\/maybommini.vn\/wp-content\/uploads\/2018\/01\/loc-rac-may-bom-1-131x131.jpg 131w, https:\/\/maybommini.vn\/wp-content\/uploads\/2018\/01\/loc-rac-may-bom-1-142x142.jpg 142w, https:\/\/maybommini.vn\/wp-content\/uploads\/2018\/01\/loc-rac-may-bom-1-164x164.jpg 164w, https:\/\/maybommini.vn\/wp-content\/uploads\/2018\/01\/loc-rac-may-bom-1-175x175.jpg 175w, https:\/\/maybommini.vn\/wp-content\/uploads\/2018\/01\/loc-rac-may-bom-1-193x193.jpg 193w, https:\/\/maybommini.vn\/wp-content\/uploads\/2018\/01\/loc-rac-may-bom-1-200x200.jpg 200w, https:\/\/maybommini.vn\/wp-content\/uploads\/2018\/01\/loc-rac-may-bom-1-204x204.jpg 204w, https:\/\/maybommini.vn\/wp-content\/uploads\/2018\/01\/loc-rac-may-bom-1-213x213.jpg 213w, https:\/\/maybommini.vn\/wp-content\/uploads\/2018\/01\/loc-rac-may-bom-1-248x248.jpg 248w, https:\/\/maybommini.vn\/wp-content\/uploads\/2018\/01\/loc-rac-may-bom-1-260x260.jpg 260w\" sizes=\"(max-width: 750px) 100vw, 750px\" \/><br \/>\n<strong>MUA L\u1eccC N\u01af\u1edaC M\u00c1Y B\u01a0M MINI \u1ede \u0110\u00c2U ?<br \/>\n<\/strong>M\u1ecdi chi ti\u1ebft vui l\u00f2ng li\u00ean h\u1ec7 tr\u1ef1c ti\u1ebfp cho ch\u00fang t\u00f4i \u0111\u1ec3 \u0111\u01b0\u1ee3c t\u01b0 v\u1ea5n theo nhu c\u1ea7u \u0111\u1ec3 c\u00f3 \u0111\u01b0\u1ee3c b\u1ed9 s\u1ea3n ph\u1ea9m t\u1ed1t nh\u1ea5t v\u00e0 ti\u1ebft ki\u1ec7m.<br \/>\nEmail : maybommini.com@gmail.com<br \/>\nWebsite : <a title=\"May bom mini\" href=\"http:\/\/maybommini.com\/\" target=\"_blank\" rel=\"noopener\">http:\/\/maybommini.com<\/a><br \/>\nFacebook :\u00a0<a title=\"m\u00e1y b\u01a1m mini\" href=\"https:\/\/www.facebook.com\/maybommini\" target=\"_blank\" rel=\"noopener\">https:\/\/www.facebook.com\/maybommini<\/a><br \/>\nGoogle :\u00a0<a title=\"May bom nuoc mini rua xe\" href=\"https:\/\/plus.google.com\/ Maybomnuocminiruaxe\" target=\"_blank\" rel=\"noopener\">https:\/\/plus.google.com\/ Maybomnuocminiruaxe<\/a><br \/>\nYoutube demo :\u00a0<a title=\"Rua xe bang may bom mini\" href=\"https:\/\/www.youtube.com\/bahamasali\" target=\"_blank\" rel=\"noopener\">https:\/\/www.youtube.com\/bahamasali<\/a><\/p>\n","protected":false},"excerpt":{"rendered":"<p>Lo\u1ea1i: L\u1ecdc r\u00e1c m\u00e1y b\u01a1m &#8211; lo\u1ea1i trung<br \/>\nCh\u1ea5t li\u1ec7u: Nh\u1ef1a &#8211; th\u00e9p ch\u1ed1ng r\u1ec9<br \/>\nG\u1eafn\u00a0\u1ed1ng : 14 mm<br \/>\n\u0110\u01b0\u1eddng k\u00edn: 46.5 mm<br \/>\nChi\u1ec1u d\u00e0i: 66.5 mm<br \/>\nTr\u1ecdng l\u01b0\u1ee3ng: 50g<\/p>\n","protected":false},"featured_media":256993,"comment_status":"open","ping_status":"closed","template":"","meta":[],"product_brand":[],"product_cat":[215,214],"product_tag":[286,287,285,235,288,289,1193,275,290,291,249,210],"class_list":{"0":"post-256874","1":"product","2":"type-product","3":"status-publish","4":"has-post-thumbnail","6":"product_cat-phu-kien-xit-rua-ap-luc","7":"product_cat-phu-kien-bom-nuoc","8":"product_tag-bao-ve","9":"product_tag-bo-loc","10":"product_tag-bom-ap-luc","11":"product_tag-bom-nuoc-mini","12":"product_tag-loc-ban","13":"product_tag-loc-nuoc","14":"product_tag-loc-rac","15":"product_tag-mini","16":"product_tag-ong","17":"product_tag-phu-kien","18":"product_tag-phu-kien-rua-xe","19":"product_tag-rua-xe","21":"first","22":"instock","23":"sale","24":"shipping-taxable","25":"purchasable","26":"product-type-simple"},"_links":{"self":[{"href":"https:\/\/maybommini.vn\/index.php?rest_route=\/wp\/v2\/product\/256874","targetHints":{"allow":["GET"]}}],"collection":[{"href":"https:\/\/maybommini.vn\/index.php?rest_route=\/wp\/v2\/product"}],"about":[{"href":"https:\/\/maybommini.vn\/index.php?rest_route=\/wp\/v2\/types\/product"}],"replies":[{"embeddable":true,"href":"https:\/\/maybommini.vn\/index.php?rest_route=%2Fwp%2Fv2%2Fcomments&post=256874"}],"wp:featuredmedia":[{"embeddable":true,"href":"https:\/\/maybommini.vn\/index.php?rest_route=\/wp\/v2\/media\/256993"}],"wp:attachment":[{"href":"https:\/\/maybommini.vn\/index.php?rest_route=%2Fwp%2Fv2%2Fmedia&parent=256874"}],"wp:term":[{"taxonomy":"product_brand","embeddable":true,"href":"https:\/\/maybommini.vn\/index.php?rest_route=%2Fwp%2Fv2%2Fproduct_brand&post=256874"},{"taxonomy":"product_cat","embeddable":true,"href":"https:\/\/maybommini.vn\/index.php?rest_route=%2Fwp%2Fv2%2Fproduct_cat&post=256874"},{"taxonomy":"product_tag","embeddable":true,"href":"https:\/\/maybommini.vn\/index.php?rest_route=%2Fwp%2Fv2%2Fproduct_tag&post=256874"}],"curies":[{"name":"wp","href":"https:\/\/api.w.org\/{rel}","templated":true}]}}