{"id":256889,"date":"2018-04-12T19:39:37","date_gmt":"2018-04-12T12:39:37","guid":{"rendered":"https:\/\/maybommini.com\/san-pham\/import-placeholder-for-253135"},"modified":"2022-12-02T16:07:33","modified_gmt":"2022-12-02T09:07:33","slug":"day-nguon-dien-pc-adapter","status":"publish","type":"product","link":"https:\/\/maybommini.vn\/?product=day-nguon-dien-pc-adapter","title":{"rendered":"D\u00e2y ngu\u1ed3n adapter 220V \u0111u\u00f4i PC"},"content":{"rendered":"<p><strong>D\u00e2y ngu\u1ed3n adapter s\u1ea1c m\u00e1y t\u00ednh 220V ch\u1ecbu t\u1ea3i 1000W \u0111u\u00f4i PC chu\u1ea9n EU t\u01b0\u01a1ng th\u00edch v\u1edbi s\u1ea1c m\u00e1y t\u00ednh x\u00e1ch tay, b\u1ed9 chuy\u1ec3n \u0111\u1ed5i \u0111i\u1ec7n xoay chi\u1ec1u, m\u00e1y \u1ea3nh k\u1ef9 thu\u1eadt s\u1ed1, m\u00e1y quay phim, m\u00e0n h\u00ecnh, tivi, n\u1ed3i c\u01a1m \u0111i\u1ec7n v\u00e0 nhi\u1ec1u thi\u1ebft b\u1ecb kh\u00e1c.<\/strong><\/p>\n<p><strong><a href=\"https:\/\/maybommini.com\/wp-content\/uploads\/2018\/04\/day-dien-noi-com-dien.jpg\" target=\"_blank\" rel=\"noopener\"><img decoding=\"async\" class=\"size-full wp-image-271599 aligncenter\" src=\"https:\/\/maybommini.com\/wp-content\/uploads\/2018\/04\/day-dien-noi-com-dien.jpg\" alt=\"Day Dien Noi Com Dien\" width=\"750\" height=\"750\" srcset=\"https:\/\/maybommini.vn\/wp-content\/uploads\/2018\/04\/day-dien-noi-com-dien.jpg 750w, https:\/\/maybommini.vn\/wp-content\/uploads\/2018\/04\/day-dien-noi-com-dien-300x300.jpg 300w, https:\/\/maybommini.vn\/wp-content\/uploads\/2018\/04\/day-dien-noi-com-dien-150x150.jpg 150w, https:\/\/maybommini.vn\/wp-content\/uploads\/2018\/04\/day-dien-noi-com-dien-600x600.jpg 600w\" sizes=\"(max-width: 750px) 100vw, 750px\" \/><\/a>TH\u00d4NG S\u1ed0 K\u1ef8 THU\u1eacT<\/strong><br \/>\nModel: IEC-320-C13<br \/>\n\u0110\u1ea7u ra chu\u1ea9n: IEC 320 C13<br \/>\n\u0110\u1eb7c \u0111i\u1ec3m: H\u00e0ng m\u1edbi 100%<br \/>\nCh\u1ea5t l\u01b0\u1ee3ng cao.<br \/>\nPh\u00edch c\u1eafm ti\u00eau chu\u1ea9n EU<br \/>\nM\u00e0u s\u1eafc: \u0110en<br \/>\nCh\u1ea5t li\u1ec7u: \u0110\u1ed3ng &#8211; Nh\u1ef1a PVC<br \/>\nCh\u1ecbu t\u1ea3i: 1000W<br \/>\n\u0110\u1ecbnh m\u1ee9c c\u00f4ng su\u1ea5t: 110~250VAC 10~15A<br \/>\nChi\u1ec1u d\u00e0i c\u00e1p: 120cm<br \/>\n*** Gi\u00e1 tr\u00ean l\u00e0 1 s\u1ee3<br \/>\n<a href=\"https:\/\/maybommini.com\/wp-content\/uploads\/2018\/04\/ban-day-nguon-pc-adapter-noi-com-dien.jpg\" target=\"_blank\" rel=\"noopener\"><img decoding=\"async\" class=\"size-full wp-image-271598 aligncenter\" src=\"https:\/\/maybommini.com\/wp-content\/uploads\/2018\/04\/ban-day-nguon-pc-adapter-noi-com-dien.jpg\" alt=\"Ban Day Nguon Pc Adapter Noi Com Dien\" width=\"750\" height=\"750\" srcset=\"https:\/\/maybommini.vn\/wp-content\/uploads\/2018\/04\/ban-day-nguon-pc-adapter-noi-com-dien.jpg 750w, https:\/\/maybommini.vn\/wp-content\/uploads\/2018\/04\/ban-day-nguon-pc-adapter-noi-com-dien-300x300.jpg 300w, https:\/\/maybommini.vn\/wp-content\/uploads\/2018\/04\/ban-day-nguon-pc-adapter-noi-com-dien-150x150.jpg 150w, https:\/\/maybommini.vn\/wp-content\/uploads\/2018\/04\/ban-day-nguon-pc-adapter-noi-com-dien-600x600.jpg 600w\" sizes=\"(max-width: 750px) 100vw, 750px\" \/><\/a><a href=\"https:\/\/maybommini.com\/wp-content\/uploads\/2018\/04\/day-nguon-pc-chat-luong-cao.jpg\" target=\"_blank\" rel=\"noopener\"><img decoding=\"async\" class=\"size-full wp-image-271597 aligncenter\" src=\"https:\/\/maybommini.com\/wp-content\/uploads\/2018\/04\/day-nguon-pc-chat-luong-cao.jpg\" alt=\"Day Nguon Pc Chat Luong Cao\" width=\"750\" height=\"750\" srcset=\"https:\/\/maybommini.vn\/wp-content\/uploads\/2018\/04\/day-nguon-pc-chat-luong-cao.jpg 750w, https:\/\/maybommini.vn\/wp-content\/uploads\/2018\/04\/day-nguon-pc-chat-luong-cao-300x300.jpg 300w, https:\/\/maybommini.vn\/wp-content\/uploads\/2018\/04\/day-nguon-pc-chat-luong-cao-150x150.jpg 150w, https:\/\/maybommini.vn\/wp-content\/uploads\/2018\/04\/day-nguon-pc-chat-luong-cao-600x600.jpg 600w\" sizes=\"(max-width: 750px) 100vw, 750px\" \/><\/a><a href=\"https:\/\/maybommini.com\/wp-content\/uploads\/2018\/04\/day-nguon-pc-2.jpg\" target=\"_blank\" rel=\"noopener\"><img decoding=\"async\" class=\"size-full wp-image-271596 aligncenter\" src=\"https:\/\/maybommini.com\/wp-content\/uploads\/2018\/04\/day-nguon-pc-2.jpg\" alt=\"Day Nguon Pc\" width=\"750\" height=\"750\" srcset=\"https:\/\/maybommini.vn\/wp-content\/uploads\/2018\/04\/day-nguon-pc-2.jpg 750w, https:\/\/maybommini.vn\/wp-content\/uploads\/2018\/04\/day-nguon-pc-2-300x300.jpg 300w, https:\/\/maybommini.vn\/wp-content\/uploads\/2018\/04\/day-nguon-pc-2-150x150.jpg 150w, https:\/\/maybommini.vn\/wp-content\/uploads\/2018\/04\/day-nguon-pc-2-600x600.jpg 600w\" sizes=\"(max-width: 750px) 100vw, 750px\" \/><\/a><a href=\"https:\/\/maybommini.com\/wp-content\/uploads\/2018\/04\/day-nguon-adapter.jpg\" target=\"_blank\" rel=\"noopener\"><img decoding=\"async\" class=\"size-full wp-image-271595 aligncenter\" src=\"https:\/\/maybommini.com\/wp-content\/uploads\/2018\/04\/day-nguon-adapter.jpg\" alt=\"Day Nguon Adapter\" width=\"750\" height=\"750\" srcset=\"https:\/\/maybommini.vn\/wp-content\/uploads\/2018\/04\/day-nguon-adapter.jpg 750w, https:\/\/maybommini.vn\/wp-content\/uploads\/2018\/04\/day-nguon-adapter-300x300.jpg 300w, https:\/\/maybommini.vn\/wp-content\/uploads\/2018\/04\/day-nguon-adapter-150x150.jpg 150w, https:\/\/maybommini.vn\/wp-content\/uploads\/2018\/04\/day-nguon-adapter-600x600.jpg 600w\" sizes=\"(max-width: 750px) 100vw, 750px\" \/><\/a><\/p>\n<p><strong>CHUY\u00caN CUNG C\u1ea4P ADAPTER \u2013 BI\u1ebeN TH\u1ebe \u2013 NGU\u1ed2N T\u1ed4 ONG \u2013 BI\u1ebeN TH\u1ebe T\u0102NG PH\u00d4<\/strong><br \/>\nCh\u00fang t\u00f4i nh\u00e0 cung c\u1ea5p ph\u00e2n ph\u1ed1i to\u00e0n qu\u1ed1c c\u00e1c lo\u1ea1i adapter, ngu\u1ed3n \u0111i\u1ec7n, adaptor, ngu\u1ed3n t\u1ed5 ong, ngu\u1ed3n t\u0103ng ph\u00f4 v\u1edbi gi\u00e1 h\u1ee3p l\u00fd v\u00e0 b\u1ea3o h\u00e0nh ch\u00ednh h\u00e3ng.<br \/>\n<strong>CTY TNHH TH\u01af\u01a0NG M\u1ea0I D\u1ecaCH V\u1ee4 \u0110I\u1ec6N M\u00c1Y TH\u00d4NG MINH<br \/>\nWebsite:\u00a0<a href=\"https:\/\/maybommini.com\/\" target=\"_blank\" rel=\"noopener\">https:\/\/maybommini.com<\/a><br \/>\nEmail: Maybommini.com@gmail.com<br \/>\nT\u01af V\u1ea4N K\u1ef8 THU\u1eacT \u2013 MUA H\u00c0NG<br \/>\nTel\/ Zalo: 0908997823 \u2013 0908997872<br \/>\nT\u01b0 v\u1ea5n mua h\u00e0ng: 0907294310 \u2013 02873030399<\/strong><\/p>\n<h3><a class=\"swipebox\" title=\"\" href=\"https:\/\/maybommini.com\/wp-content\/uploads\/2022\/07\/thong-tin-lien-he-may-bom-mini.jpg\" data-rel=\"lightbox-image-bGlnaHRib3gtaW1hZ2UtYkdsbmFIUmliM2d0YVcxaFoyVXRZa2RzYm1GSVVtbGlNMmQwWVZjeGFGb3lWWFJaYTJSelltMUdTVlZ0YkdsTk1tUXdXVlpqZUdGR2IzbFdXRkphWVRKU2VsbHRNVWRUVmxaMFlrZHNUazF0VVhkWFZscHFaVWRHUjJJemJGZFhSa3BQVm10V1ZrOVJQVDA9\" data-rl_title=\"\" data-rl_caption=\"\" data-rl_ target=\"_blank\" rel=\"noopener\"><img decoding=\"async\" class=\"size-full wp-image-270584 lazyloaded aligncenter\" src=\"https:\/\/maybommini.com\/wp-content\/uploads\/2022\/07\/thong-tin-lien-he-may-bom-mini.jpg\" sizes=\"(max-width: 750px) 100vw, 750px\" srcset=\"https:\/\/maybommini.com\/wp-content\/uploads\/2022\/07\/thong-tin-lien-he-may-bom-mini.jpg 750w, https:\/\/maybommini.com\/wp-content\/uploads\/2022\/07\/thong-tin-lien-he-may-bom-mini-300x202.jpg 300w, https:\/\/maybommini.com\/wp-content\/uploads\/2022\/07\/thong-tin-lien-he-may-bom-mini-600x405.jpg 600w\" alt=\"Thong Tin Lien He May Bom Mini\" width=\"750\" height=\"506\" data-lazy-srcset=\"https:\/\/maybommini.com\/wp-content\/uploads\/2022\/07\/thong-tin-lien-he-may-bom-mini.jpg 750w, https:\/\/maybommini.com\/wp-content\/uploads\/2022\/07\/thong-tin-lien-he-may-bom-mini-300x202.jpg 300w, https:\/\/maybommini.com\/wp-content\/uploads\/2022\/07\/thong-tin-lien-he-may-bom-mini-600x405.jpg 600w\" data-lazy-sizes=\"(max-width: 750px) 100vw, 750px\" data-lazy-src=\"https:\/\/maybommini.com\/wp-content\/uploads\/2022\/07\/thong-tin-lien-he-may-bom-mini.jpg\" data-was-processed=\"true\" \/><\/a><\/h3>\n<p>&nbsp;<\/p>\n<p>&nbsp;<\/p>\n<p>&nbsp;<\/p>\n<p><strong>D\u00e2y ngu\u1ed3n \u0111i\u1ec7n PC Adapter\u00a0\u0111\u00e2y l\u00e0 lo\u1ea1i d\u00e2y ngu\u1ed3n\u00a0\u0111\u01b0\u1ee3c d\u00f9ng ph\u1ed5 bi\u1ebfn trong cu\u1ed9c s\u1ed1ng gia\u00a0\u0111\u00ecnh th\u01b0\u1eddng hay d\u00f9ng cho c\u00e1c thi\u1ebft b\u1ecb nh\u01b0 Adapter, m\u00e1y vi t\u00ednh, n\u1ed3i c\u01a1m\u00a0\u0111i\u1ec7n, tivi v\u00e0 c\u00e1c thi\u1ebft b\u1ecb\u00a0\u0111i\u1ec7n kh\u00e1c.<\/strong><\/p>\n<p><img decoding=\"async\" class=\"size-full wp-image-248501 aligncenter\" src=\"https:\/\/maybommini.com\/wp-content\/uploads\/2017\/03\/day-nguon-adapter-12v.jpg\" alt=\"Day Nguon Adapter 12v\" width=\"750\" height=\"750\" srcset=\"https:\/\/maybommini.vn\/wp-content\/uploads\/2017\/03\/day-nguon-adapter-12v.jpg 750w, https:\/\/maybommini.vn\/wp-content\/uploads\/2017\/03\/day-nguon-adapter-12v-300x300.jpg 300w, https:\/\/maybommini.vn\/wp-content\/uploads\/2017\/03\/day-nguon-adapter-12v-600x600.jpg 600w, https:\/\/maybommini.vn\/wp-content\/uploads\/2017\/03\/day-nguon-adapter-12v-150x150.jpg 150w\" sizes=\"(max-width: 750px) 100vw, 750px\" \/><\/p>\n<p><strong>TH\u00d4NG S\u1ed0 K\u1ef8 THU\u1eacT<\/strong><br \/>\nModel : D\u00e2y ngu\u1ed3n PC<br \/>\n\u0110i\u1ec7n th\u1ebf : 110V 220V<br \/>\nChi\u1ec7u t\u1ea3i : 10A<br \/>\nCh\u1ea5t li\u1ec7u:\u00a0\u0110\u1ed3ng &#8211; nh\u1ef1a<br \/>\nNh\u1ef1a c\u00e1ch\u00a0\u0111i\u1ec7n ch\u1ecbu nhi\u1ec7t cao.<br \/>\n\u0110\u1ea7u c\u1ea5m chu\u1ea7n : F &#8211; Ch\u00e2u\u00a0\u00c2u (2 ch\u1ea5u)<br \/>\nT\u01b0\u01a1ng th\u00edch nhi\u1ec1u\u00a0\u1ed5 c\u1ea5m\u00a0\u0111i\u1ec7n tr\u00ean th\u1ecb tr\u01b0\u1eddng.<br \/>\nChi\u1ec1u d\u00e0i: 1.5 m\u00e9t<br \/>\nTr\u1ecdng l\u01b0\u1ee3ng: 200g<br \/>\n<img decoding=\"async\" class=\"size-full wp-image-248502 aligncenter\" src=\"https:\/\/maybommini.com\/wp-content\/uploads\/2017\/03\/day-nguon-may-tinh-adapter.jpg\" alt=\"Day Nguon May Tinh Adapter\" width=\"750\" height=\"750\" srcset=\"https:\/\/maybommini.vn\/wp-content\/uploads\/2017\/03\/day-nguon-may-tinh-adapter.jpg 750w, https:\/\/maybommini.vn\/wp-content\/uploads\/2017\/03\/day-nguon-may-tinh-adapter-300x300.jpg 300w, https:\/\/maybommini.vn\/wp-content\/uploads\/2017\/03\/day-nguon-may-tinh-adapter-600x600.jpg 600w, https:\/\/maybommini.vn\/wp-content\/uploads\/2017\/03\/day-nguon-may-tinh-adapter-150x150.jpg 150w\" sizes=\"(max-width: 750px) 100vw, 750px\" \/><strong>\u1ee8NG D\u1ee4NG D\u00c2Y NGU\u1ed2N\u00a0\u0110I\u1ec6N PC<\/strong><br \/>\n&#8211; D\u00f9ng cho m\u00e1y vi t\u00ednh v\u00e0 m\u00e0n h\u00ecnh.<br \/>\n&#8211; D\u00f9ng cho Tivi<br \/>\n&#8211; D\u00f9ng cho thi\u1ebft b\u1ecb\u00a0\u0111i\u1ec7n sinh ho\u1ea1t<br \/>\n&#8211; D\u00f9ng cho n\u1ed3i c\u01a1m\u00a0\u0111i\u1ec7n.<br \/>\n&#8211; D\u00f9ng cho ngu\u1ed3n Adapter 12V 24V.<br \/>\n&#8211; D\u00f9ng cho ngu\u1ed3n\u00a0\u0111i\u1ec7n m\u00e1y m\u00e1y b\u01a1m mini.<img decoding=\"async\" class=\"size-full wp-image-248503 aligncenter\" src=\"https:\/\/maybommini.com\/wp-content\/uploads\/2017\/03\/day-nguon-pc.jpg\" alt=\"Day Nguon Pc\" width=\"750\" height=\"750\" srcset=\"https:\/\/maybommini.vn\/wp-content\/uploads\/2017\/03\/day-nguon-pc.jpg 750w, https:\/\/maybommini.vn\/wp-content\/uploads\/2017\/03\/day-nguon-pc-300x300.jpg 300w, https:\/\/maybommini.vn\/wp-content\/uploads\/2017\/03\/day-nguon-pc-600x600.jpg 600w, https:\/\/maybommini.vn\/wp-content\/uploads\/2017\/03\/day-nguon-pc-150x150.jpg 150w\" sizes=\"(max-width: 750px) 100vw, 750px\" \/>Ch\u00fang t\u00f4i chuy\u00ean cung c\u1ea5p c\u00e1c thi\u1ec7t b\u1ecb, ngu\u1ed3n\u00a0\u0111i\u1ec7n, bi\u1ebfn th\u1ebf, Adapter 12V 24V,c\u00e1c lo\u1ea1i d\u00e2y \u0111i\u1ec7n ngu\u1ed3n tr\u00ean To\u00e0n Qu\u1ed1c.<\/p>\n<p><strong>MUA D\u00c2Y NGU\u1ed2N\u00a0\u0110I\u1ec6N PC\u00a0\u1ede\u00a0\u0110\u00c2U ?<\/strong><br \/>\n<strong>CTY TNHH TH\u01af\u01a0NG M\u1ea0I D\u1ecaCH V\u1ee4 \u0110I\u1ec6N M\u00c1Y TH\u00d4NG MINH<\/strong><br \/>\nHotline : 090 729 4310<br \/>\nEmail : maybommini.com@gmail.com<br \/>\nWebsite : http:\/\/maybommini.com<br \/>\nFacebook : <a href=\"https:\/\/www.facebook.com\/maybommini\" target=\"_blank\" rel=\"noopener\">https:\/\/www.facebook.com\/maybommini<\/a><br \/>\nGoogle : <a href=\"https:\/\/plus.google.com\/ Maybomnuocminiruaxe\" target=\"_blank\" rel=\"noopener\">https:\/\/plus.google.com\/ Maybomnuocminiruaxe<\/a><br \/>\nYoutube demo : <a href=\"https:\/\/www.youtube.com\/bahamasali\" target=\"_blank\" rel=\"noopener\">https:\/\/www.youtube.com\/bahamasali<\/a><\/p>\n<h3 style=\"text-align: center;\">D\u00e2y ngu\u1ed3n \u0111i\u1ec7n PC Adapter<\/h3>\n","protected":false},"excerpt":{"rendered":"<p>Model: IEC-320-C13<br \/>\n\u0110\u1ea7u ra chu\u1ea9n: IEC 320 C13<br \/>\nPh\u00edch c\u1eafm ti\u00eau chu\u1ea9n EU<br \/>\nCh\u1ea5t l\u01b0\u1ee3ng cao.<br \/>\nM\u00e0u s\u1eafc: \u0110en<br \/>\nCh\u1ea5t li\u1ec7u: \u0110\u1ed3ng &#8211; Nh\u1ef1a PVC<br \/>\nCh\u1ecbu t\u1ea3i: 1000W<br \/>\n\u0110\u1ecbnh m\u1ee9c c\u00f4ng su\u1ea5t: 110~250VAC 10~15A<br \/>\nChi\u1ec1u d\u00e0i c\u00e1p: 120cm<br \/>\n\u0110\u1eb7c \u0111i\u1ec3m: H\u00e0ng m\u1edbi 100%<br \/>\n*** Gi\u00e1 tr\u00ean l\u00e0 1 s\u1ee3<br \/>\nB\u1ea3o h\u00e0nh: 1 \u0111\u1ed5i 1 trong 7 ng\u00e0y \u0111\u1ea7u<br \/>\n<strong>Mua s\u1ed1 l\u01b0\u1ee3ng c\u00f3 gi\u00e1 t\u1ed1t<\/strong><\/p>\n","protected":false},"featured_media":271599,"comment_status":"open","ping_status":"closed","template":"","meta":[],"product_brand":[],"product_cat":[214,3800,3132],"product_tag":[295,1196,1197,1198,1199],"class_list":{"0":"post-256889","1":"product","2":"type-product","3":"status-publish","4":"has-post-thumbnail","6":"product_cat-phu-kien-bom-nuoc","7":"product_cat-day-dien","8":"product_cat-nguon-dien-bien-the-adapter","9":"product_tag-day-nguon","10":"product_tag-day-nguon-220v","11":"product_tag-day-nguon-adapter","12":"product_tag-day-nguon-pc","13":"product_tag-pc","15":"first","16":"instock","17":"sale","18":"shipping-taxable","19":"purchasable","20":"product-type-simple"},"_links":{"self":[{"href":"https:\/\/maybommini.vn\/index.php?rest_route=\/wp\/v2\/product\/256889","targetHints":{"allow":["GET"]}}],"collection":[{"href":"https:\/\/maybommini.vn\/index.php?rest_route=\/wp\/v2\/product"}],"about":[{"href":"https:\/\/maybommini.vn\/index.php?rest_route=\/wp\/v2\/types\/product"}],"replies":[{"embeddable":true,"href":"https:\/\/maybommini.vn\/index.php?rest_route=%2Fwp%2Fv2%2Fcomments&post=256889"}],"wp:featuredmedia":[{"embeddable":true,"href":"https:\/\/maybommini.vn\/index.php?rest_route=\/wp\/v2\/media\/271599"}],"wp:attachment":[{"href":"https:\/\/maybommini.vn\/index.php?rest_route=%2Fwp%2Fv2%2Fmedia&parent=256889"}],"wp:term":[{"taxonomy":"product_brand","embeddable":true,"href":"https:\/\/maybommini.vn\/index.php?rest_route=%2Fwp%2Fv2%2Fproduct_brand&post=256889"},{"taxonomy":"product_cat","embeddable":true,"href":"https:\/\/maybommini.vn\/index.php?rest_route=%2Fwp%2Fv2%2Fproduct_cat&post=256889"},{"taxonomy":"product_tag","embeddable":true,"href":"https:\/\/maybommini.vn\/index.php?rest_route=%2Fwp%2Fv2%2Fproduct_tag&post=256889"}],"curies":[{"name":"wp","href":"https:\/\/api.w.org\/{rel}","templated":true}]}}