{"id":256890,"date":"2018-04-12T19:39:38","date_gmt":"2018-04-12T12:39:38","guid":{"rendered":"https:\/\/maybommini.com\/san-pham\/import-placeholder-for-253136"},"modified":"2019-02-28T16:20:05","modified_gmt":"2019-02-28T09:20:05","slug":"may-bom-ap-luc-220v-160m-170m-propump","status":"publish","type":"product","link":"https:\/\/maybommini.vn\/?product=may-bom-ap-luc-220v-160m-170m-propump","title":{"rendered":"M\u00e1y b\u01a1m \u00e1p l\u1ef1c 220V 160M 170M PROPUMP"},"content":{"rendered":"<p><strong>M\u00e1y b\u01a1m \u00e1p l\u1ef1c 220V 160M 170M \u0111\u00e2y l\u00e0 lo\u1ea1i m\u00e1y c\u00f3 \u00e1p l\u1ef1c cao chuy\u00ean d\u1ee5ng x\u1ecbt r\u1eeda v\u1ec7 sinh xe, nh\u00e0 c\u1eeda, phun thu\u1ed1c s\u00e2u, b\u01a1m ho\u00e1 ch\u1ea5t r\u1ea5t t\u1ed1t.\u00a0M\u00e1y b\u01a1m \u00e1p l\u1ef1c 220V 160M 170M\u00a0\u0111\u01b0\u1ee3c s\u1ea3n xu\u1ea5t v\u1edbi c\u00f4ng ngh\u1ec7 b\u01a1m m\u00e0ng ti\u00ean ti\u1ebfn nh\u1ea5t, ho\u1ea1t\u00a0\u0111\u1ed9ng b\u1ec1n b\u1ec9 v\u00e0 ch\u1ed1ng\u00a0\u0103n m\u00f2n.<\/strong><\/p>\n<p><img decoding=\"async\" class=\"size-full wp-image-256007 aligncenter\" src=\"https:\/\/maybommini.com.vn\/wp-content\/uploads\/2018\/01\/may-bom-ap-luc-220v-170m.jpg\" alt=\"May Bom Ap Luc 220v 170m\" width=\"800\" height=\"800\" \/><\/p>\n<p><strong>TH\u00d4NG S\u1ed0 K\u1ef8 THU\u1eacT<\/strong><br \/>\nTh\u01b0\u01a1ng hi\u1ec7u: PROPUMP &#8211; SMARTPUMPS<br \/>\nModel: 160M 170M<br \/>\nLo\u1ea1i b\u01a1m m\u00e0ng cao c\u1ea5p<br \/>\n\u0110i\u1ec7n th\u1ebf: 220V<br \/>\n\u00c1p l\u1ef1c: 12kg t\u01b0\u01a1ng\u00a0\u0111\u01b0\u01a1ng 160 &#8211; 170 PSI<br \/>\nT\u1ef1 h\u00fat : cao 3 m\u00e9t<br \/>\n\u0110\u1ea9y xa: 110 m\u00e9t<br \/>\nTi\u1ebfng\u00a0\u1ed3n:\u00a0\u226438db<br \/>\nK\u00edch th\u01b0\u1edbc:\u00a0D\u00e0i 26cm &#8211; r\u1ed9ng 10cm &#8211; cao 10cm<br \/>\n\u0110\u01b0\u1eddng k\u00ednh c\u01a1 7.6CM<br \/>\nTr\u1ecdng l\u01b0\u1ee3ng: 2.69 Kg<br \/>\nT\u1ef1\u00a0\u0111\u1ed9ng t\u1eaft khi kho\u00e1 n\u01b0\u1edbc ra (c\u00f3 c\u00f4ng t\u1eaft\u00a0\u00e1p l\u1ef1c t\u1ef1\u00a0\u0111\u1ed9ng)<\/p>\n<p><img decoding=\"async\" class=\"size-full wp-image-256005 aligncenter\" src=\"https:\/\/maybommini.com.vn\/wp-content\/uploads\/2018\/01\/TB1k0gZaMr5ZeJjSZFqXXbfvVXa_0-item_pic.jpg\" alt=\"TB1k0gZaMr5ZeJjSZFqXXbfvVXa !!0 Item Pic\" width=\"800\" height=\"800\" \/> <img decoding=\"async\" class=\"size-full wp-image-256003 aligncenter\" src=\"https:\/\/maybommini.com.vn\/wp-content\/uploads\/2018\/01\/may-bom-propumps-220v.jpg\" alt=\"May Bom Propumps 220v\" width=\"800\" height=\"800\" \/> <img decoding=\"async\" class=\"size-full wp-image-256000 aligncenter\" src=\"https:\/\/maybommini.com.vn\/wp-content\/uploads\/2018\/01\/dau-bom-may-ap-luc-mini.jpg\" alt=\"Dau Bom May Ap Luc Mini\" width=\"800\" height=\"800\" \/> <img decoding=\"async\" class=\"size-full wp-image-255999 aligncenter\" src=\"https:\/\/maybommini.com.vn\/wp-content\/uploads\/2018\/01\/bom-nuoc-mini-ap-luc-170m.jpg\" alt=\"Bom Nuoc Mini Ap Luc 170m\" width=\"800\" height=\"800\" \/><\/p>\n<p><strong>\u1ee8NG D\u1ee4NG M\u00c1Y B\u01a0M\u00a0\u00c1P L\u1ef0C 220V 160M 170M PROPUMP<\/strong><br \/>\n&#8211; D\u00f9ng x\u1ecbt r\u1eeda xe m\u00e1y, xe o6to.<br \/>\n&#8211; D\u00f9ng v\u1ec7 sinh m\u00e1y l\u1ea1nh.<br \/>\n&#8211; D\u00f9ng phun x\u1ecbt thu\u1ed1c tr\u1eeba s\u00e2u.<br \/>\n&#8211; D\u00f9ng b\u01a1m ho\u00e1 ch\u1ea5t c\u00e1c lo\u1ea1i.<br \/>\n&#8211; Phun s\u01b0\u01a1ng t\u01b0\u1edbi Hoa Lan.<br \/>\n&#8211; B\u01a1m t\u01b0\u1edbi h\u1ec7 th\u1ed1ng thu\u1ef7 canh.<br \/>\n&#8211; H\u1ec7 th\u1ed1ng b\u01a1m t\u1ef1\u00a0\u0111\u1ed9ng.<br \/>\n&#8211; B\u01a1m tr\u1ee3 l\u1ef1c n\u01b0\u1edbc trong nh\u00e0.<br \/>\n&#8211; X\u1ecbt r\u1eeda x\u1ec7 sinh nh\u00e0 c\u1eeda, nh\u00e0 h\u00e0ng, b\u1ebfp &#8230;.<br \/>\n&#8211; B\u01a1m th\u1ef1c ph\u1ea9m, r\u01b0\u1ee3u, &#8230;.<\/p>\n<p><img decoding=\"async\" class=\"size-full wp-image-256008 aligncenter\" src=\"https:\/\/maybommini.com.vn\/wp-content\/uploads\/2018\/01\/may-bom-ap-luc-mini-220v-2.jpg\" alt=\"May Bom Ap Luc Mini 220v\" width=\"800\" height=\"800\" \/><\/p>\n<p><strong>MUA M\u00c1Y B\u01a0M N\u01af\u1edaC MINI 220V 160M 170M \u1ede \u0110\u00c2U ?<\/strong><\/p>\n<p>M\u1ecdi chi ti\u1ebft vui l\u00f2ng li\u00ean h\u1ec7 tr\u1ef1c ti\u1ebfp cho ch\u00fang t\u00f4i \u0111\u1ec3 \u0111\u01b0\u1ee3c t\u01b0 v\u1ea5n theo nhu c\u1ea7u \u0111\u1ec3 c\u00f3 \u0111\u01b0\u1ee3c b\u1ed9 s\u1ea3n ph\u1ea9m t\u1ed1t nh\u1ea5t v\u00e0 ti\u1ebft ki\u1ec7m. B\u1ea1n \u1edf xa v\u1eabn c\u00f3 th\u1ec3 mua h\u00e0ng v\u00e0 giao h\u00e0ng thanh to\u00e1n ti\u1ec1n t\u1ea1i nh\u00e0.<\/p>\n<p><strong>CTY TNHH TH\u01af\u01a0NG M\u1ea0I D\u1ecaCH V\u1ee4 \u0110I\u1ec6N M\u00c1Y TH\u00d4NG MINH<\/strong><br \/>\nHotline : 090 729 4310<br \/>\nEmail : maybommini.com@gmail.com<br \/>\nWebsite : http:\/\/maybommini.com<br \/>\nFacebook : <a href=\"https:\/\/www.facebook.com\/maybommini\" target=\"_blank\" rel=\"noopener\">https:\/\/www.facebook.com\/maybommini<\/a><br \/>\nGoogle   : <a href=\"https:\/\/plus.google.com\/ Maybomnuocminiruaxe\" target=\"_blank\" rel=\"noopener\">https:\/\/plus.google.com\/ Maybomnuocminiruaxe<\/a><br \/>\nYoutube demo : <a href=\"https:\/\/www.youtube.com\/bahamasali\" target=\"_blank\" rel=\"noopener\">https:\/\/www.youtube.com\/bahamasali<\/a><\/p>\n<h3 style=\"text-align: center;\">M\u00e1y b\u01a1m \u00e1p l\u1ef1c 220V 160M 170M PROPUMP<\/h3>\n","protected":false},"excerpt":{"rendered":"<p>Th\u01b0\u01a1ng hi\u1ec7u: PROPUMP<br \/>\nModel: 160M 170M<br \/>\nLo\u1ea1i b\u01a1m m\u00e0ng cao c\u1ea5p<br \/>\n\u0110i\u1ec7n th\u1ebf: 220V<br \/>\n\u00c1p l\u1ef1c: 12kg t\u01b0\u01a1ng\u00a0\u0111\u01b0\u01a1ng 160 &#8211; 170 PSI<br \/>\nT\u1ef1 h\u00fat : cao 3 m\u00e9t<br \/>\n\u0110\u1ea9y xa: 110 m\u00e9t<br \/>\nTi\u1ebfng\u00a0\u1ed3n:\u00a0\u226438db<br \/>\nK\u00edch th\u01b0\u1edbc:\u00a0D\u00e0i 26cm &#8211; r\u1ed9ng 10cm &#8211; cao 10cm<br \/>\n\u0110\u01b0\u1eddng k\u00ednh c\u01a1 7.6CM<br \/>\nTr\u1ecdng l\u01b0\u1ee3ng: 2.69 Kg<br \/>\nT\u1ef1\u00a0\u0111\u1ed9ng t\u1eaft khi kho\u00e1 n\u01b0\u1edbc ra (c\u00f3 c\u00f4ng t\u1eaft\u00a0\u00e1p l\u1ef1c t\u1ef1\u00a0\u0111\u1ed9ng)<br \/>\nB\u1ea3o h\u00e0nh: 6 th\u00e1ng ch\u00ednh h\u00e3ng<\/p>\n","protected":false},"featured_media":257012,"comment_status":"open","ping_status":"closed","template":"","meta":[],"product_brand":[],"product_cat":[508,509],"product_tag":[500,372,285,213,235,203,630,275,1200,278,443],"class_list":{"0":"post-256890","1":"product","2":"type-product","3":"status-publish","4":"has-post-thumbnail","6":"product_cat-may-bom-ap-luc-220v","7":"product_cat-may-bom-nuoc-mini-220v","8":"product_tag-220v","9":"product_tag-ap-luc-cao","10":"product_tag-bom-ap-luc","11":"product_tag-bom-ap-luc-mini","12":"product_tag-bom-nuoc-mini","13":"product_tag-may-bom","14":"product_tag-may-bom-220v","15":"product_tag-mini","16":"product_tag-propump","17":"product_tag-propumps","18":"product_tag-rua-xe-mini","20":"first","21":"instock","22":"shipping-taxable","23":"product-type-simple"},"_links":{"self":[{"href":"https:\/\/maybommini.vn\/index.php?rest_route=\/wp\/v2\/product\/256890","targetHints":{"allow":["GET"]}}],"collection":[{"href":"https:\/\/maybommini.vn\/index.php?rest_route=\/wp\/v2\/product"}],"about":[{"href":"https:\/\/maybommini.vn\/index.php?rest_route=\/wp\/v2\/types\/product"}],"replies":[{"embeddable":true,"href":"https:\/\/maybommini.vn\/index.php?rest_route=%2Fwp%2Fv2%2Fcomments&post=256890"}],"wp:featuredmedia":[{"embeddable":true,"href":"https:\/\/maybommini.vn\/index.php?rest_route=\/wp\/v2\/media\/257012"}],"wp:attachment":[{"href":"https:\/\/maybommini.vn\/index.php?rest_route=%2Fwp%2Fv2%2Fmedia&parent=256890"}],"wp:term":[{"taxonomy":"product_brand","embeddable":true,"href":"https:\/\/maybommini.vn\/index.php?rest_route=%2Fwp%2Fv2%2Fproduct_brand&post=256890"},{"taxonomy":"product_cat","embeddable":true,"href":"https:\/\/maybommini.vn\/index.php?rest_route=%2Fwp%2Fv2%2Fproduct_cat&post=256890"},{"taxonomy":"product_tag","embeddable":true,"href":"https:\/\/maybommini.vn\/index.php?rest_route=%2Fwp%2Fv2%2Fproduct_tag&post=256890"}],"curies":[{"name":"wp","href":"https:\/\/api.w.org\/{rel}","templated":true}]}}