{"id":256920,"date":"2018-04-12T19:40:01","date_gmt":"2018-04-12T12:40:01","guid":{"rendered":"https:\/\/maybommini.com\/san-pham\/import-placeholder-for-253158"},"modified":"2018-05-20T19:41:03","modified_gmt":"2018-05-20T12:41:03","slug":"dau-phun-thuoc-tru-sau-1-bec-inox","status":"publish","type":"product","link":"https:\/\/maybommini.vn\/?product=dau-phun-thuoc-tru-sau-1-bec-inox","title":{"rendered":"\u0110\u1ea7u phun thu\u1ed1c tr\u1eeb s\u00e2u 1 b\u00e9c inox"},"content":{"rendered":"<p><strong>\u0110\u1ea7u\u00a0x\u1ecbt b\u00e9c phun thu\u1ed1c tr\u1eeb s\u00e2u 1 b\u00e9c ch\u1ed1ng r\u1ec9 s\u00e9t inox s\u1eed d\u1ee5ng t\u1ed1t \u0111\u1ec3 phun x\u1ecbt thu\u1ed1c tr\u1eeb s\u00e2u, t\u01b0\u1edbi c\u00e2y, phun x\u1ecbt t\u01b0\u1edbi lan, hoa. D\u00f9ng t\u1ed1t v\u1edbi c\u00e1c lo\u1ea1i m\u00e1y b\u01a1m \u00e1p l\u1ef1c mini 12v 24v \u0111\u1ec3 phun x\u1ecbt v\u00e0 b\u00ecnh x\u1ecbt tay. Ho\u1eb7c c\u00f3 th\u1ec3 d\u00f9ng cho c\u00e1c m\u00e1y phun thu\u1ed1c \u00e1p l\u1ef1c cao c\u00f4ng su\u1ea5t l\u1edbn r\u1ea5t t\u1ed1t. Gi\u00e1 t\u1ed1t giao h\u00e0ng to\u00e0n qu\u1ed1c ch\u1ea5t l\u01b0\u1ee3ng cao c\u1ea5p.<\/strong><\/p>\n<p><a href=\"https:\/\/maybommini.com\/wp-content\/uploads\/2018\/04\/ong-phun-thuoc-tru-sau-1-lo-cao-cap-inox.jpg\" target=\"_blank\" rel=\"noopener\"><img decoding=\"async\" class=\"size-full wp-image-258589 aligncenter\" src=\"https:\/\/maybommini.com\/wp-content\/uploads\/2018\/04\/ong-phun-thuoc-tru-sau-1-lo-cao-cap-inox.jpg\" alt=\"Ong Phun Thuoc Tru Sau 1 Lo Cao Cap Inox\" width=\"820\" height=\"820\" srcset=\"https:\/\/maybommini.vn\/wp-content\/uploads\/2018\/04\/ong-phun-thuoc-tru-sau-1-lo-cao-cap-inox.jpg 820w, https:\/\/maybommini.vn\/wp-content\/uploads\/2018\/04\/ong-phun-thuoc-tru-sau-1-lo-cao-cap-inox-300x300.jpg 300w, https:\/\/maybommini.vn\/wp-content\/uploads\/2018\/04\/ong-phun-thuoc-tru-sau-1-lo-cao-cap-inox-150x150.jpg 150w, https:\/\/maybommini.vn\/wp-content\/uploads\/2018\/04\/ong-phun-thuoc-tru-sau-1-lo-cao-cap-inox-600x600.jpg 600w\" sizes=\"(max-width: 820px) 100vw, 820px\" \/><\/a><\/p>\n<p><strong>TH\u00d4NG S\u1ed0 K\u1ef8 THU\u1eacT<\/strong><br \/>\nCh\u1ea5t li\u1ec7u: Inox<br \/>\nL\u1ed5 phun: 1<br \/>\nRen trong: 13 mm<br \/>\n\u0110i\u1ec1u ch\u1ec9nh tia phun<br \/>\nLo\u1ea1i b\u00e9c: L\u1edbn<br \/>\nS\u1ea3n xu\u1ea5t: Taiwan<\/p>\n<p><a href=\"https:\/\/maybommini.com\/wp-content\/uploads\/2018\/04\/bec-phun-thuoc-sau-inox-1.jpg\" target=\"_blank\" rel=\"noopener\"><img decoding=\"async\" class=\"size-full wp-image-258588 aligncenter\" src=\"https:\/\/maybommini.com\/wp-content\/uploads\/2018\/04\/bec-phun-thuoc-sau-inox-1.jpg\" alt=\"Bec Phun Thuoc Sau Inox\" width=\"820\" height=\"820\" srcset=\"https:\/\/maybommini.vn\/wp-content\/uploads\/2018\/04\/bec-phun-thuoc-sau-inox-1.jpg 820w, https:\/\/maybommini.vn\/wp-content\/uploads\/2018\/04\/bec-phun-thuoc-sau-inox-1-300x300.jpg 300w, https:\/\/maybommini.vn\/wp-content\/uploads\/2018\/04\/bec-phun-thuoc-sau-inox-1-150x150.jpg 150w, https:\/\/maybommini.vn\/wp-content\/uploads\/2018\/04\/bec-phun-thuoc-sau-inox-1-600x600.jpg 600w, https:\/\/maybommini.vn\/wp-content\/uploads\/2018\/04\/bec-phun-thuoc-sau-inox-1-768x768.jpg 768w\" sizes=\"(max-width: 820px) 100vw, 820px\" \/><\/a><\/p>\n<p><strong>\u1ee8NG D\u1ee4NG B\u00c9C PHUN THU\u1ed0C TR\u1eea S\u00c2U 1 L\u1ed4<\/strong><br \/>\n&#8211; D\u00f9ng phun thu\u1ed1c tr\u1eeb s\u00e2u.<br \/>\n&#8211; D\u00f9ng phun h\u00f3a ch\u1ea5t.<br \/>\n&#8211; D\u00f9ng phun x\u1ecbt r\u1eeda \u00e1p l\u1ef1c.<br \/>\n&#8211; Phun thu\u1ed1c di\u1ec7t m\u1ed1i.<br \/>\n&#8211; S\u1eed d\u1ee5ng trong n\u00f4ng nghi\u1ec7p.<br \/>\n&#8211; S\u1eed d\u1ee5ng h\u1ec7 th\u1ed1ng phun l\u00e0m m\u00e1t.<br \/>\n&#8211; S\u1eed d\u1ee5ng phun h\u1ec7 th\u1ed1ng c\u00f4ng nghi\u1ec7p.<br \/>\n&#8211; D\u00f9ng t\u01b0\u1edbi c\u00e2y.<br \/>\n&#8211; D\u00f9ng t\u01b0\u1edbi Lan &#8230;<\/p>\n<p><a href=\"https:\/\/maybommini.com\/wp-content\/uploads\/2018\/04\/ong-phun-thuoc-tru-sau-1-lo-cao-cap-inox.jpg\" target=\"_blank\" rel=\"noopener\"><img decoding=\"async\" class=\"size-full wp-image-258589 aligncenter\" src=\"https:\/\/maybommini.com\/wp-content\/uploads\/2018\/04\/ong-phun-thuoc-tru-sau-1-lo-cao-cap-inox.jpg\" alt=\"Ong Phun Thuoc Tru Sau 1 Lo Cao Cap Inox\" width=\"820\" height=\"820\" srcset=\"https:\/\/maybommini.vn\/wp-content\/uploads\/2018\/04\/ong-phun-thuoc-tru-sau-1-lo-cao-cap-inox.jpg 820w, https:\/\/maybommini.vn\/wp-content\/uploads\/2018\/04\/ong-phun-thuoc-tru-sau-1-lo-cao-cap-inox-300x300.jpg 300w, https:\/\/maybommini.vn\/wp-content\/uploads\/2018\/04\/ong-phun-thuoc-tru-sau-1-lo-cao-cap-inox-150x150.jpg 150w, https:\/\/maybommini.vn\/wp-content\/uploads\/2018\/04\/ong-phun-thuoc-tru-sau-1-lo-cao-cap-inox-600x600.jpg 600w\" sizes=\"(max-width: 820px) 100vw, 820px\" \/><\/a><br \/>\nC\u00f3 th\u1ec3 d\u00f9ng k\u1ebft h\u1ee3p v\u1edbi <a href=\"\\&quot;https:\/\/maybommini.com\/san-pham\/can-phun-xit-thuoc-tru-sau\\&quot;\" target=\"\\&quot;_blank\\&quot;\" rel=\"\\&quot;noopener\\&quot;\">B\u1ed9 c\u1ea7n phun thu\u1ed1c tr\u1eeb s\u1ea7u<\/a>.<br \/>\nCh\u00fang t\u00f4i chuy\u00ean cung c\u1ea5p v\u00e0 ph\u00e2n ph\u1ed1i c\u00e1c thi\u1ebft b\u1ecb phun thu\u1ed1c tr\u1eeb s\u00e2u trong n\u00f4ng nghi\u1ec7p v\u00e0 h\u1ec7 th\u1ed1ng phun c\u00f4ng nghi\u1ec7p h\u00f3a ch\u1ea5t l\u00e0m m\u00e1t. C\u00e1c thi\u1ec7t b\u1ecb \u0111\u01b0\u1ee3c nh\u1eadp kh\u1ea9u v\u00e0 b\u1ea3o h\u00e0nh ch\u00ednh h\u00e3ng t\u1ea1i Vi\u1ec7t Nam c\u00f3 gi\u00e1 t\u1ed1t nh\u1ea5t.<\/p>\n<p><strong>B\u00c9C PHUN THU\u1ed0C TR\u1eea S\u00c2U<\/strong><\/p>\n<p><a href=\"https:\/\/maybommini.com\/wp-content\/uploads\/2018\/04\/can-xit-thuoc-tru-sau-1.jpg\" target=\"_blank\" rel=\"noopener\"><img decoding=\"async\" class=\"size-full wp-image-258584 aligncenter\" src=\"https:\/\/maybommini.com\/wp-content\/uploads\/2018\/04\/can-xit-thuoc-tru-sau-1.jpg\" alt=\"Can Xit Thuoc Tru Sau\" width=\"820\" height=\"820\" srcset=\"https:\/\/maybommini.vn\/wp-content\/uploads\/2018\/04\/can-xit-thuoc-tru-sau-1.jpg 820w, https:\/\/maybommini.vn\/wp-content\/uploads\/2018\/04\/can-xit-thuoc-tru-sau-1-300x300.jpg 300w, https:\/\/maybommini.vn\/wp-content\/uploads\/2018\/04\/can-xit-thuoc-tru-sau-1-150x150.jpg 150w, https:\/\/maybommini.vn\/wp-content\/uploads\/2018\/04\/can-xit-thuoc-tru-sau-1-600x600.jpg 600w\" sizes=\"(max-width: 820px) 100vw, 820px\" \/><\/a><\/p>\n<p><strong>CTY TNHH TH\u01af\u01a0NG M\u1ea0I D\u1ecaCH V\u1ee4 \u0110I\u1ec6N M\u00c1Y TH\u00d4NG MINH<\/strong><br \/>\nHotline : 090 729 4310<br \/>\nEmail : maybommini.com@gmail.com<br \/>\nWebsite : http:\/\/maybommini.com<br \/>\nFacebook : <a href=\"\\&quot;https:\/\/www.facebook.com\/maybommini\\&quot;\" target=\"\\&quot;_blank\\&quot;\" rel=\"\\&quot;noopener\\&quot;\">https:\/\/www.facebook.com\/maybommini<\/a><br \/>\nGoogle : <a href=\"\\&quot;https:\/\/plus.google.com\/\" target=\"\\&quot;_blank\\&quot;\" rel=\"\\&quot;noopener\\&quot;\">https:\/\/plus.google.com\/ Maybomnuocminiruaxe<\/a><br \/>\nYoutube demo : <a href=\"\\&quot;https:\/\/www.youtube.com\/bahamasali\\&quot;\" target=\"\\&quot;_blank\\&quot;\" rel=\"\\&quot;noopener\\&quot;\">https:\/\/www.youtube.com\/bahamasali<\/a><\/p>\n<h3 style=\"text-align: center;\">\u0110\u1ea7u b\u00e9c phun thu\u1ed1c tr\u1eeb s\u00e2u 1 b\u00e9c inox<\/h3>\n","protected":false},"excerpt":{"rendered":"<p>Ch\u1ea5t li\u1ec7u: Inox<br \/>\nL\u1ed5 phun: 1<br \/>\nRen trong: 13 mm<br \/>\n\u0110i\u1ec1u ch\u1ec9nh tia phun<br \/>\nLo\u1ea1i b\u00e9c: L\u1edbn<br \/>\nS\u1ea3n xu\u1ea5t: Taiwan<\/p>\n","protected":false},"featured_media":258589,"comment_status":"open","ping_status":"closed","template":"","meta":[],"product_brand":[],"product_cat":[912],"product_tag":[267,232,919,1194,1195,920,1188,1189,498,914,330,915,331,207,916,917,363,918,332,333],"class_list":{"0":"post-256920","1":"product","2":"type-product","3":"status-publish","4":"has-post-thumbnail","6":"product_cat-bec-phun-thuoc-tuoi-cay","7":"product_tag-12v","8":"product_tag-bec","9":"product_tag-bec-1-lo","10":"product_tag-bec-3-lo","11":"product_tag-bec-phun-thuoc-3-lo","12":"product_tag-bec-tru-sau","13":"product_tag-bec-tuoi-cay","14":"product_tag-bec-tuoi-lan","15":"product_tag-bec-xit","16":"product_tag-bec-xit-thuoc","17":"product_tag-can","18":"product_tag-can-phun-thuoc","19":"product_tag-can-phun-xit-thuoc-tru-sau","20":"product_tag-may-bom-ap-luc","21":"product_tag-phun","22":"product_tag-phun-hoa-chat","23":"product_tag-phun-thuoc-tru-sau","24":"product_tag-thuoc-tru-sau","25":"product_tag-tru-sau","26":"product_tag-xit-thuoc","28":"first","29":"instock","30":"sale","31":"shipping-taxable","32":"purchasable","33":"product-type-simple"},"_links":{"self":[{"href":"https:\/\/maybommini.vn\/index.php?rest_route=\/wp\/v2\/product\/256920","targetHints":{"allow":["GET"]}}],"collection":[{"href":"https:\/\/maybommini.vn\/index.php?rest_route=\/wp\/v2\/product"}],"about":[{"href":"https:\/\/maybommini.vn\/index.php?rest_route=\/wp\/v2\/types\/product"}],"replies":[{"embeddable":true,"href":"https:\/\/maybommini.vn\/index.php?rest_route=%2Fwp%2Fv2%2Fcomments&post=256920"}],"wp:featuredmedia":[{"embeddable":true,"href":"https:\/\/maybommini.vn\/index.php?rest_route=\/wp\/v2\/media\/258589"}],"wp:attachment":[{"href":"https:\/\/maybommini.vn\/index.php?rest_route=%2Fwp%2Fv2%2Fmedia&parent=256920"}],"wp:term":[{"taxonomy":"product_brand","embeddable":true,"href":"https:\/\/maybommini.vn\/index.php?rest_route=%2Fwp%2Fv2%2Fproduct_brand&post=256920"},{"taxonomy":"product_cat","embeddable":true,"href":"https:\/\/maybommini.vn\/index.php?rest_route=%2Fwp%2Fv2%2Fproduct_cat&post=256920"},{"taxonomy":"product_tag","embeddable":true,"href":"https:\/\/maybommini.vn\/index.php?rest_route=%2Fwp%2Fv2%2Fproduct_tag&post=256920"}],"curies":[{"name":"wp","href":"https:\/\/api.w.org\/{rel}","templated":true}]}}