{"id":256925,"date":"2018-04-12T19:40:02","date_gmt":"2018-04-12T12:40:02","guid":{"rendered":"https:\/\/maybommini.com\/san-pham\/import-placeholder-for-253163"},"modified":"2018-09-18T15:28:10","modified_gmt":"2018-09-18T08:28:10","slug":"may-phun-suong-smartpumps-ps-25","status":"publish","type":"product","link":"https:\/\/maybommini.vn\/?product=may-phun-suong-smartpumps-ps-25","title":{"rendered":"Ma\u0301y phun s\u01b0\u01a1ng Smartpumps PS-25"},"content":{"rendered":"<p><strong>Ma\u0301y phun s\u01b0\u01a1ng Smartpumps PS-25 la\u0300 loa\u0323i ma\u0301y phun s\u01b0\u01a1ng ta\u0323o \u00e2\u0309m la\u0300m ma\u0301t va\u0300 t\u01b0\u01a1\u0301i c\u00e2y chuy\u00ean nghi\u00ea\u0323p. Ma\u0301y co\u0301 \u0111\u00e2\u0300y \u0111u\u0309 ca\u0301c ch\u01b0\u0301c n\u0103ng thu\u00e2\u0323n ti\u00ea\u0323n khi s\u01b0\u0309 du\u0323ng va\u0300 l\u0103\u0301p ra\u0301p d\u00ea\u0309 da\u0300ng va\u0300 \u0111\u00f4\u0323 b\u00ea\u0300n r\u00e2\u0301t cao cha\u0323y li\u00ean tu\u0323c 24\/24 kh\u00f4ng c\u00e2\u0300n nghi\u0309.<\/strong><\/p>\n<p><img decoding=\"async\" class=\"size-full wp-image-248559 aligncenter\" src=\"https:\/\/maybommini.com\/wp-content\/uploads\/2017\/03\/may-phun-suong.jpg\" alt=\"May Phun Suong\" width=\"750\" height=\"750\" srcset=\"https:\/\/maybommini.vn\/wp-content\/uploads\/2017\/03\/may-phun-suong.jpg 750w, https:\/\/maybommini.vn\/wp-content\/uploads\/2017\/03\/may-phun-suong-300x300.jpg 300w, https:\/\/maybommini.vn\/wp-content\/uploads\/2017\/03\/may-phun-suong-600x600.jpg 600w, https:\/\/maybommini.vn\/wp-content\/uploads\/2017\/03\/may-phun-suong-150x150.jpg 150w\" sizes=\"(max-width: 750px) 100vw, 750px\" \/><\/p>\n<p><strong>TH\u00d4NG S\u00d4\u0301 KY\u0303 THU\u00c2\u0323T<\/strong><br \/>\nModel: PS-25<br \/>\n\u0110i\u00ea\u0323n th\u00ea\u0301: 220V<br \/>\nC\u00f4ng su\u00e2\u0301t: 30W<br \/>\nBe\u0301c g\u0103\u0301n t\u00f4\u0301i \u0111a : 25 be\u0301c<br \/>\nBe\u0301c g\u0103\u0301n t\u00f4\u0301i thi\u00ea\u0309u: 5 be\u0301c<br \/>\nCo\u0301 \u0111\u00ea\u0300u chi\u0309nh a\u0301p l\u01b0\u0323c.<br \/>\nCo\u0301 qua\u0323t ta\u0309n nhi\u00ea\u0323t.<br \/>\nMa\u0301y b\u01a1m c\u00f4ng ngh\u00ea\u0323 USA.<br \/>\nBi\u00ea\u0301n th\u00ea\u0301 cao c\u00e2\u0301p.<br \/>\n\u0110\u00f4\u0300ng h\u00f4\u0300 \u0111o a\u0301p l\u01b0\u0323c.<br \/>\n\u00d4\u0301ng n\u01b0\u01a1\u0301c va\u0300o : 12mm<br \/>\n\u00d4\u0301ng n\u01b0\u01a1\u0301c ra: 8mm<br \/>\nC\u00f4ng t\u0103\u0301t : \u0111o\u0301ng m\u01a1\u0309 ma\u0301y<br \/>\nTro\u0323ng l\u01b0\u01a1\u0323ng: 3.4 Kg<\/p>\n<p><img decoding=\"async\" class=\"size-full wp-image-248560 aligncenter\" src=\"https:\/\/maybommini.com\/wp-content\/uploads\/2017\/03\/may-phun-suong-lam-mat-tuoi-cay.jpg\" alt=\"May Phun Suong Lam Mat Tuoi Cay\" width=\"750\" height=\"750\" srcset=\"https:\/\/maybommini.vn\/wp-content\/uploads\/2017\/03\/may-phun-suong-lam-mat-tuoi-cay.jpg 750w, https:\/\/maybommini.vn\/wp-content\/uploads\/2017\/03\/may-phun-suong-lam-mat-tuoi-cay-300x300.jpg 300w, https:\/\/maybommini.vn\/wp-content\/uploads\/2017\/03\/may-phun-suong-lam-mat-tuoi-cay-600x600.jpg 600w, https:\/\/maybommini.vn\/wp-content\/uploads\/2017\/03\/may-phun-suong-lam-mat-tuoi-cay-150x150.jpg 150w\" sizes=\"(max-width: 750px) 100vw, 750px\" \/><\/p>\n<p><img decoding=\"async\" class=\"size-full wp-image-248557 aligncenter\" src=\"https:\/\/maybommini.com\/wp-content\/uploads\/2017\/03\/he-thong-may-phun-suong.jpg\" alt=\"He Thong May Phun Suong\" width=\"750\" height=\"750\" srcset=\"https:\/\/maybommini.vn\/wp-content\/uploads\/2017\/03\/he-thong-may-phun-suong.jpg 750w, https:\/\/maybommini.vn\/wp-content\/uploads\/2017\/03\/he-thong-may-phun-suong-300x300.jpg 300w, https:\/\/maybommini.vn\/wp-content\/uploads\/2017\/03\/he-thong-may-phun-suong-600x600.jpg 600w, https:\/\/maybommini.vn\/wp-content\/uploads\/2017\/03\/he-thong-may-phun-suong-150x150.jpg 150w\" sizes=\"(max-width: 750px) 100vw, 750px\" \/><\/p>\n<p><strong>\u01af\u0301NG DU\u0323NG MA\u0301Y PHUN S\u01af\u01a0NG<\/strong><br \/>\n&#8211; Du\u0300ng phun s\u01b0\u01a1ng la\u0300m ma\u0301t qua\u0301n ca\u0300 ph\u00ea.<br \/>\n&#8211; Du\u0300ng la\u0300m ma\u0301t nha\u0300 ha\u0300ng va\u0300 qua\u0301n \u0103n.<br \/>\n&#8211; Du\u0300ng phun la\u0300m ma\u0301t gia \u0111i\u0300nh ngoa\u0300i tr\u01a1\u0300i ma\u0301i hi\u00ean.<br \/>\n&#8211; Du\u0300ng la\u0300m h\u00ea\u0323 th\u00f4\u0301ng t\u01b0\u01a1\u0301i t\u01b0\u0323 \u0111\u00f4\u0323ng.<br \/>\n&#8211; Du\u0300ng la\u0300m h\u00ea\u0323 th\u00f4\u0301ng t\u01b0\u01a1\u0301i lan.<br \/>\n&#8211; Du\u0300ng la\u0300m h\u00ea\u0323 th\u00f4\u0301ng t\u01b0\u01a1\u0301i c\u00e2y nha\u0300 v\u01b0\u01a1\u0300n.<br \/>\n&#8211; Du\u0300ng la\u0300m ma\u0301t rau cu\u0309 qua\u0309 cho shop tra\u0301i c\u00e2y va\u0300 si\u00eau thi\u0323.<br \/>\n&#8211; Du\u0300ng la\u0300m ma\u0301t trong nha\u0300 x\u01b0\u01a1\u0303ng nha\u0300 ma\u0301y khu c\u00f4ng nghi\u00ea\u0323p.<br \/>\nVa\u0300 \u0111\u01b0\u01a1\u0323c du\u0300ng r\u00f4\u0323ng ra\u0303i trong ca\u0301c li\u0303nh v\u01b0\u0323c kha\u0301c.<\/p>\n<p><img decoding=\"async\" class=\"size-full wp-image-248562 aligncenter\" src=\"https:\/\/maybommini.com\/wp-content\/uploads\/2017\/03\/phun-suong-nha-xuong.jpg\" alt=\"Phun Suong Nha Xuong\" width=\"750\" height=\"397\" srcset=\"https:\/\/maybommini.vn\/wp-content\/uploads\/2017\/03\/phun-suong-nha-xuong.jpg 750w, https:\/\/maybommini.vn\/wp-content\/uploads\/2017\/03\/phun-suong-nha-xuong-600x318.jpg 600w, https:\/\/maybommini.vn\/wp-content\/uploads\/2017\/03\/phun-suong-nha-xuong-300x159.jpg 300w\" sizes=\"(max-width: 750px) 100vw, 750px\" \/> <img decoding=\"async\" class=\"size-full wp-image-248563 aligncenter\" src=\"https:\/\/maybommini.com\/wp-content\/uploads\/2017\/03\/phun-suong-quan-an.jpg\" alt=\"Phun Suong Quan An\" width=\"750\" height=\"563\" srcset=\"https:\/\/maybommini.vn\/wp-content\/uploads\/2017\/03\/phun-suong-quan-an.jpg 750w, https:\/\/maybommini.vn\/wp-content\/uploads\/2017\/03\/phun-suong-quan-an-600x450.jpg 600w, https:\/\/maybommini.vn\/wp-content\/uploads\/2017\/03\/phun-suong-quan-an-300x225.jpg 300w\" sizes=\"(max-width: 750px) 100vw, 750px\" \/> <img decoding=\"async\" class=\"size-full wp-image-248564 aligncenter\" src=\"https:\/\/maybommini.com\/wp-content\/uploads\/2017\/03\/phun-suong-san-the-thao.jpg\" alt=\"Phun Suong San The Thao\" width=\"640\" height=\"480\" srcset=\"https:\/\/maybommini.vn\/wp-content\/uploads\/2017\/03\/phun-suong-san-the-thao.jpg 640w, https:\/\/maybommini.vn\/wp-content\/uploads\/2017\/03\/phun-suong-san-the-thao-600x450.jpg 600w, https:\/\/maybommini.vn\/wp-content\/uploads\/2017\/03\/phun-suong-san-the-thao-300x225.jpg 300w\" sizes=\"(max-width: 640px) 100vw, 640px\" \/><\/p>\n<p><strong>PHU\u0323 KI\u00ca\u0323N C\u00c2\u0300N MUA TH\u00caM S\u01af\u0309 DU\u0323NG MA\u0301Y PHUN S\u01af\u01a0NG<\/strong><br \/>\n&#8211; <a href=\"https:\/\/maybommini.com\/san-pham\/bec-phun-suong-so-2\" target=\"_blank\" rel=\"noopener\">Be\u0301c phun s\u01b0\u01a1ng la\u0300m ma\u0301t va\u0300 t\u01b0\u01a1\u0301i c\u00e2y<\/a>.<br \/>\n&#8211; <a href=\"https:\/\/maybommini.com\/san-pham\/de-gan-bec-phun-suong\" target=\"_blank\" rel=\"noopener\">\u0110\u00ea\u0301 g\u0103\u0301n be\u0301c phun s\u01b0\u01a1ng<\/a>.<br \/>\n&#8211; <a href=\"https:\/\/maybommini.com\/san-pham\/ong-day-phun-suong-pu-8mm\" target=\"_blank\" rel=\"noopener\">\u00d4\u0301ng d\u00e2y phun s\u01b0\u01a1ng<\/a><br \/>\n&#8211; <a href=\"https:\/\/maybommini.com\/san-pham\/binh-loc-nuoc-cao-cap-phun-suong-loc-nuoc-ro\" target=\"_blank\" rel=\"noopener\">Bi\u0300nh lo\u0323c n\u01b0\u01a1\u0301c<\/a>.<\/p>\n<p><img decoding=\"async\" class=\"size-full wp-image-248558 aligncenter\" src=\"https:\/\/maybommini.com\/wp-content\/uploads\/2017\/03\/he-thong-phun-suong-lam-mat.jpg\" alt=\"He Thong Phun Suong Lam Mat\" width=\"750\" height=\"750\" srcset=\"https:\/\/maybommini.vn\/wp-content\/uploads\/2017\/03\/he-thong-phun-suong-lam-mat.jpg 750w, https:\/\/maybommini.vn\/wp-content\/uploads\/2017\/03\/he-thong-phun-suong-lam-mat-300x300.jpg 300w, https:\/\/maybommini.vn\/wp-content\/uploads\/2017\/03\/he-thong-phun-suong-lam-mat-600x600.jpg 600w, https:\/\/maybommini.vn\/wp-content\/uploads\/2017\/03\/he-thong-phun-suong-lam-mat-150x150.jpg 150w\" sizes=\"(max-width: 750px) 100vw, 750px\" \/> <img decoding=\"async\" class=\"size-full wp-image-248561 aligncenter\" src=\"https:\/\/maybommini.com\/wp-content\/uploads\/2017\/03\/may-phun-suong-quan-cafe.jpg\" alt=\"May Phun Suong Quan Cafe\" width=\"750\" height=\"750\" srcset=\"https:\/\/maybommini.vn\/wp-content\/uploads\/2017\/03\/may-phun-suong-quan-cafe.jpg 750w, https:\/\/maybommini.vn\/wp-content\/uploads\/2017\/03\/may-phun-suong-quan-cafe-300x300.jpg 300w, https:\/\/maybommini.vn\/wp-content\/uploads\/2017\/03\/may-phun-suong-quan-cafe-600x600.jpg 600w, https:\/\/maybommini.vn\/wp-content\/uploads\/2017\/03\/may-phun-suong-quan-cafe-150x150.jpg 150w\" sizes=\"(max-width: 750px) 100vw, 750px\" \/> <img decoding=\"async\" class=\"size-full wp-image-248560 aligncenter\" src=\"https:\/\/maybommini.com\/wp-content\/uploads\/2017\/03\/may-phun-suong-lam-mat-tuoi-cay.jpg\" alt=\"May Phun Suong Lam Mat Tuoi Cay\" width=\"750\" height=\"750\" srcset=\"https:\/\/maybommini.vn\/wp-content\/uploads\/2017\/03\/may-phun-suong-lam-mat-tuoi-cay.jpg 750w, https:\/\/maybommini.vn\/wp-content\/uploads\/2017\/03\/may-phun-suong-lam-mat-tuoi-cay-300x300.jpg 300w, https:\/\/maybommini.vn\/wp-content\/uploads\/2017\/03\/may-phun-suong-lam-mat-tuoi-cay-600x600.jpg 600w, https:\/\/maybommini.vn\/wp-content\/uploads\/2017\/03\/may-phun-suong-lam-mat-tuoi-cay-150x150.jpg 150w\" sizes=\"(max-width: 750px) 100vw, 750px\" \/><\/p>\n<p><strong>CTY TNHH TH\u01af\u01a0NG M\u1ea0I D\u1ecaCH V\u1ee4 \u0110I\u1ec6N M\u00c1Y TH\u00d4NG MINH<\/strong><br \/>\nHotline : 090 729 4310<br \/>\nEmail : maybommini.com@gmail.com<br \/>\nWebsite : http:\/\/maybommini.com<br \/>\nFacebook : <a href=\"https:\/\/www.facebook.com\/maybommini\" target=\"_blank\" rel=\"noopener\">https:\/\/www.facebook.com\/maybommini<\/a><br \/>\nGoogle : <a href=\"https:\/\/plus.google.com\/ Maybomnuocminiruaxe\" target=\"_blank\" rel=\"noopener\">https:\/\/plus.google.com\/ Maybomnuocminiruaxe<\/a><br \/>\nYoutube demo : <a href=\"https:\/\/www.youtube.com\/bahamasali\" target=\"_blank\" rel=\"noopener\">https:\/\/www.youtube.com\/bahamasali<\/a>m<\/p>\n<h3 style=\"text-align: center;\"><strong>Ma\u0301y phun s\u01b0\u01a1ng Smartpumps PS-25<\/strong><\/h3>\n","protected":false},"excerpt":{"rendered":"<p>Model: PS-25<br \/>\n\u0110i\u00ea\u0323n th\u00ea\u0301: 220V<br \/>\nC\u00f4ng su\u00e2\u0301t: 30W<br \/>\nBe\u0301c g\u0103\u0301n t\u00f4\u0301i \u0111a : 25 be\u0301c<br \/>\nBe\u0301c g\u0103\u0301n t\u00f4\u0301i thi\u00ea\u0309u: 5 be\u0301c<br \/>\nCo\u0301 \u0111\u00ea\u0300u chi\u0309nh a\u0301p l\u01b0\u0323c.<br \/>\nCo\u0301 qua\u0323t ta\u0309n nhi\u00ea\u0323t.<br \/>\nMa\u0301y b\u01a1m c\u00f4ng ngh\u00ea\u0323 USA.<br \/>\nBi\u00ea\u0301n th\u00ea\u0301 cao c\u00e2\u0301p.<br \/>\n\u0110\u00f4\u0300ng h\u00f4\u0300 \u0111o a\u0301p l\u01b0\u0323c.<br \/>\n\u00d4\u0301ng n\u01b0\u01a1\u0301c va\u0300o : 12mm<br \/>\n\u00d4\u0301ng n\u01b0\u01a1\u0301c ra: 8mm<br \/>\nC\u00f4ng t\u0103\u0301t : \u0111o\u0301ng m\u01a1\u0309 ma\u0301y<br \/>\nTro\u0323ng l\u01b0\u01a1\u0323ng: 3.4 Kg<br \/>\nBa\u0309o ha\u0300nh: 3 tha\u0301ng<\/p>\n","protected":false},"featured_media":258405,"comment_status":"open","ping_status":"closed","template":"","meta":[],"product_brand":[44],"product_cat":[368],"product_tag":[578,1208,361,277,1209,886,1210,420,816,474],"class_list":{"0":"post-256925","1":"product","2":"type-product","3":"status-publish","4":"has-post-thumbnail","6":"product_brand-smartpumps","7":"product_cat-may-phun-suong","8":"product_tag-lam-mat","9":"product_tag-lam-mat-quan-an","10":"product_tag-may-phun-suong","11":"product_tag-phun-suong","12":"product_tag-phun-suong-nha-hang","13":"product_tag-phun-suong-quan-cafe","14":"product_tag-ps-25","15":"product_tag-smartpumps","16":"product_tag-tao-am","17":"product_tag-tuoi-cay","19":"first","20":"instock","21":"sale","22":"shipping-taxable","23":"purchasable","24":"product-type-simple"},"_links":{"self":[{"href":"https:\/\/maybommini.vn\/index.php?rest_route=\/wp\/v2\/product\/256925","targetHints":{"allow":["GET"]}}],"collection":[{"href":"https:\/\/maybommini.vn\/index.php?rest_route=\/wp\/v2\/product"}],"about":[{"href":"https:\/\/maybommini.vn\/index.php?rest_route=\/wp\/v2\/types\/product"}],"replies":[{"embeddable":true,"href":"https:\/\/maybommini.vn\/index.php?rest_route=%2Fwp%2Fv2%2Fcomments&post=256925"}],"wp:featuredmedia":[{"embeddable":true,"href":"https:\/\/maybommini.vn\/index.php?rest_route=\/wp\/v2\/media\/258405"}],"wp:attachment":[{"href":"https:\/\/maybommini.vn\/index.php?rest_route=%2Fwp%2Fv2%2Fmedia&parent=256925"}],"wp:term":[{"taxonomy":"product_brand","embeddable":true,"href":"https:\/\/maybommini.vn\/index.php?rest_route=%2Fwp%2Fv2%2Fproduct_brand&post=256925"},{"taxonomy":"product_cat","embeddable":true,"href":"https:\/\/maybommini.vn\/index.php?rest_route=%2Fwp%2Fv2%2Fproduct_cat&post=256925"},{"taxonomy":"product_tag","embeddable":true,"href":"https:\/\/maybommini.vn\/index.php?rest_route=%2Fwp%2Fv2%2Fproduct_tag&post=256925"}],"curies":[{"name":"wp","href":"https:\/\/api.w.org\/{rel}","templated":true}]}}