{"id":256926,"date":"2018-04-12T19:40:03","date_gmt":"2018-04-12T12:40:03","guid":{"rendered":"https:\/\/maybommini.com\/san-pham\/import-placeholder-for-253182"},"modified":"2018-04-12T19:41:58","modified_gmt":"2018-04-12T12:41:58","slug":"noi-nhanh-ong-nuoc-voi-romine-12mm","status":"publish","type":"product","link":"https:\/\/maybommini.vn\/?product=noi-nhanh-ong-nuoc-voi-romine-12mm","title":{"rendered":"N\u00f4\u0301i nhanh \u00f4\u0301ng n\u01b0\u01a1\u0301c vo\u0300i Romine 12mm"},"content":{"rendered":"<p><em><strong>N\u00f4\u0301i nhanh \u00f4\u0301ng n\u01b0\u01a1\u0301c vo\u0300i Romine 12mm la\u0300 loa\u0323i n\u00f4\u0301i nhanh th\u01b0\u01a1\u0300ng du\u0300ng trong gia \u0111i\u0300nh va\u0300 h\u00ea\u0323 th\u00f4\u0301ng \u00f4\u0301ng n\u01b0\u01a1\u0301c v\u01a1\u0301i ch\u01b0\u0301c n\u0103ng n\u00f4\u0301i nhanh ca\u0301c loa\u0323i \u00f4\u0301ng va\u0300o Romine co\u0301 s\u0103\u0309n ti\u00ea\u0323n vi\u00ea\u0323c d\u00e2\u0303n n\u01b0\u01a1\u0301c s\u01b0\u0309 du\u0323ng.<\/strong><\/em><\/p>\n<p><img decoding=\"async\" class=\"size-full wp-image-255472 aligncenter\" src=\"https:\/\/maybommini.com.vn\/wp-content\/uploads\/2018\/01\/noi-nhanh-ong-nuoc-romine-12mm-1.jpg\" alt=\"Noi Nhanh Ong Nuoc Romine 12mm\" width=\"750\" height=\"750\" srcset=\"https:\/\/maybommini.vn\/wp-content\/uploads\/2018\/01\/noi-nhanh-ong-nuoc-romine-12mm-1.jpg 750w, https:\/\/maybommini.vn\/wp-content\/uploads\/2018\/01\/noi-nhanh-ong-nuoc-romine-12mm-1-300x300.jpg 300w, https:\/\/maybommini.vn\/wp-content\/uploads\/2018\/01\/noi-nhanh-ong-nuoc-romine-12mm-1-600x600.jpg 600w, https:\/\/maybommini.vn\/wp-content\/uploads\/2018\/01\/noi-nhanh-ong-nuoc-romine-12mm-1-150x150.jpg 150w\" sizes=\"(max-width: 750px) 100vw, 750px\" \/><\/p>\n<p><strong>TH\u00d4NG S\u00d4\u0301 KY\u0303 THU\u00c2\u0323T<\/strong><br \/>\nModel: B\u00f4\u0323 n\u00f4\u0301i nhanh romine 12mm<br \/>\nB\u00f4\u0323 g\u00f4\u0300m: N\u00f4\u0301i nhanh ca\u0301i, N\u00f4\u0301i nhanh \u0111\u01b0\u0323c.<br \/>\nKi\u00ea\u0309u: N\u00f4\u0301i nhanh.<br \/>\n\u00d4\u0301ng du\u0300ng: 12mm<br \/>\nCh\u00e2\u0301t li\u00ea\u0323u: Kim loa\u0323i va\u0300 nh\u01b0\u0323a.<br \/>\nTro\u0323ng l\u01b0\u01a1\u0323ng: 100g<br \/>\n<img decoding=\"async\" class=\"size-full wp-image-255471 aligncenter\" src=\"https:\/\/maybommini.com.vn\/wp-content\/uploads\/2018\/01\/noi-nhanh-ong-nuoc-1.jpg\" alt=\"Noi Nhanh Ong Nuoc\" width=\"750\" height=\"750\" srcset=\"https:\/\/maybommini.vn\/wp-content\/uploads\/2018\/01\/noi-nhanh-ong-nuoc-1.jpg 750w, https:\/\/maybommini.vn\/wp-content\/uploads\/2018\/01\/noi-nhanh-ong-nuoc-1-300x300.jpg 300w, https:\/\/maybommini.vn\/wp-content\/uploads\/2018\/01\/noi-nhanh-ong-nuoc-1-600x600.jpg 600w, https:\/\/maybommini.vn\/wp-content\/uploads\/2018\/01\/noi-nhanh-ong-nuoc-1-150x150.jpg 150w\" sizes=\"(max-width: 750px) 100vw, 750px\" \/> <img decoding=\"async\" class=\"size-full wp-image-255473 aligncenter\" src=\"https:\/\/maybommini.com.vn\/wp-content\/uploads\/2018\/01\/noi-nhanh-romine-1.jpg\" alt=\"Noi Nhanh Romine\" width=\"750\" height=\"750\" srcset=\"https:\/\/maybommini.vn\/wp-content\/uploads\/2018\/01\/noi-nhanh-romine-1.jpg 750w, https:\/\/maybommini.vn\/wp-content\/uploads\/2018\/01\/noi-nhanh-romine-1-300x300.jpg 300w, https:\/\/maybommini.vn\/wp-content\/uploads\/2018\/01\/noi-nhanh-romine-1-600x600.jpg 600w, https:\/\/maybommini.vn\/wp-content\/uploads\/2018\/01\/noi-nhanh-romine-1-150x150.jpg 150w\" sizes=\"(max-width: 750px) 100vw, 750px\" \/><br \/>\n<strong>S\u01af\u0309 DU\u0323NG N\u00d4\u0301I NHANH \u00d4\u0301NG VO\u0300I ROMINE<\/strong><br \/>\n&#8211; Du\u0300ng trong gia \u0111i\u0300nh \u0111\u00ea\u0309 t\u01b0\u01a1\u0301i c\u00e2y.<br \/>\n&#8211; Du\u0300ng trong h\u00ea\u0323 th\u00f4\u0301ng ma\u0301y b\u01a1m n\u01b0\u01a1\u0301c.<br \/>\n&#8211; Du\u0300ng trong ma\u0301y xi\u0323t r\u01b0\u0309a xe.<br \/>\n&#8211; Du\u0300ng trong h\u00ea\u0323 th\u00f4\u0301ng d\u00e2\u0303n n\u01b0\u01a1\u0301c.<br \/>\n&#8211; Du\u0300ng n\u00f4\u0301i \u00f4\u0301ng v\u00ea\u0323 sinh nha\u0300 c\u01b0\u0309a thu\u0301 c\u01b0ng.<br \/>\nVa\u0300 du\u0300ng trong nhi\u00ea\u0300u li\u0303nh v\u01b0\u0323c kha\u0301c.<\/p>\n<p><img decoding=\"async\" class=\"size-full wp-image-255470 aligncenter\" src=\"https:\/\/maybommini.com.vn\/wp-content\/uploads\/2018\/01\/gan-ong-voi-romine-1.jpg\" alt=\"Gan Ong Voi Romine\" width=\"750\" height=\"750\" srcset=\"https:\/\/maybommini.vn\/wp-content\/uploads\/2018\/01\/gan-ong-voi-romine-1.jpg 750w, https:\/\/maybommini.vn\/wp-content\/uploads\/2018\/01\/gan-ong-voi-romine-1-300x300.jpg 300w, https:\/\/maybommini.vn\/wp-content\/uploads\/2018\/01\/gan-ong-voi-romine-1-600x600.jpg 600w, https:\/\/maybommini.vn\/wp-content\/uploads\/2018\/01\/gan-ong-voi-romine-1-150x150.jpg 150w\" sizes=\"(max-width: 750px) 100vw, 750px\" \/> <img decoding=\"async\" class=\"size-full wp-image-255469 aligncenter\" src=\"https:\/\/maybommini.com.vn\/wp-content\/uploads\/2018\/01\/cach-gan-ong-vao-romine-1.jpg\" alt=\"Cach Gan Ong Vao Romine\" width=\"750\" height=\"750\" srcset=\"https:\/\/maybommini.vn\/wp-content\/uploads\/2018\/01\/cach-gan-ong-vao-romine-1.jpg 750w, https:\/\/maybommini.vn\/wp-content\/uploads\/2018\/01\/cach-gan-ong-vao-romine-1-300x300.jpg 300w, https:\/\/maybommini.vn\/wp-content\/uploads\/2018\/01\/cach-gan-ong-vao-romine-1-600x600.jpg 600w, https:\/\/maybommini.vn\/wp-content\/uploads\/2018\/01\/cach-gan-ong-vao-romine-1-150x150.jpg 150w\" sizes=\"(max-width: 750px) 100vw, 750px\" \/> <img decoding=\"async\" class=\"size-full wp-image-255474 aligncenter\" src=\"https:\/\/maybommini.com.vn\/wp-content\/uploads\/2018\/01\/noi-nhanh-romine-1-1.jpg\" alt=\"Noi Nhanh Romine 1\" width=\"750\" height=\"750\" srcset=\"https:\/\/maybommini.vn\/wp-content\/uploads\/2018\/01\/noi-nhanh-romine-1-1.jpg 750w, https:\/\/maybommini.vn\/wp-content\/uploads\/2018\/01\/noi-nhanh-romine-1-1-300x300.jpg 300w, https:\/\/maybommini.vn\/wp-content\/uploads\/2018\/01\/noi-nhanh-romine-1-1-600x600.jpg 600w, https:\/\/maybommini.vn\/wp-content\/uploads\/2018\/01\/noi-nhanh-romine-1-1-150x150.jpg 150w\" sizes=\"(max-width: 750px) 100vw, 750px\" \/> <img decoding=\"async\" class=\"size-full wp-image-255475 aligncenter\" src=\"https:\/\/maybommini.com.vn\/wp-content\/uploads\/2018\/01\/voi-xit-nuoc-gia-dinh-1.jpg\" alt=\"Voi Xit Nuoc Gia Dinh\" width=\"750\" height=\"750\" srcset=\"https:\/\/maybommini.vn\/wp-content\/uploads\/2018\/01\/voi-xit-nuoc-gia-dinh-1.jpg 750w, https:\/\/maybommini.vn\/wp-content\/uploads\/2018\/01\/voi-xit-nuoc-gia-dinh-1-150x150.jpg 150w, https:\/\/maybommini.vn\/wp-content\/uploads\/2018\/01\/voi-xit-nuoc-gia-dinh-1-300x300.jpg 300w, https:\/\/maybommini.vn\/wp-content\/uploads\/2018\/01\/voi-xit-nuoc-gia-dinh-1-600x600.jpg 600w, https:\/\/maybommini.vn\/wp-content\/uploads\/2018\/01\/voi-xit-nuoc-gia-dinh-1-100x100.jpg 100w\" sizes=\"(max-width: 750px) 100vw, 750px\" \/><br \/>\n<img decoding=\"async\" class=\"size-full wp-image-248625 aligncenter\" src=\"https:\/\/maybommini.com\/wp-content\/uploads\/2017\/04\/noi-nhanh-romine-1.jpg\" alt=\"Noi Nhanh Romine\" width=\"750\" height=\"423\" srcset=\"https:\/\/maybommini.vn\/wp-content\/uploads\/2017\/04\/noi-nhanh-romine-1.jpg 750w, https:\/\/maybommini.vn\/wp-content\/uploads\/2017\/04\/noi-nhanh-romine-1-600x338.jpg 600w, https:\/\/maybommini.vn\/wp-content\/uploads\/2017\/04\/noi-nhanh-romine-1-300x169.jpg 300w\" sizes=\"(max-width: 750px) 100vw, 750px\" \/><strong>MUA N\u00d4\u0301I NHANH \u00d4\u0301NG N\u01af\u01a0\u0301C VA\u0300O VO\u0300I ROMINE \u01a0\u0309 \u0110\u00c2U ?<br \/>\n<\/strong>Chu\u0301ng t\u00f4i chuy\u00ean cung c\u00e2\u0301p ca\u0301c loa\u0323i thi\u00ea\u0301t bi\u0323 \u0111i\u00ea\u0323n n\u01b0\u01a1\u0301c \u00f4\u0301ng n\u00f4\u0301i nhanh ca\u0301c loa\u0323i phu\u0300 h\u01a1\u0323p trong gia \u0111i\u0300nh.<br \/>\nG\u00f3i cho ch\u00fang t\u00f4i ho\u1eb7c \u0111\u1eb7t h\u00e0ng online \u0111\u1ec3 \u0111\u01b0\u1ee3c t\u01b0 v\u1ea5n v\u00e0 giao h\u00e0ng.<br \/>\n<strong>Mua tr\u01b0\u0323c ti\u00ea\u0301p ta\u0323i Showroom:<\/strong><br \/>\n<strong>CTY TNHH TH\u01af\u01a0NG M\u1ea0I D\u1ecaCH V\u1ee4 \u0110I\u1ec6N M\u00c1Y TH\u00d4NG MINH<\/strong><br \/>\nHotline : 090 729 4310<br \/>\nEmail : maybommini.com@gmail.com<br \/>\nWebsite : http:\/\/maybommini.com<br \/>\nFacebook : <a href=\"https:\/\/www.facebook.com\/maybommini\" target=\"_blank\" rel=\"noopener\">https:\/\/www.facebook.com\/maybommini<\/a><br \/>\nGoogle   : <a href=\"https:\/\/plus.google.com\/ Maybomnuocminiruaxe\" target=\"_blank\" rel=\"noopener\">https:\/\/plus.google.com\/ Maybomnuocminiruaxe<\/a><br \/>\nYoutube demo : <a href=\"https:\/\/www.youtube.com\/bahamasali\" target=\"_blank\" rel=\"noopener\">https:\/\/www.youtube.com\/bahamasali\u00a0<\/a><\/p>\n<h3 style=\"text-align: center;\"><strong>B\u00e1n n\u00f4\u0301i nhanh \u00f4\u0301ng n\u01b0\u01a1\u0301c v\u00e0o Romine<\/strong><\/h3>\n","protected":false},"excerpt":{"rendered":"<p>Model: B\u00f4\u0323 n\u00f4\u0301i nhanh romine 12mm<br \/>\nB\u00f4\u0323 g\u00f4\u0300m: N\u00f4\u0301i nhanh ca\u0301i, N\u00f4\u0301i nhanh \u0111\u01b0\u0323c.<br \/>\nKi\u00ea\u0309u: N\u00f4\u0301i nhanh.<br \/>\n\u00d4\u0301ng du\u0300ng: 12mm<br \/>\nCh\u00e2\u0301t li\u00ea\u0323u: Kim loa\u0323i va\u0300 nh\u01b0\u0323a.<br \/>\nTro\u0323ng l\u01b0\u01a1\u0323ng: 100g<\/p>\n","protected":false},"featured_media":257053,"comment_status":"open","ping_status":"closed","template":"","meta":[],"product_brand":[],"product_cat":[215],"product_tag":[476,662,1211,518,663,548,1212,923,291,542,1213,664,210,253,474,665],"class_list":{"0":"post-256926","1":"product","2":"type-product","3":"status-publish","4":"has-post-thumbnail","6":"product_cat-phu-kien-xit-rua-ap-luc","7":"product_tag-12mm","8":"product_tag-duoi-duc","9":"product_tag-no-ong-nuoc","10":"product_tag-noi-nhanh","11":"product_tag-noi-ong","12":"product_tag-noi-ong-nhanh","13":"product_tag-ong-day-tuoi-cay","14":"product_tag-ong-nuoc","15":"product_tag-phu-kien","16":"product_tag-phu-kien-bom-nuoc-mini","17":"product_tag-phu-kien-xit-rua-ap-luctu-khoa-duoi-cai","18":"product_tag-romine","19":"product_tag-rua-xe","20":"product_tag-sung-xit","21":"product_tag-tuoi-cay","22":"product_tag-voi-romine","24":"first","25":"instock","26":"shipping-taxable","27":"purchasable","28":"product-type-simple"},"_links":{"self":[{"href":"https:\/\/maybommini.vn\/index.php?rest_route=\/wp\/v2\/product\/256926","targetHints":{"allow":["GET"]}}],"collection":[{"href":"https:\/\/maybommini.vn\/index.php?rest_route=\/wp\/v2\/product"}],"about":[{"href":"https:\/\/maybommini.vn\/index.php?rest_route=\/wp\/v2\/types\/product"}],"replies":[{"embeddable":true,"href":"https:\/\/maybommini.vn\/index.php?rest_route=%2Fwp%2Fv2%2Fcomments&post=256926"}],"wp:featuredmedia":[{"embeddable":true,"href":"https:\/\/maybommini.vn\/index.php?rest_route=\/wp\/v2\/media\/257053"}],"wp:attachment":[{"href":"https:\/\/maybommini.vn\/index.php?rest_route=%2Fwp%2Fv2%2Fmedia&parent=256926"}],"wp:term":[{"taxonomy":"product_brand","embeddable":true,"href":"https:\/\/maybommini.vn\/index.php?rest_route=%2Fwp%2Fv2%2Fproduct_brand&post=256926"},{"taxonomy":"product_cat","embeddable":true,"href":"https:\/\/maybommini.vn\/index.php?rest_route=%2Fwp%2Fv2%2Fproduct_cat&post=256926"},{"taxonomy":"product_tag","embeddable":true,"href":"https:\/\/maybommini.vn\/index.php?rest_route=%2Fwp%2Fv2%2Fproduct_tag&post=256926"}],"curies":[{"name":"wp","href":"https:\/\/api.w.org\/{rel}","templated":true}]}}