{"id":256950,"date":"2018-04-12T19:40:25","date_gmt":"2018-04-12T12:40:25","guid":{"rendered":"https:\/\/maybommini.com\/san-pham\/import-placeholder-for-253185"},"modified":"2026-03-15T19:25:32","modified_gmt":"2026-03-15T12:25:32","slug":"may-bom-hoa-chat-220v-mp-30r","status":"publish","type":"product","link":"https:\/\/maybommini.vn\/?product=may-bom-hoa-chat-220v-mp-30r","title":{"rendered":"M\u00e1y b\u01a1m ho\u00e1 ch\u1ea5t 220V 45W 33L MP-30R Smartpumps"},"content":{"rendered":"<h3><em><strong>Chuy\u00ean cung c\u1ea5p m\u00e1y b\u01a1m ho\u00e1 ch\u1ea5t 220V 25W 33L MP-30R chuy\u00ean d\u1ee5ng d\u00f9ng \u0111\u1ec3 b\u1edbm h\u00f3a ch\u1ea5t m\u00e0 c\u00e1c lo\u1ea1i m\u00e1y b\u01a1m th\u00f4ng th\u01b0\u1eddng kh\u00e1c kh\u00f4ng b\u01a1m \u0111\u01b0\u1ee3c v\u1edbi thi\u1ebft k\u1ebf nh\u1ecf g\u1ecdn c\u00f3 th\u1ec3 n\u00f3i \u0111\u00e2y l\u00e0 m\u00e1y b\u01a1m ho\u00e1 ch\u1ea5t t\u1ed1t\u00a0nh\u1ea5t hi\u1ec7n nay. M\u00e1y \u0111\u01b0\u1ee3c nh\u1eadp kh\u1ea9u tr\u1ef1c ti\u1ebfp t\u1ea1i \u0110\u00e0i Loan v\u1edbi ch\u00ednh s\u00e1ch b\u1ea3o h\u00e0nh ch\u00ednh h\u00e3ng c\u00f3 gi\u00e1 c\u1ea1nh tranh nh\u1ea5t.<\/strong><\/em><\/h3>\n<p><a href=\"https:\/\/maybommini.com\/wp-content\/uploads\/2018\/04\/May-bom-hoa-chat-220V-30R.jpg\" target=\"_blank\" rel=\"noopener\"><img decoding=\"async\" class=\"size-full wp-image-262866 aligncenter\" src=\"https:\/\/maybommini.com\/wp-content\/uploads\/2018\/04\/May-bom-hoa-chat-220V-30R.jpg\" alt=\"May Bom Hoa Chat 220V 30R\" width=\"750\" height=\"750\" srcset=\"https:\/\/maybommini.vn\/wp-content\/uploads\/2018\/04\/May-bom-hoa-chat-220V-30R.jpg 750w, https:\/\/maybommini.vn\/wp-content\/uploads\/2018\/04\/May-bom-hoa-chat-220V-30R-300x300.jpg 300w, https:\/\/maybommini.vn\/wp-content\/uploads\/2018\/04\/May-bom-hoa-chat-220V-30R-150x150.jpg 150w, https:\/\/maybommini.vn\/wp-content\/uploads\/2018\/04\/May-bom-hoa-chat-220V-30R-600x600.jpg 600w\" sizes=\"(max-width: 750px) 100vw, 750px\" \/><\/a><\/p>\n<p><strong>TH\u00d4NG S\u1ed0 K\u1ef6 THU\u1eacT<br \/>\n<\/strong>Model: MP-30R<br \/>\n\u0110i\u1ec7n \u00e1p: 220V AC<br \/>\nC\u00f4ng su\u1ea5t: 45 W<br \/>\nL\u01b0u l\u01b0\u1ee3ng: 33 L\/ph\u00fat<br \/>\n\u0110\u01b0\u1eddng k\u00ednh \u1ed1ng x\u1ea3: 20 mm<br \/>\n\u0110\u01b0\u1eddng k\u00ednh \u1ed1ng h\u00fat: 20 mm<br \/>\nB\u01a1m \u0111\u1ea9y cao: 3.8 m\u00e9t.<br \/>\nCh\u1ed1ng\u00a0\u0103n m\u00f2n cao c\u1ea5p<br \/>\n\u0110\u1ed9ng c\u01a1: xoay chi\u1ec1u<br \/>\nCh\u1ea5t li\u1ec7u: \u0110\u1ed3ng &#8211; Nh\u1ef1a PP<br \/>\nCh\u1ed1ng \u0103n m\u00f2n v\u00e0 r\u00f2 r\u1ec9<br \/>\nTr\u1ee5c n\u1eb1m ngang<br \/>\nK\u00edch th\u01b0\u1edbc: 249 x 120 x 130 mm<br \/>\nTr\u1ecdng l\u01b0\u1ee3ng: 3.4 Kg<\/p>\n<p><a href=\"https:\/\/maybommini.com\/wp-content\/uploads\/2018\/04\/bang-thong-so-kich-thuoc-may-bom-hoa-chat.jpg\" target=\"_blank\" rel=\"noopener\"><img decoding=\"async\" class=\"size-full wp-image-262860 aligncenter\" src=\"https:\/\/maybommini.com\/wp-content\/uploads\/2018\/04\/bang-thong-so-kich-thuoc-may-bom-hoa-chat.jpg\" alt=\"Bang Thong So Kich Thuoc May Bom Hoa Chat\" width=\"750\" height=\"750\" srcset=\"https:\/\/maybommini.vn\/wp-content\/uploads\/2018\/04\/bang-thong-so-kich-thuoc-may-bom-hoa-chat.jpg 750w, https:\/\/maybommini.vn\/wp-content\/uploads\/2018\/04\/bang-thong-so-kich-thuoc-may-bom-hoa-chat-300x300.jpg 300w, https:\/\/maybommini.vn\/wp-content\/uploads\/2018\/04\/bang-thong-so-kich-thuoc-may-bom-hoa-chat-150x150.jpg 150w, https:\/\/maybommini.vn\/wp-content\/uploads\/2018\/04\/bang-thong-so-kich-thuoc-may-bom-hoa-chat-600x600.jpg 600w\" sizes=\"(max-width: 750px) 100vw, 750px\" \/><\/a> <a href=\"https:\/\/maybommini.com\/wp-content\/uploads\/2018\/04\/Pump-220V-Magnetic-Drive-Water-Pump.jpg\" target=\"_blank\" rel=\"noopener\"><img decoding=\"async\" class=\"size-full wp-image-262867 aligncenter\" src=\"https:\/\/maybommini.com\/wp-content\/uploads\/2018\/04\/Pump-220V-Magnetic-Drive-Water-Pump.jpg\" alt=\"Pump 220V Magnetic Drive Water Pump\" width=\"750\" height=\"750\" srcset=\"https:\/\/maybommini.vn\/wp-content\/uploads\/2018\/04\/Pump-220V-Magnetic-Drive-Water-Pump.jpg 750w, https:\/\/maybommini.vn\/wp-content\/uploads\/2018\/04\/Pump-220V-Magnetic-Drive-Water-Pump-300x300.jpg 300w, https:\/\/maybommini.vn\/wp-content\/uploads\/2018\/04\/Pump-220V-Magnetic-Drive-Water-Pump-150x150.jpg 150w, https:\/\/maybommini.vn\/wp-content\/uploads\/2018\/04\/Pump-220V-Magnetic-Drive-Water-Pump-600x600.jpg 600w\" sizes=\"(max-width: 750px) 100vw, 750px\" \/><\/a> <a href=\"https:\/\/maybommini.com\/wp-content\/uploads\/2018\/04\/May-bom-axit-an-mon.jpg\" target=\"_blank\" rel=\"noopener\"><img decoding=\"async\" class=\"size-full wp-image-262865 aligncenter\" src=\"https:\/\/maybommini.com\/wp-content\/uploads\/2018\/04\/May-bom-axit-an-mon.jpg\" alt=\"May Bom Axit An Mon\" width=\"750\" height=\"750\" srcset=\"https:\/\/maybommini.vn\/wp-content\/uploads\/2018\/04\/May-bom-axit-an-mon.jpg 750w, https:\/\/maybommini.vn\/wp-content\/uploads\/2018\/04\/May-bom-axit-an-mon-300x300.jpg 300w, https:\/\/maybommini.vn\/wp-content\/uploads\/2018\/04\/May-bom-axit-an-mon-150x150.jpg 150w, https:\/\/maybommini.vn\/wp-content\/uploads\/2018\/04\/May-bom-axit-an-mon-600x600.jpg 600w\" sizes=\"(max-width: 750px) 100vw, 750px\" \/><\/a> <a href=\"https:\/\/maybommini.com\/wp-content\/uploads\/2018\/04\/Chuyen-ban-mya-bom-hoa-chat-chinh-hang.jpg\" target=\"_blank\" rel=\"noopener\"><img decoding=\"async\" class=\"size-full wp-image-262863 aligncenter\" src=\"https:\/\/maybommini.com\/wp-content\/uploads\/2018\/04\/Chuyen-ban-mya-bom-hoa-chat-chinh-hang.jpg\" alt=\"Chuyen Ban Mya Bom Hoa Chat Chinh Hang\" width=\"750\" height=\"750\" srcset=\"https:\/\/maybommini.vn\/wp-content\/uploads\/2018\/04\/Chuyen-ban-mya-bom-hoa-chat-chinh-hang.jpg 750w, https:\/\/maybommini.vn\/wp-content\/uploads\/2018\/04\/Chuyen-ban-mya-bom-hoa-chat-chinh-hang-300x300.jpg 300w, https:\/\/maybommini.vn\/wp-content\/uploads\/2018\/04\/Chuyen-ban-mya-bom-hoa-chat-chinh-hang-150x150.jpg 150w, https:\/\/maybommini.vn\/wp-content\/uploads\/2018\/04\/Chuyen-ban-mya-bom-hoa-chat-chinh-hang-600x600.jpg 600w\" sizes=\"(max-width: 750px) 100vw, 750px\" \/><\/a> <a href=\"https:\/\/maybommini.com\/wp-content\/uploads\/2018\/04\/Bom-hoa-chat-axit-MP-30R.jpg\" target=\"_blank\" rel=\"noopener\"><img decoding=\"async\" class=\"size-full wp-image-262862 aligncenter\" src=\"https:\/\/maybommini.com\/wp-content\/uploads\/2018\/04\/Bom-hoa-chat-axit-MP-30R.jpg\" alt=\"Bom Hoa Chat Axit MP 30R\" width=\"750\" height=\"750\" srcset=\"https:\/\/maybommini.vn\/wp-content\/uploads\/2018\/04\/Bom-hoa-chat-axit-MP-30R.jpg 750w, https:\/\/maybommini.vn\/wp-content\/uploads\/2018\/04\/Bom-hoa-chat-axit-MP-30R-300x300.jpg 300w, https:\/\/maybommini.vn\/wp-content\/uploads\/2018\/04\/Bom-hoa-chat-axit-MP-30R-150x150.jpg 150w, https:\/\/maybommini.vn\/wp-content\/uploads\/2018\/04\/Bom-hoa-chat-axit-MP-30R-600x600.jpg 600w\" sizes=\"(max-width: 750px) 100vw, 750px\" \/><\/a><\/p>\n<p><strong>NGUY\u00caN L\u00dd HO\u1ea0T\u00a0\u0110\u1ed8NG M\u00c1Y B\u01a0M HO\u00c1 CH\u1ea4T<br \/>\n<\/strong>M\u00e1y c\u00f3 th\u1ec3 ch\u1ea1y kh\u00f4 m\u00e0 kh\u00f4ng \u1ea3nh h\u01b0\u1edbng t\u1edbi \u0111\u1ed9ng c\u01a1 khi kh\u00f4ng c\u00f3 n\u01b0\u1edbc b\u01a1m. V\u1edbi c\u00e1c m\u00e1y l\u1edbn th\u00ec c\u00f3 th\u1ec3 g\u00e2y h\u1ea1i d\u1eabn t\u1edbi ch\u00e1y \u0111\u1ed9ng c\u01a1.B\u01a1m n\u01b0\u1edbc ho\u00e1 ch\u1ea5t\u00a0d\u00f9ng tr\u1ef1c ti\u1ebfp ngu\u1ed3n \u0111i\u1ec7n 220V. M\u00e1y ch\u1ea1y ho\u1ea1t \u0111\u1ed9ng v\u1edbi ti\u1ebfng \u1ed3n nh\u1ecf v\u00e0 \u00eam \u00e1i.<\/p>\n<p><a href=\"https:\/\/maybommini.com\/wp-content\/uploads\/2018\/04\/Bom-hoa-chat-220V.jpg\" target=\"_blank\" rel=\"noopener\"><img decoding=\"async\" class=\"size-full wp-image-262861 aligncenter\" src=\"https:\/\/maybommini.com\/wp-content\/uploads\/2018\/04\/Bom-hoa-chat-220V.jpg\" alt=\"Bom Hoa Chat 220V\" width=\"750\" height=\"750\" srcset=\"https:\/\/maybommini.vn\/wp-content\/uploads\/2018\/04\/Bom-hoa-chat-220V.jpg 750w, https:\/\/maybommini.vn\/wp-content\/uploads\/2018\/04\/Bom-hoa-chat-220V-300x300.jpg 300w, https:\/\/maybommini.vn\/wp-content\/uploads\/2018\/04\/Bom-hoa-chat-220V-150x150.jpg 150w, https:\/\/maybommini.vn\/wp-content\/uploads\/2018\/04\/Bom-hoa-chat-220V-600x600.jpg 600w\" sizes=\"(max-width: 750px) 100vw, 750px\" \/><\/a><\/p>\n<p><strong>\u1ee8NG D\u1ee4NG M\u00c1Y B\u01a0M HO\u00c1 CH\u1ea4T<br \/>\n<\/strong>\u0110\u1eb7c bi\u1ec7t m\u00e1y c\u00f3 kh\u1ea3 n\u0103ng b\u01a1m c\u00e1c lo\u1ea1i ho\u00e1 ch\u1ea5t\u00a0\u0103n m\u00f2n, axit, &#8230;<br \/>\nB\u01a1m n\u01b0\u1edbc bi\u1ec3n, b\u01a1m dung d\u1ecbch \u0111\u1eb7t bi\u1ec7t, b\u01a1m n\u01b0\u1edbc, &#8230;<br \/>\nPlastic Magnetic Pump Acid Resistant Chemical Pump<\/p>\n<p><a href=\"https:\/\/maybommini.com\/wp-content\/uploads\/2018\/04\/Giay-chung-nhan-san-pham.jpg\" target=\"_blank\" rel=\"noopener\"><img decoding=\"async\" class=\"size-full wp-image-262864 aligncenter\" src=\"https:\/\/maybommini.com\/wp-content\/uploads\/2018\/04\/Giay-chung-nhan-san-pham.jpg\" alt=\"Giay Chung Nhan San Pham\" width=\"750\" height=\"750\" srcset=\"https:\/\/maybommini.vn\/wp-content\/uploads\/2018\/04\/Giay-chung-nhan-san-pham.jpg 750w, https:\/\/maybommini.vn\/wp-content\/uploads\/2018\/04\/Giay-chung-nhan-san-pham-300x300.jpg 300w, https:\/\/maybommini.vn\/wp-content\/uploads\/2018\/04\/Giay-chung-nhan-san-pham-150x150.jpg 150w, https:\/\/maybommini.vn\/wp-content\/uploads\/2018\/04\/Giay-chung-nhan-san-pham-600x600.jpg 600w\" sizes=\"(max-width: 750px) 100vw, 750px\" \/><\/a><\/p>\n<p><strong>MUA M\u00c1Y B\u01a0M HO\u00c1 CH\u1ea4T\u00a0\u1ede \u0110\u00c2U ?<br \/>\n<\/strong>M\u1ecdi chi ti\u1ebft vui l\u00f2ng li\u00ean h\u1ec7 tr\u1ef1c ti\u1ebfp cho ch\u00fang t\u00f4i \u0111\u1ec3 \u0111\u01b0\u1ee3c t\u01b0 v\u1ea5n theo nhu c\u1ea7u \u0111\u1ec3 c\u00f3 \u0111\u01b0\u1ee3c b\u1ed9 s\u1ea3n ph\u1ea9m t\u1ed1t nh\u1ea5t v\u00e0 ti\u1ebft ki\u1ec7m.\u00a0B\u1ea1n \u1edf xa v\u1eabn c\u00f3 th\u1ec3 mua h\u00e0ng v\u00e0 giao to\u00e0n qu\u1ed1c.<br \/>\n<strong>Mua tr\u01b0\u0323c ti\u00ea\u0301p ta\u0323i Showroom:<\/strong><br \/>\n<strong>CTY TNHH TH\u01af\u01a0NG M\u1ea0I D\u1ecaCH V\u1ee4 \u0110I\u1ec6N M\u00c1Y TH\u00d4NG MINH<\/strong><br \/>\n<strong>Hotline:<\/strong> 02873030399 &#8211;\u00a0 090 729 4310<br \/>\n<strong>Email<\/strong>: maybommini.com@gmail.com<br \/>\n<strong>Website:<\/strong> <a href=\"https:\/\/maybommini.com\" target=\"_blank\" rel=\"noopener\">https:\/\/maybommini.com<\/a><br \/>\n<strong>Facebook:<\/strong> <a href=\"https:\/\/www.facebook.com\/maybommini\" target=\"_blank\" rel=\"noopener\">https:\/\/www.facebook.com\/maybommini<\/a><br \/>\n<strong>Youtube demo:<\/strong> <a href=\"https:\/\/www.youtube.com\/bahamasali\" target=\"_blank\" rel=\"noopener\">https:\/\/www.youtube.com\/bahamasali<\/a><\/p>\n<h3 style=\"text-align: center;\"><a href=\"https:\/\/maybommini.com\/danh-muc\/may-bom-hoa-chat\" target=\"_blank\" rel=\"noopener\">CHUY\u00caN M\u00c1Y B\u01a0M H\u00d3A CH\u1ea4T<\/a><\/h3>\n<h3 class=\"product_title entry-title\" style=\"text-align: center;\">M\u00e1y B\u01a1m Ho\u00e1 Ch\u1ea5t 220V 45W 33L MP-30R Smartpumps<\/h3>\n","protected":false},"excerpt":{"rendered":"<p>Model: MP-30R<br \/>\n\u0110i\u1ec7n \u00e1p: 220V AC<br \/>\nC\u00f4ng su\u1ea5t: 45 W<br \/>\nL\u01b0u l\u01b0\u1ee3ng: 33 L\/ph\u00fat<br \/>\n\u0110\u01b0\u1eddng k\u00ednh \u1ed1ng x\u1ea3: 20 mm<br \/>\n\u0110\u01b0\u1eddng k\u00ednh \u1ed1ng h\u00fat: 20 mm<br \/>\nB\u01a1m \u0111\u1ea9y cao: 3.8 m\u00e9t.<br \/>\nCh\u1ed1ng\u00a0\u0103n m\u00f2n cao c\u1ea5p<br \/>\n\u0110\u1ed9ng c\u01a1: xoay chi\u1ec1u<br \/>\nCh\u1ea5t li\u1ec7u: \u0110\u1ed3ng &#8211; Nh\u1ef1a PP<br \/>\nCh\u1ed1ng \u0103n m\u00f2n v\u00e0 r\u00f2 r\u1ec9<br \/>\nTr\u1ee5c n\u1eb1m ngang<br \/>\nK\u00edch th\u01b0\u1edbc: 249 x 120 x 130 mm<br \/>\nTr\u1ecdng l\u01b0\u1ee3ng: 3.4 Kg<br \/>\nB\u1ea3o h\u00e0nh: 6 th\u00e1ng.<br \/>\nCh\u1ea5t l\u01b0\u1ee3ng s\u1ea3n ph\u1ea9m v\u1edbi ng\u01b0\u1eddi ti\u00eau d\u00f9ng.<br \/>\n<strong>H\u00f4\u0309 tr\u01a1\u0323 ky\u0303 thu\u00e2\u0323t vi\u0303nh vi\u00ea\u0303n.<\/strong><br \/>\n<strong>T\u01af V\u1ea4N K\u1ef8 THU\u1eacT \u2013 MUA H\u00c0NG<br \/>\n0908997823 \u2013 0908997872<br \/>\n0907294310 \u2013 02873030399<\/strong><\/p>\n","protected":false},"featured_media":262866,"comment_status":"open","ping_status":"closed","template":"","meta":[],"product_brand":[44],"product_cat":[2004,562],"product_tag":[500,1216,268,439,1217,564,565,566,567,963,1218,279,280],"class_list":{"0":"post-256950","1":"product","2":"type-product","3":"status-publish","4":"has-post-thumbnail","6":"product_brand-smartpumps","7":"product_cat-may-bom-hoa-chat-220v","8":"product_cat-may-bom-hoa-chat","9":"product_tag-220v","10":"product_tag-30r","11":"product_tag-bom-ap-luc-nho-nhat","12":"product_tag-bom-hoa-chat","13":"product_tag-chemical-pumps","14":"product_tag-chong-an-mon","15":"product_tag-hoa-chat","16":"product_tag-may-bom-axit","17":"product_tag-may-bom-hoa-chat","18":"product_tag-mp-20r","19":"product_tag-mp-30r","20":"product_tag-pump","21":"product_tag-self-priming","23":"first","24":"instock","25":"sale","26":"featured","27":"shipping-taxable","28":"purchasable","29":"product-type-simple"},"_links":{"self":[{"href":"https:\/\/maybommini.vn\/index.php?rest_route=\/wp\/v2\/product\/256950","targetHints":{"allow":["GET"]}}],"collection":[{"href":"https:\/\/maybommini.vn\/index.php?rest_route=\/wp\/v2\/product"}],"about":[{"href":"https:\/\/maybommini.vn\/index.php?rest_route=\/wp\/v2\/types\/product"}],"replies":[{"embeddable":true,"href":"https:\/\/maybommini.vn\/index.php?rest_route=%2Fwp%2Fv2%2Fcomments&post=256950"}],"wp:featuredmedia":[{"embeddable":true,"href":"https:\/\/maybommini.vn\/index.php?rest_route=\/wp\/v2\/media\/262866"}],"wp:attachment":[{"href":"https:\/\/maybommini.vn\/index.php?rest_route=%2Fwp%2Fv2%2Fmedia&parent=256950"}],"wp:term":[{"taxonomy":"product_brand","embeddable":true,"href":"https:\/\/maybommini.vn\/index.php?rest_route=%2Fwp%2Fv2%2Fproduct_brand&post=256950"},{"taxonomy":"product_cat","embeddable":true,"href":"https:\/\/maybommini.vn\/index.php?rest_route=%2Fwp%2Fv2%2Fproduct_cat&post=256950"},{"taxonomy":"product_tag","embeddable":true,"href":"https:\/\/maybommini.vn\/index.php?rest_route=%2Fwp%2Fv2%2Fproduct_tag&post=256950"}],"curies":[{"name":"wp","href":"https:\/\/api.w.org\/{rel}","templated":true}]}}