{"id":256953,"date":"2018-04-12T19:40:26","date_gmt":"2018-04-12T12:40:26","guid":{"rendered":"https:\/\/maybommini.com\/san-pham\/import-placeholder-for-253207"},"modified":"2020-02-22T10:49:36","modified_gmt":"2020-02-22T03:49:36","slug":"nhiet-ke-dien-tu-lcd","status":"publish","type":"product","link":"https:\/\/maybommini.vn\/?product=nhiet-ke-dien-tu-lcd","title":{"rendered":"Nhi\u1ec7t k\u1ebf \u0111i\u1ec7n t\u1eed LCD"},"content":{"rendered":"<p><strong>Nhi\u00ea\u0323t k\u00ea\u0301 \u0111i\u00ea\u0323n t\u01b0\u0309 LCD la\u0300 loa\u0323i nhi\u00ea\u0323t k\u00ea\u0301 th\u00f4ng minh du\u0300ng ma\u0323ch x\u01b0\u0303 ly\u0301 ph\u00e2n ti\u0301ch nhi\u00ea\u0323t \u0111\u00f4\u0323 m\u00f4i tr\u01b0\u01a1\u0300ng xung quanh v\u01a1\u0301i \u0111\u00f4\u0323c chi\u0301nh xa\u0301c cao, co\u0301 ma\u0300n hi\u0300nh LCD hi\u00ea\u0309n thi\u0323 v\u01a1\u0301i pin s\u01b0\u0309 du\u0323ng l\u00e2u va\u0300 thay th\u00ea\u0301 khi h\u00ea\u0301t.<\/strong><\/p>\n<p><img decoding=\"async\" class=\"size-full wp-image-248657 aligncenter\" src=\"https:\/\/maybommini.com\/wp-content\/uploads\/2017\/04\/nhiet-ke.jpg\" alt=\"Nhiet Ke\" width=\"750\" height=\"750\" srcset=\"https:\/\/maybommini.vn\/wp-content\/uploads\/2017\/04\/nhiet-ke.jpg 750w, https:\/\/maybommini.vn\/wp-content\/uploads\/2017\/04\/nhiet-ke-300x300.jpg 300w, https:\/\/maybommini.vn\/wp-content\/uploads\/2017\/04\/nhiet-ke-600x600.jpg 600w, https:\/\/maybommini.vn\/wp-content\/uploads\/2017\/04\/nhiet-ke-150x150.jpg 150w\" sizes=\"(max-width: 750px) 100vw, 750px\" \/><strong>TH\u00d4NG S\u00d4\u0301 KY\u0303 THU\u00c2\u0323T<\/strong><br \/>\nModel: Nhi\u00ea\u0323t k\u00ea\u0301 \u0111i\u00ea\u0323n t\u01b0\u0309 LCD<br \/>\nLoa\u0323i: Nhi\u00ea\u0323t k\u00ea\u0301 ky\u0303 thu\u00e2\u0323t s\u00f4\u0301.<br \/>\nMa\u0300n hi\u0300nh: LCD\u00a0M\u00e0n h\u00ecnh hi\u1ec3n th\u1ecb nhi\u1ec7t \u0111\u1ed9<br \/>\nKhoa\u0309ng \u0111o nhi\u00ea\u0323t: -50 \u0111\u00ea\u0301n 110 \u0111\u00f4\u0323 C<br \/>\n\u0110\u1ed9 ph\u00e2n gi\u1ea3i m\u00e0n 10. Nhi\u1ec7t \u0111\u1ed9 0,1 \u2103<br \/>\nTh\u1eddi gian l\u1ea5y m\u1eabu nhi\u1ec7t \u0111\u1ed9 2 gi\u00e2y<br \/>\n\u0110\u1ed9 ch\u00ednh x\u00e1c \u0111o nhi\u1ec7t \u0111\u1ed9 \u00b1 1 \u2103<br \/>\nPin nu\u0301t LR44\u00a0DC: 1.5v<br \/>\nK\u00edch th\u01b0\u1edbc: 48 * 28,5 * 15mm<br \/>\nk\u00edch th\u01b0\u1edbc LCD: 40 * 22.5mm<br \/>\nTr\u1ecdng l\u01b0\u1ee3ng: 25 gam<\/p>\n<p><img decoding=\"async\" class=\"size-full wp-image-248658 aligncenter\" src=\"https:\/\/maybommini.com\/wp-content\/uploads\/2017\/04\/nhiet-ke-dien-tu.jpg\" alt=\"Nhiet Ke Dien Tu\" width=\"750\" height=\"750\" srcset=\"https:\/\/maybommini.vn\/wp-content\/uploads\/2017\/04\/nhiet-ke-dien-tu.jpg 750w, https:\/\/maybommini.vn\/wp-content\/uploads\/2017\/04\/nhiet-ke-dien-tu-300x300.jpg 300w, https:\/\/maybommini.vn\/wp-content\/uploads\/2017\/04\/nhiet-ke-dien-tu-600x600.jpg 600w, https:\/\/maybommini.vn\/wp-content\/uploads\/2017\/04\/nhiet-ke-dien-tu-150x150.jpg 150w\" sizes=\"(max-width: 750px) 100vw, 750px\" \/><strong><img decoding=\"async\" class=\"size-full wp-image-248654 aligncenter\" src=\"https:\/\/maybommini.com\/wp-content\/uploads\/2017\/04\/cam-bien-nhiet-do.jpg\" alt=\"Cam Bien Nhiet Do\" width=\"750\" height=\"750\" srcset=\"https:\/\/maybommini.vn\/wp-content\/uploads\/2017\/04\/cam-bien-nhiet-do.jpg 750w, https:\/\/maybommini.vn\/wp-content\/uploads\/2017\/04\/cam-bien-nhiet-do-300x300.jpg 300w, https:\/\/maybommini.vn\/wp-content\/uploads\/2017\/04\/cam-bien-nhiet-do-600x600.jpg 600w, https:\/\/maybommini.vn\/wp-content\/uploads\/2017\/04\/cam-bien-nhiet-do-150x150.jpg 150w\" sizes=\"(max-width: 750px) 100vw, 750px\" \/><br \/>\n\u01af\u0301NG DU\u0323NG NHI\u00ca\u0323T K\u00ca\u0301 \u0110I\u00ca\u0323N T\u01af\u0309<\/strong><br \/>\n(1) \u0111o nhi\u1ec7t \u0111\u1ed9 trong v\u00e0 ngo\u00e0i xe<br \/>\n(2) \u0111o nhi\u1ec7t \u0111\u1ed9 b\u00ean trong v\u00e0 b\u00ean ngo\u00e0i ph\u00f2ng \u0111i\u1ec1u h\u00f2a nhi\u1ec7t \u0111\u1ed9<br \/>\n(3) \u0111o nhi\u1ec7t \u0111\u1ed9 b\u00ean trong v\u00e0 b\u00ean ngo\u00e0i t\u1ee7 l\u1ea1nh<br \/>\n(4) \u0111\u1ec3 \u0111o nhi\u1ec7t \u0111\u1ed9 c\u01a1 th\u1ec3<br \/>\n(5) n\u01b0\u1edbc ao \u0110o l\u01b0\u1eddng<br \/>\n(6) \u0111o nhi\u1ec7t \u0111\u1ed9 n\u01b0\u1edbc t\u1eafm b\u00e9<br \/>\nC\u00f3 th\u1ec3 \u0111\u01b0\u1ee3c s\u1eed d\u1ee5ng \u1edf nhi\u1ec1u n\u01a1i, n\u00f3 th\u1ef1c s\u1ef1 thu\u1eadn ti\u1ec7n v\u00e0 gi\u00e1 c\u1ea3 ph\u1ea3i ch\u0103ng<br \/>\n<img decoding=\"async\" class=\"size-full wp-image-248656 aligncenter\" src=\"https:\/\/maybommini.com\/wp-content\/uploads\/2017\/04\/dong-ho-nhiet-do.jpg\" alt=\"Dong Ho Nhiet Do\" width=\"750\" height=\"750\" srcset=\"https:\/\/maybommini.vn\/wp-content\/uploads\/2017\/04\/dong-ho-nhiet-do.jpg 750w, https:\/\/maybommini.vn\/wp-content\/uploads\/2017\/04\/dong-ho-nhiet-do-300x300.jpg 300w, https:\/\/maybommini.vn\/wp-content\/uploads\/2017\/04\/dong-ho-nhiet-do-600x600.jpg 600w, https:\/\/maybommini.vn\/wp-content\/uploads\/2017\/04\/dong-ho-nhiet-do-150x150.jpg 150w\" sizes=\"(max-width: 750px) 100vw, 750px\" \/><\/p>\n<p><strong>MUA \u0110\u00d4\u0300NG H\u00d4\u0300 NHI\u00ca\u0323T K\u00ca\u0301 \u0110I\u00ca\u0323N T\u01af\u0309 \u01a0\u0309 \u0110\u00c2U ?<br \/>\n<\/strong>Chu\u0301ng t\u00f4i chuy\u00ean cung c\u00e2\u0301p ca\u0301c thi\u00ea\u0301t bi\u0323 \u0111i\u00ea\u0323n, \u0111i\u00ea\u0323n t\u01b0\u0309, <a href=\"https:\/\/dienmaythongminh.com\" target=\"_blank\" rel=\"noopener\">\u0111i\u00ea\u0323n ma\u0301y th\u00f4ng minh<\/a>, <a href=\"https:\/\/maybommini.com\/danh-muc\/may-bom-ap-luc-mini\" target=\"_blank\" rel=\"noopener\">ma\u0301y b\u01a1m mini<\/a>, ma\u0301y r\u01b0\u0309a xe a\u0301p l\u01b0\u0323c, ma\u0301y phun s\u01b0\u01a1ng, thi\u00ea\u0323t bi\u0323 oto, du\u0323ng cu\u0323 c\u00e2\u0300m tay.<br \/>\nWebsite:\u00a0<a href=\"https:\/\/maybommini.com\" target=\"_blank\" rel=\"noopener\">https:\/\/maybommini.com<\/a><br \/>\nEmail: maybommini.com@gmail.com<\/p>\n<h3 style=\"text-align: center;\">CHUY\u00caN CUNG C\u1ea4P C\u00c1C LO\u1ea0I NHI\u1ec6T K\u1ebe \u0110I\u1ec6N T\u1eec<\/h3>\n","protected":false},"excerpt":{"rendered":"<p>Model: Nhi\u00ea\u0323t k\u00ea\u0301 \u0111i\u00ea\u0323n t\u01b0\u0309 LCD<br \/>\nLoa\u0323i: Nhi\u00ea\u0323t k\u00ea\u0301 ky\u0303 thu\u00e2\u0323t s\u00f4\u0301.<br \/>\nMa\u0300n hi\u0300nh: LCD\u00a0M\u00e0n h\u00ecnh hi\u1ec3n th\u1ecb nhi\u1ec7t \u0111\u1ed9<br \/>\nKhoa\u0309ng \u0111o nhi\u00ea\u0323t: -50 \u0111\u00ea\u0301n 110 \u0111\u00f4\u0323 C<br \/>\n\u0110\u1ed9 ph\u00e2n gi\u1ea3i m\u00e0n 10. Nhi\u1ec7t \u0111\u1ed9 0,1 \u2103<br \/>\nTh\u1eddi gian l\u1ea5y m\u1eabu nhi\u1ec7t \u0111\u1ed9 2 gi\u00e2y<br \/>\n\u0110\u1ed9 ch\u00ednh x\u00e1c \u0111o nhi\u1ec7t \u0111\u1ed9 \u00b1 1 \u2103<br \/>\nPin nu\u0301t LR44\u00a0DC: 1.5v<br \/>\nK\u00edch th\u01b0\u1edbc: 48 * 28,5 * 15mm<br \/>\nk\u00edch th\u01b0\u1edbc LCD: 40 * 22.5mm<br \/>\nTr\u1ecdng l\u01b0\u1ee3ng: 25 gam<br \/>\nB\u00e0o h\u00e0nh: 1 th\u00e1ng<br \/>\n<strong>Ph\u00e2n ph\u1ed1i: Maybommini.com<\/strong><br \/>\n<strong>T\u01af V\u1ea4N K\u1ef8 THU\u1eacT \u2013 MUA H\u00c0NG<br \/>\n0908997823 \u2013 0908997872<br \/>\n0907294310 \u2013 02873030399<\/strong><\/p>\n","protected":false},"featured_media":257092,"comment_status":"open","ping_status":"closed","template":"","meta":[],"product_brand":[2227],"product_cat":[3240,3239],"product_tag":[942,943,606,1225,1226,1227,944,1228,1229],"class_list":{"0":"post-256953","1":"product","2":"type-product","3":"status-publish","4":"has-post-thumbnail","6":"product_brand-mtm","7":"product_cat-nhiet-ke","8":"product_cat-thiet-bi-do-luong","9":"product_tag-do-nhiet-do","10":"product_tag-dong-ho-nhiet-do","11":"product_tag-dien-tu","12":"product_tag-dong-ho-nhiet","13":"product_tag-hien-thi-nhiet-do","14":"product_tag-nhiet-do-ke","15":"product_tag-nhiet-ke","16":"product_tag-nhiet-ke-dien","17":"product_tag-nhiet-ke-dien-tu","19":"first","20":"instock","21":"shipping-taxable","22":"purchasable","23":"product-type-simple"},"_links":{"self":[{"href":"https:\/\/maybommini.vn\/index.php?rest_route=\/wp\/v2\/product\/256953","targetHints":{"allow":["GET"]}}],"collection":[{"href":"https:\/\/maybommini.vn\/index.php?rest_route=\/wp\/v2\/product"}],"about":[{"href":"https:\/\/maybommini.vn\/index.php?rest_route=\/wp\/v2\/types\/product"}],"replies":[{"embeddable":true,"href":"https:\/\/maybommini.vn\/index.php?rest_route=%2Fwp%2Fv2%2Fcomments&post=256953"}],"wp:featuredmedia":[{"embeddable":true,"href":"https:\/\/maybommini.vn\/index.php?rest_route=\/wp\/v2\/media\/257092"}],"wp:attachment":[{"href":"https:\/\/maybommini.vn\/index.php?rest_route=%2Fwp%2Fv2%2Fmedia&parent=256953"}],"wp:term":[{"taxonomy":"product_brand","embeddable":true,"href":"https:\/\/maybommini.vn\/index.php?rest_route=%2Fwp%2Fv2%2Fproduct_brand&post=256953"},{"taxonomy":"product_cat","embeddable":true,"href":"https:\/\/maybommini.vn\/index.php?rest_route=%2Fwp%2Fv2%2Fproduct_cat&post=256953"},{"taxonomy":"product_tag","embeddable":true,"href":"https:\/\/maybommini.vn\/index.php?rest_route=%2Fwp%2Fv2%2Fproduct_tag&post=256953"}],"curies":[{"name":"wp","href":"https:\/\/api.w.org\/{rel}","templated":true}]}}