{"id":256973,"date":"2018-04-12T19:40:47","date_gmt":"2018-04-12T12:40:47","guid":{"rendered":"https:\/\/maybommini.com\/san-pham\/import-placeholder-for-253208"},"modified":"2020-10-05T14:24:49","modified_gmt":"2020-10-05T07:24:49","slug":"may-bom-dau-nhot-12v-60w-3l","status":"publish","type":"product","link":"https:\/\/maybommini.vn\/?product=may-bom-dau-nhot-12v-60w-3l","title":{"rendered":"Ma\u0301y b\u01a1m h\u00fat d\u00e2\u0300u nh\u01a1\u0301t 12V 60W 1.5L Smartpumps"},"content":{"rendered":"<p><strong>B\u00e1n ma\u0301y b\u01a1m h\u00fat d\u00e2\u0300u nh\u01a1\u0301t 12V 60W 1.5L Smartpumps v\u01a1\u0301i gia\u0301 t\u00f4\u0301t ba\u0309o ha\u0300nh l\u00e2u da\u0300i nho\u0309 go\u0323n ti\u00ea\u0323n l\u01a1\u0323i du\u0300ng bi\u0301nh \u1eafc quy ph\u00f9 h\u1ee3p nhi\u1ec1u lo\u1ea1i xe v\u00e0 \u1ee9ng d\u1ee5ng kh\u00e1c. Sa\u0309n ph\u00e2\u0309m co\u0301 ba\u0301n tr\u00ean toa\u0300n qu\u00f4\u0301c giao ha\u0300ng t\u00e2\u0323n n\u01a1i ch\u00ednh h\u00e3ng.<\/strong><\/p>\n<p><strong><a href=\"https:\/\/maybommini.com\/wp-content\/uploads\/2018\/04\/May-bom-dau-nhot-12v-60w-smartpumps.jpg\" target=\"_blank\" rel=\"noopener\"><img decoding=\"async\" class=\"size-full wp-image-267323 aligncenter\" src=\"https:\/\/maybommini.com\/wp-content\/uploads\/2018\/04\/May-bom-dau-nhot-12v-60w-smartpumps.jpg\" alt=\"May Bom Dau Nhot 12v 60w Smartpumps\" width=\"750\" height=\"750\" srcset=\"https:\/\/maybommini.vn\/wp-content\/uploads\/2018\/04\/May-bom-dau-nhot-12v-60w-smartpumps.jpg 750w, https:\/\/maybommini.vn\/wp-content\/uploads\/2018\/04\/May-bom-dau-nhot-12v-60w-smartpumps-300x300.jpg 300w, https:\/\/maybommini.vn\/wp-content\/uploads\/2018\/04\/May-bom-dau-nhot-12v-60w-smartpumps-150x150.jpg 150w, https:\/\/maybommini.vn\/wp-content\/uploads\/2018\/04\/May-bom-dau-nhot-12v-60w-smartpumps-600x600.jpg 600w\" sizes=\"(max-width: 750px) 100vw, 750px\" \/><\/a>TH\u00d4NG S\u00d4\u0301 KY\u0303 THU\u00c2\u0323T<\/strong><br \/>\nModel: JH-JY001<br \/>\n\u0110i\u00ea\u0323n th\u00ea\u0301: 12V DC<br \/>\nC\u00f4ng su\u00e2\u0301t: 60W &#8211; 5A<br \/>\nL\u01b0u l\u01b0\u01a1\u0323ng: 1.5 L\/P<br \/>\nTi\u00ea\u0301ng \u00f4\u0300n: 70 dB<br \/>\nMortor: Ch\u00f4\u0309i than<br \/>\nMotor l\u00f5i \u0111\u1ed3ng cao c\u1ea5p.<br \/>\nM\u00e1y b\u01a1m t\u1ef1 h\u00fat.<br \/>\n\u0110\u1ea9y cao: 0.7 met.<br \/>\n\u0110\u1ea7u b\u01a1m c\u00f4ng ngh\u1ec7 b\u00e1nh r\u0103ng.<br \/>\nLoa\u0323i ma\u0301y b\u01a1m d\u00e2\u0300u nh\u01a1\u0301t &#8211; Oil Pump<br \/>\nCh\u00e2\u0301t li\u00ea\u0323u: Nh\u01b0\u0323a, Gang, \u0110\u1ed3ng.<br \/>\nMa\u0301y b\u01a1m kh\u00f4ng \u0111\u01b0\u01a1\u0323c cha\u0323y li\u00ean tu\u0323c qu\u00e1 25 ph\u00fat.<br \/>\nPhu\u0323 ki\u00ea\u0323n: \u00d4\u0301ng va\u0300o 1.2m , \u00d4\u0301ng ra 1.2m, ke\u0323p bi\u0300nh, c\u00f4\u0309 d\u00ea.<br \/>\nKi\u0301ch th\u01b0\u01a1\u0301c: 85 x 130 x 125 mm<br \/>\nTro\u0323ng l\u01b0\u01a1\u0323ng: 900g<\/p>\n<p><a href=\"https:\/\/maybommini.com\/wp-content\/uploads\/2018\/04\/Oil-Pump-Extractor-Fuel-Suction.jpg\" target=\"_blank\" rel=\"noopener\"><img decoding=\"async\" class=\"size-full wp-image-267325 aligncenter\" src=\"https:\/\/maybommini.com\/wp-content\/uploads\/2018\/04\/Oil-Pump-Extractor-Fuel-Suction.jpg\" alt=\"Oil Pump Extractor Fuel Suction\" width=\"750\" height=\"750\" srcset=\"https:\/\/maybommini.vn\/wp-content\/uploads\/2018\/04\/Oil-Pump-Extractor-Fuel-Suction.jpg 750w, https:\/\/maybommini.vn\/wp-content\/uploads\/2018\/04\/Oil-Pump-Extractor-Fuel-Suction-300x300.jpg 300w, https:\/\/maybommini.vn\/wp-content\/uploads\/2018\/04\/Oil-Pump-Extractor-Fuel-Suction-150x150.jpg 150w, https:\/\/maybommini.vn\/wp-content\/uploads\/2018\/04\/Oil-Pump-Extractor-Fuel-Suction-600x600.jpg 600w\" sizes=\"(max-width: 750px) 100vw, 750px\" \/><\/a><a href=\"https:\/\/maybommini.com\/wp-content\/uploads\/2018\/04\/May-bom-hut-nhot-mini-12v.jpg\" target=\"_blank\" rel=\"noopener\"><img decoding=\"async\" class=\"size-full wp-image-267324 aligncenter\" src=\"https:\/\/maybommini.com\/wp-content\/uploads\/2018\/04\/May-bom-hut-nhot-mini-12v.jpg\" alt=\"May Bom Hut Nhot Mini 12v\" width=\"750\" height=\"750\" srcset=\"https:\/\/maybommini.vn\/wp-content\/uploads\/2018\/04\/May-bom-hut-nhot-mini-12v.jpg 750w, https:\/\/maybommini.vn\/wp-content\/uploads\/2018\/04\/May-bom-hut-nhot-mini-12v-300x300.jpg 300w, https:\/\/maybommini.vn\/wp-content\/uploads\/2018\/04\/May-bom-hut-nhot-mini-12v-150x150.jpg 150w, https:\/\/maybommini.vn\/wp-content\/uploads\/2018\/04\/May-bom-hut-nhot-mini-12v-600x600.jpg 600w\" sizes=\"(max-width: 750px) 100vw, 750px\" \/><\/a><a href=\"https:\/\/maybommini.com\/wp-content\/uploads\/2018\/04\/bom-dau-nhiot-dong-co-xe.jpg\" target=\"_blank\" rel=\"noopener\"><img decoding=\"async\" class=\"size-full wp-image-267316 aligncenter\" src=\"https:\/\/maybommini.com\/wp-content\/uploads\/2018\/04\/bom-dau-nhiot-dong-co-xe.jpg\" alt=\"Bom Dau Nhiot Dong Co Xe\" width=\"750\" height=\"750\" srcset=\"https:\/\/maybommini.vn\/wp-content\/uploads\/2018\/04\/bom-dau-nhiot-dong-co-xe.jpg 750w, https:\/\/maybommini.vn\/wp-content\/uploads\/2018\/04\/bom-dau-nhiot-dong-co-xe-300x300.jpg 300w, https:\/\/maybommini.vn\/wp-content\/uploads\/2018\/04\/bom-dau-nhiot-dong-co-xe-150x150.jpg 150w, https:\/\/maybommini.vn\/wp-content\/uploads\/2018\/04\/bom-dau-nhiot-dong-co-xe-600x600.jpg 600w\" sizes=\"(max-width: 750px) 100vw, 750px\" \/><\/a><a href=\"https:\/\/maybommini.com\/wp-content\/uploads\/2018\/04\/ban-may-bom-hut-dau-nhot-dong-co.jpg\" target=\"_blank\" rel=\"noopener\"><img decoding=\"async\" class=\"size-full wp-image-267315 aligncenter\" src=\"https:\/\/maybommini.com\/wp-content\/uploads\/2018\/04\/ban-may-bom-hut-dau-nhot-dong-co.jpg\" alt=\"Ban May Bom Hut Dau Nhot Dong Co\" width=\"750\" height=\"750\" srcset=\"https:\/\/maybommini.vn\/wp-content\/uploads\/2018\/04\/ban-may-bom-hut-dau-nhot-dong-co.jpg 750w, https:\/\/maybommini.vn\/wp-content\/uploads\/2018\/04\/ban-may-bom-hut-dau-nhot-dong-co-300x300.jpg 300w, https:\/\/maybommini.vn\/wp-content\/uploads\/2018\/04\/ban-may-bom-hut-dau-nhot-dong-co-150x150.jpg 150w, https:\/\/maybommini.vn\/wp-content\/uploads\/2018\/04\/ban-may-bom-hut-dau-nhot-dong-co-600x600.jpg 600w\" sizes=\"(max-width: 750px) 100vw, 750px\" \/><\/a><a href=\"https:\/\/maybommini.com\/wp-content\/uploads\/2018\/04\/Ban-bom-xang-dau-nhot-cao-cap-gia-tot.jpg\" target=\"_blank\" rel=\"noopener\"><img decoding=\"async\" class=\"size-full wp-image-267314 aligncenter\" src=\"https:\/\/maybommini.com\/wp-content\/uploads\/2018\/04\/Ban-bom-xang-dau-nhot-cao-cap-gia-tot.jpg\" alt=\"Ban Bom Xang Dau Nhot Cao Cap Gia Tot\" width=\"750\" height=\"750\" srcset=\"https:\/\/maybommini.vn\/wp-content\/uploads\/2018\/04\/Ban-bom-xang-dau-nhot-cao-cap-gia-tot.jpg 750w, https:\/\/maybommini.vn\/wp-content\/uploads\/2018\/04\/Ban-bom-xang-dau-nhot-cao-cap-gia-tot-300x300.jpg 300w, https:\/\/maybommini.vn\/wp-content\/uploads\/2018\/04\/Ban-bom-xang-dau-nhot-cao-cap-gia-tot-150x150.jpg 150w, https:\/\/maybommini.vn\/wp-content\/uploads\/2018\/04\/Ban-bom-xang-dau-nhot-cao-cap-gia-tot-600x600.jpg 600w\" sizes=\"(max-width: 750px) 100vw, 750px\" \/><\/a><a href=\"https:\/\/maybommini.com\/wp-content\/uploads\/2018\/04\/may-bom-dau-dong-co-xe-gia-re.jpg\" target=\"_blank\" rel=\"noopener\"><img decoding=\"async\" class=\"size-full wp-image-267322 aligncenter\" src=\"https:\/\/maybommini.com\/wp-content\/uploads\/2018\/04\/may-bom-dau-dong-co-xe-gia-re.jpg\" alt=\"May Bom Dau Dong Co Xe Gia Re\" width=\"750\" height=\"750\" srcset=\"https:\/\/maybommini.vn\/wp-content\/uploads\/2018\/04\/may-bom-dau-dong-co-xe-gia-re.jpg 750w, https:\/\/maybommini.vn\/wp-content\/uploads\/2018\/04\/may-bom-dau-dong-co-xe-gia-re-300x300.jpg 300w, https:\/\/maybommini.vn\/wp-content\/uploads\/2018\/04\/may-bom-dau-dong-co-xe-gia-re-150x150.jpg 150w, https:\/\/maybommini.vn\/wp-content\/uploads\/2018\/04\/may-bom-dau-dong-co-xe-gia-re-600x600.jpg 600w\" sizes=\"(max-width: 750px) 100vw, 750px\" \/><\/a><a href=\"https:\/\/maybommini.com\/wp-content\/uploads\/2018\/04\/kep-binh-ac-quy-may-bom-dau-nhot-12v.jpg\" target=\"_blank\" rel=\"noopener\"><img decoding=\"async\" class=\"size-full wp-image-267321 aligncenter\" src=\"https:\/\/maybommini.com\/wp-content\/uploads\/2018\/04\/kep-binh-ac-quy-may-bom-dau-nhot-12v.jpg\" alt=\"Kep Binh Ac Quy May Bom Dau Nhot 12v\" width=\"750\" height=\"750\" srcset=\"https:\/\/maybommini.vn\/wp-content\/uploads\/2018\/04\/kep-binh-ac-quy-may-bom-dau-nhot-12v.jpg 750w, https:\/\/maybommini.vn\/wp-content\/uploads\/2018\/04\/kep-binh-ac-quy-may-bom-dau-nhot-12v-300x300.jpg 300w, https:\/\/maybommini.vn\/wp-content\/uploads\/2018\/04\/kep-binh-ac-quy-may-bom-dau-nhot-12v-150x150.jpg 150w, https:\/\/maybommini.vn\/wp-content\/uploads\/2018\/04\/kep-binh-ac-quy-may-bom-dau-nhot-12v-600x600.jpg 600w\" sizes=\"(max-width: 750px) 100vw, 750px\" \/><\/a><a href=\"https:\/\/maybommini.com\/wp-content\/uploads\/2018\/04\/dau-noi-ong-may-bom-hut-dau-nhot.jpg\" target=\"_blank\" rel=\"noopener\"><img decoding=\"async\" class=\"size-full wp-image-267320 aligncenter\" src=\"https:\/\/maybommini.com\/wp-content\/uploads\/2018\/04\/dau-noi-ong-may-bom-hut-dau-nhot.jpg\" alt=\"Dau Noi Ong May Bom Hut Dau Nhot\" width=\"750\" height=\"750\" srcset=\"https:\/\/maybommini.vn\/wp-content\/uploads\/2018\/04\/dau-noi-ong-may-bom-hut-dau-nhot.jpg 750w, https:\/\/maybommini.vn\/wp-content\/uploads\/2018\/04\/dau-noi-ong-may-bom-hut-dau-nhot-300x300.jpg 300w, https:\/\/maybommini.vn\/wp-content\/uploads\/2018\/04\/dau-noi-ong-may-bom-hut-dau-nhot-150x150.jpg 150w, https:\/\/maybommini.vn\/wp-content\/uploads\/2018\/04\/dau-noi-ong-may-bom-hut-dau-nhot-600x600.jpg 600w\" sizes=\"(max-width: 750px) 100vw, 750px\" \/><\/a><a href=\"https:\/\/maybommini.com\/wp-content\/uploads\/2018\/04\/Bom-nhot-gia-re-12v-tien-loi.jpg\" target=\"_blank\" rel=\"noopener\"><img decoding=\"async\" class=\"size-full wp-image-267318 aligncenter\" src=\"https:\/\/maybommini.com\/wp-content\/uploads\/2018\/04\/Bom-nhot-gia-re-12v-tien-loi.jpg\" alt=\"Bom Nhot Gia Re 12v Tien Loi\" width=\"750\" height=\"750\" srcset=\"https:\/\/maybommini.vn\/wp-content\/uploads\/2018\/04\/Bom-nhot-gia-re-12v-tien-loi.jpg 750w, https:\/\/maybommini.vn\/wp-content\/uploads\/2018\/04\/Bom-nhot-gia-re-12v-tien-loi-300x300.jpg 300w, https:\/\/maybommini.vn\/wp-content\/uploads\/2018\/04\/Bom-nhot-gia-re-12v-tien-loi-150x150.jpg 150w, https:\/\/maybommini.vn\/wp-content\/uploads\/2018\/04\/Bom-nhot-gia-re-12v-tien-loi-600x600.jpg 600w\" sizes=\"(max-width: 750px) 100vw, 750px\" \/><\/a><br \/>\n<strong>\u01af\u0301NG DU\u0323NG MA\u0301Y B\u01a0M H\u00daT D\u00c2\u0300U NH\u01a0\u0301T 12V<\/strong><br \/>\n&#8211; Du\u0300ng b\u01a1m d\u00e2\u0300u DO &#8211; Diesel cho ca\u0301c loa\u0323i xe Oto va\u0300 ca\u0301c loa\u0323i xe chuy\u00ean du\u0323ng.<br \/>\n&#8211; Du\u0300ng b\u01a1m d\u00e2\u0300u nh\u01a1\u0301t sang chi\u00ea\u0301t.<br \/>\n&#8211; Du\u0300ng B\u01a1m d\u00e2\u0300u DO.<br \/>\n&#8211; Du\u0300ng b\u01a1m nh\u01a1\u0301t va\u0300o ma\u0301y xe va\u0300 b\u01a1m ra ngoa\u0300i.<br \/>\n&#8211; Du\u0300ng b\u01a1m d\u00e2\u0300u nh\u01a1\u0301t t\u01b0\u0300 ca\u0301c thu\u0300ng phi.<br \/>\n&#8211; Du\u0300ng trong nha\u0300 ma\u0301y c\u00f4ng nghi\u00ea\u0323p.<br \/>\n&#8211; Du\u0300ng ca\u0301c ca\u0301c gara xe oto.<br \/>\n&#8211; Du\u0300ng ma\u0301y b\u01a1m d\u1ea7u nh\u01a1\u0301t d\u01b0\u0323 pho\u0300ng tr\u00ean xe.<br \/>\n&#8211; Du\u0300ng ma\u0301y b\u01a1m d\u00e2\u0300u nh\u01a1\u0301t tr\u00ean ta\u0300u thuy\u00ea\u0300n.<br \/>\nVa\u0300 \u01b0\u0301ng du\u0323ng trong nhi\u00ea\u0300u li\u0303nh v\u01b0\u0323c kha\u0301c.<\/p>\n<p><strong><a href=\"https:\/\/maybommini.com\/wp-content\/uploads\/2018\/04\/Chuyen-ban-cac-loai-may-bom-xang-dau-nhot-gia-re-chat-luong-cao.jpg\" target=\"_blank\" rel=\"noopener\"><img decoding=\"async\" class=\"size-full wp-image-267319 aligncenter\" src=\"https:\/\/maybommini.com\/wp-content\/uploads\/2018\/04\/Chuyen-ban-cac-loai-may-bom-xang-dau-nhot-gia-re-chat-luong-cao.jpg\" alt=\"Chuyen Ban Cac Loai May Bom Xang Dau Nhot Gia Re Chat Luong Cao\" width=\"750\" height=\"750\" srcset=\"https:\/\/maybommini.vn\/wp-content\/uploads\/2018\/04\/Chuyen-ban-cac-loai-may-bom-xang-dau-nhot-gia-re-chat-luong-cao.jpg 750w, https:\/\/maybommini.vn\/wp-content\/uploads\/2018\/04\/Chuyen-ban-cac-loai-may-bom-xang-dau-nhot-gia-re-chat-luong-cao-300x300.jpg 300w, https:\/\/maybommini.vn\/wp-content\/uploads\/2018\/04\/Chuyen-ban-cac-loai-may-bom-xang-dau-nhot-gia-re-chat-luong-cao-150x150.jpg 150w, https:\/\/maybommini.vn\/wp-content\/uploads\/2018\/04\/Chuyen-ban-cac-loai-may-bom-xang-dau-nhot-gia-re-chat-luong-cao-600x600.jpg 600w\" sizes=\"(max-width: 750px) 100vw, 750px\" \/><\/a><a href=\"https:\/\/maybommini.com\/wp-content\/uploads\/2018\/04\/bom-dau-nhot-gia-re.jpg\" target=\"_blank\" rel=\"noopener\"><img decoding=\"async\" class=\"size-full wp-image-267317 aligncenter\" src=\"https:\/\/maybommini.com\/wp-content\/uploads\/2018\/04\/bom-dau-nhot-gia-re.jpg\" alt=\"Bom Dau Nhot Gia Re\" width=\"750\" height=\"750\" srcset=\"https:\/\/maybommini.vn\/wp-content\/uploads\/2018\/04\/bom-dau-nhot-gia-re.jpg 750w, https:\/\/maybommini.vn\/wp-content\/uploads\/2018\/04\/bom-dau-nhot-gia-re-300x300.jpg 300w, https:\/\/maybommini.vn\/wp-content\/uploads\/2018\/04\/bom-dau-nhot-gia-re-150x150.jpg 150w, https:\/\/maybommini.vn\/wp-content\/uploads\/2018\/04\/bom-dau-nhot-gia-re-600x600.jpg 600w\" sizes=\"(max-width: 750px) 100vw, 750px\" \/><\/a><a href=\"https:\/\/maybommini.com\/wp-content\/uploads\/2018\/04\/su-dung-bom-hut-nhot-oto.jpg\" target=\"_blank\" rel=\"noopener\"><img decoding=\"async\" class=\"size-full wp-image-267326 aligncenter\" src=\"https:\/\/maybommini.com\/wp-content\/uploads\/2018\/04\/su-dung-bom-hut-nhot-oto.jpg\" alt=\"Su Dung Bom Hut Nhot Oto\" width=\"750\" height=\"750\" srcset=\"https:\/\/maybommini.vn\/wp-content\/uploads\/2018\/04\/su-dung-bom-hut-nhot-oto.jpg 750w, https:\/\/maybommini.vn\/wp-content\/uploads\/2018\/04\/su-dung-bom-hut-nhot-oto-300x300.jpg 300w, https:\/\/maybommini.vn\/wp-content\/uploads\/2018\/04\/su-dung-bom-hut-nhot-oto-150x150.jpg 150w, https:\/\/maybommini.vn\/wp-content\/uploads\/2018\/04\/su-dung-bom-hut-nhot-oto-600x600.jpg 600w\" sizes=\"(max-width: 750px) 100vw, 750px\" \/><\/a><a href=\"https:\/\/maybommini.com\/wp-content\/uploads\/2018\/04\/su-dung-may-bom-hut-dau-nhot.jpg\" target=\"_blank\" rel=\"noopener\"><img decoding=\"async\" class=\"size-full wp-image-267313 aligncenter\" src=\"https:\/\/maybommini.com\/wp-content\/uploads\/2018\/04\/su-dung-may-bom-hut-dau-nhot.jpg\" alt=\"Su Dung May Bom Hut Dau Nhot\" width=\"750\" height=\"750\" srcset=\"https:\/\/maybommini.vn\/wp-content\/uploads\/2018\/04\/su-dung-may-bom-hut-dau-nhot.jpg 750w, https:\/\/maybommini.vn\/wp-content\/uploads\/2018\/04\/su-dung-may-bom-hut-dau-nhot-300x300.jpg 300w, https:\/\/maybommini.vn\/wp-content\/uploads\/2018\/04\/su-dung-may-bom-hut-dau-nhot-150x150.jpg 150w, https:\/\/maybommini.vn\/wp-content\/uploads\/2018\/04\/su-dung-may-bom-hut-dau-nhot-600x600.jpg 600w\" sizes=\"(max-width: 750px) 100vw, 750px\" \/><\/a>MUA MA\u0301Y B\u01a0M D\u00c2\u0300U NH\u01a0\u0301T \u01a0\u0309 \u0110\u00c2U ?<\/strong><br \/>\n<a href=\"https:\/\/maybommini.com\/\" target=\"_blank\" rel=\"noopener noreferrer\"><strong>Ma\u0301y B\u01a1m Mini<\/strong><\/a> la\u0300 nha\u0300 cung c\u00e2\u0301p ha\u0300ng \u0111\u00e2\u0300u v\u00ea\u0300 ca\u0301c loa\u0323i <a href=\"https:\/\/maybommini.com\/danh-muc\/may-bom-xang-dau-nhot\" target=\"_blank\" rel=\"noopener noreferrer\">ma\u0301y b\u01a1m x\u0103ng d\u00e2\u0300u nh\u01a1\u0301t<\/a> va\u0300 ma\u0301y b\u01a1m nhi\u00ean li\u00ea\u0323u ta\u0323i Vi\u00ea\u0323t Nam v\u01a1\u0301i kinh nghi\u00ea\u0323m l\u00e2u n\u0103m trong li\u0303nh v\u01b0\u0323c ma\u0301y b\u01a1m chuy\u00ean du\u0323ng. Ba\u0323n co\u0301 th\u00ea\u0309 y\u00ean t\u00e2m v\u00ea\u0300 ch\u00e2\u0301t l\u01b0\u01a1\u0323ng gia\u0301 ca\u0309 va\u0300 nh\u00e2\u0301t la\u0300 ba\u0300o ha\u0300nh di\u0323ch lu\u00f4n t\u00f4\u0301t nh\u00e2\u0323t.<br \/>\n<strong>Tel Zalo: <\/strong>02873030399 &#8211; 0907294310<strong><br \/>\nWebsite:<\/strong>\u00a0https:\/\/maybommini.com<br \/>\n<strong>Email:<\/strong> maybommini.com@gmail.com<\/p>\n<h3 style=\"text-align: center;\">Oil Pump Extractor Fuel Suction<br \/>\nMa\u0301y b\u01a1m h\u00fat d\u00e2\u0300u nh\u01a1\u0301t 12V 60W 1.5L Smartpumps<br \/>\n<a href=\"https:\/\/maybommini.com\/danh-muc\/may-bom-xang-dau-nhot\" target=\"_blank\" rel=\"noopener noreferrer\">C\u00e1c lo\u1ea1i m\u00e1y b\u01a1m x\u0103ng d\u1ea7u nh\u1edbt kh\u00e1c<\/a><\/h3>\n<h3><\/h3>\n<p><img decoding=\"async\" class=\"size-full wp-image-248667 aligncenter\" src=\"https:\/\/maybommini.com\/wp-content\/uploads\/2017\/04\/may-bom-dau-diesel-nhot.jpg\" alt=\"May Bom Dau Diesel Nhot\" width=\"750\" height=\"750\" srcset=\"https:\/\/maybommini.vn\/wp-content\/uploads\/2017\/04\/may-bom-dau-diesel-nhot.jpg 750w, https:\/\/maybommini.vn\/wp-content\/uploads\/2017\/04\/may-bom-dau-diesel-nhot-300x300.jpg 300w, https:\/\/maybommini.vn\/wp-content\/uploads\/2017\/04\/may-bom-dau-diesel-nhot-600x600.jpg 600w, https:\/\/maybommini.vn\/wp-content\/uploads\/2017\/04\/may-bom-dau-diesel-nhot-150x150.jpg 150w\" sizes=\"(max-width: 750px) 100vw, 750px\" \/><\/p>\n<p>&nbsp;<\/p>\n<p><img decoding=\"async\" class=\"size-full wp-image-248718 aligncenter\" src=\"https:\/\/maybommini.com\/wp-content\/uploads\/2017\/04\/phu-kien-may-bom-dau-nhot-12v-24v.jpg\" alt=\"Phu Kien May Bom Dau Nhot 12v 24v\" width=\"550\" height=\"550\" srcset=\"https:\/\/maybommini.vn\/wp-content\/uploads\/2017\/04\/phu-kien-may-bom-dau-nhot-12v-24v.jpg 550w, https:\/\/maybommini.vn\/wp-content\/uploads\/2017\/04\/phu-kien-may-bom-dau-nhot-12v-24v-300x300.jpg 300w, https:\/\/maybommini.vn\/wp-content\/uploads\/2017\/04\/phu-kien-may-bom-dau-nhot-12v-24v-150x150.jpg 150w\" sizes=\"(max-width: 550px) 100vw, 550px\" \/><\/p>\n<p><img decoding=\"async\" class=\"size-full wp-image-248671 aligncenter\" src=\"https:\/\/maybommini.com\/wp-content\/uploads\/2017\/04\/ssu-dung-may-bom-dau-nhot.jpg\" alt=\"Ssu Dung May Bom Dau Nhot\" width=\"722\" height=\"705\" srcset=\"https:\/\/maybommini.vn\/wp-content\/uploads\/2017\/04\/ssu-dung-may-bom-dau-nhot.jpg 722w, https:\/\/maybommini.vn\/wp-content\/uploads\/2017\/04\/ssu-dung-may-bom-dau-nhot-600x586.jpg 600w, https:\/\/maybommini.vn\/wp-content\/uploads\/2017\/04\/ssu-dung-may-bom-dau-nhot-300x293.jpg 300w\" sizes=\"(max-width: 722px) 100vw, 722px\" \/><\/p>\n<p><img decoding=\"async\" class=\"size-full wp-image-248669 aligncenter\" src=\"https:\/\/maybommini.com\/wp-content\/uploads\/2017\/04\/may-bom-dau-nhot-12v-24v.jpg\" alt=\"May Bom Dau Nhot 12v 24v\" width=\"750\" height=\"750\" srcset=\"https:\/\/maybommini.vn\/wp-content\/uploads\/2017\/04\/may-bom-dau-nhot-12v-24v.jpg 750w, https:\/\/maybommini.vn\/wp-content\/uploads\/2017\/04\/may-bom-dau-nhot-12v-24v-300x300.jpg 300w, https:\/\/maybommini.vn\/wp-content\/uploads\/2017\/04\/may-bom-dau-nhot-12v-24v-600x600.jpg 600w, https:\/\/maybommini.vn\/wp-content\/uploads\/2017\/04\/may-bom-dau-nhot-12v-24v-150x150.jpg 150w\" sizes=\"(max-width: 750px) 100vw, 750px\" \/><img decoding=\"async\" class=\"size-full wp-image-248670 aligncenter\" src=\"https:\/\/maybommini.com\/wp-content\/uploads\/2017\/04\/may-bom-nhien-lieu-xang-dau-nhot-12v-24v.jpg\" alt=\"May Bom Nhien Lieu Xang Dau Nhot 12v 24v\" width=\"750\" height=\"750\" srcset=\"https:\/\/maybommini.vn\/wp-content\/uploads\/2017\/04\/may-bom-nhien-lieu-xang-dau-nhot-12v-24v.jpg 750w, https:\/\/maybommini.vn\/wp-content\/uploads\/2017\/04\/may-bom-nhien-lieu-xang-dau-nhot-12v-24v-300x300.jpg 300w, https:\/\/maybommini.vn\/wp-content\/uploads\/2017\/04\/may-bom-nhien-lieu-xang-dau-nhot-12v-24v-600x600.jpg 600w, https:\/\/maybommini.vn\/wp-content\/uploads\/2017\/04\/may-bom-nhien-lieu-xang-dau-nhot-12v-24v-150x150.jpg 150w\" sizes=\"(max-width: 750px) 100vw, 750px\" \/><\/p>\n","protected":false},"excerpt":{"rendered":"<p>Model: JH-JY001<br \/>\n\u0110i\u00ea\u0323n th\u00ea\u0301: 12V DC<br \/>\nC\u00f4ng su\u00e2\u0301t: 60W &#8211; 5A<br \/>\nL\u01b0u l\u01b0\u01a1\u0323ng: 1.5 L\/P<br \/>\nTi\u00ea\u0301ng \u00f4\u0300n: 70 dB<br \/>\nMortor: Ch\u00f4\u0309i than<br \/>\nMotor l\u00f5i \u0111\u1ed3ng cao c\u1ea5p.<br \/>\nM\u00e1y b\u01a1m t\u1ef1 h\u00fat.<br \/>\n\u0110\u1ea9y cao: 0.7 met.<br \/>\n\u0110\u1ea7u b\u01a1m c\u00f4ng ngh\u1ec7 b\u00e1nh r\u0103ng.<br \/>\nLoa\u0323i ma\u0301y b\u01a1m d\u00e2\u0300u nh\u01a1\u0301t &#8211; Oil Pump<br \/>\nCh\u00e2\u0301t li\u00ea\u0323u: Nh\u01b0\u0323a, Gang, \u0110\u1ed3ng.<br \/>\nMa\u0301y b\u01a1m kh\u00f4ng \u0111\u01b0\u01a1\u0323c cha\u0323y li\u00ean tu\u0323c qu\u00e1 25 ph\u00fat.<br \/>\nPhu\u0323 ki\u00ea\u0323n: \u00d4\u0301ng va\u0300o 1.2m , \u00d4\u0301ng ra 1.2m, ke\u0323p bi\u0300nh, c\u00f4\u0309 d\u00ea.<br \/>\nKi\u0301ch th\u01b0\u01a1\u0301c: 85 x 130 x 125 mm<br \/>\nTro\u0323ng l\u01b0\u01a1\u0323ng: 900g<br \/>\nB\u1ea3o h\u00e0nh: 3 th\u00e1ng<br \/>\n<strong>H\u00f4\u0309 tr\u01a1\u0323 ky\u0303 thu\u00e2\u0323t vi\u0303nh vi\u00ea\u0303n.<\/strong><br \/>\n<strong>T\u01af V\u1ea4N K\u1ef8 THU\u1eacT \u2013 MUA H\u00c0NG<br \/>\n0908997823 \u2013 0908997872<br \/>\n0907294310 \u2013 02873030399<\/strong><\/p>\n","protected":false},"featured_media":267323,"comment_status":"closed","ping_status":"closed","template":"","meta":[],"product_brand":[2227],"product_cat":[1115,383],"product_tag":[267,497,388,3412,1230,1231,1103,1232,206,570,523,1233,1158,3410,3411,859,1234,1235,1236,420],"class_list":{"0":"post-256973","1":"product","2":"type-product","3":"status-publish","4":"has-post-thumbnail","6":"product_brand-mtm","7":"product_cat-may-bom-xang-dau-nhot-12v","8":"product_cat-may-bom-xang-dau-nhot","9":"product_tag-12v","10":"product_tag-12v-60w","11":"product_tag-bom-dau-diesel","12":"product_tag-bom-dau-nhot","13":"product_tag-bom-do","14":"product_tag-bom-may-bom-dau","15":"product_tag-diesel","16":"product_tag-do","17":"product_tag-may-bom-12v","18":"product_tag-may-bom-24v","19":"product_tag-may-bom-dau","20":"product_tag-may-bom-diesel","21":"product_tag-may-bom-do","22":"product_tag-may-bom-hut-dau","23":"product_tag-may-bom-hut-nhot","24":"product_tag-may-bom-nhot","25":"product_tag-may-bom-tu-hut","26":"product_tag-may-nhieen-lieu","27":"product_tag-may-xang-dau","28":"product_tag-smartpumps","30":"first","31":"instock","32":"sale","33":"shipping-taxable","34":"purchasable","35":"product-type-simple"},"_links":{"self":[{"href":"https:\/\/maybommini.vn\/index.php?rest_route=\/wp\/v2\/product\/256973","targetHints":{"allow":["GET"]}}],"collection":[{"href":"https:\/\/maybommini.vn\/index.php?rest_route=\/wp\/v2\/product"}],"about":[{"href":"https:\/\/maybommini.vn\/index.php?rest_route=\/wp\/v2\/types\/product"}],"replies":[{"embeddable":true,"href":"https:\/\/maybommini.vn\/index.php?rest_route=%2Fwp%2Fv2%2Fcomments&post=256973"}],"wp:featuredmedia":[{"embeddable":true,"href":"https:\/\/maybommini.vn\/index.php?rest_route=\/wp\/v2\/media\/267323"}],"wp:attachment":[{"href":"https:\/\/maybommini.vn\/index.php?rest_route=%2Fwp%2Fv2%2Fmedia&parent=256973"}],"wp:term":[{"taxonomy":"product_brand","embeddable":true,"href":"https:\/\/maybommini.vn\/index.php?rest_route=%2Fwp%2Fv2%2Fproduct_brand&post=256973"},{"taxonomy":"product_cat","embeddable":true,"href":"https:\/\/maybommini.vn\/index.php?rest_route=%2Fwp%2Fv2%2Fproduct_cat&post=256973"},{"taxonomy":"product_tag","embeddable":true,"href":"https:\/\/maybommini.vn\/index.php?rest_route=%2Fwp%2Fv2%2Fproduct_tag&post=256973"}],"curies":[{"name":"wp","href":"https:\/\/api.w.org\/{rel}","templated":true}]}}