{"id":256976,"date":"2018-04-12T19:40:48","date_gmt":"2018-04-12T12:40:48","guid":{"rendered":"https:\/\/maybommini.com\/san-pham\/import-placeholder-for-253230"},"modified":"2020-02-23T14:01:22","modified_gmt":"2020-02-23T07:01:22","slug":"may-bom-nuoc-day-cao-24v-200w-smartpumps","status":"publish","type":"product","link":"https:\/\/maybommini.vn\/?product=may-bom-nuoc-day-cao-24v-200w-smartpumps","title":{"rendered":"M\u00e1y b\u01a1m n\u01b0\u1edbc \u0111\u1ea9y cao 24V 200W Smartpumps"},"content":{"rendered":"<p><strong>Ba\u0323n c\u00e2\u0300n m\u00f4\u0323t ma\u0301y b\u01a1m n\u01b0\u01a1\u0301c mini co\u0301 kha\u0309 n\u0103ng \u0111\u00e2\u0309y cao th\u0103\u0309ng \u0111\u01b0\u0301ng 20 me\u0301t thi\u0300 \u0111\u00e2y la\u0300 l\u01b0\u0323a cho\u0323n phu\u0300 h\u01a1\u0323p v\u01a1\u0301i m\u00e1y b\u01a1m n\u01b0\u1edbc \u0111\u1ea9y cao 24V 200W Smartpumps . V\u01a1\u0301i thi\u00ea\u0301t k\u00ea\u0301 nho\u0309 go\u0323n du\u0300ng \u0111i\u00ea\u0323n 24V va\u0300 c\u00f4ng su\u00e2\u0301t b\u01a1m kho\u0309e do <a href=\"https:\/\/maybommini.com\" target=\"_blank\" rel=\"noopener\">Ma\u0301y B\u01a1m Mini<\/a> ph\u00e2n ph\u00f4\u0301i ta\u0323i Vi\u00ea\u0323t Nam.<\/strong><\/p>\n<p><img decoding=\"async\" class=\"size-full wp-image-248744 aligncenter\" src=\"https:\/\/maybommini.com\/wp-content\/uploads\/2017\/04\/may-bom-cao-tu-hut-24v.jpg\" alt=\"May Bom Cao Tu Hut 24v\" width=\"750\" height=\"750\" srcset=\"https:\/\/maybommini.vn\/wp-content\/uploads\/2017\/04\/may-bom-cao-tu-hut-24v.jpg 750w, https:\/\/maybommini.vn\/wp-content\/uploads\/2017\/04\/may-bom-cao-tu-hut-24v-300x300.jpg 300w, https:\/\/maybommini.vn\/wp-content\/uploads\/2017\/04\/may-bom-cao-tu-hut-24v-600x600.jpg 600w, https:\/\/maybommini.vn\/wp-content\/uploads\/2017\/04\/may-bom-cao-tu-hut-24v-150x150.jpg 150w\" sizes=\"(max-width: 750px) 100vw, 750px\" \/><strong>TH\u00d4NG S\u00d4\u0301 KY\u0303 THU\u00c2\u0323T<\/strong><br \/>\nModel: 1ZDB-24V200W<br \/>\n\u0110i\u00ea\u0323n th\u00ea\u0301: 24V DC<br \/>\nC\u00f4ng su\u00e2\u0301t: 200W<br \/>\nL\u01b0u l\u01b0\u01a1\u0323ng: 27 L\/P &#8211; 1.6 m3\/h<br \/>\nHu\u0301t s\u00e2u: 9 me\u0301t<br \/>\n\u0110\u00e2\u0309y cao: 20 me\u0301t<br \/>\nT\u00f4\u0301c \u0111\u00f4\u0323:\u00a03000 (r \/ m)<br \/>\nRen g\u0103\u0301n \u00f4\u0301ng: 25 mm<br \/>\nTro\u0323ng l\u01b0\u01a1\u0323ng: 5 Kg<br \/>\nCh\u00e2\u0301t li\u00ea\u0323u: The\u0301p kh\u00f4ng ri\u0309.<br \/>\nTru\u0323c b\u01a1m: N\u0103\u0300m ngang.<br \/>\nMa\u0301y b\u01a1m ca\u0301nh qua\u0323t.<br \/>\nPhu\u0323 ki\u00ea\u0323n: Ke\u0323p bi\u0300nh a\u0301c quy, Ren g\u0103\u0301n \u00f4\u0301ng.<br \/>\n<img decoding=\"async\" class=\"size-full wp-image-248740 aligncenter\" src=\"https:\/\/maybommini.com\/wp-content\/uploads\/2017\/04\/may-bom-luu-luong-lon-24v.jpg\" alt=\"May Bom Luu Luong Lon 24v\" width=\"750\" height=\"750\" srcset=\"https:\/\/maybommini.vn\/wp-content\/uploads\/2017\/04\/may-bom-luu-luong-lon-24v.jpg 750w, https:\/\/maybommini.vn\/wp-content\/uploads\/2017\/04\/may-bom-luu-luong-lon-24v-300x300.jpg 300w, https:\/\/maybommini.vn\/wp-content\/uploads\/2017\/04\/may-bom-luu-luong-lon-24v-600x600.jpg 600w, https:\/\/maybommini.vn\/wp-content\/uploads\/2017\/04\/may-bom-luu-luong-lon-24v-150x150.jpg 150w\" sizes=\"(max-width: 750px) 100vw, 750px\" \/><strong>S\u01af\u0309 DU\u0323NG MA\u0301Y B\u01a0M N\u01af\u01a0\u0301C \u0110\u00c2\u0309Y CAO 12V 24V<\/strong><br \/>\n&#8211; Du\u0300ng b\u01a1m tr\u01a1\u0323 l\u01b0\u0323c trong h\u00ea\u0323 th\u00f4\u0301ng n\u01b0\u01a1\u0301c gia \u0111i\u0300nh.<br \/>\n&#8211; Du\u0300ng b\u01a1\u0301m n\u01b0\u01a1\u0301c l\u00ean nha\u0300 cao t\u00e2\u0300ng.<br \/>\n&#8211; Du\u0300ng b\u01a1m n\u01b0\u01a1\u0301c t\u01b0\u01a1\u0301i n\u00f4ng nhi\u00ea\u0323p.<br \/>\n&#8211; Du\u0300ng t\u01b0\u01a1\u0301i c\u00e2y va\u0300 h\u00ea\u0323 th\u00f4\u0301ng t\u01b0\u01a1\u0301i nha\u0300 v\u01b0\u01a1\u0300n.<br \/>\n&#8211; Du\u0300ng b\u01a1m n\u01b0\u01a1\u0301c h\u00f4\u0300 ch\u01b0\u0301a, s\u00f4ng su\u00f4\u0301i n\u01a1i kh\u00f4ng co\u0301 \u0111i\u00ea\u0323n.<br \/>\n&#8211; Du\u0300ng b\u01a1m n\u01b0\u01a1\u0301c l\u00ean s\u00e2n th\u01b0\u01a1\u0323ng.<br \/>\n&#8211; Du\u0300ng trong h\u00ea\u0323 th\u00f4\u0301ng pho\u0300ng cha\u0301y ch\u01b0\u0303a cha\u0301y.<br \/>\n&#8211; B\u01a1m n\u01b0\u01a1\u0301c trong chung c\u01b0 c\u0103n h\u00f4\u0323.<br \/>\n&#8211; B\u01a1m n\u01b0\u01a1\u0301c ng\u00e2\u0300m h\u00f4\u0301 s\u00e2u vi\u0300 co\u0301 kha\u0309 n\u0103ng hu\u0301t s\u00e2u.<br \/>\n&#8211; Du\u0300ng b\u01a1m n\u01b0\u01a1\u0301c gi\u00ea\u0301ng s\u00e2u l\u00ean b\u00f4\u0300n ch\u01b0\u0301a.<br \/>\n&#8211; Du\u0300ng b\u01a1m n\u01b0\u01a1\u0301c trong c\u00f4ng nghi\u00ea\u0323p, \u00f4\u0309n \u0111i\u0323nh h\u00ea\u0323 th\u00f4\u0301ng n\u01b0\u01a1\u0301c y\u00ea\u0301u.<br \/>\nVa\u0300 \u0111\u01b0\u01a1\u0323c \u01b0\u0301ng du\u0323ng trong nhi\u00ea\u0300u li\u0303nh v\u01b0\u0323c kha\u0301c &#8230;<br \/>\n<img decoding=\"async\" class=\"size-full wp-image-248737 aligncenter\" src=\"https:\/\/maybommini.com\/wp-content\/uploads\/2017\/04\/bom-nuoc-sinh-hoat-tuoi-cay-12v-24v.jpg\" alt=\"Bom Nuoc Sinh Hoat Tuoi Cay 12v 24v\" width=\"750\" height=\"750\" srcset=\"https:\/\/maybommini.vn\/wp-content\/uploads\/2017\/04\/bom-nuoc-sinh-hoat-tuoi-cay-12v-24v.jpg 750w, https:\/\/maybommini.vn\/wp-content\/uploads\/2017\/04\/bom-nuoc-sinh-hoat-tuoi-cay-12v-24v-300x300.jpg 300w, https:\/\/maybommini.vn\/wp-content\/uploads\/2017\/04\/bom-nuoc-sinh-hoat-tuoi-cay-12v-24v-600x600.jpg 600w, https:\/\/maybommini.vn\/wp-content\/uploads\/2017\/04\/bom-nuoc-sinh-hoat-tuoi-cay-12v-24v-150x150.jpg 150w\" sizes=\"(max-width: 750px) 100vw, 750px\" \/><br \/>\n<img decoding=\"async\" class=\"size-full wp-image-248742 aligncenter\" src=\"https:\/\/maybommini.com\/wp-content\/uploads\/2017\/04\/su-dung-may-bom-nuoc-tu-hut-va-day-cao.jpg\" alt=\"Su Dung May Bom Nuoc Tu Hut Va Day Cao\" width=\"750\" height=\"750\" srcset=\"https:\/\/maybommini.vn\/wp-content\/uploads\/2017\/04\/su-dung-may-bom-nuoc-tu-hut-va-day-cao.jpg 750w, https:\/\/maybommini.vn\/wp-content\/uploads\/2017\/04\/su-dung-may-bom-nuoc-tu-hut-va-day-cao-300x300.jpg 300w, https:\/\/maybommini.vn\/wp-content\/uploads\/2017\/04\/su-dung-may-bom-nuoc-tu-hut-va-day-cao-600x600.jpg 600w, https:\/\/maybommini.vn\/wp-content\/uploads\/2017\/04\/su-dung-may-bom-nuoc-tu-hut-va-day-cao-150x150.jpg 150w\" sizes=\"(max-width: 750px) 100vw, 750px\" \/> <img decoding=\"async\" class=\"size-full wp-image-248741 aligncenter\" src=\"https:\/\/maybommini.com\/wp-content\/uploads\/2017\/04\/may-bom-nuoc-mini-tu-hut.jpg\" alt=\"May Bom Nuoc Mini Tu Hut\" width=\"750\" height=\"750\" srcset=\"https:\/\/maybommini.vn\/wp-content\/uploads\/2017\/04\/may-bom-nuoc-mini-tu-hut.jpg 750w, https:\/\/maybommini.vn\/wp-content\/uploads\/2017\/04\/may-bom-nuoc-mini-tu-hut-300x300.jpg 300w, https:\/\/maybommini.vn\/wp-content\/uploads\/2017\/04\/may-bom-nuoc-mini-tu-hut-600x600.jpg 600w, https:\/\/maybommini.vn\/wp-content\/uploads\/2017\/04\/may-bom-nuoc-mini-tu-hut-150x150.jpg 150w\" sizes=\"(max-width: 750px) 100vw, 750px\" \/> <img decoding=\"async\" class=\"size-full wp-image-248736 aligncenter\" src=\"https:\/\/maybommini.com\/wp-content\/uploads\/2017\/04\/bom-nuoc-mini-12v-24v-tuoi-cay-tro-luc.jpg\" alt=\"Bom Nuoc Mini 12v 24v Tuoi Cay Tro Luc\" width=\"750\" height=\"750\" srcset=\"https:\/\/maybommini.vn\/wp-content\/uploads\/2017\/04\/bom-nuoc-mini-12v-24v-tuoi-cay-tro-luc.jpg 750w, https:\/\/maybommini.vn\/wp-content\/uploads\/2017\/04\/bom-nuoc-mini-12v-24v-tuoi-cay-tro-luc-300x300.jpg 300w, https:\/\/maybommini.vn\/wp-content\/uploads\/2017\/04\/bom-nuoc-mini-12v-24v-tuoi-cay-tro-luc-600x600.jpg 600w, https:\/\/maybommini.vn\/wp-content\/uploads\/2017\/04\/bom-nuoc-mini-12v-24v-tuoi-cay-tro-luc-150x150.jpg 150w\" sizes=\"(max-width: 750px) 100vw, 750px\" \/><strong>MUA MA\u0301Y B\u01a0M N\u01af\u01a0\u0301C \u0110\u00c2\u0309Y CAO \u01a0\u0309 \u0110\u00c2U ?<\/strong><br \/>\n<a href=\"https:\/\/maybommini.com\" target=\"_blank\" rel=\"noopener\"><strong>MAYBOMMINI.COM<\/strong><\/a> la\u0300 nha\u0300 ph\u00e2n ph\u00f4\u0301i ba\u0301n ha\u0300ng tr\u01b0\u0323c ti\u00ea\u0301p v\u01a1\u0301i nhi\u00ea\u0300u loa\u0323i ma\u0301y b\u01a1m \u0111a da\u0323ng kha\u0301c nhau. T\u00e2\u0301t ca\u0309 ca\u0301c sa\u0309n ph\u00e2\u0301m <a href=\"https:\/\/maybommini.com\/cho\u0323n-mua-may-bom-mini-tranh-mua-hang-nhay-kem-chat-luo\u0323ng.html\" target=\"_blank\" rel=\"noopener\">ma\u0301y b\u01a1m mini<\/a>, ma\u0301y b\u01a1m 12v 24v 220v, ma\u0301y phun s\u01b0\u01a1ng, <a href=\"http:\/\/maybomnuocmini.com\/san-pham\/may-bom-nuoc-12v-luu-luong-lon\" target=\"_blank\" rel=\"noopener\">ma\u0301y b\u01a1m l\u01b0u l\u01b0\u01a1\u0323ng l\u01a1\u0301n<\/a>,ma\u0301y b\u01a1m tr\u01a1\u0323 l\u01b0\u0323c, <a href=\"http:\/\/maybomnuocmini.com\/danh-muc\/may-phun-rua-cao-ap\" target=\"_blank\" rel=\"noopener\">ma\u0301y xi\u0323t a\u0301p l\u01b0\u0323c cao<\/a>, thi\u00ea\u0301t bi\u0323 \u0111i\u00ea\u0323n \u0111\u00ea\u0300u \u0111\u01b0\u01a1\u0323c nh\u00e2\u0323p kh\u00e2\u0309u.<br \/>\n<strong>Hotline:<\/strong>\u00a00907294310 \u2013 02873030399<br \/>\n<strong>Email:<\/strong>\u00a0maybommini.com@gmail.com<br \/>\n<strong>Website<\/strong>:\u00a0<a href=\"https:\/\/maybommini.com\/\" target=\"_blank\" rel=\"noopener\">https:\/\/maybommini.com<\/a><br \/>\n<strong>Facebook:<\/strong>\u00a0<a href=\"https:\/\/www.facebook.com\/maybommini\" target=\"_blank\" rel=\"noopener\">https:\/\/www.facebook.com\/maybommini<\/a><br \/>\n<strong>Youtube demo:<\/strong>\u00a0<a href=\"https:\/\/www.youtube.com\/bahamasali\" target=\"_blank\" rel=\"noopener\">https:\/\/www.youtube.com\/bahamasali<\/a><\/p>\n","protected":false},"excerpt":{"rendered":"<p>Model: 1ZDB-24V200W<br \/>\n\u0110i\u00ea\u0323n th\u00ea\u0301: 24V DC<br \/>\nC\u00f4ng su\u00e2\u0301t: 200W<br \/>\nL\u01b0u l\u01b0\u01a1\u0323ng: 27 L\/P &#8211; 1.6 m3\/h<br \/>\nHu\u0301t s\u00e2u: 9 me\u0301t<br \/>\n\u0110\u00e2\u0309y cao: 20 me\u0301t<br \/>\nT\u00f4\u0301c \u0111\u00f4\u0323:\u00a03000 (r \/ m)<br \/>\nRen g\u0103\u0301n \u00f4\u0301ng: 25 mm<br \/>\nTro\u0323ng l\u01b0\u01a1\u0323ng: 5 Kg<br \/>\nCh\u00e2\u0301t li\u00ea\u0323u: The\u0301p kh\u00f4ng ri\u0309.<br \/>\nTru\u0323c b\u01a1m: N\u0103\u0300m ngang.<br \/>\nMa\u0301y b\u01a1m ca\u0301nh qua\u0323t.<br \/>\nTi\u00ea\u0301ng \u00f4\u0300n th\u00e2\u0301p.<br \/>\nPhu\u0323 ki\u00ea\u0323n: Ke\u0323p bi\u0300nh a\u0301c quy, Ren g\u0103\u0301n \u00f4\u0301ng.<br \/>\nMa\u0301y b\u01a1m Nh\u00e2\u0323p kh\u00e2\u0309u<br \/>\nBa\u0309o ha\u0300nh: 3 tha\u0301ng<br \/>\n<strong>Ph\u00e2n ph\u1ed1i: Maybommini.com<\/strong><br \/>\n<strong>T\u01af V\u1ea4N K\u1ef8 THU\u1eacT \u2013 MUA H\u00c0NG<br \/>\n0908997823 \u2013 0908997872<br \/>\n0907294310 \u2013 02873030399<\/strong><\/p>\n","protected":false},"featured_media":257120,"comment_status":"open","ping_status":"closed","template":"","meta":[],"product_brand":[44],"product_cat":[224,486],"product_tag":[267,488,1241,1242,1243,375,1244,646,1234,647],"class_list":{"0":"post-256976","1":"product","2":"type-product","3":"status-publish","4":"has-post-thumbnail","6":"product_brand-smartpumps","7":"product_cat-may-bom-nuoc","8":"product_cat-may-bom-nuoc-mini-24v","9":"product_tag-12v","10":"product_tag-24v","11":"product_tag-bom-tu-hut","12":"product_tag-day-cao","13":"product_tag-may-bom-hut-sau","14":"product_tag-may-bom-nuoc","15":"product_tag-may-bom-nuoc-gieng","16":"product_tag-may-bom-tro-luc","17":"product_tag-may-bom-tu-hut","18":"product_tag-may-bom-tuoi-cay","20":"first","21":"instock","22":"sale","23":"shipping-taxable","24":"purchasable","25":"product-type-simple"},"_links":{"self":[{"href":"https:\/\/maybommini.vn\/index.php?rest_route=\/wp\/v2\/product\/256976","targetHints":{"allow":["GET"]}}],"collection":[{"href":"https:\/\/maybommini.vn\/index.php?rest_route=\/wp\/v2\/product"}],"about":[{"href":"https:\/\/maybommini.vn\/index.php?rest_route=\/wp\/v2\/types\/product"}],"replies":[{"embeddable":true,"href":"https:\/\/maybommini.vn\/index.php?rest_route=%2Fwp%2Fv2%2Fcomments&post=256976"}],"wp:featuredmedia":[{"embeddable":true,"href":"https:\/\/maybommini.vn\/index.php?rest_route=\/wp\/v2\/media\/257120"}],"wp:attachment":[{"href":"https:\/\/maybommini.vn\/index.php?rest_route=%2Fwp%2Fv2%2Fmedia&parent=256976"}],"wp:term":[{"taxonomy":"product_brand","embeddable":true,"href":"https:\/\/maybommini.vn\/index.php?rest_route=%2Fwp%2Fv2%2Fproduct_brand&post=256976"},{"taxonomy":"product_cat","embeddable":true,"href":"https:\/\/maybommini.vn\/index.php?rest_route=%2Fwp%2Fv2%2Fproduct_cat&post=256976"},{"taxonomy":"product_tag","embeddable":true,"href":"https:\/\/maybommini.vn\/index.php?rest_route=%2Fwp%2Fv2%2Fproduct_tag&post=256976"}],"curies":[{"name":"wp","href":"https:\/\/api.w.org\/{rel}","templated":true}]}}