{"id":257007,"date":"2018-04-12T19:41:14","date_gmt":"2018-04-12T12:41:14","guid":{"rendered":"https:\/\/maybommini.com\/san-pham\/import-placeholder-for-253255"},"modified":"2018-05-13T23:40:09","modified_gmt":"2018-05-13T16:40:09","slug":"dong-ho-do-ap-luc-nuoc-12mpa","status":"publish","type":"product","link":"https:\/\/maybommini.vn\/?product=dong-ho-do-ap-luc-nuoc-12mpa","title":{"rendered":"\u0110\u1ed3ng h\u1ed3 \u0111o \u00e1p l\u1ef1c n\u01b0\u1edbc 12Mpa"},"content":{"rendered":"<h3><strong>\u0110\u1ed3ng h\u1ed3 \u0111o \u00e1p l\u1ef1c n\u01b0\u1edbc 12Mpa s\u1eed d\u1ee5ng cho c\u00e1c lo\u1ea1i m\u00e1y b\u01a1m \u00e1p l\u1ef1c cao, m\u00e1y b\u01a1m mini, m\u00e1y x\u1ecbt cao \u00e1p, m\u00e1y phun s\u01b0\u01a1ng.<\/strong><\/h3>\n<p><img decoding=\"async\" class=\"size-full wp-image-248830 aligncenter\" src=\"https:\/\/maybommini.com\/wp-content\/uploads\/2017\/04\/dong-ho-ap-luc-nuoc-12mpa.jpg\" alt=\"Dong Ho Ap Luc Nuoc 12mpa\" width=\"750\" height=\"750\" srcset=\"https:\/\/maybommini.vn\/wp-content\/uploads\/2017\/04\/dong-ho-ap-luc-nuoc-12mpa.jpg 750w, https:\/\/maybommini.vn\/wp-content\/uploads\/2017\/04\/dong-ho-ap-luc-nuoc-12mpa-300x300.jpg 300w, https:\/\/maybommini.vn\/wp-content\/uploads\/2017\/04\/dong-ho-ap-luc-nuoc-12mpa-600x600.jpg 600w, https:\/\/maybommini.vn\/wp-content\/uploads\/2017\/04\/dong-ho-ap-luc-nuoc-12mpa-150x150.jpg 150w\" sizes=\"(max-width: 750px) 100vw, 750px\" \/><\/p>\n<p><strong>TH\u00d4NG S\u1ed0 K\u1ef6 THU\u1eacT \u0110\u1ed2NG H\u1ed2 \u00c1P L\u1ef0C<\/strong><br \/>\n\u00c1p l\u1ef1c : 12 Mpa &#8211; 120 Bar<br \/>\nCh\u00e2\u0301t li\u00ea\u0323u: Inox &#8211; \u0111\u00f4\u0300ng<br \/>\n\u0110\u01b0\u1eddng k\u00edn: 50 mm<br \/>\nRen: 14 mm<br \/>\nTro\u0323ng l\u01b0\u01a1\u0323ng: 110 gam<br \/>\nBa\u0309o ha\u0300nh: 1 tha\u0301ng<br \/>\nHa\u0300ng nh\u00e2\u0323p kh\u00e2\u0309u<br \/>\n<img decoding=\"async\" class=\"size-full wp-image-248830 aligncenter\" src=\"https:\/\/maybommini.com\/wp-content\/uploads\/2017\/04\/dong-ho-ap-luc-nuoc-12mpa.jpg\" alt=\"Dong Ho Ap Luc Nuoc 12mpa\" width=\"750\" height=\"750\" srcset=\"https:\/\/maybommini.vn\/wp-content\/uploads\/2017\/04\/dong-ho-ap-luc-nuoc-12mpa.jpg 750w, https:\/\/maybommini.vn\/wp-content\/uploads\/2017\/04\/dong-ho-ap-luc-nuoc-12mpa-300x300.jpg 300w, https:\/\/maybommini.vn\/wp-content\/uploads\/2017\/04\/dong-ho-ap-luc-nuoc-12mpa-600x600.jpg 600w, https:\/\/maybommini.vn\/wp-content\/uploads\/2017\/04\/dong-ho-ap-luc-nuoc-12mpa-150x150.jpg 150w\" sizes=\"(max-width: 750px) 100vw, 750px\" \/> <img decoding=\"async\" class=\"size-full wp-image-248829 aligncenter\" src=\"https:\/\/maybommini.com\/wp-content\/uploads\/2017\/04\/dong-do-ap-luc-nuoc.jpg\" alt=\"Dong Do Ap Luc Nuoc\" width=\"750\" height=\"750\" srcset=\"https:\/\/maybommini.vn\/wp-content\/uploads\/2017\/04\/dong-do-ap-luc-nuoc.jpg 750w, https:\/\/maybommini.vn\/wp-content\/uploads\/2017\/04\/dong-do-ap-luc-nuoc-300x300.jpg 300w, https:\/\/maybommini.vn\/wp-content\/uploads\/2017\/04\/dong-do-ap-luc-nuoc-600x600.jpg 600w, https:\/\/maybommini.vn\/wp-content\/uploads\/2017\/04\/dong-do-ap-luc-nuoc-150x150.jpg 150w\" sizes=\"(max-width: 750px) 100vw, 750px\" \/><strong>\u01af\u0301NG DU\u0323NG \u0110\u00d4\u0300NG H\u00d4\u0300 \u0110O A\u0301P L\u01af\u0323C N\u01af\u01a0\u0301C<\/strong><br \/>\nD\u00f9ng \u0111\u1ec3 \u0111o \u00e1p l\u1ef1c n\u01b0\u1edbc \u0111\u1ea7u ra cho c\u00e1c thi\u1ebft b\u1ecb, m\u00e1y b\u01a1m n\u01b0\u1edbc, m\u00e1y b\u01a1m \u00e1p l\u1ef1c cao, m\u00e1y phun s\u01b0\u01a1ng, m\u00e1y b\u01a1m x\u1ecbt r\u1eeda cao \u00e1p,&#8230;. \u0110\u1ed3ng h\u1ed3 c\u00f3 t\u00ednh ch\u00ednh s\u00e1t cao \u0111\u1ec3 bi\u1ebft \u00e1p l\u1ef1c n\u01b0\u1edbc \u0111\u1ea7u ra.<br \/>\n&#8211; Du\u0300ng cho ma\u0301y xi\u0323t r\u01b0\u0309a a\u0301p l\u01b0\u0323c cao.<br \/>\n&#8211; Du\u0300ng \u0111o h\u00ea\u0323 th\u00f4\u0301ng phun s\u01b0\u01a1ng.<br \/>\n&#8211; Du\u0300ng trong h\u00ea\u0323 th\u00f4\u0301ng c\u00e2\u0301p n\u01b0\u01a1\u0301c.<br \/>\n&#8211; Du\u0300ng trong nha\u0300 ma\u0301y c\u00f4ng nhi\u00ea\u0323p.<br \/>\n&#8211; Du\u0300ng trong h\u00ea\u0323 th\u00f4\u0301ng ma\u0301y t\u01b0\u0323 \u0111\u00f4\u0323ng.<br \/>\n&#8211; Du\u0300ng cho ma\u0301y b\u01a1m n\u01b0\u01a1\u0301c.<br \/>\n&#8211; Du\u0300ng cho ma\u0301y b\u01a1m ch\u00e2\u0301t lo\u0309ng.<br \/>\n&#8211; Du\u0300ng trong xe c\u01b0\u0301u ho\u0309a va\u0300 h\u00ea\u0323 th\u00f4\u0301ng b\u01a1m.<br \/>\nVa\u0300 \u0111\u01b0\u01a1\u0323c du\u0300ng nhi\u00ea\u0300u trong ca\u0301c li\u0303nh v\u01b0\u0323c kha\u0301c.<br \/>\n<img decoding=\"async\" class=\"size-full wp-image-248831 aligncenter\" src=\"https:\/\/maybommini.com\/wp-content\/uploads\/2017\/04\/dong-ho-do-ap-luc-nuoc.jpg\" alt=\"Dong Ho Do Ap Luc Nuoc\" width=\"750\" height=\"750\" srcset=\"https:\/\/maybommini.vn\/wp-content\/uploads\/2017\/04\/dong-ho-do-ap-luc-nuoc.jpg 750w, https:\/\/maybommini.vn\/wp-content\/uploads\/2017\/04\/dong-ho-do-ap-luc-nuoc-300x300.jpg 300w, https:\/\/maybommini.vn\/wp-content\/uploads\/2017\/04\/dong-ho-do-ap-luc-nuoc-600x600.jpg 600w, https:\/\/maybommini.vn\/wp-content\/uploads\/2017\/04\/dong-ho-do-ap-luc-nuoc-150x150.jpg 150w\" sizes=\"(max-width: 750px) 100vw, 750px\" \/><\/p>\n<h3>\u0110\u00d4\u0300NG H\u00d4\u0300 \u0110O A\u0301P L\u01af\u0323C N\u01af\u01a0\u0301C<\/h3>\n<p><strong>MUA \u0110\u1ed2NG H\u1ed2 \u00c1P L\u1ef0C \u1ede \u0110\u00c2U ?<br \/>\n<\/strong>Chuy\u00ean cung c\u00e2\u0301p ca\u0301c loa\u0323i thi\u00ea\u0301t bi\u0323 a\u0301p l\u01b0\u0323c cao, \u0111\u00f4\u0300ng h\u00f4\u0300 a\u0301p l\u01b0\u0323c, ma\u0301y b\u00e2\u0301m \u00f4\u0301ng a\u0301p l\u01b0\u0323c, ma\u0301y xi\u0323t r\u01b0\u0309a a\u0301p l\u01b0\u0323c cao.<br \/>\n<a href=\"https:\/\/maybommini.com\" target=\"_blank\" rel=\"noopener noreferrer\">Ma\u0301y B\u01a1m Mini<\/a> nha\u0300 cung c\u00e2\u0301p ha\u0300ng \u0111\u00e2\u0300u v\u00ea\u0300 thi\u00ea\u0301t bi\u0323 \u0111i\u00ea\u0323n n\u01b0\u01a1\u0301c \u0111i\u00ea\u0323n t\u01b0\u0309 ta\u0323i Vi\u00ea\u0323t Nam nh\u01b0 ma\u0301y b\u01a1m n\u01b0\u01a1\u0301c, ma\u0301y b\u01a1m a\u0301p l\u01b0\u0323c, phu\u0323 ki\u00ea\u0323n, ma\u0301y phun s\u01b0\u01a1ng, <a href=\"https:\/\/maybommini.com\/san-pham\/may-bom-xit-rua-ap-luc-cao-220v-1-5kw-bm-s2\" target=\"_blank\" rel=\"noopener noreferrer\">ma\u0301y xi\u0323t r\u01b0\u0309a xe<\/a>, ma\u0301y b\u01a1m x\u0103ng d\u00e2\u0300u nh\u01a1\u0301t va\u0300 thi\u00ea\u0301t bi\u0323 du\u0323ng cu\u0323 c\u00e2\u0300m tay.<br \/>\nWebsite:\u00a0<a href=\"https:\/\/maybommini.com\" target=\"_blank\" rel=\"noopener noreferrer\">https:\/\/maybommini.com<\/a><br \/>\nEmail: maybommini.com@gmail.com<br \/>\nFacebook:\u00a0<a href=\"https:\/\/www.facebook.com\/maybommini\/\" target=\"_blank\" rel=\"noopener noreferrer\">https:\/\/www.facebook.com\/maybommini<\/a><\/p>\n","protected":false},"excerpt":{"rendered":"<p>\u00c1p l\u1ef1c : 12 Mpa &#8211; 120 Bar<br \/>\nCh\u00e2\u0301t li\u00ea\u0323u: Inox &#8211; \u0111\u00f4\u0300ng<br \/>\n\u0110\u01b0\u1eddng k\u00edn: 50 mm<br \/>\nRen: 14 mm<br \/>\nTro\u0323ng l\u01b0\u01a1\u0323ng: 110 gam<br \/>\nBa\u0309o ha\u0300nh: 1 tha\u0301ng<br \/>\nHa\u0300ng nh\u00e2\u0323p kh\u00e2\u0309u<\/p>\n","protected":false},"featured_media":257160,"comment_status":"open","ping_status":"closed","template":"","meta":[],"product_brand":[],"product_cat":[215],"product_tag":[1251,251,763,764,765,1252,766,1253,767,1254,768,1255,1072],"class_list":{"0":"post-257007","1":"product","2":"type-product","3":"status-publish","4":"has-post-thumbnail","6":"product_cat-phu-kien-xit-rua-ap-luc","7":"product_tag-12mpa","8":"product_tag-ap-luc","9":"product_tag-ap-luc-nuoc","10":"product_tag-do-ap-luc","11":"product_tag-do-ap-luc-may-bom","12":"product_tag-do-ap-luc-nuoc","13":"product_tag-do-ap-nuoc","14":"product_tag-dong-do-ap","15":"product_tag-dong-ho","16":"product_tag-dong-ho-ap-luc","17":"product_tag-dong-ho-nuoc","18":"product_tag-mpa","19":"product_tag-psi","21":"first","22":"instock","23":"sale","24":"shipping-taxable","25":"purchasable","26":"product-type-simple"},"_links":{"self":[{"href":"https:\/\/maybommini.vn\/index.php?rest_route=\/wp\/v2\/product\/257007","targetHints":{"allow":["GET"]}}],"collection":[{"href":"https:\/\/maybommini.vn\/index.php?rest_route=\/wp\/v2\/product"}],"about":[{"href":"https:\/\/maybommini.vn\/index.php?rest_route=\/wp\/v2\/types\/product"}],"replies":[{"embeddable":true,"href":"https:\/\/maybommini.vn\/index.php?rest_route=%2Fwp%2Fv2%2Fcomments&post=257007"}],"wp:featuredmedia":[{"embeddable":true,"href":"https:\/\/maybommini.vn\/index.php?rest_route=\/wp\/v2\/media\/257160"}],"wp:attachment":[{"href":"https:\/\/maybommini.vn\/index.php?rest_route=%2Fwp%2Fv2%2Fmedia&parent=257007"}],"wp:term":[{"taxonomy":"product_brand","embeddable":true,"href":"https:\/\/maybommini.vn\/index.php?rest_route=%2Fwp%2Fv2%2Fproduct_brand&post=257007"},{"taxonomy":"product_cat","embeddable":true,"href":"https:\/\/maybommini.vn\/index.php?rest_route=%2Fwp%2Fv2%2Fproduct_cat&post=257007"},{"taxonomy":"product_tag","embeddable":true,"href":"https:\/\/maybommini.vn\/index.php?rest_route=%2Fwp%2Fv2%2Fproduct_tag&post=257007"}],"curies":[{"name":"wp","href":"https:\/\/api.w.org\/{rel}","templated":true}]}}