{"id":257030,"date":"2018-04-12T19:41:40","date_gmt":"2018-04-12T12:41:40","guid":{"rendered":"https:\/\/maybommini.com\/san-pham\/import-placeholder-for-253257"},"modified":"2020-01-01T12:48:45","modified_gmt":"2020-01-01T05:48:45","slug":"van-dien-tu-2w-025-08-phi-2-5mm-220v","status":"publish","type":"product","link":"https:\/\/maybommini.vn\/?product=van-dien-tu-2w-025-08-phi-2-5mm-220v","title":{"rendered":"Van \u0111i\u1ec7n t\u1eeb 2W-025-08 phi 2.5mm 220V ren 13mm"},"content":{"rendered":"<h3><em><strong>Chuy\u00ean ph\u00e2n ph\u1ed1i c\u00e1c lo\u1ea1i <a href=\"\\&quot;https:\/\/maybommini.com\/danh-muc\/phu-kien-bom-nuoc-mini\/van-dien-tu-solenoid-vavle\\&quot;\" target=\"\\&quot;_blank\\&quot;\" rel=\"\\&quot;noopener\">van \u0111i\u1ec7n t\u1eeb Solenoi Valve <\/a>th\u01b0\u1eddng \u0111\u00f3ng 12V 24V 220V h\u00e0ng \u0111\u1ea7u ch\u00ednh h\u00e3ng t\u1ea1i Vi\u1ec7t Nam. V\u1edbi ch\u1ea5t l\u01b0\u1ee3ng \u0111\u1ea3m b\u1ea3o v\u00e0 b\u1ea3o h\u00e0nh ch\u00ednh h\u00e3ng t\u1eeb nh\u00e0 s\u1ea3n xu\u1ea5t. \u0110\u00e2y ch\u00ednh l\u00e0 l\u1ef1a ch\u1ecdn s\u1ed1 1 c\u1ee7a kh\u00e1ch h\u00e0ng ch\u00fang t\u00f4i hi\u1ec7n nay.<\/strong><\/em><\/h3>\n<p><a href=\"https:\/\/maybommini.com\/wp-content\/uploads\/2019\/08\/Van-dien-tu-2W-025-08-220V.jpg\" target=\"_blank\" rel=\"noopener\"><img decoding=\"async\" class=\"size-full wp-image-263281 aligncenter\" src=\"https:\/\/maybommini.com\/wp-content\/uploads\/2019\/08\/Van-dien-tu-2W-025-08-220V.jpg\" alt=\"Van Dien Tu 2W 025 08 220V\" width=\"750\" height=\"750\" srcset=\"https:\/\/maybommini.vn\/wp-content\/uploads\/2019\/08\/Van-dien-tu-2W-025-08-220V.jpg 750w, https:\/\/maybommini.vn\/wp-content\/uploads\/2019\/08\/Van-dien-tu-2W-025-08-220V-300x300.jpg 300w, https:\/\/maybommini.vn\/wp-content\/uploads\/2019\/08\/Van-dien-tu-2W-025-08-220V-150x150.jpg 150w, https:\/\/maybommini.vn\/wp-content\/uploads\/2019\/08\/Van-dien-tu-2W-025-08-220V-600x600.jpg 600w\" sizes=\"(max-width: 750px) 100vw, 750px\" \/><\/a><\/p>\n<p><strong>TH\u00d4NG S\u1ed0 K\u1ef8 THU\u1eacT<\/strong><br \/>\nModel:\u00a02W-025-08<br \/>\n\u0110i\u1ec7n th\u1ebf: 220V AC<br \/>\nPhi \u0111\u01b0\u1eddng \u1ed1ng: 2.5 mm<br \/>\nRen trong: 13 mm<br \/>\nNhi\u1ec7t \u0111\u1ed9 l\u00e0m vi\u1ec7c: -5 &#8211; 80 \u0111\u1ed9 C<br \/>\n\u00c1p l\u1ef1c ch\u1ecbu t\u1ea3i: 10 kgf\/cm2 (0 &#8211; 1.0 mpa)<br \/>\nDu\u0300ng nam ch\u00e2m \u0111i\u00ea\u0323n: 2 \u0111i\u00ea\u0309m<br \/>\nVan \u0111i\u1ec7n: Th\u01b0\u1eddng \u0111\u00f3ng &#8211; M\u1edf khi c\u00f3 \u0111i\u1ec7n<br \/>\nK\u00edch th\u01b0\u1edbc:\u00a039 * 42 * 74 mm<br \/>\nCh\u1ea5t li\u1ec7u: \u0110\u1ed3ng &#8211; Th\u00e9p<br \/>\nTr\u1ecdng l\u01b0\u1ee3ng: 0.37 kg<\/p>\n<p><a href=\"https:\/\/maybommini.com\/wp-content\/uploads\/2019\/08\/van-dien-tu-2W-025-08.jpg\" target=\"_blank\" rel=\"noopener\"><img decoding=\"async\" class=\"size-full wp-image-263278 aligncenter\" src=\"https:\/\/maybommini.com\/wp-content\/uploads\/2019\/08\/van-dien-tu-2W-025-08.jpg\" alt=\"Van Dien Tu 2W 025 08\" width=\"750\" height=\"750\" srcset=\"https:\/\/maybommini.vn\/wp-content\/uploads\/2019\/08\/van-dien-tu-2W-025-08.jpg 750w, https:\/\/maybommini.vn\/wp-content\/uploads\/2019\/08\/van-dien-tu-2W-025-08-300x300.jpg 300w, https:\/\/maybommini.vn\/wp-content\/uploads\/2019\/08\/van-dien-tu-2W-025-08-150x150.jpg 150w, https:\/\/maybommini.vn\/wp-content\/uploads\/2019\/08\/van-dien-tu-2W-025-08-600x600.jpg 600w\" sizes=\"(max-width: 750px) 100vw, 750px\" \/><\/a><a href=\"https:\/\/maybommini.com\/wp-content\/uploads\/2019\/08\/linh-kien-van-dien-tu.jpg\" target=\"_blank\" rel=\"noopener\"><img decoding=\"async\" class=\"size-full wp-image-263275 aligncenter\" src=\"https:\/\/maybommini.com\/wp-content\/uploads\/2019\/08\/linh-kien-van-dien-tu.jpg\" alt=\"Linh Kien Van Dien Tu\" width=\"750\" height=\"750\" srcset=\"https:\/\/maybommini.vn\/wp-content\/uploads\/2019\/08\/linh-kien-van-dien-tu.jpg 750w, https:\/\/maybommini.vn\/wp-content\/uploads\/2019\/08\/linh-kien-van-dien-tu-300x300.jpg 300w, https:\/\/maybommini.vn\/wp-content\/uploads\/2019\/08\/linh-kien-van-dien-tu-150x150.jpg 150w, https:\/\/maybommini.vn\/wp-content\/uploads\/2019\/08\/linh-kien-van-dien-tu-600x600.jpg 600w\" sizes=\"(max-width: 750px) 100vw, 750px\" \/><\/a> <a href=\"https:\/\/maybommini.com\/wp-content\/uploads\/2019\/08\/Solenoid-Valve-12v-24v-220v.jpg\" target=\"_blank\" rel=\"noopener\"><img decoding=\"async\" class=\"size-full wp-image-263276 aligncenter\" src=\"https:\/\/maybommini.com\/wp-content\/uploads\/2019\/08\/Solenoid-Valve-12v-24v-220v.jpg\" alt=\"Solenoid Valve 12v 24v 220v\" width=\"750\" height=\"750\" srcset=\"https:\/\/maybommini.vn\/wp-content\/uploads\/2019\/08\/Solenoid-Valve-12v-24v-220v.jpg 750w, https:\/\/maybommini.vn\/wp-content\/uploads\/2019\/08\/Solenoid-Valve-12v-24v-220v-300x300.jpg 300w, https:\/\/maybommini.vn\/wp-content\/uploads\/2019\/08\/Solenoid-Valve-12v-24v-220v-150x150.jpg 150w, https:\/\/maybommini.vn\/wp-content\/uploads\/2019\/08\/Solenoid-Valve-12v-24v-220v-600x600.jpg 600w\" sizes=\"(max-width: 750px) 100vw, 750px\" \/><\/a><\/p>\n<p><strong>TH\u1ed0NG S\u1ed0 CHUNG C\u00c1C LO\u1ea0I VAN \u0110I\u1ec6N T\u1eea KH\u00c1C<\/strong><br \/>\n2W-08 (1\/4\\&#8221;, DN8) D\u00f2ng ch\u1ea3y \u0110\u01b0\u1eddng k\u00ednh: 2.5mm<br \/>\n2W-10 (3\/8\\&#8221;, DN10) D\u00f2ng ch\u1ea3y \u0110\u01b0\u1eddng k\u00ednh: 4mm<br \/>\n2W-15 (1\/2\\&#8221;, DN15) D\u00f2ng ch\u1ea3y \u0110\u01b0\u1eddng k\u00ednh: 16mm<br \/>\n2W-20 (3\/4\\&#8221;, DN20) D\u00f2ng ch\u1ea3y \u0110\u01b0\u1eddng k\u00ednh: 20mm<br \/>\n2W-25 (1\\&#8221;, DN25) D\u00f2ng ch\u1ea3y \u0110\u01b0\u1eddng k\u00ednh: 25mm<br \/>\n2W-35 (1 1\/4\\&#8221;, DN35) D\u00f2ng ch\u1ea3y \u0110\u01b0\u1eddng k\u00ednh: 35mm<br \/>\n2W-40 (1 1\/2\\&#8221;, DN40) D\u00f2ng ch\u1ea3y \u0110\u01b0\u1eddng k\u00ednh: 40mm<br \/>\n2W-50 (2\\&#8221;, DN50) D\u00f2ng ch\u1ea3y \u0110\u01b0\u1eddng k\u00ednh: 50mm<\/p>\n<p><a href=\"https:\/\/maybommini.com\/wp-content\/uploads\/2019\/08\/ban-van-dien-tu-12v-24v-220v.jpg\" target=\"_blank\" rel=\"noopener\"><img decoding=\"async\" class=\"size-full wp-image-263272 aligncenter\" src=\"https:\/\/maybommini.com\/wp-content\/uploads\/2019\/08\/ban-van-dien-tu-12v-24v-220v.jpg\" alt=\"Ban Van Dien Tu 12v 24v 220v\" width=\"750\" height=\"750\" srcset=\"https:\/\/maybommini.vn\/wp-content\/uploads\/2019\/08\/ban-van-dien-tu-12v-24v-220v.jpg 750w, https:\/\/maybommini.vn\/wp-content\/uploads\/2019\/08\/ban-van-dien-tu-12v-24v-220v-300x300.jpg 300w, https:\/\/maybommini.vn\/wp-content\/uploads\/2019\/08\/ban-van-dien-tu-12v-24v-220v-150x150.jpg 150w, https:\/\/maybommini.vn\/wp-content\/uploads\/2019\/08\/ban-van-dien-tu-12v-24v-220v-600x600.jpg 600w\" sizes=\"(max-width: 750px) 100vw, 750px\" \/><\/a><\/p>\n<h3 style=\"text-align: center;\">Van \u0111i\u1ec7n t\u1eeb 2W-025-08<\/h3>\n<p><a href=\"https:\/\/maybommini.com\/wp-content\/uploads\/2019\/08\/van-dien-tu-loi-dong.jpg\" target=\"_blank\" rel=\"noopener\"><img decoding=\"async\" class=\"size-full wp-image-263282 aligncenter\" src=\"https:\/\/maybommini.com\/wp-content\/uploads\/2019\/08\/van-dien-tu-loi-dong.jpg\" alt=\"Van Dien Tu Loi Dong\" width=\"750\" height=\"750\" srcset=\"https:\/\/maybommini.vn\/wp-content\/uploads\/2019\/08\/van-dien-tu-loi-dong.jpg 750w, https:\/\/maybommini.vn\/wp-content\/uploads\/2019\/08\/van-dien-tu-loi-dong-300x300.jpg 300w, https:\/\/maybommini.vn\/wp-content\/uploads\/2019\/08\/van-dien-tu-loi-dong-150x150.jpg 150w, https:\/\/maybommini.vn\/wp-content\/uploads\/2019\/08\/van-dien-tu-loi-dong-600x600.jpg 600w\" sizes=\"(max-width: 750px) 100vw, 750px\" \/><\/a><\/p>\n<p><strong>K\u00cdCH TH\u01af\u1edaC<\/strong><br \/>\n2W-08 LWH: 39 * 42 * 74 mm &#8211; 0.37 kg<br \/>\n2W-10 LWH: 51 * 52 * 85\u00a0mm &#8211; 0.48 kg<br \/>\n2W-15 LWH: 62 * 102 * 55\u00a0mm &#8211; 0.6 kg<br \/>\n2W-20 LWH: 67 * 55 * 113\u00a0mm &#8211; \u00a00.66 kg<br \/>\n2W-25 LWH: 86 * 117 * 73\u00a0mm &#8211; 1.02 kg<br \/>\n2W-32 LWH: 90 * 130 * 77\u00a0mm &#8211; 1.16 kg<br \/>\n2W-40 LWH: 106 * 87 * 164\u00a0mm &#8211; 2.32 kg<br \/>\n2W-50 LWH: 123 * 93 * 176\u00a0mm &#8211; 4 kg<\/p>\n<p><a href=\"https:\/\/maybommini.com\/wp-content\/uploads\/2019\/08\/kich-thuoc-van-dien-tu-ren-13mm.jpg\" target=\"_blank\" rel=\"noopener\"><img decoding=\"async\" class=\"size-full wp-image-263274 aligncenter\" src=\"https:\/\/maybommini.com\/wp-content\/uploads\/2019\/08\/kich-thuoc-van-dien-tu-ren-13mm.jpg\" alt=\"Kich Thuoc Van Dien Tu Ren 13mm\" width=\"750\" height=\"750\" srcset=\"https:\/\/maybommini.vn\/wp-content\/uploads\/2019\/08\/kich-thuoc-van-dien-tu-ren-13mm.jpg 750w, https:\/\/maybommini.vn\/wp-content\/uploads\/2019\/08\/kich-thuoc-van-dien-tu-ren-13mm-300x300.jpg 300w, https:\/\/maybommini.vn\/wp-content\/uploads\/2019\/08\/kich-thuoc-van-dien-tu-ren-13mm-150x150.jpg 150w, https:\/\/maybommini.vn\/wp-content\/uploads\/2019\/08\/kich-thuoc-van-dien-tu-ren-13mm-600x600.jpg 600w\" sizes=\"(max-width: 750px) 100vw, 750px\" \/><\/a><\/p>\n<p><strong>\u1ee8NG D\u1ee4NG VAN \u0110I\u1ec6N T\u1eea &#8211; SOLENOID VALE<\/strong><br \/>\n&#8211; D\u00f9ng l\u00e0m kh\u00f3a m\u1edf n\u01b0\u1edbc t\u1ef1 \u0111\u1ed9ng<br \/>\n&#8211; D\u00f9ng l\u00e0m kh\u00f3a m\u1edf d\u1ea7u nh\u1edbt.<br \/>\n&#8211; D\u00f9ng l\u00e0m kh\u00f3a kh\u00ed ga.<br \/>\n&#8211; D\u00f9ng trong <a href=\"\\&quot;https:\/\/maybommini.com\/danh-muc\/he-thong-phun-suong\\&quot;\" target=\"\\&quot;_blank\\&quot;\" rel=\"\\&quot;noopener\">h\u1ec7 th\u1ed1ng phun s\u01b0\u01a1ng<\/a>.<br \/>\n&#8211; D\u00f9ng trong h\u1ec7 th\u1ed1ng t\u01b0\u1edbi t\u1ef1 \u0111\u1ed9ng.<br \/>\n&#8211; D\u00f9ng trong h\u1ec7 th\u1ed1ng cungg c\u1ea5p n\u01b0\u1edbc.<br \/>\n&#8211; D\u00f9ng trong t\u01b0\u1edbi Lan nh\u00e0 v\u01b0\u1eddn.<br \/>\n&#8211; D\u00f9ng trong h\u1ec7 th\u1ed1ng m\u00e1y c\u00f4ng nghi\u1ec7p.<br \/>\n&#8211; D\u00f9ng trong m\u00e1y <a href=\"\\&quot;https:\/\/maybommini.com\/danh-muc\/may-bom-ap-luc-mini\/may-bom-nuoc-ro\\&quot;\" target=\"\\&quot;_blank\\&quot;\" rel=\"\\&quot;noopener\">l\u1ecdc n\u01b0\u1edbc RO<\/a>.<\/p>\n<p><a href=\"https:\/\/maybommini.com\/wp-content\/uploads\/2019\/08\/chuyen-ban-van-dien-tu-cao-cap-chinh-hang.jpg\" target=\"_blank\" rel=\"noopener\"><img decoding=\"async\" class=\"size-full wp-image-263273 aligncenter\" src=\"https:\/\/maybommini.com\/wp-content\/uploads\/2019\/08\/chuyen-ban-van-dien-tu-cao-cap-chinh-hang.jpg\" alt=\"Chuyen Ban Van Dien Tu Cao Cap Chinh Hang\" width=\"750\" height=\"750\" srcset=\"https:\/\/maybommini.vn\/wp-content\/uploads\/2019\/08\/chuyen-ban-van-dien-tu-cao-cap-chinh-hang.jpg 750w, https:\/\/maybommini.vn\/wp-content\/uploads\/2019\/08\/chuyen-ban-van-dien-tu-cao-cap-chinh-hang-300x300.jpg 300w, https:\/\/maybommini.vn\/wp-content\/uploads\/2019\/08\/chuyen-ban-van-dien-tu-cao-cap-chinh-hang-150x150.jpg 150w, https:\/\/maybommini.vn\/wp-content\/uploads\/2019\/08\/chuyen-ban-van-dien-tu-cao-cap-chinh-hang-600x600.jpg 600w\" sizes=\"(max-width: 750px) 100vw, 750px\" \/><\/a> <a href=\"https:\/\/maybommini.com\/wp-content\/uploads\/2019\/08\/su-dung-van-dien-tu.jpg\" target=\"_blank\" rel=\"noopener\"><img decoding=\"async\" class=\"size-full wp-image-263277 aligncenter\" src=\"https:\/\/maybommini.com\/wp-content\/uploads\/2019\/08\/su-dung-van-dien-tu.jpg\" alt=\"Su Dung Van Dien Tu\" width=\"750\" height=\"750\" srcset=\"https:\/\/maybommini.vn\/wp-content\/uploads\/2019\/08\/su-dung-van-dien-tu.jpg 750w, https:\/\/maybommini.vn\/wp-content\/uploads\/2019\/08\/su-dung-van-dien-tu-300x300.jpg 300w, https:\/\/maybommini.vn\/wp-content\/uploads\/2019\/08\/su-dung-van-dien-tu-150x150.jpg 150w, https:\/\/maybommini.vn\/wp-content\/uploads\/2019\/08\/su-dung-van-dien-tu-600x600.jpg 600w\" sizes=\"(max-width: 750px) 100vw, 750px\" \/><\/a><\/p>\n<p><strong>MUA VAN \u0110I\u1ec6N T\u1eea \u1ede \u0110\u00c2U ?\u00a0<\/strong><br \/>\nCh\u00fang t\u00f4i chuy\u00ean cung c\u1ea5p c\u00e1c lo\u1ea1i van \u0111i\u1ec7n t\u1eeb c\u00e1c lo\u1ea1i gi\u00e1 t\u1ed1t b\u1ea3o h\u00e0nh ch\u00ednh h\u00e3ng, ch\u00fang t\u00f4i cung c\u1ea5p s\u1ec9 v\u00e0 l\u1ebb tr\u00ean to\u00e0n qu\u1ed1c.<br \/>\nWebsite:\u00a0<a href=\"\\&quot;https:\/\/maybommini.com\\&quot;\" target=\"\\&quot;_blank\\&quot;\" rel=\"\\&quot;noopener\">https:\/\/maybommini.com<\/a><br \/>\nEmail: maybommini.com@gmail.com<br \/>\nFacebook:\u00a0<a href=\"\\&quot;https:\/\/www.facebook.com\/maybommini\/\\&quot;\" target=\"\\&quot;_blank\\&quot;\" rel=\"\\&quot;noopener\">https:\/\/www.facebook.com\/maybommini\/<\/a><\/p>\n<h3 style=\"text-align: center;\"><a href=\"https:\/\/maybommini.com\/san-pham\/van-dien-tu-2w-025-08-phi-2-5mm-12v\" target=\"_blank\" rel=\"noopener\"><em><strong>Van \u0111i\u1ec7n t\u1eeb 2W-025-08 phi 2.5mm 12V ren 13mm<br \/>\n<\/strong><\/em><\/a><a href=\"https:\/\/maybommini.com\/san-pham\/van-dien-tu-2w-025-08-phi-2-5mm-24v\" target=\"_blank\" rel=\"noopener\"><em><strong>Van \u0111i\u1ec7n t\u1eeb 2W-025-08 phi 2.5mm 24V ren 13mm<br \/>\n<\/strong><\/em><\/a><a href=\"https:\/\/maybommini.com\/san-pham\/van-dien-tu-2w-025-08-phi-2-5mm-220v\" target=\"_blank\" rel=\"noopener\"><em><strong>Van \u0111i\u1ec7n t\u1eeb 2W-025-08 phi 2.5mm 220V ren 13mm<\/strong><\/em><\/a><\/h3>\n","protected":false},"excerpt":{"rendered":"<p>Model:\u00a02W-025-08<br \/>\n\u0110i\u1ec7n th\u1ebf: 220V AC<br \/>\nPhi \u0111\u01b0\u1eddng \u1ed1ng: 2.5 mm<br \/>\nRen trong: 13 mm<br \/>\nNhi\u1ec7t \u0111\u1ed9 l\u00e0m vi\u1ec7c: -5 &#8211; 80 \u0111\u1ed9 C<br \/>\n\u00c1p l\u1ef1c ch\u1ecbu t\u1ea3i: 10 kgf\/cm2 (0 &#8211; 1.0 mpa)<br \/>\nDu\u0300ng nam ch\u00e2m \u0111i\u00ea\u0323n: 2 \u0111i\u00ea\u0309m<br \/>\nVan \u0111i\u1ec7n th\u01b0\u1eddng \u0111\u00f3ng v\u00e0 m\u1edf khi c\u00f3 \u0111i\u1ec7n<br \/>\nK\u00edch th\u01b0\u1edbc:\u00a039 * 42 * 74 mm<br \/>\nCh\u1ea5t li\u1ec7u: \u0110\u1ed3ng &#8211; Th\u00e9p<br \/>\nTr\u1ecdng l\u01b0\u1ee3ng: 0.37 kg<br \/>\nB\u1ea3o h\u00e0nh: 3 th\u00e1ng<br \/>\n<strong>H\u00f4\u0309 tr\u01a1\u0323 ky\u0303 thu\u00e2\u0323t vi\u0303nh vi\u00ea\u0303n.<\/strong><br \/>\n<strong>Ph\u00e2n ph\u1ed1i: Maybommini.com<\/strong><br \/>\n<strong>T\u01af V\u1ea4N K\u1ef8 THU\u1eacT \u2013 MUA H\u00c0NG<br \/>\n0908997823 \u2013 0908997872<br \/>\n0907294310 \u2013 02873030399<\/strong><\/p>\n","protected":false},"featured_media":263281,"comment_status":"open","ping_status":"closed","template":"","meta":[],"product_brand":[2227],"product_cat":[543,3158],"product_tag":[267,500,488,557,1249,545,874,3015,3016,546,1250],"class_list":{"0":"post-257030","1":"product","2":"type-product","3":"status-publish","4":"has-post-thumbnail","6":"product_brand-mtm","7":"product_cat-van-dien-tu-solenoid-vavle","8":"product_cat-van-dien-tu-220v","9":"product_tag-12v","10":"product_tag-220v","11":"product_tag-24v","12":"product_tag-khoa-nuoc","13":"product_tag-solenoid-vale","14":"product_tag-van-dien","15":"product_tag-van-dien-tu","16":"product_tag-van-khoa-nuoc","17":"product_tag-van-khoa-nuoc-bang-dien","18":"product_tag-van-nuoc","19":"product_tag-van-thuongg-dong","21":"first","22":"instock","23":"sale","24":"shipping-taxable","25":"purchasable","26":"product-type-simple"},"_links":{"self":[{"href":"https:\/\/maybommini.vn\/index.php?rest_route=\/wp\/v2\/product\/257030","targetHints":{"allow":["GET"]}}],"collection":[{"href":"https:\/\/maybommini.vn\/index.php?rest_route=\/wp\/v2\/product"}],"about":[{"href":"https:\/\/maybommini.vn\/index.php?rest_route=\/wp\/v2\/types\/product"}],"replies":[{"embeddable":true,"href":"https:\/\/maybommini.vn\/index.php?rest_route=%2Fwp%2Fv2%2Fcomments&post=257030"}],"wp:featuredmedia":[{"embeddable":true,"href":"https:\/\/maybommini.vn\/index.php?rest_route=\/wp\/v2\/media\/263281"}],"wp:attachment":[{"href":"https:\/\/maybommini.vn\/index.php?rest_route=%2Fwp%2Fv2%2Fmedia&parent=257030"}],"wp:term":[{"taxonomy":"product_brand","embeddable":true,"href":"https:\/\/maybommini.vn\/index.php?rest_route=%2Fwp%2Fv2%2Fproduct_brand&post=257030"},{"taxonomy":"product_cat","embeddable":true,"href":"https:\/\/maybommini.vn\/index.php?rest_route=%2Fwp%2Fv2%2Fproduct_cat&post=257030"},{"taxonomy":"product_tag","embeddable":true,"href":"https:\/\/maybommini.vn\/index.php?rest_route=%2Fwp%2Fv2%2Fproduct_tag&post=257030"}],"curies":[{"name":"wp","href":"https:\/\/api.w.org\/{rel}","templated":true}]}}