{"id":257031,"date":"2018-04-12T19:41:40","date_gmt":"2018-04-12T12:41:40","guid":{"rendered":"https:\/\/maybommini.com\/san-pham\/import-placeholder-for-253258"},"modified":"2020-01-01T12:48:59","modified_gmt":"2020-01-01T05:48:59","slug":"van-dien-tu-2w-40-10-phi-4mm-12v","status":"publish","type":"product","link":"https:\/\/maybommini.vn\/?product=van-dien-tu-2w-40-10-phi-4mm-12v","title":{"rendered":"Van \u0111i\u1ec7n t\u1eeb 2W-40-10 phi 4mm 12V"},"content":{"rendered":"<p><strong>Chuy\u00ean ph\u00e2n ph\u1ed1i c\u00e1c lo\u1ea1i <a href=\"https:\/\/maybommini.com\/danh-muc\/phu-kien-bom-nuoc-mini\/van-dien-tu-solenoid-vavle\" target=\"_blank\" rel=\"noopener noreferrer\">van \u0111i\u1ec7n t\u1eeb Solenoi Valve <\/a>th\u01b0\u1eddng \u0111\u00f3ng 12V 24V 220V h\u00e0ng \u0111\u1ea7u ch\u00ednh h\u00e3ng t\u1ea1i Vi\u1ec7t Nam. V\u1edbi ch\u1ea5t l\u01b0\u1ee3ng \u0111\u1ea3m b\u1ea3o v\u00e0 b\u1ea3o h\u00e0nh ch\u00ednh h\u00e3ng t\u1eeb nh\u00e0 s\u1ea3n xu\u1ea5t \u0111\u00e2y ch\u00ednh l\u00e0 l\u1ef1a ch\u1ecdn s\u1ed1 1 c\u1ee7a kh\u00e1ch h\u00e0ng ch\u00fang t\u00f4i hi\u1ec7n nay.<\/strong><img decoding=\"async\" class=\"size-full wp-image-248844 aligncenter\" src=\"https:\/\/maybommini.com\/wp-content\/uploads\/2017\/04\/van-dien-tu-12v-24v-220v-1.jpg\" alt=\"Van Dien Tu 12v 24v 220v\" width=\"750\" height=\"750\" srcset=\"https:\/\/maybommini.vn\/wp-content\/uploads\/2017\/04\/van-dien-tu-12v-24v-220v-1.jpg 750w, https:\/\/maybommini.vn\/wp-content\/uploads\/2017\/04\/van-dien-tu-12v-24v-220v-1-300x300.jpg 300w, https:\/\/maybommini.vn\/wp-content\/uploads\/2017\/04\/van-dien-tu-12v-24v-220v-1-600x600.jpg 600w, https:\/\/maybommini.vn\/wp-content\/uploads\/2017\/04\/van-dien-tu-12v-24v-220v-1-150x150.jpg 150w\" sizes=\"(max-width: 750px) 100vw, 750px\" \/><\/p>\n<p><strong>TH\u00d4NG S\u1ed0 K\u1ef8 THU\u1eacT<\/strong><br \/>\nModel:\u00a02W-40-10<br \/>\n\u0110i\u1ec7n th\u1ebf: 12V DC<br \/>\nPhi \u0111\u01b0\u1eddng \u1ed1ng: 4 mm<br \/>\nRen trong: 17 mm &#8211; 3\/8in<br \/>\nNhi\u1ec7t \u0111\u1ed9 l\u00e0m vi\u1ec7c: -5 &#8211; 80 \u0111\u1ed9 C<br \/>\n\u00c1p l\u1ef1c ch\u1ecbu t\u1ea3i: 10 kgf\/cm2 (0 &#8211; 1.0 mpa)<br \/>\nDu\u0300ng nam ch\u00e2m \u0111i\u00ea\u0323n: 3 \u0111i\u00ea\u0309m<br \/>\nVan \u0111i\u1ec7n: Th\u01b0\u1eddng \u0111\u00f3ng &#8211; M\u1edf khi c\u00f3 \u0111i\u1ec7n<br \/>\nK\u00edch th\u01b0\u1edbc: 51 * 52 * 85\u00a0mm<br \/>\nCh\u1ea5t li\u1ec7u: \u0110\u1ed3ng &#8211; Th\u00e9p<br \/>\nTr\u1ecdng l\u01b0\u1ee3ng: 0.5 kg<img decoding=\"async\" class=\"size-full wp-image-248846 aligncenter\" src=\"https:\/\/maybommini.com\/wp-content\/uploads\/2017\/04\/thong-so-ky-thuat-van-tu-2w-40-10.jpg\" alt=\"Thong So Ky Thuat Van Tu 2w 40 10\" width=\"750\" height=\"750\" srcset=\"https:\/\/maybommini.vn\/wp-content\/uploads\/2017\/04\/thong-so-ky-thuat-van-tu-2w-40-10.jpg 750w, https:\/\/maybommini.vn\/wp-content\/uploads\/2017\/04\/thong-so-ky-thuat-van-tu-2w-40-10-300x300.jpg 300w, https:\/\/maybommini.vn\/wp-content\/uploads\/2017\/04\/thong-so-ky-thuat-van-tu-2w-40-10-600x600.jpg 600w, https:\/\/maybommini.vn\/wp-content\/uploads\/2017\/04\/thong-so-ky-thuat-van-tu-2w-40-10-150x150.jpg 150w\" sizes=\"(max-width: 750px) 100vw, 750px\" \/><\/p>\n<p><img decoding=\"async\" class=\"size-full wp-image-248845 aligncenter\" src=\"https:\/\/maybommini.com\/wp-content\/uploads\/2017\/04\/van-dien-tu-thuong-dong.jpg\" alt=\"Van Dien Tu Thuong Dong\" width=\"750\" height=\"750\" srcset=\"https:\/\/maybommini.vn\/wp-content\/uploads\/2017\/04\/van-dien-tu-thuong-dong.jpg 750w, https:\/\/maybommini.vn\/wp-content\/uploads\/2017\/04\/van-dien-tu-thuong-dong-300x300.jpg 300w, https:\/\/maybommini.vn\/wp-content\/uploads\/2017\/04\/van-dien-tu-thuong-dong-600x600.jpg 600w, https:\/\/maybommini.vn\/wp-content\/uploads\/2017\/04\/van-dien-tu-thuong-dong-150x150.jpg 150w\" sizes=\"(max-width: 750px) 100vw, 750px\" \/> <img decoding=\"async\" class=\"size-full wp-image-248844 aligncenter\" src=\"https:\/\/maybommini.com\/wp-content\/uploads\/2017\/04\/van-dien-tu-12v-24v-220v-1.jpg\" alt=\"Van Dien Tu 12v 24v 220v\" width=\"750\" height=\"750\" srcset=\"https:\/\/maybommini.vn\/wp-content\/uploads\/2017\/04\/van-dien-tu-12v-24v-220v-1.jpg 750w, https:\/\/maybommini.vn\/wp-content\/uploads\/2017\/04\/van-dien-tu-12v-24v-220v-1-300x300.jpg 300w, https:\/\/maybommini.vn\/wp-content\/uploads\/2017\/04\/van-dien-tu-12v-24v-220v-1-600x600.jpg 600w, https:\/\/maybommini.vn\/wp-content\/uploads\/2017\/04\/van-dien-tu-12v-24v-220v-1-150x150.jpg 150w\" sizes=\"(max-width: 750px) 100vw, 750px\" \/> <img decoding=\"async\" class=\"size-full wp-image-248843 aligncenter\" src=\"https:\/\/maybommini.com\/wp-content\/uploads\/2017\/04\/van-dien-tu-2w-40-10.jpg\" alt=\"Van Dien Tu 2w 40 10\" width=\"750\" height=\"750\" srcset=\"https:\/\/maybommini.vn\/wp-content\/uploads\/2017\/04\/van-dien-tu-2w-40-10.jpg 750w, https:\/\/maybommini.vn\/wp-content\/uploads\/2017\/04\/van-dien-tu-2w-40-10-300x300.jpg 300w, https:\/\/maybommini.vn\/wp-content\/uploads\/2017\/04\/van-dien-tu-2w-40-10-600x600.jpg 600w, https:\/\/maybommini.vn\/wp-content\/uploads\/2017\/04\/van-dien-tu-2w-40-10-150x150.jpg 150w\" sizes=\"(max-width: 750px) 100vw, 750px\" \/><strong>TH\u1ed0NG S\u1ed0 CHUNG C\u00c1C LO\u1ea0I VAN \u0110I\u1ec6N T\u1eea KH\u00c1C<\/strong><br \/>\n2W-08 (1\/4&#8243;, DN8) D\u00f2ng ch\u1ea3y \u0110\u01b0\u1eddng k\u00ednh: 2.5mm<br \/>\n2W-10 (3\/8&#8243;, DN10) D\u00f2ng ch\u1ea3y \u0110\u01b0\u1eddng k\u00ednh: 4mm<br \/>\n2W-15 (1\/2&#8243;, DN15) D\u00f2ng ch\u1ea3y \u0110\u01b0\u1eddng k\u00ednh: 16mm<br \/>\n2W-20 (3\/4&#8243;, DN20) D\u00f2ng ch\u1ea3y \u0110\u01b0\u1eddng k\u00ednh: 20mm<br \/>\n2W-25 (1&#8243;, DN25) D\u00f2ng ch\u1ea3y \u0110\u01b0\u1eddng k\u00ednh: 25mm<br \/>\n2W-35 (1 1\/4&#8243;, DN35) D\u00f2ng ch\u1ea3y \u0110\u01b0\u1eddng k\u00ednh: 35mm<br \/>\n2W-40 (1 1\/2&#8243;, DN40) D\u00f2ng ch\u1ea3y \u0110\u01b0\u1eddng k\u00ednh: 40mm<br \/>\n2W-50 (2&#8243;, DN50) D\u00f2ng ch\u1ea3y \u0110\u01b0\u1eddng k\u00ednh: 50mm<br \/>\n<img decoding=\"async\" class=\"size-full wp-image-248823 aligncenter\" src=\"https:\/\/maybommini.com\/wp-content\/uploads\/2017\/04\/van-dien-tu-12v-24v-220v.jpg\" alt=\"Van Dien Tu 12v 24v 220v\" width=\"750\" height=\"750\" srcset=\"https:\/\/maybommini.vn\/wp-content\/uploads\/2017\/04\/van-dien-tu-12v-24v-220v.jpg 750w, https:\/\/maybommini.vn\/wp-content\/uploads\/2017\/04\/van-dien-tu-12v-24v-220v-300x300.jpg 300w, https:\/\/maybommini.vn\/wp-content\/uploads\/2017\/04\/van-dien-tu-12v-24v-220v-600x600.jpg 600w, https:\/\/maybommini.vn\/wp-content\/uploads\/2017\/04\/van-dien-tu-12v-24v-220v-150x150.jpg 150w\" sizes=\"(max-width: 750px) 100vw, 750px\" \/><\/p>\n<h3 style=\"text-align: center;\">Van \u0111i\u1ec7n t\u1eeb 2W-025-08<\/h3>\n<p><img decoding=\"async\" class=\"size-full wp-image-248820 aligncenter\" src=\"https:\/\/maybommini.com\/wp-content\/uploads\/2017\/04\/van-dien-tu.jpg\" alt=\"Van Dien Tu\" width=\"750\" height=\"750\" srcset=\"https:\/\/maybommini.vn\/wp-content\/uploads\/2017\/04\/van-dien-tu.jpg 750w, https:\/\/maybommini.vn\/wp-content\/uploads\/2017\/04\/van-dien-tu-300x300.jpg 300w, https:\/\/maybommini.vn\/wp-content\/uploads\/2017\/04\/van-dien-tu-600x600.jpg 600w, https:\/\/maybommini.vn\/wp-content\/uploads\/2017\/04\/van-dien-tu-150x150.jpg 150w\" sizes=\"(max-width: 750px) 100vw, 750px\" \/> <img decoding=\"async\" class=\"size-full wp-image-248818 aligncenter\" src=\"https:\/\/maybommini.com\/wp-content\/uploads\/2017\/04\/Solenoid-Vavle.jpg\" alt=\"Solenoid Vavle\" width=\"750\" height=\"750\" srcset=\"https:\/\/maybommini.vn\/wp-content\/uploads\/2017\/04\/Solenoid-Vavle.jpg 750w, https:\/\/maybommini.vn\/wp-content\/uploads\/2017\/04\/Solenoid-Vavle-300x300.jpg 300w, https:\/\/maybommini.vn\/wp-content\/uploads\/2017\/04\/Solenoid-Vavle-600x600.jpg 600w, https:\/\/maybommini.vn\/wp-content\/uploads\/2017\/04\/Solenoid-Vavle-150x150.jpg 150w\" sizes=\"(max-width: 750px) 100vw, 750px\" \/><strong>K\u00cdCH TH\u01af\u1edaC<\/strong><br \/>\n2W-08 LWH: 39 * 42 * 74 mm &#8211; 0.37 kg<br \/>\n2W-10 LWH: 51 * 52 * 85\u00a0mm &#8211; 0.48 kg<br \/>\n2W-15 LWH: 62 * 102 * 55\u00a0mm &#8211; 0.6 kg<br \/>\n2W-20 LWH: 67 * 55 * 113\u00a0mm &#8211; \u00a00.66 kg<br \/>\n2W-25 LWH: 86 * 117 * 73\u00a0mm &#8211; 1.02 kg<br \/>\n2W-32 LWH: 90 * 130 * 77\u00a0mm &#8211; 1.16 kg<br \/>\n2W-40 LWH: 106 * 87 * 164\u00a0mm &#8211; 2.32 kg<br \/>\n2W-50 LWH: 123 * 93 * 176\u00a0mm &#8211; 4 kg<br \/>\n<img decoding=\"async\" class=\"size-full wp-image-248819 aligncenter\" src=\"https:\/\/maybommini.com\/wp-content\/uploads\/2017\/04\/thong-so-van-dien-tu.jpg\" alt=\"Thong So Van Dien Tu\" width=\"750\" height=\"750\" srcset=\"https:\/\/maybommini.vn\/wp-content\/uploads\/2017\/04\/thong-so-van-dien-tu.jpg 750w, https:\/\/maybommini.vn\/wp-content\/uploads\/2017\/04\/thong-so-van-dien-tu-300x300.jpg 300w, https:\/\/maybommini.vn\/wp-content\/uploads\/2017\/04\/thong-so-van-dien-tu-600x600.jpg 600w, https:\/\/maybommini.vn\/wp-content\/uploads\/2017\/04\/thong-so-van-dien-tu-150x150.jpg 150w\" sizes=\"(max-width: 750px) 100vw, 750px\" \/> <img decoding=\"async\" class=\"size-full wp-image-248816 aligncenter\" src=\"https:\/\/maybommini.com\/wp-content\/uploads\/2017\/04\/chhung-nhan-van-dieen-tu.jpg\" alt=\"Chhung Nhan Van Dieen Tu\" width=\"750\" height=\"750\" srcset=\"https:\/\/maybommini.vn\/wp-content\/uploads\/2017\/04\/chhung-nhan-van-dieen-tu.jpg 750w, https:\/\/maybommini.vn\/wp-content\/uploads\/2017\/04\/chhung-nhan-van-dieen-tu-300x300.jpg 300w, https:\/\/maybommini.vn\/wp-content\/uploads\/2017\/04\/chhung-nhan-van-dieen-tu-600x600.jpg 600w, https:\/\/maybommini.vn\/wp-content\/uploads\/2017\/04\/chhung-nhan-van-dieen-tu-150x150.jpg 150w\" sizes=\"(max-width: 750px) 100vw, 750px\" \/><strong>\u1ee8NG D\u1ee4NG VAN \u0110I\u1ec6N T\u1eea &#8211; SOLENOID VALE<\/strong><br \/>\n&#8211; D\u00f9ng l\u00e0m kh\u00f3a m\u1edf n\u01b0\u1edbc t\u1ef1 \u0111\u1ed9ng<br \/>\n&#8211; D\u00f9ng l\u00e0m kh\u00f3a m\u1edf d\u1ea7u nh\u1edbt.<br \/>\n&#8211; D\u00f9ng l\u00e0m kh\u00f3a kh\u00ed ga.<br \/>\n&#8211; D\u00f9ng trong <a href=\"https:\/\/maybommini.com\/danh-muc\/he-thong-phun-suong\" target=\"_blank\" rel=\"noopener noreferrer\">h\u1ec7 th\u1ed1ng phun s\u01b0\u01a1ng<\/a>.<br \/>\n&#8211; D\u00f9ng trong h\u1ec7 th\u1ed1ng t\u01b0\u1edbi t\u1ef1 \u0111\u1ed9ng.<br \/>\n&#8211; D\u00f9ng trong h\u1ec7 th\u1ed1ng cungg c\u1ea5p n\u01b0\u1edbc.<br \/>\n&#8211; D\u00f9ng trong t\u01b0\u1edbi Lan nh\u00e0 v\u01b0\u1eddn.<br \/>\n&#8211; D\u00f9ng trong h\u1ec7 th\u1ed1ng m\u00e1y c\u00f4ng nghi\u1ec7p.<br \/>\n&#8211; D\u00f9ng trong m\u00e1y <a href=\"https:\/\/maybommini.com\/danh-muc\/may-bom-ap-luc-mini\/may-bom-nuoc-ro\" target=\"_blank\" rel=\"noopener noreferrer\">l\u1ecdc n\u01b0\u1edbc RO<\/a>.<br \/>\n<img decoding=\"async\" class=\"size-full wp-image-248825 aligncenter\" src=\"https:\/\/maybommini.com\/wp-content\/uploads\/2017\/04\/ung-dung-van-dien-tu.jpg\" alt=\"Ung Dung Van Dien Tu\" width=\"750\" height=\"750\" srcset=\"https:\/\/maybommini.vn\/wp-content\/uploads\/2017\/04\/ung-dung-van-dien-tu.jpg 750w, https:\/\/maybommini.vn\/wp-content\/uploads\/2017\/04\/ung-dung-van-dien-tu-300x300.jpg 300w, https:\/\/maybommini.vn\/wp-content\/uploads\/2017\/04\/ung-dung-van-dien-tu-600x600.jpg 600w, https:\/\/maybommini.vn\/wp-content\/uploads\/2017\/04\/ung-dung-van-dien-tu-150x150.jpg 150w\" sizes=\"(max-width: 750px) 100vw, 750px\" \/><\/p>\n<p><a href=\"https:\/\/maybommini.com\/wp-content\/uploads\/2018\/04\/van-dien-tu-2w-40-10-1.jpg\" target=\"_blank\" rel=\"noopener\"><img decoding=\"async\" class=\"size-full wp-image-258520 aligncenter\" src=\"https:\/\/maybommini.com\/wp-content\/uploads\/2018\/04\/van-dien-tu-2w-40-10-1.jpg\" alt=\"Van Dien Tu 2w 40 10\" width=\"820\" height=\"820\" srcset=\"https:\/\/maybommini.vn\/wp-content\/uploads\/2018\/04\/van-dien-tu-2w-40-10-1.jpg 820w, https:\/\/maybommini.vn\/wp-content\/uploads\/2018\/04\/van-dien-tu-2w-40-10-1-300x300.jpg 300w, https:\/\/maybommini.vn\/wp-content\/uploads\/2018\/04\/van-dien-tu-2w-40-10-1-150x150.jpg 150w, https:\/\/maybommini.vn\/wp-content\/uploads\/2018\/04\/van-dien-tu-2w-40-10-1-600x600.jpg 600w\" sizes=\"(max-width: 820px) 100vw, 820px\" \/><\/a><\/p>\n<p><strong>MUA VAN \u0110I\u1ec6N T\u1eea \u1ede \u0110\u00c2U ?\u00a0<\/strong><br \/>\nCh\u00fang t\u00f4i chuy\u00ean cung c\u1ea5p c\u00e1c lo\u1ea1i van \u0111i\u1ec7n t\u1eeb c\u00e1c lo\u1ea1i gi\u00e1 t\u1ed1t b\u1ea3o h\u00e0nh ch\u00ednh h\u00e3ng, ch\u00fang t\u00f4i cung c\u1ea5p s\u1ec9 v\u00e0 l\u1ebb tr\u00ean to\u00e0n qu\u1ed1c.<br \/>\nWebsite:\u00a0<a href=\"https:\/\/maybommini.com\" target=\"_blank\" rel=\"noopener noreferrer\">https:\/\/maybommini.com<\/a><br \/>\nEmail: maybommini.com@gmail.com<br \/>\nFacebook:\u00a0<a href=\"https:\/\/www.facebook.com\/maybommini\/\" target=\"_blank\" rel=\"noopener noreferrer\">https:\/\/www.facebook.com\/maybommini\/<\/a><\/p>\n","protected":false},"excerpt":{"rendered":"<p>Model:\u00a02W-40-10<br \/>\n\u0110i\u1ec7n th\u1ebf: 12V DC<br \/>\nPhi \u0111\u01b0\u1eddng \u1ed1ng: 4 mm<br \/>\nRen trong: 17 mm &#8211; 3\/8 in<br \/>\nNhi\u1ec7t \u0111\u1ed9 l\u00e0m vi\u1ec7c: -5 &#8211; 80 \u0111\u1ed9 C<br \/>\n\u00c1p l\u1ef1c ch\u1ecbu t\u1ea3i: 10 kgf\/cm2 (0 &#8211; 1.0 mpa)<br \/>\nDu\u0300ng nam ch\u00e2m \u0111i\u00ea\u0323n: 3 \u0111i\u00ea\u0309m<br \/>\nVan \u0111i\u1ec7n: Th\u01b0\u1eddng \u0111\u00f3ng &#8211; M\u1edf khi c\u00f3 \u0111i\u1ec7n<br \/>\nK\u00edch th\u01b0\u1edbc: 51 * 52 * 85\u00a0mm<br \/>\nCh\u1ea5t li\u1ec7u: \u0110\u1ed3ng &#8211; Th\u00e9p<br \/>\nTr\u1ecdng l\u01b0\u1ee3ng: 0.5 kg<br \/>\nB\u1ea3o h\u00e0nh: 3 th\u00e1ng<br \/>\nH\u00e0ng nh\u1eadp kh\u1ea9u<\/p>\n","protected":false},"featured_media":258520,"comment_status":"open","ping_status":"closed","template":"","meta":[],"product_brand":[],"product_cat":[543,3156],"product_tag":[267,500,488,557,1249,545,874,546,1250],"class_list":{"0":"post-257031","1":"product","2":"type-product","3":"status-publish","4":"has-post-thumbnail","6":"product_cat-van-dien-tu-solenoid-vavle","7":"product_cat-van-dien-tu-12v","8":"product_tag-12v","9":"product_tag-220v","10":"product_tag-24v","11":"product_tag-khoa-nuoc","12":"product_tag-solenoid-vale","13":"product_tag-van-dien","14":"product_tag-van-dien-tu","15":"product_tag-van-nuoc","16":"product_tag-van-thuongg-dong","18":"first","19":"instock","20":"sale","21":"shipping-taxable","22":"purchasable","23":"product-type-simple"},"_links":{"self":[{"href":"https:\/\/maybommini.vn\/index.php?rest_route=\/wp\/v2\/product\/257031","targetHints":{"allow":["GET"]}}],"collection":[{"href":"https:\/\/maybommini.vn\/index.php?rest_route=\/wp\/v2\/product"}],"about":[{"href":"https:\/\/maybommini.vn\/index.php?rest_route=\/wp\/v2\/types\/product"}],"replies":[{"embeddable":true,"href":"https:\/\/maybommini.vn\/index.php?rest_route=%2Fwp%2Fv2%2Fcomments&post=257031"}],"wp:featuredmedia":[{"embeddable":true,"href":"https:\/\/maybommini.vn\/index.php?rest_route=\/wp\/v2\/media\/258520"}],"wp:attachment":[{"href":"https:\/\/maybommini.vn\/index.php?rest_route=%2Fwp%2Fv2%2Fmedia&parent=257031"}],"wp:term":[{"taxonomy":"product_brand","embeddable":true,"href":"https:\/\/maybommini.vn\/index.php?rest_route=%2Fwp%2Fv2%2Fproduct_brand&post=257031"},{"taxonomy":"product_cat","embeddable":true,"href":"https:\/\/maybommini.vn\/index.php?rest_route=%2Fwp%2Fv2%2Fproduct_cat&post=257031"},{"taxonomy":"product_tag","embeddable":true,"href":"https:\/\/maybommini.vn\/index.php?rest_route=%2Fwp%2Fv2%2Fproduct_tag&post=257031"}],"curies":[{"name":"wp","href":"https:\/\/api.w.org\/{rel}","templated":true}]}}