{"id":257073,"date":"2018-04-12T19:42:05","date_gmt":"2018-04-12T12:42:05","guid":{"rendered":"https:\/\/maybommini.com\/san-pham\/import-placeholder-for-253305"},"modified":"2026-03-23T15:46:54","modified_gmt":"2026-03-23T08:46:54","slug":"may-phun-son-cam-tay-mini-220v-650w-fuj-330650","status":"publish","type":"product","link":"https:\/\/maybommini.vn\/?product=may-phun-son-cam-tay-mini-220v-650w-fuj-330650","title":{"rendered":"M\u00e1y phun s\u01a1n c\u1ea7m tay mini 220V 650W FUJ-330650"},"content":{"rendered":"<h3><strong>M\u00e1y phun s\u01a1n c\u1ea7m tay mini 220V 650W l\u00e0 lo\u1ea1i m\u00e1y phun s\u01a1n cao c\u1ea5p c\u1ee7a Fujiwara\u00a0ho\u1ea1t \u0111\u1ed9ng nh\u1eb9 nh\u00e0ng v\u00e0 linh ho\u1ea1t kh\u00f4ng c\u1ea7n d\u00f9ng b\u00ecnh h\u01a1i nh\u01b0 c\u00e1c lo\u1ea1i m\u00e1y phun s\u01a1n kh\u00e1c. B\u1ea1n c\u00f3 th\u1ec3 d\u1ec3 d\u00e0ng s\u01a1n b\u1ea5t c\u1ee9 n\u01a1i \u0111\u00e2u m\u00e0 b\u1ea1n th\u00edch.<\/strong><img decoding=\"async\" class=\"size-full wp-image-248901 aligncenter\" src=\"https:\/\/maybommini.com\/wp-content\/uploads\/2017\/05\/phun-son-mini-220v-650w.jpg\" alt=\"Phun Son Mini 220v 650w\" width=\"750\" height=\"750\" srcset=\"https:\/\/maybommini.vn\/wp-content\/uploads\/2017\/05\/phun-son-mini-220v-650w.jpg 750w, https:\/\/maybommini.vn\/wp-content\/uploads\/2017\/05\/phun-son-mini-220v-650w-300x300.jpg 300w, https:\/\/maybommini.vn\/wp-content\/uploads\/2017\/05\/phun-son-mini-220v-650w-600x600.jpg 600w, https:\/\/maybommini.vn\/wp-content\/uploads\/2017\/05\/phun-son-mini-220v-650w-150x150.jpg 150w\" sizes=\"(max-width: 750px) 100vw, 750px\" \/><\/h3>\n<p><strong>TH\u00d4NG S\u1ed0 K\u1ef8 THU\u1eacT M\u00c1Y PHUN S\u01a0N MINI<br \/>\n<\/strong>Th\u01b0\u01a1ng hi\u1ec7u:\u00a0Fujiwara<strong><br \/>\n<\/strong>Model: FUJ-330650<br \/>\n\u0110i\u1ec7n th\u1ebf: 220V<br \/>\nC\u00f4ng su\u1ea5t: 650W<br \/>\nB\u00ecnh ch\u1ee9a: 800 ml<br \/>\nD\u00e2y \u0111i\u1ec7n: 2 met<br \/>\n\u00c1p l\u1ef1c: 0.1- 0.2 bar<br \/>\nL\u01b0u l\u01b0\u1ee3ng: 0 &#8211; 430 ml\/min<br \/>\nKh\u1ed1i l\u01b0\u1ee3ng: 1.4 Kg<br \/>\nTi\u1ebfng \u1ed3n: 80 db<br \/>\nB\u00e9c phun: t\u00f9y ch\u1ec9nh.<br \/>\nS\u1ea3n xu\u1ea5t: Taiwan Cao C\u1ea5p<br \/>\nB\u1ea3o h\u00e0nh: 1 n\u0103m ch\u00ednh h\u00e3ng.<br \/>\nPh\u00e2n ph\u1ed1i: MBM \u0110\u1ed9c quy\u1ec1n t\u1ea1i VN<br \/>\n<img decoding=\"async\" class=\"size-full wp-image-248899 aligncenter\" src=\"https:\/\/maybommini.com\/wp-content\/uploads\/2017\/05\/may-xit-son-cam-tay.jpg\" alt=\"May Xit Son Cam Tay\" width=\"750\" height=\"750\" srcset=\"https:\/\/maybommini.vn\/wp-content\/uploads\/2017\/05\/may-xit-son-cam-tay.jpg 750w, https:\/\/maybommini.vn\/wp-content\/uploads\/2017\/05\/may-xit-son-cam-tay-300x300.jpg 300w, https:\/\/maybommini.vn\/wp-content\/uploads\/2017\/05\/may-xit-son-cam-tay-600x600.jpg 600w, https:\/\/maybommini.vn\/wp-content\/uploads\/2017\/05\/may-xit-son-cam-tay-150x150.jpg 150w\" sizes=\"(max-width: 750px) 100vw, 750px\" \/><img decoding=\"async\" class=\"size-full wp-image-248900 aligncenter\" src=\"https:\/\/maybommini.com\/wp-content\/uploads\/2017\/05\/may-xit-son-mini-gon-nhe-gia-re.jpg\" alt=\"May Xit Son Mini Gon Nhe Gia Re\" width=\"750\" height=\"750\" srcset=\"https:\/\/maybommini.vn\/wp-content\/uploads\/2017\/05\/may-xit-son-mini-gon-nhe-gia-re.jpg 750w, https:\/\/maybommini.vn\/wp-content\/uploads\/2017\/05\/may-xit-son-mini-gon-nhe-gia-re-300x300.jpg 300w, https:\/\/maybommini.vn\/wp-content\/uploads\/2017\/05\/may-xit-son-mini-gon-nhe-gia-re-600x600.jpg 600w, https:\/\/maybommini.vn\/wp-content\/uploads\/2017\/05\/may-xit-son-mini-gon-nhe-gia-re-150x150.jpg 150w\" sizes=\"(max-width: 750px) 100vw, 750px\" \/><strong>\u1ee8NG D\u1ee4NG M\u00c1Y PHUN S\u01a0N MINI C\u1ea6M TAY<\/strong><br \/>\n&#8211; D\u00f9ng phun s\u01a1n.<br \/>\n&#8211; Phun h\u00f3a ch\u1ea5t.<br \/>\n&#8211; Phun thu\u1ed1c.<br \/>\n&#8211; Phun s\u01a1n n\u01b0\u1edbc.<br \/>\n&#8211; Phun s\u01a1n d\u1ea7u.<br \/>\n&#8211; Phun n\u01b0\u1edbc c\u00e1c lo\u1ea1i.<br \/>\n&#8211; D\u00f9ng phun s\u01a1n gia \u0111\u00ecnh, phun s\u01a1n c\u00f4ng nghi\u1ec7p, phun s\u01a1n d\u1ef1 \u00e1n x\u1ea5y d\u1ef1ng,&#8230;.<br \/>\n&#8211; Ti\u1ec7n l\u1ee3i d\u1ec3 s\u1eed d\u1ee5ng thay th\u1ebf v\u00e0 b\u1ea3o tr\u00ec.<br \/>\n<img decoding=\"async\" class=\"size-full wp-image-248895 aligncenter\" src=\"https:\/\/maybommini.com\/wp-content\/uploads\/2017\/05\/su-dung-may-phun-son-cam-tay.jpg\" alt=\"Su Dung May Phun Son Cam Tay\" width=\"750\" height=\"750\" srcset=\"https:\/\/maybommini.vn\/wp-content\/uploads\/2017\/05\/su-dung-may-phun-son-cam-tay.jpg 750w, https:\/\/maybommini.vn\/wp-content\/uploads\/2017\/05\/su-dung-may-phun-son-cam-tay-300x300.jpg 300w, https:\/\/maybommini.vn\/wp-content\/uploads\/2017\/05\/su-dung-may-phun-son-cam-tay-600x600.jpg 600w, https:\/\/maybommini.vn\/wp-content\/uploads\/2017\/05\/su-dung-may-phun-son-cam-tay-150x150.jpg 150w\" sizes=\"(max-width: 750px) 100vw, 750px\" \/><\/p>\n<h3>M\u00e1y phun s\u01a1n c\u1ea7m tay mini<\/h3>\n<p><img decoding=\"async\" class=\"size-full wp-image-248897 aligncenter\" src=\"https:\/\/maybommini.com\/wp-content\/uploads\/2017\/05\/may-phun-son-bang-dien.jpg\" alt=\"May Phun Son Bang Dien\" width=\"750\" height=\"750\" srcset=\"https:\/\/maybommini.vn\/wp-content\/uploads\/2017\/05\/may-phun-son-bang-dien.jpg 750w, https:\/\/maybommini.vn\/wp-content\/uploads\/2017\/05\/may-phun-son-bang-dien-300x300.jpg 300w, https:\/\/maybommini.vn\/wp-content\/uploads\/2017\/05\/may-phun-son-bang-dien-600x600.jpg 600w, https:\/\/maybommini.vn\/wp-content\/uploads\/2017\/05\/may-phun-son-bang-dien-150x150.jpg 150w\" sizes=\"(max-width: 750px) 100vw, 750px\" \/> <img decoding=\"async\" class=\"size-full wp-image-248898 aligncenter\" src=\"https:\/\/maybommini.com\/wp-content\/uploads\/2017\/05\/may-son-dien-cam-tay.jpg\" alt=\"May Son Dien Cam Tay\" width=\"750\" height=\"750\" srcset=\"https:\/\/maybommini.vn\/wp-content\/uploads\/2017\/05\/may-son-dien-cam-tay.jpg 750w, https:\/\/maybommini.vn\/wp-content\/uploads\/2017\/05\/may-son-dien-cam-tay-300x300.jpg 300w, https:\/\/maybommini.vn\/wp-content\/uploads\/2017\/05\/may-son-dien-cam-tay-600x600.jpg 600w, https:\/\/maybommini.vn\/wp-content\/uploads\/2017\/05\/may-son-dien-cam-tay-150x150.jpg 150w\" sizes=\"(max-width: 750px) 100vw, 750px\" \/> <img decoding=\"async\" class=\"size-full wp-image-248901 aligncenter\" src=\"https:\/\/maybommini.com\/wp-content\/uploads\/2017\/05\/phun-son-mini-220v-650w.jpg\" alt=\"Phun Son Mini 220v 650w\" width=\"750\" height=\"750\" srcset=\"https:\/\/maybommini.vn\/wp-content\/uploads\/2017\/05\/phun-son-mini-220v-650w.jpg 750w, https:\/\/maybommini.vn\/wp-content\/uploads\/2017\/05\/phun-son-mini-220v-650w-300x300.jpg 300w, https:\/\/maybommini.vn\/wp-content\/uploads\/2017\/05\/phun-son-mini-220v-650w-600x600.jpg 600w, https:\/\/maybommini.vn\/wp-content\/uploads\/2017\/05\/phun-son-mini-220v-650w-150x150.jpg 150w\" sizes=\"(max-width: 750px) 100vw, 750px\" \/><br \/>\n<strong>MUA M\u00c1Y PHUN S\u01a0N C\u1ea6M TAY \u1ede \u0110\u00c2U ?<br \/>\nCh\u00fang t\u00f4i chuy\u00ean cung c\u1ea5p <a href=\"https:\/\/maybommini.com\/danh-muc\/may-phun-son\" target=\"_blank\" rel=\"noopener noreferrer\">M\u00e1y Phun S\u01a1n<\/a> t\u1ea1i Vi\u1ec7t Nam v\u1edbi ch\u1ea5t l\u01b0\u1ee3ng v\u00e0 b\u1ea3o h\u00e0nh ch\u00ednh h\u00e3ng.<br \/>\nNgo\u00e0i ra <a href=\"https:\/\/maybommini.com\" target=\"_blank\" rel=\"noopener noreferrer\">M\u00e1y B\u01a1m Mini<\/a> c\u00f2n cung c\u1ea5p c\u00e1c thi\u1ebft b\u1ecb c\u1ea7m tay, m\u00e1y b\u01a1m c\u00e1c lo\u1ea1i &#8230;<br \/>\nWebsite:\u00a0<a href=\"https:\/\/maybommini.com\" target=\"_blank\" rel=\"noopener\">https:\/\/maybommini.com<\/a><br \/>\nEmail: maybommini.com@gmail.com<br \/>\nFacebook:\u00a0https:\/\/www.facebook.com\/maybommini\/<\/strong><\/p>\n","protected":false},"excerpt":{"rendered":"<p>Th\u01b0\u01a1ng hi\u1ec7u:\u00a0Fujiwara<strong><br \/>\n<\/strong>Model: FUJ-330650<br \/>\n\u0110i\u1ec7n th\u1ebf: 220V<br \/>\nC\u00f4ng su\u1ea5t: 650W<br \/>\nB\u00ecnh ch\u1ee9a: 800 ml<br \/>\nD\u00e2y \u0111i\u1ec7n: 2 met<br \/>\n\u00c1p l\u1ef1c: 0.1- 0.2 bar<br \/>\nL\u01b0u l\u01b0\u1ee3ng: 0 &#8211; 430 ml\/min<br \/>\nKh\u1ed1i l\u01b0\u1ee3ng: 1.4 Kg<br \/>\nTi\u1ebfng \u1ed3n: 80 db<br \/>\nB\u00e9c phun: t\u00f9y ch\u1ec9nh.<br \/>\nS\u1ea3n xu\u1ea5t: Taiwan Cao C\u1ea5p<br \/>\nB\u1ea3o h\u00e0nh: 1 n\u0103m ch\u00ednh h\u00e3ng.<br \/>\nPh\u00e2n ph\u1ed1i: MBM \u0110\u1ed9c quy\u1ec1n t\u1ea1i VN<\/p>\n","protected":false},"featured_media":257198,"comment_status":"open","ping_status":"closed","template":"","meta":[],"product_brand":[],"product_cat":[684],"product_tag":[1266,1270,1273,1271,1272,1267,685,686,1268,687,688,689,690,691,692,1269,693],"class_list":{"0":"post-257073","1":"product","2":"type-product","3":"status-publish","4":"has-post-thumbnail","6":"product_cat-may-phun-son","7":"product_tag-220v-100w","8":"product_tag-220v-400w","9":"product_tag-220v-650w","10":"product_tag-fuj-819918","11":"product_tag-fujiwara","12":"product_tag-ls-pq100","13":"product_tag-may-phun-son","14":"product_tag-may-phun-son-220v","15":"product_tag-may-phun-son-220v-100w","16":"product_tag-may-phun-son-300w","17":"product_tag-may-phun-son-750w","18":"product_tag-may-phun-son-800w","19":"product_tag-may-phun-son-cam-tay","20":"product_tag-may-phun-son-mini","21":"product_tag-may-son","22":"product_tag-phun-son","23":"product_tag-son-mini","25":"first","26":"instock","27":"sale","28":"featured","29":"shipping-taxable","30":"purchasable","31":"product-type-simple"},"_links":{"self":[{"href":"https:\/\/maybommini.vn\/index.php?rest_route=\/wp\/v2\/product\/257073","targetHints":{"allow":["GET"]}}],"collection":[{"href":"https:\/\/maybommini.vn\/index.php?rest_route=\/wp\/v2\/product"}],"about":[{"href":"https:\/\/maybommini.vn\/index.php?rest_route=\/wp\/v2\/types\/product"}],"replies":[{"embeddable":true,"href":"https:\/\/maybommini.vn\/index.php?rest_route=%2Fwp%2Fv2%2Fcomments&post=257073"}],"wp:featuredmedia":[{"embeddable":true,"href":"https:\/\/maybommini.vn\/index.php?rest_route=\/wp\/v2\/media\/257198"}],"wp:attachment":[{"href":"https:\/\/maybommini.vn\/index.php?rest_route=%2Fwp%2Fv2%2Fmedia&parent=257073"}],"wp:term":[{"taxonomy":"product_brand","embeddable":true,"href":"https:\/\/maybommini.vn\/index.php?rest_route=%2Fwp%2Fv2%2Fproduct_brand&post=257073"},{"taxonomy":"product_cat","embeddable":true,"href":"https:\/\/maybommini.vn\/index.php?rest_route=%2Fwp%2Fv2%2Fproduct_cat&post=257073"},{"taxonomy":"product_tag","embeddable":true,"href":"https:\/\/maybommini.vn\/index.php?rest_route=%2Fwp%2Fv2%2Fproduct_tag&post=257073"}],"curies":[{"name":"wp","href":"https:\/\/api.w.org\/{rel}","templated":true}]}}