{"id":257108,"date":"2018-04-12T19:42:30","date_gmt":"2018-04-12T12:42:30","guid":{"rendered":"https:\/\/maybommini.com\/san-pham\/import-placeholder-for-253308"},"modified":"2021-05-14T14:43:18","modified_gmt":"2021-05-14T07:43:18","slug":"may-bom-chim-12v-sfbp1-g350","status":"publish","type":"product","link":"https:\/\/maybommini.vn\/?product=may-bom-chim-12v-sfbp1-g350","title":{"rendered":"M\u00e1y b\u01a1m ch\u00ecm 12V SFBP1 G350"},"content":{"rendered":"<p><strong>M\u00e1y b\u01a1m ch\u00ecm 12V SFBP1 G350 l\u00e0 lo\u1ea1i m\u00e1y b\u01a1m ch\u00ecm chuy\u00ean d\u1ee5ng\u00a0\u0111\u1ec3 b\u01a1m ch\u1ea5t th\u1ea3i, n\u01b0\u1edbc th\u1ea3i, b\u01a1m n\u01b0\u1edbc tr\u00ean ghe t\u00e0u thuy\u1ec1n can\u00f4\u00a0.\u00a0\u0110\u00e2y l\u00e0 lo\u1ea1i m\u00e1y b\u01a1m ch\u00ecm c\u00f3 c\u00f4ng su\u1ea5t kh\u00e1 l\u1edbn v\u00e0 l\u01b0u l\u01b0\u1ee3ng b\u01a1m m\u1ea1nh\u00a0\u0111\u1ea1t 20L\/M &#8211; 350GPH m\u00e0 ch\u1ec9 d\u00f9ng ngu\u1ed3n 12V.<\/strong><\/p>\n<p><img decoding=\"async\" class=\"size-full wp-image-255728 aligncenter\" src=\"https:\/\/maybommini.com.vn\/wp-content\/uploads\/2018\/01\/may-bom-chim-12v-g350.jpg\" alt=\"May Bom Chim 12v G350\" width=\"800\" height=\"800\" \/><br \/>\n<strong>TH\u00d4NG S\u1ed0 K\u1ef8 THU\u1eacT<\/strong><strong><br \/>\n<\/strong>Model : SFPB1-G350-01<br \/>\nT\u00ecnh tr\u1ea1ng: H\u00e0ng m\u1edbi 100%<br \/>\n\u0110i\u1ec7n th\u1ebf: 12V<br \/>\nL\u01b0u l\u01b0\u1ee3ng b\u01a1m: 350 GPH<br \/>\nC\u00f4ng su\u1ea5t b\u01a1m: 12 W<br \/>\nTr\u1ecdng l\u01b0\u1ee3ng: 0.4 KG<br \/>\n\u1ed0ng ra: 19 mm<br \/>\nB\u01a1m cao: 2 Met.<br \/>\nKh\u00f4ng b\u01a1m li\u00ean 24\/24<br \/>\nB\u1ea3o h\u00e0ng: 3 th\u00e1ng ch\u00ednh h\u00e3ng<br \/>\nPh\u00e2n ph\u1ed1i: MBM<\/p>\n<p><img decoding=\"async\" class=\"size-full wp-image-255725 aligncenter\" src=\"https:\/\/maybommini.com.vn\/wp-content\/uploads\/2018\/01\/ban-may-bom-nuoc-nuoc-12v.jpg\" alt=\"Ban May Bom Nuoc Nuoc 12v\" width=\"800\" height=\"800\" \/> <img decoding=\"async\" class=\"size-full wp-image-255726 aligncenter\" src=\"https:\/\/maybommini.com.vn\/wp-content\/uploads\/2018\/01\/bom-nuoc-ngap.jpg\" alt=\"Bom Nuoc Ngap\" width=\"800\" height=\"800\" \/> <img decoding=\"async\" class=\"size-full wp-image-255727 aligncenter\" src=\"https:\/\/maybommini.com.vn\/wp-content\/uploads\/2018\/01\/may-bom-chim-12v-12w.jpg\" alt=\"May Bom Chim 12v 12w\" width=\"800\" height=\"800\" \/> <img decoding=\"async\" class=\"size-full wp-image-255730 aligncenter\" src=\"https:\/\/maybommini.com.vn\/wp-content\/uploads\/2018\/01\/may-bom-nuoc-ngap-tau-thuyem.jpg\" alt=\"May Bom Nuoc Ngap Tau Thuyem\" width=\"800\" height=\"800\" \/><\/p>\n<p><strong>\u1ee8NG D\u1ee4NG M\u00c1Y B\u01a0M CH\u00ccM 12V\u00a0<\/strong><strong>SFBP1 G350<\/strong><\/p>\n<p>M\u00e1y b\u01a1m t\u00e0u thuy\u1ec1n Cano.<br \/>\nD\u00f9ng\u00a0\u0111\u1ec3 b\u01a1m ch\u1ea5t th\u1ea3i.<br \/>\nB\u01a1m n\u01b0\u1edbc ng\u1eadp trong nh\u00e0.<br \/>\nT\u01b0\u1edbi c\u00e2y\u00a0\u0103n tr\u00e1i.<br \/>\nB\u01a1m c\u1ea5p n\u01b0\u1edbc v\u00e0o b\u1ec3 ch\u1ee9a.<br \/>\nM\u00e1y b\u01a1m t\u00e0u thuy\u1ec1n ghe tr\u00ean bi\u1ec3n s\u00f4ng.<br \/>\nM\u00e1y b\u01a1m n\u0103ng l\u01b0\u1ee3ng m\u1eb7t tr\u1eddi.<\/p>\n<h3 style=\"text-align: center;\"><\/h3>\n<p><img decoding=\"async\" class=\"size-full wp-image-255729 aligncenter\" src=\"https:\/\/maybommini.com.vn\/wp-content\/uploads\/2018\/01\/may-bom-chim-mini-12v-2.jpg\" alt=\"May Bom Chim Mini 12v\" width=\"800\" height=\"800\" \/><\/p>\n<p><strong>MUA M\u00c1Y B\u01a0M MINI<\/strong><strong>\u00a0<\/strong><strong>\u1ede \u0110\u00c2U ?<br \/>\n<\/strong>M\u1ecdi chi ti\u1ebft vui l\u00f2ng li\u00ean h\u1ec7 tr\u1ef1c ti\u1ebfp cho ch\u00fang t\u00f4i \u0111\u1ec3 \u0111\u01b0\u1ee3c t\u01b0 v\u1ea5n theo nhu c\u1ea7u \u0111\u1ec3 c\u00f3 \u0111\u01b0\u1ee3c b\u1ed9 s\u1ea3n ph\u1ea9m t\u1ed1t nh\u1ea5t v\u00e0 ti\u1ebft ki\u1ec7m.\u00a0B\u1ea1n \u1edf xa v\u1eabn c\u00f3 th\u1ec3 mua h\u00e0ng v\u00e0 giao h\u00e0ng <a title=\"thanh to\u00e1n\" href=\"http:\/\/maybommini.com\/thanh-toan\" target=\"_blank\" rel=\"noopener\">thanh to\u00e1n<\/a> ti\u1ec1n t\u1ea1i nh\u00e0.<br \/>\n<a href=\"https:\/\/maybommini.com\" target=\"_blank\" rel=\"noopener noreferrer\">M\u00e1y B\u01a1m Mini<\/a> lu\u00f4n l\u00e0 nh\u00e0 cung c\u1ea5p s\u1ed1 1 v\u1edbi nhi\u1ec1u lo\u1ea1i m\u00e1y b\u01a1m ch\u1ea5t l\u01b0\u1ee3ng cao ch\u00ednh h\u00e3ng ph\u00f9 h\u1ee3p v\u1edbi nhi\u1ec1u \u1ee9ng d\u1ee5ng trong cu\u1ed9c s\u1ed1ng v\u00e0 s\u1ea3n xu\u1ea5t.<br \/>\nKh\u00f4ng th\u1ec3 s\u1eed d\u1ee5ng b\u01a1m c\u00e1c n\u01b0\u1edbc ch\u1ea5t ki\u1ec1m, \u0103n m\u00f2n, ax\u00edt,&#8230; C\u00f3 th\u1ec3 g\u00e2y h\u1ea1i ch\u00e1y m\u00e1y b\u01a1m.<br \/>\nKh\u00f4ng d\u00f9ng m\u00e1y b\u01a1m li\u00ean t\u1ef1c.<\/p>\n<p><img decoding=\"async\" class=\"size-full wp-image-255526 aligncenter\" src=\"https:\/\/maybommini.com.vn\/wp-content\/uploads\/2018\/01\/nha-cung-cap-may-bom-mini-MBM.jpg\" alt=\"Nha Cung Cap May Bom Mini MBM\" width=\"750\" height=\"875\" srcset=\"https:\/\/maybommini.vn\/wp-content\/uploads\/2018\/01\/nha-cung-cap-may-bom-mini-MBM.jpg 750w, https:\/\/maybommini.vn\/wp-content\/uploads\/2018\/01\/nha-cung-cap-may-bom-mini-MBM-600x700.jpg 600w, https:\/\/maybommini.vn\/wp-content\/uploads\/2018\/01\/nha-cung-cap-may-bom-mini-MBM-257x300.jpg 257w\" sizes=\"(max-width: 750px) 100vw, 750px\" \/><\/p>\n<p>Hotline : 090 729 4310<br \/>\nEmail : maybommini.com@gmail.com<br \/>\nWebsite : http:\/\/maybommini.com<br \/>\nFacebook : https:\/\/www.facebook.com\/maybommini<br \/>\nGoogle : https:\/\/plus.google.com\/ Maybomnuocminiruaxe<br \/>\nYoutube demo : https:\/\/www.youtube.com\/bahamasali<\/p>\n<h3 style=\"text-align: center;\"><strong>M\u00c1Y B\u01a0M CH\u00ccM 12V\u00a0<\/strong><strong>SFBP1 G350<\/strong><\/h3>\n","protected":false},"excerpt":{"rendered":"<p>Model : SFPB1-G350-01<br \/>\nT\u00ecnh tr\u1ea1ng: H\u00e0ng m\u1edbi 100%<br \/>\n\u0110i\u1ec7n th\u1ebf: 12V<br \/>\nL\u01b0u l\u01b0\u1ee3ng b\u01a1m: 350 GPH<br \/>\nC\u00f4ng su\u1ea5t b\u01a1m: 12 W<br \/>\nTr\u1ecdng l\u01b0\u1ee3ng: 0.4 KG<br \/>\n\u1ed0ng ra: 19 mm<br \/>\nB\u01a1m cao: 2 Met.<br \/>\nKh\u00f4ng b\u01a1m li\u00ean 24\/24<br \/>\nB\u1ea3o h\u00e0ng: 3 th\u00e1ng ch\u00ednh h\u00e3ng<br \/>\nPh\u00e2n ph\u1ed1i: MBM<\/p>\n","protected":false},"featured_media":257218,"comment_status":"open","ping_status":"closed","template":"","meta":[],"product_brand":[],"product_cat":[382,381],"product_tag":[267,1279,844,845,391,705,392,393,708,709,235,1280,846,710,389,231,711,712,394,1094],"class_list":{"0":"post-257108","1":"product","2":"type-product","3":"status-publish","4":"has-post-thumbnail","6":"product_cat-may-bom-chim-12v","7":"product_cat-may-bom-chim","8":"product_tag-12v","9":"product_tag-350gh","10":"product_tag-750gallon","11":"product_tag-750gph","12":"product_tag-bom-chat-thai","13":"product_tag-bom-chim","14":"product_tag-bom-chim-12v","15":"product_tag-bom-chim-24v","16":"product_tag-bom-day-tau","17":"product_tag-bom-nuoc-bien","18":"product_tag-bom-nuoc-mini","19":"product_tag-g350","20":"product_tag-gallon","21":"product_tag-may-bom-cano","22":"product_tag-may-bom-chim","23":"product_tag-may-bom-mini","24":"product_tag-may-bom-tau","25":"product_tag-may-bom-thuyen","26":"product_tag-may-bom-tuoi","27":"product_tag-singflo","29":"first","30":"instock","31":"sale","32":"featured","33":"shipping-taxable","34":"purchasable","35":"product-type-simple"},"_links":{"self":[{"href":"https:\/\/maybommini.vn\/index.php?rest_route=\/wp\/v2\/product\/257108","targetHints":{"allow":["GET"]}}],"collection":[{"href":"https:\/\/maybommini.vn\/index.php?rest_route=\/wp\/v2\/product"}],"about":[{"href":"https:\/\/maybommini.vn\/index.php?rest_route=\/wp\/v2\/types\/product"}],"replies":[{"embeddable":true,"href":"https:\/\/maybommini.vn\/index.php?rest_route=%2Fwp%2Fv2%2Fcomments&post=257108"}],"wp:featuredmedia":[{"embeddable":true,"href":"https:\/\/maybommini.vn\/index.php?rest_route=\/wp\/v2\/media\/257218"}],"wp:attachment":[{"href":"https:\/\/maybommini.vn\/index.php?rest_route=%2Fwp%2Fv2%2Fmedia&parent=257108"}],"wp:term":[{"taxonomy":"product_brand","embeddable":true,"href":"https:\/\/maybommini.vn\/index.php?rest_route=%2Fwp%2Fv2%2Fproduct_brand&post=257108"},{"taxonomy":"product_cat","embeddable":true,"href":"https:\/\/maybommini.vn\/index.php?rest_route=%2Fwp%2Fv2%2Fproduct_cat&post=257108"},{"taxonomy":"product_tag","embeddable":true,"href":"https:\/\/maybommini.vn\/index.php?rest_route=%2Fwp%2Fv2%2Fproduct_tag&post=257108"}],"curies":[{"name":"wp","href":"https:\/\/api.w.org\/{rel}","templated":true}]}}