{"id":257112,"date":"2018-04-12T19:42:31","date_gmt":"2018-04-12T12:42:31","guid":{"rendered":"https:\/\/maybommini.com\/san-pham\/import-placeholder-for-253345"},"modified":"2018-04-12T19:44:33","modified_gmt":"2018-04-12T12:44:33","slug":"box-sac-pin-du-phong-8-cell-30000-mah","status":"publish","type":"product","link":"https:\/\/maybommini.vn\/?product=box-sac-pin-du-phong-8-cell-30000-mah","title":{"rendered":"Box s\u1ea1c pin d\u1ef1 ph\u00f2ng 8 cell 30000 mAh"},"content":{"rendered":"<p><em><strong>Box s\u1ea1c pin d\u1ef1 ph\u00f2ng 8 cell 30000 mAh l\u00e0 lo\u1ea1i h\u1ed9p s\u1ea1c pin d\u1ef1 ph\u00f2ng t\u1ef1 g\u1eafn pin \u0111\u00e2y l\u00e0 lo\u1ea1i box s\u1ea1c cao c\u1ea5p c\u00f3 m\u1ea1ch \u0111i\u1ec7n LCD b\u00e1o dung l\u01b0\u1ee3ng pin theo ph\u1ea7n tr\u0103m v\u00e0 c\u00f3 \u0111\u00e8n led chi\u1ebfu s\u00e1ng trong \u0111\u00eam.<\/strong><\/em><\/p>\n<p><iframe src=\"https:\/\/www.youtube.com\/embed\/nDpRNUcSRLM\" width=\"560\" height=\"315\" frameborder=\"0\" allowfullscreen=\"allowfullscreen\"><\/iframe><br \/>\n<img decoding=\"async\" class=\"size-full wp-image-248966 aligncenter\" src=\"https:\/\/maybommini.com\/wp-content\/uploads\/2017\/05\/sac-du-phong-8-pin-20000mAh.jpg\" alt=\"Sac Du Phong 8 Pin 20000mAh\" width=\"750\" height=\"750\" srcset=\"https:\/\/maybommini.vn\/wp-content\/uploads\/2017\/05\/sac-du-phong-8-pin-20000mAh.jpg 750w, https:\/\/maybommini.vn\/wp-content\/uploads\/2017\/05\/sac-du-phong-8-pin-20000mAh-300x300.jpg 300w, https:\/\/maybommini.vn\/wp-content\/uploads\/2017\/05\/sac-du-phong-8-pin-20000mAh-600x600.jpg 600w, https:\/\/maybommini.vn\/wp-content\/uploads\/2017\/05\/sac-du-phong-8-pin-20000mAh-150x150.jpg 150w\" sizes=\"(max-width: 750px) 100vw, 750px\" \/><\/p>\n<p><strong>TH\u00d4NG S\u1ed0 K\u1ef8 THU\u1eacT<\/strong><br \/>\nModel: A8<br \/>\nCh\u1ee9a Pin: 8 vi\u00ean (8 cell)<br \/>\nLo\u1ea1i Pin: Pin s\u1ea1c 18650<br \/>\nT\u1ed5ng dung l\u01b0\u1ee3ng: 30.000 mAh<br \/>\nC\u1ed5ng s\u1ea1c OUT : 1A v\u00e0 2A USB<br \/>\nC\u1ed5ng s\u1ea1c IN: 2 c\u1ed5ng Micro USB<br \/>\n\u0110\u00e8n LED: 2 c\u00e1i<br \/>\nN\u00fat ngu\u1ed3n: c\u00f3<br \/>\nM\u00e0n h\u00ecnh: LCD<br \/>\nB\u00e1o dung l\u01b0\u1ee3ng: ph\u1ea7n tr\u0103m<br \/>\nB\u00e1o s\u1ea1c: c\u00f3<br \/>\nBox c\u00f3 th\u1ec3 th\u00e1o l\u1eafp \u0111\u1ec3 thay pin.<br \/>\nNg\u1eaft s\u1ea1c an to\u00e0n th\u00f4ng minh<br \/>\nKh\u00f4ng g\u00e2y h\u01b0 pin ho\u1eb7c thi\u1ebft b\u1ecb<br \/>\nBox kh\u00f4ng k\u00e8m theo Pin<br \/>\nTr\u1ecdng l\u01b0\u1ee3ng: 50g<br \/>\nB\u1ea3o h\u00e0nh: 1 th\u00e1ng<\/p>\n<p><img decoding=\"async\" class=\"size-full wp-image-248963 aligncenter\" src=\"https:\/\/maybommini.com\/wp-content\/uploads\/2017\/05\/pin-sac-du-phong.jpg\" alt=\"Pin Sac Du Phong\" width=\"750\" height=\"750\" srcset=\"https:\/\/maybommini.vn\/wp-content\/uploads\/2017\/05\/pin-sac-du-phong.jpg 750w, https:\/\/maybommini.vn\/wp-content\/uploads\/2017\/05\/pin-sac-du-phong-300x300.jpg 300w, https:\/\/maybommini.vn\/wp-content\/uploads\/2017\/05\/pin-sac-du-phong-600x600.jpg 600w, https:\/\/maybommini.vn\/wp-content\/uploads\/2017\/05\/pin-sac-du-phong-150x150.jpg 150w\" sizes=\"(max-width: 750px) 100vw, 750px\" \/> <img decoding=\"async\" class=\"size-full wp-image-248961 aligncenter\" src=\"https:\/\/maybommini.com\/wp-content\/uploads\/2017\/05\/hop-lam-pin-sac-du-phong.jpg\" alt=\"Hop Lam Pin Sac Du Phong\" width=\"750\" height=\"750\" srcset=\"https:\/\/maybommini.vn\/wp-content\/uploads\/2017\/05\/hop-lam-pin-sac-du-phong.jpg 750w, https:\/\/maybommini.vn\/wp-content\/uploads\/2017\/05\/hop-lam-pin-sac-du-phong-300x300.jpg 300w, https:\/\/maybommini.vn\/wp-content\/uploads\/2017\/05\/hop-lam-pin-sac-du-phong-600x600.jpg 600w, https:\/\/maybommini.vn\/wp-content\/uploads\/2017\/05\/hop-lam-pin-sac-du-phong-150x150.jpg 150w\" sizes=\"(max-width: 750px) 100vw, 750px\" \/><img decoding=\"async\" class=\"size-full wp-image-248963 aligncenter\" src=\"https:\/\/maybommini.com\/wp-content\/uploads\/2017\/05\/pin-sac-du-phong.jpg\" alt=\"Pin Sac Du Phong\" width=\"750\" height=\"750\" srcset=\"https:\/\/maybommini.vn\/wp-content\/uploads\/2017\/05\/pin-sac-du-phong.jpg 750w, https:\/\/maybommini.vn\/wp-content\/uploads\/2017\/05\/pin-sac-du-phong-300x300.jpg 300w, https:\/\/maybommini.vn\/wp-content\/uploads\/2017\/05\/pin-sac-du-phong-600x600.jpg 600w, https:\/\/maybommini.vn\/wp-content\/uploads\/2017\/05\/pin-sac-du-phong-150x150.jpg 150w\" sizes=\"(max-width: 750px) 100vw, 750px\" \/><br \/>\n<strong>S\u1eec D\u1ee4NG BOX S\u1ea0C D\u1ef0 PH\u00d2NG 8 CELL<\/strong><br \/>\n&#8211; D\u00f9ng s\u1ea1c \u0111i\u1ec7n tho\u1ea1i.<br \/>\n&#8211; D\u00f9ng l\u00e0m ngu\u1ed3n cho c\u00e1c thi\u1ebft b\u1ecb<br \/>\n&#8211; D\u00f9ng l\u00e0m s\u1ea1c d\u1ef1 ph\u00f2ng khi \u0111i du l\u1ecbch<br \/>\n&#8211; D\u00f9ng l\u00e0m s\u1ea1c cho c\u00e1c thi\u1ebft b\u1ecb kh\u00e1c th\u00f4ng qua c\u1ed5ng USB.<br \/>\n&#8211; L\u00e0m ngu\u1ed3n \u0111i\u1ec7n USB<br \/>\nR\u1ea5t th\u00edch h\u1ed9p cho c\u00e1c chuy\u1ebfn du l\u1ecbch xa ho\u1eb7c cho c\u00e1c B\u1ea1n chay xe Uber ho\u1eb7c Grab v\u00ec c\u00f3 d\u1ee5ng l\u01b0\u1ee3ng l\u1edbn tho\u1ea3i m\u00e1i s\u1ea1c kh\u00f4ng lo h\u1ebft pin.<br \/>\n&#8211; Box d\u00f9ng pin cell 18650 l\u00e0 lo\u1ea1i pin s\u1ea1c gi\u1ed1ng pin laptop b\u1ea1n c\u00f3 th\u1ec3 mua r\u1ea5t nhi\u1ec1u ngo\u00e0i th\u1ecb tr\u01b0\u1eddng.<br \/>\nPin 18650: 18mm \u0111\u01b0\u1eddng k\u00ednh, 65 mm chi\u1ec1u d\u00e0i, pin h\u00ecnh tr\u1ee5<\/p>\n<p><img decoding=\"async\" class=\"size-full wp-image-248968 aligncenter\" src=\"https:\/\/maybommini.com\/wp-content\/uploads\/2017\/05\/sac-du-phong-thay-pin-duoc.jpg\" alt=\"Sac Du Phong Thay Pin Duoc\" width=\"750\" height=\"750\" srcset=\"https:\/\/maybommini.vn\/wp-content\/uploads\/2017\/05\/sac-du-phong-thay-pin-duoc.jpg 750w, https:\/\/maybommini.vn\/wp-content\/uploads\/2017\/05\/sac-du-phong-thay-pin-duoc-300x300.jpg 300w, https:\/\/maybommini.vn\/wp-content\/uploads\/2017\/05\/sac-du-phong-thay-pin-duoc-600x600.jpg 600w, https:\/\/maybommini.vn\/wp-content\/uploads\/2017\/05\/sac-du-phong-thay-pin-duoc-150x150.jpg 150w\" sizes=\"(max-width: 750px) 100vw, 750px\" \/> <img decoding=\"async\" class=\"size-full wp-image-248965 aligncenter\" src=\"https:\/\/maybommini.com\/wp-content\/uploads\/2017\/05\/pin-sac-du-phong-pin-roi.jpg\" alt=\"Pin Sac Du Phong Pin Roi\" width=\"750\" height=\"750\" srcset=\"https:\/\/maybommini.vn\/wp-content\/uploads\/2017\/05\/pin-sac-du-phong-pin-roi.jpg 750w, https:\/\/maybommini.vn\/wp-content\/uploads\/2017\/05\/pin-sac-du-phong-pin-roi-300x300.jpg 300w, https:\/\/maybommini.vn\/wp-content\/uploads\/2017\/05\/pin-sac-du-phong-pin-roi-600x600.jpg 600w, https:\/\/maybommini.vn\/wp-content\/uploads\/2017\/05\/pin-sac-du-phong-pin-roi-150x150.jpg 150w\" sizes=\"(max-width: 750px) 100vw, 750px\" \/> <img decoding=\"async\" class=\"size-full wp-image-248962 aligncenter\" src=\"https:\/\/maybommini.com\/wp-content\/uploads\/2017\/05\/hop-pin-sac-du-phong.jpg\" alt=\"Hop Pin Sac Du Phong\" width=\"750\" height=\"750\" srcset=\"https:\/\/maybommini.vn\/wp-content\/uploads\/2017\/05\/hop-pin-sac-du-phong.jpg 750w, https:\/\/maybommini.vn\/wp-content\/uploads\/2017\/05\/hop-pin-sac-du-phong-300x300.jpg 300w, https:\/\/maybommini.vn\/wp-content\/uploads\/2017\/05\/hop-pin-sac-du-phong-600x600.jpg 600w, https:\/\/maybommini.vn\/wp-content\/uploads\/2017\/05\/hop-pin-sac-du-phong-150x150.jpg 150w\" sizes=\"(max-width: 750px) 100vw, 750px\" \/> <img decoding=\"async\" class=\"size-full wp-image-248966 aligncenter\" src=\"https:\/\/maybommini.com\/wp-content\/uploads\/2017\/05\/sac-du-phong-8-pin-20000mAh.jpg\" alt=\"Sac Du Phong 8 Pin 20000mAh\" width=\"750\" height=\"750\" srcset=\"https:\/\/maybommini.vn\/wp-content\/uploads\/2017\/05\/sac-du-phong-8-pin-20000mAh.jpg 750w, https:\/\/maybommini.vn\/wp-content\/uploads\/2017\/05\/sac-du-phong-8-pin-20000mAh-300x300.jpg 300w, https:\/\/maybommini.vn\/wp-content\/uploads\/2017\/05\/sac-du-phong-8-pin-20000mAh-600x600.jpg 600w, https:\/\/maybommini.vn\/wp-content\/uploads\/2017\/05\/sac-du-phong-8-pin-20000mAh-150x150.jpg 150w\" sizes=\"(max-width: 750px) 100vw, 750px\" \/><\/p>\n<p><strong>MUA BOX S\u1ea0C PIN D\u1ef0 PH\u00d2NG \u1ede \u0110\u00c2U ?<\/strong><br \/>\nChuy\u00ean cung c\u1ea5p c\u00e1c lo\u1ea1i box s\u1ea1c d\u1ef1 ph\u00f2ng v\u1edbi gi\u00e1 t\u1ed1t nh\u1ea5t v\u00e0 c\u00f3 b\u1ea3o h\u00e0nh l\u00e2u d\u00e0i t\u1ea1i HCM v\u00e0 c\u1ea3 n\u01b0\u1edbc. Li\u00ean h\u1ec7 \u0111\u1ec3 c\u00f3 gi\u00e1 t\u1ed1t nh\u1ea5t th\u1ecb tr\u01b0\u1eddng<br \/>\nWebsite:\u00a0<a href=\"https:\/\/maybommini.com\/\" target=\"_blank\" rel=\"noopener noreferrer\">https:\/\/maybommini.com\/<\/a><br \/>\nEmail: maybommini.com@gmail.com<br \/>\nFacebook:\u00a0<a href=\"https:\/\/www.facebook.com\/maybommini\/\" target=\"_blank\" rel=\"noopener noreferrer\">https:\/\/www.facebook.com\/maybommini\/<\/a><\/p>\n<p><img decoding=\"async\" class=\"size-full wp-image-248970 aligncenter\" src=\"https:\/\/maybommini.com\/wp-content\/uploads\/2017\/05\/pin-sac-du-phong-20000mah.jpg\" alt=\"Pin Sac Du Phong 20000mah\" width=\"750\" height=\"750\" srcset=\"https:\/\/maybommini.vn\/wp-content\/uploads\/2017\/05\/pin-sac-du-phong-20000mah.jpg 750w, https:\/\/maybommini.vn\/wp-content\/uploads\/2017\/05\/pin-sac-du-phong-20000mah-300x300.jpg 300w, https:\/\/maybommini.vn\/wp-content\/uploads\/2017\/05\/pin-sac-du-phong-20000mah-600x600.jpg 600w, https:\/\/maybommini.vn\/wp-content\/uploads\/2017\/05\/pin-sac-du-phong-20000mah-150x150.jpg 150w\" sizes=\"(max-width: 750px) 100vw, 750px\" \/><\/p>\n<h3 style=\"text-align: center;\"><strong>Box s\u1ea1c pin d\u1ef1 ph\u00f2ng 8 cell 30000 mAh<\/strong><\/h3>\n","protected":false},"excerpt":{"rendered":"<p>Model: A8<br \/>\nCh\u1ee9a Pin: 8 vi\u00ean (8 cell)<br \/>\nLo\u1ea1i Pin: Pin s\u1ea1c 18650<br \/>\nT\u1ed5ng dung l\u01b0\u1ee3ng: 30.000 mAh<br \/>\nC\u1ed5ng s\u1ea1c OUT : 1A v\u00e0 2A USB<br \/>\nC\u1ed5ng s\u1ea1c IN: 2 c\u1ed5ng Micro USB<br \/>\n\u0110\u00e8n LED: 2 c\u00e1i<br \/>\nN\u00fat ngu\u1ed3n: c\u00f3<br \/>\nM\u00e0n h\u00ecnh: LCD<br \/>\nB\u00e1o dung l\u01b0\u1ee3ng: ph\u1ea7n tr\u0103m<br \/>\nB\u00e1o s\u1ea1c: c\u00f3<br \/>\nBox c\u00f3 th\u1ec3 th\u00e1o l\u1eafp \u0111\u1ec3 thay pin.<br \/>\nNg\u1eaft s\u1ea1c an to\u00e0n th\u00f4ng minh<br \/>\nKh\u00f4ng g\u00e2y h\u01b0 pin ho\u1eb7c thi\u1ebft b\u1ecb<br \/>\nBox kh\u00f4ng k\u00e8m theo Pin<br \/>\nTr\u1ecdng l\u01b0\u1ee3ng: 50g<br \/>\nB\u1ea3o h\u00e0nh: 1 th\u00e1ng<\/p>\n","protected":false},"featured_media":257249,"comment_status":"open","ping_status":"closed","template":"","meta":[],"product_brand":[],"product_cat":[421],"product_tag":[1303,1304,1305,1306,1307,1308],"class_list":{"0":"post-257112","1":"product","2":"type-product","3":"status-publish","4":"has-post-thumbnail","6":"product_cat-pin-sac","7":"product_tag-bac-sac-20000mah","8":"product_tag-bac-sac-gan-pin","9":"product_tag-box-sac","10":"product_tag-box-sac-pin-du-phong","11":"product_tag-sac-du-phong","12":"product_tag-sac-pin-dien-thoai","14":"first","15":"instock","16":"sale","17":"shipping-taxable","18":"purchasable","19":"product-type-simple"},"_links":{"self":[{"href":"https:\/\/maybommini.vn\/index.php?rest_route=\/wp\/v2\/product\/257112","targetHints":{"allow":["GET"]}}],"collection":[{"href":"https:\/\/maybommini.vn\/index.php?rest_route=\/wp\/v2\/product"}],"about":[{"href":"https:\/\/maybommini.vn\/index.php?rest_route=\/wp\/v2\/types\/product"}],"replies":[{"embeddable":true,"href":"https:\/\/maybommini.vn\/index.php?rest_route=%2Fwp%2Fv2%2Fcomments&post=257112"}],"wp:featuredmedia":[{"embeddable":true,"href":"https:\/\/maybommini.vn\/index.php?rest_route=\/wp\/v2\/media\/257249"}],"wp:attachment":[{"href":"https:\/\/maybommini.vn\/index.php?rest_route=%2Fwp%2Fv2%2Fmedia&parent=257112"}],"wp:term":[{"taxonomy":"product_brand","embeddable":true,"href":"https:\/\/maybommini.vn\/index.php?rest_route=%2Fwp%2Fv2%2Fproduct_brand&post=257112"},{"taxonomy":"product_cat","embeddable":true,"href":"https:\/\/maybommini.vn\/index.php?rest_route=%2Fwp%2Fv2%2Fproduct_cat&post=257112"},{"taxonomy":"product_tag","embeddable":true,"href":"https:\/\/maybommini.vn\/index.php?rest_route=%2Fwp%2Fv2%2Fproduct_tag&post=257112"}],"curies":[{"name":"wp","href":"https:\/\/api.w.org\/{rel}","templated":true}]}}