{"id":257113,"date":"2018-04-12T19:42:31","date_gmt":"2018-04-12T12:42:31","guid":{"rendered":"https:\/\/maybommini.com\/san-pham\/import-placeholder-for-253366"},"modified":"2025-05-25T22:54:54","modified_gmt":"2025-05-25T15:54:54","slug":"may-phun-son-cam-tay-mini-220v-110w-pq-350","status":"publish","type":"product","link":"https:\/\/maybommini.vn\/?product=may-phun-son-cam-tay-mini-220v-110w-pq-350","title":{"rendered":"M\u00e1y phun s\u01a1n c\u1ea7m tay mini 220V 110W PQ-350"},"content":{"rendered":"<h3><strong>M\u00e1y phun s\u01a1n c\u1ea7m tay mini 220V 110W PQ-350\u00a0l\u00e0 lo\u1ea1i m\u00e1y phun s\u01a1n cao c\u1ea5p ho\u1ea1t \u0111\u1ed9ng nh\u1eb9 nh\u00e0ng v\u00e0 linh ho\u1ea1t kh\u00f4ng c\u1ea7n d\u00f9ng b\u00ecnh h\u01a1i nh\u01b0 c\u00e1c lo\u1ea1i m\u00e1y phun s\u01a1n kh\u00e1c. B\u1ea1n c\u00f3 th\u1ec3 d\u1ec3 d\u00e0ng s\u01a1n b\u1ea5t c\u1ee9 n\u01a1i \u0111\u00e2u m\u00e0 b\u1ea1n th\u00edch.<\/strong><\/h3>\n<p><img decoding=\"async\" class=\"size-full wp-image-248985 aligncenter\" src=\"https:\/\/maybommini.com\/wp-content\/uploads\/2017\/05\/may-phun-son-cam-tay-220v-110w.jpg\" alt=\"May Phun Son Cam Tay 220v 110w\" width=\"750\" height=\"750\" srcset=\"https:\/\/maybommini.vn\/wp-content\/uploads\/2017\/05\/may-phun-son-cam-tay-220v-110w.jpg 750w, https:\/\/maybommini.vn\/wp-content\/uploads\/2017\/05\/may-phun-son-cam-tay-220v-110w-300x300.jpg 300w, https:\/\/maybommini.vn\/wp-content\/uploads\/2017\/05\/may-phun-son-cam-tay-220v-110w-600x600.jpg 600w, https:\/\/maybommini.vn\/wp-content\/uploads\/2017\/05\/may-phun-son-cam-tay-220v-110w-150x150.jpg 150w\" sizes=\"(max-width: 750px) 100vw, 750px\" \/><\/p>\n<p><strong>TH\u00d4NG S\u1ed0 K\u1ef8 THU\u1eacT<br \/>\n<\/strong>Model: PQ-350<br \/>\n\u0110i\u1ec7n th\u1ebf: 220V<br \/>\nC\u00f4ng su\u1ea5t: 110W<br \/>\nB\u00ecnh ch\u1ee9a: 600 ml<br \/>\n\u1ed0ng d\u00e2y: 1 met<br \/>\nKh\u1ed1i l\u01b0\u1ee3ng: 1 Kg<br \/>\nTi\u1ebfng \u1ed3n: 80 db<br \/>\nB\u00e9c phun: t\u00f9y ch\u1ec9nh.<br \/>\nS\u1ea3n xu\u1ea5t: Taiwan Cao C\u1ea5p<br \/>\nB\u1ea3o h\u00e0nh: 1 n\u0103m ch\u00ednh h\u00e3ng.<br \/>\nPh\u00e2n ph\u1ed1i: MBM \u0110\u1ed9c quy\u1ec1n t\u1ea1i VN<br \/>\n<img decoding=\"async\" class=\"size-full wp-image-248984 aligncenter\" src=\"https:\/\/maybommini.com\/wp-content\/uploads\/2017\/05\/dieu-chinh-toc-do-may-phun-son.jpg\" alt=\"Dieu Chinh Toc Do May Phun Son\" width=\"750\" height=\"750\" srcset=\"https:\/\/maybommini.vn\/wp-content\/uploads\/2017\/05\/dieu-chinh-toc-do-may-phun-son.jpg 750w, https:\/\/maybommini.vn\/wp-content\/uploads\/2017\/05\/dieu-chinh-toc-do-may-phun-son-300x300.jpg 300w, https:\/\/maybommini.vn\/wp-content\/uploads\/2017\/05\/dieu-chinh-toc-do-may-phun-son-600x600.jpg 600w, https:\/\/maybommini.vn\/wp-content\/uploads\/2017\/05\/dieu-chinh-toc-do-may-phun-son-150x150.jpg 150w\" sizes=\"(max-width: 750px) 100vw, 750px\" \/> <img decoding=\"async\" class=\"size-full wp-image-248983 aligncenter\" src=\"https:\/\/maybommini.com\/wp-content\/uploads\/2017\/05\/dau-phun-son-cam-tay.jpg\" alt=\"Dau Phun Son Cam Tay\" width=\"750\" height=\"750\" srcset=\"https:\/\/maybommini.vn\/wp-content\/uploads\/2017\/05\/dau-phun-son-cam-tay.jpg 750w, https:\/\/maybommini.vn\/wp-content\/uploads\/2017\/05\/dau-phun-son-cam-tay-300x300.jpg 300w, https:\/\/maybommini.vn\/wp-content\/uploads\/2017\/05\/dau-phun-son-cam-tay-600x600.jpg 600w, https:\/\/maybommini.vn\/wp-content\/uploads\/2017\/05\/dau-phun-son-cam-tay-150x150.jpg 150w\" sizes=\"(max-width: 750px) 100vw, 750px\" \/><strong>\u1ee8NG D\u1ee4NG M\u00c1Y PHUN S\u01a0N C\u1ea6M TAY<\/strong><br \/>\n&#8211; D\u00f9ng phun s\u01a1n.<br \/>\n&#8211; Phun h\u00f3a ch\u1ea5t.<br \/>\n&#8211; Phun thu\u1ed1c.<br \/>\n&#8211; Phun s\u01a1n n\u01b0\u1edbc.<br \/>\n&#8211; Phun s\u01a1n d\u1ea7u.<br \/>\n&#8211; Phun n\u01b0\u1edbc c\u00e1c lo\u1ea1i.<br \/>\n&#8211; D\u00f9ng phun s\u01a1n gia \u0111\u00ecnh, phun s\u01a1n c\u00f4ng nghi\u1ec7p, phun s\u01a1n d\u1ef1 \u00e1n x\u1ea5y d\u1ef1ng,&#8230;.<br \/>\n&#8211; Ti\u1ec7n l\u1ee3i d\u1ec3 s\u1eed d\u1ee5ng thay th\u1ebf v\u00e0 b\u1ea3o tr\u00ec.<br \/>\n<img decoding=\"async\" class=\"alignnone size-full wp-image-248986\" src=\"https:\/\/maybommini.com\/wp-content\/uploads\/2017\/05\/may-xit-son-cam-tay-gia-re.jpg\" alt=\"May Xit Son Cam Tay Gia Re\" width=\"750\" height=\"750\" srcset=\"https:\/\/maybommini.vn\/wp-content\/uploads\/2017\/05\/may-xit-son-cam-tay-gia-re.jpg 750w, https:\/\/maybommini.vn\/wp-content\/uploads\/2017\/05\/may-xit-son-cam-tay-gia-re-300x300.jpg 300w, https:\/\/maybommini.vn\/wp-content\/uploads\/2017\/05\/may-xit-son-cam-tay-gia-re-600x600.jpg 600w, https:\/\/maybommini.vn\/wp-content\/uploads\/2017\/05\/may-xit-son-cam-tay-gia-re-150x150.jpg 150w\" sizes=\"(max-width: 750px) 100vw, 750px\" \/><\/p>\n<h3><a href=\"https:\/\/maybommini.com\/danh-muc\/thiet-bi-dung-cu\/may-phun-son\" target=\"_blank\" rel=\"noopener noreferrer\">MA\u0301Y PHUN S\u01a0N C\u00c2\u0300M TAY 220V<\/a><\/p>\n<p><strong>MUA M\u00c1Y PHUN S\u01a0N C\u1ea6M TAY \u1ede \u0110\u00c2U ?<br \/>\nCh\u00fang t\u00f4i chuy\u00ean cung c\u1ea5p <a href=\"https:\/\/maybommini.com\/danh-muc\/may-phun-son\" target=\"_blank\" rel=\"noopener noreferrer\">M\u00e1y Phun S\u01a1n<\/a> t\u1ea1i Vi\u1ec7t Nam v\u1edbi ch\u1ea5t l\u01b0\u1ee3ng v\u00e0 b\u1ea3o h\u00e0nh ch\u00ednh h\u00e3ng.<br \/>\nNgo\u00e0i ra <a href=\"https:\/\/maybommini.com\" target=\"_blank\" rel=\"noopener noreferrer\">M\u00e1y B\u01a1m Mini<\/a> c\u00f2n cung c\u1ea5p c\u00e1c thi\u1ebft b\u1ecb c\u1ea7m tay, m\u00e1y b\u01a1m c\u00e1c lo\u1ea1i &#8230;<br \/>\nWebsite:\u00a0<a href=\"https:\/\/maybommini.com\" target=\"_blank\" rel=\"noopener\">https:\/\/maybommini.com<\/a><br \/>\nEmail: maybommini.com@gmail.com<br \/>\nFacebook:\u00a0https:\/\/www.facebook.com\/maybommini\/<\/strong><\/h3>\n","protected":false},"excerpt":{"rendered":"<p>Model: PQ-350<br \/>\n\u0110i\u1ec7n th\u1ebf: 220V<br \/>\nC\u00f4ng su\u1ea5t: 110W<br \/>\nB\u00ecnh ch\u1ee9a: 600 ml<br \/>\n\u1ed0ng d\u00e2y: 1 met<br \/>\nTi\u1ebfng \u1ed3n: 80 db<br \/>\nB\u00e9c phun: t\u00f9y ch\u1ec9nh.<br \/>\nKh\u1ed1i l\u01b0\u1ee3ng: 1 Kg<br \/>\nS\u1ea3n xu\u1ea5t: Taiwan Cao C\u1ea5p<br \/>\nB\u1ea3o h\u00e0nh: 1 n\u0103m ch\u00ednh h\u00e3ng.<br \/>\nPh\u00e2n ph\u1ed1i: MBM \u0110\u1ed9c quy\u1ec1n t\u1ea1i VN<\/p>\n","protected":false},"featured_media":257255,"comment_status":"open","ping_status":"closed","template":"","meta":[],"product_brand":[],"product_cat":[684],"product_tag":[1266,1267,685,686,1268,687,688,689,690,691,692,1269,693],"class_list":{"0":"post-257113","1":"product","2":"type-product","3":"status-publish","4":"has-post-thumbnail","6":"product_cat-may-phun-son","7":"product_tag-220v-100w","8":"product_tag-ls-pq100","9":"product_tag-may-phun-son","10":"product_tag-may-phun-son-220v","11":"product_tag-may-phun-son-220v-100w","12":"product_tag-may-phun-son-300w","13":"product_tag-may-phun-son-750w","14":"product_tag-may-phun-son-800w","15":"product_tag-may-phun-son-cam-tay","16":"product_tag-may-phun-son-mini","17":"product_tag-may-son","18":"product_tag-phun-son","19":"product_tag-son-mini","21":"first","22":"instock","23":"sale","24":"featured","25":"shipping-taxable","26":"purchasable","27":"product-type-simple"},"_links":{"self":[{"href":"https:\/\/maybommini.vn\/index.php?rest_route=\/wp\/v2\/product\/257113","targetHints":{"allow":["GET"]}}],"collection":[{"href":"https:\/\/maybommini.vn\/index.php?rest_route=\/wp\/v2\/product"}],"about":[{"href":"https:\/\/maybommini.vn\/index.php?rest_route=\/wp\/v2\/types\/product"}],"replies":[{"embeddable":true,"href":"https:\/\/maybommini.vn\/index.php?rest_route=%2Fwp%2Fv2%2Fcomments&post=257113"}],"wp:featuredmedia":[{"embeddable":true,"href":"https:\/\/maybommini.vn\/index.php?rest_route=\/wp\/v2\/media\/257255"}],"wp:attachment":[{"href":"https:\/\/maybommini.vn\/index.php?rest_route=%2Fwp%2Fv2%2Fmedia&parent=257113"}],"wp:term":[{"taxonomy":"product_brand","embeddable":true,"href":"https:\/\/maybommini.vn\/index.php?rest_route=%2Fwp%2Fv2%2Fproduct_brand&post=257113"},{"taxonomy":"product_cat","embeddable":true,"href":"https:\/\/maybommini.vn\/index.php?rest_route=%2Fwp%2Fv2%2Fproduct_cat&post=257113"},{"taxonomy":"product_tag","embeddable":true,"href":"https:\/\/maybommini.vn\/index.php?rest_route=%2Fwp%2Fv2%2Fproduct_tag&post=257113"}],"curies":[{"name":"wp","href":"https:\/\/api.w.org\/{rel}","templated":true}]}}