{"id":257143,"date":"2018-04-12T19:42:53","date_gmt":"2018-04-12T12:42:53","guid":{"rendered":"https:\/\/maybommini.com\/san-pham\/import-placeholder-for-253368"},"modified":"2018-12-26T10:14:31","modified_gmt":"2018-12-26T03:14:31","slug":"von-ke-dien-tu-led-dc-4-5v-30v","status":"publish","type":"product","link":"https:\/\/maybommini.vn\/?product=von-ke-dien-tu-led-dc-4-5v-30v","title":{"rendered":"V\u00f4n k\u1ebf \u0111i\u1ec7n t\u1eed LED DC 4.5V &#8211; 30V"},"content":{"rendered":"<p><em><strong>V\u00f4n k\u00ea\u0301 \u0111i\u00ea\u0323n t\u01b0\u0309 LED DC 4.5v &#8211; 30v du\u0300ng \u0111\u00ea\u0309 \u0111o hi\u00ea\u0323u \u0111i\u00ea\u0323n th\u00ea\u0301 do\u0300ng \u0111i\u00ea\u0323n cu\u0309a ngu\u00f4\u0300n c\u00e2\u0301p nh\u01b0 bi\u0300nh \u0103\u0301c quy, pin va\u0300 ca\u0301c thi\u00ea\u0301t bi\u0323 kha\u0301c. \u0110\u00e2y la\u0300 loa\u0323i v\u00f4n k\u00ea\u0301 ky\u0303 thu\u00e2\u0323t s\u00f4\u0301 co\u0301 \u0111\u00f4\u0323 chi\u0301nh xa\u0301c cao va\u0300 \u0111\u00ea\u0309 l\u0103\u0301p s\u01b0\u0309 du\u0323ng.<\/strong><\/em><\/p>\n<p><iframe width=\"560\" height=\"315\" frameborder=\"0\" src=\"https:\/\/www.youtube.com\/embed\/-pnD30gqPfQ\"><\/iframe><br \/>\n<img decoding=\"async\" class=\"size-full wp-image-249010 aligncenter\" src=\"https:\/\/maybommini.com\/wp-content\/uploads\/2017\/05\/dong-ho-do-dien.jpg\" alt=\"Dong Ho Do Dien\" width=\"750\" height=\"750\" srcset=\"https:\/\/maybommini.vn\/wp-content\/uploads\/2017\/05\/dong-ho-do-dien.jpg 750w, https:\/\/maybommini.vn\/wp-content\/uploads\/2017\/05\/dong-ho-do-dien-300x300.jpg 300w, https:\/\/maybommini.vn\/wp-content\/uploads\/2017\/05\/dong-ho-do-dien-600x600.jpg 600w, https:\/\/maybommini.vn\/wp-content\/uploads\/2017\/05\/dong-ho-do-dien-150x150.jpg 150w\" sizes=\"(max-width: 750px) 100vw, 750px\" \/><\/p>\n<p><strong>TH\u00d4NG S\u00d4\u0301 KY\u0303 THU\u00c2\u0323T<\/strong><br \/>\nModel: V\u00f4n k\u00ea\u0301 LED 4.5-30V<br \/>\nDo\u0300ng \u0111i\u00ea\u0323n \u0111o: 4.5v &#8211; 30v DC<br \/>\nMa\u0300n hi\u0300nh: LED<br \/>\nT\u00f4\u0301c \u0111\u00f4\u0323 la\u0300m t\u01b0\u01a1i : 300 ms<br \/>\nSai s\u00f4\u0301: 0.1v &#8211; 0.3v<br \/>\n\u0110\u00e2\u0301u d\u00e2y tr\u01b0\u0323c ti\u00ea\u0301p va\u0300o ngu\u00f4\u0300n \u0111i\u00ea\u0323n DC<br \/>\nKi\u0301ch th\u01b0\u01a1\u0301c: D29 x R22 x C48 mm<br \/>\nTro\u0323ng l\u01b0\u01a1\u0323ng: 30g<br \/>\n<img decoding=\"async\" class=\"size-full wp-image-249014 aligncenter\" src=\"https:\/\/maybommini.com\/wp-content\/uploads\/2017\/05\/von-ke-do-dien-dc.jpg\" alt=\"Von Ke Do Dien Dc\" width=\"750\" height=\"750\" srcset=\"https:\/\/maybommini.vn\/wp-content\/uploads\/2017\/05\/von-ke-do-dien-dc.jpg 750w, https:\/\/maybommini.vn\/wp-content\/uploads\/2017\/05\/von-ke-do-dien-dc-300x300.jpg 300w, https:\/\/maybommini.vn\/wp-content\/uploads\/2017\/05\/von-ke-do-dien-dc-600x600.jpg 600w, https:\/\/maybommini.vn\/wp-content\/uploads\/2017\/05\/von-ke-do-dien-dc-150x150.jpg 150w\" sizes=\"(max-width: 750px) 100vw, 750px\" \/> <img decoding=\"async\" class=\"size-full wp-image-249013 aligncenter\" src=\"https:\/\/maybommini.com\/wp-content\/uploads\/2017\/05\/von-ke-dien-tu.jpg\" alt=\"Von Ke Dien Tu\" width=\"750\" height=\"750\" srcset=\"https:\/\/maybommini.vn\/wp-content\/uploads\/2017\/05\/von-ke-dien-tu.jpg 750w, https:\/\/maybommini.vn\/wp-content\/uploads\/2017\/05\/von-ke-dien-tu-300x300.jpg 300w, https:\/\/maybommini.vn\/wp-content\/uploads\/2017\/05\/von-ke-dien-tu-600x600.jpg 600w, https:\/\/maybommini.vn\/wp-content\/uploads\/2017\/05\/von-ke-dien-tu-150x150.jpg 150w\" sizes=\"(max-width: 750px) 100vw, 750px\" \/><br \/>\n<strong>\u01af\u0301NG DU\u0323NG V\u00d4N K\u00ca\u0301 \u0110I\u00ca\u0323N T\u01af\u0323 LED<\/strong><br \/>\n&#8211; Du\u0300ng do hi\u00ea\u0323u \u0111i\u00ea\u0323n th\u00ea\u0301 ngu\u00f4\u0300n \u0111i\u00ea\u0323n.<br \/>\n&#8211; Du\u0300ng g\u0103\u0301n l\u00ean thi\u00ea\u0301t bi\u0323 \u0111i\u00ea\u0323n DC.<br \/>\n&#8211; Du\u0300ng do ngu\u00f4\u0300n \u0111i\u00ea\u0323n Oto, xe ma\u0301y, ta\u0300u thuy\u00ea\u0300n,&#8230;<br \/>\n&#8211; Du\u0300ng trong h\u00ea\u0323 th\u00f4\u0301ng \u0111i\u00ea\u0323n.<br \/>\n&#8211; Du\u0300ng \u0111o \u0111i\u00ea\u0323n th\u00ea\u0301 Pin, bi\u0300nh \u0103\u0301c quy &#8230;<br \/>\nVa\u0300 \u01b0\u0301ng du\u0323ng \u0111o hi\u00ea\u0323u \u0111i\u00ea\u0323n th\u00ea\u0301 \u0111\u00e2\u0300u ra cu\u0309a ngu\u00f4\u0300n &#8230;<br \/>\n<img decoding=\"async\" class=\"alignnone size-full wp-image-249014\" src=\"https:\/\/maybommini.com\/wp-content\/uploads\/2017\/05\/von-ke-do-dien-dc.jpg\" alt=\"Von Ke Do Dien Dc\" width=\"750\" height=\"750\" srcset=\"https:\/\/maybommini.vn\/wp-content\/uploads\/2017\/05\/von-ke-do-dien-dc.jpg 750w, https:\/\/maybommini.vn\/wp-content\/uploads\/2017\/05\/von-ke-do-dien-dc-300x300.jpg 300w, https:\/\/maybommini.vn\/wp-content\/uploads\/2017\/05\/von-ke-do-dien-dc-600x600.jpg 600w, https:\/\/maybommini.vn\/wp-content\/uploads\/2017\/05\/von-ke-do-dien-dc-150x150.jpg 150w\" sizes=\"(max-width: 750px) 100vw, 750px\" \/><\/p>\n<p><strong>MUA V\u00d4N K\u00ca\u0301 \u0110O \u0110I\u00ca\u0323N \u01a0\u0309 \u0110\u00c2U ?<\/strong><br \/>\nMBM &#8211; MAYBOMMINI.COM chuy\u00ean cung c\u00e2\u0301p ca\u0301c thi\u00ea\u0301t bi\u0323 \u0111i\u00ea\u0323n t\u01b0\u0309 du\u0323ng cu\u0323, v\u00f4n k\u00ea\u0301, <a href=\"https:\/\/maybommini.com\/danh-muc\/mach-dien-tu\" target=\"_blank\" rel=\"noopener noreferrer\">ma\u0323ch \u0111i\u00ea\u0323n t\u01b0\u0309<\/a>, pin sa\u0323c va\u0300 nhi\u00ea\u0300u thi\u00ea\u0301t bi\u0323 kha\u0301c v\u01a1\u0301i gi\u0301a t\u00f4\u0301t nh\u00e2\u0301t, sa\u0309n ph\u00e2\u0309m ba\u0309o ha\u0300nh chi\u0301nh ha\u0303ng nh\u00e2\u0323p kh\u00e2\u0309u.<br \/>\nNgoa\u0300i ra <a href=\"https:\/\/maybommini.com\" target=\"_blank\" rel=\"noopener noreferrer\">Ma\u0301y B\u01a1m Mini<\/a> chuy\u00ean ca\u0301c loa\u0323i <a href=\"https:\/\/maybommini.com\/danh-muc\/may-bom-ap-luc-mini\" target=\"_blank\" rel=\"noopener noreferrer\">ma\u0301y b\u01a1m a\u0301p l\u01b0\u0323c mini<\/a>, <a href=\"https:\/\/maybommini.com\/danh-muc\/he-thong-phun-suong\" target=\"_blank\" rel=\"noopener noreferrer\">ma\u0301y b\u01a1m phun s\u01b0\u01a1ng<\/a>, thi\u00ea\u0301t bi\u0323 du\u0323ng cu\u0323, thi\u00ea\u0301t bi\u0323 oto, ma\u0301y b\u01a1m h\u00f4\u0300 ca\u0301, ma\u0301y b\u01a1m tr\u01a1\u0323 l\u01b0\u0323c &#8230;<br \/>\n<strong>Website:<\/strong> <a href=\"https:\/\/maybommini.com\" target=\"_blank\" rel=\"noopener noreferrer\">https:\/\/maybommini.com<\/a><br \/>\n<strong>Email:<\/strong> maybommini.com@gmail.com<\/p>\n<h3 style=\"text-align: center;\"><strong>V\u00f4n k\u00ea\u0301 \u0111i\u00ea\u0323n t\u01b0\u0309 LED DC 4.5v &#8211; 30v<\/strong><\/h3>\n","protected":false},"excerpt":{"rendered":"<p>Model: V\u00f4n k\u00ea\u0301 LED 4.5-30V<br \/>\nDo\u0300ng \u0111i\u00ea\u0323n \u0111o: 4.5v &#8211; 30v DC<br \/>\nMa\u0300n hi\u0300nh: LED<br \/>\nT\u00f4\u0301c \u0111\u00f4\u0323 la\u0300m t\u01b0\u01a1i : 300 ms<br \/>\nSai s\u00f4\u0301: 0.1v &#8211; 0.3v<br \/>\n\u0110\u00e2\u0301u d\u00e2y tr\u01b0\u0323c ti\u00ea\u0301p va\u0300o ngu\u00f4\u0300n \u0111i\u00ea\u0323n DC<br \/>\nKi\u0301ch th\u01b0\u01a1\u0301c: D29 x R22 x C48 mm<br \/>\nTro\u0323ng l\u01b0\u01a1\u0323ng: 30g<br \/>\nHa\u0300ng nh\u00e2\u0323p kh\u00e2\u0309u<\/p>\n","protected":false},"featured_media":257264,"comment_status":"open","ping_status":"closed","template":"","meta":[],"product_brand":[],"product_cat":[666],"product_tag":[1315,1316,1317,1318,1319,1320,1321,1322],"class_list":{"0":"post-257143","1":"product","2":"type-product","3":"status-publish","4":"has-post-thumbnail","6":"product_cat-mach-dien-tu","7":"product_tag-dong-do-dien-12v","8":"product_tag-dong-ho-do-dien","9":"product_tag-dong-ho-bao-dien","10":"product_tag-volt","11":"product_tag-von-ke","12":"product_tag-von-ke-dc","13":"product_tag-von-ke-dien-tu","14":"product_tag-von-ke-man-hinh-led","16":"first","17":"instock","18":"sale","19":"shipping-taxable","20":"purchasable","21":"product-type-simple"},"_links":{"self":[{"href":"https:\/\/maybommini.vn\/index.php?rest_route=\/wp\/v2\/product\/257143","targetHints":{"allow":["GET"]}}],"collection":[{"href":"https:\/\/maybommini.vn\/index.php?rest_route=\/wp\/v2\/product"}],"about":[{"href":"https:\/\/maybommini.vn\/index.php?rest_route=\/wp\/v2\/types\/product"}],"replies":[{"embeddable":true,"href":"https:\/\/maybommini.vn\/index.php?rest_route=%2Fwp%2Fv2%2Fcomments&post=257143"}],"wp:featuredmedia":[{"embeddable":true,"href":"https:\/\/maybommini.vn\/index.php?rest_route=\/wp\/v2\/media\/257264"}],"wp:attachment":[{"href":"https:\/\/maybommini.vn\/index.php?rest_route=%2Fwp%2Fv2%2Fmedia&parent=257143"}],"wp:term":[{"taxonomy":"product_brand","embeddable":true,"href":"https:\/\/maybommini.vn\/index.php?rest_route=%2Fwp%2Fv2%2Fproduct_brand&post=257143"},{"taxonomy":"product_cat","embeddable":true,"href":"https:\/\/maybommini.vn\/index.php?rest_route=%2Fwp%2Fv2%2Fproduct_cat&post=257143"},{"taxonomy":"product_tag","embeddable":true,"href":"https:\/\/maybommini.vn\/index.php?rest_route=%2Fwp%2Fv2%2Fproduct_tag&post=257143"}],"curies":[{"name":"wp","href":"https:\/\/api.w.org\/{rel}","templated":true}]}}