{"id":257144,"date":"2018-04-12T19:42:53","date_gmt":"2018-04-12T12:42:53","guid":{"rendered":"https:\/\/maybommini.com\/san-pham\/import-placeholder-for-253369"},"modified":"2020-02-23T13:52:03","modified_gmt":"2020-02-23T06:52:03","slug":"loc-nuoc-chu-t-ren-ngoai-27mm","status":"publish","type":"product","link":"https:\/\/maybommini.vn\/?product=loc-nuoc-chu-t-ren-ngoai-27mm","title":{"rendered":"L\u1ecdc n\u01b0\u1edbc ch\u1eef T ren ngo\u00e0i 27mm"},"content":{"rendered":"<h4>Chuy\u00ean b\u00e1n l\u1ecdc n\u01b0\u1edbc ch\u1eef T ren ngo\u00e0i 27mm la\u0300 loa\u0323i lo\u0323c n\u01b0\u01a1\u0301c ma\u0301y b\u01a1m, ma\u0301y b\u01a1m x\u0103ng d\u00e2\u0300u nh\u01a1\u0301t r\u00e2\u0301t t\u00f4\u0301t tra\u0301nh c\u0103\u0323n b\u00e2\u0309n \u0111i qua ma\u0301y b\u01a1m la\u0300m sa\u0323ch. Loa\u0323i lo\u0323c na\u0300y \u0111\u01b0\u01a1\u0323c thi\u00ea\u0301t k\u00ea\u0301 tha\u0301o r\u01a1\u0300i \u0111\u00ea\u0309 v\u00ea\u0323 sinh d\u00ea\u0309 da\u0300ng sau na\u0300y.<\/h4>\n<p><img decoding=\"async\" class=\"size-full wp-image-249020 aligncenter\" src=\"https:\/\/maybommini.com\/wp-content\/uploads\/2017\/05\/loc-nuoc-chu-T-ren-ngoai-27mm.jpg\" alt=\"Loc Nuoc Chu T Ren Ngoai 27mm\" width=\"750\" height=\"750\" srcset=\"https:\/\/maybommini.vn\/wp-content\/uploads\/2017\/05\/loc-nuoc-chu-T-ren-ngoai-27mm.jpg 750w, https:\/\/maybommini.vn\/wp-content\/uploads\/2017\/05\/loc-nuoc-chu-T-ren-ngoai-27mm-300x300.jpg 300w, https:\/\/maybommini.vn\/wp-content\/uploads\/2017\/05\/loc-nuoc-chu-T-ren-ngoai-27mm-600x600.jpg 600w, https:\/\/maybommini.vn\/wp-content\/uploads\/2017\/05\/loc-nuoc-chu-T-ren-ngoai-27mm-150x150.jpg 150w\" sizes=\"(max-width: 750px) 100vw, 750px\" \/><\/p>\n<p><strong>TH\u00d4NG S\u00d4\u0301 KY\u0303 THU\u00c2\u0323T<\/strong><br \/>\nModel: Lo\u0323c T &#8211; 27mm<br \/>\nCh\u00e2\u0301t li\u00ea\u0323u: Nh\u01b0\u0323a cao c\u00e2\u0301p<br \/>\nLo\u0309i lo\u0323c: The\u0301p ch\u00f4\u0301ng ri\u0309 se\u0301t<br \/>\nChi\u00ea\u0323u a\u0301p l\u01b0\u0323c va\u0300 \u0103n mo\u0300n<br \/>\nRen ngoa\u0300i: 27 mm &#8211; 3\/4 in<br \/>\nTro\u0323ng l\u01b0\u01a1\u0323ng: 100g<br \/>\n<img decoding=\"async\" class=\"size-full wp-image-249021 aligncenter\" src=\"https:\/\/maybommini.com\/wp-content\/uploads\/2017\/05\/loc-nuoc-loc-xang-dau.jpg\" alt=\"Loc Nuoc Loc Xang Dau\" width=\"750\" height=\"750\" srcset=\"https:\/\/maybommini.vn\/wp-content\/uploads\/2017\/05\/loc-nuoc-loc-xang-dau.jpg 750w, https:\/\/maybommini.vn\/wp-content\/uploads\/2017\/05\/loc-nuoc-loc-xang-dau-300x300.jpg 300w, https:\/\/maybommini.vn\/wp-content\/uploads\/2017\/05\/loc-nuoc-loc-xang-dau-600x600.jpg 600w, https:\/\/maybommini.vn\/wp-content\/uploads\/2017\/05\/loc-nuoc-loc-xang-dau-150x150.jpg 150w\" sizes=\"(max-width: 750px) 100vw, 750px\" \/> <img decoding=\"async\" class=\"size-full wp-image-249023 aligncenter\" src=\"https:\/\/maybommini.com\/wp-content\/uploads\/2017\/05\/loc-rac-can-ban-may-bom.jpg\" alt=\"Loc Rac Can Ban May Bom\" width=\"750\" height=\"750\" srcset=\"https:\/\/maybommini.vn\/wp-content\/uploads\/2017\/05\/loc-rac-can-ban-may-bom.jpg 750w, https:\/\/maybommini.vn\/wp-content\/uploads\/2017\/05\/loc-rac-can-ban-may-bom-300x300.jpg 300w, https:\/\/maybommini.vn\/wp-content\/uploads\/2017\/05\/loc-rac-can-ban-may-bom-600x600.jpg 600w, https:\/\/maybommini.vn\/wp-content\/uploads\/2017\/05\/loc-rac-can-ban-may-bom-150x150.jpg 150w\" sizes=\"(max-width: 750px) 100vw, 750px\" \/> <img decoding=\"async\" class=\"size-full wp-image-249019 aligncenter\" src=\"https:\/\/maybommini.com\/wp-content\/uploads\/2017\/05\/loc-may-bom-xang-dau.jpg\" alt=\"Loc May Bom Xang Dau\" width=\"750\" height=\"750\" srcset=\"https:\/\/maybommini.vn\/wp-content\/uploads\/2017\/05\/loc-may-bom-xang-dau.jpg 750w, https:\/\/maybommini.vn\/wp-content\/uploads\/2017\/05\/loc-may-bom-xang-dau-300x300.jpg 300w, https:\/\/maybommini.vn\/wp-content\/uploads\/2017\/05\/loc-may-bom-xang-dau-600x600.jpg 600w, https:\/\/maybommini.vn\/wp-content\/uploads\/2017\/05\/loc-may-bom-xang-dau-150x150.jpg 150w\" sizes=\"(max-width: 750px) 100vw, 750px\" \/><\/p>\n<h3><strong>\u01af\u0301NG DU\u0323NG LO\u0323C N\u01af\u01a0\u0301C CH\u01af\u0303 T<\/strong><\/h3>\n<p>&#8211; Du\u0300ng cho ma\u0301y b\u01a1m x\u0103ng d\u00e2\u0300u nh\u01a1\u0301t.<br \/>\n&#8211; Du\u0300ng cho ma\u0301y b\u01a1m lo\u0323c n\u01b0\u01a1\u0301c.<br \/>\n&#8211; Du\u0300ng lo\u0323c n\u01b0\u01a1\u0301c h\u00ea\u0323 th\u00f4\u0301ng t\u01b0\u01a1\u0301i c\u00e2y.<br \/>\n&#8211; Du\u0300ng lo\u0323c ta\u0323p ch\u00e2\u0301t cho ma\u0301y b\u01a1m n\u01b0\u01a1\u0301c a\u0301p l\u01b0\u0323c.<br \/>\n&#8211; Du\u0300ng lo\u0323c n\u01b0\u01a1\u0301c x\u0103ng d\u00e2\u0300u co\u0301 ta\u0323p ch\u00e2\u0301t.<br \/>\n&#8211; Du\u0300ng cho h\u00ea\u0323 th\u00f4\u0301ng b\u01a1m n\u01b0\u01a1\u0301c.<br \/>\n&#8211; Du\u0300ng trong h\u00ea\u0323 th\u00f4\u0301ng khi\u0301, lo\u0323c khi\u0301 &#8230;<br \/>\n&#8211; Du\u0300ng trong tra\u0323m b\u01a1m x\u0103ng d\u00e2\u0300u nh\u01a1\u0301t.<br \/>\nVa\u0300 \u01b0\u0301ng du\u0323ng trong h\u00ea\u0323 th\u00f4\u0301ng ma\u0301y mo\u0301c c\u00f4ng nghi\u00ea\u0323p t\u01b0\u0323 \u0111\u00f4\u0323ng..<br \/>\n<img decoding=\"async\" class=\"size-full wp-image-249024 aligncenter\" src=\"https:\/\/maybommini.com\/wp-content\/uploads\/2017\/05\/loc-rac-may-bom-nuoc.jpg\" alt=\"Loc Rac May Bom Nuoc\" width=\"750\" height=\"750\" srcset=\"https:\/\/maybommini.vn\/wp-content\/uploads\/2017\/05\/loc-rac-may-bom-nuoc.jpg 750w, https:\/\/maybommini.vn\/wp-content\/uploads\/2017\/05\/loc-rac-may-bom-nuoc-300x300.jpg 300w, https:\/\/maybommini.vn\/wp-content\/uploads\/2017\/05\/loc-rac-may-bom-nuoc-600x600.jpg 600w, https:\/\/maybommini.vn\/wp-content\/uploads\/2017\/05\/loc-rac-may-bom-nuoc-150x150.jpg 150w\" sizes=\"(max-width: 750px) 100vw, 750px\" \/><strong>CA\u0301CH L\u0102\u0301P LO\u0323C N\u01af\u01a0\u0301C CH\u01af\u0303 T CHO MA\u0301Y B\u01a0M<br \/>\n<\/strong>Lo\u0323c n\u01b0\u01a1\u0301c na\u0300y ba\u0323n co\u0301 th\u00ea\u0309 du\u0300ng g\u0103\u0301n tr\u01b0\u01a1\u0301c ho\u0103\u0323c sau ma\u0301y b\u01a1m \u0111\u00ea\u0300u \u0111\u01b0\u01a1\u0323c nh\u01b0ng t\u00f4\u0301t nh\u00e2\u0301t n\u00ean g\u0103\u0301n tr\u01b0\u01a1\u0301c ma\u0301y b\u01a1m nh\u01b0 v\u00e2\u0323y c\u0103\u0323n b\u00e2\u0309n se\u0309 kh\u00f4ng va\u0300o \u0111\u01b0\u01a1\u0323c ma\u0301y b\u01a1m.<br \/>\n<img decoding=\"async\" class=\"size-full wp-image-249022 aligncenter\" src=\"https:\/\/maybommini.com\/wp-content\/uploads\/2017\/05\/loc-nuoc-may-bom.jpg\" alt=\"Loc Nuoc May Bom\" width=\"750\" height=\"750\" srcset=\"https:\/\/maybommini.vn\/wp-content\/uploads\/2017\/05\/loc-nuoc-may-bom.jpg 750w, https:\/\/maybommini.vn\/wp-content\/uploads\/2017\/05\/loc-nuoc-may-bom-300x300.jpg 300w, https:\/\/maybommini.vn\/wp-content\/uploads\/2017\/05\/loc-nuoc-may-bom-600x600.jpg 600w, https:\/\/maybommini.vn\/wp-content\/uploads\/2017\/05\/loc-nuoc-may-bom-150x150.jpg 150w\" sizes=\"(max-width: 750px) 100vw, 750px\" \/><br \/>\n<strong>MUA LO\u0323C N\u01af\u01a0\u0301C MA\u0301Y B\u01a0M \u01a0\u0309 \u0110\u00c2U<\/strong><br \/>\n<strong>MBM &#8211; <a href=\"https:\/\/maybommini.com\" target=\"_blank\" rel=\"noopener noreferrer\">MA\u0301Y B\u01a0M MINI<\/a><\/strong> la\u0300 nha\u0300 cung c\u00e2\u0301p ha\u0300ng \u0111\u00e2\u0300u v\u00ea\u0300 ca\u0301c thi\u00ea\u0301t bi\u0323 ma\u0301y b\u01a1m n\u01b0\u01a1\u0301c, ma\u0301y b\u01a1m a\u0301p l\u01b0\u0323c, ma\u0301y b\u01a1m mini, ma\u0301y b\u01a1m x\u0103ng d\u00e2\u0300u nh\u01a1\u0301t, lo\u0323c n\u01b0\u01a1\u0301c RO, lo\u0323c ra\u0301c ma\u0301y b\u01a1m va\u0300 nhi\u00ea\u0300u thi\u00ea\u0301t bi\u0323 kha\u0301c.<br \/>\n<strong>Website:<\/strong> <a href=\"https:\/\/maybommini.com\" target=\"_blank\" rel=\"noopener noreferrer\">https:\/\/maybommini.com<\/a><br \/>\n<strong>Email:<\/strong> maybommini.com@gmail.com<br \/>\n<strong>Facebook:<\/strong>\u00a0<a href=\"https:\/\/www.facebook.com\/maybommini\/\" target=\"_blank\" rel=\"noopener noreferrer\">https:\/\/www.facebook.com\/maybommini\/<\/a><\/p>\n","protected":false},"excerpt":{"rendered":"<p>Model:\u00a0LOC-T-27<br \/>\nCh\u00e2\u0301t li\u00ea\u0323u: Nh\u01b0\u0323a cao c\u00e2\u0301p<br \/>\nLo\u0309i lo\u0323c: The\u0301p ch\u00f4\u0301ng ri\u0309 se\u0301t<br \/>\nChi\u00ea\u0323u a\u0301p l\u01b0\u0323c va\u0300 \u0103n mo\u0300n<br \/>\nRen ngoa\u0300i: 27 mm &#8211; 3\/4 in<br \/>\nTro\u0323ng l\u01b0\u01a1\u0323ng: 100 gam<br \/>\nSa\u0309n ph\u00e2\u0309m nh\u00e2\u0323p kh\u00e2\u0309u cao c\u00e2\u0301p<br \/>\nB\u1ea3o h\u00e0nh: 1 th\u00e1ng.<br \/>\n<strong>Ph\u00e2n ph\u1ed1i: Maybommini.com<\/strong><br \/>\n<strong>T\u01af V\u1ea4N K\u1ef8 THU\u1eacT \u2013 MUA H\u00c0NG<br \/>\n0908997823 \u2013 0908997872<br \/>\n0907294310 \u2013 02873030399<\/strong><\/p>\n","protected":false},"featured_media":257270,"comment_status":"open","ping_status":"closed","template":"","meta":[],"product_brand":[2227],"product_cat":[2431,214],"product_tag":[287,639,1323,1324,1325,3242,1326,1327,289,1193,1328],"class_list":{"0":"post-257144","1":"product","2":"type-product","3":"status-publish","4":"has-post-thumbnail","6":"product_brand-mtm","7":"product_cat-loc-nuoc","8":"product_cat-phu-kien-bom-nuoc","9":"product_tag-bo-loc","10":"product_tag-loc","11":"product_tag-loc-27mm","12":"product_tag-loc-can-ban","13":"product_tag-loc-chu-t","14":"product_tag-loc-dau","15":"product_tag-loc-luoi","16":"product_tag-loc-may-bom","17":"product_tag-loc-nuoc","18":"product_tag-loc-rac","19":"product_tag-loc-xang-dau","21":"first","22":"instock","23":"sale","24":"shipping-taxable","25":"purchasable","26":"product-type-simple"},"_links":{"self":[{"href":"https:\/\/maybommini.vn\/index.php?rest_route=\/wp\/v2\/product\/257144","targetHints":{"allow":["GET"]}}],"collection":[{"href":"https:\/\/maybommini.vn\/index.php?rest_route=\/wp\/v2\/product"}],"about":[{"href":"https:\/\/maybommini.vn\/index.php?rest_route=\/wp\/v2\/types\/product"}],"replies":[{"embeddable":true,"href":"https:\/\/maybommini.vn\/index.php?rest_route=%2Fwp%2Fv2%2Fcomments&post=257144"}],"wp:featuredmedia":[{"embeddable":true,"href":"https:\/\/maybommini.vn\/index.php?rest_route=\/wp\/v2\/media\/257270"}],"wp:attachment":[{"href":"https:\/\/maybommini.vn\/index.php?rest_route=%2Fwp%2Fv2%2Fmedia&parent=257144"}],"wp:term":[{"taxonomy":"product_brand","embeddable":true,"href":"https:\/\/maybommini.vn\/index.php?rest_route=%2Fwp%2Fv2%2Fproduct_brand&post=257144"},{"taxonomy":"product_cat","embeddable":true,"href":"https:\/\/maybommini.vn\/index.php?rest_route=%2Fwp%2Fv2%2Fproduct_cat&post=257144"},{"taxonomy":"product_tag","embeddable":true,"href":"https:\/\/maybommini.vn\/index.php?rest_route=%2Fwp%2Fv2%2Fproduct_tag&post=257144"}],"curies":[{"name":"wp","href":"https:\/\/api.w.org\/{rel}","templated":true}]}}