{"id":257145,"date":"2018-04-12T19:42:53","date_gmt":"2018-04-12T12:42:53","guid":{"rendered":"https:\/\/maybommini.com\/san-pham\/import-placeholder-for-253370"},"modified":"2021-05-27T11:20:29","modified_gmt":"2021-05-27T04:20:29","slug":"may-bom-nuoc-mini-ap-luc-12v-36w-3-5l","status":"publish","type":"product","link":"https:\/\/maybommini.vn\/?product=may-bom-nuoc-mini-ap-luc-12v-36w-3-5l","title":{"rendered":"M\u00e1y b\u01a1m n\u01b0\u1edbc mini a\u0301p l\u1ef1c 12V 36W 3.5L"},"content":{"rendered":"<p><em><strong>MBM &#8211; Ma\u0301y B\u01a1m Mini chuy\u00ean cung c\u00e2\u0301p ca\u0301 loa\u0323i m\u00e1y b\u01a1m n\u01b0\u1edbc mini a\u0301p l\u1ef1c 12V 36W 3.5L du\u0300ng phun thu\u00f4\u0301c tr\u01b0\u0300 s\u00e2u, phun s\u01b0\u01a1ng t\u01b0\u01a1\u0301i c\u00e2y, phun s\u01b0\u01a1ng la\u0300m ma\u0301t, b\u01a1m n\u01b0\u01a1\u0301c thu\u0309y canh, h\u00ea\u0323 th\u00f4\u0301ng b\u01a1m n\u01b0\u01a1\u0301c gia\u0301 re\u0309 chi\u0301nh ha\u0303ng.<\/strong><\/em><\/p>\n<p><img decoding=\"async\" class=\"size-full wp-image-249030 aligncenter\" src=\"https:\/\/maybommini.com\/wp-content\/uploads\/2017\/05\/may-bom-ap-luc-mini.jpg\" alt=\"May Bom Ap Luc Mini\" width=\"750\" height=\"750\" srcset=\"https:\/\/maybommini.vn\/wp-content\/uploads\/2017\/05\/may-bom-ap-luc-mini.jpg 750w, https:\/\/maybommini.vn\/wp-content\/uploads\/2017\/05\/may-bom-ap-luc-mini-300x300.jpg 300w, https:\/\/maybommini.vn\/wp-content\/uploads\/2017\/05\/may-bom-ap-luc-mini-600x600.jpg 600w, https:\/\/maybommini.vn\/wp-content\/uploads\/2017\/05\/may-bom-ap-luc-mini-150x150.jpg 150w\" sizes=\"(max-width: 750px) 100vw, 750px\" \/><strong>TH\u00d4NG S\u00d4\u0301 KY\u0303 THU\u00c2\u0323T<\/strong><br \/>\nModel: FL-5206<br \/>\nTh\u01b0\u01a1ng hi\u00ea\u0323u: BOJIN PUMPS<br \/>\n\u0110i\u00ea\u0323n th\u00ea\u0301: 12V &#8211; (9V &#8211; 14V)<br \/>\nC\u00f4ng su\u00e2\u0301t: 36W &#8211; 3A<br \/>\nL\u01b0u l\u01b0\u01a1\u0323ng: 3.5 L\/P<br \/>\nA\u0301p l\u01b0\u0323c: 73 PSI<br \/>\nC\u00f4ng t\u0103\u0301c a\u0301p l\u01b0\u0323c: Kh\u00f4ng<br \/>\nCh\u00e2\u0301t li\u00ea\u0323u: Nh\u01b0\u0323a ABS &#8211; \u0110\u00f4\u0300ng<br \/>\n\u00d4\u0301ng n\u01b0\u01a1\u0301c s\u01b0\u0309 du\u0323ng: 12mm<br \/>\nMa\u0301y b\u01a1m t\u01b0\u0323 hu\u0301t : 0.6m<br \/>\n\u0110\u00e2\u0309y cao: 10m<br \/>\nK\u00edch th\u01b0\u1edbc: 130 \u00d7 100 \u00d7 60mm<br \/>\nTro\u0323ng l\u01b0\u01a1\u0323ng: 600g<br \/>\nS\u01b0\u0309 du\u0323ng Adapter 220V &#8211; 12V 4A tr\u01a1\u0300 l\u00ean<br \/>\n<img decoding=\"async\" class=\"size-full wp-image-249028 aligncenter\" src=\"https:\/\/maybommini.com\/wp-content\/uploads\/2017\/05\/may-ap-luc-mini.jpg\" alt=\"May Ap Luc Mini\" width=\"750\" height=\"750\" srcset=\"https:\/\/maybommini.vn\/wp-content\/uploads\/2017\/05\/may-ap-luc-mini.jpg 750w, https:\/\/maybommini.vn\/wp-content\/uploads\/2017\/05\/may-ap-luc-mini-300x300.jpg 300w, https:\/\/maybommini.vn\/wp-content\/uploads\/2017\/05\/may-ap-luc-mini-600x600.jpg 600w, https:\/\/maybommini.vn\/wp-content\/uploads\/2017\/05\/may-ap-luc-mini-150x150.jpg 150w\" sizes=\"(max-width: 750px) 100vw, 750px\" \/> <img decoding=\"async\" class=\"size-full wp-image-249032 aligncenter\" src=\"https:\/\/maybommini.com\/wp-content\/uploads\/2017\/05\/may-bom-phun-suong.jpg\" alt=\"May Bom Phun Suong\" width=\"750\" height=\"750\" \/> <img decoding=\"async\" class=\"size-full wp-image-249027 aligncenter\" src=\"https:\/\/maybommini.com\/wp-content\/uploads\/2017\/05\/bom-nuoc-mini.jpg\" alt=\"Bom Nuoc Mini\" width=\"750\" height=\"750\" srcset=\"https:\/\/maybommini.vn\/wp-content\/uploads\/2017\/05\/bom-nuoc-mini.jpg 750w, https:\/\/maybommini.vn\/wp-content\/uploads\/2017\/05\/bom-nuoc-mini-300x300.jpg 300w, https:\/\/maybommini.vn\/wp-content\/uploads\/2017\/05\/bom-nuoc-mini-600x600.jpg 600w, https:\/\/maybommini.vn\/wp-content\/uploads\/2017\/05\/bom-nuoc-mini-150x150.jpg 150w\" sizes=\"(max-width: 750px) 100vw, 750px\" \/> <img decoding=\"async\" class=\"size-full wp-image-249031 aligncenter\" src=\"https:\/\/maybommini.com\/wp-content\/uploads\/2017\/05\/may-bom-mini-12v-1.jpg\" alt=\"May Bom Mini 12v\" width=\"750\" height=\"750\" srcset=\"https:\/\/maybommini.vn\/wp-content\/uploads\/2017\/05\/may-bom-mini-12v-1.jpg 750w, https:\/\/maybommini.vn\/wp-content\/uploads\/2017\/05\/may-bom-mini-12v-1-300x300.jpg 300w, https:\/\/maybommini.vn\/wp-content\/uploads\/2017\/05\/may-bom-mini-12v-1-600x600.jpg 600w, https:\/\/maybommini.vn\/wp-content\/uploads\/2017\/05\/may-bom-mini-12v-1-150x150.jpg 150w\" sizes=\"(max-width: 750px) 100vw, 750px\" \/><strong>S\u01af\u0309 DU\u0323NG MA\u0301Y B\u01a0M A\u0301P L\u01af\u0323C MINI 12V 24V<\/strong><br \/>\n&#8211; S\u01b0\u0309 du\u0323ng m\u00e1y b\u01a1m n\u01b0\u1edbc mini a\u0301p l\u1ef1c 12V 36W 3.5L du\u0300ng la\u0300m h\u00ea\u0323 th\u00f4\u0301ng phun s\u01a1n.<br \/>\n&#8211;\u00a0M\u00e1y b\u01a1m n\u01b0\u1edbc mini a\u0301p l\u1ef1c 12V 36W 3.5L du\u0300ng la\u0300m ma\u0301y phun t\u01b0\u01a1\u0301i c\u00e2y.<br \/>\n&#8211; Du\u0300ng la\u0300m ma\u0301y b\u01a1m n\u01b0\u01a1\u0301c.<br \/>\n&#8211; Du\u0300ng la\u0300m ma\u0301y phun thu\u00f4\u0301c tr\u01b0\u0300 s\u00e2u.<br \/>\n&#8211; Du\u0300ng la\u0300m b\u01a1m n\u01b0\u01a1\u0301c h\u00f4\u0300 ca\u0301.<br \/>\n&#8211; Du\u0300ng la\u0300m b\u01a1m n\u01b0\u01a1\u0301c h\u00ea\u0323 th\u00f4\u0301ng thu\u0309y canh.<br \/>\n&#8211; Du\u0300ng trong h\u00ea\u0323 th\u00f4\u0301ng b\u01a1m t\u01b0\u0323 \u0111\u00f4\u0323ng.<br \/>\n&#8211; Du\u0300ng cho ma\u0301y b\u01a1m n\u01b0\u01a1\u0301c ma\u0301y pha ca\u0300 ph\u00ea.<br \/>\nVa\u0300 du\u0300ng nhi\u00ea\u0300u trong h\u00ea\u0323 th\u00f4\u0301ng b\u01a1m n\u01b0\u01a1\u0301c kha\u0301c &#8230;<br \/>\n<img decoding=\"async\" class=\"size-full wp-image-249031 aligncenter\" src=\"https:\/\/maybommini.com\/wp-content\/uploads\/2017\/05\/may-bom-mini-12v-1.jpg\" alt=\"May Bom Mini 12v\" width=\"750\" height=\"750\" srcset=\"https:\/\/maybommini.vn\/wp-content\/uploads\/2017\/05\/may-bom-mini-12v-1.jpg 750w, https:\/\/maybommini.vn\/wp-content\/uploads\/2017\/05\/may-bom-mini-12v-1-300x300.jpg 300w, https:\/\/maybommini.vn\/wp-content\/uploads\/2017\/05\/may-bom-mini-12v-1-600x600.jpg 600w, https:\/\/maybommini.vn\/wp-content\/uploads\/2017\/05\/may-bom-mini-12v-1-150x150.jpg 150w\" sizes=\"(max-width: 750px) 100vw, 750px\" \/><\/p>\n<h3>M\u00e1y b\u01a1m n\u01b0\u1edbc mini a\u0301p l\u1ef1c 12V 36W 3.5L<\/h3>\n<p><img decoding=\"async\" class=\"size-full wp-image-249030 aligncenter\" src=\"https:\/\/maybommini.com\/wp-content\/uploads\/2017\/05\/may-bom-ap-luc-mini.jpg\" alt=\"May Bom Ap Luc Mini\" width=\"750\" height=\"750\" srcset=\"https:\/\/maybommini.vn\/wp-content\/uploads\/2017\/05\/may-bom-ap-luc-mini.jpg 750w, https:\/\/maybommini.vn\/wp-content\/uploads\/2017\/05\/may-bom-ap-luc-mini-300x300.jpg 300w, https:\/\/maybommini.vn\/wp-content\/uploads\/2017\/05\/may-bom-ap-luc-mini-600x600.jpg 600w, https:\/\/maybommini.vn\/wp-content\/uploads\/2017\/05\/may-bom-ap-luc-mini-150x150.jpg 150w\" sizes=\"(max-width: 750px) 100vw, 750px\" \/> <img decoding=\"async\" class=\"size-full wp-image-249029 aligncenter\" src=\"https:\/\/maybommini.com\/wp-content\/uploads\/2017\/05\/may-bom-ap-luc-12v-36w.jpg\" alt=\"May Bom Ap Luc 12v 36w\" width=\"750\" height=\"750\" srcset=\"https:\/\/maybommini.vn\/wp-content\/uploads\/2017\/05\/may-bom-ap-luc-12v-36w.jpg 750w, https:\/\/maybommini.vn\/wp-content\/uploads\/2017\/05\/may-bom-ap-luc-12v-36w-300x300.jpg 300w, https:\/\/maybommini.vn\/wp-content\/uploads\/2017\/05\/may-bom-ap-luc-12v-36w-600x600.jpg 600w, https:\/\/maybommini.vn\/wp-content\/uploads\/2017\/05\/may-bom-ap-luc-12v-36w-150x150.jpg 150w\" sizes=\"(max-width: 750px) 100vw, 750px\" \/><strong>BA\u0301N MA\u0301Y B\u01a0M N\u01af\u01a0\u0301C MINI A\u0301P L\u01af\u0323C<\/strong><br \/>\nMBM &#8211; Ma\u0301y B\u01a1m Mini la\u0300 nha\u0300 cung c\u00e2\u0301p ma\u0301y b\u01a1m n\u01b0\u01a1\u0301c a\u0301p l\u01b0\u0323c mini 12v 24v 220v ha\u0300ng \u0111\u00e2\u0300u Vi\u00ea\u0323t Nam v\u01a1\u0301i ca\u0301c sa\u0309n ph\u00e2\u0309n \u0111\u01b0\u01a1\u0323c nh\u00e2\u0323p kh\u00e2\u0309u chi\u0301nh ha\u0303ng ch\u00e2\u0301t l\u01b0\u01a1\u0323ng cao ba\u0309o ha\u0300nh uy ti\u0301n nh\u00e2\u0301t.<br \/>\nChu\u0301ng t\u00f4i chuy\u00ean cung c\u00e2\u0301p ma\u0301y b\u01a1m a\u0301p l\u01b0\u0323c, ma\u0301y phun s\u01b0\u01a1ng, ma\u0301y xi\u0323t a\u0301p l\u01b0\u0323c cao, ma\u0301y b\u01a1m chi\u0300m, ma\u0301y b\u01a1m h\u00f4\u0300 ca\u0301, ma\u0301y b\u01a1m ho\u0301a ch\u00e2\u0301t.<br \/>\n<strong>Website:<\/strong>\u00a0<a href=\"https:\/\/maybommini.com\" target=\"_blank\" rel=\"noopener noreferrer\">https:\/\/maybommini.com<\/a><br \/>\n<strong>Email:<\/strong> maybommini.com@gmail.com<\/p>\n","protected":false},"excerpt":{"rendered":"<p>Model: FL-5206<br \/>\n\u0110i\u00ea\u0323n th\u00ea\u0301: 12V &#8211; (9V &#8211; 14V)<br \/>\nC\u00f4ng su\u00e2\u0301t: 36W &#8211; 3A<br \/>\nL\u01b0u l\u01b0\u01a1\u0323ng: 3.5 L\/P<br \/>\nA\u0301p l\u01b0\u0323c: 73 PSI<br \/>\nC\u00f4ng t\u0103\u0301c a\u0301p l\u01b0\u0323c: Kh\u00f4ng<br \/>\nCh\u00e2\u0301t li\u00ea\u0323u: Nh\u01b0\u0323a ABS &#8211; \u0110\u00f4\u0300ng<br \/>\n\u00d4\u0301ng n\u01b0\u01a1\u0301c s\u01b0\u0309 du\u0323ng: 12mm<br \/>\nMa\u0301y b\u01a1m t\u01b0\u0323 hu\u0301t : 0.6m<br \/>\n\u0110\u00e2\u0309y cao: 10m<br \/>\nK\u00edch th\u01b0\u1edbc: 130 \u00d7 100 \u00d7 60mm<br \/>\nTro\u0323ng l\u01b0\u01a1\u0323ng: 600g<br \/>\nS\u01b0\u0309 du\u0323ng Adapter 220V &#8211; 12V 4A tr\u01a1\u0300 l\u00ean<br \/>\nTh\u01b0\u01a1ng hi\u00ea\u0323u: BOJIN PUMPS &#8211; TAIWAN<br \/>\nBa\u0309o ha\u0300nh: 6 tha\u0301ng<\/p>\n","protected":false},"featured_media":257276,"comment_status":"open","ping_status":"closed","template":"","meta":[],"product_brand":[],"product_cat":[197,225],"product_tag":[1329,1330,1331,311,235,207,231,1332,375,1333,277,474],"class_list":{"0":"post-257145","1":"product","2":"type-product","3":"status-publish","4":"has-post-thumbnail","6":"product_cat-may-bom-ap-luc-12v","7":"product_cat-may-bom-nuoc-mini-12v","8":"product_tag-12v-26w","9":"product_tag-12v-36w","10":"product_tag-3-5l-p","11":"product_tag-ap-luc-mini","12":"product_tag-bom-nuoc-mini","13":"product_tag-may-bom-ap-luc","14":"product_tag-may-bom-mini","15":"product_tag-may-bom-mini-nhat","16":"product_tag-may-bom-nuoc","17":"product_tag-may-bom-phun-suong","18":"product_tag-phun-suong","19":"product_tag-tuoi-cay","21":"first","22":"instock","23":"sale","24":"shipping-taxable","25":"purchasable","26":"product-type-simple"},"_links":{"self":[{"href":"https:\/\/maybommini.vn\/index.php?rest_route=\/wp\/v2\/product\/257145","targetHints":{"allow":["GET"]}}],"collection":[{"href":"https:\/\/maybommini.vn\/index.php?rest_route=\/wp\/v2\/product"}],"about":[{"href":"https:\/\/maybommini.vn\/index.php?rest_route=\/wp\/v2\/types\/product"}],"replies":[{"embeddable":true,"href":"https:\/\/maybommini.vn\/index.php?rest_route=%2Fwp%2Fv2%2Fcomments&post=257145"}],"wp:featuredmedia":[{"embeddable":true,"href":"https:\/\/maybommini.vn\/index.php?rest_route=\/wp\/v2\/media\/257276"}],"wp:attachment":[{"href":"https:\/\/maybommini.vn\/index.php?rest_route=%2Fwp%2Fv2%2Fmedia&parent=257145"}],"wp:term":[{"taxonomy":"product_brand","embeddable":true,"href":"https:\/\/maybommini.vn\/index.php?rest_route=%2Fwp%2Fv2%2Fproduct_brand&post=257145"},{"taxonomy":"product_cat","embeddable":true,"href":"https:\/\/maybommini.vn\/index.php?rest_route=%2Fwp%2Fv2%2Fproduct_cat&post=257145"},{"taxonomy":"product_tag","embeddable":true,"href":"https:\/\/maybommini.vn\/index.php?rest_route=%2Fwp%2Fv2%2Fproduct_tag&post=257145"}],"curies":[{"name":"wp","href":"https:\/\/api.w.org\/{rel}","templated":true}]}}