{"id":257146,"date":"2018-04-12T19:42:54","date_gmt":"2018-04-12T12:42:54","guid":{"rendered":"https:\/\/maybommini.com\/san-pham\/import-placeholder-for-253388"},"modified":"2022-11-17T13:22:23","modified_gmt":"2022-11-17T06:22:23","slug":"may-bom-hoa-chat-220v-440w-40l","status":"publish","type":"product","link":"https:\/\/maybommini.vn\/?product=may-bom-hoa-chat-220v-440w-40l","title":{"rendered":"M\u00e1y b\u01a1m h\u00f3a ch\u1ea5t 220V 440W 40L"},"content":{"rendered":"<p><strong>M\u00e1y b\u01a1m h\u00f3a ch\u1ea5t 220V 440W 40L l\u00e0 lo\u1ea1i m\u00e1y b\u01a1m chuy\u00ean d\u1ee5ng d\u00f9ng b\u01a1m h\u00f3a ch\u1ea5t nh\u01b0 Ure v\u1edbi t\u00ednh ch\u1ea5t \u0103n m\u00f2n cao. \u0110\u01b0\u1ee3c thi\u1ebft k\u1ebf d\u00f9ng th\u00e9p kh\u00f4ng g\u1ec9 cao c\u1ea5p c\u00f3 \u0111\u1ed9 b\u1ec1n cao v\u00e0 c\u00f3 kh\u1ea3 n\u0103ng t\u1ef1 h\u00fat kh\u00f4ng c\u00e2\u0300n m\u00f4\u0300i.<\/strong><\/p>\n<p><a href=\"https:\/\/maybommini.com\/wp-content\/uploads\/2018\/04\/may-bom-axit-2.jpg\" target=\"_blank\" rel=\"noopener\"><img decoding=\"async\" class=\"size-full wp-image-258399 aligncenter\" src=\"https:\/\/maybommini.com\/wp-content\/uploads\/2018\/04\/may-bom-axit-2.jpg\" alt=\"May Bom Axit\" width=\"750\" height=\"750\" srcset=\"https:\/\/maybommini.vn\/wp-content\/uploads\/2018\/04\/may-bom-axit-2.jpg 750w, https:\/\/maybommini.vn\/wp-content\/uploads\/2018\/04\/may-bom-axit-2-300x300.jpg 300w, https:\/\/maybommini.vn\/wp-content\/uploads\/2018\/04\/may-bom-axit-2-150x150.jpg 150w, https:\/\/maybommini.vn\/wp-content\/uploads\/2018\/04\/may-bom-axit-2-600x600.jpg 600w\" sizes=\"(max-width: 750px) 100vw, 750px\" \/><\/a><\/p>\n<p><strong>TH\u00d4NG S\u1ed0 K\u1ef8 THU\u1eacT<\/strong><br \/>\nModel: FL &#8211; 540<br \/>\nC\u00f4ng ngh\u1ec7: SingFlo USA<br \/>\n\u0110i\u1ec7n th\u1ebf: 220V &#8211; 110V &#8211; 50hz<br \/>\nC\u00f4ng su\u1ea5t: 440W<br \/>\nL\u01b0u l\u01b0\u1ee3ng: 40 L\/ph\u00fat<br \/>\nT\u1ed1c \u0111\u1ed9 mortor: 2900 rpm<br \/>\nNhi\u1ec7t \u0111\u1ed9 ch\u1ea5t l\u1ecfng: -5 \u0111\u1ed9 C -&gt; 50 \u0111\u1ed9 C<br \/>\n\u00c1p l\u1ef1c \u0111\u1ea9y: 3.5 bar<br \/>\nC\u00f4ng t\u1eafc \u00e1p l\u1ef1c: Kh\u00f4ng<br \/>\nH\u00fat s\u00e2u: 2 m\u00e9t<br \/>\n\u0110\u1ea9y cao: 6 &#8211; 20 m\u00e9t<br \/>\nTi\u00eau chu\u1ea9n ch\u00f3ng n\u01b0\u1edbc b\u1ee5i: IP55<br \/>\n\u1ed0ng v\u00e0o: 27 mm<br \/>\n\u1ed0ng ra: 27 mm<br \/>\nK\u00edch th\u01b0\u1edbc:\u00a0300 X 125 X 145mm<br \/>\nTr\u1ecdng l\u01b0\u1ee3ng: 6.5 kg<br \/>\nT\u00ecnh tr\u1ea1ng: h\u00e0ng nh\u1eadp kh\u1ea9u m\u1edbi 100%<br \/>\nPh\u1ee5 ki\u1ec7n: C\u1ed5 d\u00ea, n\u1ed1i \u1ed1ng<\/p>\n<p><img decoding=\"async\" class=\"size-full wp-image-249054 aligncenter\" src=\"https:\/\/maybommini.com\/wp-content\/uploads\/2017\/05\/may-bom-hoa-chat-cong-suat-lon.jpg\" alt=\"May Bom Hoa Chat Cong Suat Lon\" width=\"750\" height=\"750\" srcset=\"https:\/\/maybommini.vn\/wp-content\/uploads\/2017\/05\/may-bom-hoa-chat-cong-suat-lon.jpg 750w, https:\/\/maybommini.vn\/wp-content\/uploads\/2017\/05\/may-bom-hoa-chat-cong-suat-lon-300x300.jpg 300w, https:\/\/maybommini.vn\/wp-content\/uploads\/2017\/05\/may-bom-hoa-chat-cong-suat-lon-600x600.jpg 600w, https:\/\/maybommini.vn\/wp-content\/uploads\/2017\/05\/may-bom-hoa-chat-cong-suat-lon-150x150.jpg 150w\" sizes=\"(max-width: 750px) 100vw, 750px\" \/> <img decoding=\"async\" class=\"size-full wp-image-249052 aligncenter\" src=\"https:\/\/maybommini.com\/wp-content\/uploads\/2017\/05\/may-bom-hoa-chat.jpg\" alt=\"May Bom Hoa Chat\" width=\"750\" height=\"750\" srcset=\"https:\/\/maybommini.vn\/wp-content\/uploads\/2017\/05\/may-bom-hoa-chat.jpg 750w, https:\/\/maybommini.vn\/wp-content\/uploads\/2017\/05\/may-bom-hoa-chat-300x300.jpg 300w, https:\/\/maybommini.vn\/wp-content\/uploads\/2017\/05\/may-bom-hoa-chat-600x600.jpg 600w, https:\/\/maybommini.vn\/wp-content\/uploads\/2017\/05\/may-bom-hoa-chat-150x150.jpg 150w\" sizes=\"(max-width: 750px) 100vw, 750px\" \/> <img decoding=\"async\" class=\"size-full wp-image-249053 aligncenter\" src=\"https:\/\/maybommini.com\/wp-content\/uploads\/2017\/05\/may-bom-hoa-chat-220v-12v.jpg\" alt=\"May Bom Hoa Chat 220v 12v\" width=\"750\" height=\"750\" srcset=\"https:\/\/maybommini.vn\/wp-content\/uploads\/2017\/05\/may-bom-hoa-chat-220v-12v.jpg 750w, https:\/\/maybommini.vn\/wp-content\/uploads\/2017\/05\/may-bom-hoa-chat-220v-12v-300x300.jpg 300w, https:\/\/maybommini.vn\/wp-content\/uploads\/2017\/05\/may-bom-hoa-chat-220v-12v-600x600.jpg 600w, https:\/\/maybommini.vn\/wp-content\/uploads\/2017\/05\/may-bom-hoa-chat-220v-12v-150x150.jpg 150w\" sizes=\"(max-width: 750px) 100vw, 750px\" \/><strong>\u1ee8NG D\u1ee4NG M\u00c1Y B\u01a0M H\u00d3A CH\u1ea4T 220V 440W 40L<\/strong><br \/>\n&#8211; D\u00f9ng b\u01a1m h\u00f3a ch\u1ea5t.<br \/>\n&#8211; D\u00f9ng b\u01a1m n\u01b0\u1edbc s\u1ea1ch.<br \/>\n&#8211; D\u00f9ng b\u01a1m Ure.<br \/>\n&#8211; D\u00f9ng b\u01a1m ch\u1ea5t th\u1ea3i, b\u01a1m ch\u1ea5t th\u1ea3i c\u00f4ng nhi\u1ec7p<br \/>\n&#8211; B\u01a1m n\u01b0\u1edbc bi\u1ec3n, n\u01b0\u1edbc m\u1eb7n.<br \/>\n&#8211; D\u00f9ng b\u01a1m n\u01b0\u1edbc, h\u1ec7 th\u1ed1ng c\u1ea5p n\u01b0\u1edbc t\u1ef1 \u0111\u1ed9ng.<br \/>\n&#8211; D\u00f9ng trong b\u01a1m c\u00f4ng nghi\u1ec7p.<br \/>\n&#8211; D\u00f9ng b\u01a1m ng\u00e0nh c\u00f4ng nghi\u1ec7p th\u1ef1c ph\u1ea9m.<br \/>\n&#8211; \u1ee8ng d\u1ee5ng b\u01a1m x\u1eef l\u00fd n\u01b0\u1edbc th\u1ea3i.<br \/>\n&#8211; H\u1ec7 th\u1ed1ng canh t\u00e1c t\u01b0\u1edbi c\u00e2y t\u1ef1 \u0111\u1ed9ng, nh\u00e0 v\u01b0\u1eddn.<br \/>\nV\u00e0 \u0111\u01b0\u1ee3c \u1ee9ng d\u1ee5ng trong c\u00e1c l\u0129nh v\u1ef1c kh\u00e1c nh\u01b0 Y t\u1ebf, tr\u1ea1m b\u01a1m, ph\u00f2ng ch\u00e1y ch\u1eefa ch\u00e1y, n\u00f4ng nhi\u1ec7p, b\u01a1m thu\u1ed1c tr\u1eeb s\u00e2u&#8230;.<img decoding=\"async\" class=\"size-full wp-image-249053 aligncenter\" src=\"https:\/\/maybommini.com\/wp-content\/uploads\/2017\/05\/may-bom-hoa-chat-220v-12v.jpg\" alt=\"May Bom Hoa Chat 220v 12v\" width=\"750\" height=\"750\" srcset=\"https:\/\/maybommini.vn\/wp-content\/uploads\/2017\/05\/may-bom-hoa-chat-220v-12v.jpg 750w, https:\/\/maybommini.vn\/wp-content\/uploads\/2017\/05\/may-bom-hoa-chat-220v-12v-300x300.jpg 300w, https:\/\/maybommini.vn\/wp-content\/uploads\/2017\/05\/may-bom-hoa-chat-220v-12v-600x600.jpg 600w, https:\/\/maybommini.vn\/wp-content\/uploads\/2017\/05\/may-bom-hoa-chat-220v-12v-150x150.jpg 150w\" sizes=\"(max-width: 750px) 100vw, 750px\" \/><strong>B\u00c1N M\u00c1Y B\u01a0M H\u00d3A CH\u1ea4T<\/strong><br \/>\nMBM &#8211; M\u00e1y B\u01a1m Mini l\u00e0 nh\u00e0 cung c\u1ea5p h\u00e0ng \u0111\u1ea7u v\u1ec1 c\u00e1c lo\u1ea1i m\u00e1y b\u01a1m ho\u00e1y ch\u1ea5t, m\u00e1y b\u01a1m axit, m\u00e1y b\u01a1m n\u01b0\u1edbc bi\u1ec3n, m\u00e1y b\u01a1m n\u01b0\u1edbc th\u1ea3i, m\u00e1y b\u01a1m n\u01b0\u1edbc mini, m\u00e1y b\u01a1m \u00e1p l\u1ef1c.<br \/>\nV\u1edbi nhi\u1ec1u n\u0103m kinh nghi\u1ec7m\u00a0https:\/\/maybommini.com l\u00e0 \u0111\u1ed1i t\u00e1c l\u1edbn c\u1ee7a c\u00e1c nh\u00e0 s\u1ea3n xu\u1ea5t m\u00e1y b\u01a1m uy t\u00edn h\u00e0ng \u0111\u1ea7u th\u1ebf gi\u1edbi n\u00ean c\u00e1c s\u1ea3n ph\u1ea9m \u0111\u01b0\u1ee3c b\u00e0o h\u00e0nh ch\u00ednh h\u00e3ng v\u00e0 gi\u00e1 t\u1ed1t nh\u1ea5t cho kh\u00e1ch h\u00e0ng.<\/p>\n<h3 style=\"text-align: center;\"><strong>M\u00e1y b\u01a1m h\u00f3a ch\u1ea5t 220V 440W 40L<\/strong><\/h3>\n","protected":false},"excerpt":{"rendered":"<p>Model: FL &#8211; 540<br \/>\nC\u00f4ng ngh\u1ec7: SingFlo USA<br \/>\n\u0110i\u1ec7n th\u1ebf: 220V &#8211; 110V &#8211; 50hz<br \/>\nC\u00f4ng su\u1ea5t: 440W<br \/>\nL\u01b0u l\u01b0\u1ee3ng: 40 L\/ph\u00fat<br \/>\nT\u1ed1c \u0111\u1ed9 mortor: 2900 rpm<br \/>\nNhi\u1ec7t \u0111\u1ed9 ch\u1ea5t l\u1ecfng: -5 \u0111\u1ed9 C -&gt; 50 \u0111\u1ed9 C<br \/>\n\u00c1p l\u1ef1c \u0111\u1ea9y: 3.5 bar<br \/>\nC\u00f4ng t\u1eafc \u00e1p l\u1ef1c: Kh\u00f4ng<br \/>\nH\u00fat s\u00e2u: 2 m\u00e9t<br \/>\n\u0110\u1ea9y cao: 6 &#8211; 20 m\u00e9t<br \/>\nTi\u00eau chu\u1ea9n ch\u00f3ng n\u01b0\u1edbc b\u1ee5i: IP55<br \/>\n\u1ed0ng v\u00e0o: 27 mm<br \/>\n\u1ed0ng ra: 27 mm<br \/>\nK\u00edch th\u01b0\u1edbc:\u00a0300 X 125 X 145mm<br \/>\nTr\u1ecdng l\u01b0\u1ee3ng: 6.5 kg<br \/>\nT\u00ecnh tr\u1ea1ng: h\u00e0ng nh\u1eadp kh\u1ea9u m\u1edbi 100%<br \/>\nPh\u1ee5 ki\u1ec7n: C\u1ed5 d\u00ea, n\u1ed1i \u1ed1ng<br \/>\nB\u1ea3o h\u00e0nh: 6 th\u00e1ng<\/p>\n","protected":false},"featured_media":258400,"comment_status":"open","ping_status":"closed","template":"","meta":[],"product_brand":[],"product_cat":[2004,562],"product_tag":[500,1334,1335,1336,391,235,3674,1337,1338,567,375,849,1094,1339],"class_list":{"0":"post-257146","1":"product","2":"type-product","3":"status-publish","4":"has-post-thumbnail","6":"product_cat-may-bom-hoa-chat-220v","7":"product_cat-may-bom-hoa-chat","8":"product_tag-220v","9":"product_tag-220v-440w","10":"product_tag-40l","11":"product_tag-bom-axit","12":"product_tag-bom-chat-thai","13":"product_tag-bom-nuoc-mini","14":"product_tag-fl-540","15":"product_tag-fl540","16":"product_tag-may-bom-axit-ure","17":"product_tag-may-bom-hoa-chat","18":"product_tag-may-bom-nuoc","19":"product_tag-may-bom-tu-dong","20":"product_tag-singflo","21":"product_tag-ure","23":"first","24":"instock","25":"sale","26":"shipping-taxable","27":"purchasable","28":"product-type-simple"},"_links":{"self":[{"href":"https:\/\/maybommini.vn\/index.php?rest_route=\/wp\/v2\/product\/257146","targetHints":{"allow":["GET"]}}],"collection":[{"href":"https:\/\/maybommini.vn\/index.php?rest_route=\/wp\/v2\/product"}],"about":[{"href":"https:\/\/maybommini.vn\/index.php?rest_route=\/wp\/v2\/types\/product"}],"replies":[{"embeddable":true,"href":"https:\/\/maybommini.vn\/index.php?rest_route=%2Fwp%2Fv2%2Fcomments&post=257146"}],"wp:featuredmedia":[{"embeddable":true,"href":"https:\/\/maybommini.vn\/index.php?rest_route=\/wp\/v2\/media\/258400"}],"wp:attachment":[{"href":"https:\/\/maybommini.vn\/index.php?rest_route=%2Fwp%2Fv2%2Fmedia&parent=257146"}],"wp:term":[{"taxonomy":"product_brand","embeddable":true,"href":"https:\/\/maybommini.vn\/index.php?rest_route=%2Fwp%2Fv2%2Fproduct_brand&post=257146"},{"taxonomy":"product_cat","embeddable":true,"href":"https:\/\/maybommini.vn\/index.php?rest_route=%2Fwp%2Fv2%2Fproduct_cat&post=257146"},{"taxonomy":"product_tag","embeddable":true,"href":"https:\/\/maybommini.vn\/index.php?rest_route=%2Fwp%2Fv2%2Fproduct_tag&post=257146"}],"curies":[{"name":"wp","href":"https:\/\/api.w.org\/{rel}","templated":true}]}}