{"id":257173,"date":"2018-04-12T19:43:15","date_gmt":"2018-04-12T12:43:15","guid":{"rendered":"https:\/\/maybommini.com\/san-pham\/import-placeholder-for-253390"},"modified":"2023-08-03T18:31:31","modified_gmt":"2023-08-03T11:31:31","slug":"may-han-cell-pin-jst-4-220v-10kva","status":"publish","type":"product","link":"https:\/\/maybommini.vn\/?product=may-han-cell-pin-jst-4-220v-10kva","title":{"rendered":"M\u00e1y h\u00e0n cell pin chuy\u00ean nghi\u1ec7p 220V 5KW JST-4"},"content":{"rendered":"<h3>B\u00e1n m\u00e1y h\u00e0n cell pin chuy\u00ean nghi\u1ec7p 220V 5KW JST-4 ch\u00ednh h\u00e3ng v\u1edbi gi\u00e1 t\u1ed1t b\u1ea3o h\u00e0nh l\u00e2u d\u00e0i \u0111\u01b0\u1ee3c nhi\u1ec1u kh\u00e1ch h\u00e0ng v\u00e0 c\u00e1c th\u1ee3 \u0111i\u1ec7n t\u1eed tin d\u00f9ng. \u0110\u00e2y l\u00e0 lo\u1ea1i m\u00e1y h\u00e0n pin chuy\u00ean d\u1ee5ng \u0111\u1ec3 h\u00e0n gh\u00e9p c\u00e1c lo\u1ea1i pin l\u1ea1i v\u1edbi nhau v\u1edbi m\u1ed1i h\u00e0n r\u1ea5t ch\u1eafc ch\u1eafn v\u00e0 d\u1ec5 s\u1eed d\u1ee5ng.<\/h3>\n<p><strong><a href=\"https:\/\/maybommini.com\/wp-content\/uploads\/2018\/04\/May-han-cel-pin-chuyen-nghiep-220V-5KW-JST-4.jpg\" target=\"_blank\" rel=\"noopener\"><img decoding=\"async\" class=\"size-full wp-image-267179 aligncenter\" src=\"https:\/\/maybommini.com\/wp-content\/uploads\/2018\/04\/May-han-cel-pin-chuyen-nghiep-220V-5KW-JST-4.jpg\" alt=\"May Han Cel Pin Chuyen Nghiep 220V 5KW JST 4\" width=\"750\" height=\"750\" srcset=\"https:\/\/maybommini.vn\/wp-content\/uploads\/2018\/04\/May-han-cel-pin-chuyen-nghiep-220V-5KW-JST-4.jpg 750w, https:\/\/maybommini.vn\/wp-content\/uploads\/2018\/04\/May-han-cel-pin-chuyen-nghiep-220V-5KW-JST-4-300x300.jpg 300w, https:\/\/maybommini.vn\/wp-content\/uploads\/2018\/04\/May-han-cel-pin-chuyen-nghiep-220V-5KW-JST-4-150x150.jpg 150w, https:\/\/maybommini.vn\/wp-content\/uploads\/2018\/04\/May-han-cel-pin-chuyen-nghiep-220V-5KW-JST-4-600x600.jpg 600w\" sizes=\"(max-width: 750px) 100vw, 750px\" \/><\/a>TH\u00d4NG S\u1ed0 K\u1ef8 THU\u1eacT<br \/>\n<\/strong>Th\u01b0\u01a1ng hi\u1ec7u: MTM<br \/>\nModel: JST-4<br \/>\n\u0110i\u1ec7n th\u1ebf: 110 &#8211; 220V AC<br \/>\nC\u00f4ng su\u1ea5t: 5.0 KW<br \/>\n\u0110i\u1ec7n \u00e1p \u0111\u1ea7u ra : 3.5V &#8211; 1000A<br \/>\nD\u00f2ng \u0111i\u1ec7n \u00e1p h\u00e0n: 0 &#8211; 99%<br \/>\nC\u1ea7u ch\u00ec ch\u1ecbu t\u1ea3i: 15A<br \/>\nT\u1ea5m niken h\u00e0n ph\u00f9 h\u1ee3p: 0.03 &#8211; 0.25 mm<br \/>\n\u0110\u1ec1u ch\u1ec9nh c\u00f4ng su\u1ea5t h\u00e0n ph\u00f9 h\u1ee3p.<br \/>\nBo m\u1ea1ch cao c\u1ea5p c\u00f4ng ngh\u1ec7 USA.<br \/>\nBi\u1ebfn th\u1ebf cu\u1ed9n d\u00e2y \u0111\u1ed3ng cao c\u1ea5p.<br \/>\nM\u00e0n h\u00ecnh LCD ch\u1ec9nh d\u00f2ng.<br \/>\nB\u00e0n \u0111\u1ea1p k\u00edch h\u00e0n.<br \/>\nCh\u1ea5t li\u1ec7u: \u0110\u1ed3ng &#8211; Th\u00e9p &#8211; Nh\u1ef1a.<br \/>\nK\u00edch th\u01b0\u1edbc: 240 \u00d7 140 \u00d7 200 mm.<br \/>\nTr\u1ecdng l\u01b0\u1ee3ng: 8.0 Kg.<\/p>\n<p style=\"text-align: center;\"><strong><iframe src=\"https:\/\/www.youtube.com\/embed\/d6qypoE7TgU\" width=\"560\" height=\"315\" frameborder=\"0\"><\/iframe><br \/>\n<\/strong><\/p>\n<p><strong><a href=\"https:\/\/maybommini.com\/wp-content\/uploads\/2018\/04\/May-han-cel-pin-chuyen-nghiep-220V-5KW-JST-4-chuyen-nghiep.jpg\" target=\"_blank\" rel=\"noopener\"><img decoding=\"async\" class=\"size-full wp-image-267180 aligncenter\" src=\"https:\/\/maybommini.com\/wp-content\/uploads\/2018\/04\/May-han-cel-pin-chuyen-nghiep-220V-5KW-JST-4-chuyen-nghiep.jpg\" alt=\"May Han Cel Pin Chuyen Nghiep 220V 5KW JST 4 Chuyen Nghiep\" width=\"750\" height=\"750\" srcset=\"https:\/\/maybommini.vn\/wp-content\/uploads\/2018\/04\/May-han-cel-pin-chuyen-nghiep-220V-5KW-JST-4-chuyen-nghiep.jpg 750w, https:\/\/maybommini.vn\/wp-content\/uploads\/2018\/04\/May-han-cel-pin-chuyen-nghiep-220V-5KW-JST-4-chuyen-nghiep-300x300.jpg 300w, https:\/\/maybommini.vn\/wp-content\/uploads\/2018\/04\/May-han-cel-pin-chuyen-nghiep-220V-5KW-JST-4-chuyen-nghiep-150x150.jpg 150w, https:\/\/maybommini.vn\/wp-content\/uploads\/2018\/04\/May-han-cel-pin-chuyen-nghiep-220V-5KW-JST-4-chuyen-nghiep-600x600.jpg 600w\" sizes=\"(max-width: 750px) 100vw, 750px\" \/><\/a><a href=\"https:\/\/maybommini.com\/wp-content\/uploads\/2018\/04\/May-han-pin-cong-suat-lon-JST-4.jpg\" target=\"_blank\" rel=\"noopener\"><img decoding=\"async\" class=\"size-full wp-image-267181 aligncenter\" src=\"https:\/\/maybommini.com\/wp-content\/uploads\/2018\/04\/May-han-pin-cong-suat-lon-JST-4.jpg\" alt=\"May Han Pin Cong Suat Lon JST 4\" width=\"750\" height=\"750\" srcset=\"https:\/\/maybommini.vn\/wp-content\/uploads\/2018\/04\/May-han-pin-cong-suat-lon-JST-4.jpg 750w, https:\/\/maybommini.vn\/wp-content\/uploads\/2018\/04\/May-han-pin-cong-suat-lon-JST-4-300x300.jpg 300w, https:\/\/maybommini.vn\/wp-content\/uploads\/2018\/04\/May-han-pin-cong-suat-lon-JST-4-150x150.jpg 150w, https:\/\/maybommini.vn\/wp-content\/uploads\/2018\/04\/May-han-pin-cong-suat-lon-JST-4-600x600.jpg 600w\" sizes=\"(max-width: 750px) 100vw, 750px\" \/><\/a><a href=\"https:\/\/maybommini.com\/wp-content\/uploads\/2018\/04\/New-Battery-Spot-Welder-18650-Lithium-Batteries.jpg\" target=\"_blank\" rel=\"noopener\"><img decoding=\"async\" class=\"size-full wp-image-267182 aligncenter\" src=\"https:\/\/maybommini.com\/wp-content\/uploads\/2018\/04\/New-Battery-Spot-Welder-18650-Lithium-Batteries.jpg\" alt=\"New Battery Spot Welder 18650 Lithium Batteries\" width=\"750\" height=\"750\" srcset=\"https:\/\/maybommini.vn\/wp-content\/uploads\/2018\/04\/New-Battery-Spot-Welder-18650-Lithium-Batteries.jpg 750w, https:\/\/maybommini.vn\/wp-content\/uploads\/2018\/04\/New-Battery-Spot-Welder-18650-Lithium-Batteries-300x300.jpg 300w, https:\/\/maybommini.vn\/wp-content\/uploads\/2018\/04\/New-Battery-Spot-Welder-18650-Lithium-Batteries-150x150.jpg 150w, https:\/\/maybommini.vn\/wp-content\/uploads\/2018\/04\/New-Battery-Spot-Welder-18650-Lithium-Batteries-600x600.jpg 600w\" sizes=\"(max-width: 750px) 100vw, 750px\" \/><\/a><a href=\"https:\/\/maybommini.com\/wp-content\/uploads\/2018\/04\/Battery-Spot-Welding-Compatible-For-Spot-Welder-Machine.jpg\" target=\"_blank\" rel=\"noopener\"><img decoding=\"async\" class=\"size-full wp-image-267176 aligncenter\" src=\"https:\/\/maybommini.com\/wp-content\/uploads\/2018\/04\/Battery-Spot-Welding-Compatible-For-Spot-Welder-Machine.jpg\" alt=\"Battery Spot Welding Compatible For Spot Welder Machine\" width=\"750\" height=\"750\" srcset=\"https:\/\/maybommini.vn\/wp-content\/uploads\/2018\/04\/Battery-Spot-Welding-Compatible-For-Spot-Welder-Machine.jpg 750w, https:\/\/maybommini.vn\/wp-content\/uploads\/2018\/04\/Battery-Spot-Welding-Compatible-For-Spot-Welder-Machine-300x300.jpg 300w, https:\/\/maybommini.vn\/wp-content\/uploads\/2018\/04\/Battery-Spot-Welding-Compatible-For-Spot-Welder-Machine-150x150.jpg 150w, https:\/\/maybommini.vn\/wp-content\/uploads\/2018\/04\/Battery-Spot-Welding-Compatible-For-Spot-Welder-Machine-600x600.jpg 600w\" sizes=\"(max-width: 750px) 100vw, 750px\" \/><\/a><br \/>\nT\u00cdNH N\u0102NG M\u00c1Y H\u00c0N CELL PIN CHUY\u00caN NGHI\u1ec6P JST-4<br \/>\n<\/strong>\u0110\u00e2y l\u00e0 phi\u00ean b\u1ea3n m\u1edbi nh\u1ea5t so v\u1edbi phi\u00ean b\u1ea3n c\u0169 c\u00f3 nhi\u1ec1u t\u00ednh n\u0103ng v\u00e0 hi\u1ec7u su\u1ea5t \u1ed5n \u0111\u1ecbnh h\u01a1n.<br \/>\n1. \u0110\u1ed9 ch\u00ednh x\u00e1c \u0111i\u1ec1u khi\u1ec5n ki\u1ec3m so\u00e1t b\u1edfi Microchip cao c\u1ea5p.<br \/>\n2. Ch\u1ebf \u0111\u1ed9 h\u00e0n m\u1ea1nh m\u1ebd v\u00e0 \u0111\u1ed9 tin c\u1eady cao h\u01a1n.<br \/>\n3. \u00c1p d\u1ee5ng cho t\u1ea5t c\u1ea3 c\u00e1c lo\u1ea1i pin s\u1ea1c v\u00e0 t\u1ea5m niken 0.03 &#8211; 0.15mm.<\/p>\n<p><strong> <a href=\"https:\/\/maybommini.com\/wp-content\/uploads\/2018\/04\/cach-hang-cell-pin.jpg\" target=\"_blank\" rel=\"noopener\"><img decoding=\"async\" class=\"size-full wp-image-267177 aligncenter\" src=\"https:\/\/maybommini.com\/wp-content\/uploads\/2018\/04\/cach-hang-cell-pin.jpg\" alt=\"Cach Hang Cell Pin\" width=\"750\" height=\"750\" srcset=\"https:\/\/maybommini.vn\/wp-content\/uploads\/2018\/04\/cach-hang-cell-pin.jpg 750w, https:\/\/maybommini.vn\/wp-content\/uploads\/2018\/04\/cach-hang-cell-pin-300x300.jpg 300w, https:\/\/maybommini.vn\/wp-content\/uploads\/2018\/04\/cach-hang-cell-pin-150x150.jpg 150w, https:\/\/maybommini.vn\/wp-content\/uploads\/2018\/04\/cach-hang-cell-pin-600x600.jpg 600w\" sizes=\"(max-width: 750px) 100vw, 750px\" \/><\/a><a href=\"https:\/\/maybommini.com\/wp-content\/uploads\/2018\/04\/Battery-Spot-Welder-High-Power-Pulse-Spot-Welding-Machine.jpg\" target=\"_blank\" rel=\"noopener\"><img decoding=\"async\" class=\"size-full wp-image-267175 aligncenter\" src=\"https:\/\/maybommini.com\/wp-content\/uploads\/2018\/04\/Battery-Spot-Welder-High-Power-Pulse-Spot-Welding-Machine.jpg\" alt=\"Battery Spot Welder High Power Pulse Spot Welding Machine\" width=\"750\" height=\"750\" srcset=\"https:\/\/maybommini.vn\/wp-content\/uploads\/2018\/04\/Battery-Spot-Welder-High-Power-Pulse-Spot-Welding-Machine.jpg 750w, https:\/\/maybommini.vn\/wp-content\/uploads\/2018\/04\/Battery-Spot-Welder-High-Power-Pulse-Spot-Welding-Machine-300x300.jpg 300w, https:\/\/maybommini.vn\/wp-content\/uploads\/2018\/04\/Battery-Spot-Welder-High-Power-Pulse-Spot-Welding-Machine-150x150.jpg 150w, https:\/\/maybommini.vn\/wp-content\/uploads\/2018\/04\/Battery-Spot-Welder-High-Power-Pulse-Spot-Welding-Machine-600x600.jpg 600w\" sizes=\"(max-width: 750px) 100vw, 750px\" \/><\/a><a href=\"https:\/\/maybommini.com\/wp-content\/uploads\/2018\/04\/ban-may-han-cel-pin-chuyen-nghiep-220V-5KW-JST-4.jpg\" target=\"_blank\" rel=\"noopener\"><img decoding=\"async\" class=\"size-full wp-image-267174 aligncenter\" src=\"https:\/\/maybommini.com\/wp-content\/uploads\/2018\/04\/ban-may-han-cel-pin-chuyen-nghiep-220V-5KW-JST-4.jpg\" alt=\"Ban May Han Cel Pin Chuyen Nghiep 220V 5KW JST 4\" width=\"750\" height=\"750\" srcset=\"https:\/\/maybommini.vn\/wp-content\/uploads\/2018\/04\/ban-may-han-cel-pin-chuyen-nghiep-220V-5KW-JST-4.jpg 750w, https:\/\/maybommini.vn\/wp-content\/uploads\/2018\/04\/ban-may-han-cel-pin-chuyen-nghiep-220V-5KW-JST-4-300x300.jpg 300w, https:\/\/maybommini.vn\/wp-content\/uploads\/2018\/04\/ban-may-han-cel-pin-chuyen-nghiep-220V-5KW-JST-4-150x150.jpg 150w, https:\/\/maybommini.vn\/wp-content\/uploads\/2018\/04\/ban-may-han-cel-pin-chuyen-nghiep-220V-5KW-JST-4-600x600.jpg 600w\" sizes=\"(max-width: 750px) 100vw, 750px\" \/><\/a><br \/>\nH\u01af\u1edaNG D\u1eaaN S\u1eec D\u1ee4NG M\u00c1Y H\u00c0N CELL PIN CHUY\u00caN NGHI\u1ec6P JST<br \/>\n<\/strong>&#8211; S\u1eed d\u1ee5ng ngu\u1ed3n \u0111i\u1ec7n 110V &#8211; 220V AC cho m\u00e1y h\u00e0n.<br \/>\n&#8211; B\u1eadt c\u00f4ng t\u1eaft ngu\u1ed3n \u0111\u1ec3 m\u1edf m\u00e1y.<strong><br \/>\n<\/strong>&#8211; Ch\u1ecdn ch\u1ebf \u0111\u1ed9 h\u00e0n b\u1eb1ng nh\u1ea5n ph\u00edm &#8220;\u2191&#8221; ho\u1eb7c &#8220;\u2193&#8221; \u0111\u1ec3 thi\u1ebft l\u1eadp d\u00f2ng h\u00e0n.<br \/>\n&#8211; Ch\u01b0\u01a1ng tr\u00ecnh t\u1ef1 \u0111\u1ed9ng l\u01b0u c\u00e1c thi\u1ebft l\u1eadp sau khi t\u1eaft.<br \/>\n&#8211; Ph\u1ea1m vi c\u1ee7a d\u00f2ng l\u00e0 00-99. (m\u1eb7c \u0111\u1ecbnh \u0111\u01b0\u1ee3c \u0111\u1eb7t \u1edf kho\u1ea3ng 25)<br \/>\n&#8211; \u0110\u1eb7t m\u1ed1i h\u00e0n v\u00e0o 2 kim h\u00e0n v\u00e0 \u0111\u1ea9y nh\u1eb9 l\u00ean v\u00e0 \u0111\u1ea1p k\u00edch h\u00e0n \u1edf ch\u00e2n.<\/p>\n<p><strong><a href=\"https:\/\/maybommini.com\/wp-content\/uploads\/2018\/04\/han-pin-chuyen-nghiep-chat-luong.jpg\" target=\"_blank\" rel=\"noopener\"><img decoding=\"async\" class=\"size-full wp-image-267178 aligncenter\" src=\"https:\/\/maybommini.com\/wp-content\/uploads\/2018\/04\/han-pin-chuyen-nghiep-chat-luong.jpg\" alt=\"Han Pin Chuyen Nghiep Chat Luong\" width=\"750\" height=\"750\" srcset=\"https:\/\/maybommini.vn\/wp-content\/uploads\/2018\/04\/han-pin-chuyen-nghiep-chat-luong.jpg 750w, https:\/\/maybommini.vn\/wp-content\/uploads\/2018\/04\/han-pin-chuyen-nghiep-chat-luong-300x300.jpg 300w, https:\/\/maybommini.vn\/wp-content\/uploads\/2018\/04\/han-pin-chuyen-nghiep-chat-luong-150x150.jpg 150w, https:\/\/maybommini.vn\/wp-content\/uploads\/2018\/04\/han-pin-chuyen-nghiep-chat-luong-600x600.jpg 600w\" sizes=\"(max-width: 750px) 100vw, 750px\" \/><\/a><\/strong><\/p>\n<p><strong>L\u01afU \u00dd KHI S\u1eec D\u1ee4NG M\u00c1Y H\u00c0N PIN JST<\/strong><br \/>\n\u0110i\u1ec1u ch\u1ec9nh chi\u1ec1u cao kim h\u00e0n c\u00f3 chi\u1ec1u cao b\u1eb1ng nhau.<br \/>\nB\u1ea1n c\u1ea7n ph\u1ea3i l\u00e0m s\u1ea1ch kim h\u00e0n ho\u1eb7c d\u00f9ng gi\u1ea5y nh\u00e1m m\u00e0i m\u00f2n kim h\u00e0n \u0111\u1ec3 c\u00f3 \u0111i\u1ec3m h\u00e0n t\u1ed1t.<br \/>\n\u0110\u1ec3 \u0111\u1ea3m b\u1ea3o ch\u1ea5t l\u01b0\u1ee3ng h\u00e0n t\u1ed1t, b\u1ea1n n\u00ean th\u01b0\u1eddng xuy\u00ean \u0111i\u1ec1u ch\u1ec9nh kim v\u00e0 gi\u1eef n\u00f3 trong<br \/>\nt\u00ecnh tr\u1ea1ng t\u1ed1t.<br \/>\nNgu\u1ed3n c\u1ea5p \u0111i\u1ec7n \u1ed5n \u0111\u1ecbnh v\u00e0 d\u00e2y ngu\u1ed3n ch\u1ecbu t\u1ea3i l\u1edbn.<\/p>\n<p><em><strong><a href=\"https:\/\/maybommini.com\/wp-content\/uploads\/2018\/04\/han-cell-pin-chuyen-nghiep.jpg\" target=\"_blank\" rel=\"noopener\"><img decoding=\"async\" class=\"size-full wp-image-267167 aligncenter\" src=\"https:\/\/maybommini.com\/wp-content\/uploads\/2018\/04\/han-cell-pin-chuyen-nghiep.jpg\" alt=\"Han Cell Pin Chuyen Nghiep\" width=\"750\" height=\"750\" srcset=\"https:\/\/maybommini.vn\/wp-content\/uploads\/2018\/04\/han-cell-pin-chuyen-nghiep.jpg 750w, https:\/\/maybommini.vn\/wp-content\/uploads\/2018\/04\/han-cell-pin-chuyen-nghiep-300x300.jpg 300w, https:\/\/maybommini.vn\/wp-content\/uploads\/2018\/04\/han-cell-pin-chuyen-nghiep-150x150.jpg 150w, https:\/\/maybommini.vn\/wp-content\/uploads\/2018\/04\/han-cell-pin-chuyen-nghiep-600x600.jpg 600w\" sizes=\"(max-width: 750px) 100vw, 750px\" \/><\/a><a href=\"https:\/\/maybommini.com\/wp-content\/uploads\/2018\/04\/han-pin-chat-luong-gia-re.jpg\" target=\"_blank\" rel=\"noopener\"><img decoding=\"async\" class=\"size-full wp-image-267169 aligncenter\" src=\"https:\/\/maybommini.com\/wp-content\/uploads\/2018\/04\/han-pin-chat-luong-gia-re.jpg\" alt=\"Han Pin Chat Luong Gia Re\" width=\"750\" height=\"750\" srcset=\"https:\/\/maybommini.vn\/wp-content\/uploads\/2018\/04\/han-pin-chat-luong-gia-re.jpg 750w, https:\/\/maybommini.vn\/wp-content\/uploads\/2018\/04\/han-pin-chat-luong-gia-re-300x300.jpg 300w, https:\/\/maybommini.vn\/wp-content\/uploads\/2018\/04\/han-pin-chat-luong-gia-re-150x150.jpg 150w, https:\/\/maybommini.vn\/wp-content\/uploads\/2018\/04\/han-pin-chat-luong-gia-re-600x600.jpg 600w\" sizes=\"(max-width: 750px) 100vw, 750px\" \/><\/a><\/strong><\/em><\/p>\n<p>B\u1ea1n c\u1ea7n t\u01b0 v\u1ea5n m\u00e1y h\u00e0n pin vui l\u00f2ng li\u00ean h\u1ec7 ch\u00fang t\u1ed1i \u0111\u1ec3 \u0111\u01b0\u1ee3c gi\u1ea3i \u0111\u00e1p v\u00e0 nh\u1eadn b\u00e1o gi\u00e1 t\u1ed1t.<br \/>\n<strong>CTY TNHH TH\u01af\u01a0NG M\u1ea0I D\u1ecaCH V\u1ee4 \u0110I\u1ec6N M\u00c1Y TH\u00d4NG MINH<br \/>\nHotline: 02873030399 \u2013 0907294310<br \/>\nEmail: maybommini.com@gmail.com<br \/>\nWebsite: https:\/\/maybommini.com<br \/>\nFacebook :\u00a0<a href=\"https:\/\/www.facebook.com\/maybommini\" target=\"_blank\" rel=\"noopener noreferrer\">https:\/\/www.facebook.com\/maybommini<\/a><br \/>\nGoogle :\u00a0<a href=\"https:\/\/plus.google.com\/%20Maybomnuocminiruaxe\" target=\"_blank\" rel=\"noopener noreferrer\">https:\/\/plus.google.com\/ Maybomnuocminiruaxe<\/a><br \/>\nYoutube demo :\u00a0<a href=\"https:\/\/www.youtube.com\/bahamasali\" target=\"_blank\" rel=\"noopener noreferrer\">https:\/\/www.youtube.com\/bahamasali<\/a><\/strong><\/p>\n<h3 style=\"text-align: center;\"><a href=\"https:\/\/maybommini.com\/san-pham\/may-han-cell-pin-chuyen-nghiep-220v-3kw-jst-3\" target=\"_blank\" rel=\"noopener noreferrer\">M\u00e1y h\u00e0n cell pin chuy\u00ean nghi\u1ec7p 220V 3KW JST-3<\/a><br \/>\n<a href=\"https:\/\/maybommini.com\/san-pham\/may-han-cell-pin-chuyen-nghiep-220v-3kw-jst-2s\" target=\"_blank\" rel=\"noopener noreferrer\">M\u00e1y h\u00e0n cell pin chuy\u00ean nghi\u1ec7p 220V 3KW JST-2S<\/a><br \/>\n<a href=\"https:\/\/maybommini.com\/san-pham\/may-han-cell-pin-jst-4-220v-10kva\" target=\"_blank\" rel=\"noopener noreferrer\">M\u00e1y h\u00e0n cell pin chuy\u00ean nghi\u1ec7p 220V 5KW JST-4<\/a><br \/>\nPulse Spot Welding Machine<\/h3>\n<p style=\"text-align: left;\">\n<img decoding=\"async\" class=\"size-full wp-image-249068 aligncenter\" src=\"https:\/\/maybommini.com\/wp-content\/uploads\/2017\/05\/may-han-pin-1.jpg\" alt=\"May Han Pin\" width=\"750\" height=\"750\" srcset=\"https:\/\/maybommini.vn\/wp-content\/uploads\/2017\/05\/may-han-pin-1.jpg 750w, https:\/\/maybommini.vn\/wp-content\/uploads\/2017\/05\/may-han-pin-1-300x300.jpg 300w, https:\/\/maybommini.vn\/wp-content\/uploads\/2017\/05\/may-han-pin-1-600x600.jpg 600w, https:\/\/maybommini.vn\/wp-content\/uploads\/2017\/05\/may-han-pin-1-150x150.jpg 150w\" sizes=\"(max-width: 750px) 100vw, 750px\" \/><img decoding=\"async\" class=\"size-full wp-image-248938 aligncenter\" src=\"https:\/\/maybommini.com\/wp-content\/uploads\/2017\/05\/han-pin-hcm.jpg\" alt=\"Han Pin Hcm\" width=\"750\" height=\"750\" srcset=\"https:\/\/maybommini.vn\/wp-content\/uploads\/2017\/05\/han-pin-hcm.jpg 750w, https:\/\/maybommini.vn\/wp-content\/uploads\/2017\/05\/han-pin-hcm-300x300.jpg 300w, https:\/\/maybommini.vn\/wp-content\/uploads\/2017\/05\/han-pin-hcm-600x600.jpg 600w, https:\/\/maybommini.vn\/wp-content\/uploads\/2017\/05\/han-pin-hcm-150x150.jpg 150w\" sizes=\"(max-width: 750px) 100vw, 750px\" \/> <img decoding=\"async\" class=\"size-full wp-image-248937 aligncenter\" src=\"https:\/\/maybommini.com\/wp-content\/uploads\/2017\/05\/han-pin-gia-re-sai-gon.jpg\" alt=\"Han Pin Gia Re Sai Gon\" width=\"750\" height=\"750\" srcset=\"https:\/\/maybommini.vn\/wp-content\/uploads\/2017\/05\/han-pin-gia-re-sai-gon.jpg 750w, https:\/\/maybommini.vn\/wp-content\/uploads\/2017\/05\/han-pin-gia-re-sai-gon-300x300.jpg 300w, https:\/\/maybommini.vn\/wp-content\/uploads\/2017\/05\/han-pin-gia-re-sai-gon-600x600.jpg 600w, https:\/\/maybommini.vn\/wp-content\/uploads\/2017\/05\/han-pin-gia-re-sai-gon-150x150.jpg 150w\" sizes=\"(max-width: 750px) 100vw, 750px\" \/><br \/>\n<img decoding=\"async\" class=\"size-full wp-image-249066 aligncenter\" src=\"https:\/\/maybommini.com\/wp-content\/uploads\/2017\/05\/han-pin-gia-re.jpg\" alt=\"Han Pin Gia Re\" width=\"750\" height=\"750\" srcset=\"https:\/\/maybommini.vn\/wp-content\/uploads\/2017\/05\/han-pin-gia-re.jpg 750w, https:\/\/maybommini.vn\/wp-content\/uploads\/2017\/05\/han-pin-gia-re-300x300.jpg 300w, https:\/\/maybommini.vn\/wp-content\/uploads\/2017\/05\/han-pin-gia-re-600x600.jpg 600w, https:\/\/maybommini.vn\/wp-content\/uploads\/2017\/05\/han-pin-gia-re-150x150.jpg 150w\" sizes=\"(max-width: 750px) 100vw, 750px\" \/> <img decoding=\"async\" class=\"size-full wp-image-249065 aligncenter\" src=\"https:\/\/maybommini.com\/wp-content\/uploads\/2017\/05\/han-pin-ghep-pin.jpg\" alt=\"Han Pin Ghep Pin\" width=\"750\" height=\"750\" srcset=\"https:\/\/maybommini.vn\/wp-content\/uploads\/2017\/05\/han-pin-ghep-pin.jpg 750w, https:\/\/maybommini.vn\/wp-content\/uploads\/2017\/05\/han-pin-ghep-pin-300x300.jpg 300w, https:\/\/maybommini.vn\/wp-content\/uploads\/2017\/05\/han-pin-ghep-pin-600x600.jpg 600w, https:\/\/maybommini.vn\/wp-content\/uploads\/2017\/05\/han-pin-ghep-pin-150x150.jpg 150w\" sizes=\"(max-width: 750px) 100vw, 750px\" \/><\/p>\n","protected":false},"excerpt":{"rendered":"<p>Th\u01b0\u01a1ng hi\u1ec7u: MTM<br \/>\nModel: JST-4<br \/>\n\u0110i\u1ec7n th\u1ebf: 110 &#8211; 220V AC<br \/>\nC\u00f4ng su\u1ea5t: 5.0 KW<br \/>\n\u0110i\u1ec7n \u00e1p \u0111\u1ea7u ra : 3.5V &#8211; 1000A<br \/>\nD\u00f2ng \u0111i\u1ec7n \u00e1p h\u00e0n: 0 &#8211; 99%<br \/>\nC\u1ea7u ch\u00ec ch\u1ecbu t\u1ea3i: 15A<br \/>\nT\u1ea5m niken h\u00e0n ph\u00f9 h\u1ee3p: 0.03 &#8211; 0.25 mm<br \/>\n\u0110\u1ec1u ch\u1ec9nh c\u00f4ng su\u1ea5t h\u00e0n ph\u00f9 h\u1ee3p.<br \/>\nBo m\u1ea1ch cao c\u1ea5p c\u00f4ng ngh\u1ec7 USA.<br \/>\nBi\u1ebfn th\u1ebf cu\u1ed9n d\u00e2y \u0111\u1ed3ng cao c\u1ea5p.<br \/>\nM\u00e0n h\u00ecnh LCD ch\u1ec9nh d\u00f2ng.<br \/>\nB\u00e0n \u0111\u1ea1p k\u00edch h\u00e0n.<br \/>\nCh\u1ea5t li\u1ec7u: \u0110\u1ed3ng &#8211; Th\u00e9p &#8211; Nh\u1ef1a.<br \/>\nK\u00edch th\u01b0\u1edbc: 240 \u00d7 140 \u00d7 200 mm.<br \/>\nTr\u1ecdng l\u01b0\u1ee3ng: 8.0 Kg.<br \/>\nB\u1ea3o h\u00e0nh: 6 th\u00e1ng ch\u00ednh h\u00e3ng.<br \/>\n<strong>T\u01af V\u1ea4N K\u1ef8 THU\u1eacT \u2013 MUA H\u00c0NG<br \/>\n0908997823 \u2013 0908997872<br \/>\n0907294310 \u2013 02873030399<\/strong><\/p>\n","protected":false},"featured_media":267179,"comment_status":"open","ping_status":"closed","template":"","meta":[],"product_brand":[2227],"product_cat":[4291],"product_tag":[3384,1283,1284,1285,1286,1287,1288,1343,1289,1290,1291,1292,1293,431,998,3383],"class_list":{"0":"post-257173","1":"product","2":"type-product","3":"status-publish","4":"has-post-thumbnail","6":"product_brand-mtm","7":"product_cat-may-han-cell","8":"product_tag-battery-spot-welding","9":"product_tag-ghep-cell-pin","10":"product_tag-ghep-pin","11":"product_tag-han-cell-pin","12":"product_tag-han-pin","13":"product_tag-han-pin-may-khoan","14":"product_tag-jst-3","15":"product_tag-jst-4","16":"product_tag-may-ghep-pin","17":"product_tag-may-ghep-pin-sac","18":"product_tag-may-han","19":"product_tag-may-han-cell-pin","20":"product_tag-may-han-pin","21":"product_tag-pin-sac","22":"product_tag-pin-sac-12v","23":"product_tag-welding-machine","25":"first","26":"instock","27":"sale","28":"shipping-taxable","29":"purchasable","30":"product-type-simple"},"_links":{"self":[{"href":"https:\/\/maybommini.vn\/index.php?rest_route=\/wp\/v2\/product\/257173","targetHints":{"allow":["GET"]}}],"collection":[{"href":"https:\/\/maybommini.vn\/index.php?rest_route=\/wp\/v2\/product"}],"about":[{"href":"https:\/\/maybommini.vn\/index.php?rest_route=\/wp\/v2\/types\/product"}],"replies":[{"embeddable":true,"href":"https:\/\/maybommini.vn\/index.php?rest_route=%2Fwp%2Fv2%2Fcomments&post=257173"}],"wp:featuredmedia":[{"embeddable":true,"href":"https:\/\/maybommini.vn\/index.php?rest_route=\/wp\/v2\/media\/267179"}],"wp:attachment":[{"href":"https:\/\/maybommini.vn\/index.php?rest_route=%2Fwp%2Fv2%2Fmedia&parent=257173"}],"wp:term":[{"taxonomy":"product_brand","embeddable":true,"href":"https:\/\/maybommini.vn\/index.php?rest_route=%2Fwp%2Fv2%2Fproduct_brand&post=257173"},{"taxonomy":"product_cat","embeddable":true,"href":"https:\/\/maybommini.vn\/index.php?rest_route=%2Fwp%2Fv2%2Fproduct_cat&post=257173"},{"taxonomy":"product_tag","embeddable":true,"href":"https:\/\/maybommini.vn\/index.php?rest_route=%2Fwp%2Fv2%2Fproduct_tag&post=257173"}],"curies":[{"name":"wp","href":"https:\/\/api.w.org\/{rel}","templated":true}]}}