{"id":257174,"date":"2018-04-12T19:43:15","date_gmt":"2018-04-12T12:43:15","guid":{"rendered":"https:\/\/maybommini.com\/san-pham\/import-placeholder-for-253391"},"modified":"2018-04-12T19:45:30","modified_gmt":"2018-04-12T12:45:30","slug":"tam-han-cell-pin-niken-0-1mm-4mm","status":"publish","type":"product","link":"https:\/\/maybommini.vn\/?product=tam-han-cell-pin-niken-0-1mm-4mm","title":{"rendered":"T\u1ea5m h\u00e0n Cell pin niken 0.1mm 4mm"},"content":{"rendered":"<h3>T\u1ea5m h\u00e0n Cell pin niken 0.1mm 4mm d\u00f9ng h\u00e0n n\u1ed1i cell pin th\u00f4ng d\u1ee5ng v\u1edbi ch\u1ea5t li\u1ec7u k\u1ebdm niken nguy\u00ean ch\u1ea5t c\u00f3 \u0111\u1ed9 d\u00e0y v\u00e0 u\u1ed1n d\u1ebbo t\u1ed1t r\u1ea5t b\u1ec1n \u0111\u1ec3 n\u1ed1i pin c\u00e1c lo\u1ea1i v\u1edbi nhau v\u00e0 th\u00edch h\u1ee3p t\u1ea5t c\u1ea3 c\u00e1c lo\u1ea1i <a href=\"https:\/\/maybommini.com\/san-pham\/may-han-cell-pin-jst-4-220v-10kva\" target=\"_blank\" rel=\"noopener noreferrer\">m\u00e1y h\u00e0n sell pin<\/a> c\u00f3 tr\u00ean th\u1ecb tr\u01b0\u1eddng.<\/h3>\n<p><img decoding=\"async\" class=\"size-full wp-image-249076 aligncenter\" src=\"https:\/\/maybommini.com\/wp-content\/uploads\/2017\/05\/kem-noi-sell-pin-han-pin.jpg\" alt=\"Kem Noi Sell Pin Han Pin\" width=\"750\" height=\"750\" srcset=\"https:\/\/maybommini.vn\/wp-content\/uploads\/2017\/05\/kem-noi-sell-pin-han-pin.jpg 750w, https:\/\/maybommini.vn\/wp-content\/uploads\/2017\/05\/kem-noi-sell-pin-han-pin-300x300.jpg 300w, https:\/\/maybommini.vn\/wp-content\/uploads\/2017\/05\/kem-noi-sell-pin-han-pin-600x600.jpg 600w, https:\/\/maybommini.vn\/wp-content\/uploads\/2017\/05\/kem-noi-sell-pin-han-pin-150x150.jpg 150w\" sizes=\"(max-width: 750px) 100vw, 750px\" \/><br \/>\n<strong>TH\u00d4NG S\u1ed0 K\u1ef8 THU\u1eacT<\/strong><br \/>\nModel: Niken 0.1x4mm<br \/>\nChi\u1ec1u d\u00e0y: 0.1mm<br \/>\nChi\u1ec1u r\u1ed9ng: 4mm<br \/>\nTr\u1ecdng l\u01b0\u1ee3ng nguy\u00ean cu\u1ed9n: 850g<br \/>\nCh\u1ea5t li\u1ec7u: Niken nguy\u00ean ch\u1ea5t<br \/>\nD\u00f9ng h\u00e0n cell pin c\u00e1c lo\u1ea1i.<br \/>\n<img decoding=\"async\" class=\"size-full wp-image-249078 aligncenter\" src=\"https:\/\/maybommini.com\/wp-content\/uploads\/2017\/05\/thiet-bi-han-sel-pin.jpg\" alt=\"Thiet Bi Han Sel Pin\" width=\"750\" height=\"750\" srcset=\"https:\/\/maybommini.vn\/wp-content\/uploads\/2017\/05\/thiet-bi-han-sel-pin.jpg 750w, https:\/\/maybommini.vn\/wp-content\/uploads\/2017\/05\/thiet-bi-han-sel-pin-300x300.jpg 300w, https:\/\/maybommini.vn\/wp-content\/uploads\/2017\/05\/thiet-bi-han-sel-pin-600x600.jpg 600w, https:\/\/maybommini.vn\/wp-content\/uploads\/2017\/05\/thiet-bi-han-sel-pin-150x150.jpg 150w\" sizes=\"(max-width: 750px) 100vw, 750px\" \/><strong>S\u1eec D\u1ee4NG T\u1ea4M H\u00c0N CELL PIN NIKEN<\/strong><br \/>\nD\u00f9ng h\u00e0n cell pin c\u00e1c lo\u1ea1i.<br \/>\nD\u00f9ng h\u00e0n pin chuy\u00ean d\u1ee5ng ph\u00f9 h\u1ee3p t\u1ea5t c\u1ea3 c\u00e1c lo\u1ea1i <a href=\"https:\/\/maybommini.com\/san-pham\/may-han-cell-pin-jst-3-220v-3kva\" target=\"_blank\" rel=\"noopener noreferrer\">m\u00e1y h\u00e0n cell pin<\/a>.<br \/>\nD\u00f9ng l\u00e0m n\u1ed1i m\u1ea1ch \u0111i\u1ec7n.<br \/>\nD\u00f9ng h\u00e0n n\u1ed1i thi\u1ebft b\u1ecb \u0111i\u1ec7n t\u1eed.<br \/>\nNickel l\u00e1, m\u1ed9t niken l\u1edbp d\u1ea3i : N6 th\u00e9p kh\u00f4ng g\u1ec9 niken-m\u1ea1 niken m\u1ea1<br \/>\n<img decoding=\"async\" class=\"size-full wp-image-249074 aligncenter\" src=\"https:\/\/maybommini.com\/wp-content\/uploads\/2017\/05\/kem-han-pin-noi-pin.jpg\" alt=\"Kem Han Pin Noi Pin\" width=\"750\" height=\"750\" srcset=\"https:\/\/maybommini.vn\/wp-content\/uploads\/2017\/05\/kem-han-pin-noi-pin.jpg 750w, https:\/\/maybommini.vn\/wp-content\/uploads\/2017\/05\/kem-han-pin-noi-pin-300x300.jpg 300w, https:\/\/maybommini.vn\/wp-content\/uploads\/2017\/05\/kem-han-pin-noi-pin-600x600.jpg 600w, https:\/\/maybommini.vn\/wp-content\/uploads\/2017\/05\/kem-han-pin-noi-pin-150x150.jpg 150w\" sizes=\"(max-width: 750px) 100vw, 750px\" \/> <img decoding=\"async\" class=\"size-full wp-image-249075 aligncenter\" src=\"https:\/\/maybommini.com\/wp-content\/uploads\/2017\/05\/kem-noi-han-pin-gia-re.jpg\" alt=\"Kem Noi Han Pin Gia Re\" width=\"750\" height=\"750\" srcset=\"https:\/\/maybommini.vn\/wp-content\/uploads\/2017\/05\/kem-noi-han-pin-gia-re.jpg 750w, https:\/\/maybommini.vn\/wp-content\/uploads\/2017\/05\/kem-noi-han-pin-gia-re-300x300.jpg 300w, https:\/\/maybommini.vn\/wp-content\/uploads\/2017\/05\/kem-noi-han-pin-gia-re-600x600.jpg 600w, https:\/\/maybommini.vn\/wp-content\/uploads\/2017\/05\/kem-noi-han-pin-gia-re-150x150.jpg 150w\" sizes=\"(max-width: 750px) 100vw, 750px\" \/> <img decoding=\"async\" class=\"size-full wp-image-249073 aligncenter\" src=\"https:\/\/maybommini.com\/wp-content\/uploads\/2017\/05\/han-sell-pin.jpg\" alt=\"Han Sell Pin\" width=\"750\" height=\"750\" srcset=\"https:\/\/maybommini.vn\/wp-content\/uploads\/2017\/05\/han-sell-pin.jpg 750w, https:\/\/maybommini.vn\/wp-content\/uploads\/2017\/05\/han-sell-pin-300x300.jpg 300w, https:\/\/maybommini.vn\/wp-content\/uploads\/2017\/05\/han-sell-pin-600x600.jpg 600w, https:\/\/maybommini.vn\/wp-content\/uploads\/2017\/05\/han-sell-pin-150x150.jpg 150w\" sizes=\"(max-width: 750px) 100vw, 750px\" \/>\u0110\u1ed9 c\u1ee9ng \u0111\u01b0\u1ee3c chia th\u00e0nh M (nh\u00e0 n\u01b0\u1edbc ng\u1ecdt), 1\/4 (m\u1ed9t ph\u1ea7n t\u01b0 c\u1ee9ng), Y2 (n\u1eeda c\u1ee9ng), . 3 \/ 4Y (ba ph\u1ea7n t\u01b0 c\u1ee9ng), Y (tr\u1ea1ng th\u00e1i c\u1ee9ng). Quy tr\u00ecnh: c\u00e1n n\u00f3ng ho\u1eb7c l\u1ea1nh, \u1ee7 ho\u00e0n ch\u1ec9nh<br \/>\nS\u1eed d\u1ee5ng : pin nickel-metal hydride, pin lithium, pin \u0111\u01b0\u1ee3c l\u1eafp r\u00e1p v\u00e0 c\u00f4ng c\u1ee5 \u0111i\u1ec7n, th\u00f4ng tin li\u00ean l\u1ea1c, \u0111\u00e8n \u0111\u1eb7c bi\u1ec7t v\u00e0 c\u00e1c ng\u00e0nh c\u00f4ng nghi\u1ec7p kh\u00e1c.<img decoding=\"async\" class=\"alignnone size-full wp-image-249077\" src=\"https:\/\/maybommini.com\/wp-content\/uploads\/2017\/05\/tam-han-pin.jpg\" alt=\"Tam Han Pin\" width=\"750\" height=\"750\" srcset=\"https:\/\/maybommini.vn\/wp-content\/uploads\/2017\/05\/tam-han-pin.jpg 750w, https:\/\/maybommini.vn\/wp-content\/uploads\/2017\/05\/tam-han-pin-300x300.jpg 300w, https:\/\/maybommini.vn\/wp-content\/uploads\/2017\/05\/tam-han-pin-600x600.jpg 600w, https:\/\/maybommini.vn\/wp-content\/uploads\/2017\/05\/tam-han-pin-150x150.jpg 150w\" sizes=\"(max-width: 750px) 100vw, 750px\" \/> <img decoding=\"async\" class=\"alignnone size-full wp-image-249076\" src=\"https:\/\/maybommini.com\/wp-content\/uploads\/2017\/05\/kem-noi-sell-pin-han-pin.jpg\" alt=\"Kem Noi Sell Pin Han Pin\" width=\"750\" height=\"750\" srcset=\"https:\/\/maybommini.vn\/wp-content\/uploads\/2017\/05\/kem-noi-sell-pin-han-pin.jpg 750w, https:\/\/maybommini.vn\/wp-content\/uploads\/2017\/05\/kem-noi-sell-pin-han-pin-300x300.jpg 300w, https:\/\/maybommini.vn\/wp-content\/uploads\/2017\/05\/kem-noi-sell-pin-han-pin-600x600.jpg 600w, https:\/\/maybommini.vn\/wp-content\/uploads\/2017\/05\/kem-noi-sell-pin-han-pin-150x150.jpg 150w\" sizes=\"(max-width: 750px) 100vw, 750px\" \/><\/p>\n<p><strong>MUA T\u1ea4M H\u00c0N PIN \u1ede \u0110\u00c2U ?<\/strong><br \/>\nMBM &#8211; M\u00e1y B\u01a1m Mini l\u00e0 nh\u00e0 cung c\u1ea5p ph\u00e2n ph\u1ed1i c\u00e1c lo\u1ea1i thi\u1ebft b\u1ecb d\u00f9ng h\u00e0n cell pin t\u1ed1t nh\u1ea5t th\u1ecb tr\u01b0\u1eddng v\u1edbi nhi\u1ec1u lo\u1ea1i kh\u00e1c nhau chuy\u00ean nhi\u1ec7p gi\u00e1 t\u1ed1t v\u00e0 ch\u00ednh h\u00e3ng t\u1ea1i Vi\u1ec7t Nam.<\/p>\n","protected":false},"excerpt":{"rendered":"<p>Model: Niken 0.1x4mm<br \/>\nChi\u1ec1u d\u00e0y: 0.1mm<br \/>\nChi\u1ec1u r\u1ed9ng: 4mm<br \/>\nTr\u1ecdng l\u01b0\u1ee3ng nguy\u00ean cu\u1ed9n: 850g<br \/>\nCh\u1ea5t li\u1ec7u: Niken nguy\u00ean ch\u1ea5t<br \/>\nD\u00f9ng h\u00e0n cell pin c\u00e1c lo\u1ea1i.<br \/>\nNguy\u00ean cu\u1ed9n nh\u1eadp kh\u1ea9u<\/p>\n","protected":false},"featured_media":257309,"comment_status":"open","ping_status":"closed","template":"","meta":[],"product_brand":[],"product_cat":[1282],"product_tag":[1344,1345,741,1346,1285,1347,1348,1293,1349,1350,1351,1352,1353,1354],"class_list":{"0":"post-257174","1":"product","2":"type-product","3":"status-publish","4":"has-post-thumbnail","6":"product_cat-han-ghep-pin","7":"product_tag-0-1mm","8":"product_tag-0-1x4mm","9":"product_tag-4mm","10":"product_tag-cell-pin","11":"product_tag-han-cell-pin","12":"product_tag-kem","13":"product_tag-kem-han-pin","14":"product_tag-may-han-pin","15":"product_tag-niken","16":"product_tag-tam-han","17":"product_tag-tam-kem","18":"product_tag-tam-kem-noi-pin","19":"product_tag-tam-thiet","20":"product_tag-thiet-bi-han-pin","22":"first","23":"instock","24":"sale","25":"shipping-taxable","26":"purchasable","27":"product-type-simple"},"_links":{"self":[{"href":"https:\/\/maybommini.vn\/index.php?rest_route=\/wp\/v2\/product\/257174","targetHints":{"allow":["GET"]}}],"collection":[{"href":"https:\/\/maybommini.vn\/index.php?rest_route=\/wp\/v2\/product"}],"about":[{"href":"https:\/\/maybommini.vn\/index.php?rest_route=\/wp\/v2\/types\/product"}],"replies":[{"embeddable":true,"href":"https:\/\/maybommini.vn\/index.php?rest_route=%2Fwp%2Fv2%2Fcomments&post=257174"}],"wp:featuredmedia":[{"embeddable":true,"href":"https:\/\/maybommini.vn\/index.php?rest_route=\/wp\/v2\/media\/257309"}],"wp:attachment":[{"href":"https:\/\/maybommini.vn\/index.php?rest_route=%2Fwp%2Fv2%2Fmedia&parent=257174"}],"wp:term":[{"taxonomy":"product_brand","embeddable":true,"href":"https:\/\/maybommini.vn\/index.php?rest_route=%2Fwp%2Fv2%2Fproduct_brand&post=257174"},{"taxonomy":"product_cat","embeddable":true,"href":"https:\/\/maybommini.vn\/index.php?rest_route=%2Fwp%2Fv2%2Fproduct_cat&post=257174"},{"taxonomy":"product_tag","embeddable":true,"href":"https:\/\/maybommini.vn\/index.php?rest_route=%2Fwp%2Fv2%2Fproduct_tag&post=257174"}],"curies":[{"name":"wp","href":"https:\/\/api.w.org\/{rel}","templated":true}]}}