{"id":257176,"date":"2018-04-12T19:43:16","date_gmt":"2018-04-12T12:43:16","guid":{"rendered":"https:\/\/maybommini.com\/san-pham\/import-placeholder-for-253393"},"modified":"2025-07-28T14:11:16","modified_gmt":"2025-07-28T07:11:16","slug":"may-bom-chim-12v-sfbp1-g1500","status":"publish","type":"product","link":"https:\/\/maybommini.vn\/?product=may-bom-chim-12v-sfbp1-g1500","title":{"rendered":"M\u00e1y b\u01a1m ch\u00ecm 12V SFBP1 G1500"},"content":{"rendered":"<h3><strong>M\u00e1y b\u01a1m ch\u00ecm 12V SFBP1 G1500 l\u00e0 lo\u1ea1i m\u00e1y b\u01a1m ch\u00ecm chuy\u00ean d\u1ee5ng\u00a0\u0111\u1ec3 b\u01a1m ch\u1ea5t th\u1ea3i, n\u01b0\u1edbc th\u1ea3i, b\u01a1m n\u01b0\u1edbc tr\u00ean ghe t\u00e0u thuy\u1ec1n can\u00f4\u00a0.\u00a0\u0110\u00e2y l\u00e0 lo\u1ea1i m\u00e1y b\u01a1m ch\u00ecm c\u00f3 c\u00f4ng su\u1ea5t kh\u00e1 l\u1edbn v\u00e0 l\u01b0u l\u01b0\u1ee3ng b\u01a1m m\u1ea1nh\u00a0\u0111\u1ea1t 7L\/M &#8211; 1500GPH m\u00e0 ch\u1ec9 d\u00f9ng ngu\u1ed3n 12V.<\/strong><\/h3>\n<p><img decoding=\"async\" class=\"size-full wp-image-249098 aligncenter\" src=\"https:\/\/maybommini.com\/wp-content\/uploads\/2017\/05\/may-bom-chim-12v.jpg\" alt=\"May Bom Chim 12v\" width=\"750\" height=\"750\" srcset=\"https:\/\/maybommini.vn\/wp-content\/uploads\/2017\/05\/may-bom-chim-12v.jpg 750w, https:\/\/maybommini.vn\/wp-content\/uploads\/2017\/05\/may-bom-chim-12v-300x300.jpg 300w, https:\/\/maybommini.vn\/wp-content\/uploads\/2017\/05\/may-bom-chim-12v-600x600.jpg 600w, https:\/\/maybommini.vn\/wp-content\/uploads\/2017\/05\/may-bom-chim-12v-150x150.jpg 150w\" sizes=\"(max-width: 750px) 100vw, 750px\" \/><br \/>\n<strong>TH\u00d4NG S\u1ed0 K\u1ef8 THU\u1eacT<\/strong><strong><br \/>\n<\/strong>Th\u01b0\u01a1ng hi\u1ec7u: Singflo<br \/>\nModel : SFPB1-G1500-01<br \/>\nT\u00ecnh tr\u1ea1ng: H\u00e0ng m\u1edbi 100%<br \/>\n\u0110i\u1ec7n th\u1ebf: 12V<br \/>\nL\u01b0u l\u01b0\u1ee3ng b\u01a1m: 1500 GPH &#8211; 405 L\/H &#8211; 6.7 L\/P<br \/>\nC\u00f4ng su\u1ea5t b\u01a1m: 96 W &#8211; 8A<br \/>\nTr\u1ecdng l\u01b0\u1ee3ng: 1.3 KG<br \/>\n\u1ed0ng ra: 29 mm<br \/>\nB\u01a1m cao: 5 Met.<br \/>\nKh\u00f4ng b\u01a1m li\u00ean 24\/24<br \/>\nB\u1ea3o h\u00e0ng: 3 th\u00e1ng ch\u00ednh h\u00e3ng<br \/>\nPh\u00e2n ph\u1ed1i: MBM<img decoding=\"async\" class=\"size-full wp-image-249100 aligncenter\" src=\"https:\/\/maybommini.com\/wp-content\/uploads\/2017\/05\/thong-so-ky-thuat-may-bom-chim.jpg\" alt=\"Thong So Ky Thuat May Bom Chim\" width=\"750\" height=\"750\" srcset=\"https:\/\/maybommini.vn\/wp-content\/uploads\/2017\/05\/thong-so-ky-thuat-may-bom-chim.jpg 750w, https:\/\/maybommini.vn\/wp-content\/uploads\/2017\/05\/thong-so-ky-thuat-may-bom-chim-300x300.jpg 300w, https:\/\/maybommini.vn\/wp-content\/uploads\/2017\/05\/thong-so-ky-thuat-may-bom-chim-600x600.jpg 600w, https:\/\/maybommini.vn\/wp-content\/uploads\/2017\/05\/thong-so-ky-thuat-may-bom-chim-150x150.jpg 150w\" sizes=\"(max-width: 750px) 100vw, 750px\" \/><\/p>\n<h3><strong>\u1ee8NG D\u1ee4NG M\u00c1Y B\u01a0M CH\u00ccM 12V\u00a0<\/strong><strong>SFBP1 G350<\/strong><\/h3>\n<p>M\u00e1y b\u01a1m t\u00e0u thuy\u1ec1n Cano.<br \/>\nD\u00f9ng\u00a0\u0111\u1ec3 b\u01a1m ch\u1ea5t th\u1ea3i.<br \/>\nB\u01a1m n\u01b0\u1edbc ng\u1eadp trong nh\u00e0.<br \/>\nT\u01b0\u1edbi c\u00e2y\u00a0\u0103n tr\u00e1i.<br \/>\nB\u01a1m c\u1ea5p n\u01b0\u1edbc v\u00e0o b\u1ec3 ch\u1ee9a.<br \/>\nM\u00e1y b\u01a1m t\u00e0u thuy\u1ec1n ghe tr\u00ean bi\u1ec3n s\u00f4ng.<br \/>\nM\u00e1y b\u01a1m n\u0103ng l\u01b0\u1ee3ng m\u1eb7t tr\u1eddi.<img decoding=\"async\" class=\"size-full wp-image-245255 aligncenter\" src=\"http:\/\/maybommini.com\/wp-content\/uploads\/2016\/05\/may-bom-cho-tau-thuyen-cano.jpg\" alt=\"may-bom-cho-tau-thuyen-cano\" width=\"750\" height=\"503\" srcset=\"https:\/\/maybommini.vn\/wp-content\/uploads\/2016\/05\/may-bom-cho-tau-thuyen-cano.jpg 750w, https:\/\/maybommini.vn\/wp-content\/uploads\/2016\/05\/may-bom-cho-tau-thuyen-cano-600x402.jpg 600w, https:\/\/maybommini.vn\/wp-content\/uploads\/2016\/05\/may-bom-cho-tau-thuyen-cano-300x201.jpg 300w\" sizes=\"(max-width: 750px) 100vw, 750px\" \/><\/p>\n<p><img decoding=\"async\" class=\"alignnone size-full wp-image-249101\" src=\"https:\/\/maybommini.com\/wp-content\/uploads\/2017\/05\/may-bom-chim-g1500.jpg\" alt=\"May Bom Chim G1500\" width=\"750\" height=\"750\" srcset=\"https:\/\/maybommini.vn\/wp-content\/uploads\/2017\/05\/may-bom-chim-g1500.jpg 750w, https:\/\/maybommini.vn\/wp-content\/uploads\/2017\/05\/may-bom-chim-g1500-300x300.jpg 300w, https:\/\/maybommini.vn\/wp-content\/uploads\/2017\/05\/may-bom-chim-g1500-600x600.jpg 600w, https:\/\/maybommini.vn\/wp-content\/uploads\/2017\/05\/may-bom-chim-g1500-150x150.jpg 150w\" sizes=\"(max-width: 750px) 100vw, 750px\" \/><\/p>\n<h3 style=\"text-align: center;\"><a href=\"https:\/\/maybommini.com\/danh-muc\/may-bom-chim\/may-bom-chim-12v\" target=\"_blank\" rel=\"noopener noreferrer\">M\u00e1y b\u01a1m ch\u00ecm 12V<\/a> SFBP1 G1500<\/h3>\n<p><img decoding=\"async\" class=\"size-full wp-image-249097 aligncenter\" src=\"https:\/\/maybommini.com\/wp-content\/uploads\/2017\/05\/bom-nuoc-mini-2.jpg\" alt=\"Bom Nuoc Mini\" width=\"750\" height=\"750\" srcset=\"https:\/\/maybommini.vn\/wp-content\/uploads\/2017\/05\/bom-nuoc-mini-2.jpg 750w, https:\/\/maybommini.vn\/wp-content\/uploads\/2017\/05\/bom-nuoc-mini-2-300x300.jpg 300w, https:\/\/maybommini.vn\/wp-content\/uploads\/2017\/05\/bom-nuoc-mini-2-600x600.jpg 600w, https:\/\/maybommini.vn\/wp-content\/uploads\/2017\/05\/bom-nuoc-mini-2-150x150.jpg 150w\" sizes=\"(max-width: 750px) 100vw, 750px\" \/><\/p>\n<h3 style=\"text-align: center;\">M\u00c1Y B\u01a0M CH\u00ccM 12V<\/h3>\n<p><strong>MUA M\u00c1Y B\u01a0M MINI<\/strong><strong>\u00a0<\/strong><strong>\u1ede \u0110\u00c2U ?<br \/>\n<\/strong>M\u1ecdi chi ti\u1ebft vui l\u00f2ng li\u00ean h\u1ec7 tr\u1ef1c ti\u1ebfp cho ch\u00fang t\u00f4i \u0111\u1ec3 \u0111\u01b0\u1ee3c t\u01b0 v\u1ea5n theo nhu c\u1ea7u \u0111\u1ec3 c\u00f3 \u0111\u01b0\u1ee3c b\u1ed9 s\u1ea3n ph\u1ea9m t\u1ed1t nh\u1ea5t v\u00e0 ti\u1ebft ki\u1ec7m.\u00a0B\u1ea1n \u1edf xa v\u1eabn c\u00f3 th\u1ec3 mua h\u00e0ng v\u00e0 giao h\u00e0ng <a title=\"thanh to\u00e1n\" href=\"http:\/\/maybommini.com\/thanh-toan\" target=\"_blank\" rel=\"noopener\">thanh to\u00e1n<\/a> ti\u1ec1n t\u1ea1i nh\u00e0.<br \/>\n<a href=\"https:\/\/maybommini.com\" target=\"_blank\" rel=\"noopener noreferrer\">M\u00e1y B\u01a1m Mini<\/a> lu\u00f4n l\u00e0 nh\u00e0 cung c\u1ea5p s\u1ed1 1 v\u1edbi nhi\u1ec1u lo\u1ea1i m\u00e1y b\u01a1m ch\u1ea5t l\u01b0\u1ee3ng cao ch\u00ednh h\u00e3ng ph\u00f9 h\u1ee3p v\u1edbi nhi\u1ec1u \u1ee9ng d\u1ee5ng trong cu\u1ed9c s\u1ed1ng v\u00e0 s\u1ea3n xu\u1ea5t.<br \/>\nKh\u00f4ng th\u1ec3 s\u1eed d\u1ee5ng b\u01a1m c\u00e1c n\u01b0\u1edbc ch\u1ea5t ki\u1ec1m, \u0103n m\u00f2n, ax\u00edt,&#8230; C\u00f3 th\u1ec3 g\u00e2y h\u1ea1i ch\u00e1y m\u00e1y b\u01a1m.<br \/>\n<strong>Email :<\/strong> maybommini.com@gmail.com<br \/>\n<strong>Website :<\/strong> <a href=\"https:\/\/maybommini.com\" target=\"_blank\" rel=\"noopener noreferrer\">https:\/\/maybommini.com<\/a><br \/>\n<strong>Facebook :<\/strong> https:\/\/www.facebook.com\/maybommini<br \/>\n<strong>Google   :<\/strong> <a href=\"https:\/\/plus.google.com\/ Maybomnuocminiruaxe\" target=\"_blank\" rel=\"noopener noreferrer\">https:\/\/plus.google.com\/ Maybomnuocminiruaxe<\/a><br \/>\n<strong>Youtube demo :<\/strong> <a href=\"https:\/\/www.youtube.com\/bahamasali\" target=\"_blank\" rel=\"noopener noreferrer\">https:\/\/www.youtube.com\/bahamasali<\/a><\/p>\n","protected":false},"excerpt":{"rendered":"<p>Th\u01b0\u01a1ng hi\u1ec7u: Singflo<br \/>\nModel : SFPB1-G1500-01<br \/>\nT\u00ecnh tr\u1ea1ng: H\u00e0ng m\u1edbi 100%<br \/>\n\u0110i\u1ec7n th\u1ebf: 12V<br \/>\nL\u01b0u l\u01b0\u1ee3ng b\u01a1m: 1500 GPH &#8211; 405 L\/H &#8211; 6.7 L\/P<br \/>\nC\u00f4ng su\u1ea5t b\u01a1m: 96 W &#8211; 8A<br \/>\nTr\u1ecdng l\u01b0\u1ee3ng: 1.3 KG<br \/>\n\u1ed0ng ra: 29 mm<br \/>\nB\u01a1m cao: 5 Met.<br \/>\nKh\u00f4ng b\u01a1m li\u00ean 24\/24<br \/>\nB\u1ea3o h\u00e0ng: 3 th\u00e1ng ch\u00ednh h\u00e3ng<br \/>\nPh\u00e2n ph\u1ed1i: MBM<br \/>\nSa\u0309n ph\u00e2\u0309m nh\u00e2\u0323p kh\u00e2\u0309u<\/p>\n","protected":false},"featured_media":257322,"comment_status":"open","ping_status":"closed","template":"","meta":[],"product_brand":[],"product_cat":[381,382],"product_tag":[267,1358,1359,391,705,392,393,708,709,235,1360,846,710,389,231,711,712,394,1094],"class_list":{"0":"post-257176","1":"product","2":"type-product","3":"status-publish","4":"has-post-thumbnail","6":"product_cat-may-bom-chim","7":"product_cat-may-bom-chim-12v","8":"product_tag-12v","9":"product_tag-1500gh","10":"product_tag-1500ghp","11":"product_tag-bom-chat-thai","12":"product_tag-bom-chim","13":"product_tag-bom-chim-12v","14":"product_tag-bom-chim-24v","15":"product_tag-bom-day-tau","16":"product_tag-bom-nuoc-bien","17":"product_tag-bom-nuoc-mini","18":"product_tag-g1500","19":"product_tag-gallon","20":"product_tag-may-bom-cano","21":"product_tag-may-bom-chim","22":"product_tag-may-bom-mini","23":"product_tag-may-bom-tau","24":"product_tag-may-bom-thuyen","25":"product_tag-may-bom-tuoi","26":"product_tag-singflo","28":"first","29":"instock","30":"sale","31":"featured","32":"shipping-taxable","33":"purchasable","34":"product-type-simple"},"_links":{"self":[{"href":"https:\/\/maybommini.vn\/index.php?rest_route=\/wp\/v2\/product\/257176","targetHints":{"allow":["GET"]}}],"collection":[{"href":"https:\/\/maybommini.vn\/index.php?rest_route=\/wp\/v2\/product"}],"about":[{"href":"https:\/\/maybommini.vn\/index.php?rest_route=\/wp\/v2\/types\/product"}],"replies":[{"embeddable":true,"href":"https:\/\/maybommini.vn\/index.php?rest_route=%2Fwp%2Fv2%2Fcomments&post=257176"}],"wp:featuredmedia":[{"embeddable":true,"href":"https:\/\/maybommini.vn\/index.php?rest_route=\/wp\/v2\/media\/257322"}],"wp:attachment":[{"href":"https:\/\/maybommini.vn\/index.php?rest_route=%2Fwp%2Fv2%2Fmedia&parent=257176"}],"wp:term":[{"taxonomy":"product_brand","embeddable":true,"href":"https:\/\/maybommini.vn\/index.php?rest_route=%2Fwp%2Fv2%2Fproduct_brand&post=257176"},{"taxonomy":"product_cat","embeddable":true,"href":"https:\/\/maybommini.vn\/index.php?rest_route=%2Fwp%2Fv2%2Fproduct_cat&post=257176"},{"taxonomy":"product_tag","embeddable":true,"href":"https:\/\/maybommini.vn\/index.php?rest_route=%2Fwp%2Fv2%2Fproduct_tag&post=257176"}],"curies":[{"name":"wp","href":"https:\/\/api.w.org\/{rel}","templated":true}]}}