{"id":257179,"date":"2018-04-12T19:43:16","date_gmt":"2018-04-12T12:43:16","guid":{"rendered":"https:\/\/maybommini.com\/san-pham\/import-placeholder-for-253417"},"modified":"2019-10-03T15:32:26","modified_gmt":"2019-10-03T08:32:26","slug":"may-phun-suong-smartpumps-sp-75-24v","status":"publish","type":"product","link":"https:\/\/maybommini.vn\/?product=may-phun-suong-smartpumps-sp-75-24v","title":{"rendered":"M\u00e1y phun s\u01b0\u01a1ng Smartpumps SP-75 24V k\u00e8m ngu\u1ed3n"},"content":{"rendered":"<p><strong>M\u00e1y phun s\u01b0\u01a1ng Smartpumps SP-75 24V l\u00e0 lo\u1ea1i m\u00e1y b\u01a1m\u00a0\u00e1p l\u1ef1c s\u1eed d\u1ee5ng\u00a0\u0111i\u1ec7n 24V DC. M\u00e1y n\u00e0y ho\u1ea1t\u00a0\u0111\u1ed9ng r\u1ea5t im v\u00e0 kh\u00f4ng b\u1ecb n\u00f3ng khi ch\u1ea1y li\u00ean t\u1ee5c th\u1eddi gian d\u00e0i. R\u1ea5t t\u1ed1t d\u00f9ng\u00a0\u0111\u1ec3 phun s\u01b0\u01a1ng l\u00e0m m\u00e1t qu\u00e1n cafe, phun s\u01b0\u01a1ng nh\u00e0 h\u00e0ng, phun s\u01b0\u01a1ng t\u01b0\u1edbi Lan, phun t\u01b0\u1edbi nh\u00e0 n\u1ea5m, rau m\u1ea7m, nh\u00e0 y\u1ebfn\u00a0&#8230;<\/strong><br \/>\n<img decoding=\"async\" class=\"size-full wp-image-255993 aligncenter\" src=\"https:\/\/maybommini.com.vn\/wp-content\/uploads\/2018\/01\/maybommini-may-bom-phun-suong-sp-75.jpg\" alt=\"Maybommini May Bom Phun Suong Sp 75\" width=\"750\" height=\"750\" \/><\/p>\n<p><strong>TH\u00d4NG S\u1ed0 K\u1ef8 THU\u1eacT<\/strong><br \/>\nTh\u01b0\u01a1ng hi\u00ea\u0323u: Smartpums<br \/>\nModel: SP-75<br \/>\nNgu\u1ed3n: 24V DC<br \/>\nC\u00f4ng su\u00e2\u0301t: 28W<br \/>\nLo\u1ea1i b\u01a1m \u00e1p l\u1ef1c<br \/>\nA\u0301p l\u01b0\u0323c: 140 PSI<br \/>\nL\u01b0u l\u01b0\u1ee3ng: 1.9 L\/P<br \/>\nRen trong: 17 mm<br \/>\nB\u00e9c phun s\u1eed d\u1ee5ng t\u1ed1i \u0111a: 30 b\u00e9c<br \/>\nB\u00e9c s\u1eed d\u1ee5ng t\u1ed1i thi\u1ec3u: 10 b\u00e9c<br \/>\nTi\u1ebfng\u00a0\u1ed3n: th\u1ea5p<br \/>\nC\u00f4ng ngh\u00ea\u0323: Japan<br \/>\nD\u00e0i 15 x R\u1ed9ng 10 x Cao 8.5 Cm<br \/>\nTr\u1ecdng l\u01b0\u1ee3ng : 1.5 Kg<br \/>\nB\u1ea3o h\u00e0nh: 6 th\u00e1ng<br \/>\n<strong>K\u00e8m ngu\u1ed3n \u0111i\u1ec7n 220V &#8211; 24V 4A<br \/>\nD\u00e2y ngu\u1ed3n Adapter.<br \/>\nJack ngu\u1ed3n DC c\u00e1i.<\/strong><\/p>\n<p><img decoding=\"async\" class=\"size-full wp-image-255997 aligncenter\" src=\"https:\/\/maybommini.com.vn\/wp-content\/uploads\/2018\/01\/may-phun-suong-24v-10-bec.jpg\" alt=\"May Phun Suong 24v 10 Bec\" width=\"750\" height=\"750\" \/> <img decoding=\"async\" class=\"size-full wp-image-255996 aligncenter\" src=\"https:\/\/maybommini.com.vn\/wp-content\/uploads\/2018\/01\/may-bom-RO-phun-suong-gia-re.jpg\" alt=\"May Bom RO Phun Suong Gia Re\" width=\"750\" height=\"750\" \/> <img decoding=\"async\" class=\"size-full wp-image-255995 aligncenter\" src=\"https:\/\/maybommini.com.vn\/wp-content\/uploads\/2018\/01\/may-bom-RO-24V-SP-75.jpg\" alt=\"May Bom RO 24V SP 75\" width=\"750\" height=\"750\" \/> <img decoding=\"async\" class=\"size-full wp-image-255994 aligncenter\" src=\"https:\/\/maybommini.com.vn\/wp-content\/uploads\/2018\/01\/may-bom-phun-suong-smartpumps-sp-75.jpg\" alt=\"May Bom Phun Suong Smartpumps Sp 75\" width=\"750\" height=\"750\" \/><br \/>\n<strong>\u1ee8NG D\u1ee4NG M\u00c1Y B\u01a0M\u00a0PHUN S\u01af\u01a0NG SP-75<\/strong><br \/>\n1. D\u00f9ng phun s\u01b0\u01a1ng l\u00e0m m\u00e1t kh\u00f4ng kh\u00ed qu\u00e1n cafe<br \/>\n2. D\u00f9ng phun s\u01b0\u01a1ng Nh\u00e0 h\u00e0ng<br \/>\n3. D\u00f9ng phun s\u01b0\u01a1ng Nh\u00e0 \u1edf<br \/>\n4. D\u00f9ng phun s\u01b0\u01a1ng l\u00e0m m\u00e1t chu\u1ed3ng tr\u1ea1i.<br \/>\n5. Phun s\u01b0\u01a1ng l\u00e0m m\u00e1t nh\u00e0 y\u1ebfn.<br \/>\n6. Phun s\u01b0\u01a1ng l\u00e0m m\u00e1t Nh\u00e0 x\u01b0\u1ee1ng.<br \/>\n7. D\u00f9ng t\u01b0\u1edbi v\u01b0\u1eddn Lan.<br \/>\n8. D\u00f9ng t\u01b0\u1edbi nh\u00e0 v\u01b0\u1eddn.<br \/>\n9. D\u00f9ng phun t\u01b0\u1edbi nh\u00e0 N\u1ea5m, rau m\u1ea7m.<br \/>\n10. D\u00f9ng b\u01a1m n\u01b0\u1edbc m\u00e1y RO l\u1ecdc n\u01b0\u1edbc.<\/p>\n<p><img decoding=\"async\" class=\"size-full wp-image-255703 aligncenter\" src=\"https:\/\/maybommini.com.vn\/wp-content\/uploads\/2018\/01\/phun-suong-lam-mat.jpg\" alt=\"Phun Suong Lam Mat\" width=\"800\" height=\"800\" \/><\/p>\n<p><img decoding=\"async\" class=\"size-full wp-image-255992 aligncenter\" src=\"https:\/\/maybommini.com.vn\/wp-content\/uploads\/2018\/01\/bom-nuoc-mini-24v-phun-suong.jpg\" alt=\"Bom Nuoc Mini 24v Phun Suong\" width=\"750\" height=\"750\" \/><br \/>\n<strong>MUA MA\u0301Y PHUN S\u01af\u01a0NG \u01a0\u0309 \u0110\u00c2U ?<br \/>\n<\/strong>MBM &#8211; Ma\u0301y B\u01a1m Mini la\u0300 nha\u0300 cung c\u00e2\u0301p si\u0309 va\u0300 le\u0309 ca\u0301c loa\u0323i b\u01a1m n\u01b0\u01a1\u0301c mini, ma\u0301y b\u01a1m a\u0301p l\u01b0\u0323c, ma\u0301y phun s\u01b0\u01a1ng, be\u0301c phun s\u01b0\u01a1ng, \u00f4\u0301ng phun s\u01b0\u01a1ng, bi\u0300nh lo\u0323c n\u01b0\u01a1\u0301c phun s\u01b0\u01a1ng va\u0300 ca\u0301c loa\u0323i phu\u0323 ki\u00ea\u0323n phun s\u01b0\u01a1ng kha\u0301c.<br \/>\n<strong>Tel:<\/strong> 0907294310<br \/>\n<strong>Website:<\/strong>\u00a0<a href=\"https:\/\/maybommini.com\" target=\"_blank\" rel=\"noopener noreferrer\">https:\/\/maybommini.com<\/a><br \/>\n<strong>Email:<\/strong> maybommini.com@gmail.com<\/p>\n<h3 style=\"text-align: center;\">B\u00e1n M\u00e1y phun s\u01b0\u01a1ng RO Smartpumps SP-75 24V<\/h3>\n","protected":false},"excerpt":{"rendered":"<p>Th\u01b0\u01a1ng hi\u00ea\u0323u: Smartpums<br \/>\nModel: SP-75<br \/>\nNgu\u1ed3n: 24V DC<br \/>\nC\u00f4ng su\u00e2\u0301t: 28W<br \/>\nLo\u1ea1i b\u01a1m:\u00a0\u00c1p l\u1ef1c<br \/>\nA\u0301p l\u01b0\u0323c: 140 PSI<br \/>\nL\u01b0u l\u01b0\u1ee3ng: 1.9 L\/P<br \/>\nRen trong: 17<br \/>\nB\u00e9c phun s\u1eed d\u1ee5ng t\u1ed1i \u0111a: 30 b\u00e9c<br \/>\nB\u00e9c s\u1eed d\u1ee5ng t\u1ed1i thi\u1ec3u: 10 b\u00e9c<br \/>\nTi\u1ebfng\u00a0\u1ed3n: th\u1ea5p<br \/>\nC\u00f4ng ngh\u00ea\u0323: Japan<br \/>\nD\u00e0i 15 x R\u1ed9ng 10 x Cao 8.5 Cm<br \/>\nTr\u1ecdng l\u01b0\u1ee3ng : 1.5 Kg<br \/>\nB\u1ea3o h\u00e0nh: 6 th\u00e1ng<br \/>\n<strong>K\u00e8m ngu\u1ed3n \u0111i\u1ec7n 220V &#8211; 24V 4A<br \/>\nD\u00e2y ngu\u1ed3n Adapter.<br \/>\nJack ngu\u1ed3n DC c\u00e1i.<br \/>\n<\/strong><strong>Ph\u00e2n ph\u1ed1i: Maybommini.com<br \/>\nH\u00f4\u0309 tr\u01a1\u0323 ky\u0303 thu\u00e2\u0323t vi\u0303nh vi\u00ea\u0303n.<br \/>\nT\u01af V\u1ea4N K\u1ef8 THU\u1eacT \u2013 MUA H\u00c0NG<br \/>\n0908997823 \u2013 0908997872<br \/>\n0907294310 \u2013 02873030399<br \/>\n<\/strong><\/p>\n","protected":false},"featured_media":257338,"comment_status":"open","ping_status":"closed","template":"","meta":[],"product_brand":[44],"product_cat":[368,485,1015],"product_tag":[488,580,577,448,578,1333,361,522,277,579,420,1364,469],"class_list":{"0":"post-257179","1":"product","2":"type-product","3":"status-publish","4":"has-post-thumbnail","6":"product_brand-smartpumps","7":"product_cat-may-phun-suong","8":"product_cat-may-bom-ap-luc-24v","9":"product_cat-may-bom-nuoc-ro","10":"product_tag-24v","11":"product_tag-75g","12":"product_tag-bec-phun-suong","13":"product_tag-bec-phun-suong-so-2","14":"product_tag-lam-mat","15":"product_tag-may-bom-phun-suong","16":"product_tag-may-phun-suong","17":"product_tag-phu-kien-phun-suong","18":"product_tag-phun-suong","19":"product_tag-phun-suong-cafe","20":"product_tag-smartpumps","21":"product_tag-sp-75","22":"product_tag-tuoi-lan","24":"first","25":"instock","26":"sale","27":"shipping-taxable","28":"purchasable","29":"product-type-simple"},"_links":{"self":[{"href":"https:\/\/maybommini.vn\/index.php?rest_route=\/wp\/v2\/product\/257179","targetHints":{"allow":["GET"]}}],"collection":[{"href":"https:\/\/maybommini.vn\/index.php?rest_route=\/wp\/v2\/product"}],"about":[{"href":"https:\/\/maybommini.vn\/index.php?rest_route=\/wp\/v2\/types\/product"}],"replies":[{"embeddable":true,"href":"https:\/\/maybommini.vn\/index.php?rest_route=%2Fwp%2Fv2%2Fcomments&post=257179"}],"wp:featuredmedia":[{"embeddable":true,"href":"https:\/\/maybommini.vn\/index.php?rest_route=\/wp\/v2\/media\/257338"}],"wp:attachment":[{"href":"https:\/\/maybommini.vn\/index.php?rest_route=%2Fwp%2Fv2%2Fmedia&parent=257179"}],"wp:term":[{"taxonomy":"product_brand","embeddable":true,"href":"https:\/\/maybommini.vn\/index.php?rest_route=%2Fwp%2Fv2%2Fproduct_brand&post=257179"},{"taxonomy":"product_cat","embeddable":true,"href":"https:\/\/maybommini.vn\/index.php?rest_route=%2Fwp%2Fv2%2Fproduct_cat&post=257179"},{"taxonomy":"product_tag","embeddable":true,"href":"https:\/\/maybommini.vn\/index.php?rest_route=%2Fwp%2Fv2%2Fproduct_tag&post=257179"}],"curies":[{"name":"wp","href":"https:\/\/api.w.org\/{rel}","templated":true}]}}