{"id":257232,"date":"2018-04-12T19:44:04","date_gmt":"2018-04-12T12:44:04","guid":{"rendered":"https:\/\/maybommini.com\/san-pham\/import-placeholder-for-253470"},"modified":"2020-02-23T14:06:26","modified_gmt":"2020-02-23T07:06:26","slug":"nguon-dien-adapter-14v-3a","status":"publish","type":"product","link":"https:\/\/maybommini.vn\/?product=nguon-dien-adapter-14v-3a","title":{"rendered":"Ngu\u1ed3n \u0111i\u1ec7n adapter 14V 3A"},"content":{"rendered":"<h3 style=\"text-align: left;\"><strong>B\u00e1n ngu\u1ed3n \u0111i\u1ec7n adapter 14V 3A chuy\u00ean du\u0323ng cho ca\u0301c loa\u0323i ma\u0300n hi\u0300nh LCD Samsung Dell va\u0300 nhi\u00ea\u0300u loa\u0323i ma\u0300n hi\u0300nh kha\u0301c. Nh\u01b0ng ba\u0323n cu\u0303ng co\u0301 th\u00ea\u0309 du\u0300ng cho ca\u0301c \u01b0\u0301ng du\u0323ng kha\u0301c co\u0301 \u0111i\u00ea\u0323n th\u00ea\u0301 14V.<\/strong><\/h3>\n<h3 style=\"text-align: left;\"><strong><br \/>\n<img decoding=\"async\" class=\"size-full wp-image-249229 aligncenter\" src=\"https:\/\/maybommini.com\/wp-content\/uploads\/2017\/06\/nguon-dien-14v-3a.jpg\" alt=\"Nguon Dien 14v 3a\" width=\"750\" height=\"750\" srcset=\"https:\/\/maybommini.vn\/wp-content\/uploads\/2017\/06\/nguon-dien-14v-3a.jpg 750w, https:\/\/maybommini.vn\/wp-content\/uploads\/2017\/06\/nguon-dien-14v-3a-300x300.jpg 300w, https:\/\/maybommini.vn\/wp-content\/uploads\/2017\/06\/nguon-dien-14v-3a-600x600.jpg 600w, https:\/\/maybommini.vn\/wp-content\/uploads\/2017\/06\/nguon-dien-14v-3a-150x150.jpg 150w\" sizes=\"(max-width: 750px) 100vw, 750px\" \/><\/strong><\/h3>\n<p style=\"text-align: left;\"><strong>TH\u00d4NG S\u00d4\u0301 KY\u0303 THU\u00c2\u0323T<\/strong><br \/>\nModel: AC Adapter 14V 3A<br \/>\n\u0110i\u00ea\u0323n th\u00ea\u0301 va\u0300o: 110V 220V<br \/>\n\u0110i\u00ea\u0323n th\u00ea\u0301 ra: 14V<br \/>\nC\u00f4ng su\u00e2\u0301t: 42W &#8211; 3A<br \/>\nLoa\u0323i phi\u0301ch c\u00e2\u0301m: EU<br \/>\nTro\u0323ng l\u01b0\u01a1\u0323ng: 200g<br \/>\nBa\u0309o ha\u0300nh: 1 tha\u0301ng<\/p>\n<p><img decoding=\"async\" class=\"size-full wp-image-249228 aligncenter\" src=\"https:\/\/maybommini.com\/wp-content\/uploads\/2017\/06\/bien-the-14v-3a.jpg\" alt=\"Bien The 14v 3a\" width=\"750\" height=\"750\" srcset=\"https:\/\/maybommini.vn\/wp-content\/uploads\/2017\/06\/bien-the-14v-3a.jpg 750w, https:\/\/maybommini.vn\/wp-content\/uploads\/2017\/06\/bien-the-14v-3a-300x300.jpg 300w, https:\/\/maybommini.vn\/wp-content\/uploads\/2017\/06\/bien-the-14v-3a-600x600.jpg 600w, https:\/\/maybommini.vn\/wp-content\/uploads\/2017\/06\/bien-the-14v-3a-150x150.jpg 150w\" sizes=\"(max-width: 750px) 100vw, 750px\" \/><\/p>\n<p>Ngu\u00f4\u0300n \u0111i\u00ea\u0323n adpater 14V 3A<\/p>\n<h3 style=\"text-align: center;\"><img decoding=\"async\" class=\"size-full wp-image-249226 aligncenter\" src=\"https:\/\/maybommini.com\/wp-content\/uploads\/2017\/06\/ac-adapter-220v-14v-3a.jpg\" alt=\"Ac Adapter 220v 14v 3a\" width=\"750\" height=\"750\" srcset=\"https:\/\/maybommini.vn\/wp-content\/uploads\/2017\/06\/ac-adapter-220v-14v-3a.jpg 750w, https:\/\/maybommini.vn\/wp-content\/uploads\/2017\/06\/ac-adapter-220v-14v-3a-300x300.jpg 300w, https:\/\/maybommini.vn\/wp-content\/uploads\/2017\/06\/ac-adapter-220v-14v-3a-600x600.jpg 600w, https:\/\/maybommini.vn\/wp-content\/uploads\/2017\/06\/ac-adapter-220v-14v-3a-150x150.jpg 150w\" sizes=\"(max-width: 750px) 100vw, 750px\" \/> <img decoding=\"async\" class=\"size-full wp-image-249230 aligncenter\" src=\"https:\/\/maybommini.com\/wp-content\/uploads\/2017\/06\/nguon-man-hinh-Samsung-dell.jpg\" alt=\"Nguon Man Hinh Samsung Dell\" width=\"750\" height=\"750\" srcset=\"https:\/\/maybommini.vn\/wp-content\/uploads\/2017\/06\/nguon-man-hinh-Samsung-dell.jpg 750w, https:\/\/maybommini.vn\/wp-content\/uploads\/2017\/06\/nguon-man-hinh-Samsung-dell-300x300.jpg 300w, https:\/\/maybommini.vn\/wp-content\/uploads\/2017\/06\/nguon-man-hinh-Samsung-dell-600x600.jpg 600w, https:\/\/maybommini.vn\/wp-content\/uploads\/2017\/06\/nguon-man-hinh-Samsung-dell-150x150.jpg 150w\" sizes=\"(max-width: 750px) 100vw, 750px\" \/>Ngu\u00f4\u0300n \u0111i\u00ea\u0323n adpater 14V 3A<\/h3>\n<p><strong>S\u01af\u0309 DU\u0323NG NGU\u00d4\u0300N \u0110I\u00ca\u0323N ADAPTER 12V 14V 24V<\/strong><br \/>\n&#8211; S\u01b0\u0309 du\u0323ng ngu\u00f4\u0300n \u0111i\u00ea\u0323n ma\u0300n hi\u0300nh LCD Samsung, Dell va\u0300 ca\u0301c loa\u0323i ma\u0300n hi\u0300nh kha\u0301c.<br \/>\n&#8211; La\u0300m ngu\u00f4\u0300n c\u00e2\u0301p thi\u00ea\u0301t bi\u0323 \u0111i\u00ea\u0323n DC.<br \/>\n&#8211; La\u0300m ngu\u00f4\u0300n \u0111i\u00ea\u0323n ma\u0301y b\u01a1m mini.<br \/>\n&#8211; La\u0300m Adapter h\u00ea\u0323 th\u00f4\u0301ng ma\u0301y \u0111i\u00ea\u0323n t\u01b0\u0309.<br \/>\n&#8211; Adapter Samsung LCD, AC Adapter.<br \/>\n<img decoding=\"async\" class=\"size-full wp-image-249230 aligncenter\" src=\"https:\/\/maybommini.com\/wp-content\/uploads\/2017\/06\/nguon-man-hinh-Samsung-dell.jpg\" alt=\"Nguon Man Hinh Samsung Dell\" width=\"750\" height=\"750\" srcset=\"https:\/\/maybommini.vn\/wp-content\/uploads\/2017\/06\/nguon-man-hinh-Samsung-dell.jpg 750w, https:\/\/maybommini.vn\/wp-content\/uploads\/2017\/06\/nguon-man-hinh-Samsung-dell-300x300.jpg 300w, https:\/\/maybommini.vn\/wp-content\/uploads\/2017\/06\/nguon-man-hinh-Samsung-dell-600x600.jpg 600w, https:\/\/maybommini.vn\/wp-content\/uploads\/2017\/06\/nguon-man-hinh-Samsung-dell-150x150.jpg 150w\" sizes=\"(max-width: 750px) 100vw, 750px\" \/><strong>BA\u0301N NGU\u00d4\u0300N \u0110I\u00ca\u0323N ADAPTER 12V 14V 24V<br \/>\n<a href=\"https:\/\/maybommini.com\" target=\"_blank\" rel=\"noopener\"><em>MBM Ma\u0301y B\u01a1m Mini<\/em><\/a><\/strong> chuy\u00ean ba\u0301n ca\u0301c loa\u0323i <a href=\"https:\/\/maybommini.com\/danh-muc\/phu-kien-bom-nuoc-mini\/nguon-dien-adapter-sac-pin-binh\" target=\"_blank\" rel=\"noopener\">Adapter ngu\u00f4\u0300n \u0111i\u00ea\u0323n bi\u00ea\u0301n th\u00ea\u0301<\/a>, ngu\u00f4\u0300n t\u00f4\u0309 \u00f4ng, ngu\u00f4\u0300n \u0111i\u00ea\u0323n ma\u0301y b\u01a1m mini. ngu\u00f4\u0300n \u0111i\u00ea\u0323n b\u01a1m n\u01b0\u01a1\u0301c mini, ngu\u00f4\u0300n ma\u0300n hi\u0300nh LCD, ngu\u00f4\u0300n \u0111i\u00ea\u0323n ma\u0301y phun s\u01b0\u01a1ng va\u0300 ca\u0301c loa\u0323i ngu\u00f4\u0300n \u0111i\u00ea\u0323n kha\u0301c nh\u01b0 36V 48V.<\/p>\n<p><strong>TH\u00d4NG TIN THAM KHA\u0309O TH\u00caM<\/strong><br \/>\n\u0111\u1ea7u v\u00e0o: 100-240 V 50-60 HZ (Tr\u00ean To\u00e0n Th\u1ebf Gi\u1edbi s\u1eed d\u1ee5ng)<br \/>\n\u0111\u1ea7u ra (DC): 14 V 3A(t\u01b0\u01a1ng th\u00edch v\u1edbi 2.14A, 1.79A, 1.43A)<br \/>\nt\u1ed5ng Watt: 42 W\u00e1t<br \/>\n\u0110\u01b0\u1eddng K\u00ednh n\u1ed1i: 6.5*4.4 M\u00c9T<br \/>\nOutlet: 2 prong<br \/>\nAdapter DC C\u00e1p: 1.8 m K\u00edch Th\u01b0\u1edbc<br \/>\n<strong>BA\u0309O V\u00ca\u0323 AN TOA\u0300N<\/strong><br \/>\n1. Short m\u1ea1ch b\u1ea3o v\u1ec7<br \/>\n2. Over-b\u1ea3o v\u1ec7 hi\u1ec7n t\u1ea1i<br \/>\n3. Over-b\u1ea3o v\u1ec7 \u0111i\u1ec7n \u00e1p<br \/>\n4. Over nhi\u1ec7t \u0111\u1ed9 b\u1ea3o v\u1ec7<br \/>\n5. t\u1ef1 \u0111\u1ed9ng ph\u1ee5c h\u1ed3i b\u1ea3o v\u1ec7<br \/>\nAC \u0110\u1ea7u V\u00e0o: Plug-in TypeInsulation S\u1ee9c M\u1ea1nh: Class A Ch\u1ea5t Li\u1ec7u<br \/>\nOperatiing TemperatureL-10 degreeto 4 \u0111\u1ed9 (10-90% R.H)<br \/>\nnhi\u1ec7t \u0111\u1ed9 b\u1ea3o qu\u1ea3n:-40 \u0111\u1ed9 \u0111\u1ebfn 60 \u0111\u1ed9 (10-90% R.H)<br \/>\n\u0110\u1ed9 \u1ea8m ho\u1ea1t \u0111\u1ed9ng: 10%-90% RH Kh\u00f4ng ng\u01b0ng t\u1ee5<br \/>\n\u0110\u1ed9 \u1ea8m l\u01b0u tr\u1eef: 5%-95% RH Kh\u00f4ng ng\u01b0ng t\u1ee5.<br \/>\n<strong>Ngu\u00f4\u0300n \u0111i\u00ea\u0323n adpater 14V 3A<\/strong><\/p>\n","protected":false},"excerpt":{"rendered":"<p>Model: AC Adapter 14V 3A<br \/>\n\u0110i\u00ea\u0323n th\u00ea\u0301 va\u0300o: 110V 220V<br \/>\n\u0110i\u00ea\u0323n th\u00ea\u0301 ra: 14V<br \/>\nC\u00f4ng su\u00e2\u0301t: 42W &#8211; 3A<br \/>\nLoa\u0323i phi\u0301ch c\u00e2\u0301m: EU<br \/>\nTro\u0323ng l\u01b0\u01a1\u0323ng: 200 gam<br \/>\nBa\u0309o ha\u0300nh: 1 tha\u0301ng<br \/>\n<strong>Ph\u00e2n ph\u1ed1i: Maybommini.com<\/strong><br \/>\n<strong>T\u01af V\u1ea4N K\u1ef8 THU\u1eacT \u2013 MUA H\u00c0NG<br \/>\n0908997823 \u2013 0908997872<br \/>\n0907294310 \u2013 02873030399<\/strong><\/p>\n","protected":false},"featured_media":257377,"comment_status":"open","ping_status":"closed","template":"","meta":[],"product_brand":[2227],"product_cat":[3132,214],"product_tag":[415,573,1379,1380,1381,416,576,1382,1383,959],"class_list":{"0":"post-257232","1":"product","2":"type-product","3":"status-publish","4":"has-post-thumbnail","6":"product_brand-mtm","7":"product_cat-nguon-dien-bien-the-adapter","8":"product_cat-phu-kien-bom-nuoc","9":"product_tag-ac-adapter","10":"product_tag-adapter","11":"product_tag-adapter-dc","12":"product_tag-adapter-lcd","13":"product_tag-adapter-samsung","14":"product_tag-bien-the","15":"product_tag-nguon-dien","16":"product_tag-nguon-man-hinh","17":"product_tag-nguon-may-bom-mini","18":"product_tag-nguon-to-ong","20":"first","21":"instock","22":"sale","23":"shipping-taxable","24":"purchasable","25":"product-type-simple"},"_links":{"self":[{"href":"https:\/\/maybommini.vn\/index.php?rest_route=\/wp\/v2\/product\/257232","targetHints":{"allow":["GET"]}}],"collection":[{"href":"https:\/\/maybommini.vn\/index.php?rest_route=\/wp\/v2\/product"}],"about":[{"href":"https:\/\/maybommini.vn\/index.php?rest_route=\/wp\/v2\/types\/product"}],"replies":[{"embeddable":true,"href":"https:\/\/maybommini.vn\/index.php?rest_route=%2Fwp%2Fv2%2Fcomments&post=257232"}],"wp:featuredmedia":[{"embeddable":true,"href":"https:\/\/maybommini.vn\/index.php?rest_route=\/wp\/v2\/media\/257377"}],"wp:attachment":[{"href":"https:\/\/maybommini.vn\/index.php?rest_route=%2Fwp%2Fv2%2Fmedia&parent=257232"}],"wp:term":[{"taxonomy":"product_brand","embeddable":true,"href":"https:\/\/maybommini.vn\/index.php?rest_route=%2Fwp%2Fv2%2Fproduct_brand&post=257232"},{"taxonomy":"product_cat","embeddable":true,"href":"https:\/\/maybommini.vn\/index.php?rest_route=%2Fwp%2Fv2%2Fproduct_cat&post=257232"},{"taxonomy":"product_tag","embeddable":true,"href":"https:\/\/maybommini.vn\/index.php?rest_route=%2Fwp%2Fv2%2Fproduct_tag&post=257232"}],"curies":[{"name":"wp","href":"https:\/\/api.w.org\/{rel}","templated":true}]}}