{"id":257233,"date":"2018-04-12T19:44:04","date_gmt":"2018-04-12T12:44:04","guid":{"rendered":"https:\/\/maybommini.com\/san-pham\/import-placeholder-for-253471"},"modified":"2018-11-14T16:21:16","modified_gmt":"2018-11-14T09:21:16","slug":"may-bom-nuoc-mini-ap-luc-fl-703-12v","status":"publish","type":"product","link":"https:\/\/maybommini.vn\/?product=may-bom-nuoc-mini-ap-luc-fl-703-12v","title":{"rendered":"M\u00e1y b\u01a1m n\u01b0\u1edbc mini \u00e1p l\u1ef1c FL-703 12V"},"content":{"rendered":"<p><strong>M\u00e1y b\u01a1m n\u01b0\u1edbc mini \u00e1p l\u1ef1c FL-703 12V l\u00e0 d\u00f2ng m\u00e1y b\u01a1m\u00a0\u00e1p l\u1ef1c cao c\u1ea5p cu\u0309a ha\u0303ng SURGEFLO USA chuy\u00ean d\u1ee5ng v\u1edbi\u00a0\u00e1p l\u1ef1c cao v\u00e0 l\u01b0u l\u01b0\u1ee3ng l\u1edbn, r\u1ea5t th\u00edch h\u1ee3p s\u1eed d\u1ee5ng trong c\u00e1c h\u1ec7 th\u1ed1ng m\u00e1y c\u00f4ng nhi\u1ec7p, v\u1ec7 sinh xe, v\u1ec7 sinh m\u00e1y l\u1ea1nh, phun thu\u1ed1c, h\u1ec7 th\u1ed1ng t\u01b0\u1edbi thu\u1ef7 canh, phun s\u01b0\u01a1ng&#8230;.\u00a0<\/strong><br \/>\n<img decoding=\"async\" class=\"size-full wp-image-249239 aligncenter\" src=\"https:\/\/maybommini.com\/wp-content\/uploads\/2017\/06\/may-bom-mini-ap-luc-FL-703.jpg\" alt=\"May Bom Mini Ap Luc FL 703\" width=\"750\" height=\"750\" srcset=\"https:\/\/maybommini.vn\/wp-content\/uploads\/2017\/06\/may-bom-mini-ap-luc-FL-703.jpg 750w, https:\/\/maybommini.vn\/wp-content\/uploads\/2017\/06\/may-bom-mini-ap-luc-FL-703-300x300.jpg 300w, https:\/\/maybommini.vn\/wp-content\/uploads\/2017\/06\/may-bom-mini-ap-luc-FL-703-600x600.jpg 600w, https:\/\/maybommini.vn\/wp-content\/uploads\/2017\/06\/may-bom-mini-ap-luc-FL-703-150x150.jpg 150w\" sizes=\"(max-width: 750px) 100vw, 750px\" \/><strong>TH\u00d4NG S\u1ed0 K\u1ef8 THU\u1eacT<br \/>\n<\/strong>Th\u01b0\u01a1ng hi\u1ec7u: SURGEFLO<br \/>\nModel: FL-703<br \/>\n\u0110i\u1ec7n\u00a0\u00e1p: 12V<br \/>\nC\u00f4ng xu\u1ea5t: 108W &#8211; 9A<br \/>\nL\u01b0u l\u01b0\u1ee3ng: 11L\/ph\u00fat &#8211; 2.1 GPM<br \/>\n\u00c1p l\u1ef1c: 3.5 bar &#8211; 50 psi<br \/>\n\u0110\u1ea9y cao: 15 met<br \/>\nT\u1ef1 m\u1ed3i n\u01b0\u1edbc h\u00fat n\u01b0\u1edbc: 1.5 m\u00e9t<br \/>\nC\u00f4ng t\u1eaft\u00a0\u00e1p l\u1ef1c: ng\u1eaft\u00a0\u0111i\u1ec7n khi kho\u00e1 n\u01b0\u1edbc ra<br \/>\nCh\u1ea5t li\u1ec7u: Nh\u1ef1a ABS &#8211;\u00a0\u0110\u1ed3ng &#8211; Gang<br \/>\nPhu\u0323 ki\u00ea\u0323n: N\u00f4\u0301i \u00f4\u0301ng, lo\u0323c n\u01b0\u01a1\u0301c<br \/>\nTr\u1ecdng l\u01b0\u1ee3ng: 1.7 kg<br \/>\nK\u00edch th\u01b0\u1edbc: 355*133*110 mm<br \/>\n<img decoding=\"async\" class=\"size-full wp-image-249240 aligncenter\" src=\"https:\/\/maybommini.com\/wp-content\/uploads\/2017\/06\/may-bom-nuoc-mini.jpg\" alt=\"May Bom Nuoc Mini\" width=\"750\" height=\"750\" srcset=\"https:\/\/maybommini.vn\/wp-content\/uploads\/2017\/06\/may-bom-nuoc-mini.jpg 750w, https:\/\/maybommini.vn\/wp-content\/uploads\/2017\/06\/may-bom-nuoc-mini-300x300.jpg 300w, https:\/\/maybommini.vn\/wp-content\/uploads\/2017\/06\/may-bom-nuoc-mini-600x600.jpg 600w, https:\/\/maybommini.vn\/wp-content\/uploads\/2017\/06\/may-bom-nuoc-mini-150x150.jpg 150w\" sizes=\"(max-width: 750px) 100vw, 750px\" \/> <img decoding=\"async\" class=\"size-full wp-image-249241 aligncenter\" src=\"https:\/\/maybommini.com\/wp-content\/uploads\/2017\/06\/phun-kien-may-bom-ap-luc-mini.jpg\" alt=\"Phun Kien May Bom Ap Luc Mini\" width=\"750\" height=\"750\" srcset=\"https:\/\/maybommini.vn\/wp-content\/uploads\/2017\/06\/phun-kien-may-bom-ap-luc-mini.jpg 750w, https:\/\/maybommini.vn\/wp-content\/uploads\/2017\/06\/phun-kien-may-bom-ap-luc-mini-300x300.jpg 300w, https:\/\/maybommini.vn\/wp-content\/uploads\/2017\/06\/phun-kien-may-bom-ap-luc-mini-600x600.jpg 600w, https:\/\/maybommini.vn\/wp-content\/uploads\/2017\/06\/phun-kien-may-bom-ap-luc-mini-150x150.jpg 150w\" sizes=\"(max-width: 750px) 100vw, 750px\" \/> <img decoding=\"async\" class=\"size-full wp-image-249238 aligncenter\" src=\"https:\/\/maybommini.com\/wp-content\/uploads\/2017\/06\/may-bom-loi-dong.jpg\" alt=\"May Bom Loi Dong\" width=\"750\" height=\"750\" srcset=\"https:\/\/maybommini.vn\/wp-content\/uploads\/2017\/06\/may-bom-loi-dong.jpg 750w, https:\/\/maybommini.vn\/wp-content\/uploads\/2017\/06\/may-bom-loi-dong-300x300.jpg 300w, https:\/\/maybommini.vn\/wp-content\/uploads\/2017\/06\/may-bom-loi-dong-600x600.jpg 600w, https:\/\/maybommini.vn\/wp-content\/uploads\/2017\/06\/may-bom-loi-dong-150x150.jpg 150w\" sizes=\"(max-width: 750px) 100vw, 750px\" \/><\/p>\n<h3><strong><a href=\"https:\/\/maybommini.com\/danh-muc\/may-bom-ap-luc-mini\" target=\"_blank\" rel=\"noopener noreferrer\">B\u01a0M N\u01af\u1edaC MINI<\/a>\u00a012V 24V<\/strong><br \/>\n<strong>\u1ee8NG D\u1ee4NG C\u1ee6A B\u01a0M N\u01af\u1edaC MINI FL-703 12V<br \/>\n<\/strong>B\u1ea1n c\u00f3 th\u1ec3 d\u00f9ng m\u00e1y b\u01a1m n\u00e0y \u0111\u1ec3 r\u1eeda xe, r\u1eeda m\u00e1y l\u1ea1nh, t\u01b0\u1edbi v\u01b0\u1eddn, l\u00e0m h\u1ec7 th\u1ed1ng phun s\u01b0\u01a1ng &#8230;.<br \/>\nM\u00e1y \u0111\u01b0\u1ee3c s\u1eed d\u1ee5ng trong m\u00e1y c\u00f4ng nghi\u1ec7p, n\u00f4ng nghi\u1ec7p, y t\u1ebf, t\u00e0u thu\u1ef7, b\u01a1m ho\u00e1 ch\u1ea5t&#8230;.<br \/>\n\u0110\u1eb7c bi\u1ec7t m\u00e1y c\u00f3 kh\u1ea3 n\u0103ng b\u01a1m c\u00e1c lo\u1ea1i ho\u00e1 ch\u1ea5t.<br \/>\n1) Vi\u1ec7c s\u1ea3n xu\u1ea5t phun \u0111i\u1ec7n s\u1eed d\u1ee5ng n\u00f4ng nghi\u1ec7p, c\u00f3 th\u1ec3 thay b\u1eb1ng c\u1ea7n phun thu\u1ed1c tr\u1ef1c ti\u1ebfp, \u0111\u1ea7u phun s\u01b0\u01a1ng \u0111\u1ec3 phun cho c\u00e2y c\u1ea3nh\u2026<br \/>\n2) \u0110\u1ec3 gi\u1ea3i quy\u1ebft v\u1ea5n \u0111\u1ec1 l\u00e0m v\u1ec7 sinh tr\u00ean xe, t\u00e0u, du thuy\u1ec1n, t\u00e0u thuy\u1ec1n\u2026 s\u1eed d\u1ee5ng r\u1eeda l\u01b0\u1edbi l\u1ecdc, ph\u00f2ng t\u1eafm, nh\u00e0 v\u1ec7 sinh, r\u1eeda m\u00e1y l\u1ea1nh, r\u1eeda xe \u00f4 t\u00f4, r\u1eeda xe m\u00e1y\u2026<br \/>\n3) Th\u1ef1c ph\u1ea9m v\u00e0 \u0111\u1ed3 u\u1ed1ng ch\u1ebf bi\u1ebfn v\u00e0 thi\u1ebft b\u1ecb x\u1eed l\u00fd, di chuy\u1ec3n c\u00e1c s\u1ea3n ph\u1ea9m th\u1ee9c \u0103n l\u1ecfng, ph\u00e2n ph\u1ed1i v\u00e0 \u0111\u00f3ng chai s\u1ea3n ph\u1ea9m\u2026.<br \/>\n4) Thu, c\u1ea5p n\u01b0\u1edbc sinh ho\u1ea1t, h\u1ec7 th\u1ed1ng \u0111i\u1ec1u \u00e1p h\u1ec7 th\u1ed1ng \u1ed1ng n\u01b0\u1edbc v\u00ec \u00e1p l\u1ef1c n\u01b0\u1edbc t\u1ea1i nh\u00e0 qu\u00e1 y\u1ebfu, b\u1ed3n n\u01b0\u1edbc qu\u00e1 th\u1ea5p (hay kh\u00f4ng c\u00f3 b\u1ed3n ch\u1ee9a n\u01b0\u1edbc), s\u1eed d\u1ee5ng t\u1ea1i m\u00e1y gi\u1eb7t, v\u00f2i sen t\u1eafm\u2026<br \/>\n5) C\u00e1c ng\u00e0nh c\u00f4ng nghi\u1ec7p n\u0103ng l\u01b0\u1ee3ng m\u1eb7t tr\u1eddi, \u0111\u00e2y l\u00e0 th\u1ebf m\u1ea1nh kh\u00f4ng c\u00f3 s\u1ea3n ph\u1ea9m thi\u1ebft b\u1ecb n\u00e0o c\u00f3 th\u1ec3 thay th\u1ebf \u0111\u01b0\u1ee3c\u2026 v\u00ec s\u1eed d\u1ee5ng d\u00f2ng \u0111i\u1ec7n DC, \u0111i\u1ec7n 1 chi\u1ec1u.<br \/>\n6) Ng\u00e0nh c\u00f4ng nghi\u1ec7p l\u1ecdc n\u01b0\u1edbc. V\u00ed d\u1ee5: Thi\u1ebft b\u1ecb l\u1ecdc, thi\u1ebft b\u1ecb x\u1eed l\u00fd n\u01b0\u1edbc, m\u00e1y n\u01b0\u1edbc u\u1ed1ng. Chuy\u1ec3n ch\u1ea5t l\u1ecfng c\u1ea7n thi\u1ebft kh\u00e1c, phun.<br \/>\n7) S\u1eed d\u1ee5ng cho c\u00e1c c\u00f4ng vi\u1ec7c th\u01b0\u1eddng ng\u00e0y hay c\u00f4ng vi\u1ec7c quy m\u00f4 l\u1edbn nh\u01b0: V\u1ec7 sinh xe t\u1ea3i ch\u1edf r\u00e1c, xe t\u01b0\u1edbi n\u01b0\u1edbc c\u00e2y, thi\u1ebft b\u1ecb l\u00e0m s\u1ea1ch th\u1ea3m, thi\u1ebft b\u1ecb l\u00e0m s\u1ea1ch s\u00e0n nh\u00e0, thi\u1ebft b\u1ecb r\u1eeda xe, thi\u1ebft b\u1ecb x\u00e2y d\u1ef1ng \u0111\u01b0\u1eddng b\u1ed9, m\u00e1y r\u1eeda b\u00e1t, thi\u1ebft b\u1ecb y t\u1ebf, thi\u1ebft b\u1ecb h\u00f3a ch\u1ea5t, \u1ee9ng d\u1ee5ng phun h\u00f3a ch\u1ea5t t\u1ea1i ph\u00f2ng th\u00ed nghi\u1ec7m, m\u00e1y u\u1ed1ng n\u01b0\u1edbc ng\u1ecdt, m\u00e1y r\u1eeda b\u00e1t, thi\u1ebft b\u1ecb kh\u1eed tr\u00f9ng, t\u01b0\u1edbi c\u00e2y c\u1ea3nh n\u0103ng l\u01b0\u1ee3ng m\u1eb7t tr\u1eddi, t\u01b0\u1edbi c\u00e2y tr\u1ed3ng c\u1ea7n m\u00f4i tr\u01b0\u1eddng c\u00f3 \u0111\u1ed9 \u1ea9m cao, r\u1eeda xe\u2026.<\/h3>\n<p><strong><img decoding=\"async\" class=\"size-full wp-image-249236 aligncenter\" src=\"https:\/\/maybommini.com\/wp-content\/uploads\/2017\/06\/bom-ap-luc-mini.jpg\" alt=\"Bom Ap Luc Mini\" width=\"750\" height=\"750\" srcset=\"https:\/\/maybommini.vn\/wp-content\/uploads\/2017\/06\/bom-ap-luc-mini.jpg 750w, https:\/\/maybommini.vn\/wp-content\/uploads\/2017\/06\/bom-ap-luc-mini-300x300.jpg 300w, https:\/\/maybommini.vn\/wp-content\/uploads\/2017\/06\/bom-ap-luc-mini-600x600.jpg 600w, https:\/\/maybommini.vn\/wp-content\/uploads\/2017\/06\/bom-ap-luc-mini-150x150.jpg 150w\" sizes=\"(max-width: 750px) 100vw, 750px\" \/>BA\u0301N B\u01a0M N\u01af\u01a0C MINI 12V 24V<br \/>\n<em>MBM &#8211; MAYBOMMINI.COM<\/em><\/strong> l\u00e0 nh\u00e0 cung c\u1ea5p c\u00e1c lo\u1ea1i m\u00e1y b\u01a1m \u00e1p l\u1ef1c mini h\u00e0ng \u0111\u1ea7u Vi\u1ec7t Nam ch\u00ednh h\u00e3ng gi\u00e1 t\u1ed1t b\u1ea3o h\u00e0nh l\u00e2u d\u00e0i v\u00e0 kh\u00e1ch h\u00e0ng \u0111\u01b0\u1ee3c h\u1ed5 tr\u1ee3 k\u1ef9 thu\u1eadt tr\u1ecdn \u0111\u1eddi.<strong><br \/>\n<\/strong>M\u1ecdi chi ti\u1ebft vui l\u00f2ng li\u00ean h\u1ec7 tr\u1ef1c ti\u1ebfp cho ch\u00fang t\u00f4i \u0111\u1ec3 \u0111\u01b0\u1ee3c t\u01b0 v\u1ea5n theo nhu c\u1ea7u \u0111\u1ec3 c\u00f3 \u0111\u01b0\u1ee3c b\u1ed9 s\u1ea3n ph\u1ea9m t\u1ed1t nh\u1ea5t v\u00e0 ti\u1ebft ki\u1ec7m.\u00a0B\u1ea1n \u1edf xa v\u1eabn c\u00f3 th\u1ec3 mua h\u00e0ng v\u00e0 giao h\u00e0ng thanh to\u00e1n ti\u1ec1n t\u1ea1i nh\u00e0.<br \/>\nWebsite:\u00a0<a href=\"https:\/\/maybommini.com\" target=\"_blank\" rel=\"noopener noreferrer\">https:\/\/maybommini.com<\/a><br \/>\nEmail: maybommini.com@gmail.com<br \/>\nFacebook:\u00a0<a href=\"https:\/\/www.facebook.com\/maybommini\/\" target=\"_blank\" rel=\"noopener noreferrer\">https:\/\/www.facebook.com\/maybommini\/<\/a><\/p>\n<p><img decoding=\"async\" class=\"size-full wp-image-247463\" src=\"https:\/\/maybommini.com\/wp-content\/uploads\/2016\/12\/nha-cung-cap-may-bom-mini-MBM.jpg\" alt=\"May Bom Mini\" width=\"750\" height=\"875\" \/><\/p>\n","protected":false},"excerpt":{"rendered":"<p>Th\u01b0\u01a1ng hi\u1ec7u: SURGEFLO<br \/>\nModel: FL-703<br \/>\n\u0110i\u1ec7n\u00a0\u00e1p: 12V<br \/>\nC\u00f4ng xu\u1ea5t: 108W &#8211; 9A<br \/>\nL\u01b0u l\u01b0\u1ee3ng: 11L\/ph\u00fat &#8211; 2.1 GPM<br \/>\n\u00c1p l\u1ef1c: 3.5 bar &#8211; 50 psi<br \/>\n\u0110\u1ea9y cao: 15 met<br \/>\nT\u1ef1 m\u1ed3i n\u01b0\u1edbc h\u00fat n\u01b0\u1edbc: 1.5 m\u00e9t<br \/>\nC\u00f4ng t\u1eaft\u00a0\u00e1p l\u1ef1c: ng\u1eaft\u00a0\u0111i\u1ec7n khi kho\u00e1 n\u01b0\u1edbc ra<br \/>\nCh\u1ea5t li\u1ec7u: Nh\u1ef1a ABS &#8211;\u00a0\u0110\u1ed3ng &#8211; Gang<br \/>\nPhu\u0323 ki\u00ea\u0323n: N\u00f4\u0301i \u00f4\u0301ng, lo\u0323c n\u01b0\u01a1\u0301c<br \/>\nTr\u1ecdng l\u01b0\u1ee3ng: 1.7 kg<br \/>\nK\u00edch th\u01b0\u1edbc: 355*133*110 mm<br \/>\nB\u1ea3o h\u00e0nh: 6 th\u00e1ng<br \/>\nS\u1ea3n ph\u1ea9m nh\u1eadp kh\u1ea9u<\/p>\n","protected":false},"featured_media":257382,"comment_status":"open","ping_status":"closed","template":"","meta":[],"product_brand":[],"product_cat":[197,225],"product_tag":[267,371,488,372,311,373,235,374,1132,1281,1384,1385,1386,207,375,376,377,210,378,379,380],"class_list":{"0":"post-257233","1":"product","2":"type-product","3":"status-publish","4":"has-post-thumbnail","6":"product_cat-may-bom-ap-luc-12v","7":"product_cat-may-bom-nuoc-mini-12v","8":"product_tag-12v","9":"product_tag-12v-12l","10":"product_tag-24v","11":"product_tag-ap-luc-cao","12":"product_tag-ap-luc-mini","13":"product_tag-binh-xit","14":"product_tag-bom-nuoc-mini","15":"product_tag-fl-100","16":"product_tag-fl-100-24v","17":"product_tag-fl-200","18":"product_tag-fl-701","19":"product_tag-fl-703","20":"product_tag-fl-704","21":"product_tag-may-bom-ap-luc","22":"product_tag-may-bom-nuoc","23":"product_tag-may-bom-tang-ap","24":"product_tag-mbm","25":"product_tag-rua-xe","26":"product_tag-rv","27":"product_tag-surgeflo","28":"product_tag-surgeflo-fl-100","30":"first","31":"instock","32":"sale","33":"shipping-taxable","34":"purchasable","35":"product-type-simple"},"_links":{"self":[{"href":"https:\/\/maybommini.vn\/index.php?rest_route=\/wp\/v2\/product\/257233","targetHints":{"allow":["GET"]}}],"collection":[{"href":"https:\/\/maybommini.vn\/index.php?rest_route=\/wp\/v2\/product"}],"about":[{"href":"https:\/\/maybommini.vn\/index.php?rest_route=\/wp\/v2\/types\/product"}],"replies":[{"embeddable":true,"href":"https:\/\/maybommini.vn\/index.php?rest_route=%2Fwp%2Fv2%2Fcomments&post=257233"}],"wp:featuredmedia":[{"embeddable":true,"href":"https:\/\/maybommini.vn\/index.php?rest_route=\/wp\/v2\/media\/257382"}],"wp:attachment":[{"href":"https:\/\/maybommini.vn\/index.php?rest_route=%2Fwp%2Fv2%2Fmedia&parent=257233"}],"wp:term":[{"taxonomy":"product_brand","embeddable":true,"href":"https:\/\/maybommini.vn\/index.php?rest_route=%2Fwp%2Fv2%2Fproduct_brand&post=257233"},{"taxonomy":"product_cat","embeddable":true,"href":"https:\/\/maybommini.vn\/index.php?rest_route=%2Fwp%2Fv2%2Fproduct_cat&post=257233"},{"taxonomy":"product_tag","embeddable":true,"href":"https:\/\/maybommini.vn\/index.php?rest_route=%2Fwp%2Fv2%2Fproduct_tag&post=257233"}],"curies":[{"name":"wp","href":"https:\/\/api.w.org\/{rel}","templated":true}]}}