{"id":257247,"date":"2018-04-12T19:44:29","date_gmt":"2018-04-12T12:44:29","guid":{"rendered":"https:\/\/maybommini.com\/san-pham\/import-placeholder-for-253472"},"modified":"2020-04-11T10:09:25","modified_gmt":"2020-04-11T03:09:25","slug":"phao-vi-tao-am-phun-suong-khoi","status":"publish","type":"product","link":"https:\/\/maybommini.vn\/?product=phao-vi-tao-am-phun-suong-khoi","title":{"rendered":"Phao v\u1ec9 t\u1ea1o \u1ea9m phun s\u01b0\u01a1ng kh\u00f3i"},"content":{"rendered":"<h3>B\u00e1n phao v\u1ec9 t\u1ea1o \u1ea9m phun s\u01b0\u01a1ng kh\u00f3i d\u00f9ng cho v\u1ec9 t\u1ea1o\u00a0\u1ea9m si\u00eau\u00a0\u00e2m 6 m\u1eaft v\u00e0 10 m\u1eaft khi b\u1ecf v\u00e0o trong n\u01b0\u1edbc gi\u00fap c\u00e1c v\u1ec9 t\u1ea1o\u00a0\u1ea9m n\u1ed5i tr\u00ean m\u1eb7t n\u01b0\u1edbc\u00a0\u0111\u1ec3 t\u1ea1o ra kh\u00f3i\u00a0\u1ea9m h\u01a1i n\u01b0\u1edbc.<\/h3>\n<p><img decoding=\"async\" class=\"size-full wp-image-249256 aligncenter\" src=\"https:\/\/maybommini.com\/wp-content\/uploads\/2017\/06\/phao-vi-tao-am.jpg\" alt=\"Phao Vi Tao Am\" width=\"750\" height=\"750\" srcset=\"https:\/\/maybommini.vn\/wp-content\/uploads\/2017\/06\/phao-vi-tao-am.jpg 750w, https:\/\/maybommini.vn\/wp-content\/uploads\/2017\/06\/phao-vi-tao-am-300x300.jpg 300w, https:\/\/maybommini.vn\/wp-content\/uploads\/2017\/06\/phao-vi-tao-am-600x600.jpg 600w, https:\/\/maybommini.vn\/wp-content\/uploads\/2017\/06\/phao-vi-tao-am-150x150.jpg 150w\" sizes=\"(max-width: 750px) 100vw, 750px\" \/><strong>TH\u00d4NG S\u1ed0 K\u1ef8 THU\u1eacT<\/strong><br \/>\nModel: Phao- 6-10<br \/>\nCh\u1ea5t li\u1ec7u: Nh\u01b0a<br \/>\nK\u00edch th\u01b0\u1edbc: 19 x 26 x 7 cm<br \/>\nTr\u1ecdng l\u01b0\u1ee3ng: 1500 g<br \/>\nPhao n\u1ed5i v\u1ec9 t\u1ea1o\u00a0\u1ea9m<br \/>\nB\u1ed9 2 phao<br \/>\n<img decoding=\"async\" class=\"size-full wp-image-249255 aligncenter\" src=\"https:\/\/maybommini.com\/wp-content\/uploads\/2017\/06\/phao-de-vi-tao-am-10-mat-6-mat.jpg\" alt=\"Phao De Vi Tao Am 10 Mat 6 Mat\" width=\"750\" height=\"750\" srcset=\"https:\/\/maybommini.vn\/wp-content\/uploads\/2017\/06\/phao-de-vi-tao-am-10-mat-6-mat.jpg 750w, https:\/\/maybommini.vn\/wp-content\/uploads\/2017\/06\/phao-de-vi-tao-am-10-mat-6-mat-300x300.jpg 300w, https:\/\/maybommini.vn\/wp-content\/uploads\/2017\/06\/phao-de-vi-tao-am-10-mat-6-mat-600x600.jpg 600w, https:\/\/maybommini.vn\/wp-content\/uploads\/2017\/06\/phao-de-vi-tao-am-10-mat-6-mat-150x150.jpg 150w\" sizes=\"(max-width: 750px) 100vw, 750px\" \/> <img decoding=\"async\" class=\"size-full wp-image-249254 aligncenter\" src=\"https:\/\/maybommini.com\/wp-content\/uploads\/2017\/06\/phai-vi-tam-am-sieu-am.jpg\" alt=\"Phai Vi Tam Am Sieu Am\" width=\"750\" height=\"750\" srcset=\"https:\/\/maybommini.vn\/wp-content\/uploads\/2017\/06\/phai-vi-tam-am-sieu-am.jpg 750w, https:\/\/maybommini.vn\/wp-content\/uploads\/2017\/06\/phai-vi-tam-am-sieu-am-300x300.jpg 300w, https:\/\/maybommini.vn\/wp-content\/uploads\/2017\/06\/phai-vi-tam-am-sieu-am-600x600.jpg 600w, https:\/\/maybommini.vn\/wp-content\/uploads\/2017\/06\/phai-vi-tam-am-sieu-am-150x150.jpg 150w\" sizes=\"(max-width: 750px) 100vw, 750px\" \/><strong>S\u1eea D\u1ee4NG PHAO V\u1ec8 T\u1ea0O\u00a0\u1ea8M<\/strong><br \/>\nD\u00f9ng cho v\u1ec9 t\u1ea1o\u00a0\u1ea9m 10 m\u1eaft.<br \/>\nD\u00f9ng cho v\u1ec9 t\u1ea1o\u00a0\u1ea9m 6 m\u1eaft.<br \/>\nD\u00f9ng l\u00e0m phao n\u1ed5i trong n\u01b0\u1edbc.<\/p>\n<p><img decoding=\"async\" class=\"size-full wp-image-245504 aligncenter\" src=\"https:\/\/maybommini.com\/wp-content\/uploads\/2016\/07\/vi-tao-khoi-suong-am-hon-non-bo.jpg\" alt=\"\" width=\"650\" height=\"450\" srcset=\"https:\/\/maybommini.vn\/wp-content\/uploads\/2016\/07\/vi-tao-khoi-suong-am-hon-non-bo.jpg 650w, https:\/\/maybommini.vn\/wp-content\/uploads\/2016\/07\/vi-tao-khoi-suong-am-hon-non-bo-600x415.jpg 600w, https:\/\/maybommini.vn\/wp-content\/uploads\/2016\/07\/vi-tao-khoi-suong-am-hon-non-bo-300x208.jpg 300w\" sizes=\"(max-width: 650px) 100vw, 650px\" \/><strong>MUA PHAO V\u1ec8 T\u1ea0O\u00a0\u1ea8M<\/strong><br \/>\nMBM &#8211; <a href=\"https:\/\/maybommini.com\" target=\"_blank\" rel=\"noopener\">M\u00e1y B\u01a1m Mini<\/a> l\u00e0 nha cung c\u1ea5p c\u00e1c lo\u1ea1i <a href=\"https:\/\/maybommini.com\/danh-muc\/he-thong-phun-suong\/vi-tao-am\" target=\"_blank\" rel=\"noopener noreferrer\">v\u1ec9 t\u1ea1o\u00a0\u1ea9m<\/a>, v\u1ec9 phun s\u01b0\u01a1ng, v\u1ec9 t\u1ea1o kh\u00f3i, l\u00e0m m\u00e1t phun s\u01b0\u01a1ng, t\u1ea1o kh\u00f3i h\u00f2n non b\u1ed9, t\u1ea1o kh\u00ed h\u1ed3 c\u00e1, t\u1ea1o\u00a0\u1ea9m nh\u00e0 v\u01b0\u1eddn.<br \/>\nCh\u00fang t\u00f4i c\u00f2n cung c\u1ea5p c\u00e1c lo\u1ea1i b\u01a1m n\u01b0\u1edbc mini, m\u00e1y b\u01a1m mini, b\u01a1m\u00a0\u00e1p l\u1ef1c, m\u00e1y b\u01a1m ch\u00ecm, m\u00e1y phun s\u01b0\u01a1ng, m\u00e1y b\u01a1m h\u00f2n non b\u1ed9, thi\u1ebft b\u1ecb d\u1ee5ng c\u1ee5, m\u00e1y b\u01a1m ch\u00ecm, m\u00e1y b\u01a1m ho\u00e1 ch\u1ea5t, m\u00e1y b\u01a1m n\u01b0\u1edbc n\u00f3ng, m\u00e1y b\u01a1m tr\u1ee3 l\u1ef1c v\u00e0 nhi\u1ec1u s\u1ea3 ph\u1ea9m kh\u00e1c.<\/p>\n<p><img decoding=\"async\" class=\"size-full wp-image-249266 aligncenter\" src=\"https:\/\/maybommini.com\/wp-content\/uploads\/2017\/06\/phao-vi-tao-am-1.jpg\" alt=\"Phao Vi Tao Am\" width=\"800\" height=\"472\" srcset=\"https:\/\/maybommini.vn\/wp-content\/uploads\/2017\/06\/phao-vi-tao-am-1.jpg 800w, https:\/\/maybommini.vn\/wp-content\/uploads\/2017\/06\/phao-vi-tao-am-1-600x354.jpg 600w, https:\/\/maybommini.vn\/wp-content\/uploads\/2017\/06\/phao-vi-tao-am-1-300x177.jpg 300w, https:\/\/maybommini.vn\/wp-content\/uploads\/2017\/06\/phao-vi-tao-am-1-768x453.jpg 768w\" sizes=\"(max-width: 800px) 100vw, 800px\" \/><\/p>\n<p><img decoding=\"async\" class=\"size-full wp-image-249202 aligncenter\" src=\"https:\/\/maybommini.com\/wp-content\/uploads\/2016\/07\/tao-khoi-phun-suong-san-vuon.jpg\" alt=\"Tao Khoi Phun Suong San Vuon\" width=\"750\" height=\"750\" srcset=\"https:\/\/maybommini.vn\/wp-content\/uploads\/2016\/07\/tao-khoi-phun-suong-san-vuon.jpg 750w, https:\/\/maybommini.vn\/wp-content\/uploads\/2016\/07\/tao-khoi-phun-suong-san-vuon-300x300.jpg 300w, https:\/\/maybommini.vn\/wp-content\/uploads\/2016\/07\/tao-khoi-phun-suong-san-vuon-600x600.jpg 600w, https:\/\/maybommini.vn\/wp-content\/uploads\/2016\/07\/tao-khoi-phun-suong-san-vuon-150x150.jpg 150w\" sizes=\"(max-width: 750px) 100vw, 750px\" \/><\/p>\n<h3 style=\"text-align: center;\">V\u1ec8 T\u1ea0O\u00a0\u1ea8M L\u00c0M M\u00c1T PHUN S\u01af\u01a0NG T\u1ea0O KH\u00d3I<\/h3>\n<h3 style=\"text-align: center;\"><img decoding=\"async\" class=\"alignnone size-full wp-image-249207\" src=\"https:\/\/maybommini.com\/wp-content\/uploads\/2016\/07\/may-tao-am-sieu-am-phun-suong.jpg\" alt=\"May Tao Am Sieu Am Phun Suong\" width=\"1200\" height=\"1209\" srcset=\"https:\/\/maybommini.vn\/wp-content\/uploads\/2016\/07\/may-tao-am-sieu-am-phun-suong.jpg 1200w, https:\/\/maybommini.vn\/wp-content\/uploads\/2016\/07\/may-tao-am-sieu-am-phun-suong-600x605.jpg 600w, https:\/\/maybommini.vn\/wp-content\/uploads\/2016\/07\/may-tao-am-sieu-am-phun-suong-150x150.jpg 150w, https:\/\/maybommini.vn\/wp-content\/uploads\/2016\/07\/may-tao-am-sieu-am-phun-suong-298x300.jpg 298w, https:\/\/maybommini.vn\/wp-content\/uploads\/2016\/07\/may-tao-am-sieu-am-phun-suong-768x774.jpg 768w, https:\/\/maybommini.vn\/wp-content\/uploads\/2016\/07\/may-tao-am-sieu-am-phun-suong-1016x1024.jpg 1016w\" sizes=\"(max-width: 1200px) 100vw, 1200px\" \/><strong>B\u00e1n v\u1ec9 t\u1ea1o\u00a0\u1ea9m phun s\u01b0\u01a1ng t\u1ea1o kh\u00f3i c\u00f4ng ngh\u1ec7 si\u00eau\u00a0\u00e2m gi\u00e1 r\u1ebb.<\/strong><\/h3>\n","protected":false},"excerpt":{"rendered":"<p>Model: PHAO- 6-10<br \/>\nCh\u1ea5t li\u1ec7u: Nh\u01b0a<br \/>\nPhao n\u1ed5i v\u1ec9 t\u1ea1o\u00a0\u1ea9m<br \/>\nB\u1ed9 2 phao<br \/>\nK\u00edch th\u01b0\u1edbc: 19 x 26 x 7 cm<br \/>\nTr\u1ecdng l\u01b0\u1ee3ng: 1500 gam<br \/>\n<strong>Ph\u00e2n ph\u1ed1i: Maybommini.com<\/strong><br \/>\n<strong>T\u01af V\u1ea4N K\u1ef8 THU\u1eacT \u2013 MUA H\u00c0NG<br \/>\n0908997823 \u2013 0908997872<br \/>\n0907294310 \u2013 02873030399<\/strong><\/p>\n","protected":false},"featured_media":257388,"comment_status":"open","ping_status":"closed","template":"","meta":[],"product_brand":[2227],"product_cat":[815,367,444],"product_tag":[1387,1388,1389,1390,821],"class_list":{"0":"post-257247","1":"product","2":"type-product","3":"status-publish","4":"has-post-thumbnail","6":"product_brand-mtm","7":"product_cat-vi-tao-am","8":"product_cat-he-thong-phun-suong","9":"product_cat-phu-kien-phun-suong","10":"product_tag-phao","11":"product_tag-phao-de-vi-tao-khoi","12":"product_tag-phao-noi","13":"product_tag-phao-vi-tao-am","14":"product_tag-vi-tao-am","16":"first","17":"instock","18":"sale","19":"shipping-taxable","20":"purchasable","21":"product-type-simple"},"_links":{"self":[{"href":"https:\/\/maybommini.vn\/index.php?rest_route=\/wp\/v2\/product\/257247","targetHints":{"allow":["GET"]}}],"collection":[{"href":"https:\/\/maybommini.vn\/index.php?rest_route=\/wp\/v2\/product"}],"about":[{"href":"https:\/\/maybommini.vn\/index.php?rest_route=\/wp\/v2\/types\/product"}],"replies":[{"embeddable":true,"href":"https:\/\/maybommini.vn\/index.php?rest_route=%2Fwp%2Fv2%2Fcomments&post=257247"}],"wp:featuredmedia":[{"embeddable":true,"href":"https:\/\/maybommini.vn\/index.php?rest_route=\/wp\/v2\/media\/257388"}],"wp:attachment":[{"href":"https:\/\/maybommini.vn\/index.php?rest_route=%2Fwp%2Fv2%2Fmedia&parent=257247"}],"wp:term":[{"taxonomy":"product_brand","embeddable":true,"href":"https:\/\/maybommini.vn\/index.php?rest_route=%2Fwp%2Fv2%2Fproduct_brand&post=257247"},{"taxonomy":"product_cat","embeddable":true,"href":"https:\/\/maybommini.vn\/index.php?rest_route=%2Fwp%2Fv2%2Fproduct_cat&post=257247"},{"taxonomy":"product_tag","embeddable":true,"href":"https:\/\/maybommini.vn\/index.php?rest_route=%2Fwp%2Fv2%2Fproduct_tag&post=257247"}],"curies":[{"name":"wp","href":"https:\/\/api.w.org\/{rel}","templated":true}]}}