{"id":257248,"date":"2018-04-12T19:44:29","date_gmt":"2018-04-12T12:44:29","guid":{"rendered":"https:\/\/maybommini.com\/san-pham\/import-placeholder-for-253493"},"modified":"2020-03-13T14:06:43","modified_gmt":"2020-03-13T07:06:43","slug":"may-bom-ap-luc-220v-170m-smartpumps","status":"publish","type":"product","link":"https:\/\/maybommini.vn\/?product=may-bom-ap-luc-220v-170m-smartpumps","title":{"rendered":"M\u00e1y b\u01a1m \u00e1p l\u1ef1c 220V 136W 5.5L 170M SMARTPUMPS"},"content":{"rendered":"<p><strong>Chuy\u00ean cung c\u1ea5p ph\u00e2n ph\u1ed1i <a href=\"https:\/\/maybommini.com\/danh-muc\/may-bom-ap-luc-mini\/may-bom-ap-luc-220v\" target=\"_blank\" rel=\"noopener noreferrer\">m\u00e1y b\u01a1m \u00e1p l\u1ef1c 220V<\/a> 136W 5.5L 170M SMARTPUMPS \u0111\u00e2y l\u00e0 lo\u1ea1i m\u00e1y b\u01a1m c\u00f3 \u00e1p l\u1ef1c cao mini chuy\u00ean d\u1ee5ng x\u1ecbt r\u1eeda v\u1ec7 sinh xe, nh\u00e0 c\u1eeda, phun thu\u1ed1c s\u00e2u, b\u01a1m ho\u00e1 ch\u1ea5t th\u1ef1c ph\u1ea9m, b\u01a1m tr\u1ee3 l\u1ef1c t\u0103ng \u00e1p t\u1ef1 \u0111\u1ed9ng b\u01a1m t\u01b0\u1edbi t\u1ef1 \u0111\u1ed9ng v\u00e0 d\u00f9ng cho v\u1ec7 sinh m\u00e1y l\u1ea1nh \u0111i\u1ec1u h\u00f2a.<\/strong><\/p>\n<p><strong><a href=\"https:\/\/maybommini.com\/wp-content\/uploads\/2018\/04\/May-bom-ap-luc-mini-Smartpumps-220V-135W-170M.jpg\" target=\"_blank\" rel=\"noopener\"><img decoding=\"async\" class=\"size-full wp-image-265541 aligncenter\" src=\"https:\/\/maybommini.com\/wp-content\/uploads\/2018\/04\/May-bom-ap-luc-mini-Smartpumps-220V-135W-170M.jpg\" alt=\"May Bom Ap Luc Mini Smartpumps 220V 135W 170M\" width=\"750\" height=\"750\" srcset=\"https:\/\/maybommini.vn\/wp-content\/uploads\/2018\/04\/May-bom-ap-luc-mini-Smartpumps-220V-135W-170M.jpg 750w, https:\/\/maybommini.vn\/wp-content\/uploads\/2018\/04\/May-bom-ap-luc-mini-Smartpumps-220V-135W-170M-300x300.jpg 300w, https:\/\/maybommini.vn\/wp-content\/uploads\/2018\/04\/May-bom-ap-luc-mini-Smartpumps-220V-135W-170M-150x150.jpg 150w, https:\/\/maybommini.vn\/wp-content\/uploads\/2018\/04\/May-bom-ap-luc-mini-Smartpumps-220V-135W-170M-600x600.jpg 600w\" sizes=\"(max-width: 750px) 100vw, 750px\" \/><\/a>TH\u00d4NG S\u1ed0 K\u1ef8 THU\u1eacT<\/strong><br \/>\nTh\u01b0\u01a1ng hi\u1ec7u: SMARTPUMPS<br \/>\nModel: DP-170M<br \/>\n\u0110i\u1ec7n th\u1ebf: 220V AC<br \/>\nC\u00f4ng su\u1ea5t: 136 W.<br \/>\n\u00c1p l\u1ef1c: 170 PSI.<br \/>\nL\u01b0u l\u01b0\u1ee3ng: 5.5 L\/P.<br \/>\nT\u1ef1 h\u00fat : cao 1 \u0111\u1ebfn 3 m\u00e9t.<br \/>\n\u0110\u1ea9y xa: 110 m\u00e9t<br \/>\nTi\u1ebfng\u00a0\u1ed3n:\u00a0\u226438db.<br \/>\nLo\u1ea1i b\u01a1m m\u00e0ng cao c\u1ea5p.<br \/>\nT\u1ef1\u00a0\u0111\u1ed9ng t\u1eaft khi kho\u00e1 n\u01b0\u1edbc ra.<br \/>\nMotor l\u1ecfi \u0111\u1ed3ng 100%.<br \/>\nCh\u1ea5t li\u1ec7u: Nh\u1ef1a ABS \u2013 \u0110\u1ed3ng \u2013 Gang.<br \/>\nRen n\u1ed1i \u1ed1ng : 13 mm.<br \/>\nK\u00edch th\u01b0\u1edbc: 26 x 10 x 10 Cm.<br \/>\nTr\u1ecdng l\u01b0\u1ee3ng: 2.69 Kg.<\/p>\n<p><strong><a href=\"https:\/\/maybommini.com\/wp-content\/uploads\/2018\/04\/Bom-ap-luc-mini-220v-DP-170M.jpg\" target=\"_blank\" rel=\"noopener\"><img decoding=\"async\" class=\"size-full wp-image-265538 aligncenter\" src=\"https:\/\/maybommini.com\/wp-content\/uploads\/2018\/04\/Bom-ap-luc-mini-220v-DP-170M.jpg\" alt=\"Bom Ap Luc Mini 220v DP 170M\" width=\"750\" height=\"750\" srcset=\"https:\/\/maybommini.vn\/wp-content\/uploads\/2018\/04\/Bom-ap-luc-mini-220v-DP-170M.jpg 750w, https:\/\/maybommini.vn\/wp-content\/uploads\/2018\/04\/Bom-ap-luc-mini-220v-DP-170M-300x300.jpg 300w, https:\/\/maybommini.vn\/wp-content\/uploads\/2018\/04\/Bom-ap-luc-mini-220v-DP-170M-150x150.jpg 150w, https:\/\/maybommini.vn\/wp-content\/uploads\/2018\/04\/Bom-ap-luc-mini-220v-DP-170M-600x600.jpg 600w\" sizes=\"(max-width: 750px) 100vw, 750px\" \/><\/a><a href=\"https:\/\/maybommini.com\/wp-content\/uploads\/2018\/04\/Bom-nuoc-mini-220V-gia-re-ap-luc-manh.jpg\" target=\"_blank\" rel=\"noopener\"><img decoding=\"async\" class=\"size-full wp-image-265539 aligncenter\" src=\"https:\/\/maybommini.com\/wp-content\/uploads\/2018\/04\/Bom-nuoc-mini-220V-gia-re-ap-luc-manh.jpg\" alt=\"Bom Nuoc Mini 220V Gia Re Ap Luc Manh\" width=\"750\" height=\"750\" srcset=\"https:\/\/maybommini.vn\/wp-content\/uploads\/2018\/04\/Bom-nuoc-mini-220V-gia-re-ap-luc-manh.jpg 750w, https:\/\/maybommini.vn\/wp-content\/uploads\/2018\/04\/Bom-nuoc-mini-220V-gia-re-ap-luc-manh-300x300.jpg 300w, https:\/\/maybommini.vn\/wp-content\/uploads\/2018\/04\/Bom-nuoc-mini-220V-gia-re-ap-luc-manh-150x150.jpg 150w, https:\/\/maybommini.vn\/wp-content\/uploads\/2018\/04\/Bom-nuoc-mini-220V-gia-re-ap-luc-manh-600x600.jpg 600w\" sizes=\"(max-width: 750px) 100vw, 750px\" \/><\/a><a href=\"https:\/\/maybommini.com\/wp-content\/uploads\/2018\/04\/May-bom-ap-luc-dong-220v-gia-re-chat-luong-170M-Smartpumps.jpg\" target=\"_blank\" rel=\"noopener\"><img decoding=\"async\" class=\"size-full wp-image-265540 aligncenter\" src=\"https:\/\/maybommini.com\/wp-content\/uploads\/2018\/04\/May-bom-ap-luc-dong-220v-gia-re-chat-luong-170M-Smartpumps.jpg\" alt=\"May Bom Ap Luc Dong 220v Gia Re Chat Luong 170M Smartpumps\" width=\"750\" height=\"750\" srcset=\"https:\/\/maybommini.vn\/wp-content\/uploads\/2018\/04\/May-bom-ap-luc-dong-220v-gia-re-chat-luong-170M-Smartpumps.jpg 750w, https:\/\/maybommini.vn\/wp-content\/uploads\/2018\/04\/May-bom-ap-luc-dong-220v-gia-re-chat-luong-170M-Smartpumps-300x300.jpg 300w, https:\/\/maybommini.vn\/wp-content\/uploads\/2018\/04\/May-bom-ap-luc-dong-220v-gia-re-chat-luong-170M-Smartpumps-150x150.jpg 150w, https:\/\/maybommini.vn\/wp-content\/uploads\/2018\/04\/May-bom-ap-luc-dong-220v-gia-re-chat-luong-170M-Smartpumps-600x600.jpg 600w\" sizes=\"(max-width: 750px) 100vw, 750px\" \/><\/a><a href=\"https:\/\/maybommini.com\/wp-content\/uploads\/2018\/04\/Micro-Diaphragm-pump-DP-170M-220V.jpg\" target=\"_blank\" rel=\"noopener\"><img decoding=\"async\" class=\"size-full wp-image-265543 aligncenter\" src=\"https:\/\/maybommini.com\/wp-content\/uploads\/2018\/04\/Micro-Diaphragm-pump-DP-170M-220V.jpg\" alt=\"Micro Diaphragm Pump DP 170M 220V\" width=\"750\" height=\"750\" srcset=\"https:\/\/maybommini.vn\/wp-content\/uploads\/2018\/04\/Micro-Diaphragm-pump-DP-170M-220V.jpg 750w, https:\/\/maybommini.vn\/wp-content\/uploads\/2018\/04\/Micro-Diaphragm-pump-DP-170M-220V-300x300.jpg 300w, https:\/\/maybommini.vn\/wp-content\/uploads\/2018\/04\/Micro-Diaphragm-pump-DP-170M-220V-150x150.jpg 150w, https:\/\/maybommini.vn\/wp-content\/uploads\/2018\/04\/Micro-Diaphragm-pump-DP-170M-220V-600x600.jpg 600w\" sizes=\"(max-width: 750px) 100vw, 750px\" \/><\/a><\/strong><\/p>\n<p><strong>\u1ee8NG D\u1ee4NG M\u00c1Y B\u01a0M A\u0301P L\u01af\u0323C MINI<\/strong><br \/>\n&#8211; D\u00f9ng x\u1ecbt r\u1eeda xe m\u00e1y, xe oto.<br \/>\n&#8211; D\u00f9ng v\u1ec7 sinh m\u00e1y l\u1ea1nh \u0111i\u1ec1u h\u00f2a.<br \/>\n&#8211; D\u00f9ng phun x\u1ecbt thu\u1ed1c tr\u1eeb s\u00e2u.<br \/>\n&#8211; D\u00f9ng b\u01a1m ho\u00e1 ch\u1ea5t c\u00e1c lo\u1ea1i v\u00e0 th\u1ef1c ph\u1ea9m kh\u00f4ng \u0103n m\u00f2n.<br \/>\n&#8211; Phun s\u01b0\u01a1ng t\u01b0\u1edbi Hoa Lan.<br \/>\n&#8211; B\u01a1m t\u01b0\u1edbi h\u1ec7 th\u1ed1ng thu\u1ef7 canh t\u1ef1 \u0111\u1ed9ng.<br \/>\n&#8211; H\u1ec7 th\u1ed1ng b\u01a1m t\u1ef1 \u0111\u1ed9ng c\u1ea5p n\u01b0\u1edbc t\u0103ng \u00e1p.<br \/>\n&#8211; B\u01a1m tr\u1ee3 l\u1ef1c n\u01b0\u1edbc trong nh\u00e0.<br \/>\n&#8211; X\u1ecbt r\u1eeda v\u1ec7 sinh nh\u00e0 c\u1eeda, nh\u00e0 h\u00e0ng, b\u1ebfp &#8230;.<br \/>\n&#8211; B\u01a1m th\u1ef1c ph\u1ea9m, r\u01b0\u1ee3u, n\u01b0\u1edbc s\u1ea1ch.<\/p>\n<p><strong><a href=\"https:\/\/maybommini.com\/wp-content\/uploads\/2018\/04\/May-bom-ap-luc-mini-Smartpumps-220V-135W-170M-cao-cap.jpg\" target=\"_blank\" rel=\"noopener\"><img decoding=\"async\" class=\"size-full wp-image-265542 aligncenter\" src=\"https:\/\/maybommini.com\/wp-content\/uploads\/2018\/04\/May-bom-ap-luc-mini-Smartpumps-220V-135W-170M-cao-cap.jpg\" alt=\"May Bom Ap Luc Mini Smartpumps 220V 135W 170M Cao Cap\" width=\"750\" height=\"750\" srcset=\"https:\/\/maybommini.vn\/wp-content\/uploads\/2018\/04\/May-bom-ap-luc-mini-Smartpumps-220V-135W-170M-cao-cap.jpg 750w, https:\/\/maybommini.vn\/wp-content\/uploads\/2018\/04\/May-bom-ap-luc-mini-Smartpumps-220V-135W-170M-cao-cap-300x300.jpg 300w, https:\/\/maybommini.vn\/wp-content\/uploads\/2018\/04\/May-bom-ap-luc-mini-Smartpumps-220V-135W-170M-cao-cap-150x150.jpg 150w, https:\/\/maybommini.vn\/wp-content\/uploads\/2018\/04\/May-bom-ap-luc-mini-Smartpumps-220V-135W-170M-cao-cap-600x600.jpg 600w\" sizes=\"(max-width: 750px) 100vw, 750px\" \/><\/a><a href=\"https:\/\/maybommini.com\/wp-content\/uploads\/2018\/04\/Ban-may-bom-nuoc-mini-tu-dong-220V-170M.jpg\" target=\"_blank\" rel=\"noopener\"><img decoding=\"async\" class=\"size-full wp-image-265537 aligncenter\" src=\"https:\/\/maybommini.com\/wp-content\/uploads\/2018\/04\/Ban-may-bom-nuoc-mini-tu-dong-220V-170M.jpg\" alt=\"Ban May Bom Nuoc Mini Tu Dong 220V 170M\" width=\"750\" height=\"750\" srcset=\"https:\/\/maybommini.vn\/wp-content\/uploads\/2018\/04\/Ban-may-bom-nuoc-mini-tu-dong-220V-170M.jpg 750w, https:\/\/maybommini.vn\/wp-content\/uploads\/2018\/04\/Ban-may-bom-nuoc-mini-tu-dong-220V-170M-300x300.jpg 300w, https:\/\/maybommini.vn\/wp-content\/uploads\/2018\/04\/Ban-may-bom-nuoc-mini-tu-dong-220V-170M-150x150.jpg 150w, https:\/\/maybommini.vn\/wp-content\/uploads\/2018\/04\/Ban-may-bom-nuoc-mini-tu-dong-220V-170M-600x600.jpg 600w\" sizes=\"(max-width: 750px) 100vw, 750px\" \/><\/a><a href=\"https:\/\/maybommini.com\/wp-content\/uploads\/2020\/01\/May-bom-ve-sinh-may-lanh-may-dieu-hoa-chuyen-nghiep-chinh-hang.jpg\" target=\"_blank\" rel=\"noopener\"><img decoding=\"async\" class=\"size-full wp-image-264115 aligncenter\" src=\"https:\/\/maybommini.com\/wp-content\/uploads\/2020\/01\/May-bom-ve-sinh-may-lanh-may-dieu-hoa-chuyen-nghiep-chinh-hang.jpg\" alt=\"May Bom Ve Sinh May Lanh May Dieu Hoa Chuyen Nghiep Chinh Hang\" width=\"750\" height=\"750\" srcset=\"https:\/\/maybommini.vn\/wp-content\/uploads\/2020\/01\/May-bom-ve-sinh-may-lanh-may-dieu-hoa-chuyen-nghiep-chinh-hang.jpg 750w, https:\/\/maybommini.vn\/wp-content\/uploads\/2020\/01\/May-bom-ve-sinh-may-lanh-may-dieu-hoa-chuyen-nghiep-chinh-hang-300x300.jpg 300w, https:\/\/maybommini.vn\/wp-content\/uploads\/2020\/01\/May-bom-ve-sinh-may-lanh-may-dieu-hoa-chuyen-nghiep-chinh-hang-150x150.jpg 150w, https:\/\/maybommini.vn\/wp-content\/uploads\/2020\/01\/May-bom-ve-sinh-may-lanh-may-dieu-hoa-chuyen-nghiep-chinh-hang-600x600.jpg 600w\" sizes=\"(max-width: 750px) 100vw, 750px\" \/><\/a><\/strong><\/p>\n<p><strong>BA\u0301N M\u00c1Y B\u01a0M N\u01af\u1edaC MINI \u1ede \u0110\u00c2U ?<\/strong><br \/>\nM\u1ecdi chi ti\u1ebft vui l\u00f2ng li\u00ean h\u1ec7 tr\u1ef1c ti\u1ebfp cho ch\u00fang t\u00f4i \u0111\u1ec3 \u0111\u01b0\u1ee3c t\u01b0 v\u1ea5n theo nhu c\u1ea7u \u0111\u1ec3 c\u00f3 \u0111\u01b0\u1ee3c b\u1ed9 s\u1ea3n ph\u1ea9m t\u1ed1t nh\u1ea5t v\u00e0 ti\u1ebft ki\u1ec7m. B\u1ea1n \u1edf xa v\u1eabn c\u00f3 th\u1ec3 mua h\u00e0ng v\u00e0 giao h\u00e0ng thanh to\u00e1n ti\u1ec1n t\u1ea1i nh\u00e0. MBM &#8211; <a href=\"https:\/\/maybommini.com\/\" target=\"_blank\" rel=\"noopener noreferrer\">Ma\u0301y B\u01a1m Mini<\/a> la\u0300 nha\u0300 cung c\u00e2\u0301p ha\u0300ng \u0111\u00e2\u0300u v\u00ea\u0300 li\u0303nh v\u01b0\u0323c ma\u0301y b\u01a1m n\u01b0\u01a1\u0301c mini ta\u0323i Vi\u00ea\u0323t Nam v\u01a1\u0301i nhi\u00ea\u0300u n\u0103m kinh nghi\u00ea\u0323m. Chu\u0301ng t\u00f4i la\u0300 \u0111\u00f4\u0301i ta\u0301c l\u01a1\u0301n ha\u0300ng \u0111\u00e2\u0300u ca\u0301c ha\u0303ng sa\u0309n xu\u00e2\u0301t b\u01a1m n\u01b0\u01a1\u0301c mini cu\u0309a USA, Taiwan, China, Japan &#8230;.<br \/>\n<strong>Tel \/ Zalo:<\/strong> 02873030399 &#8211; 0907294310<br \/>\n<strong>Email:<\/strong> maybommini.com@gmail.com<br \/>\n<strong>Website:<\/strong> http:\/\/maybommini.com<br \/>\n<strong>Facebook:<\/strong> https:\/\/www.facebook.com\/maybommini<br \/>\n<strong>Google:<\/strong> https:\/\/plus.google.com\/ Maybomnuocminiruaxe<br \/>\n<strong>Youtube demo:<\/strong> https:\/\/www.youtube.com\/bahamasali<\/p>\n<h3 style=\"text-align: center;\">M\u00e1y b\u01a1m \u00e1p l\u1ef1c 220V 136W 5.5L 170M SMARTPUMPS<\/h3>\n<h3><strong><br \/>\n<img decoding=\"async\" class=\"size-full wp-image-254448 aligncenter\" src=\"https:\/\/maybommini.com.vn\/wp-content\/uploads\/2018\/01\/may-bom-mini-220v-2.jpg\" alt=\"May Bom Mini 220v\" width=\"750\" height=\"750\" srcset=\"https:\/\/maybommini.vn\/wp-content\/uploads\/2018\/01\/may-bom-mini-220v-2.jpg 750w, https:\/\/maybommini.vn\/wp-content\/uploads\/2018\/01\/may-bom-mini-220v-2-300x300.jpg 300w, https:\/\/maybommini.vn\/wp-content\/uploads\/2018\/01\/may-bom-mini-220v-2-600x600.jpg 600w, https:\/\/maybommini.vn\/wp-content\/uploads\/2018\/01\/may-bom-mini-220v-2-150x150.jpg 150w, https:\/\/maybommini.vn\/wp-content\/uploads\/2018\/01\/may-bom-mini-220v-2-270x270.jpg 270w, https:\/\/maybommini.vn\/wp-content\/uploads\/2018\/01\/may-bom-mini-220v-2-375x375.jpg 375w, https:\/\/maybommini.vn\/wp-content\/uploads\/2018\/01\/may-bom-mini-220v-2-140x140.jpg 140w, https:\/\/maybommini.vn\/wp-content\/uploads\/2018\/01\/may-bom-mini-220v-2-131x131.jpg 131w, https:\/\/maybommini.vn\/wp-content\/uploads\/2018\/01\/may-bom-mini-220v-2-142x142.jpg 142w, https:\/\/maybommini.vn\/wp-content\/uploads\/2018\/01\/may-bom-mini-220v-2-164x164.jpg 164w, https:\/\/maybommini.vn\/wp-content\/uploads\/2018\/01\/may-bom-mini-220v-2-175x175.jpg 175w, https:\/\/maybommini.vn\/wp-content\/uploads\/2018\/01\/may-bom-mini-220v-2-193x193.jpg 193w, https:\/\/maybommini.vn\/wp-content\/uploads\/2018\/01\/may-bom-mini-220v-2-200x200.jpg 200w, https:\/\/maybommini.vn\/wp-content\/uploads\/2018\/01\/may-bom-mini-220v-2-204x204.jpg 204w, https:\/\/maybommini.vn\/wp-content\/uploads\/2018\/01\/may-bom-mini-220v-2-213x213.jpg 213w, https:\/\/maybommini.vn\/wp-content\/uploads\/2018\/01\/may-bom-mini-220v-2-248x248.jpg 248w, https:\/\/maybommini.vn\/wp-content\/uploads\/2018\/01\/may-bom-mini-220v-2-260x260.jpg 260w\" sizes=\"(max-width: 750px) 100vw, 750px\" \/><br \/>\n<\/strong><\/h3>\n<p>&nbsp;<\/p>\n<p><img decoding=\"async\" class=\"size-full wp-image-254449 aligncenter\" src=\"https:\/\/maybommini.com.vn\/wp-content\/uploads\/2018\/01\/may-bom-rua-xe-ve-sinh-may-lanh-mini-1.jpg\" alt=\"May Bom Rua Xe Ve Sinh May Lanh Mini\" width=\"750\" height=\"750\" srcset=\"https:\/\/maybommini.vn\/wp-content\/uploads\/2018\/01\/may-bom-rua-xe-ve-sinh-may-lanh-mini-1.jpg 750w, https:\/\/maybommini.vn\/wp-content\/uploads\/2018\/01\/may-bom-rua-xe-ve-sinh-may-lanh-mini-1-300x300.jpg 300w, https:\/\/maybommini.vn\/wp-content\/uploads\/2018\/01\/may-bom-rua-xe-ve-sinh-may-lanh-mini-1-600x600.jpg 600w, https:\/\/maybommini.vn\/wp-content\/uploads\/2018\/01\/may-bom-rua-xe-ve-sinh-may-lanh-mini-1-150x150.jpg 150w, https:\/\/maybommini.vn\/wp-content\/uploads\/2018\/01\/may-bom-rua-xe-ve-sinh-may-lanh-mini-1-270x270.jpg 270w, https:\/\/maybommini.vn\/wp-content\/uploads\/2018\/01\/may-bom-rua-xe-ve-sinh-may-lanh-mini-1-375x375.jpg 375w, https:\/\/maybommini.vn\/wp-content\/uploads\/2018\/01\/may-bom-rua-xe-ve-sinh-may-lanh-mini-1-140x140.jpg 140w, https:\/\/maybommini.vn\/wp-content\/uploads\/2018\/01\/may-bom-rua-xe-ve-sinh-may-lanh-mini-1-131x131.jpg 131w, https:\/\/maybommini.vn\/wp-content\/uploads\/2018\/01\/may-bom-rua-xe-ve-sinh-may-lanh-mini-1-142x142.jpg 142w, https:\/\/maybommini.vn\/wp-content\/uploads\/2018\/01\/may-bom-rua-xe-ve-sinh-may-lanh-mini-1-164x164.jpg 164w, https:\/\/maybommini.vn\/wp-content\/uploads\/2018\/01\/may-bom-rua-xe-ve-sinh-may-lanh-mini-1-175x175.jpg 175w, https:\/\/maybommini.vn\/wp-content\/uploads\/2018\/01\/may-bom-rua-xe-ve-sinh-may-lanh-mini-1-193x193.jpg 193w, https:\/\/maybommini.vn\/wp-content\/uploads\/2018\/01\/may-bom-rua-xe-ve-sinh-may-lanh-mini-1-200x200.jpg 200w, https:\/\/maybommini.vn\/wp-content\/uploads\/2018\/01\/may-bom-rua-xe-ve-sinh-may-lanh-mini-1-204x204.jpg 204w, https:\/\/maybommini.vn\/wp-content\/uploads\/2018\/01\/may-bom-rua-xe-ve-sinh-may-lanh-mini-1-213x213.jpg 213w, https:\/\/maybommini.vn\/wp-content\/uploads\/2018\/01\/may-bom-rua-xe-ve-sinh-may-lanh-mini-1-248x248.jpg 248w, https:\/\/maybommini.vn\/wp-content\/uploads\/2018\/01\/may-bom-rua-xe-ve-sinh-may-lanh-mini-1-260x260.jpg 260w\" sizes=\"(max-width: 750px) 100vw, 750px\" \/> <img decoding=\"async\" class=\"size-full wp-image-254445 aligncenter\" src=\"https:\/\/maybommini.com.vn\/wp-content\/uploads\/2018\/01\/3337546933_831637112-1.jpg\" alt=\"3337546933 831637112\" width=\"750\" height=\"750\" srcset=\"https:\/\/maybommini.vn\/wp-content\/uploads\/2018\/01\/3337546933_831637112-1.jpg 750w, https:\/\/maybommini.vn\/wp-content\/uploads\/2018\/01\/3337546933_831637112-1-300x300.jpg 300w, https:\/\/maybommini.vn\/wp-content\/uploads\/2018\/01\/3337546933_831637112-1-600x600.jpg 600w, https:\/\/maybommini.vn\/wp-content\/uploads\/2018\/01\/3337546933_831637112-1-150x150.jpg 150w\" sizes=\"(max-width: 750px) 100vw, 750px\" \/><\/p>\n<p style=\"text-align: center;\"><img decoding=\"async\" class=\"alignnone size-full wp-image-254445\" src=\"https:\/\/maybommini.com.vn\/wp-content\/uploads\/2018\/01\/3337546933_831637112-1.jpg\" alt=\"3337546933 831637112\" width=\"750\" height=\"750\" srcset=\"https:\/\/maybommini.vn\/wp-content\/uploads\/2018\/01\/3337546933_831637112-1.jpg 750w, https:\/\/maybommini.vn\/wp-content\/uploads\/2018\/01\/3337546933_831637112-1-300x300.jpg 300w, https:\/\/maybommini.vn\/wp-content\/uploads\/2018\/01\/3337546933_831637112-1-600x600.jpg 600w, https:\/\/maybommini.vn\/wp-content\/uploads\/2018\/01\/3337546933_831637112-1-150x150.jpg 150w\" sizes=\"(max-width: 750px) 100vw, 750px\" \/><br \/>\n<strong>M\u00e1y b\u01a1m \u00e1p l\u1ef1c 220V 170M SMARTPUMPS<\/strong><\/p>\n<h3 style=\"text-align: center;\"><img decoding=\"async\" class=\"alignnone size-full wp-image-254448\" src=\"https:\/\/maybommini.com.vn\/wp-content\/uploads\/2018\/01\/may-bom-mini-220v-2.jpg\" alt=\"May Bom Mini 220v\" width=\"750\" height=\"750\" srcset=\"https:\/\/maybommini.vn\/wp-content\/uploads\/2018\/01\/may-bom-mini-220v-2.jpg 750w, https:\/\/maybommini.vn\/wp-content\/uploads\/2018\/01\/may-bom-mini-220v-2-300x300.jpg 300w, https:\/\/maybommini.vn\/wp-content\/uploads\/2018\/01\/may-bom-mini-220v-2-600x600.jpg 600w, https:\/\/maybommini.vn\/wp-content\/uploads\/2018\/01\/may-bom-mini-220v-2-150x150.jpg 150w, https:\/\/maybommini.vn\/wp-content\/uploads\/2018\/01\/may-bom-mini-220v-2-270x270.jpg 270w, https:\/\/maybommini.vn\/wp-content\/uploads\/2018\/01\/may-bom-mini-220v-2-375x375.jpg 375w, https:\/\/maybommini.vn\/wp-content\/uploads\/2018\/01\/may-bom-mini-220v-2-140x140.jpg 140w, https:\/\/maybommini.vn\/wp-content\/uploads\/2018\/01\/may-bom-mini-220v-2-131x131.jpg 131w, https:\/\/maybommini.vn\/wp-content\/uploads\/2018\/01\/may-bom-mini-220v-2-142x142.jpg 142w, https:\/\/maybommini.vn\/wp-content\/uploads\/2018\/01\/may-bom-mini-220v-2-164x164.jpg 164w, https:\/\/maybommini.vn\/wp-content\/uploads\/2018\/01\/may-bom-mini-220v-2-175x175.jpg 175w, https:\/\/maybommini.vn\/wp-content\/uploads\/2018\/01\/may-bom-mini-220v-2-193x193.jpg 193w, https:\/\/maybommini.vn\/wp-content\/uploads\/2018\/01\/may-bom-mini-220v-2-200x200.jpg 200w, https:\/\/maybommini.vn\/wp-content\/uploads\/2018\/01\/may-bom-mini-220v-2-204x204.jpg 204w, https:\/\/maybommini.vn\/wp-content\/uploads\/2018\/01\/may-bom-mini-220v-2-213x213.jpg 213w, https:\/\/maybommini.vn\/wp-content\/uploads\/2018\/01\/may-bom-mini-220v-2-248x248.jpg 248w, https:\/\/maybommini.vn\/wp-content\/uploads\/2018\/01\/may-bom-mini-220v-2-260x260.jpg 260w\" sizes=\"(max-width: 750px) 100vw, 750px\" \/><\/h3>\n","protected":false},"excerpt":{"rendered":"<p>Model: DP-170M<br \/>\n\u0110i\u1ec7n th\u1ebf: 220V AC<br \/>\nC\u00f4ng su\u1ea5t: 136 W.<br \/>\n\u00c1p l\u1ef1c: 170 PSI.<br \/>\nL\u01b0u l\u01b0\u1ee3ng: 5.5 L\/P.<br \/>\nT\u1ef1 h\u00fat : cao 1 \u0111\u1ebfn 3 m\u00e9t.<br \/>\n\u0110\u1ea9y xa: 110 m\u00e9t<br \/>\nTi\u1ebfng\u00a0\u1ed3n:\u00a0\u226438db.<br \/>\nLo\u1ea1i b\u01a1m m\u00e0ng cao c\u1ea5p.<br \/>\nT\u1ef1\u00a0\u0111\u1ed9ng t\u1eaft khi kho\u00e1 n\u01b0\u1edbc ra.<br \/>\nMotor l\u1ecfi \u0111\u1ed3ng 100%.<br \/>\nCh\u1ea5t li\u1ec7u: Nh\u1ef1a ABS \u2013 \u0110\u1ed3ng \u2013 Gang.<br \/>\nRen n\u1ed1i \u1ed1ng : 13 mm.<br \/>\nK\u00edch th\u01b0\u1edbc: 26 x 10 x 10 Cm.<br \/>\nTr\u1ecdng l\u01b0\u1ee3ng: 2.69 Kg.<br \/>\nB\u1ea3o h\u00e0nh: 6 th\u00e1ng.<br \/>\nPh\u00e2n ph\u1ed1i:\u00a0<a href=\"https:\/\/maybomminimbm.vn\/\">M\u00e1y B\u01a1m Mini MBM<\/a><br \/>\nS\u1ea3n ph\u1ea9m cao c\u1ea5p<br \/>\nKh\u1eb3ng \u0111\u1ecbnh \u0111\u1ed9 an to\u00e0n, ch\u1ea5t l\u01b0\u1ee3ng s\u1ea3n ph\u1ea9m v\u1edbi ng\u01b0\u1eddi ti\u00eau dung.<br \/>\n<strong>H\u00f4\u0309 tr\u01a1\u0323 ky\u0303 thu\u00e2\u0323t vi\u0303nh vi\u00ea\u0303n.<\/strong><br \/>\n<strong>T\u01af V\u1ea4N K\u1ef8 THU\u1eacT \u2013 MUA H\u00c0NG<br \/>\n0908997823 \u2013 0908997872<br \/>\n0907294310 \u2013 02873030399<\/strong><\/p>\n","protected":false},"featured_media":265541,"comment_status":"open","ping_status":"closed","template":"","meta":[],"product_brand":[],"product_cat":[508,196,224,509],"product_tag":[3301,500,372,285,213,235,1391,203,630,231,849,3302,275,1200,279,420],"class_list":{"0":"post-257248","1":"product","2":"type-product","3":"status-publish","4":"has-post-thumbnail","6":"product_cat-may-bom-ap-luc-220v","7":"product_cat-may-bom-ap-luc-mini","8":"product_cat-may-bom-nuoc","9":"product_cat-may-bom-nuoc-mini-220v","10":"product_tag-170m","11":"product_tag-220v","12":"product_tag-ap-luc-cao","13":"product_tag-bom-ap-luc","14":"product_tag-bom-ap-luc-mini","15":"product_tag-bom-nuoc-mini","16":"product_tag-dp-170m","17":"product_tag-may-bom","18":"product_tag-may-bom-220v","19":"product_tag-may-bom-mini","20":"product_tag-may-bom-tu-dong","21":"product_tag-micro-diaphragm-pump","22":"product_tag-mini","23":"product_tag-propump","24":"product_tag-pump","25":"product_tag-smartpumps","27":"first","28":"instock","29":"sale","30":"shipping-taxable","31":"purchasable","32":"product-type-simple"},"_links":{"self":[{"href":"https:\/\/maybommini.vn\/index.php?rest_route=\/wp\/v2\/product\/257248","targetHints":{"allow":["GET"]}}],"collection":[{"href":"https:\/\/maybommini.vn\/index.php?rest_route=\/wp\/v2\/product"}],"about":[{"href":"https:\/\/maybommini.vn\/index.php?rest_route=\/wp\/v2\/types\/product"}],"replies":[{"embeddable":true,"href":"https:\/\/maybommini.vn\/index.php?rest_route=%2Fwp%2Fv2%2Fcomments&post=257248"}],"wp:featuredmedia":[{"embeddable":true,"href":"https:\/\/maybommini.vn\/index.php?rest_route=\/wp\/v2\/media\/265541"}],"wp:attachment":[{"href":"https:\/\/maybommini.vn\/index.php?rest_route=%2Fwp%2Fv2%2Fmedia&parent=257248"}],"wp:term":[{"taxonomy":"product_brand","embeddable":true,"href":"https:\/\/maybommini.vn\/index.php?rest_route=%2Fwp%2Fv2%2Fproduct_brand&post=257248"},{"taxonomy":"product_cat","embeddable":true,"href":"https:\/\/maybommini.vn\/index.php?rest_route=%2Fwp%2Fv2%2Fproduct_cat&post=257248"},{"taxonomy":"product_tag","embeddable":true,"href":"https:\/\/maybommini.vn\/index.php?rest_route=%2Fwp%2Fv2%2Fproduct_tag&post=257248"}],"curies":[{"name":"wp","href":"https:\/\/api.w.org\/{rel}","templated":true}]}}