{"id":257332,"date":"2018-04-12T19:45:42","date_gmt":"2018-04-12T12:45:42","guid":{"rendered":"https:\/\/maybommini.com\/san-pham\/import-placeholder-for-253543"},"modified":"2024-10-24T04:38:01","modified_gmt":"2024-10-23T21:38:01","slug":"may-cat-co-bang-dien-24v-option-1","status":"publish","type":"product","link":"https:\/\/maybommini.vn\/?product=may-cat-co-bang-dien-24v-option-1","title":{"rendered":"M\u00e1y c\u1eaft c\u1ecf b\u1eb1ng \u0111i\u1ec7n 24V &#8211; option 1"},"content":{"rendered":"<p><strong>M\u00e1y c\u1eaft c\u1ecf b\u1eb1ng\u00a0\u0111i\u1ec7n 24V DC d\u00f9ng t\u1ed1t b\u1eb1ng b\u00ecnh\u00a0\u1eafc quy ho\u1eb7c pin v\u1edbi\u00a0\u01b0u\u00a0\u0111i\u1ec3m g\u1ecdn nh\u1eb9 d\u1ec5\u00a0l\u1eafp\u00a0\u0111\u1eb7t v\u00e0 kh\u00f4ng\u00a0\u1ed3n nh\u01b0 m\u00e1y d\u00f9ng x\u0103ng hi\u1ec7n t\u1ea1i. Ph\u00f9 h\u1ecdp d\u00f9ng c\u1eaft c\u1ecf ch\u0103n nu\u00f4i, m\u00e1y c\u1eaft c\u1ecf l\u00e0m v\u01b0\u1eddn, c\u1eaft t\u1ec9a c\u00e2y xanh, d\u00f9ng c\u01b0a nh\u00e1nh c\u00e2y v\u00e0 nhi\u1ec1u\u00a0\u1ee9ng d\u1ee5ng kh\u00e1c.<\/strong><\/p>\n<p style=\"text-align: center;\"><iframe src=\"https:\/\/www.youtube.com\/embed\/0Ejs8WzuBuk\" width=\"560\" height=\"315\" frameborder=\"0\" allowfullscreen=\"allowfullscreen\"><\/iframe><\/p>\n<p><a href=\"https:\/\/maybommini.com\/wp-content\/uploads\/2018\/04\/may-cat-tia-cay-co-lam-vuon-1.jpg\" target=\"_blank\" rel=\"noopener\"><img decoding=\"async\" class=\"size-full wp-image-258074 aligncenter\" src=\"https:\/\/maybommini.com\/wp-content\/uploads\/2018\/04\/may-cat-tia-cay-co-lam-vuon-1.jpg\" alt=\"May Cat Tia Cay Co Lam Vuon\" width=\"750\" height=\"750\" srcset=\"https:\/\/maybommini.vn\/wp-content\/uploads\/2018\/04\/may-cat-tia-cay-co-lam-vuon-1.jpg 750w, https:\/\/maybommini.vn\/wp-content\/uploads\/2018\/04\/may-cat-tia-cay-co-lam-vuon-1-300x300.jpg 300w, https:\/\/maybommini.vn\/wp-content\/uploads\/2018\/04\/may-cat-tia-cay-co-lam-vuon-1-150x150.jpg 150w, https:\/\/maybommini.vn\/wp-content\/uploads\/2018\/04\/may-cat-tia-cay-co-lam-vuon-1-600x600.jpg 600w\" sizes=\"(max-width: 750px) 100vw, 750px\" \/><\/a><br \/>\n<strong>TH\u00d4NG S\u1ed0 K\u1ef8 THU\u1eacT<br \/>\n<\/strong>Model: MCC-24-1<br \/>\n\u0110i\u1ec7n th\u1ebf: 24V DC<br \/>\nC\u00f4ng su\u1ea5t: 600W<br \/>\nT\u1ed1c\u00a0\u0111\u1ed9 motor: 9000 RPM<br \/>\nD\u00f9ng b\u00ecnh \u1eafc quy ho\u1eb7c Pin: 20A tr\u1edf l\u00ean<br \/>\nC\u00f3 th\u1ec3 th\u00e1o l\u1eafp thay dao c\u1eaft.<br \/>\nB\u1ea3o h\u00e0nh: 6 th\u00e1ng ch\u00ednh h\u00e3ng<br \/>\nS\u1ea3n ph\u1ea9m nh\u1eadp kh\u1ea9u<br \/>\n<em><strong>KH\u00d4NG K\u00c8M\u00a0\u00c1C QUY HO\u1eb6C PIN 24V<\/strong><\/em><br \/>\n<a href=\"https:\/\/maybommini.com\/wp-content\/uploads\/2018\/04\/motor-may-cat-co-1.jpg\" target=\"_blank\" rel=\"noopener\"><img decoding=\"async\" class=\"size-full wp-image-258076 aligncenter\" src=\"https:\/\/maybommini.com\/wp-content\/uploads\/2018\/04\/motor-may-cat-co-1.jpg\" alt=\"Motor May Cat Co\" width=\"750\" height=\"750\" srcset=\"https:\/\/maybommini.vn\/wp-content\/uploads\/2018\/04\/motor-may-cat-co-1.jpg 750w, https:\/\/maybommini.vn\/wp-content\/uploads\/2018\/04\/motor-may-cat-co-1-300x300.jpg 300w, https:\/\/maybommini.vn\/wp-content\/uploads\/2018\/04\/motor-may-cat-co-1-150x150.jpg 150w, https:\/\/maybommini.vn\/wp-content\/uploads\/2018\/04\/motor-may-cat-co-1-600x600.jpg 600w\" sizes=\"(max-width: 750px) 100vw, 750px\" \/><\/a> <a href=\"https:\/\/maybommini.com\/wp-content\/uploads\/2018\/04\/may-tia-cay-cat-co-24v-1.jpg\" target=\"_blank\" rel=\"noopener\"><img decoding=\"async\" class=\"size-full wp-image-258075 aligncenter\" src=\"https:\/\/maybommini.com\/wp-content\/uploads\/2018\/04\/may-tia-cay-cat-co-24v-1.jpg\" alt=\"May Tia Cay Cat Co 24v\" width=\"750\" height=\"750\" srcset=\"https:\/\/maybommini.vn\/wp-content\/uploads\/2018\/04\/may-tia-cay-cat-co-24v-1.jpg 750w, https:\/\/maybommini.vn\/wp-content\/uploads\/2018\/04\/may-tia-cay-cat-co-24v-1-300x300.jpg 300w, https:\/\/maybommini.vn\/wp-content\/uploads\/2018\/04\/may-tia-cay-cat-co-24v-1-150x150.jpg 150w, https:\/\/maybommini.vn\/wp-content\/uploads\/2018\/04\/may-tia-cay-cat-co-24v-1-600x600.jpg 600w\" sizes=\"(max-width: 750px) 100vw, 750px\" \/><\/a> <a href=\"https:\/\/maybommini.com\/wp-content\/uploads\/2018\/04\/may-cat-co-dung-binh-ac-quy-1.jpg\" target=\"_blank\" rel=\"noopener\"><img decoding=\"async\" class=\"size-full wp-image-258072 aligncenter\" src=\"https:\/\/maybommini.com\/wp-content\/uploads\/2018\/04\/may-cat-co-dung-binh-ac-quy-1.jpg\" alt=\"May Cat Co Dung Binh Ac Quy\" width=\"750\" height=\"750\" srcset=\"https:\/\/maybommini.vn\/wp-content\/uploads\/2018\/04\/may-cat-co-dung-binh-ac-quy-1.jpg 750w, https:\/\/maybommini.vn\/wp-content\/uploads\/2018\/04\/may-cat-co-dung-binh-ac-quy-1-300x300.jpg 300w, https:\/\/maybommini.vn\/wp-content\/uploads\/2018\/04\/may-cat-co-dung-binh-ac-quy-1-150x150.jpg 150w, https:\/\/maybommini.vn\/wp-content\/uploads\/2018\/04\/may-cat-co-dung-binh-ac-quy-1-600x600.jpg 600w\" sizes=\"(max-width: 750px) 100vw, 750px\" \/><\/a><\/p>\n<p><strong>T\u00cdNH N\u0102NG V\u00c0\u00a0\u01afU\u00a0\u0110I\u1ec2M<\/strong><\/p>\n<p>Ti\u1ebft ki\u1ec7m n\u0103ng l\u01b0\u1ee3ng, ti\u1ebfng \u1ed3n th\u1ea5p, kh\u00f4ng g\u00e2y \u00f4 nhi\u1ec5m.<br \/>\nM\u00e1y n\u00e0y ph\u00f9 h\u1ee3p cho c\u1eaft t\u1ec9a v\u01b0\u1eddn, c\u1eaft c\u1ecf, c\u01b0a c\u00e2y,h\u00e0ng r\u00e0o c\u1ea7u, lo\u1ea1i b\u1ecf c\u1ecf d\u1ea1i.<br \/>\nChi\u1ec1u r\u1ed9ng c\u1ee7a \u0111\u1ed9 ph\u1eb3ng c\u1ee7a b\u00e3i c\u1ecf, nghi\u00eang, ch\u1ee7 y\u1ebfu l\u00e0 c\u00e1c b\u00e3i c\u1ecf, b\u00e3i c\u1ecf n\u01a1i m\u00e1y gi\u1ecf h\u00e0ng kh\u00f4ng th\u1ec3 l\u00e0m vi\u1ec7c \u0111\u00fang c\u00e1ch, m\u00e1y c\u0169ng c\u00f3 th\u1ec3 \u0111\u01b0\u1ee3c s\u1eed d\u1ee5ng \u0111\u1ec3 h\u1ed7 tr\u1ee3 c\u1eaft t\u1ec9a c\u1ecf, lo\u1ea1i b\u1ecf vi\u1ec7c &#8220;ch\u1ebft&#8221;.<br \/>\n\u0110\u00e1p \u1ee9ng c\u00e1c y\u00eau c\u1ea7u c\u1ee7a ngh\u1ec1 l\u00e0m v\u01b0\u1eddn,t\u1ec9a b\u1ec1 m\u1eb7t c\u1ea3 g\u1ecdn g\u00e0ng v\u00e0 \u0111\u1eb9p, v\u00e0 b\u1eafn n\u1ea3y m\u1ea7m n\u1ea3y m\u1ea7m h\u01a1n tay t\u1ec9a g\u1ecdn g\u00e0ng t\u1ec9a v\u00e0 l\u1edbn h\u01a1n s\u1ed1 l\u01b0\u1ee3ng n\u1ea3y m\u1ea7m.<br \/>\nTi\u1ebft ki\u1ec7m n\u0103ng l\u01b0\u1ee3ng \u0111\u00e1ng k\u1ec3 h\u01a1n nhi\u00ean li\u1ec7u x\u0103ng.<br \/>\nLinh ho\u1ea1t. M\u00e1y c\u0169ng c\u00f3 th\u1ec3 \u0111\u01b0\u1ee3c s\u1eed d\u1ee5ng cho sinh th\u00e1i t\u1ec9a v\u01b0\u1eddn tr\u00e0 v\u00e0 tr\u00e0 c\u1ecf.<br \/>\nB\u00e1n k\u00ednh l\u00e0m vi\u1ec7c c\u00f3 th\u1ec3 \u0111\u01b0\u1ee3c m\u1edf r\u1ed9ng, l\u00e0m gi\u1ea3m s\u1ef1 kh\u00f3 kh\u0103n c\u1ee7a ho\u1ea1t \u0111\u1ed9ng x\u00e2y d\u1ef1ng nh\u1eefng d\u1ecbp \u0111\u1eb7c bi\u1ec7t, nh\u1eb1m c\u1ea3i thi\u1ec7n l\u0129nh v\u1ef1c quan s\u00e1t.<br \/>\n<a href=\"https:\/\/maybommini.com\/wp-content\/uploads\/2018\/04\/may-cat-co-dung-pin-1.jpg\" target=\"_blank\" rel=\"noopener\"><img decoding=\"async\" class=\"size-full wp-image-258073 aligncenter\" src=\"https:\/\/maybommini.com\/wp-content\/uploads\/2018\/04\/may-cat-co-dung-pin-1.jpg\" alt=\"May Cat Co Dung Pin\" width=\"750\" height=\"750\" srcset=\"https:\/\/maybommini.vn\/wp-content\/uploads\/2018\/04\/may-cat-co-dung-pin-1.jpg 750w, https:\/\/maybommini.vn\/wp-content\/uploads\/2018\/04\/may-cat-co-dung-pin-1-300x300.jpg 300w, https:\/\/maybommini.vn\/wp-content\/uploads\/2018\/04\/may-cat-co-dung-pin-1-150x150.jpg 150w, https:\/\/maybommini.vn\/wp-content\/uploads\/2018\/04\/may-cat-co-dung-pin-1-600x600.jpg 600w\" sizes=\"(max-width: 750px) 100vw, 750px\" \/><\/a> <a href=\"https:\/\/maybommini.com\/wp-content\/uploads\/2018\/04\/may-cat-tia-cay-co-lam-vuon-1.jpg\" target=\"_blank\" rel=\"noopener\"><img decoding=\"async\" class=\"size-full wp-image-258074 aligncenter\" src=\"https:\/\/maybommini.com\/wp-content\/uploads\/2018\/04\/may-cat-tia-cay-co-lam-vuon-1.jpg\" alt=\"May Cat Tia Cay Co Lam Vuon\" width=\"750\" height=\"750\" srcset=\"https:\/\/maybommini.vn\/wp-content\/uploads\/2018\/04\/may-cat-tia-cay-co-lam-vuon-1.jpg 750w, https:\/\/maybommini.vn\/wp-content\/uploads\/2018\/04\/may-cat-tia-cay-co-lam-vuon-1-300x300.jpg 300w, https:\/\/maybommini.vn\/wp-content\/uploads\/2018\/04\/may-cat-tia-cay-co-lam-vuon-1-150x150.jpg 150w, https:\/\/maybommini.vn\/wp-content\/uploads\/2018\/04\/may-cat-tia-cay-co-lam-vuon-1-600x600.jpg 600w\" sizes=\"(max-width: 750px) 100vw, 750px\" \/><\/a> <a href=\"https:\/\/maybommini.com\/wp-content\/uploads\/2018\/04\/may-cat-co-1.jpg\" target=\"_blank\" rel=\"noopener\"><img decoding=\"async\" class=\"size-full wp-image-258071 aligncenter\" src=\"https:\/\/maybommini.com\/wp-content\/uploads\/2018\/04\/may-cat-co-1.jpg\" alt=\"May Cat Co\" width=\"750\" height=\"750\" srcset=\"https:\/\/maybommini.vn\/wp-content\/uploads\/2018\/04\/may-cat-co-1.jpg 750w, https:\/\/maybommini.vn\/wp-content\/uploads\/2018\/04\/may-cat-co-1-300x300.jpg 300w, https:\/\/maybommini.vn\/wp-content\/uploads\/2018\/04\/may-cat-co-1-150x150.jpg 150w, https:\/\/maybommini.vn\/wp-content\/uploads\/2018\/04\/may-cat-co-1-600x600.jpg 600w\" sizes=\"(max-width: 750px) 100vw, 750px\" \/><\/a><\/p>\n<p><strong>\u0110\u1ed9 b\u1ec1n t\u1ed1t, t\u1ef7 l\u1ec7 h\u01b0 h\u1ecfng th\u1ea5p kh\u00f4ng nh\u01b0 m\u00e1y d\u00f9ng x\u0103ng.<\/strong><\/p>\n<p>1. M\u00e1y kh\u00f4ng d\u00f9ng x\u0103ng kh\u00f4ng c\u00f3 kh\u00ed th\u1ea3i.<br \/>\n2. Ti\u1ebft ki\u1ec7m n\u0103ng l\u01b0\u1ee3ng, ti\u1ebft ki\u1ec7m v\u00e0 gi\u00e1 c\u1ea3 ph\u1ea3i ch\u0103ng<br \/>\n3. Ch\u1ec9 c\u1ea7n s\u1ea1c c\u00f3 th\u1ec3 \u0111\u01b0\u1ee3c thu\u1eadn ti\u1ec7n v\u00e0 an to\u00e0n.<br \/>\n4. Hi\u1ec7u qu\u1ea3 cao.<\/p>\n<p>&nbsp;<\/p>\n<p style=\"text-align: center;\">M\u00c1Y C\u1eaeT C\u1ece D\u00d9NG\u00a0\u0110I\u1ec6N B\u00ccNH\u00a0\u1eaeC QUY 24V TI\u1ec6N L\u1ee2I NH\u1eb8 NH\u00c0NG<\/p>\n<p><img decoding=\"async\" class=\"size-full wp-image-249309 aligncenter\" src=\"https:\/\/maybommini.com\/wp-content\/uploads\/2017\/07\/may-cat-co-dung-binh-ac-quy.jpg\" alt=\"May Cat Co Dung Binh Ac Quy\" width=\"750\" height=\"750\" srcset=\"https:\/\/maybommini.vn\/wp-content\/uploads\/2017\/07\/may-cat-co-dung-binh-ac-quy.jpg 750w, https:\/\/maybommini.vn\/wp-content\/uploads\/2017\/07\/may-cat-co-dung-binh-ac-quy-300x300.jpg 300w, https:\/\/maybommini.vn\/wp-content\/uploads\/2017\/07\/may-cat-co-dung-binh-ac-quy-600x600.jpg 600w, https:\/\/maybommini.vn\/wp-content\/uploads\/2017\/07\/may-cat-co-dung-binh-ac-quy-150x150.jpg 150w\" sizes=\"(max-width: 750px) 100vw, 750px\" \/><\/p>\n<h3 style=\"text-align: center;\">M\u00e1y c\u1eaft c\u1ecf b\u1eb1ng \u0111i\u1ec7n 24V &#8211; option 1<\/h3>\n","protected":false},"excerpt":{"rendered":"<p>Model: MCC-24-1<br \/>\n\u0110i\u1ec7n th\u1ebf: 24V DC<br \/>\nC\u00f4ng su\u1ea5t: 600W<br \/>\nT\u1ed1c\u00a0\u0111\u1ed9 motor: 9000 RPM<br \/>\nD\u00f9ng b\u00ecnh \u1eafc quy ho\u1eb7c Pin: 20A tr\u1edf l\u00ean<br \/>\nC\u00f3 th\u1ec3 th\u00e1o l\u1eafp thay dao c\u1eaft.<br \/>\nB\u1ea3o h\u00e0nh: 6 th\u00e1ng ch\u00ednh h\u00e3ng<br \/>\nS\u1ea3n ph\u1ea9m nh\u1eadp kh\u1ea9u<br \/>\n<em><strong>KH\u00d4NG K\u00c8M\u00a0\u00c1C QUY HO\u1eb6C PIN 24V<\/strong><\/em><\/p>\n","protected":false},"featured_media":258072,"comment_status":"open","ping_status":"closed","template":"","meta":[],"product_brand":[],"product_cat":[317],"product_tag":[488,1399,1400,1401,1402,1403,1404,1405,1406],"class_list":{"0":"post-257332","1":"product","2":"type-product","3":"status-publish","4":"has-post-thumbnail","6":"product_cat-thiet-bi-dung-cu","7":"product_tag-24v","8":"product_tag-cat-co-bang-dien","9":"product_tag-cat-co-dien","10":"product_tag-hadley","11":"product_tag-may-cat-co","12":"product_tag-may-cua-cay","13":"product_tag-may-cua-dien","14":"product_tag-may-lam-vuon","15":"product_tag-may-tia-cay","17":"first","18":"instock","19":"sale","20":"shipping-taxable","21":"purchasable","22":"product-type-simple"},"_links":{"self":[{"href":"https:\/\/maybommini.vn\/index.php?rest_route=\/wp\/v2\/product\/257332","targetHints":{"allow":["GET"]}}],"collection":[{"href":"https:\/\/maybommini.vn\/index.php?rest_route=\/wp\/v2\/product"}],"about":[{"href":"https:\/\/maybommini.vn\/index.php?rest_route=\/wp\/v2\/types\/product"}],"replies":[{"embeddable":true,"href":"https:\/\/maybommini.vn\/index.php?rest_route=%2Fwp%2Fv2%2Fcomments&post=257332"}],"wp:featuredmedia":[{"embeddable":true,"href":"https:\/\/maybommini.vn\/index.php?rest_route=\/wp\/v2\/media\/258072"}],"wp:attachment":[{"href":"https:\/\/maybommini.vn\/index.php?rest_route=%2Fwp%2Fv2%2Fmedia&parent=257332"}],"wp:term":[{"taxonomy":"product_brand","embeddable":true,"href":"https:\/\/maybommini.vn\/index.php?rest_route=%2Fwp%2Fv2%2Fproduct_brand&post=257332"},{"taxonomy":"product_cat","embeddable":true,"href":"https:\/\/maybommini.vn\/index.php?rest_route=%2Fwp%2Fv2%2Fproduct_cat&post=257332"},{"taxonomy":"product_tag","embeddable":true,"href":"https:\/\/maybommini.vn\/index.php?rest_route=%2Fwp%2Fv2%2Fproduct_tag&post=257332"}],"curies":[{"name":"wp","href":"https:\/\/api.w.org\/{rel}","templated":true}]}}