{"id":257333,"date":"2018-04-12T19:45:42","date_gmt":"2018-04-12T12:45:42","guid":{"rendered":"https:\/\/maybommini.com\/san-pham\/import-placeholder-for-253564"},"modified":"2024-04-01T17:33:30","modified_gmt":"2024-04-01T10:33:30","slug":"mach-bao-ve-pin-12v-3s-5a","status":"publish","type":"product","link":"https:\/\/maybommini.vn\/?product=mach-bao-ve-pin-12v-3s-5a","title":{"rendered":"M\u1ea1ch b\u1ea3o v\u1ec7 pin 12V 3S 5A"},"content":{"rendered":"<p><em><strong>Chuy\u00ean cung c\u1ea5p c\u00e1c lo\u1ea1i m\u1ea1ch b\u1ea3o v\u1ec7 pin 12V 3S 5A du\u0300ng cho ca\u0301c loa\u0323i pin ghe\u0301p lithium ba\u0309o v\u00ea\u0323 pin qua\u0301 do\u0300ng, ba\u0309o v\u00ea\u0323 pin khi sa\u0323c giu\u0301p \u00f4\u0309n \u0111i\u0323nh pin tra\u0301nh h\u01b0 khi du\u0300ng ho\u0103\u0323c sa\u0323c.<\/strong><\/em><\/p>\n<p><a href=\"https:\/\/maybommini.com\/wp-content\/uploads\/2018\/04\/mach-bao-ve-pin-12v-3s-5a.jpg\" target=\"_blank\" rel=\"noopener\"><img decoding=\"async\" class=\"size-full wp-image-261266 aligncenter\" src=\"https:\/\/maybommini.com\/wp-content\/uploads\/2018\/04\/mach-bao-ve-pin-12v-3s-5a.jpg\" alt=\"Mach Bao Ve Pin 12v 3s 5a\" width=\"750\" height=\"750\" srcset=\"https:\/\/maybommini.vn\/wp-content\/uploads\/2018\/04\/mach-bao-ve-pin-12v-3s-5a.jpg 750w, https:\/\/maybommini.vn\/wp-content\/uploads\/2018\/04\/mach-bao-ve-pin-12v-3s-5a-300x300.jpg 300w, https:\/\/maybommini.vn\/wp-content\/uploads\/2018\/04\/mach-bao-ve-pin-12v-3s-5a-150x150.jpg 150w, https:\/\/maybommini.vn\/wp-content\/uploads\/2018\/04\/mach-bao-ve-pin-12v-3s-5a-600x600.jpg 600w\" sizes=\"(max-width: 750px) 100vw, 750px\" \/><\/a><\/p>\n<p><strong>TH\u00d4NG S\u00d4\u0301 KY\u0303 THU\u00c2\u0323T<\/strong><br \/>\nModel:\u00a012V-3S-5A<br \/>\nSa\u0323c va\u0300o: &lt; 5A<br \/>\nDo\u0300ng sa\u0309: &lt; 5A<br \/>\nQua\u0301 do\u0300ng: 10A &#8211; 15A<br \/>\nCell Pin: 3<br \/>\nK\u00edch th\u01b0\u1edbc: 50 * 17 * 3 mm<br \/>\nTro\u0323ng l\u01b0\u01a1\u0323ng: 50g<\/p>\n<p><a href=\"https:\/\/maybommini.com\/wp-content\/uploads\/2018\/04\/chuyen-cac-loai-mach-bao-ve-pin.jpg\" target=\"_blank\" rel=\"noopener\"><img decoding=\"async\" class=\"size-full wp-image-261265 aligncenter\" src=\"https:\/\/maybommini.com\/wp-content\/uploads\/2018\/04\/chuyen-cac-loai-mach-bao-ve-pin.jpg\" alt=\"Chuyen Cac Loai Mach Bao Ve Pin\" width=\"750\" height=\"750\" srcset=\"https:\/\/maybommini.vn\/wp-content\/uploads\/2018\/04\/chuyen-cac-loai-mach-bao-ve-pin.jpg 750w, https:\/\/maybommini.vn\/wp-content\/uploads\/2018\/04\/chuyen-cac-loai-mach-bao-ve-pin-300x300.jpg 300w, https:\/\/maybommini.vn\/wp-content\/uploads\/2018\/04\/chuyen-cac-loai-mach-bao-ve-pin-150x150.jpg 150w, https:\/\/maybommini.vn\/wp-content\/uploads\/2018\/04\/chuyen-cac-loai-mach-bao-ve-pin-600x600.jpg 600w\" sizes=\"(max-width: 750px) 100vw, 750px\" \/><\/a><\/p>\n<p><strong>CA\u0301CH L\u0102\u0301P GHE\u0301P MA\u0323CH BA\u0309O V\u00ca\u0323 PIN 12V<\/strong><br \/>\nMa\u0323ch \u0111\u01b0\u01a1\u0323c ghe\u0301p tr\u01b0\u0323c ti\u00ea\u0301p v\u01a1\u0301i pin sa\u0323c 18650 v\u01a1\u0301i c\u00e2\u0301u tru\u0301c 3 Cell 3.7v<br \/>\nGhe\u0301p pin va\u0300 ma\u0323ch ba\u0309o v\u00ea\u0323 pin theo s\u01a1 \u0111\u00f4\u0300 sao<br \/>\n1. Model: 3 N\u1ed1i Ti\u1ebfp 12v ban b\u1ea3o v\u1ec7 \u0111\u1eb7c bi\u1ec7t cho 18650<br \/>\n2. Size: 53*17*2.5 mm<br \/>\n3. Continuous \u0110i\u1ec1u H\u00e0nh Hi\u1ec7n T\u1ea1i: &lt; 5A<br \/>\n4. Charging \u0110i\u1ec7n \u00c1p: 12.6-14 V<br \/>\n5. Charging Hi\u1ec7n T\u1ea1i: &lt; 5A<br \/>\n6. Vi\u1ec7c S\u1ea1c Qu\u00e1 M\u1ee9c B\u1ea3o V\u1ec7 \u0110i\u1ec7n \u00c1p: t\u1ebf b\u00e0o duy nh\u1ea5t 4.20 V \/-0.025 V<br \/>\n7. Overdischarging B\u1ea3o V\u1ec7 \u0110i\u1ec7n \u00c1p: t\u1ebf b\u00e0o duy nh\u1ea5t 2.50 V \/-0.1 V<br \/>\n8. M\u1ea1ch B\u1ea3o V\u1ec7: Co\u0301<br \/>\n9. Application Ph\u00f9 H\u1ee3p V\u1edbi: 3.7 V di \u0111\u1ed9ng\/3 n\u1ed1i ti\u1ebfp<br \/>\n10. T\u1ea3i \u0110i\u1ec7n: &lt; DC 12V 70 W\u00e1t<\/p>\n<p><a href=\"https:\/\/maybommini.com\/wp-content\/uploads\/2018\/04\/so-do-lap-mach-bao-ve-pin.jpg\" target=\"_blank\" rel=\"noopener\"><img decoding=\"async\" class=\"size-full wp-image-261268 aligncenter\" src=\"https:\/\/maybommini.com\/wp-content\/uploads\/2018\/04\/so-do-lap-mach-bao-ve-pin.jpg\" alt=\"So Do Lap Mach Bao Ve Pin\" width=\"750\" height=\"750\" srcset=\"https:\/\/maybommini.vn\/wp-content\/uploads\/2018\/04\/so-do-lap-mach-bao-ve-pin.jpg 750w, https:\/\/maybommini.vn\/wp-content\/uploads\/2018\/04\/so-do-lap-mach-bao-ve-pin-300x300.jpg 300w, https:\/\/maybommini.vn\/wp-content\/uploads\/2018\/04\/so-do-lap-mach-bao-ve-pin-150x150.jpg 150w, https:\/\/maybommini.vn\/wp-content\/uploads\/2018\/04\/so-do-lap-mach-bao-ve-pin-600x600.jpg 600w\" sizes=\"(max-width: 750px) 100vw, 750px\" \/><\/a><\/p>\n<p><b>CH\u00da \u00dd<\/b><br \/>\n1. Firstly ph\u00e1t hi\u1ec7n \u0111i\u1ec7n \u00e1p di \u0111\u1ed9ng v\u1ec1 c\u01a1 b\u1ea3n l\u00e0 \u1ed5n \u0111\u1ecbnh, sau \u0111\u00f3 k\u1ebft n\u1ed1i n\u1ed1i ti\u1ebfp<br \/>\n2. Khi h\u00e0n ban b\u1ea3o v\u1ec7, s\u1eaft h\u00e0n v\u00e0 ban b\u1ea3o v\u1ec7 th\u1eddi gian c\u1ea3m \u1ee9ng kh\u00f4ng n\u00ean qu\u00e1 d\u00e0i, wihin 1.5 s l\u00e0 t\u1ed1t nh\u1ea5t.<\/p>\n<p><strong>\u01af\u0301NG DU\u0323NG MA\u0323CH BA\u0309O V\u00ca\u0323 PIN<\/strong><br \/>\n&#8211; Du\u0300ng ghe\u0301p ca\u0301c loa\u0323i pin sa\u0323c 12V<br \/>\n&#8211; Du\u0300ng trong ca\u0301c loa\u0323i pin cho ma\u0301y khoan.<br \/>\n&#8211; Du\u0300ng trong ca\u0301c loa\u0323i pin cho ma\u0301y b\u01a1m.<br \/>\n&#8211; Du\u0300ng cho ca\u0301c loa\u0323i pin ghe\u0301p 12V<br \/>\n&#8211; Du\u0300ng cho ca\u0301c loa\u0323i pin 12V thi\u00ea\u0301t bi\u0323 \u0111i\u00ea\u0323n t\u01b0\u0309<br \/>\nVa\u0300 du\u0300ng trong nhi\u00ea\u0300u loa\u0323i pin kha\u0301c 12V sa\u0323c &#8230;<\/p>\n<p><a href=\"https:\/\/maybommini.com\/wp-content\/uploads\/2018\/04\/mach-bao-ve-pin-sac-12v.jpg\" target=\"_blank\" rel=\"noopener\"><img decoding=\"async\" class=\"size-full wp-image-261267 aligncenter\" src=\"https:\/\/maybommini.com\/wp-content\/uploads\/2018\/04\/mach-bao-ve-pin-sac-12v.jpg\" alt=\"Mach Bao Ve Pin Sac 12v\" width=\"750\" height=\"750\" srcset=\"https:\/\/maybommini.vn\/wp-content\/uploads\/2018\/04\/mach-bao-ve-pin-sac-12v.jpg 750w, https:\/\/maybommini.vn\/wp-content\/uploads\/2018\/04\/mach-bao-ve-pin-sac-12v-300x300.jpg 300w, https:\/\/maybommini.vn\/wp-content\/uploads\/2018\/04\/mach-bao-ve-pin-sac-12v-150x150.jpg 150w, https:\/\/maybommini.vn\/wp-content\/uploads\/2018\/04\/mach-bao-ve-pin-sac-12v-600x600.jpg 600w\" sizes=\"(max-width: 750px) 100vw, 750px\" \/><\/a><\/p>\n<p><strong>BA\u0301N MA\u0323CH BA\u0309O V\u00ca\u0323 PIN SA\u0323C DU\u0300NG GHE\u0301P PIN<\/strong><br \/>\nMBM <a href=\"https:\/\/maybommini.com\" target=\"_blank\" rel=\"noopener\">Ma\u0301y B\u01a1m Mini<\/a> chuy\u00ean cung c\u00e2\u0301p ca\u0301c thi\u00ea\u0301t bi\u0323 \u0111i\u00ea\u0323n \u0111i\u00ea\u0323n t\u01b0\u0309 va\u0300 ma\u0323ch \u0111i\u00ea\u0323n t\u01b0\u0309, <a href=\"https:\/\/maybommini.com\/danh-muc\/thiet-bi-dung-cu\/han-ghep-pin\" target=\"_blank\" rel=\"noopener\">ma\u0301y ha\u0300n pin<\/a>, <a href=\"https:\/\/maybommini.com\/san-pham\/may-han-cell-pin-jst-3-220v-3kva\" target=\"_blank\" rel=\"noopener\">ma\u0301y ghe\u0301p cell pin<\/a> co nhi\u00ea\u0323t, ma\u0323ch ba\u0309o v\u00ea\u0323 pin va\u0300 nhi\u00ea\u0300u linh ki\u00ea\u0323n kha\u0301c du\u0300ng ghe\u0301p Pin.<br \/>\nWebsite: <a href=\"https:\/\/maybommini.com\" target=\"_blank\" rel=\"noopener\">https:\/\/maybommini.com<\/a><br \/>\nEmail: maybommini.com@gmail.com<\/p>\n<h3 style=\"text-align: center;\"><em><strong>M\u1ea1ch b\u1ea3o v\u1ec7 pin 12V 3S 5A<\/strong><\/em><\/h3>\n","protected":false},"excerpt":{"rendered":"<p>Model:\u00a012V-3S-5A<br \/>\nSa\u0323c va\u0300o: &lt; 5A<br \/>\nDo\u0300ng sa\u0309: &lt; 5A<br \/>\nQua\u0301 do\u0300ng: 10A &#8211; 15A<br \/>\nCell Pin: 3<br \/>\nK\u00edch th\u01b0\u1edbc: 50 * 17 * 3 mm<br \/>\nTro\u0323ng l\u01b0\u01a1\u0323ng: 50g<br \/>\nS\u1ea3n ph\u1ea9m cao c\u1ea5p<br \/>\nKh\u1eb3ng \u0111\u1ecbnh \u0111\u1ed9 an to\u00e0n, ch\u1ea5t l\u01b0\u1ee3ng s\u1ea3n ph\u1ea9m v\u1edbi ng\u01b0\u1eddi ti\u00eau dung.<br \/>\n<strong>H\u00f4\u0309 tr\u01a1\u0323 ky\u0303 thu\u00e2\u0323t vi\u0303nh vi\u00ea\u0303n.<\/strong><br \/>\n<strong>T\u01af V\u1ea4N K\u1ef8 THU\u1eacT \u2013 MUA H\u00c0NG<br \/>\n0908997823 \u2013 0908997872<br \/>\n0907294310 \u2013 02873030399<\/strong><\/p>\n","protected":false},"featured_media":261266,"comment_status":"open","ping_status":"closed","template":"","meta":[],"product_brand":[2227],"product_cat":[4498],"product_tag":[1407,1408,1409,1284,1410,2677,1411,2679,2678,430,431],"class_list":{"0":"post-257333","1":"product","2":"type-product","3":"status-publish","4":"has-post-thumbnail","6":"product_brand-mtm","7":"product_cat-3s-lithium-ion-3-7v","8":"product_tag-3-cell","9":"product_tag-bao-ve-qua-tai","10":"product_tag-cach-ghep-pin-sac","11":"product_tag-ghep-pin","12":"product_tag-mach-bao-ve","13":"product_tag-mach-bao-ve-pin","14":"product_tag-mach-ghep-pin","15":"product_tag-mach-han-cell-pin","16":"product_tag-mach-pin-3-cell","17":"product_tag-pin","18":"product_tag-pin-sac","20":"first","21":"instock","22":"shipping-taxable","23":"purchasable","24":"product-type-simple"},"_links":{"self":[{"href":"https:\/\/maybommini.vn\/index.php?rest_route=\/wp\/v2\/product\/257333","targetHints":{"allow":["GET"]}}],"collection":[{"href":"https:\/\/maybommini.vn\/index.php?rest_route=\/wp\/v2\/product"}],"about":[{"href":"https:\/\/maybommini.vn\/index.php?rest_route=\/wp\/v2\/types\/product"}],"replies":[{"embeddable":true,"href":"https:\/\/maybommini.vn\/index.php?rest_route=%2Fwp%2Fv2%2Fcomments&post=257333"}],"wp:featuredmedia":[{"embeddable":true,"href":"https:\/\/maybommini.vn\/index.php?rest_route=\/wp\/v2\/media\/261266"}],"wp:attachment":[{"href":"https:\/\/maybommini.vn\/index.php?rest_route=%2Fwp%2Fv2%2Fmedia&parent=257333"}],"wp:term":[{"taxonomy":"product_brand","embeddable":true,"href":"https:\/\/maybommini.vn\/index.php?rest_route=%2Fwp%2Fv2%2Fproduct_brand&post=257333"},{"taxonomy":"product_cat","embeddable":true,"href":"https:\/\/maybommini.vn\/index.php?rest_route=%2Fwp%2Fv2%2Fproduct_cat&post=257333"},{"taxonomy":"product_tag","embeddable":true,"href":"https:\/\/maybommini.vn\/index.php?rest_route=%2Fwp%2Fv2%2Fproduct_tag&post=257333"}],"curies":[{"name":"wp","href":"https:\/\/api.w.org\/{rel}","templated":true}]}}