{"id":257334,"date":"2018-04-12T19:45:43","date_gmt":"2018-04-12T12:45:43","guid":{"rendered":"https:\/\/maybommini.com\/san-pham\/import-placeholder-for-253565"},"modified":"2019-10-05T15:34:43","modified_gmt":"2019-10-05T08:34:43","slug":"ao-ve-sinh-may-lanh-am-tran-cao-cap","status":"publish","type":"product","link":"https:\/\/maybommini.vn\/?product=ao-ve-sinh-may-lanh-am-tran-cao-cap","title":{"rendered":"\u00c1o v\u1ec7 sinh m\u00e1y l\u1ea1nh \u00e2m tr\u1ea7n cao c\u1ea5p"},"content":{"rendered":"<p><em><strong>Chuy\u00ean b\u00e1n c\u00e1c lo\u1ea1i \u00e1o v\u1ec7 sinh m\u00e1y l\u1ea1nh l\u00e0\u00a0\u00e1o tr\u00f9m d\u00f9ng\u00a0\u0111\u1ec3 v\u1ec7 sinh cho c\u00e1c lo\u1ea1i m\u00e1y l\u1ea1nh\u00a0\u00e2m tr\u1ea7n nh\u00e0. V\u1edbi c\u00e1c lo\u1ea1i m\u00e1y l\u1ea1nh n\u00e0y khi v\u1ec7 sinh s\u1ebd\u00a0kh\u00f3 kh\u0103n h\u01a1n c\u00e1c lo\u1ea1i m\u00e1y l\u1ea1nh treo t\u01b0\u1eddng v\u00ec\u00a0\u0111\u01b0\u1ee3c th\u1ebf k\u1ebf\u00a0\u00e2m tr\u1ea7n n\u00ean d\u00f9ng\u00a0\u00e1o v\u1ec7 sinh m\u00e1y l\u1ea1nh chuy\u00ean d\u1ee5ng th\u00ec m\u1edbi c\u00f3 th\u1ec3 v\u1ec7 sinh\u00a0\u0111\u01b0\u1ee3c.<\/strong><\/em><\/p>\n<p><a href=\"https:\/\/maybommini.com\/wp-content\/uploads\/2018\/04\/tui-trum-ve-sinh-may-lanh-am-tran-Q536-2019.jpg\" target=\"_blank\" rel=\"noopener\"><img decoding=\"async\" class=\"size-full wp-image-260576 aligncenter\" src=\"https:\/\/maybommini.com\/wp-content\/uploads\/2018\/04\/tui-trum-ve-sinh-may-lanh-am-tran-Q536-2019.jpg\" alt=\"Tui Trum Ve Sinh May Lanh Am Tran Q536 2019\" width=\"820\" height=\"820\" srcset=\"https:\/\/maybommini.vn\/wp-content\/uploads\/2018\/04\/tui-trum-ve-sinh-may-lanh-am-tran-Q536-2019.jpg 820w, https:\/\/maybommini.vn\/wp-content\/uploads\/2018\/04\/tui-trum-ve-sinh-may-lanh-am-tran-Q536-2019-300x300.jpg 300w, https:\/\/maybommini.vn\/wp-content\/uploads\/2018\/04\/tui-trum-ve-sinh-may-lanh-am-tran-Q536-2019-150x150.jpg 150w, https:\/\/maybommini.vn\/wp-content\/uploads\/2018\/04\/tui-trum-ve-sinh-may-lanh-am-tran-Q536-2019-600x600.jpg 600w\" sizes=\"(max-width: 820px) 100vw, 820px\" \/><\/a><\/p>\n<p><strong>TH\u00d4NG S\u1ed0 K\u1ef8 THU\u1eacT<br \/>\n<\/strong>Model: Q-536<br \/>\nCh\u1ea5t li\u1ec7u: V\u1ea3i ch\u1ed1ng th\u1ea5m\u00a0cao c\u1ea5p.<br \/>\nKhung treo c\u00f3 th\u1ec3 l\u1eafp r\u00e1p.<br \/>\n\u1ed0ng d\u1eabn n\u01b0\u1edbc\u00a0\u1edf gi\u1eefa.<br \/>\nD\u00e2y treo 4 g\u00f3c.<br \/>\nK\u00edch th\u01b0\u1edbc: 1m x 1m<br \/>\nTr\u1ecdng l\u01b0\u1ee3ng: 1.5 kg<br \/>\nS\u1ea3n ph\u1ea9m nh\u1eadp kh\u1ea9u.<br \/>\n<a href=\"https:\/\/maybommini.com\/wp-content\/uploads\/2018\/04\/ao-trum-tui-rua-may-lanh-q-536.jpg\" target=\"_blank\" rel=\"noopener\"><img decoding=\"async\" class=\"size-full wp-image-260571 aligncenter\" src=\"https:\/\/maybommini.com\/wp-content\/uploads\/2018\/04\/ao-trum-tui-rua-may-lanh-q-536.jpg\" alt=\"Ao Trum Tui Rua May Lanh Q 536\" width=\"820\" height=\"820\" srcset=\"https:\/\/maybommini.vn\/wp-content\/uploads\/2018\/04\/ao-trum-tui-rua-may-lanh-q-536.jpg 820w, https:\/\/maybommini.vn\/wp-content\/uploads\/2018\/04\/ao-trum-tui-rua-may-lanh-q-536-300x300.jpg 300w, https:\/\/maybommini.vn\/wp-content\/uploads\/2018\/04\/ao-trum-tui-rua-may-lanh-q-536-150x150.jpg 150w, https:\/\/maybommini.vn\/wp-content\/uploads\/2018\/04\/ao-trum-tui-rua-may-lanh-q-536-600x600.jpg 600w\" sizes=\"(max-width: 820px) 100vw, 820px\" \/><\/a> <a href=\"https:\/\/maybommini.com\/wp-content\/uploads\/2018\/04\/chat-lieu-ao-trum-ve-sinh-may-lanh-cao-cap.jpg\" target=\"_blank\" rel=\"noopener\"><img decoding=\"async\" class=\"size-full wp-image-260573 aligncenter\" src=\"https:\/\/maybommini.com\/wp-content\/uploads\/2018\/04\/chat-lieu-ao-trum-ve-sinh-may-lanh-cao-cap.jpg\" alt=\"Chat Lieu Ao Trum Ve Sinh May Lanh Cao Cap\" width=\"820\" height=\"820\" srcset=\"https:\/\/maybommini.vn\/wp-content\/uploads\/2018\/04\/chat-lieu-ao-trum-ve-sinh-may-lanh-cao-cap.jpg 820w, https:\/\/maybommini.vn\/wp-content\/uploads\/2018\/04\/chat-lieu-ao-trum-ve-sinh-may-lanh-cao-cap-300x300.jpg 300w, https:\/\/maybommini.vn\/wp-content\/uploads\/2018\/04\/chat-lieu-ao-trum-ve-sinh-may-lanh-cao-cap-150x150.jpg 150w, https:\/\/maybommini.vn\/wp-content\/uploads\/2018\/04\/chat-lieu-ao-trum-ve-sinh-may-lanh-cao-cap-600x600.jpg 600w\" sizes=\"(max-width: 820px) 100vw, 820px\" \/><\/a> <a href=\"https:\/\/maybommini.com\/wp-content\/uploads\/2018\/04\/tui-rua-may-lanh-am-tran-gia-re.jpg\" target=\"_blank\" rel=\"noopener\"><img decoding=\"async\" class=\"size-full wp-image-260574 aligncenter\" src=\"https:\/\/maybommini.com\/wp-content\/uploads\/2018\/04\/tui-rua-may-lanh-am-tran-gia-re.jpg\" alt=\"Tui Rua May Lanh Am Tran Gia Re\" width=\"820\" height=\"820\" srcset=\"https:\/\/maybommini.vn\/wp-content\/uploads\/2018\/04\/tui-rua-may-lanh-am-tran-gia-re.jpg 820w, https:\/\/maybommini.vn\/wp-content\/uploads\/2018\/04\/tui-rua-may-lanh-am-tran-gia-re-300x300.jpg 300w, https:\/\/maybommini.vn\/wp-content\/uploads\/2018\/04\/tui-rua-may-lanh-am-tran-gia-re-150x150.jpg 150w, https:\/\/maybommini.vn\/wp-content\/uploads\/2018\/04\/tui-rua-may-lanh-am-tran-gia-re-600x600.jpg 600w\" sizes=\"(max-width: 820px) 100vw, 820px\" \/><\/a><\/p>\n<p><b>S\u1eec D\u1ee4NG \u00c1O V\u1ec6 SINH M\u00c1Y L\u1ea0NH \u00c2M TR\u1ea6N<br \/>\n<\/b>&#8211; D\u00f9ng\u00a0\u0111\u1ec3 v\u1ec7 sinh c\u00e1c lo\u1ea1i m\u00e1y l\u1ea1nh\u00a0\u00e2m tr\u1ea7n v\u00e0 m\u00e1y l\u1ea1nh c\u00f4ng nghi\u1ec7p.<br \/>\n&#8211; S\u1eed d\u1ee5ng\u00a0\u0111\u01a1n gi\u1ea3n l\u1eafp gh\u00e9p nhanh g\u1ecdn.<br \/>\n&#8211; Nh\u1eb9 d\u1ec5\u00a0mang theo.<br \/>\n&#8211; D\u00f9ng cho c\u00e1c d\u1ecbch v\u1ee5 v\u1ec7 sinh m\u00e1y l\u1ea1nh chuy\u00ean nghi\u1ec7p v\u00e0 Cty.<\/p>\n<p><a href=\"https:\/\/maybommini.com\/wp-content\/uploads\/2018\/04\/tui-trum-ve-sinh-may-lanh-am-tran-q536.jpg\" target=\"_blank\" rel=\"noopener\"><img decoding=\"async\" class=\"size-full wp-image-260575 aligncenter\" src=\"https:\/\/maybommini.com\/wp-content\/uploads\/2018\/04\/tui-trum-ve-sinh-may-lanh-am-tran-q536.jpg\" alt=\"Tui Trum Ve Sinh May Lanh Am Tran Q536\" width=\"820\" height=\"820\" srcset=\"https:\/\/maybommini.vn\/wp-content\/uploads\/2018\/04\/tui-trum-ve-sinh-may-lanh-am-tran-q536.jpg 820w, https:\/\/maybommini.vn\/wp-content\/uploads\/2018\/04\/tui-trum-ve-sinh-may-lanh-am-tran-q536-300x300.jpg 300w, https:\/\/maybommini.vn\/wp-content\/uploads\/2018\/04\/tui-trum-ve-sinh-may-lanh-am-tran-q536-150x150.jpg 150w, https:\/\/maybommini.vn\/wp-content\/uploads\/2018\/04\/tui-trum-ve-sinh-may-lanh-am-tran-q536-600x600.jpg 600w\" sizes=\"(max-width: 820px) 100vw, 820px\" \/><\/a> <a href=\"https:\/\/maybommini.com\/wp-content\/uploads\/2018\/04\/ao-rua-may-lanh-am-tran.jpg\" target=\"_blank\" rel=\"noopener\"><img decoding=\"async\" class=\"size-full wp-image-260570 aligncenter\" src=\"https:\/\/maybommini.com\/wp-content\/uploads\/2018\/04\/ao-rua-may-lanh-am-tran.jpg\" alt=\"Ao Rua May Lanh Am Tran\" width=\"820\" height=\"820\" srcset=\"https:\/\/maybommini.vn\/wp-content\/uploads\/2018\/04\/ao-rua-may-lanh-am-tran.jpg 820w, https:\/\/maybommini.vn\/wp-content\/uploads\/2018\/04\/ao-rua-may-lanh-am-tran-300x300.jpg 300w, https:\/\/maybommini.vn\/wp-content\/uploads\/2018\/04\/ao-rua-may-lanh-am-tran-150x150.jpg 150w, https:\/\/maybommini.vn\/wp-content\/uploads\/2018\/04\/ao-rua-may-lanh-am-tran-600x600.jpg 600w\" sizes=\"(max-width: 820px) 100vw, 820px\" \/><\/a> <a href=\"https:\/\/maybommini.com\/wp-content\/uploads\/2018\/04\/ao-ve-sinh-may-lanh-am-tran.jpg\" target=\"_blank\" rel=\"noopener\"><img decoding=\"async\" class=\"size-full wp-image-260572 aligncenter\" src=\"https:\/\/maybommini.com\/wp-content\/uploads\/2018\/04\/ao-ve-sinh-may-lanh-am-tran.jpg\" alt=\"Ao Ve Sinh May Lanh Am Tran\" width=\"820\" height=\"820\" srcset=\"https:\/\/maybommini.vn\/wp-content\/uploads\/2018\/04\/ao-ve-sinh-may-lanh-am-tran.jpg 820w, https:\/\/maybommini.vn\/wp-content\/uploads\/2018\/04\/ao-ve-sinh-may-lanh-am-tran-300x300.jpg 300w, https:\/\/maybommini.vn\/wp-content\/uploads\/2018\/04\/ao-ve-sinh-may-lanh-am-tran-150x150.jpg 150w, https:\/\/maybommini.vn\/wp-content\/uploads\/2018\/04\/ao-ve-sinh-may-lanh-am-tran-600x600.jpg 600w\" sizes=\"(max-width: 820px) 100vw, 820px\" \/><\/a><\/p>\n<p><b>MUA \u00c1O V\u1ec6 SINH M\u00c1Y L\u1ea0NH \u00c2M TR\u1ea6N \u1ede \u0110\u00c2U ?<\/b><br \/>\nMBM <a href=\"\/\/maybommini.com\\&quot;\" target=\"\\&quot;_blank\\&quot;\" rel=\"\\&quot;noopener\\&quot;\">M\u00e1y B\u01a1m Mini<\/a> chuy\u00ean cung c\u1ea5p c\u00e1c thi\u1ebft b\u1ecb v\u1ec7 sinh m\u00e1y l\u1ea1nh,\u00a0<a href=\"\/\/maybommini.com\/san-pham\/ao-ve-sinh-may-lanh-co-ong-xa-thai\\&quot;\" target=\"\\&quot;_blank\\&quot;\" rel=\"\\&quot;noopener\\&quot;\">\u00e1o v\u1ec7 sinh m\u00e1y l\u1ea1nh<\/a>\u00a0\u00e2m tr\u1ea7n cao c\u1ea5p, <a href=\"\/\/maybommini.com\/danh-muc\/may-bom-ap-luc-mini\\&quot;\" target=\"\\&quot;_blank\\&quot;\" rel=\"\\&quot;noopener\\&quot;\">m\u00e1y b\u01a1m\u00a0\u00e1p l\u1ef1c<\/a> x\u1ecbt r\u1eeda m\u00e1y l\u1ea1nh, s\u00fang x\u1ecbt m\u00e1y l\u1ea1nh, b\u00e9c x\u1ecbt m\u00e1y l\u1ea1nh v\u00e0 nhi\u1ec1u ph\u1ee5 ki\u1ec7n kh\u00e1c.<br \/>\nNgo\u00e0i ra M\u00e1y B\u01a1m Mini c\u00f2n b\u00e1n c\u00e1c lo\u1ea1i thi\u1ebft b\u1ecb kh\u00e1c nh\u01b0 M\u00e1y b\u01a1m Mini, m\u00e1y b\u01a1m ch\u00ecm, thi\u1ebft b\u1ecb oto, d\u1ee5ng c\u1ee5 c\u1ea7m tay, m\u00e1y b\u01a1m ho\u00e1 ch\u1ea5t, m\u00e1y phun s\u01b0\u01a1ng, thi\u1ebft b\u1ecb\u00a0\u0111i\u1ec7n t\u1eed.<br \/>\n<strong>Website:<\/strong>\u00a0https:\/\/maybommini.com<br \/>\n<strong>Email:<\/strong> maybommini.com@gmail.com<\/p>\n<h2 style=\"text-align: center\"><strong>Chuy\u00ean b\u00e1n \u00e1o v\u1ec7 sinh m\u00e1y l\u1ea1nh \u00e2m tr\u1ea7n cao c\u1ea5p<\/strong><\/h2>\n","protected":false},"excerpt":{"rendered":"<p><strong>\u00c1O V\u1ec6 SINH M\u00c1Y L\u1ea0NH<\/strong><br \/>\nModel: Q-536<br \/>\nCh\u1ea5t li\u1ec7u: V\u1ea3i ch\u1ed1ng th\u1ea5m n\u01b0\u1edbc\u00a0cao c\u1ea5p.<br \/>\nKh\u1ea3 n\u0103ng ch\u1ed1ng n\u01b0\u1edbc th\u1ea5m.<br \/>\nKhung treo c\u00f3 th\u1ec3 l\u1eafp r\u00e1p.<br \/>\n\u1ed0ng d\u1eabn n\u01b0\u1edbc\u00a0\u1edf gi\u1eefa.<br \/>\nD\u00e2y treo 4 g\u00f3c.<br \/>\nK\u00edch th\u01b0\u1edbc: 1m x 1m<br \/>\nTr\u1ecdng l\u01b0\u1ee3ng: 1.5 kg<br \/>\nS\u1ea3n ph\u1ea9m nh\u1eadp kh\u1ea9u.<\/p>\n","protected":false},"featured_media":260576,"comment_status":"open","ping_status":"closed","template":"","meta":[],"product_brand":[2227],"product_cat":[1738],"product_tag":[1412,1413,1414,1415,719,322,720,2573,316],"class_list":{"0":"post-257334","1":"product","2":"type-product","3":"status-publish","4":"has-post-thumbnail","6":"product_brand-mtm","7":"product_cat-ao-ve-sinh-may-lanh","8":"product_tag-am-tran","9":"product_tag-ao-mua","10":"product_tag-ao-trum-may-lanh","11":"product_tag-ao-ve-sinh","12":"product_tag-ao-ve-sinh-may-lanh","13":"product_tag-dung-cu","14":"product_tag-may-lanh","15":"product_tag-q-536","16":"product_tag-ve-sinh-may-lanh","18":"first","19":"instock","20":"sale","21":"shipping-taxable","22":"purchasable","23":"product-type-simple"},"_links":{"self":[{"href":"https:\/\/maybommini.vn\/index.php?rest_route=\/wp\/v2\/product\/257334","targetHints":{"allow":["GET"]}}],"collection":[{"href":"https:\/\/maybommini.vn\/index.php?rest_route=\/wp\/v2\/product"}],"about":[{"href":"https:\/\/maybommini.vn\/index.php?rest_route=\/wp\/v2\/types\/product"}],"replies":[{"embeddable":true,"href":"https:\/\/maybommini.vn\/index.php?rest_route=%2Fwp%2Fv2%2Fcomments&post=257334"}],"wp:featuredmedia":[{"embeddable":true,"href":"https:\/\/maybommini.vn\/index.php?rest_route=\/wp\/v2\/media\/260576"}],"wp:attachment":[{"href":"https:\/\/maybommini.vn\/index.php?rest_route=%2Fwp%2Fv2%2Fmedia&parent=257334"}],"wp:term":[{"taxonomy":"product_brand","embeddable":true,"href":"https:\/\/maybommini.vn\/index.php?rest_route=%2Fwp%2Fv2%2Fproduct_brand&post=257334"},{"taxonomy":"product_cat","embeddable":true,"href":"https:\/\/maybommini.vn\/index.php?rest_route=%2Fwp%2Fv2%2Fproduct_cat&post=257334"},{"taxonomy":"product_tag","embeddable":true,"href":"https:\/\/maybommini.vn\/index.php?rest_route=%2Fwp%2Fv2%2Fproduct_tag&post=257334"}],"curies":[{"name":"wp","href":"https:\/\/api.w.org\/{rel}","templated":true}]}}