{"id":257362,"date":"2018-04-12T19:46:04","date_gmt":"2018-04-12T12:46:04","guid":{"rendered":"https:\/\/maybommini.com\/san-pham\/import-placeholder-for-253567"},"modified":"2018-09-07T09:47:16","modified_gmt":"2018-09-07T02:47:16","slug":"may-bom-chan-khong-wk-1n1c-150w-2pa","status":"publish","type":"product","link":"https:\/\/maybommini.vn\/?product=may-bom-chan-khong-wk-1n1c-150w-2pa","title":{"rendered":"M\u00e1y b\u01a1m ch\u00e2n kh\u00f4ng WK-1N1C 150W 2Pa"},"content":{"rendered":"<h3>Ph\u00e2n ph\u1ed1i m\u00e1y b\u01a1m ch\u00e2n kh\u00f4ng WK-1N1C 150W 2Pa chuy\u00ean d\u1ee5ng cao c\u1ea5p nh\u1ecf g\u1ecdn d\u00f9ng trong nhi\u1ec1u l\u0129nh v\u1ef1c nh\u01b0 th\u1ef1c ph\u1ea9m,\u00a0\u0111i\u1ec7n l\u1ea1nh, trong c\u00f4ng nghi\u1ec7p v\u00e0 gia\u00a0\u0111\u00ecnh.\u00a0M\u00e1y b\u01a1m ch\u00e2n kh\u00f4ng l\u00e0 thi\u1ebft b\u1ecb s\u1eed d\u1ee5ng v\u1edbi m\u1ee5c \u0111\u00edch lo\u1ea1i b\u1ecf kh\u00f4ng kh\u00ed, ch\u1ea5t kh\u00ed, h\u01a1i n\u01b0\u1edbc ch\u1ea5t l\u1ecfng t\u1eeb kh\u00f4ng gian kh\u00e9p k\u00edn \u0111\u1ec3 t\u1ea1o ra ch\u00e2n kh\u00f4ng.K\u1ebft qu\u1ea3 c\u1ee7a vi\u1ec7c lo\u1ea1i b\u1ecf n\u00e0y nh\u1eb1m t\u1ea1o ra \u00e1p su\u1ea5t th\u1ea5p h\u01a1n \u00e1p su\u1ea5t kh\u00ed quy\u1ec3n xung quanh.<\/h3>\n<p><img decoding=\"async\" class=\"size-full wp-image-249350 aligncenter\" src=\"https:\/\/maybommini.com\/wp-content\/uploads\/2017\/07\/ban-may-hut-chan-khong.jpg\" alt=\"Ban May Hut Chan Khong\" width=\"750\" height=\"750\" srcset=\"https:\/\/maybommini.vn\/wp-content\/uploads\/2017\/07\/ban-may-hut-chan-khong.jpg 750w, https:\/\/maybommini.vn\/wp-content\/uploads\/2017\/07\/ban-may-hut-chan-khong-300x300.jpg 300w, https:\/\/maybommini.vn\/wp-content\/uploads\/2017\/07\/ban-may-hut-chan-khong-600x600.jpg 600w, https:\/\/maybommini.vn\/wp-content\/uploads\/2017\/07\/ban-may-hut-chan-khong-150x150.jpg 150w\" sizes=\"(max-width: 750px) 100vw, 750px\" \/><\/p>\n<h3 style=\"text-align: center;\">M\u00e1y b\u01a1m ch\u00e2n kh\u00f4ng WK-1N1C 150W 2Pa<\/h3>\n<p><strong>TH\u00d4NG S\u1ed0 K\u1ef8 THU\u1eacT<br \/>\n<\/strong>Th\u01b0\u01a1ng hi\u1ec7u: DSZH<br \/>\nModel: WK-1N1C<br \/>\n\u0110i\u1ec7n th\u1ebf: 220V 50hz<br \/>\nC\u00f4ng su\u1ea5t: 150W<br \/>\n\u00c1p l\u1ef1c h\u00fat: 2Pa<br \/>\nL\u01b0u l\u01b0\u1ee3ng: 3.6 M3\/h (m\u00e9t kh\u1ed1i)<br \/>\n\u1ed0ng h\u00fat: 12mm<br \/>\nCh\u1ea5t li\u1ec7u: \u0110\u1ed3ng\u00a0Nh\u00f4m Nh\u1ef1a ABS<br \/>\nTr\u1ecdng l\u01b0\u1ee3ng: 4.2 Kg<br \/>\nK\u00edch th\u01b0\u1edbc: 210 x 101 x 202 mm<br \/>\nK\u00e8m theo 1 b\u00ecnh d\u1ea7u m\u00e1y<br \/>\n<img decoding=\"async\" class=\"size-full wp-image-249352 aligncenter\" src=\"https:\/\/maybommini.com\/wp-content\/uploads\/2017\/07\/bom-chan-khong-220v.jpg\" alt=\"Bom Chan Khong 220v\" width=\"750\" height=\"750\" srcset=\"https:\/\/maybommini.vn\/wp-content\/uploads\/2017\/07\/bom-chan-khong-220v.jpg 750w, https:\/\/maybommini.vn\/wp-content\/uploads\/2017\/07\/bom-chan-khong-220v-300x300.jpg 300w, https:\/\/maybommini.vn\/wp-content\/uploads\/2017\/07\/bom-chan-khong-220v-600x600.jpg 600w, https:\/\/maybommini.vn\/wp-content\/uploads\/2017\/07\/bom-chan-khong-220v-150x150.jpg 150w\" sizes=\"(max-width: 750px) 100vw, 750px\" \/><\/p>\n<h3 style=\"text-align: center;\">M\u00e1y b\u01a1m ch\u00e2n kh\u00f4ng WK-1N1C 150W 2Pa<\/h3>\n<p><strong>S\u1eec D\u1ee4NG M\u00c1Y B\u01a0M CH\u00c2N KH\u00d4NG<\/strong><br \/>\n&#8211; D\u00f9ng m\u00e1y b\u01a1m ch\u00e2n kh\u00f4ng trong\u00a0\u0110i\u1ec7n l\u1ea1nh b\u01a1m h\u00fat m\u00e1y l\u1ea1nh.<br \/>\n&#8211; D\u00f9ng b\u01a1m h\u00fat ch\u00e2n kh\u00f4ng b\u1ea3o qu\u1ea3n th\u1ef1c ph\u1ea9m.<br \/>\n&#8211; D\u00f9ng m\u00e1y b\u01a1m ch\u00e2n kh\u00f4ng h\u00fat kh\u00f4ng kh\u00ed thi\u1ebft b\u1ecb.<br \/>\n&#8211; D\u00f9ng trong h\u1ec7 th\u1ed1ng m\u00e1y c\u00f4ng nghi\u1ec7p.<br \/>\n&#8211; D\u00f9ng trong ph\u00f2ng th\u00ed nghi\u1ec7m.<br \/>\n&#8211; D\u00f9ng trong y t\u1ebf.<br \/>\nH\u1ec7 th\u1ed1ng m\u00e1y b\u01a1m h\u00fat ch\u00e2n kh\u00f4ng \u0111\u01b0\u1ee3c \u1ee9ng d\u1ee5ng r\u1ed9ng r\u00e3i trong c\u00e1c ng\u00e0nh g\u1ed1m s\u1ee9, h\u00f3a h\u1ecdc, h\u00f3a d\u1ea7u, th\u1ef1c ph\u1ea9m, y t\u1ebf, d\u01b0\u1ee3c ph\u1ea9m.<\/p>\n<p><img decoding=\"async\" class=\"size-full wp-image-249353 aligncenter\" src=\"https:\/\/maybommini.com\/wp-content\/uploads\/2017\/07\/may-bom-hut-chan-khong.jpg\" alt=\"May Bom Hut Chan Khong\" width=\"750\" height=\"750\" srcset=\"https:\/\/maybommini.vn\/wp-content\/uploads\/2017\/07\/may-bom-hut-chan-khong.jpg 750w, https:\/\/maybommini.vn\/wp-content\/uploads\/2017\/07\/may-bom-hut-chan-khong-300x300.jpg 300w, https:\/\/maybommini.vn\/wp-content\/uploads\/2017\/07\/may-bom-hut-chan-khong-600x600.jpg 600w, https:\/\/maybommini.vn\/wp-content\/uploads\/2017\/07\/may-bom-hut-chan-khong-150x150.jpg 150w\" sizes=\"(max-width: 750px) 100vw, 750px\" \/><\/p>\n<h3 style=\"text-align: center;\">M\u00e1y b\u01a1m ch\u00e2n kh\u00f4ng WK-1N1C 150W 2Pa<\/h3>\n<p><strong>M\u00e1y b\u01a1m ch\u00e2n kh\u00f4ng Orion m\u00e0ng (Diaphragm Pump)<\/strong><br \/>\nHo\u1ea1t \u0111\u1ed9ng v\u1edbi nguy\u00ean l\u00fd h\u00fat \u0111\u1ea9y piston th\u00f4ng qua m\u00e0ng. S\u1ef1 thay \u0111\u1ed5i th\u1ec3 t\u00edch l\u00e0m vi\u1ec7c c\u1ee7a b\u01a1m sinh ra do c\u00f3 s\u1ef1 d\u1ecbch chuy\u1ec3n c\u1ee7a m\u00e0ng. H\u1ec7 th\u1ed1ng b\u01a1m ch\u00e2n kh\u00f4ng m\u00e0ng kh\u00f4ng c\u00f3 k\u1ebft c\u1ea5u l\u00e0m k\u00edn nh\u01b0 b\u01a1m ch\u00e2n kh\u00f4ng b\u1eb1ng piston n\u00ean ch\u00fang th\u01b0\u1eddng \u0111\u01b0\u1ee3c s\u1eed d\u1ee5ng \u0111\u1ec3 b\u01a1m c\u00e1c ch\u1ea5t l\u1ecfng b\u1ea9n, \u0111\u1ed9c h\u1ea1i.<br \/>\n<strong>B\u01a1m ch\u00e2n kh\u00f4ng d\u1ea7u (Oil Pump)<\/strong><br \/>\nH\u1ec7 th\u1ed1ng b\u01a1m h\u00fat ch\u00e2n kh\u00f4ng d\u1ea7u \u0111\u01b0\u1ee3c thi\u1ebft k\u1ebf v\u1edbi c\u00e1nh quay c\u00f3 l\u1ef1c quay l\u1edbn. S\u1eed d\u1ee5ng d\u1ea7u \u0111\u1ec3 l\u00e0m m\u00e1t v\u00e0 l\u00e0m k\u00edn. D\u00e3i c\u00f4ng su\u1ea5t l\u1edbn \u0111\u1ebfn 15KW v\u00e0 \u0111\u1ed9 ch\u00e2n kh\u00f4ng cao. \u1ee8ng d\u1ee5ng trong y t\u1ebf, b\u1ec7nh vi\u1ec7n, s\u1ea3n xu\u1ea5t nh\u1ef1a, k\u00ednh, \u2026<br \/>\n<strong>B\u01a1m ch\u00e2n kh\u00f4ng v\u00f2ng n\u01b0\u1edbc<br \/>\n<\/strong>B\u01a1m h\u00fat ch\u00e2n kh\u00f4ng v\u00f2ng n\u01b0\u1edbc s\u1eed d\u1ee5ng n\u01b0\u1edbc \u0111\u1ec3 l\u00e0m m\u00e1t v\u00e0 l\u00e0m k\u00edn. \u0110\u01b0\u1ee3c s\u1eed d\u1ee5ng trong c\u00e1c \u1ee9ng d\u1ee5ng c\u00f3 h\u01a1i n\u01b0\u1edbc, nhi\u1ec7t, h\u00f3a ch\u1ea5t .. v\u00ed d\u1ee5 nh\u01b0 s\u1ea3n xu\u1ea5t gi\u1ea5y, s\u1ea5y n\u00f4ng s\u1ea3n, g\u1ea1ch ng\u00f3i.<br \/>\nNgo\u00e0i c\u00e1c h\u1ec7 th\u1ed1ng b\u01a1m h\u00fat ch\u00e2n kh\u00f4ng ti\u00eau bi\u1ec3u tr\u00ean c\u00f2n m\u1ed9t s\u1ed1 lo\u1ea1i kh\u00e1c nh\u01b0 lo\u1ea1i s\u1eed d\u1ee5ng piston, tr\u1ee5c v\u00edt kh\u00f4.<\/p>\n<p><a href=\"https:\/\/maybommini.com\/wp-content\/uploads\/2018\/04\/ban-may-hut-chan-khong-chinh-hang.jpg\" target=\"_blank\" rel=\"noopener\"><img decoding=\"async\" class=\"size-full wp-image-260098 aligncenter\" src=\"https:\/\/maybommini.com\/wp-content\/uploads\/2018\/04\/ban-may-hut-chan-khong-chinh-hang.jpg\" alt=\"Ban May Hut Chan Khong Chinh Hang\" width=\"750\" height=\"750\" srcset=\"https:\/\/maybommini.vn\/wp-content\/uploads\/2018\/04\/ban-may-hut-chan-khong-chinh-hang.jpg 750w, https:\/\/maybommini.vn\/wp-content\/uploads\/2018\/04\/ban-may-hut-chan-khong-chinh-hang-300x300.jpg 300w, https:\/\/maybommini.vn\/wp-content\/uploads\/2018\/04\/ban-may-hut-chan-khong-chinh-hang-150x150.jpg 150w, https:\/\/maybommini.vn\/wp-content\/uploads\/2018\/04\/ban-may-hut-chan-khong-chinh-hang-600x600.jpg 600w\" sizes=\"(max-width: 750px) 100vw, 750px\" \/><\/a><\/p>\n<h3 style=\"text-align: center;\">M\u00e1y b\u01a1m ch\u00e2n kh\u00f4ng WK-1N1C 150W 2Pa<\/h3>\n","protected":false},"excerpt":{"rendered":"<p>Th\u01b0\u01a1ng hi\u1ec7u: DSZH<br \/>\nModel: WK-1N1C<br \/>\n\u0110i\u1ec7n th\u1ebf: 220V 50hz<br \/>\nC\u00f4ng su\u1ea5t: 150W<br \/>\n\u00c1p l\u1ef1c h\u00fat: 2Pa<br \/>\nL\u01b0u l\u01b0\u1ee3ng: 3.6 M3\/h (m\u00e9t kh\u1ed1i)<br \/>\n\u1ed0ng h\u00fat: 12mm<br \/>\nCh\u1ea5t li\u1ec7u: \u0110\u1ed3ng\u00a0Nh\u00f4m Nh\u1ef1a ABS<br \/>\nTr\u1ecdng l\u01b0\u1ee3ng: 4.2 Kg<br \/>\nK\u00edch th\u01b0\u1edbc: 210 x 101 x 202 mm<br \/>\nK\u00e8m theo 1 b\u00ecnh d\u1ea7u m\u00e1y<br \/>\nS\u1ea3n ph\u1ea9m nh\u1eadp kh\u1ea9u<br \/>\nB\u1ea3o h\u00e0nh: 6 th\u00e1ng ch\u00ednh h\u00e3ng<\/p>\n","protected":false},"featured_media":260098,"comment_status":"open","ping_status":"closed","template":"","meta":[],"product_brand":[2227],"product_cat":[2470],"product_tag":[500,2471,1416,863,1417,1418,1419,1420,1421],"class_list":{"0":"post-257362","1":"product","2":"type-product","3":"status-publish","4":"has-post-thumbnail","6":"product_brand-mtm","7":"product_cat-may-hut-chan-khong","8":"product_tag-220v","9":"product_tag-bom-chan-khong","10":"product_tag-bom-hut-khi","11":"product_tag-bom-thuc-pham","12":"product_tag-dien-lanh","13":"product_tag-may-bom-chan-khong","14":"product_tag-may-bom-hut","15":"product_tag-pa","16":"product_tag-wk-1n1c","18":"first","19":"instock","20":"sale","21":"shipping-taxable","22":"purchasable","23":"product-type-simple"},"_links":{"self":[{"href":"https:\/\/maybommini.vn\/index.php?rest_route=\/wp\/v2\/product\/257362","targetHints":{"allow":["GET"]}}],"collection":[{"href":"https:\/\/maybommini.vn\/index.php?rest_route=\/wp\/v2\/product"}],"about":[{"href":"https:\/\/maybommini.vn\/index.php?rest_route=\/wp\/v2\/types\/product"}],"replies":[{"embeddable":true,"href":"https:\/\/maybommini.vn\/index.php?rest_route=%2Fwp%2Fv2%2Fcomments&post=257362"}],"wp:featuredmedia":[{"embeddable":true,"href":"https:\/\/maybommini.vn\/index.php?rest_route=\/wp\/v2\/media\/260098"}],"wp:attachment":[{"href":"https:\/\/maybommini.vn\/index.php?rest_route=%2Fwp%2Fv2%2Fmedia&parent=257362"}],"wp:term":[{"taxonomy":"product_brand","embeddable":true,"href":"https:\/\/maybommini.vn\/index.php?rest_route=%2Fwp%2Fv2%2Fproduct_brand&post=257362"},{"taxonomy":"product_cat","embeddable":true,"href":"https:\/\/maybommini.vn\/index.php?rest_route=%2Fwp%2Fv2%2Fproduct_cat&post=257362"},{"taxonomy":"product_tag","embeddable":true,"href":"https:\/\/maybommini.vn\/index.php?rest_route=%2Fwp%2Fv2%2Fproduct_tag&post=257362"}],"curies":[{"name":"wp","href":"https:\/\/api.w.org\/{rel}","templated":true}]}}