{"id":257364,"date":"2018-04-12T19:46:04","date_gmt":"2018-04-12T12:46:04","guid":{"rendered":"https:\/\/maybommini.com\/san-pham\/import-placeholder-for-253569"},"modified":"2018-10-03T11:46:02","modified_gmt":"2018-10-03T04:46:02","slug":"sung-xit-tuoi-cay-rua-xe-sx-054","status":"publish","type":"product","link":"https:\/\/maybommini.vn\/?product=sung-xit-tuoi-cay-rua-xe-sx-054","title":{"rendered":"S\u00fang x\u1ecbt t\u01b0\u1edbi c\u00e2y r\u1eeda xe SX-054"},"content":{"rendered":"<p><em><strong>Ch\u00fang t\u00f4i chuy\u00ean b\u00e1n c\u00e1c lo\u1ea1i v\u00f2i s\u00fang x\u1ecbt t\u01b0\u1edbi c\u00e2y r\u1eeda xe v\u1ec7 sinh nh\u00e0 c\u1eeda cao c\u1ea5p\u00a0\u0111\u01b0\u1ee3c nh\u1eadp kh\u1ea9u v\u00e0 s\u1ea3n xu\u1ea5t t\u1ea1i Taiwan ch\u1ea5t l\u01b0\u1ee3ng t\u1ed1t nh\u1ea5t\u00a0\u0111\u1ec3 s\u1eed d\u1ee5ng l\u00e2u d\u00e0i trong gia\u00a0\u0111\u00ecnh v\u00e0 trong c\u00e1c l\u0129nh v\u1ef1c kh\u00e1c.<\/strong><\/em><\/p>\n<p><strong><img decoding=\"async\" class=\"wp-image-255292 size-full aligncenter\" src=\"http:\/\/maybommini.com.vn\/wp-content\/uploads\/2018\/01\/iodlgT_simg_d0daf0_800x1200_max.jpg\" alt=\"sung xit xa phong\" width=\"750\" height=\"750\" srcset=\"https:\/\/maybommini.vn\/wp-content\/uploads\/2018\/01\/iodlgT_simg_d0daf0_800x1200_max.jpg 750w, https:\/\/maybommini.vn\/wp-content\/uploads\/2018\/01\/iodlgT_simg_d0daf0_800x1200_max-300x300.jpg 300w, https:\/\/maybommini.vn\/wp-content\/uploads\/2018\/01\/iodlgT_simg_d0daf0_800x1200_max-600x600.jpg 600w, https:\/\/maybommini.vn\/wp-content\/uploads\/2018\/01\/iodlgT_simg_d0daf0_800x1200_max-150x150.jpg 150w\" sizes=\"(max-width: 750px) 100vw, 750px\" \/><br \/>\nTH\u00d4NG S\u1ed0 K\u1ef8 THU\u1eacT<\/strong><br \/>\nModel: SX-054<br \/>\nCh\u1ea5t li\u1ec7u: Kim lo\u1ea1i\u00a0v\u00e0 nh\u1ef1a ABS<br \/>\nN\u1ed1i\u00a0\u1ed1ng: N\u1ed1i nhanh<br \/>\n\u0110i\u1ec1u ch\u1ec9nh tia: C\u00f3<br \/>\nC\u00f3 b\u00ecnh ch\u1ee9a x\u00e0 ph\u00f2ng.<br \/>\nTr\u1ecdng l\u01b0\u1ee3ng: 150g<br \/>\nMade in Taiwan<\/p>\n<p><img decoding=\"async\" class=\"size-full wp-image-255293 aligncenter\" src=\"http:\/\/maybommini.com.vn\/wp-content\/uploads\/2018\/01\/kpmFAp_simg_d0daf0_800x1200_max.jpg\" alt=\"sung xit xa phong\" width=\"750\" height=\"750\" srcset=\"https:\/\/maybommini.vn\/wp-content\/uploads\/2018\/01\/kpmFAp_simg_d0daf0_800x1200_max.jpg 750w, https:\/\/maybommini.vn\/wp-content\/uploads\/2018\/01\/kpmFAp_simg_d0daf0_800x1200_max-300x300.jpg 300w, https:\/\/maybommini.vn\/wp-content\/uploads\/2018\/01\/kpmFAp_simg_d0daf0_800x1200_max-600x600.jpg 600w, https:\/\/maybommini.vn\/wp-content\/uploads\/2018\/01\/kpmFAp_simg_d0daf0_800x1200_max-150x150.jpg 150w\" sizes=\"(max-width: 750px) 100vw, 750px\" \/><\/p>\n<p><strong>S\u1eec D\u1ee4NG S\u00daNG X\u1ecaT T\u01af\u1edaI C\u00c2Y R\u1eecA XE<br \/>\n<\/strong>Nh\u1eefng lo\u1ea1i s\u00fang x\u1ecbt n\u00e0y d\u00f9ng cho h\u1ec7 th\u1ed1ng n\u01b0\u1edbc sinh ho\u1ea1t gia\u00a0\u0111\u00ecnh c\u00f3\u00a0\u00e1p l\u1ef1c n\u01b0\u1edbc t\u01b0\u01a1ng\u00a0\u0111\u1ed1i\u00a0\u0111\u1ec3 phun x\u1ecbt, c\u00f3 th\u1ec3 k\u1ebft h\u1ee3p d\u00f9ng cho nh\u1eefng m\u00e1y b\u01a1m t\u0103ng\u00a0\u00e1p\u00a0\u0111\u1ec3 c\u00f3 l\u1ef1c n\u01b0\u1edbc m\u1ea1nh h\u01a1n d\u1ec3 s\u1eed d\u1ee5ng.<br \/>\nD\u00f9ng t\u01b0\u1edbi c\u00e2y, v\u01b0\u1eddn hoa, c\u00e2y ki\u1ec3ng, t\u01b0\u1edbi nh\u00e0 v\u01b0\u1eddn.<br \/>\nD\u00f9ng x\u1ecbt v\u1ec7 sinh nh\u00e0 c\u1eeda.<br \/>\nD\u00f9ng r\u1eeda xe v\u1ec7 sinh m\u00e1y m\u00f3c thi\u1ebft b\u1ecb.<br \/>\nD\u00f9ng x\u1ecbt r\u1eeda nh\u00e0 h\u00e0ng qu\u00e1n\u00a0\u0103n.<br \/>\nD\u00f9ng trong nh\u00e0 m\u00e1y c\u00f4ng nhi\u1ec7p thi\u1ebft b\u1ecb.<br \/>\nD\u00f9ng v\u1ec7 sinh m\u00e1y l\u1ea1nh gia\u00a0\u0111\u00ecnh.<br \/>\nB\u1ea1n c\u0169ng c\u00f3 th\u1ec3 l\u1ef1a ch\u1ecdn th\u00eam c\u00e1c lo\u1ea1i <a href=\"https:\/\/maybommini.com\/danh-muc\/phu-kien-xit-rua-ap-luc\/sung-phun-nuoc-ap-luc-cao\" target=\"_blank\" rel=\"noopener\">s\u00fang x\u1ecbt<\/a> t\u01b0\u1edbi c\u00e2y r\u1eeda xe kh\u00e1c\u00a0\u0111\u1ec3 s\u1eed d\u1ee5ng ph\u00f9 h\u1ee3p h\u01a1n.<\/p>\n<p><img decoding=\"async\" class=\"size-full wp-image-255296 aligncenter\" src=\"http:\/\/maybommini.com.vn\/wp-content\/uploads\/2018\/01\/sung-rua-xe-xa-phong-bot-tuyet.jpg\" alt=\"Sung Rua Xe Xa Phong Bot Tuyet\" width=\"750\" height=\"750\" srcset=\"https:\/\/maybommini.vn\/wp-content\/uploads\/2018\/01\/sung-rua-xe-xa-phong-bot-tuyet.jpg 750w, https:\/\/maybommini.vn\/wp-content\/uploads\/2018\/01\/sung-rua-xe-xa-phong-bot-tuyet-150x150.jpg 150w, https:\/\/maybommini.vn\/wp-content\/uploads\/2018\/01\/sung-rua-xe-xa-phong-bot-tuyet-300x300.jpg 300w, https:\/\/maybommini.vn\/wp-content\/uploads\/2018\/01\/sung-rua-xe-xa-phong-bot-tuyet-600x600.jpg 600w, https:\/\/maybommini.vn\/wp-content\/uploads\/2018\/01\/sung-rua-xe-xa-phong-bot-tuyet-100x100.jpg 100w\" sizes=\"(max-width: 750px) 100vw, 750px\" \/> <img decoding=\"async\" class=\"wp-image-255297 size-full aligncenter\" src=\"http:\/\/maybommini.com.vn\/wp-content\/uploads\/2018\/01\/sung-rua-xe-xit-xa-tuoi-cay.jpg\" alt=\"Sung Rua Xe Xit Xa Tuoi Cay\" width=\"750\" height=\"750\" srcset=\"https:\/\/maybommini.vn\/wp-content\/uploads\/2018\/01\/sung-rua-xe-xit-xa-tuoi-cay.jpg 750w, https:\/\/maybommini.vn\/wp-content\/uploads\/2018\/01\/sung-rua-xe-xit-xa-tuoi-cay-150x150.jpg 150w, https:\/\/maybommini.vn\/wp-content\/uploads\/2018\/01\/sung-rua-xe-xit-xa-tuoi-cay-300x300.jpg 300w, https:\/\/maybommini.vn\/wp-content\/uploads\/2018\/01\/sung-rua-xe-xit-xa-tuoi-cay-600x600.jpg 600w, https:\/\/maybommini.vn\/wp-content\/uploads\/2018\/01\/sung-rua-xe-xit-xa-tuoi-cay-100x100.jpg 100w\" sizes=\"(max-width: 750px) 100vw, 750px\" \/><\/p>\n<p><img decoding=\"async\" class=\"size-full wp-image-255295 aligncenter\" src=\"http:\/\/maybommini.com.vn\/wp-content\/uploads\/2018\/01\/sung-xit-sa-phong-rua-xe-ve-sinh-may-lanh-1.jpg\" alt=\"Sung Xit Sa Phong Rua Xe Ve Sinh May Lanh\" width=\"750\" height=\"750\" srcset=\"https:\/\/maybommini.vn\/wp-content\/uploads\/2018\/01\/sung-xit-sa-phong-rua-xe-ve-sinh-may-lanh-1.jpg 750w, https:\/\/maybommini.vn\/wp-content\/uploads\/2018\/01\/sung-xit-sa-phong-rua-xe-ve-sinh-may-lanh-1-150x150.jpg 150w, https:\/\/maybommini.vn\/wp-content\/uploads\/2018\/01\/sung-xit-sa-phong-rua-xe-ve-sinh-may-lanh-1-300x300.jpg 300w, https:\/\/maybommini.vn\/wp-content\/uploads\/2018\/01\/sung-xit-sa-phong-rua-xe-ve-sinh-may-lanh-1-600x600.jpg 600w, https:\/\/maybommini.vn\/wp-content\/uploads\/2018\/01\/sung-xit-sa-phong-rua-xe-ve-sinh-may-lanh-1-100x100.jpg 100w\" sizes=\"(max-width: 750px) 100vw, 750px\" \/><\/p>\n<h4 style=\"text-align: center;\"><\/h4>\n<p><img decoding=\"async\" class=\"size-full wp-image-255294 aligncenter\" src=\"http:\/\/maybommini.com.vn\/wp-content\/uploads\/2018\/01\/sung-xit-rua-ve-ve-sinh-may-lanh-1.jpg\" alt=\"Sung Xit Rua Ve Ve Sinh May Lanh\" width=\"750\" height=\"750\" srcset=\"https:\/\/maybommini.vn\/wp-content\/uploads\/2018\/01\/sung-xit-rua-ve-ve-sinh-may-lanh-1.jpg 750w, https:\/\/maybommini.vn\/wp-content\/uploads\/2018\/01\/sung-xit-rua-ve-ve-sinh-may-lanh-1-150x150.jpg 150w, https:\/\/maybommini.vn\/wp-content\/uploads\/2018\/01\/sung-xit-rua-ve-ve-sinh-may-lanh-1-300x300.jpg 300w, https:\/\/maybommini.vn\/wp-content\/uploads\/2018\/01\/sung-xit-rua-ve-ve-sinh-may-lanh-1-600x600.jpg 600w, https:\/\/maybommini.vn\/wp-content\/uploads\/2018\/01\/sung-xit-rua-ve-ve-sinh-may-lanh-1-100x100.jpg 100w\" sizes=\"(max-width: 750px) 100vw, 750px\" \/><br \/>\n<strong>MUA S\u00daNG X\u1ecaT T\u01af\u1edaI C\u00c2Y R\u1eecA XE V\u1ec6 SINH M\u00c1Y L\u1ea0NH<br \/>\n<a href=\"https:\/\/maybommini.com\" target=\"_blank\" rel=\"noopener\">M\u00c1Y B\u01a0M MINI<\/a><\/strong><br \/>\nFacebook:\u00a0<a href=\"https:\/\/www.facebook.com\/maybommini\/\" target=\"_blank\" rel=\"noopener\">https:\/\/www.facebook.com\/maybommini\/<\/a><br \/>\nWebsite:\u00a0<a href=\"https:\/\/maybommini.com\" target=\"_blank\" rel=\"noopener\">https:\/\/maybommini.com<\/a><br \/>\nEmail:\u00a0maybommini.com@gmail.com<\/p>\n","protected":false},"excerpt":{"rendered":"<p>Model: SX-054<br \/>\nCh\u1ea5t li\u1ec7u: Kim lo\u1ea1i\u00a0v\u00e0 nh\u1ef1a ABS<br \/>\nN\u1ed1i\u00a0\u1ed1ng: N\u1ed1i nhanh<br \/>\n\u0110i\u1ec1u ch\u1ec9nh tia: C\u00f3<br \/>\nC\u00f3 b\u00ecnh ch\u1ee9a x\u00e0 ph\u00f2ng.<br \/>\nTr\u1ecdng l\u01b0\u1ee3ng: 150g<br \/>\nMade in Taiwan<\/p>\n","protected":false},"featured_media":257452,"comment_status":"open","ping_status":"closed","template":"","meta":[],"product_brand":[2227],"product_cat":[216],"product_tag":[1205,1995,1422,253,935,474,469,281,475],"class_list":{"0":"post-257364","1":"product","2":"type-product","3":"status-publish","4":"has-post-thumbnail","6":"product_brand-mtm","7":"product_cat-sung-phun-xit-ap-luc-cao","8":"product_tag-rua-xe-tuoi-cay","9":"product_tag-sung-rua-xe-xa-phong","10":"product_tag-sung-ve-sinh-may-lanh","11":"product_tag-sung-xit","12":"product_tag-taiwan","13":"product_tag-tuoi-cay","14":"product_tag-tuoi-lan","15":"product_tag-tuoi-vuon","16":"product_tag-ve-sinh-nha-cua","18":"first","19":"instock","20":"sale","21":"shipping-taxable","22":"purchasable","23":"product-type-simple"},"_links":{"self":[{"href":"https:\/\/maybommini.vn\/index.php?rest_route=\/wp\/v2\/product\/257364","targetHints":{"allow":["GET"]}}],"collection":[{"href":"https:\/\/maybommini.vn\/index.php?rest_route=\/wp\/v2\/product"}],"about":[{"href":"https:\/\/maybommini.vn\/index.php?rest_route=\/wp\/v2\/types\/product"}],"replies":[{"embeddable":true,"href":"https:\/\/maybommini.vn\/index.php?rest_route=%2Fwp%2Fv2%2Fcomments&post=257364"}],"wp:featuredmedia":[{"embeddable":true,"href":"https:\/\/maybommini.vn\/index.php?rest_route=\/wp\/v2\/media\/257452"}],"wp:attachment":[{"href":"https:\/\/maybommini.vn\/index.php?rest_route=%2Fwp%2Fv2%2Fmedia&parent=257364"}],"wp:term":[{"taxonomy":"product_brand","embeddable":true,"href":"https:\/\/maybommini.vn\/index.php?rest_route=%2Fwp%2Fv2%2Fproduct_brand&post=257364"},{"taxonomy":"product_cat","embeddable":true,"href":"https:\/\/maybommini.vn\/index.php?rest_route=%2Fwp%2Fv2%2Fproduct_cat&post=257364"},{"taxonomy":"product_tag","embeddable":true,"href":"https:\/\/maybommini.vn\/index.php?rest_route=%2Fwp%2Fv2%2Fproduct_tag&post=257364"}],"curies":[{"name":"wp","href":"https:\/\/api.w.org\/{rel}","templated":true}]}}