{"id":257366,"date":"2018-04-12T19:46:05","date_gmt":"2018-04-12T12:46:05","guid":{"rendered":"https:\/\/maybommini.com\/san-pham\/import-placeholder-for-253584"},"modified":"2020-02-22T11:21:32","modified_gmt":"2020-02-22T04:21:32","slug":"mang-may-bom-ap-luc-ro-phun-suong","status":"publish","type":"product","link":"https:\/\/maybommini.vn\/?product=mang-may-bom-ap-luc-ro-phun-suong","title":{"rendered":"M\u00e0ng m\u00e1y b\u01a1m \u00e1p l\u1ef1c RO phun s\u01b0\u01a1ng"},"content":{"rendered":"<p><em><strong>M\u00e0ng m\u00e1y b\u01a1m \u00e1p l\u1ef1c RO phun s\u01b0\u01a1ng la\u0300 ma\u0300ng rung cu\u0309a \u0111\u00e2\u0300u b\u01a1m ma\u0301y a\u0301p l\u01b0\u0323c b\u01a1m n\u01b0\u01a1\u0301c RO ho\u0103\u0323c ma\u0301y phun s\u01b0\u01a1ng. \u0110\u00e2y la\u0300 loa\u0323i ma\u0300ng cao c\u00e2\u0301p cu\u0309a c\u00f4ng nghi\u00ea\u0323p ma\u0301y b\u01a1m ma\u0300ng hi\u00ea\u0323n nay ch\u1ea5t l\u01b0\u1ee3ng cao c\u1ea5p si\u00eau b\u1ec1n t\u1eeb nh\u00e0 s\u1ea3n xu\u1ea5t.<\/strong><\/em><\/p>\n<p><img decoding=\"async\" class=\"size-full wp-image-255636 aligncenter\" src=\"https:\/\/maybommini.com.vn\/wp-content\/uploads\/2018\/01\/man-bom-1.jpg\" alt=\"Man Bom\" width=\"750\" height=\"750\" \/><\/p>\n<p><strong>TH\u00d4NG S\u00d4\u0301 KY\u0303 THU\u00c2\u0323T<br \/>\n<\/strong>Model: Ma\u0300ng ma\u0301y b\u01a1m RO<br \/>\nCh\u00e2\u0301t li\u00ea\u0323u: nh\u01b0\u0323a de\u0309o cao c\u00e2\u0301p<br \/>\nChi\u0323u rung \u0111\u00f4\u0323ng co gia\u0309n cao.<br \/>\nMa\u0300ng ma\u0301y b\u01a1m a\u0301p l\u01b0\u0323c RO lo\u0323c n\u01b0\u01a1\u0301c, ma\u0301y phun s\u01b0\u01a1ng, ma\u0301y b\u01a1m ho\u0301a ch\u00e2\u0301t&#8230; \u0111\u01b0\u01a1\u0323c thi\u00ea\u0301t k\u00ea\u0301 cho ca\u0301c loa\u0323i ma\u0301y b\u01a1m ma\u0300ng c\u00f4ng ngh\u00ea\u0323 m\u01a1\u0301i v\u01a1\u0301i \u0111\u00f4\u0323 chi\u0301nh xa\u0301c va\u0300 chi\u0323u rung \u0111\u00f4\u0323ng a\u0301p l\u01b0\u0323c cao.<\/p>\n<p><img decoding=\"async\" class=\"size-full wp-image-255637 aligncenter\" src=\"https:\/\/maybommini.com.vn\/wp-content\/uploads\/2018\/01\/man-bom-may-ro-phun-suong.jpg\" alt=\"Man Bom May Ro Phun Suong\" width=\"750\" height=\"750\" \/> <img decoding=\"async\" class=\"size-full wp-image-255638 aligncenter\" src=\"https:\/\/maybommini.com.vn\/wp-content\/uploads\/2018\/01\/man-may-bom-phun-suong.jpg\" alt=\"Man May Bom Phun Suong\" width=\"750\" height=\"750\" \/><\/p>\n<p><strong>Ma\u0300ng ma\u0301y b\u01a1m a\u0301p l\u01b0\u0323c RO phun s\u01b0\u01a1ng<br \/>\n<\/strong>Du\u0300ng thay th\u00ea\u0301 ma\u0300ng b\u01a1m cho ca\u0301c loa\u0323i ma\u0301y b\u01a1m phun s\u01b0\u01a1ng, ma\u0301y b\u01a1m lo\u0323c n\u01b0\u01a1\u0301c RO, ma\u0301y b\u01a1m a\u0301p l\u01b0\u0323c, va\u0300 nhi\u00ea\u0300u loa\u0323i ma\u0301y b\u01a1m kha\u0301c du\u0300ng c\u00f4ng ngh\u00ea\u0323 b\u01a1m ma\u0300ng.<br \/>\n<strong>Hotline:<\/strong>\u00a00907294310 \u2013 02873030399<br \/>\n<strong>Email:<\/strong>\u00a0maybommini.com@gmail.com<br \/>\n<strong>Website<\/strong>:\u00a0<a href=\"https:\/\/maybommini.com\/\" target=\"_blank\" rel=\"noopener\">https:\/\/maybommini.com<\/a><br \/>\n<strong>Facebook:<\/strong>\u00a0<a href=\"https:\/\/www.facebook.com\/maybommini\" target=\"_blank\" rel=\"noopener\">https:\/\/www.facebook.com\/maybommini<\/a><br \/>\n<strong>Youtube demo:<\/strong>\u00a0<a href=\"https:\/\/www.youtube.com\/bahamasali\" target=\"_blank\" rel=\"noopener\">https:\/\/www.youtube.com\/bahamasali<\/a><\/p>\n<h3 style=\"text-align: center;\"><strong>B\u00c1N M\u00c0NG M\u00c1Y B\u01a0M \u00c1P L\u1ef0C RO &#8211; PHUN S\u01af\u01a0NG<\/strong><\/h3>\n","protected":false},"excerpt":{"rendered":"<p>Model: Ma\u0300ng ma\u0301y b\u01a1m RO<br \/>\nCh\u00e2\u0301t li\u00ea\u0323u: nh\u01b0\u0323a de\u0309o cao c\u00e2\u0301p.<br \/>\nChi\u0323u rung \u0111\u00f4\u0323ng co gia\u0309n cao.<br \/>\nTrong l\u01b0\u01a1\u0323ng: 50 gam.<br \/>\nB\u1ea3o h\u00e0nh: 1 th\u00e1ng.<br \/>\n<strong>Ph\u00e2n ph\u1ed1i: Maybommini.com<\/strong><br \/>\n<strong>T\u01af V\u1ea4N K\u1ef8 THU\u1eacT \u2013 MUA H\u00c0NG<br \/>\n0908997823 \u2013 0908997872<br \/>\n0907294310 \u2013 02873030399<\/strong><\/p>\n","protected":false},"featured_media":257461,"comment_status":"open","ping_status":"closed","template":"","meta":[],"product_brand":[2227],"product_cat":[444,367],"product_tag":[1427,1428,1429,1430,1431],"class_list":{"0":"post-257366","1":"product","2":"type-product","3":"status-publish","4":"has-post-thumbnail","6":"product_brand-mtm","7":"product_cat-phu-kien-phun-suong","8":"product_cat-he-thong-phun-suong","9":"product_tag-bom-man","10":"product_tag-man-bom-phun-suong","11":"product_tag-man-may-bom-ap-luc","12":"product_tag-man-may-bom-nuoc","13":"product_tag-man-may-bom-ro","15":"first","16":"instock","17":"shipping-taxable","18":"purchasable","19":"product-type-simple"},"_links":{"self":[{"href":"https:\/\/maybommini.vn\/index.php?rest_route=\/wp\/v2\/product\/257366","targetHints":{"allow":["GET"]}}],"collection":[{"href":"https:\/\/maybommini.vn\/index.php?rest_route=\/wp\/v2\/product"}],"about":[{"href":"https:\/\/maybommini.vn\/index.php?rest_route=\/wp\/v2\/types\/product"}],"replies":[{"embeddable":true,"href":"https:\/\/maybommini.vn\/index.php?rest_route=%2Fwp%2Fv2%2Fcomments&post=257366"}],"wp:featuredmedia":[{"embeddable":true,"href":"https:\/\/maybommini.vn\/index.php?rest_route=\/wp\/v2\/media\/257461"}],"wp:attachment":[{"href":"https:\/\/maybommini.vn\/index.php?rest_route=%2Fwp%2Fv2%2Fmedia&parent=257366"}],"wp:term":[{"taxonomy":"product_brand","embeddable":true,"href":"https:\/\/maybommini.vn\/index.php?rest_route=%2Fwp%2Fv2%2Fproduct_brand&post=257366"},{"taxonomy":"product_cat","embeddable":true,"href":"https:\/\/maybommini.vn\/index.php?rest_route=%2Fwp%2Fv2%2Fproduct_cat&post=257366"},{"taxonomy":"product_tag","embeddable":true,"href":"https:\/\/maybommini.vn\/index.php?rest_route=%2Fwp%2Fv2%2Fproduct_tag&post=257366"}],"curies":[{"name":"wp","href":"https:\/\/api.w.org\/{rel}","templated":true}]}}