{"id":257396,"date":"2018-04-12T19:46:28","date_gmt":"2018-04-12T12:46:28","guid":{"rendered":"https:\/\/maybommini.com\/san-pham\/import-placeholder-for-253586"},"modified":"2020-05-19T10:35:16","modified_gmt":"2020-05-19T03:35:16","slug":"may-bom-ap-luc-mini-12v-130w-10l-dp-2800","status":"publish","type":"product","link":"https:\/\/maybommini.vn\/?product=may-bom-ap-luc-mini-12v-130w-10l-dp-2800","title":{"rendered":"M\u00e1y b\u01a1m \u00e1p l\u1ef1c mini 12V 130W 10L DP-2800"},"content":{"rendered":"<h3>M\u00e1y b\u01a1m \u00e1p l\u1ef1c mini 12V 130W 10L DP-2800 c\u00f3 th\u1ec3 d\u00f9ng r\u1eeda xe v\u1ec7\u00a0sinh m\u00e1y l\u1ea1nh phun thu\u1ed1c tr\u1eeb s\u00e2u r\u1ea5t t\u1ed1t v\u1edbi\u00a0\u00e1p l\u1ef1c l\u1edbn d\u00f9ng ngu\u1ed3n b\u00ecnh \u1eafc\u00a0quy ho\u1eb7c bi\u1ebfn th\u1ebf 12v g\u1ecdn nh\u1eb9 d\u1ec3 l\u1eafp \u0111\u1eb7t v\u00e0 mang \u0111i.<\/h3>\n<p><img decoding=\"async\" class=\"size-full wp-image-254467 aligncenter\" src=\"https:\/\/maybommini.com.vn\/wp-content\/uploads\/2018\/01\/bom-ap-luc-mini-12v-6.jpg\" alt=\"Bom Ap Luc Mini 12v\" width=\"750\" height=\"750\" srcset=\"https:\/\/maybommini.vn\/wp-content\/uploads\/2018\/01\/bom-ap-luc-mini-12v-6.jpg 750w, https:\/\/maybommini.vn\/wp-content\/uploads\/2018\/01\/bom-ap-luc-mini-12v-6-300x300.jpg 300w, https:\/\/maybommini.vn\/wp-content\/uploads\/2018\/01\/bom-ap-luc-mini-12v-6-600x600.jpg 600w, https:\/\/maybommini.vn\/wp-content\/uploads\/2018\/01\/bom-ap-luc-mini-12v-6-150x150.jpg 150w\" sizes=\"(max-width: 750px) 100vw, 750px\" \/><\/p>\n<p style=\"text-align: left;\"><strong>TH\u00d4NG S\u1ed0 K\u1ef8 THU\u1eacT<\/strong><br \/>\nTh\u01b0\u01a1ng hi\u1ec7u: <a href=\"https:\/\/maybommini.com\/?cat=0&amp;post_type=product&amp;s=SMARTPUMPS\" target=\"_blank\" rel=\"noopener noreferrer\">SMARTPUMPS<\/a><br \/>\nModel: DP-2800<br \/>\n\u0110i\u1ec7n th\u1ebf: 12V DC<br \/>\nC\u00f4ng su\u1ea5t: 130W<br \/>\n\u00c1p l\u1ef1c: 1.2 Mpa<br \/>\nL\u01b0u l\u01b0\u1ee3ng: 10 L<br \/>\nB\u01a1m cao: 8 M<br \/>\nH\u00fat s\u00e2u: 2 M<br \/>\nB\u01a1m \u0111\u1ea9y xa: 50M &#8211; 100M<br \/>\nC\u00f4ng t\u1eafc\u00a0\u00e1p l\u1ef1c t\u1ef1\u00a0\u0111\u1ed9ng.<br \/>\nD\u00f9ng\u00a0\u1ed1ng: 12mm &#8211; Ren trong 13mm<br \/>\nTr\u1ecdng l\u01b0\u1ee3ng: 1.8 Kg<br \/>\nCh\u1ea5t li\u1ec7u:\u00a0\u0110\u1ed3ng &#8211; Gang &#8211; Nh\u1ef1a ABS<\/p>\n<p><img decoding=\"async\" class=\"size-full wp-image-254468 aligncenter\" src=\"https:\/\/maybommini.com.vn\/wp-content\/uploads\/2018\/01\/bom-nuoc-mini-17.jpg\" alt=\"Bom Nuoc Mini\" width=\"750\" height=\"750\" srcset=\"https:\/\/maybommini.vn\/wp-content\/uploads\/2018\/01\/bom-nuoc-mini-17.jpg 750w, https:\/\/maybommini.vn\/wp-content\/uploads\/2018\/01\/bom-nuoc-mini-17-300x300.jpg 300w, https:\/\/maybommini.vn\/wp-content\/uploads\/2018\/01\/bom-nuoc-mini-17-600x600.jpg 600w, https:\/\/maybommini.vn\/wp-content\/uploads\/2018\/01\/bom-nuoc-mini-17-150x150.jpg 150w\" sizes=\"(max-width: 750px) 100vw, 750px\" \/> <img decoding=\"async\" class=\"size-full wp-image-254469 aligncenter\" src=\"https:\/\/maybommini.com.vn\/wp-content\/uploads\/2018\/01\/may-bom-rua-xe-mini-1.jpg\" alt=\"May Bom Rua Xe Mini\" width=\"750\" height=\"750\" srcset=\"https:\/\/maybommini.vn\/wp-content\/uploads\/2018\/01\/may-bom-rua-xe-mini-1.jpg 750w, https:\/\/maybommini.vn\/wp-content\/uploads\/2018\/01\/may-bom-rua-xe-mini-1-300x300.jpg 300w, https:\/\/maybommini.vn\/wp-content\/uploads\/2018\/01\/may-bom-rua-xe-mini-1-600x600.jpg 600w, https:\/\/maybommini.vn\/wp-content\/uploads\/2018\/01\/may-bom-rua-xe-mini-1-150x150.jpg 150w, https:\/\/maybommini.vn\/wp-content\/uploads\/2018\/01\/may-bom-rua-xe-mini-1-270x270.jpg 270w, https:\/\/maybommini.vn\/wp-content\/uploads\/2018\/01\/may-bom-rua-xe-mini-1-375x375.jpg 375w, https:\/\/maybommini.vn\/wp-content\/uploads\/2018\/01\/may-bom-rua-xe-mini-1-140x140.jpg 140w, https:\/\/maybommini.vn\/wp-content\/uploads\/2018\/01\/may-bom-rua-xe-mini-1-131x131.jpg 131w, https:\/\/maybommini.vn\/wp-content\/uploads\/2018\/01\/may-bom-rua-xe-mini-1-142x142.jpg 142w, https:\/\/maybommini.vn\/wp-content\/uploads\/2018\/01\/may-bom-rua-xe-mini-1-164x164.jpg 164w, https:\/\/maybommini.vn\/wp-content\/uploads\/2018\/01\/may-bom-rua-xe-mini-1-175x175.jpg 175w, https:\/\/maybommini.vn\/wp-content\/uploads\/2018\/01\/may-bom-rua-xe-mini-1-193x193.jpg 193w, https:\/\/maybommini.vn\/wp-content\/uploads\/2018\/01\/may-bom-rua-xe-mini-1-200x200.jpg 200w, https:\/\/maybommini.vn\/wp-content\/uploads\/2018\/01\/may-bom-rua-xe-mini-1-204x204.jpg 204w, https:\/\/maybommini.vn\/wp-content\/uploads\/2018\/01\/may-bom-rua-xe-mini-1-213x213.jpg 213w, https:\/\/maybommini.vn\/wp-content\/uploads\/2018\/01\/may-bom-rua-xe-mini-1-248x248.jpg 248w, https:\/\/maybommini.vn\/wp-content\/uploads\/2018\/01\/may-bom-rua-xe-mini-1-260x260.jpg 260w\" sizes=\"(max-width: 750px) 100vw, 750px\" \/><strong>M\u00e1y b\u01a1m \u00e1p l\u1ef1c mini 12V 130W 10L DP-2800<\/strong><\/p>\n<p><strong>S\u1eec\u00a0D\u1ee4NG M\u00c1Y B\u01a0M\u00a0\u00c1P L\u1ef0C MINI 12V DP-2800<\/strong><br \/>\n&#8211; D\u00f9ng m\u00e1y b\u01a1m\u00a0\u00e1p l\u1ef1c mini 12V DP-2800 d\u00f9ng r\u1eeda xe.<br \/>\n&#8211; S\u1eed d\u1ee5ng m\u00e1y b\u01a1m mini v\u1ec7 sinh m\u00e1y l\u1ea1nh.<br \/>\n&#8211; D\u00f9ng phun thu\u1ed1c tr\u1eeb s\u00e2u.<br \/>\n&#8211; D\u00f9ng l\u00e0m h\u1ec7 th\u1ed1ng t\u01b0\u1edbi c\u00e2y.<br \/>\n&#8211; D\u00f9ng l\u00e0m h\u1ec7 th\u1ed1ng phun s\u01b0\u01a1ng l\u00e0m m\u00e1t.<br \/>\n&#8211; D\u00f9ng trong h\u1ec7 th\u1ed1ng thu\u1ef7 canh.<br \/>\n&#8211; D\u00f9ng b\u01a1m n\u01b0\u1edbc v\u00e0 ho\u00e1 ch\u1ea5t kh\u00f4ng\u00a0\u0103n m\u00f2n.<br \/>\n&#8211; D\u00f9ng trong h\u1ec7 th\u1ed1ng c\u1ea5p n\u01b0\u1edbc.<br \/>\n&#8211; D\u00f9ng t\u0103ng\u00a0\u00e1p tr\u1ee3 l\u1ef1c m\u00e1y gi\u1eb7t.<br \/>\n&#8211; D\u00f9ng b\u01a1m n\u01b0\u1edbc l\u00ean cao.<br \/>\n&#8211; D\u00f9ng trong h\u1ec7 th\u1ed1ng b\u01a1m t\u1ef1\u00a0\u0111\u1ed9ng v\u00e0 c\u00f4ng nghi\u1ec7p.<\/p>\n<p><img decoding=\"async\" class=\"size-full wp-image-254470 aligncenter\" src=\"https:\/\/maybommini.com.vn\/wp-content\/uploads\/2018\/01\/may-bom-ve-sinh-may-lanh-phun-thuoc-sau-1.jpg\" alt=\"May Bom Ve Sinh May Lanh Phun Thuoc Sau\" width=\"750\" height=\"750\" srcset=\"https:\/\/maybommini.vn\/wp-content\/uploads\/2018\/01\/may-bom-ve-sinh-may-lanh-phun-thuoc-sau-1.jpg 750w, https:\/\/maybommini.vn\/wp-content\/uploads\/2018\/01\/may-bom-ve-sinh-may-lanh-phun-thuoc-sau-1-300x300.jpg 300w, https:\/\/maybommini.vn\/wp-content\/uploads\/2018\/01\/may-bom-ve-sinh-may-lanh-phun-thuoc-sau-1-600x600.jpg 600w, https:\/\/maybommini.vn\/wp-content\/uploads\/2018\/01\/may-bom-ve-sinh-may-lanh-phun-thuoc-sau-1-150x150.jpg 150w, https:\/\/maybommini.vn\/wp-content\/uploads\/2018\/01\/may-bom-ve-sinh-may-lanh-phun-thuoc-sau-1-270x270.jpg 270w, https:\/\/maybommini.vn\/wp-content\/uploads\/2018\/01\/may-bom-ve-sinh-may-lanh-phun-thuoc-sau-1-375x375.jpg 375w, https:\/\/maybommini.vn\/wp-content\/uploads\/2018\/01\/may-bom-ve-sinh-may-lanh-phun-thuoc-sau-1-140x140.jpg 140w, https:\/\/maybommini.vn\/wp-content\/uploads\/2018\/01\/may-bom-ve-sinh-may-lanh-phun-thuoc-sau-1-131x131.jpg 131w, https:\/\/maybommini.vn\/wp-content\/uploads\/2018\/01\/may-bom-ve-sinh-may-lanh-phun-thuoc-sau-1-142x142.jpg 142w, https:\/\/maybommini.vn\/wp-content\/uploads\/2018\/01\/may-bom-ve-sinh-may-lanh-phun-thuoc-sau-1-164x164.jpg 164w, https:\/\/maybommini.vn\/wp-content\/uploads\/2018\/01\/may-bom-ve-sinh-may-lanh-phun-thuoc-sau-1-175x175.jpg 175w, https:\/\/maybommini.vn\/wp-content\/uploads\/2018\/01\/may-bom-ve-sinh-may-lanh-phun-thuoc-sau-1-193x193.jpg 193w, https:\/\/maybommini.vn\/wp-content\/uploads\/2018\/01\/may-bom-ve-sinh-may-lanh-phun-thuoc-sau-1-200x200.jpg 200w, https:\/\/maybommini.vn\/wp-content\/uploads\/2018\/01\/may-bom-ve-sinh-may-lanh-phun-thuoc-sau-1-204x204.jpg 204w, https:\/\/maybommini.vn\/wp-content\/uploads\/2018\/01\/may-bom-ve-sinh-may-lanh-phun-thuoc-sau-1-213x213.jpg 213w, https:\/\/maybommini.vn\/wp-content\/uploads\/2018\/01\/may-bom-ve-sinh-may-lanh-phun-thuoc-sau-1-248x248.jpg 248w, https:\/\/maybommini.vn\/wp-content\/uploads\/2018\/01\/may-bom-ve-sinh-may-lanh-phun-thuoc-sau-1-260x260.jpg 260w\" sizes=\"(max-width: 750px) 100vw, 750px\" \/><br \/>\n<strong>B\u00c1N M\u00c1Y B\u01a0M N\u01af\u1edaC MINI\u00a0\u00c1P L\u1ef0C<\/strong><br \/>\n<a href=\"https:\/\/maybommini.com\" target=\"_blank\" rel=\"noopener noreferrer\"><strong>MBM M\u00e1y b\u01a1m mini<\/strong><\/a> l\u00e0 nh\u00e0 cung c\u1ea5p c\u00e1c lo\u1ea1i <a href=\"https:\/\/maybommini.com\/danh-muc\/may-bom-ap-luc-mini\" target=\"_blank\" rel=\"noopener noreferrer\">m\u00e1y b\u01a1m\u00a0\u00e1p l\u1ef1c<\/a> h\u00e0ng\u00a0\u0111\u1ea7u v\u1edbi nhi\u1ec1u ch\u1ee7ng lo\u1ea1i v\u1edbi s\u1ea3n ph\u1ea9n\u00a0\u0111\u01b0\u1ee3c nh\u1eadp kh\u1ea9u ch\u00ednh h\u00e3ng b\u00e0o h\u00e0nh t\u1ed1t cho kh\u00e1ch h\u00e0ng s\u1eed d\u1ee5ng l\u00e2u d\u00e0i.<br \/>\nV\u1edbi nhi\u1ec1u n\u0103m kinh nghi\u1ec7m trong l\u0129nh v\u1ef1c m\u00e1y b\u01a1m v\u00e0 thi\u1ebft b\u1ecb\u00a0\u0111i\u1ec7n ch\u00fang t\u00f4i lu\u00f4n cung c\u1ea5p nh\u1eefng s\u1ea3n ph\u1ea9m ch\u1ea5t l\u01b0\u1ee3ng v\u00e0 t\u1ed1t cho kh\u00e1ch h\u00e0ng v\u00e0 d\u1ecbch v\u1ee5 h\u1eadu m\u00e3i\u00a0\u01b0u ti\u00ean kh\u00e1ch h\u00e0ng.<\/p>\n<p><strong>CTY TNHH TH\u01af\u01a0NG M\u1ea0I D\u1ecaCH V\u1ee4 \u0110I\u1ec6N M\u00c1Y TH\u00d4NG MINH<\/strong><br \/>\n18Bis\/22\/3 Nguy\u1ec5n Th\u1ecb Minh Khai, Ph\u01b0\u1eddng \u0110akao, Qu\u1eadn 1 , H\u1ed3 Ch\u00ed Minh.<br \/>\nHotline : 090 729 4310<br \/>\nEmail : maybommini.com@gmail.com<br \/>\nWebsite : http:\/\/maybommini.com<br \/>\nFacebook : https:\/\/www.facebook.com\/maybommini<br \/>\nGoogle : https:\/\/plus.google.com\/ Maybomnuocminiruaxe<br \/>\nYoutube demo : https:\/\/www.youtube.com\/bahamasali<\/p>\n","protected":false},"excerpt":{"rendered":"<p>Th\u01b0\u01a1ng hi\u1ec7u: <a href=\"https:\/\/maybommini.com\/?cat=0&amp;post_type=product&amp;s=SMARTPUMPS\" target=\"_blank\" rel=\"noopener noreferrer\">SMARTPUMPS<\/a><br \/>\nModel: DP-2800<br \/>\n\u0110i\u1ec7n th\u1ebf: <a href=\"https:\/\/maybommini.com\/?cat=0&amp;post_type=product&amp;s=12v\" target=\"_blank\" rel=\"noopener noreferrer\">12V<\/a><br \/>\nC\u00f4ng su\u1ea5t: 130W<br \/>\n\u00c1p l\u1ef1c: 1.2 Mpa<br \/>\nL\u01b0u l\u01b0\u1ee3ng: 10 L<br \/>\nB\u01a1m cao: 8 M<br \/>\nB\u01a1m \u0111\u1ea9y xa: 50M &#8211; 100M<br \/>\nH\u00fat s\u00e2u: 2 M<br \/>\nC\u00f4ng t\u1eafc\u00a0\u00e1p l\u1ef1c t\u1ef1\u00a0\u0111\u1ed9ng.<br \/>\nD\u00f9ng\u00a0\u1ed1ng: 12mm &#8211; Ren trong 13mm<br \/>\nTr\u1ecdng l\u01b0\u1ee3ng: 1.8 Kg<br \/>\nCh\u1ea5t li\u1ec7u:\u00a0\u0110\u1ed3ng &#8211; Gang &#8211; Nh\u1ef1a ABS<br \/>\nB\u1ea3o h\u00e0nh: \u00a06 th\u00e1ng<br \/>\nPh\u00e2n ph\u1ed1i: Maybommini.com<br \/>\n<strong>H\u00f4\u0309 tr\u01a1\u0323 ky\u0303 thu\u00e2\u0323t vi\u0303nh vi\u00ea\u0303n.<\/strong><br \/>\n<strong>T\u01af V\u1ea4N K\u1ef8 THU\u1eacT \u2013 MUA H\u00c0NG<br \/>\n0908997823 \u2013 0908997872<br \/>\n0907294310 \u2013 02873030399<\/strong><\/p>\n","protected":false},"featured_media":257476,"comment_status":"open","ping_status":"closed","template":"","meta":[],"product_brand":[44],"product_cat":[197,196,224,225],"product_tag":[267,569,1434,235,1432,1435,1433,1436,207,231,275,277,210,420,474,316],"class_list":{"0":"post-257396","1":"product","2":"type-product","3":"status-publish","4":"has-post-thumbnail","6":"product_brand-smartpumps","7":"product_cat-may-bom-ap-luc-12v","8":"product_cat-may-bom-ap-luc-mini","9":"product_cat-may-bom-nuoc","10":"product_cat-may-bom-nuoc-mini-12v","11":"product_tag-12v","12":"product_tag-12v-120w","13":"product_tag-12v130w","14":"product_tag-bom-nuoc-mini","15":"product_tag-dp-2600","16":"product_tag-dp-2800","17":"product_tag-dp2600","18":"product_tag-dp2800","19":"product_tag-may-bom-ap-luc","20":"product_tag-may-bom-mini","21":"product_tag-mini","22":"product_tag-phun-suong","23":"product_tag-rua-xe","24":"product_tag-smartpumps","25":"product_tag-tuoi-cay","26":"product_tag-ve-sinh-may-lanh","28":"first","29":"instock","30":"sale","31":"shipping-taxable","32":"purchasable","33":"product-type-simple"},"_links":{"self":[{"href":"https:\/\/maybommini.vn\/index.php?rest_route=\/wp\/v2\/product\/257396","targetHints":{"allow":["GET"]}}],"collection":[{"href":"https:\/\/maybommini.vn\/index.php?rest_route=\/wp\/v2\/product"}],"about":[{"href":"https:\/\/maybommini.vn\/index.php?rest_route=\/wp\/v2\/types\/product"}],"replies":[{"embeddable":true,"href":"https:\/\/maybommini.vn\/index.php?rest_route=%2Fwp%2Fv2%2Fcomments&post=257396"}],"wp:featuredmedia":[{"embeddable":true,"href":"https:\/\/maybommini.vn\/index.php?rest_route=\/wp\/v2\/media\/257476"}],"wp:attachment":[{"href":"https:\/\/maybommini.vn\/index.php?rest_route=%2Fwp%2Fv2%2Fmedia&parent=257396"}],"wp:term":[{"taxonomy":"product_brand","embeddable":true,"href":"https:\/\/maybommini.vn\/index.php?rest_route=%2Fwp%2Fv2%2Fproduct_brand&post=257396"},{"taxonomy":"product_cat","embeddable":true,"href":"https:\/\/maybommini.vn\/index.php?rest_route=%2Fwp%2Fv2%2Fproduct_cat&post=257396"},{"taxonomy":"product_tag","embeddable":true,"href":"https:\/\/maybommini.vn\/index.php?rest_route=%2Fwp%2Fv2%2Fproduct_tag&post=257396"}],"curies":[{"name":"wp","href":"https:\/\/api.w.org\/{rel}","templated":true}]}}