{"id":257398,"date":"2018-04-12T19:46:28","date_gmt":"2018-04-12T12:46:28","guid":{"rendered":"https:\/\/maybommini.com\/san-pham\/import-placeholder-for-253588"},"modified":"2019-09-17T12:26:22","modified_gmt":"2019-09-17T05:26:22","slug":"may-bom-nuoc-nong-mini-12v-8l-3m-g12-zyb","status":"publish","type":"product","link":"https:\/\/maybommini.vn\/?product=may-bom-nuoc-nong-mini-12v-8l-3m-g12-zyb","title":{"rendered":"M\u00e1y b\u01a1m n\u01b0\u1edbc n\u00f3ng mini 12V 8L 3M G12-ZYB"},"content":{"rendered":"<h3><strong>M\u00e1y b\u01a1m n\u01b0\u1edbc n\u00f3ng mini 12V 8L 3M G12-ZYB l\u00e0 lo\u1ea1i m\u00e1y b\u01a1m n\u01b0\u1edbc c\u00f3 thi\u1ebft k\u1ebf nh\u1ecf g\u1ecdn d\u00f9ng\u00a0\u0111i\u1ec7n DC 12V\u00a0\u0111\u1ec3 b\u01a1m n\u01b0\u1edbc n\u00f3ng l\u1ea1nh, b\u01a1m th\u1ef1c ph\u1ea9m, b\u01a1m tr\u1ee3 l\u1ef1c m\u00e1y n\u01b0\u1edbc n\u00f3ng v\u00e0 b\u01a1m tu\u1ea7n ho\u00e0n n\u01b0\u1edbc t\u1ea3n nhi\u1ec7t trong h\u1ec7 th\u1ed1ng v\u1edbi\u00a0\u0111\u1eb7c t\u00ednh ch\u1ecbu\u00a0\u0111\u01b0\u1ee3c nhi\u1ec7t\u00a0\u0111\u1ed9 cao.<\/strong><\/h3>\n<p><a href=\"https:\/\/maybommini.com\/wp-content\/uploads\/2018\/04\/may-bom-tro-luc-2.jpg\" target=\"_blank\" rel=\"noopener\"><img decoding=\"async\" class=\"size-full wp-image-263491 aligncenter\" src=\"https:\/\/maybommini.com\/wp-content\/uploads\/2018\/04\/may-bom-tro-luc-2.jpg\" alt=\"May Bom Tro Luc\" width=\"750\" height=\"750\" srcset=\"https:\/\/maybommini.vn\/wp-content\/uploads\/2018\/04\/may-bom-tro-luc-2.jpg 750w, https:\/\/maybommini.vn\/wp-content\/uploads\/2018\/04\/may-bom-tro-luc-2-300x300.jpg 300w, https:\/\/maybommini.vn\/wp-content\/uploads\/2018\/04\/may-bom-tro-luc-2-150x150.jpg 150w, https:\/\/maybommini.vn\/wp-content\/uploads\/2018\/04\/may-bom-tro-luc-2-600x600.jpg 600w\" sizes=\"(max-width: 750px) 100vw, 750px\" \/><\/a><strong>TH\u00d4NG S\u1ed0 K\u1ef8 THU\u1eacT<\/strong><br \/>\nTh\u01b0\u01a1ng hi\u1ec7u: SmartPumps<br \/>\nModel: G12-ZYB<br \/>\n\u0110i\u1ec7n th\u1ebf: DC 12V<br \/>\nC\u00f4ng su\u1ea5t: 14.4W<br \/>\nL\u01b0u l\u01b0\u1ee3ng: 8 L\/Ph\u00fat<br \/>\nB\u01a1m cao: 3 M\u00e9t<br \/>\nRen g\u1eafn \u1ed1ng: 21 mm<br \/>\nNhi\u1ec7t\u00a0\u0111\u1ed9 n\u01b0\u1edbc t\u1ed1i\u00a0\u0111a: 130\u00a0\u0110\u1ed9 C<br \/>\nCh\u1ea5t li\u1ec7u: Nh\u1ef1a ch\u1ecbu nhi\u1ec7t &#8211;\u00a0\u0110\u1ed3ng<br \/>\nLo\u1ea1i m\u00e1y b\u01a1m c\u00e1nh qu\u1ea1t.<br \/>\nMotor d\u00f9ng c\u00f4ng ngh\u1ec7 \u0111i\u1ec7n t\u1eeb.<br \/>\nM\u00e1y b\u01a1m kh\u00f4ng ch\u1ed5i than.<br \/>\nK\u00edch th\u01b0\u1edbc: 92 x 63 x 37 mm<br \/>\nTr\u1ecdng l\u01b0\u1ee3ng: 200 gam.<\/p>\n<p><a href=\"https:\/\/maybommini.com\/wp-content\/uploads\/2018\/04\/may-bom-nuoc-nong-mini-12v.jpg\" target=\"_blank\" rel=\"noopener\"><img decoding=\"async\" class=\"size-full wp-image-263490 aligncenter\" src=\"https:\/\/maybommini.com\/wp-content\/uploads\/2018\/04\/may-bom-nuoc-nong-mini-12v.jpg\" alt=\"May Bom Nuoc Nong Mini 12v\" width=\"750\" height=\"750\" srcset=\"https:\/\/maybommini.vn\/wp-content\/uploads\/2018\/04\/may-bom-nuoc-nong-mini-12v.jpg 750w, https:\/\/maybommini.vn\/wp-content\/uploads\/2018\/04\/may-bom-nuoc-nong-mini-12v-300x300.jpg 300w, https:\/\/maybommini.vn\/wp-content\/uploads\/2018\/04\/may-bom-nuoc-nong-mini-12v-150x150.jpg 150w, https:\/\/maybommini.vn\/wp-content\/uploads\/2018\/04\/may-bom-nuoc-nong-mini-12v-600x600.jpg 600w\" sizes=\"(max-width: 750px) 100vw, 750px\" \/><\/a> <a href=\"https:\/\/maybommini.com\/wp-content\/uploads\/2018\/04\/may-bom-nuoc-mini-12V-G12-ZYB.jpg\" target=\"_blank\" rel=\"noopener\"><img decoding=\"async\" class=\"size-full wp-image-263489 aligncenter\" src=\"https:\/\/maybommini.com\/wp-content\/uploads\/2018\/04\/may-bom-nuoc-mini-12V-G12-ZYB.jpg\" alt=\"May Bom Nuoc Mini 12V G12 ZYB\" width=\"750\" height=\"750\" srcset=\"https:\/\/maybommini.vn\/wp-content\/uploads\/2018\/04\/may-bom-nuoc-mini-12V-G12-ZYB.jpg 750w, https:\/\/maybommini.vn\/wp-content\/uploads\/2018\/04\/may-bom-nuoc-mini-12V-G12-ZYB-300x300.jpg 300w, https:\/\/maybommini.vn\/wp-content\/uploads\/2018\/04\/may-bom-nuoc-mini-12V-G12-ZYB-150x150.jpg 150w, https:\/\/maybommini.vn\/wp-content\/uploads\/2018\/04\/may-bom-nuoc-mini-12V-G12-ZYB-600x600.jpg 600w\" sizes=\"(max-width: 750px) 100vw, 750px\" \/><\/a> <a href=\"https:\/\/maybommini.com\/wp-content\/uploads\/2018\/04\/bom-nuoc-tuan-hoan-tan-nhiet-12V.jpg\" target=\"_blank\" rel=\"noopener\"><img decoding=\"async\" class=\"size-full wp-image-263488 aligncenter\" src=\"https:\/\/maybommini.com\/wp-content\/uploads\/2018\/04\/bom-nuoc-tuan-hoan-tan-nhiet-12V.jpg\" alt=\"Bom Nuoc Tuan Hoan Tan Nhiet 12V\" width=\"750\" height=\"750\" srcset=\"https:\/\/maybommini.vn\/wp-content\/uploads\/2018\/04\/bom-nuoc-tuan-hoan-tan-nhiet-12V.jpg 750w, https:\/\/maybommini.vn\/wp-content\/uploads\/2018\/04\/bom-nuoc-tuan-hoan-tan-nhiet-12V-300x300.jpg 300w, https:\/\/maybommini.vn\/wp-content\/uploads\/2018\/04\/bom-nuoc-tuan-hoan-tan-nhiet-12V-150x150.jpg 150w, https:\/\/maybommini.vn\/wp-content\/uploads\/2018\/04\/bom-nuoc-tuan-hoan-tan-nhiet-12V-600x600.jpg 600w\" sizes=\"(max-width: 750px) 100vw, 750px\" \/><\/a><\/p>\n<p><strong>S\u1eec D\u1ee4NG M\u00c1Y B\u01a0M N\u01af\u1edaC N\u00d3NG MINI<\/strong><br \/>\n&#8211; D\u00f9ng b\u01a1m tr\u1ee3 l\u1ef1c n\u00f3ng l\u1ea1nh.<br \/>\n&#8211; D\u00f9ng b\u01a1m n\u01b0\u1edbc tr\u1ee3 l\u1ef1c m\u00e1y n\u01b0\u1edbc n\u00f3ng.<br \/>\n&#8211; D\u00f9ng b\u01a1m tr\u1ee3 l\u1ef1c n\u01b0\u1edbc n\u00f3ng n\u0103ng l\u01b0\u1ee3ng m\u1eb7t tr\u1eddi.<br \/>\n&#8211; D\u00f9ng b\u01a1m tu\u1ea7n ho\u00e0n t\u1ea3n nhi\u1ec7t.<br \/>\n&#8211; D\u00f9ng b\u01a1m n\u01b0\u1edbc tu\u1ea7n ho\u00e0n t\u1ea3n nhi\u1ec7t h\u1ec7 th\u1ed1ng.<br \/>\n&#8211; D\u00f9ng b\u01a1m tu\u1ea7n ho\u00e0n t\u1ea3n nhi\u1ec7t xe\u00a0\u0111\u1ed9, xe oto, xe t\u1ea3i.<br \/>\n&#8211; D\u00f9ng b\u01a1m n\u01b0\u1edbc tu\u1ea7n ho\u00e0n t\u1ea3n nhi\u1ec7t m\u00e1y t\u00ednh.<br \/>\n&#8211; D\u00f9ng b\u01a1m n\u01b0\u1edbc.<br \/>\n&#8211; D\u00f9ng b\u01a1m th\u1ef1c ph\u1ea9m, b\u01a1m n\u1ea5u bia,&#8230;<\/p>\n<p><a href=\"https:\/\/maybommini.com\/wp-content\/uploads\/2018\/04\/bom-nuoc-nong-mini-tro-luc.jpg\" target=\"_blank\" rel=\"noopener\"><img decoding=\"async\" class=\"size-full wp-image-263487 aligncenter\" src=\"https:\/\/maybommini.com\/wp-content\/uploads\/2018\/04\/bom-nuoc-nong-mini-tro-luc.jpg\" alt=\"Bom Nuoc Nong Mini Tro Luc\" width=\"750\" height=\"750\" srcset=\"https:\/\/maybommini.vn\/wp-content\/uploads\/2018\/04\/bom-nuoc-nong-mini-tro-luc.jpg 750w, https:\/\/maybommini.vn\/wp-content\/uploads\/2018\/04\/bom-nuoc-nong-mini-tro-luc-300x300.jpg 300w, https:\/\/maybommini.vn\/wp-content\/uploads\/2018\/04\/bom-nuoc-nong-mini-tro-luc-150x150.jpg 150w, https:\/\/maybommini.vn\/wp-content\/uploads\/2018\/04\/bom-nuoc-nong-mini-tro-luc-600x600.jpg 600w\" sizes=\"(max-width: 750px) 100vw, 750px\" \/><\/a> <a href=\"https:\/\/maybommini.com\/wp-content\/uploads\/2018\/04\/ban-bom-nuoc-nong-mini-gia-re.jpg\" target=\"_blank\" rel=\"noopener\"><img decoding=\"async\" class=\"size-full wp-image-263486 aligncenter\" src=\"https:\/\/maybommini.com\/wp-content\/uploads\/2018\/04\/ban-bom-nuoc-nong-mini-gia-re.jpg\" alt=\"Ban Bom Nuoc Nong Mini Gia Re\" width=\"750\" height=\"750\" srcset=\"https:\/\/maybommini.vn\/wp-content\/uploads\/2018\/04\/ban-bom-nuoc-nong-mini-gia-re.jpg 750w, https:\/\/maybommini.vn\/wp-content\/uploads\/2018\/04\/ban-bom-nuoc-nong-mini-gia-re-300x300.jpg 300w, https:\/\/maybommini.vn\/wp-content\/uploads\/2018\/04\/ban-bom-nuoc-nong-mini-gia-re-150x150.jpg 150w, https:\/\/maybommini.vn\/wp-content\/uploads\/2018\/04\/ban-bom-nuoc-nong-mini-gia-re-600x600.jpg 600w\" sizes=\"(max-width: 750px) 100vw, 750px\" \/><\/a><\/p>\n<p><a href=\"https:\/\/maybommini.com\/wp-content\/uploads\/2018\/04\/Water-Circulation-pump.jpg\" target=\"_blank\" rel=\"noopener\"><img decoding=\"async\" class=\"size-full wp-image-263501 aligncenter\" src=\"https:\/\/maybommini.com\/wp-content\/uploads\/2018\/04\/Water-Circulation-pump.jpg\" alt=\"Water Circulation Pump\" width=\"750\" height=\"750\" srcset=\"https:\/\/maybommini.vn\/wp-content\/uploads\/2018\/04\/Water-Circulation-pump.jpg 750w, https:\/\/maybommini.vn\/wp-content\/uploads\/2018\/04\/Water-Circulation-pump-300x300.jpg 300w, https:\/\/maybommini.vn\/wp-content\/uploads\/2018\/04\/Water-Circulation-pump-150x150.jpg 150w, https:\/\/maybommini.vn\/wp-content\/uploads\/2018\/04\/Water-Circulation-pump-600x600.jpg 600w\" sizes=\"(max-width: 750px) 100vw, 750px\" \/><\/a> <a href=\"https:\/\/maybommini.com\/wp-content\/uploads\/2018\/04\/kich-thuoc-may-bom-nuoc-nong-mini.jpg\" target=\"_blank\" rel=\"noopener\"><img decoding=\"async\" class=\"size-full wp-image-263500 aligncenter\" src=\"https:\/\/maybommini.com\/wp-content\/uploads\/2018\/04\/kich-thuoc-may-bom-nuoc-nong-mini.jpg\" alt=\"Kich Thuoc May Bom Nuoc Nong Mini\" width=\"750\" height=\"750\" srcset=\"https:\/\/maybommini.vn\/wp-content\/uploads\/2018\/04\/kich-thuoc-may-bom-nuoc-nong-mini.jpg 750w, https:\/\/maybommini.vn\/wp-content\/uploads\/2018\/04\/kich-thuoc-may-bom-nuoc-nong-mini-300x300.jpg 300w, https:\/\/maybommini.vn\/wp-content\/uploads\/2018\/04\/kich-thuoc-may-bom-nuoc-nong-mini-150x150.jpg 150w, https:\/\/maybommini.vn\/wp-content\/uploads\/2018\/04\/kich-thuoc-may-bom-nuoc-nong-mini-600x600.jpg 600w\" sizes=\"(max-width: 750px) 100vw, 750px\" \/><\/a> <a href=\"https:\/\/maybommini.com\/wp-content\/uploads\/2018\/04\/bom-nuoc-nguon-13o-do-C.jpg\" target=\"_blank\" rel=\"noopener\"><img decoding=\"async\" class=\"size-full wp-image-263499 aligncenter\" src=\"https:\/\/maybommini.com\/wp-content\/uploads\/2018\/04\/bom-nuoc-nguon-13o-do-C.jpg\" alt=\"Bom Nuoc Nguon 13o Do C\" width=\"750\" height=\"750\" srcset=\"https:\/\/maybommini.vn\/wp-content\/uploads\/2018\/04\/bom-nuoc-nguon-13o-do-C.jpg 750w, https:\/\/maybommini.vn\/wp-content\/uploads\/2018\/04\/bom-nuoc-nguon-13o-do-C-300x300.jpg 300w, https:\/\/maybommini.vn\/wp-content\/uploads\/2018\/04\/bom-nuoc-nguon-13o-do-C-150x150.jpg 150w, https:\/\/maybommini.vn\/wp-content\/uploads\/2018\/04\/bom-nuoc-nguon-13o-do-C-600x600.jpg 600w\" sizes=\"(max-width: 750px) 100vw, 750px\" \/><\/a> <a href=\"https:\/\/maybommini.com\/wp-content\/uploads\/2018\/04\/ban-may-bom-nuoc-nong-oto-xe-may-12v-24v.jpg\" target=\"_blank\" rel=\"noopener\"><img decoding=\"async\" class=\"size-full wp-image-263498 aligncenter\" src=\"https:\/\/maybommini.com\/wp-content\/uploads\/2018\/04\/ban-may-bom-nuoc-nong-oto-xe-may-12v-24v.jpg\" alt=\"Ban May Bom Nuoc Nong Oto Xe May 12v 24v\" width=\"750\" height=\"750\" srcset=\"https:\/\/maybommini.vn\/wp-content\/uploads\/2018\/04\/ban-may-bom-nuoc-nong-oto-xe-may-12v-24v.jpg 750w, https:\/\/maybommini.vn\/wp-content\/uploads\/2018\/04\/ban-may-bom-nuoc-nong-oto-xe-may-12v-24v-300x300.jpg 300w, https:\/\/maybommini.vn\/wp-content\/uploads\/2018\/04\/ban-may-bom-nuoc-nong-oto-xe-may-12v-24v-150x150.jpg 150w, https:\/\/maybommini.vn\/wp-content\/uploads\/2018\/04\/ban-may-bom-nuoc-nong-oto-xe-may-12v-24v-600x600.jpg 600w\" sizes=\"(max-width: 750px) 100vw, 750px\" \/><\/a> <a href=\"https:\/\/maybommini.com\/wp-content\/uploads\/2018\/04\/12V-24V-Hot-Cooling-Water-Circulation-pump.jpg\" target=\"_blank\" rel=\"noopener\"><img decoding=\"async\" class=\"size-full wp-image-263497 aligncenter\" src=\"https:\/\/maybommini.com\/wp-content\/uploads\/2018\/04\/12V-24V-Hot-Cooling-Water-Circulation-pump.jpg\" alt=\"12V 24V Hot Cooling Water Circulation Pump\" width=\"750\" height=\"750\" srcset=\"https:\/\/maybommini.vn\/wp-content\/uploads\/2018\/04\/12V-24V-Hot-Cooling-Water-Circulation-pump.jpg 750w, https:\/\/maybommini.vn\/wp-content\/uploads\/2018\/04\/12V-24V-Hot-Cooling-Water-Circulation-pump-300x300.jpg 300w, https:\/\/maybommini.vn\/wp-content\/uploads\/2018\/04\/12V-24V-Hot-Cooling-Water-Circulation-pump-150x150.jpg 150w, https:\/\/maybommini.vn\/wp-content\/uploads\/2018\/04\/12V-24V-Hot-Cooling-Water-Circulation-pump-600x600.jpg 600w\" sizes=\"(max-width: 750px) 100vw, 750px\" \/><\/a><\/p>\n<p><strong>MUA M\u00c1Y B\u01a0M N\u01af\u1edaC N\u00d3NG\u00a0\u1ede\u00a0\u0110\u00c2U ?<\/strong><br \/>\nCh\u00fang t\u00f4i l\u00e0 cung c\u1ea5p m\u00e1y b\u01a1m n\u01b0\u1edbc n\u00f3ng h\u00e0ng\u00a0\u0111\u1ea7u t\u1ea1i Vi\u1ec7t Nam v\u1ec1 m\u00e1y b\u01a1m mini, m\u00e1y b\u01a1m n\u01b0\u1edbc n\u00f3ng v\u00e0 c\u00e1c lo\u1ea1i m\u00e1y b\u01a1m kh\u00e1c. V\u1edbi s\u1ea3n ph\u1ea9m ch\u00ednh h\u00e3ng v\u00e0 b\u1ea3o h\u00e0ng tr\u00ean to\u00e0n qu\u1ed1c, ch\u00fang t\u00f4i lu\u00f4n c\u00e1 gi\u00e1 t\u1ed1t cho kh\u00e1ch h\u00e0ng.<br \/>\nMBM M\u00e1y B\u01a1m Mini\u00a0chuy\u00ean b\u00e1n c\u00e1c lo\u1ea1i m\u00e1y b\u01a1m\u00a0\u00e1p l\u1ef1c mini,\u00a0m\u00e1y phun s\u01b0\u01a1ng,\u00a0m\u00e1y b\u01a1m ch\u00ecm,\u00a0m\u00e1y b\u01a1m ho\u00e1 ch\u1ea5t, m\u00e1y b\u01a1m RO, m\u00e1y b\u01a1m m\u00e0ng, m\u00e1y b\u01a1m\u00a0\u00e1p l\u1ef1c cao v\u00e0 thi\u1ebft b\u1ecb\u00a0\u0111i\u1ec7n t\u1eed \u2026<br \/>\nM\u1ecdi chi ti\u1ebft vui l\u00f2ng li\u00ean h\u1ec7 tr\u1ef1c ti\u1ebfp cho ch\u00fang t\u00f4i \u0111\u1ec3 \u0111\u01b0\u1ee3c t\u01b0 v\u1ea5n theo nhu c\u1ea7u \u0111\u1ec3 c\u00f3 \u0111\u01b0\u1ee3c b\u1ed9 s\u1ea3n ph\u1ea9m t\u1ed1t nh\u1ea5t v\u00e0 ti\u1ebft ki\u1ec7m.<br \/>\nB\u1ea1n \u1edf xa v\u1eabn c\u00f3 th\u1ec3 mua h\u00e0ng v\u00e0 giao to\u00e0n qu\u1ed1c.<br \/>\n<strong>Tel\/Zalo: 02873030399 &#8211; 0907294310<\/strong><br \/>\n<strong>Website:<\/strong>\u00a0<a href=\"https:\/\/maybommini.com\" target=\"_blank\" rel=\"noopener\">https:\/\/maybommini.com<\/a><br \/>\n<strong>Email:<\/strong> maybommini.com@gmail.com<\/p>\n<h3 style=\"text-align: center;\"><a href=\"https:\/\/maybommini.com\/san-pham\/may-bom-nuoc-nong-mini-24v-12l-6m-g24-zyb\" target=\"_blank\" rel=\"noopener\">M\u00e1y B\u01a1m N\u01b0\u1edbc N\u00f3ng Mini 24V 12L 6M G24-ZYB<\/a><br \/>\nPump Circulation Water Pump Solar Hot\/Cooling<\/h3>\n<p><img decoding=\"async\" class=\"size-full wp-image-249451 aligncenter\" src=\"https:\/\/maybommini.com\/wp-content\/uploads\/2017\/07\/bom-tan-nhiet-tuan-hoan.jpg\" alt=\"Bom Tan Nhiet Tuan Hoan\" width=\"750\" height=\"750\" srcset=\"https:\/\/maybommini.vn\/wp-content\/uploads\/2017\/07\/bom-tan-nhiet-tuan-hoan.jpg 750w, https:\/\/maybommini.vn\/wp-content\/uploads\/2017\/07\/bom-tan-nhiet-tuan-hoan-300x300.jpg 300w, https:\/\/maybommini.vn\/wp-content\/uploads\/2017\/07\/bom-tan-nhiet-tuan-hoan-600x600.jpg 600w, https:\/\/maybommini.vn\/wp-content\/uploads\/2017\/07\/bom-tan-nhiet-tuan-hoan-150x150.jpg 150w\" sizes=\"(max-width: 750px) 100vw, 750px\" \/><\/p>\n<p>&nbsp;<\/p>\n","protected":false},"excerpt":{"rendered":"<p>Th\u01b0\u01a1ng hi\u1ec7u: SmartPumps<br \/>\nModel: G12-ZYB<br \/>\n\u0110i\u1ec7n th\u1ebf: DC 12V<br \/>\nC\u00f4ng su\u1ea5t: 14.4W<br \/>\nL\u01b0u l\u01b0\u1ee3ng: 8 L\/Ph\u00fat<br \/>\nB\u01a1m cao: 3 M\u00e9t<br \/>\nRen g\u1eafn \u1ed1ng: 21 mm<br \/>\nNhi\u1ec7t\u00a0\u0111\u1ed9 n\u01b0\u1edbc t\u1ed1i\u00a0\u0111a: 130\u00a0\u0110\u1ed9 C<br \/>\nCh\u1ea5t li\u1ec7u: Nh\u1ef1a ch\u1ecbu nhi\u1ec7t &#8211;\u00a0\u0110\u1ed3ng<br \/>\nLo\u1ea1i m\u00e1y b\u01a1m c\u00e1nh qu\u1ea1t.<br \/>\nMotor d\u00f9ng c\u00f4ng ngh\u1ec7 \u0111i\u1ec7n t\u1eeb.<br \/>\nM\u00e1y b\u01a1m kh\u00f4ng ch\u1ed5i than.<br \/>\nK\u00edch th\u01b0\u1edbc: 92 x 63 x 37 mm<br \/>\nTr\u1ecdng l\u01b0\u1ee3ng: 200 gam.<br \/>\nB\u1ea3o h\u00e0nh: 3 th\u00e1ng<br \/>\nPh\u00e2n ph\u1ed1i:\u00a0<a href=\"https:\/\/maybommini.com\/\" target=\"_blank\" rel=\"noopener\">Maybommini.com<\/a><br \/>\nS\u1ea3n ph\u1ea9m cao c\u1ea5p<br \/>\nKh\u1eb3ng \u0111\u1ecbnh \u0111\u1ed9 an to\u00e0n v\u00e0 ch\u1ea5t l\u01b0\u1ee3ng.<br \/>\n<strong>H\u00f4\u0309 tr\u01a1\u0323 ky\u0303 thu\u00e2\u0323t vi\u0303nh vi\u00ea\u0303n.<\/strong><br \/>\n<strong>T\u01af V\u1ea4N K\u1ef8 THU\u1eacT \u2013 MUA H\u00c0NG<br \/>\n0908997823 \u2013 0908997872<br \/>\n0907294310 \u2013 02873030399<\/strong><\/p>\n","protected":false},"featured_media":263491,"comment_status":"open","ping_status":"closed","template":"","meta":[],"product_brand":[44],"product_cat":[3061,225,1442],"product_tag":[267,488,862,336,3064,3062,1443,337,1093,420,3063],"class_list":{"0":"post-257398","1":"product","2":"type-product","3":"status-publish","4":"has-post-thumbnail","6":"product_brand-smartpumps","7":"product_cat-may-bom-nuoc-nong","8":"product_cat-may-bom-nuoc-mini-12v","9":"product_cat-may-bom-tro-luc-12v","10":"product_tag-12v","11":"product_tag-24v","12":"product_tag-bom-nuoc-nong","13":"product_tag-bom-tro-luc","14":"product_tag-circulation","15":"product_tag-g12-zyb","16":"product_tag-may-bom-may-nong-lanh","17":"product_tag-may-bom-nuoc-nong","18":"product_tag-may-bom-tuan-hoan","19":"product_tag-smartpumps","20":"product_tag-water-circulation-pump","22":"first","23":"instock","24":"sale","25":"shipping-taxable","26":"purchasable","27":"product-type-simple"},"_links":{"self":[{"href":"https:\/\/maybommini.vn\/index.php?rest_route=\/wp\/v2\/product\/257398","targetHints":{"allow":["GET"]}}],"collection":[{"href":"https:\/\/maybommini.vn\/index.php?rest_route=\/wp\/v2\/product"}],"about":[{"href":"https:\/\/maybommini.vn\/index.php?rest_route=\/wp\/v2\/types\/product"}],"replies":[{"embeddable":true,"href":"https:\/\/maybommini.vn\/index.php?rest_route=%2Fwp%2Fv2%2Fcomments&post=257398"}],"wp:featuredmedia":[{"embeddable":true,"href":"https:\/\/maybommini.vn\/index.php?rest_route=\/wp\/v2\/media\/263491"}],"wp:attachment":[{"href":"https:\/\/maybommini.vn\/index.php?rest_route=%2Fwp%2Fv2%2Fmedia&parent=257398"}],"wp:term":[{"taxonomy":"product_brand","embeddable":true,"href":"https:\/\/maybommini.vn\/index.php?rest_route=%2Fwp%2Fv2%2Fproduct_brand&post=257398"},{"taxonomy":"product_cat","embeddable":true,"href":"https:\/\/maybommini.vn\/index.php?rest_route=%2Fwp%2Fv2%2Fproduct_cat&post=257398"},{"taxonomy":"product_tag","embeddable":true,"href":"https:\/\/maybommini.vn\/index.php?rest_route=%2Fwp%2Fv2%2Fproduct_tag&post=257398"}],"curies":[{"name":"wp","href":"https:\/\/api.w.org\/{rel}","templated":true}]}}