{"id":257400,"date":"2018-04-12T19:46:29","date_gmt":"2018-04-12T12:46:29","guid":{"rendered":"https:\/\/maybommini.com\/san-pham\/import-placeholder-for-253604"},"modified":"2018-04-12T19:47:37","modified_gmt":"2018-04-12T12:47:37","slug":"may-bom-ap-luc-mini-12v-240w-18l-dp-240","status":"publish","type":"product","link":"https:\/\/maybommini.vn\/?product=may-bom-ap-luc-mini-12v-240w-18l-dp-240","title":{"rendered":"M\u00e1y b\u01a1m \u00e1p l\u1ef1c mini 12V 240W 18L DP-240"},"content":{"rendered":"<p><em><strong>M\u00e1y b\u01a1m \u00e1p l\u1ef1c mini 12V 240W DP-240 c\u00f3 th\u1ec3 d\u00f9ng r\u1eeda xe v\u1ec7\u00a0sinh m\u00e1y l\u1ea1nh phun thu\u1ed1c tr\u1eeb s\u00e2u r\u1ea5t t\u1ed1t v\u1edbi\u00a0\u00e1p l\u1ef1c l\u1edbn d\u00f9ng ngu\u1ed3n b\u00ecnh \u1eafc\u00a0quy ho\u1eb7c bi\u1ebfn th\u1ebf 12v g\u1ecdn nh\u1eb9 d\u1ec3 l\u1eafp \u0111\u1eb7t v\u00e0 mang \u0111i\u00a0\u01b0u\u00a0\u0111i\u1ec3m\u00a0\u00e1p kh\u00e1 m\u1ea1nh.<\/strong><\/em><\/p>\n<p><img decoding=\"async\" class=\"wp-image-255288 size-full aligncenter\" src=\"http:\/\/maybommini.com.vn\/wp-content\/uploads\/2018\/01\/may-bom-ap-luc-cao-12v-1.jpg\" alt=\"May Bom Ap Luc Cao 12v\" width=\"750\" height=\"750\" srcset=\"https:\/\/maybommini.vn\/wp-content\/uploads\/2018\/01\/may-bom-ap-luc-cao-12v-1.jpg 750w, https:\/\/maybommini.vn\/wp-content\/uploads\/2018\/01\/may-bom-ap-luc-cao-12v-1-300x300.jpg 300w, https:\/\/maybommini.vn\/wp-content\/uploads\/2018\/01\/may-bom-ap-luc-cao-12v-1-600x600.jpg 600w, https:\/\/maybommini.vn\/wp-content\/uploads\/2018\/01\/may-bom-ap-luc-cao-12v-1-150x150.jpg 150w\" sizes=\"(max-width: 750px) 100vw, 750px\" \/><\/p>\n<p><strong>TH\u00d4NG S\u1ed0 K\u1ef8 THU\u1eacT<\/strong><br \/>\nTh\u01b0\u01a1ng hi\u1ec7u: <strong><a href=\"https:\/\/maybommini.com\/?cat=0&amp;post_type=product&amp;s=SMARTPUMPS\" target=\"_blank\" rel=\"noopener\">SMARTPUMPS<\/a><\/strong><br \/>\nModel: <strong>DP-240<\/strong><br \/>\n\u0110i\u1ec7n th\u1ebf: <a href=\"https:\/\/maybommini.com\/?cat=0&amp;post_type=product&amp;s=12v\" target=\"_blank\" rel=\"noopener\">12V<\/a><br \/>\nC\u00f4ng su\u1ea5t: 240W<br \/>\n\u00c1p l\u1ef1c: 2.0 Mpa<br \/>\nL\u01b0u l\u01b0\u1ee3ng: 18-20 L<br \/>\nB\u01a1m cao: tr\u00ean 20 M<br \/>\nH\u00fat s\u00e2u: 2 M<br \/>\nB\u01a1m \u0111\u1ea9y xa: 50M &#8211; 200M<br \/>\nC\u00f4ng t\u1eafc\u00a0\u00e1p l\u1ef1c t\u1ef1\u00a0\u0111\u1ed9ng.<br \/>\nRen trong: 21 Mm<br \/>\nTr\u1ecdng l\u01b0\u1ee3ng: 2 Kg<br \/>\nCh\u1ea5t li\u1ec7u:\u00a0\u0110\u1ed3ng &#8211; Gang &#8211; Nh\u1ef1a ABS<br \/>\n<img decoding=\"async\" class=\"wp-image-255290 size-full aligncenter\" src=\"http:\/\/maybommini.com.vn\/wp-content\/uploads\/2018\/01\/may-bom-rua-xe-ve-sinh-may-lanh-1.jpg\" alt=\"May Bom Rua Xe Ve Sinh May Lanh\" width=\"750\" height=\"750\" srcset=\"https:\/\/maybommini.vn\/wp-content\/uploads\/2018\/01\/may-bom-rua-xe-ve-sinh-may-lanh-1.jpg 750w, https:\/\/maybommini.vn\/wp-content\/uploads\/2018\/01\/may-bom-rua-xe-ve-sinh-may-lanh-1-300x300.jpg 300w, https:\/\/maybommini.vn\/wp-content\/uploads\/2018\/01\/may-bom-rua-xe-ve-sinh-may-lanh-1-600x600.jpg 600w, https:\/\/maybommini.vn\/wp-content\/uploads\/2018\/01\/may-bom-rua-xe-ve-sinh-may-lanh-1-150x150.jpg 150w\" sizes=\"(max-width: 750px) 100vw, 750px\" \/> <img decoding=\"async\" class=\"wp-image-255289 size-full aligncenter\" src=\"http:\/\/maybommini.com.vn\/wp-content\/uploads\/2018\/01\/may-bom-nuoc-mini-ap-luc-cao-12v-24v-1.jpg\" alt=\"May Bom Nuoc Mini Ap Luc Cao 12v 24v\" width=\"750\" height=\"750\" srcset=\"https:\/\/maybommini.vn\/wp-content\/uploads\/2018\/01\/may-bom-nuoc-mini-ap-luc-cao-12v-24v-1.jpg 750w, https:\/\/maybommini.vn\/wp-content\/uploads\/2018\/01\/may-bom-nuoc-mini-ap-luc-cao-12v-24v-1-300x300.jpg 300w, https:\/\/maybommini.vn\/wp-content\/uploads\/2018\/01\/may-bom-nuoc-mini-ap-luc-cao-12v-24v-1-600x600.jpg 600w, https:\/\/maybommini.vn\/wp-content\/uploads\/2018\/01\/may-bom-nuoc-mini-ap-luc-cao-12v-24v-1-150x150.jpg 150w\" sizes=\"(max-width: 750px) 100vw, 750px\" \/> <img decoding=\"async\" class=\"wp-image-255286 size-full aligncenter\" src=\"http:\/\/maybommini.com.vn\/wp-content\/uploads\/2018\/01\/bom-nuoc-mini-ap-luc-12v-dp-240-1.jpg\" alt=\"Bom Nuoc Mini Ap Luc 12v Dp 240\" width=\"750\" height=\"750\" srcset=\"https:\/\/maybommini.vn\/wp-content\/uploads\/2018\/01\/bom-nuoc-mini-ap-luc-12v-dp-240-1.jpg 750w, https:\/\/maybommini.vn\/wp-content\/uploads\/2018\/01\/bom-nuoc-mini-ap-luc-12v-dp-240-1-300x300.jpg 300w, https:\/\/maybommini.vn\/wp-content\/uploads\/2018\/01\/bom-nuoc-mini-ap-luc-12v-dp-240-1-600x600.jpg 600w, https:\/\/maybommini.vn\/wp-content\/uploads\/2018\/01\/bom-nuoc-mini-ap-luc-12v-dp-240-1-150x150.jpg 150w\" sizes=\"(max-width: 750px) 100vw, 750px\" \/> <img decoding=\"async\" class=\"wp-image-255287 size-full aligncenter\" src=\"http:\/\/maybommini.com.vn\/wp-content\/uploads\/2018\/01\/dau-bom-may-ap-luc-12v-1.jpg\" alt=\"Dau Bom May Ap Luc 12v\" width=\"750\" height=\"750\" srcset=\"https:\/\/maybommini.vn\/wp-content\/uploads\/2018\/01\/dau-bom-may-ap-luc-12v-1.jpg 750w, https:\/\/maybommini.vn\/wp-content\/uploads\/2018\/01\/dau-bom-may-ap-luc-12v-1-300x300.jpg 300w, https:\/\/maybommini.vn\/wp-content\/uploads\/2018\/01\/dau-bom-may-ap-luc-12v-1-600x600.jpg 600w, https:\/\/maybommini.vn\/wp-content\/uploads\/2018\/01\/dau-bom-may-ap-luc-12v-1-150x150.jpg 150w\" sizes=\"(max-width: 750px) 100vw, 750px\" \/><\/p>\n<h4 style=\"text-align: center;\">M\u00e1y b\u01a1m \u00e1p l\u1ef1c mini 12V 240W DP-240<\/h4>\n<p><strong>S\u1eec\u00a0D\u1ee4NG M\u00c1Y B\u01a0M\u00a0\u00c1P L\u1ef0C MINI 12V DP-240<\/strong><br \/>\n&#8211; D\u00f9ng m\u00e1y b\u01a1m\u00a0\u00e1p l\u1ef1c mini 12V d\u00f9ng r\u1eeda xe.<br \/>\n&#8211; S\u1eed d\u1ee5ng m\u00e1y b\u01a1m mini v\u1ec7 sinh m\u00e1y l\u1ea1nh.<br \/>\n&#8211; D\u00f9ng phun thu\u1ed1c tr\u1eeb s\u00e2u.<br \/>\n&#8211; D\u00f9ng l\u00e0m h\u1ec7 th\u1ed1ng t\u01b0\u1edbi c\u00e2y.<br \/>\n&#8211; D\u00f9ng l\u00e0m h\u1ec7 th\u1ed1ng phun s\u01b0\u01a1ng l\u00e0m m\u00e1t.<br \/>\n&#8211; D\u00f9ng trong h\u1ec7 th\u1ed1ng thu\u1ef7 canh.<br \/>\n&#8211; D\u00f9ng b\u01a1m n\u01b0\u1edbc v\u00e0 ho\u00e1 ch\u1ea5t kh\u00f4ng\u00a0\u0103n m\u00f2n.<br \/>\n&#8211; D\u00f9ng trong h\u1ec7 th\u1ed1ng c\u1ea5p n\u01b0\u1edbc.<br \/>\n&#8211; D\u00f9ng t\u0103ng\u00a0\u00e1p tr\u1ee3 l\u1ef1c m\u00e1y gi\u1eb7t.<br \/>\n&#8211; D\u00f9ng b\u01a1m n\u01b0\u1edbc l\u00ean cao.<br \/>\n&#8211; D\u00f9ng trong h\u1ec7 th\u1ed1ng b\u01a1m t\u1ef1\u00a0\u0111\u1ed9ng v\u00e0 c\u00f4ng nghi\u1ec7p.<\/p>\n<p><img decoding=\"async\" class=\"wp-image-255288 size-full aligncenter\" src=\"http:\/\/maybommini.com.vn\/wp-content\/uploads\/2018\/01\/may-bom-ap-luc-cao-12v-1.jpg\" alt=\"May Bom Ap Luc Cao 12v\" width=\"750\" height=\"750\" srcset=\"https:\/\/maybommini.vn\/wp-content\/uploads\/2018\/01\/may-bom-ap-luc-cao-12v-1.jpg 750w, https:\/\/maybommini.vn\/wp-content\/uploads\/2018\/01\/may-bom-ap-luc-cao-12v-1-300x300.jpg 300w, https:\/\/maybommini.vn\/wp-content\/uploads\/2018\/01\/may-bom-ap-luc-cao-12v-1-600x600.jpg 600w, https:\/\/maybommini.vn\/wp-content\/uploads\/2018\/01\/may-bom-ap-luc-cao-12v-1-150x150.jpg 150w\" sizes=\"(max-width: 750px) 100vw, 750px\" \/><br \/>\n<strong>B\u00c1N M\u00c1Y B\u01a0M N\u01af\u1edaC MINI\u00a0\u00c1P L\u1ef0C<\/strong><br \/>\n<a href=\"https:\/\/maybommini.com\" target=\"_blank\" rel=\"noopener\"><strong>MBM M\u00e1y b\u01a1m mini<\/strong><\/a> l\u00e0 nh\u00e0 cung c\u1ea5p c\u00e1c lo\u1ea1i <a href=\"https:\/\/maybommini.com\/danh-muc\/may-bom-ap-luc-mini\" target=\"_blank\" rel=\"noopener\">m\u00e1y b\u01a1m\u00a0\u00e1p l\u1ef1c<\/a> h\u00e0ng\u00a0\u0111\u1ea7u v\u1edbi nhi\u1ec1u ch\u1ee7ng lo\u1ea1i v\u1edbi s\u1ea3n ph\u1ea9n\u00a0\u0111\u01b0\u1ee3c nh\u1eadp kh\u1ea9u ch\u00ednh h\u00e3ng b\u00e0o h\u00e0nh t\u1ed1t cho kh\u00e1ch h\u00e0ng s\u1eed d\u1ee5ng l\u00e2u d\u00e0i.<br \/>\nV\u1edbi nhi\u1ec1u n\u0103m kinh nghi\u1ec7m trong l\u0129nh v\u1ef1c m\u00e1y b\u01a1m v\u00e0 thi\u1ebft b\u1ecb\u00a0\u0111i\u1ec7n ch\u00fang t\u00f4i lu\u00f4n cung c\u1ea5p nh\u1eefng s\u1ea3n ph\u1ea9m ch\u1ea5t l\u01b0\u1ee3ng v\u00e0 t\u1ed1t cho kh\u00e1ch h\u00e0ng v\u00e0 d\u1ecbch v\u1ee5 h\u1eadu m\u00e3i\u00a0\u01b0u ti\u00ean kh\u00e1ch h\u00e0ng.<br \/>\n<strong>Website:<\/strong>\u00a0https:\/\/maybommini.com<br \/>\n<strong>Email:<\/strong> maybommini.com@gmail.com<\/p>\n","protected":false},"excerpt":{"rendered":"<p>Th\u01b0\u01a1ng hi\u1ec7u: <strong><a href=\"https:\/\/maybommini.com\/?cat=0&amp;post_type=product&amp;s=SMARTPUMPS\" target=\"_blank\" rel=\"noopener\">SMARTPUMPS<\/a><\/strong><br \/>\nModel: <strong>DP-240<\/strong><br \/>\n\u0110i\u1ec7n th\u1ebf: <a href=\"https:\/\/maybommini.com\/?cat=0&amp;post_type=product&amp;s=12v\" target=\"_blank\" rel=\"noopener\">12V<\/a><br \/>\nC\u00f4ng su\u1ea5t: 240W<br \/>\n\u00c1p l\u1ef1c: 2.0 Mpa<br \/>\nL\u01b0u l\u01b0\u1ee3ng: 18-20 L<br \/>\nB\u01a1m cao: tr\u00ean 20 M<br \/>\nH\u00fat s\u00e2u: 2 M<br \/>\nB\u01a1m \u0111\u1ea9y xa: 50M &#8211; 200M<br \/>\nC\u00f4ng t\u1eafc\u00a0\u00e1p l\u1ef1c t\u1ef1\u00a0\u0111\u1ed9ng.<br \/>\nRen trong: 21 Mm<br \/>\nTr\u1ecdng l\u01b0\u1ee3ng: 2 Kg<br \/>\nCh\u1ea5t li\u1ec7u:\u00a0\u0110\u1ed3ng &#8211; Gang &#8211; Nh\u1ef1a ABS<br \/>\nB\u1ea3o h\u00e0nh: \u00a06 th\u00e1ng<\/p>\n","protected":false},"featured_media":257495,"comment_status":"open","ping_status":"closed","template":"","meta":[],"product_brand":[],"product_cat":[197,225],"product_tag":[267,569,1434,235,1445,1432,1435,1433,1436,207,275,277,210,420,474,316],"class_list":{"0":"post-257400","1":"product","2":"type-product","3":"status-publish","4":"has-post-thumbnail","6":"product_cat-may-bom-ap-luc-12v","7":"product_cat-may-bom-nuoc-mini-12v","8":"product_tag-12v","9":"product_tag-12v-120w","10":"product_tag-12v130w","11":"product_tag-bom-nuoc-mini","12":"product_tag-dp-240","13":"product_tag-dp-2600","14":"product_tag-dp-2800","15":"product_tag-dp2600","16":"product_tag-dp2800","17":"product_tag-may-bom-ap-luc","18":"product_tag-mini","19":"product_tag-phun-suong","20":"product_tag-rua-xe","21":"product_tag-smartpumps","22":"product_tag-tuoi-cay","23":"product_tag-ve-sinh-may-lanh","25":"first","26":"instock","27":"shipping-taxable","28":"purchasable","29":"product-type-simple"},"_links":{"self":[{"href":"https:\/\/maybommini.vn\/index.php?rest_route=\/wp\/v2\/product\/257400","targetHints":{"allow":["GET"]}}],"collection":[{"href":"https:\/\/maybommini.vn\/index.php?rest_route=\/wp\/v2\/product"}],"about":[{"href":"https:\/\/maybommini.vn\/index.php?rest_route=\/wp\/v2\/types\/product"}],"replies":[{"embeddable":true,"href":"https:\/\/maybommini.vn\/index.php?rest_route=%2Fwp%2Fv2%2Fcomments&post=257400"}],"wp:featuredmedia":[{"embeddable":true,"href":"https:\/\/maybommini.vn\/index.php?rest_route=\/wp\/v2\/media\/257495"}],"wp:attachment":[{"href":"https:\/\/maybommini.vn\/index.php?rest_route=%2Fwp%2Fv2%2Fmedia&parent=257400"}],"wp:term":[{"taxonomy":"product_brand","embeddable":true,"href":"https:\/\/maybommini.vn\/index.php?rest_route=%2Fwp%2Fv2%2Fproduct_brand&post=257400"},{"taxonomy":"product_cat","embeddable":true,"href":"https:\/\/maybommini.vn\/index.php?rest_route=%2Fwp%2Fv2%2Fproduct_cat&post=257400"},{"taxonomy":"product_tag","embeddable":true,"href":"https:\/\/maybommini.vn\/index.php?rest_route=%2Fwp%2Fv2%2Fproduct_tag&post=257400"}],"curies":[{"name":"wp","href":"https:\/\/api.w.org\/{rel}","templated":true}]}}