{"id":257431,"date":"2018-04-12T19:46:53","date_gmt":"2018-04-12T12:46:53","guid":{"rendered":"https:\/\/maybommini.com\/san-pham\/import-placeholder-for-253631"},"modified":"2019-08-04T13:06:36","modified_gmt":"2019-08-04T06:06:36","slug":"may-bom-nuoc-mini-ap-luc-fl-32-220v","status":"publish","type":"product","link":"https:\/\/maybommini.vn\/?product=may-bom-nuoc-mini-ap-luc-fl-32-220v","title":{"rendered":"M\u00e1y b\u01a1m n\u01b0\u1edbc mini \u00e1p l\u1ef1c SURGEFLO FL-32 220V 132W 12.5L"},"content":{"rendered":"<h3>Chuy\u00ean cung c\u1ea5p b\u00e1n m\u00e1y b\u01a1m n\u01b0\u1edbc mini \u00e1p l\u1ef1c SURGEFLO FL-32 220V 132W 12.5L cao c\u1ea5p. \u0110\u00e2y l\u00e0 b\u01a1m n\u01b0\u1edbc \u00e1p l\u1ef1c t\u1ef1 \u0111\u1ed9ng ph\u00f9 h\u1ee3p cho nhi\u1ec1u \u1ee9ng d\u1ee5ng kh\u00e1c nhau nh\u01b0 b\u01a1m c\u1ea5p n\u01b0\u1edbc, b\u01a1m tr\u1ee3 l\u1ef1c h\u1ec7 th\u1ed1ng, m\u00e1y b\u01a1m n\u01b0\u1edbc cho t\u00e0u du thuy\u1ec1n, m\u00e1y b\u01a1m h\u1ec7 th\u1ed1ng t\u01b0\u1edbi v\u00e0 nhi\u1ec1u l\u0129nh v\u1ef1c kh\u00e1c.<\/h3>\n<p><a href=\"https:\/\/maybommini.com\/wp-content\/uploads\/2018\/04\/May-bom-ap-luc-SURGEFLO-FL-32.jpg\" target=\"_blank\" rel=\"noopener\"><img decoding=\"async\" class=\"size-full wp-image-263046 aligncenter\" src=\"https:\/\/maybommini.com\/wp-content\/uploads\/2018\/04\/May-bom-ap-luc-SURGEFLO-FL-32.jpg\" alt=\"May Bom Ap Luc SURGEFLO FL 32\" width=\"750\" height=\"750\" srcset=\"https:\/\/maybommini.vn\/wp-content\/uploads\/2018\/04\/May-bom-ap-luc-SURGEFLO-FL-32.jpg 750w, https:\/\/maybommini.vn\/wp-content\/uploads\/2018\/04\/May-bom-ap-luc-SURGEFLO-FL-32-300x300.jpg 300w, https:\/\/maybommini.vn\/wp-content\/uploads\/2018\/04\/May-bom-ap-luc-SURGEFLO-FL-32-150x150.jpg 150w, https:\/\/maybommini.vn\/wp-content\/uploads\/2018\/04\/May-bom-ap-luc-SURGEFLO-FL-32-600x600.jpg 600w\" sizes=\"(max-width: 750px) 100vw, 750px\" \/><\/a><\/p>\n<p><strong>TH\u00d4NG S\u1ed0 K\u1ef8 THU\u1eacT<\/strong><br \/>\nTh\u01b0\u01a1ng hi\u1ec7u: SURGEFLO<br \/>\nModel: FL-32<br \/>\n\u0110i\u1ec7n\u00a0\u00e1p: 220V AC<br \/>\nC\u00f4ng xu\u1ea5t: 132W<br \/>\nL\u01b0u l\u01b0\u1ee3ng: 12.5L\/ph\u00fat &#8211; 3.3 GPM<br \/>\n\u00c1p l\u1ef1c: 2.4 bar &#8211; 35 psi<br \/>\nB\u01a1m \u0111\u1ea9y cao tr\u00ean 10 met<br \/>\nT\u1ef1 m\u1ed3i h\u00fat n\u01b0\u1edbc s\u00e2u 0.8 m\u00e9t.<br \/>\nC\u00f4ng t\u1eaft\u00a0\u00e1p l\u1ef1c t\u1ef1 \u0111\u1ed9ng.<br \/>\nCh\u1ea5t li\u1ec7u: Nh\u1ef1a ABS &#8211;\u00a0\u0110\u1ed3ng &#8211; Gang.<br \/>\nPhu\u0323 ki\u00ea\u0323n k\u00e8m theo n\u00f4\u0301i \u00f4\u0301ng, lo\u0323c n\u01b0\u01a1\u0301c.<br \/>\nK\u00edch th\u01b0\u1edbc: 355*133*110 mm<br \/>\nTr\u1ecdng l\u01b0\u1ee3ng: 2.2 kg<\/p>\n<p><a href=\"https:\/\/maybommini.com\/wp-content\/uploads\/2018\/04\/bom-nuoc-mini-SURGEFLO.jpg\" target=\"_blank\" rel=\"noopener\"><img decoding=\"async\" class=\"size-full wp-image-263044 aligncenter\" src=\"https:\/\/maybommini.com\/wp-content\/uploads\/2018\/04\/bom-nuoc-mini-SURGEFLO.jpg\" alt=\"Bom Nuoc Mini SURGEFLO\" width=\"750\" height=\"750\" srcset=\"https:\/\/maybommini.vn\/wp-content\/uploads\/2018\/04\/bom-nuoc-mini-SURGEFLO.jpg 750w, https:\/\/maybommini.vn\/wp-content\/uploads\/2018\/04\/bom-nuoc-mini-SURGEFLO-300x300.jpg 300w, https:\/\/maybommini.vn\/wp-content\/uploads\/2018\/04\/bom-nuoc-mini-SURGEFLO-150x150.jpg 150w, https:\/\/maybommini.vn\/wp-content\/uploads\/2018\/04\/bom-nuoc-mini-SURGEFLO-600x600.jpg 600w\" sizes=\"(max-width: 750px) 100vw, 750px\" \/><\/a> <a href=\"https:\/\/maybommini.com\/wp-content\/uploads\/2018\/04\/SURGEFLO-FL-32-gia-tot-chinh-hang.jpg\" target=\"_blank\" rel=\"noopener\"><img decoding=\"async\" class=\"size-full wp-image-263050 aligncenter\" src=\"https:\/\/maybommini.com\/wp-content\/uploads\/2018\/04\/SURGEFLO-FL-32-gia-tot-chinh-hang.jpg\" alt=\"SURGEFLO FL 32 Gia Tot Chinh Hang\" width=\"750\" height=\"750\" srcset=\"https:\/\/maybommini.vn\/wp-content\/uploads\/2018\/04\/SURGEFLO-FL-32-gia-tot-chinh-hang.jpg 750w, https:\/\/maybommini.vn\/wp-content\/uploads\/2018\/04\/SURGEFLO-FL-32-gia-tot-chinh-hang-300x300.jpg 300w, https:\/\/maybommini.vn\/wp-content\/uploads\/2018\/04\/SURGEFLO-FL-32-gia-tot-chinh-hang-150x150.jpg 150w, https:\/\/maybommini.vn\/wp-content\/uploads\/2018\/04\/SURGEFLO-FL-32-gia-tot-chinh-hang-600x600.jpg 600w\" sizes=\"(max-width: 750px) 100vw, 750px\" \/><\/a> <a href=\"https:\/\/maybommini.com\/wp-content\/uploads\/2018\/04\/Bom-ap-luc-mini-SURGEFLO-220V.jpg\" target=\"_blank\" rel=\"noopener\"><img decoding=\"async\" class=\"size-full wp-image-263043 aligncenter\" src=\"https:\/\/maybommini.com\/wp-content\/uploads\/2018\/04\/Bom-ap-luc-mini-SURGEFLO-220V.jpg\" alt=\"Bom Ap Luc Mini SURGEFLO 220V\" width=\"750\" height=\"750\" srcset=\"https:\/\/maybommini.vn\/wp-content\/uploads\/2018\/04\/Bom-ap-luc-mini-SURGEFLO-220V.jpg 750w, https:\/\/maybommini.vn\/wp-content\/uploads\/2018\/04\/Bom-ap-luc-mini-SURGEFLO-220V-300x300.jpg 300w, https:\/\/maybommini.vn\/wp-content\/uploads\/2018\/04\/Bom-ap-luc-mini-SURGEFLO-220V-150x150.jpg 150w, https:\/\/maybommini.vn\/wp-content\/uploads\/2018\/04\/Bom-ap-luc-mini-SURGEFLO-220V-600x600.jpg 600w\" sizes=\"(max-width: 750px) 100vw, 750px\" \/><\/a> <a href=\"https:\/\/maybommini.com\/wp-content\/uploads\/2018\/04\/SURGEFLO-pump-FL-32.jpg\" target=\"_blank\" rel=\"noopener\"><img decoding=\"async\" class=\"size-full wp-image-263041 aligncenter\" src=\"https:\/\/maybommini.com\/wp-content\/uploads\/2018\/04\/SURGEFLO-pump-FL-32.jpg\" alt=\"SURGEFLO Pump FL 32\" width=\"750\" height=\"750\" srcset=\"https:\/\/maybommini.vn\/wp-content\/uploads\/2018\/04\/SURGEFLO-pump-FL-32.jpg 750w, https:\/\/maybommini.vn\/wp-content\/uploads\/2018\/04\/SURGEFLO-pump-FL-32-300x300.jpg 300w, https:\/\/maybommini.vn\/wp-content\/uploads\/2018\/04\/SURGEFLO-pump-FL-32-150x150.jpg 150w, https:\/\/maybommini.vn\/wp-content\/uploads\/2018\/04\/SURGEFLO-pump-FL-32-600x600.jpg 600w\" sizes=\"(max-width: 750px) 100vw, 750px\" \/><\/a> <a href=\"https:\/\/maybommini.com\/wp-content\/uploads\/2018\/04\/Dau-may-bom-SURGEFLO.jpg\" target=\"_blank\" rel=\"noopener\"><img decoding=\"async\" class=\"size-full wp-image-263045 aligncenter\" src=\"https:\/\/maybommini.com\/wp-content\/uploads\/2018\/04\/Dau-may-bom-SURGEFLO.jpg\" alt=\"Dau May Bom SURGEFLO\" width=\"750\" height=\"750\" srcset=\"https:\/\/maybommini.vn\/wp-content\/uploads\/2018\/04\/Dau-may-bom-SURGEFLO.jpg 750w, https:\/\/maybommini.vn\/wp-content\/uploads\/2018\/04\/Dau-may-bom-SURGEFLO-300x300.jpg 300w, https:\/\/maybommini.vn\/wp-content\/uploads\/2018\/04\/Dau-may-bom-SURGEFLO-150x150.jpg 150w, https:\/\/maybommini.vn\/wp-content\/uploads\/2018\/04\/Dau-may-bom-SURGEFLO-600x600.jpg 600w\" sizes=\"(max-width: 750px) 100vw, 750px\" \/><\/a> <a href=\"https:\/\/maybommini.com\/wp-content\/uploads\/2018\/04\/SURGEFLO-motor-loi-dong-cao-cap.jpg\" target=\"_blank\" rel=\"noopener\"><img decoding=\"async\" class=\"size-full wp-image-263051 aligncenter\" src=\"https:\/\/maybommini.com\/wp-content\/uploads\/2018\/04\/SURGEFLO-motor-loi-dong-cao-cap.jpg\" alt=\"SURGEFLO Motor Loi Dong Cao Cap\" width=\"750\" height=\"750\" srcset=\"https:\/\/maybommini.vn\/wp-content\/uploads\/2018\/04\/SURGEFLO-motor-loi-dong-cao-cap.jpg 750w, https:\/\/maybommini.vn\/wp-content\/uploads\/2018\/04\/SURGEFLO-motor-loi-dong-cao-cap-300x300.jpg 300w, https:\/\/maybommini.vn\/wp-content\/uploads\/2018\/04\/SURGEFLO-motor-loi-dong-cao-cap-150x150.jpg 150w, https:\/\/maybommini.vn\/wp-content\/uploads\/2018\/04\/SURGEFLO-motor-loi-dong-cao-cap-600x600.jpg 600w\" sizes=\"(max-width: 750px) 100vw, 750px\" \/><\/a> <a href=\"https:\/\/maybommini.com\/wp-content\/uploads\/2018\/04\/Nha-cung-cap-may-bom-SURGEFLO.jpg\" target=\"_blank\" rel=\"noopener\"><img decoding=\"async\" class=\"size-full wp-image-263048 aligncenter\" src=\"https:\/\/maybommini.com\/wp-content\/uploads\/2018\/04\/Nha-cung-cap-may-bom-SURGEFLO.jpg\" alt=\"Nha Cung Cap May Bom SURGEFLO\" width=\"750\" height=\"750\" srcset=\"https:\/\/maybommini.vn\/wp-content\/uploads\/2018\/04\/Nha-cung-cap-may-bom-SURGEFLO.jpg 750w, https:\/\/maybommini.vn\/wp-content\/uploads\/2018\/04\/Nha-cung-cap-may-bom-SURGEFLO-300x300.jpg 300w, https:\/\/maybommini.vn\/wp-content\/uploads\/2018\/04\/Nha-cung-cap-may-bom-SURGEFLO-150x150.jpg 150w, https:\/\/maybommini.vn\/wp-content\/uploads\/2018\/04\/Nha-cung-cap-may-bom-SURGEFLO-600x600.jpg 600w\" sizes=\"(max-width: 750px) 100vw, 750px\" \/><\/a><\/p>\n<p><strong>H\u01af\u1edaNG D\u1ea8N S\u1eec D\u1ee4NG M\u00c1Y B\u01a0M\u00a0SURGEFLO<\/strong><br \/>\n&#8211; M\u00e1y b\u01a1m s\u1eed d\u1ee5ng \u0111i\u1ec7n th\u1ebf 220V AC tr\u1ef1c ti\u1ebfp.<br \/>\n&#8211; M\u00e1y t\u1ef1 h\u00fat n\u01b0\u1edbc kh\u00f4ng c\u1ea7n m\u1ed3i.<br \/>\n&#8211; B\u01a1m t\u1ef1 ng\u1eaft \u0111i\u1ec7n khi kh\u00f3a n\u01b0\u1edbc \u0111\u1ea7u ra.<br \/>\n&#8211; S\u1eed d\u1ee5ng l\u1ecdc n\u01b0\u1edbc cho m\u00e1y khi s\u1eed d\u1ee5ng s\u1ebb t\u1ed1t h\u01a1n.<br \/>\n&#8211; Kh\u00f4ng s\u1eed d\u1ee5ng b\u01a1m h\u00f3a ch\u1ea5t \u0103n m\u00f2n.<br \/>\n&#8211; Kh\u00f4ng b\u01a1m n\u01b0\u1edbc n\u00f3ng tr\u00ean 60 \u0111\u1ed9 C.<br \/>\n&#8211; B\u01a1m ch\u1ea5t l\u1ecfng kh\u00f4ng c\u00f3 ch\u1ee9a t\u1ea1p ch\u1ea5t.<\/p>\n<p><a href=\"https:\/\/maybommini.com\/wp-content\/uploads\/2018\/04\/ung-dung-bom-nuoc-SURGEFLO.jpg\" target=\"_blank\" rel=\"noopener\"><img decoding=\"async\" class=\"size-full wp-image-263042 aligncenter\" src=\"https:\/\/maybommini.com\/wp-content\/uploads\/2018\/04\/ung-dung-bom-nuoc-SURGEFLO.jpg\" alt=\"Ung Dung Bom Nuoc SURGEFLO\" width=\"750\" height=\"750\" srcset=\"https:\/\/maybommini.vn\/wp-content\/uploads\/2018\/04\/ung-dung-bom-nuoc-SURGEFLO.jpg 750w, https:\/\/maybommini.vn\/wp-content\/uploads\/2018\/04\/ung-dung-bom-nuoc-SURGEFLO-300x300.jpg 300w, https:\/\/maybommini.vn\/wp-content\/uploads\/2018\/04\/ung-dung-bom-nuoc-SURGEFLO-150x150.jpg 150w, https:\/\/maybommini.vn\/wp-content\/uploads\/2018\/04\/ung-dung-bom-nuoc-SURGEFLO-600x600.jpg 600w\" sizes=\"(max-width: 750px) 100vw, 750px\" \/><\/a><\/p>\n<p><strong>\u1ee8NG D\u1ee4NG C\u1ee6A B\u01a0M N\u01af\u1edaC MINI FL-32 220V\u00a0SURGEFLO<\/strong><br \/>\nM\u00e1y \u0111\u01b0\u1ee3c s\u1eed d\u1ee5ng trong m\u00e1y c\u00f4ng nghi\u1ec7p, n\u00f4ng nghi\u1ec7p, y t\u1ebf, t\u00e0u thu\u1ef7.<br \/>\n\u0110\u1eb7c bi\u1ec7t m\u00e1y c\u00f3 kh\u1ea3 n\u0103ng b\u01a1m c\u00e1c lo\u1ea1i ho\u00e1 ch\u1ea5t kh\u00f4ng \u0103n m\u00f2n.<br \/>\nB\u01a1m c\u1ea5p n\u01b0\u1edbc s\u1ea1ch cho h\u1ec7 th\u1ed1ng.<br \/>\nM\u00e1y b\u01a1m \u00e1p l\u1ef1c t\u01b0\u1edbi c\u00e2y.<br \/>\nB\u01a1m n\u01b0\u1edbc t\u1ef1 \u0111\u1ed9ng cho h\u1ec7 th\u1ed1ng.<br \/>\nM\u00e1y b\u01a1m tr\u1ee3 l\u1ef1c t\u0103ng \u00e1p h\u1ec7 th\u1ed1ng n\u01b0\u1edbc.<br \/>\nB\u01a1m tr\u1ee3 l\u1ef1c m\u00e1y l\u1ecdc n\u01b0\u1edbc.<\/p>\n<p><a href=\"https:\/\/maybommini.com\/wp-content\/uploads\/2018\/04\/su-dung-may-bom-SURGEFLO.jpg\" target=\"_blank\" rel=\"noopener\"><img decoding=\"async\" class=\"size-full wp-image-263049 aligncenter\" src=\"https:\/\/maybommini.com\/wp-content\/uploads\/2018\/04\/su-dung-may-bom-SURGEFLO.jpg\" alt=\"Su Dung May Bom SURGEFLO\" width=\"750\" height=\"750\" srcset=\"https:\/\/maybommini.vn\/wp-content\/uploads\/2018\/04\/su-dung-may-bom-SURGEFLO.jpg 750w, https:\/\/maybommini.vn\/wp-content\/uploads\/2018\/04\/su-dung-may-bom-SURGEFLO-300x300.jpg 300w, https:\/\/maybommini.vn\/wp-content\/uploads\/2018\/04\/su-dung-may-bom-SURGEFLO-150x150.jpg 150w, https:\/\/maybommini.vn\/wp-content\/uploads\/2018\/04\/su-dung-may-bom-SURGEFLO-600x600.jpg 600w\" sizes=\"(max-width: 750px) 100vw, 750px\" \/><\/a> <a href=\"https:\/\/maybommini.com\/wp-content\/uploads\/2018\/04\/may-may-san-xuat-SURGEFLO.jpg\" target=\"_blank\" rel=\"noopener\"><img decoding=\"async\" class=\"size-full wp-image-263047 aligncenter\" src=\"https:\/\/maybommini.com\/wp-content\/uploads\/2018\/04\/may-may-san-xuat-SURGEFLO.jpg\" alt=\"May May San Xuat SURGEFLO\" width=\"750\" height=\"750\" srcset=\"https:\/\/maybommini.vn\/wp-content\/uploads\/2018\/04\/may-may-san-xuat-SURGEFLO.jpg 750w, https:\/\/maybommini.vn\/wp-content\/uploads\/2018\/04\/may-may-san-xuat-SURGEFLO-300x300.jpg 300w, https:\/\/maybommini.vn\/wp-content\/uploads\/2018\/04\/may-may-san-xuat-SURGEFLO-150x150.jpg 150w, https:\/\/maybommini.vn\/wp-content\/uploads\/2018\/04\/may-may-san-xuat-SURGEFLO-600x600.jpg 600w\" sizes=\"(max-width: 750px) 100vw, 750px\" \/><\/a><\/p>\n<p><strong>NH\u00c0 CUNG C\u1ea4P M\u00c1Y B\u01a0M\u00a0SURGEFLO<\/strong><br \/>\n<a href=\"https:\/\/maybommini.com\" target=\"_blank\" rel=\"noopener\"><strong>MBM &#8211; MAYBOMMINI.COM<\/strong><\/a> l\u00e0 nh\u00e0 cung c\u1ea5p c\u00e1c lo\u1ea1i m\u00e1y b\u01a1m \u00e1p l\u1ef1c mini h\u00e0ng \u0111\u1ea7u Vi\u1ec7t Nam ch\u00ednh h\u00e3ng gi\u00e1 t\u1ed1t b\u1ea3o h\u00e0nh l\u00e2u d\u00e0i v\u00e0 kh\u00e1ch h\u00e0ng \u0111\u01b0\u1ee3c h\u1ed5 tr\u1ee3 k\u1ef9 thu\u1eadt tr\u1ecdn \u0111\u1eddi.<br \/>\nM\u1ecdi chi ti\u1ebft vui l\u00f2ng li\u00ean h\u1ec7 tr\u1ef1c ti\u1ebfp cho ch\u00fang t\u00f4i \u0111\u1ec3 \u0111\u01b0\u1ee3c t\u01b0 v\u1ea5n theo nhu c\u1ea7u \u0111\u1ec3 c\u00f3 \u0111\u01b0\u1ee3c b\u1ed9 s\u1ea3n ph\u1ea9m t\u1ed1t nh\u1ea5t v\u00e0 ti\u1ebft ki\u1ec7m.\u00a0B\u1ea1n \u1edf xa v\u1eabn c\u00f3 th\u1ec3 mua h\u00e0ng v\u00e0 giao h\u00e0ng thanh to\u00e1n ti\u1ec1n t\u1ea1i nh\u00e0.<br \/>\n<strong>Website:<\/strong>\u00a0https:\/\/maybommini.com<br \/>\n<strong>Email:<\/strong> maybommini.com@gmail.com<br \/>\n<strong>Facebook:<\/strong>\u00a0https:\/\/www.facebook.com\/maybommini<br \/>\n<strong>Tel Zalo:<\/strong> 02873030399 &#8211; 0907294310<\/p>\n<h3 style=\"text-align: center;\"><strong>NH\u00c0 CUNG C\u1ea4P B\u01a0M N\u01af\u1edaC MINI H\u00c0NG \u0110\u1ea6U VI\u1ec6T NAM<br \/>\nM\u00e1y b\u01a1m n\u01b0\u1edbc mini \u00e1p l\u1ef1c SURGEFLO FL-32 220V 132W 12.5L<br \/>\n<a href=\"https:\/\/maybommini.com\/san-pham\/may-bom-nuoc-mini-ap-luc-fl-43-220v\" target=\"_blank\" rel=\"noopener\">M\u00e1y b\u01a1m n\u01b0\u1edbc mini \u00e1p l\u1ef1c SURGEFLO FL-43 220V 180W 18L<\/a><br \/>\n<\/strong><\/h3>\n<p>&nbsp;<\/p>\n<p><img decoding=\"async\" class=\"size-full wp-image-255542 aligncenter\" src=\"https:\/\/maybommini.com.vn\/wp-content\/uploads\/2018\/01\/may-bom-nuoc-mini-ap-luc-220v-1.jpg\" alt=\"May Bom Nuoc Mini Ap Luc 220v\" width=\"750\" height=\"750\" srcset=\"https:\/\/maybommini.vn\/wp-content\/uploads\/2018\/01\/may-bom-nuoc-mini-ap-luc-220v-1.jpg 750w, https:\/\/maybommini.vn\/wp-content\/uploads\/2018\/01\/may-bom-nuoc-mini-ap-luc-220v-1-300x300.jpg 300w, https:\/\/maybommini.vn\/wp-content\/uploads\/2018\/01\/may-bom-nuoc-mini-ap-luc-220v-1-600x600.jpg 600w, https:\/\/maybommini.vn\/wp-content\/uploads\/2018\/01\/may-bom-nuoc-mini-ap-luc-220v-1-150x150.jpg 150w\" sizes=\"(max-width: 750px) 100vw, 750px\" \/><\/p>\n<p><img decoding=\"async\" class=\"size-full wp-image-255541 aligncenter\" src=\"https:\/\/maybommini.com.vn\/wp-content\/uploads\/2018\/01\/may-bom-nuoc-220v-1.jpg\" alt=\"May Bom Nuoc 220v\" width=\"750\" height=\"750\" srcset=\"https:\/\/maybommini.vn\/wp-content\/uploads\/2018\/01\/may-bom-nuoc-220v-1.jpg 750w, https:\/\/maybommini.vn\/wp-content\/uploads\/2018\/01\/may-bom-nuoc-220v-1-300x300.jpg 300w, https:\/\/maybommini.vn\/wp-content\/uploads\/2018\/01\/may-bom-nuoc-220v-1-600x600.jpg 600w, https:\/\/maybommini.vn\/wp-content\/uploads\/2018\/01\/may-bom-nuoc-220v-1-150x150.jpg 150w\" sizes=\"(max-width: 750px) 100vw, 750px\" \/><\/p>\n<p><img decoding=\"async\" class=\"size-full wp-image-255540 aligncenter\" src=\"https:\/\/maybommini.com.vn\/wp-content\/uploads\/2018\/01\/may-bom-loi-dong-2.jpg\" alt=\"May Bom Loi Dong\" width=\"750\" height=\"750\" srcset=\"https:\/\/maybommini.vn\/wp-content\/uploads\/2018\/01\/may-bom-loi-dong-2.jpg 750w, https:\/\/maybommini.vn\/wp-content\/uploads\/2018\/01\/may-bom-loi-dong-2-300x300.jpg 300w, https:\/\/maybommini.vn\/wp-content\/uploads\/2018\/01\/may-bom-loi-dong-2-600x600.jpg 600w, https:\/\/maybommini.vn\/wp-content\/uploads\/2018\/01\/may-bom-loi-dong-2-150x150.jpg 150w\" sizes=\"(max-width: 750px) 100vw, 750px\" \/><\/p>\n<p><img decoding=\"async\" class=\"size-full wp-image-255544 aligncenter\" src=\"https:\/\/maybommini.com.vn\/wp-content\/uploads\/2018\/01\/ung-dung-may-bom-ap-luc-mini-2.jpg\" alt=\"Ung Dung May Bom Ap Luc Mini\" width=\"750\" height=\"750\" srcset=\"https:\/\/maybommini.vn\/wp-content\/uploads\/2018\/01\/ung-dung-may-bom-ap-luc-mini-2.jpg 750w, https:\/\/maybommini.vn\/wp-content\/uploads\/2018\/01\/ung-dung-may-bom-ap-luc-mini-2-150x150.jpg 150w, https:\/\/maybommini.vn\/wp-content\/uploads\/2018\/01\/ung-dung-may-bom-ap-luc-mini-2-300x300.jpg 300w, https:\/\/maybommini.vn\/wp-content\/uploads\/2018\/01\/ung-dung-may-bom-ap-luc-mini-2-600x600.jpg 600w, https:\/\/maybommini.vn\/wp-content\/uploads\/2018\/01\/ung-dung-may-bom-ap-luc-mini-2-100x100.jpg 100w\" sizes=\"(max-width: 750px) 100vw, 750px\" \/> <img decoding=\"async\" class=\"size-full wp-image-255543 aligncenter\" src=\"https:\/\/maybommini.com.vn\/wp-content\/uploads\/2018\/01\/may-bom-nuoc-tu-hut-1.jpg\" alt=\"May Bom Nuoc Tu Hut\" width=\"750\" height=\"750\" srcset=\"https:\/\/maybommini.vn\/wp-content\/uploads\/2018\/01\/may-bom-nuoc-tu-hut-1.jpg 750w, https:\/\/maybommini.vn\/wp-content\/uploads\/2018\/01\/may-bom-nuoc-tu-hut-1-300x300.jpg 300w, https:\/\/maybommini.vn\/wp-content\/uploads\/2018\/01\/may-bom-nuoc-tu-hut-1-600x600.jpg 600w, https:\/\/maybommini.vn\/wp-content\/uploads\/2018\/01\/may-bom-nuoc-tu-hut-1-150x150.jpg 150w\" sizes=\"(max-width: 750px) 100vw, 750px\" \/><\/p>\n<p><img decoding=\"async\" class=\"size-full wp-image-255526 aligncenter\" src=\"https:\/\/maybommini.com.vn\/wp-content\/uploads\/2018\/01\/nha-cung-cap-may-bom-mini-MBM.jpg\" alt=\"Nha Cung Cap May Bom Mini MBM\" width=\"750\" height=\"875\" srcset=\"https:\/\/maybommini.vn\/wp-content\/uploads\/2018\/01\/nha-cung-cap-may-bom-mini-MBM.jpg 750w, https:\/\/maybommini.vn\/wp-content\/uploads\/2018\/01\/nha-cung-cap-may-bom-mini-MBM-600x700.jpg 600w, https:\/\/maybommini.vn\/wp-content\/uploads\/2018\/01\/nha-cung-cap-may-bom-mini-MBM-257x300.jpg 257w\" sizes=\"(max-width: 750px) 100vw, 750px\" \/><\/p>\n","protected":false},"excerpt":{"rendered":"<p>Th\u01b0\u01a1ng hi\u1ec7u: SURGEFLO<br \/>\nModel: FL-32<br \/>\n\u0110i\u1ec7n\u00a0\u00e1p: 220V AC<br \/>\nC\u00f4ng xu\u1ea5t: 132W<br \/>\nL\u01b0u l\u01b0\u1ee3ng: 12.5L\/ph\u00fat &#8211; 3.3 GPM<br \/>\n\u00c1p l\u1ef1c: 2.4 bar &#8211; 35 psi<br \/>\nB\u01a1m \u0111\u1ea9y cao tr\u00ean 10 met<br \/>\nT\u1ef1 m\u1ed3i h\u00fat n\u01b0\u1edbc s\u00e2u 0.8 m\u00e9t.<br \/>\nC\u00f4ng t\u1eaft\u00a0\u00e1p l\u1ef1c t\u1ef1 \u0111\u1ed9ng.<br \/>\nCh\u1ea5t li\u1ec7u: Nh\u1ef1a ABS &#8211;\u00a0\u0110\u1ed3ng &#8211; Gang.<br \/>\nPhu\u0323 ki\u00ea\u0323n k\u00e8m theo n\u00f4\u0301i \u00f4\u0301ng, lo\u0323c n\u01b0\u01a1\u0301c.<br \/>\nK\u00edch th\u01b0\u1edbc: 355*133*110 mm<br \/>\nTr\u1ecdng l\u01b0\u1ee3ng: 2.2 kg<br \/>\nB\u1ea3o h\u00e0nh: 6 th\u00e1ng<br \/>\nPh\u00e2n ph\u1ed1i:\u00a0<a href=\"https:\/\/maybomminimbm.vn\/\">M\u00e1y B\u01a1m Mini MBM<\/a><br \/>\nS\u1ea3n ph\u1ea9m cao c\u1ea5p<br \/>\nKh\u1eb3ng \u0111\u1ecbnh \u0111\u1ed9 an to\u00e0n v\u00e0 ch\u1ea5t l\u01b0\u1ee3ng.<br \/>\n<strong>H\u00f4\u0309 tr\u01a1\u0323 ky\u0303 thu\u00e2\u0323t vi\u0303nh vi\u00ea\u0303n.<\/strong><br \/>\n<strong>T\u01af V\u1ea4N K\u1ef8 THU\u1eacT \u2013 MUA H\u00c0NG<br \/>\n0908997823 \u2013 0908997872<br \/>\n0907294310 \u2013 02873030399<\/strong><\/p>\n","protected":false},"featured_media":263046,"comment_status":"open","ping_status":"closed","template":"","meta":[],"product_brand":[86],"product_cat":[508,509],"product_tag":[500,488,372,311,373,235,927,374,1132,1281,1465,1464,1463,1461,1455,1384,1385,1386,1462,207,1332,375,376,377,210,378,379,380],"class_list":{"0":"post-257431","1":"product","2":"type-product","3":"status-publish","4":"has-post-thumbnail","6":"product_brand-surgeflo","7":"product_cat-may-bom-ap-luc-220v","8":"product_cat-may-bom-nuoc-mini-220v","9":"product_tag-220v","10":"product_tag-24v","11":"product_tag-ap-luc-cao","12":"product_tag-ap-luc-mini","13":"product_tag-binh-xit","14":"product_tag-bom-nuoc-mini","15":"product_tag-bom-tu-dong","16":"product_tag-fl-100","17":"product_tag-fl-100-24v","18":"product_tag-fl-200","19":"product_tag-fl-32","20":"product_tag-fl-34","21":"product_tag-fl-35","22":"product_tag-fl-40","23":"product_tag-fl-44","24":"product_tag-fl-701","25":"product_tag-fl-703","26":"product_tag-fl-704","27":"product_tag-fl40","28":"product_tag-may-bom-ap-luc","29":"product_tag-may-bom-mini-nhat","30":"product_tag-may-bom-nuoc","31":"product_tag-may-bom-tang-ap","32":"product_tag-mbm","33":"product_tag-rua-xe","34":"product_tag-rv","35":"product_tag-surgeflo","36":"product_tag-surgeflo-fl-100","38":"first","39":"instock","40":"sale","41":"shipping-taxable","42":"purchasable","43":"product-type-simple"},"_links":{"self":[{"href":"https:\/\/maybommini.vn\/index.php?rest_route=\/wp\/v2\/product\/257431","targetHints":{"allow":["GET"]}}],"collection":[{"href":"https:\/\/maybommini.vn\/index.php?rest_route=\/wp\/v2\/product"}],"about":[{"href":"https:\/\/maybommini.vn\/index.php?rest_route=\/wp\/v2\/types\/product"}],"replies":[{"embeddable":true,"href":"https:\/\/maybommini.vn\/index.php?rest_route=%2Fwp%2Fv2%2Fcomments&post=257431"}],"wp:featuredmedia":[{"embeddable":true,"href":"https:\/\/maybommini.vn\/index.php?rest_route=\/wp\/v2\/media\/263046"}],"wp:attachment":[{"href":"https:\/\/maybommini.vn\/index.php?rest_route=%2Fwp%2Fv2%2Fmedia&parent=257431"}],"wp:term":[{"taxonomy":"product_brand","embeddable":true,"href":"https:\/\/maybommini.vn\/index.php?rest_route=%2Fwp%2Fv2%2Fproduct_brand&post=257431"},{"taxonomy":"product_cat","embeddable":true,"href":"https:\/\/maybommini.vn\/index.php?rest_route=%2Fwp%2Fv2%2Fproduct_cat&post=257431"},{"taxonomy":"product_tag","embeddable":true,"href":"https:\/\/maybommini.vn\/index.php?rest_route=%2Fwp%2Fv2%2Fproduct_tag&post=257431"}],"curies":[{"name":"wp","href":"https:\/\/api.w.org\/{rel}","templated":true}]}}