{"id":257433,"date":"2018-04-12T19:46:54","date_gmt":"2018-04-12T12:46:54","guid":{"rendered":"https:\/\/maybommini.com\/san-pham\/import-placeholder-for-253633"},"modified":"2018-06-09T17:03:03","modified_gmt":"2018-06-09T10:03:03","slug":"may-bom-chim-do-24v-40l-120w","status":"publish","type":"product","link":"https:\/\/maybommini.vn\/?product=may-bom-chim-do-24v-40l-120w","title":{"rendered":"M\u00e1y b\u01a1m ch\u00ecm DO 24V 40L 120W"},"content":{"rendered":"<p><em><strong>B\u1ea1n c\u00f3 nhu c\u1ea7u b\u01a1m nhi\u00ean li\u1ec7u nh\u01b0 d\u1ea7u DO Diesel t\u1eeb c\u00e1c can ch\u1ee9a th\u00f9ng phuy ra ngo\u00e0i ho\u1eb7c v\u00e0o xe oto th\u00ec\u00a0\u0111\u00e2y l\u00e0 l\u1ef1a ch\u1ecdn ph\u00f9 h\u1ee3p v\u1edbi m\u00e1y b\u01a1m ch\u00ecm DO 24V 40L inox cao c\u00e2\u0301p.<\/strong><\/em><\/p>\n<p><img class=\\\"size-full wp-image-255532 aligncenter\\\" src=\\\"https:\/\/maybommini.com.vn\/wp-content\/uploads\/2018\/01\/may-bom-chim-dau-nhot.jpg\\\" alt=\\\"May Bom Chim Dau Nhot\\\" width=\\\"750\\\" height=\\\"750\\\" \/><br \/>\n<strong>TH\u00d4NG S\u1ed0 K\u1ef8 THU\u1eacT<\/strong><br \/>\nModel: DO 24V 40L 120W<br \/>\n\u0110i\u1ec7n th\u1ebf: 24V<br \/>\nC\u00f4ng su\u1ea5t: 120W &#8211; 5A<br \/>\nL\u01b0u l\u01b0\u1ee3ng: 40 L\/P<br \/>\nB\u01a1m cao: 4 M\u00e9t<br \/>\n\u0110\u01b0\u1eddng k\u00ednh: 50mm<br \/>\n\u1ed0ng ra: 17mm<br \/>\nD\u00e2y ngu\u1ed3n: 1.5m<br \/>\nL\u1ecdc\u00a0b\u1ea9n: C\u00f3<br \/>\nK\u1eb9p \u1eafcc quy: C\u00f3<br \/>\nCh\u1ea5t li\u1ec7u: Kim lo\u1ea1i inox &#8211; Nh\u1ef1a<\/p>\n<p><img class=\\\"size-full wp-image-255534 aligncenter\\\" src=\\\"https:\/\/maybommini.com.vn\/wp-content\/uploads\/2018\/01\/may-bom-nap-xang-dau-nhot-24v.jpg\\\" alt=\\\"May Bom Nap Xang Dau Nhot 24v\\\" width=\\\"750\\\" height=\\\"750\\\" \/> <img class=\\\"size-full wp-image-255535 aligncenter\\\" src=\\\"https:\/\/maybommini.com.vn\/wp-content\/uploads\/2018\/01\/may-bom-tiep-nhien-lieu-tu-thung-phi.jpg\\\" alt=\\\"May Bom Tiep Nhien Lieu Tu Thung Phi\\\" width=\\\"750\\\" height=\\\"750\\\" \/> <img class=\\\"size-full wp-image-255531 aligncenter\\\" src=\\\"https:\/\/maybommini.com.vn\/wp-content\/uploads\/2018\/01\/loc-rac-may-bom-va-cong-tac-1.jpg\\\" alt=\\\"Loc Rac May Bom Va Cong Tac\\\" width=\\\"750\\\" height=\\\"750\\\" \/><br \/>\n<strong>S\u1eec D\u1ee4NG M\u00c1Y B\u01a0M CH\u00ccM DO 12V 24V<\/strong><br \/>\n&#8211; Kh\u00f4ng d\u00f9ng b\u01a1m x\u0103ng v\u00e0 c\u00e1c ch\u1ea5t d\u1ec3 ch\u00e1y kh\u00e1c.<br \/>\n&#8211; D\u00f9ng b\u01a1m d\u1ea7u DO Diesel, B\u01a1m nh\u1edbt, b\u01a1m n\u01b0\u1edbc &#8230;.<br \/>\n&#8211; D\u00f9ng b\u01a1m d\u1ea7u trong th\u00f9ng phuy ra ngo\u00e0i.<br \/>\n&#8211; D\u00f9ng b\u01a1m c\u1ea5p nhi\u00ean li\u1ec7u cho m\u00e1y m\u00f3c\u00a0\u0111\u1ed9ng c\u01a1.<br \/>\n&#8211; Dung b\u01a1m d\u1ea7u\u00a0DO Diesel cho xe t\u1ea3i, xe oto &#8230;<br \/>\n&#8211; D\u00f9ng b\u01a1m n\u01b0\u1edbc v\u00e0 ch\u1ea5t l\u1ecfng kh\u00e1c t\u01b0\u01a1ng t\u1ef1.<br \/>\n&#8211; S\u1eed d\u1ee5ng r\u1ed9ng r\u00e3i trong nhi\u1ec1u l\u0129nh v\u1ef1c kh\u00e1c.<\/p>\n<p><img class=\\\"size-full wp-image-255533 aligncenter\\\" src=\\\"https:\/\/maybommini.com.vn\/wp-content\/uploads\/2018\/01\/may-bom-dau-thung-phi-1.jpg\\\" alt=\\\"May Bom Dau Thung Phi\\\" width=\\\"750\\\" height=\\\"750\\\" \/><br \/>\n<strong>MUA M\u00c1Y B\u01a0M D\u1ea6U NH\u1edaT M\u00c1Y B\u01a0M CH\u00ccM DO 12V 24V<\/strong><br \/>\n<a href=\\\"https:\/\/maybommini.com\\\" target=\\\"_blank\\\" rel=\\\"noopener\\\">M\u00e1y B\u01a1m Mini<\/a> lu\u00f4n l\u00e0 nh\u00e0 cung c\u1ea5p h\u00e0ng\u00a0\u0111\u1ea7u v\u1ec1 c\u00e1c lo\u1ea1i m\u00e1y\u00a0nhi\u00ean li\u1ec7u <a href=\\\"https:\/\/maybommini.com\/danh-muc\/may-bom-xang-dau-nhot\\\" target=\\\"_blank\\\" rel=\\\"noopener\\\">m\u00e1y b\u01a1m x\u0103ng d\u1ea7u nh\u1edbt<\/a> cho nhi\u1ec1u\u00a0\u0111\u1ed1i t\u00e1c kh\u00e1c h\u00e0ng tr\u00ean to\u00e0n qu\u1ed1c. S\u1ea3n ph\u1ea9m ch\u00ednh h\u00e3ng\u00a0\u0111\u01b0\u1ee3c b\u1ea3o h\u00e0nh\u00a0\u01b0u\u00a0\u0111\u00e3i l\u00e2u d\u00e0i v\u00e0 gi\u00e1 t\u1ed1t nh\u1ea5t.<br \/>\nWebsite:\u00a0<a href=\\\"https:\/\/maybommini.com\\\" target=\\\"_blank\\\" rel=\\\"noopener\\\">https:\/\/maybommini.com<\/a><br \/>\nEmail: maybommini.com@gmail.com<br \/>\nFacebook:\u00a0<a href=\\\"https:\/\/www.facebook.com\/maybommini\/\\\" target=\\\"_blank\\\" rel=\\\"noopener\\\">https:\/\/www.facebook.com\/maybommini\/<\/a><\/p>\n<p><img class=\\\"size-full wp-image-255526 aligncenter\\\" src=\\\"https:\/\/maybommini.com.vn\/wp-content\/uploads\/2018\/01\/nha-cung-cap-may-bom-mini-MBM.jpg\\\" alt=\\\"Nha Cung Cap May Bom Mini MBM\\\" width=\\\"750\\\" height=\\\"875\\\" \/><\/p>\n<h3 style=\\\"text-align: center\\\">M\u00c1Y B\u01a0M CH\u00ccM DO &#8211; M\u00c1Y B\u01a0M X\u0102NG D\u1ea6U NH\u1edaT<\/h3>\n","protected":false},"excerpt":{"rendered":"<p>Model: DO 24V 40L 120W<br \/>\n\u0110i\u1ec7n th\u1ebf: 24V<br \/>\nC\u00f4ng su\u1ea5t: 120W &#8211; 5A<br \/>\nL\u01b0u l\u01b0\u1ee3ng: 40 L\/P<br \/>\nB\u01a1m cao: 4 M\u00e9t<br \/>\n\u0110\u01b0\u1eddng k\u00ednh: 50mm<br \/>\n\u1ed0ng ra: 17mm<br \/>\nD\u00e2y ngu\u1ed3n: 1.5m<br \/>\nL\u1ecdc\u00a0b\u1ea9n: C\u00f3<br \/>\nK\u1eb9p \u1eafc quy: C\u00f3<br \/>\nCh\u1ea5t li\u1ec7u: Kim lo\u1ea1i inox &#8211; Nh\u1ef1a<br \/>\nB\u1ea3o h\u00e0nh: 3 th\u00e1ng<\/p>\n","protected":false},"featured_media":257567,"comment_status":"open","ping_status":"closed","template":"","meta":[],"product_brand":[],"product_cat":[1118],"product_tag":[1237,267,488,1466,1335,1232,206,389,523,1238,1233,1158,1239,1240],"class_list":{"0":"post-257433","1":"product","2":"type-product","3":"status-publish","4":"has-post-thumbnail","6":"product_cat-may-bom-xang-dau-nhot-24v","7":"product_tag-12l","8":"product_tag-12v","9":"product_tag-24v","10":"product_tag-24v-120w","11":"product_tag-40l","12":"product_tag-do","13":"product_tag-may-bom-12v","14":"product_tag-may-bom-chim","15":"product_tag-may-bom-dau","16":"product_tag-may-bom-dau-nhot","17":"product_tag-may-bom-diesel","18":"product_tag-may-bom-do","19":"product_tag-may-bom-do-diesel","20":"product_tag-may-bom-thung-phuy","22":"first","23":"instock","24":"sale","25":"shipping-taxable","26":"purchasable","27":"product-type-simple"},"_links":{"self":[{"href":"https:\/\/maybommini.vn\/index.php?rest_route=\/wp\/v2\/product\/257433","targetHints":{"allow":["GET"]}}],"collection":[{"href":"https:\/\/maybommini.vn\/index.php?rest_route=\/wp\/v2\/product"}],"about":[{"href":"https:\/\/maybommini.vn\/index.php?rest_route=\/wp\/v2\/types\/product"}],"replies":[{"embeddable":true,"href":"https:\/\/maybommini.vn\/index.php?rest_route=%2Fwp%2Fv2%2Fcomments&post=257433"}],"wp:featuredmedia":[{"embeddable":true,"href":"https:\/\/maybommini.vn\/index.php?rest_route=\/wp\/v2\/media\/257567"}],"wp:attachment":[{"href":"https:\/\/maybommini.vn\/index.php?rest_route=%2Fwp%2Fv2%2Fmedia&parent=257433"}],"wp:term":[{"taxonomy":"product_brand","embeddable":true,"href":"https:\/\/maybommini.vn\/index.php?rest_route=%2Fwp%2Fv2%2Fproduct_brand&post=257433"},{"taxonomy":"product_cat","embeddable":true,"href":"https:\/\/maybommini.vn\/index.php?rest_route=%2Fwp%2Fv2%2Fproduct_cat&post=257433"},{"taxonomy":"product_tag","embeddable":true,"href":"https:\/\/maybommini.vn\/index.php?rest_route=%2Fwp%2Fv2%2Fproduct_tag&post=257433"}],"curies":[{"name":"wp","href":"https:\/\/api.w.org\/{rel}","templated":true}]}}