{"id":257435,"date":"2018-04-12T19:46:55","date_gmt":"2018-04-12T12:46:55","guid":{"rendered":"https:\/\/maybommini.com\/san-pham\/import-placeholder-for-253654"},"modified":"2020-05-06T15:32:20","modified_gmt":"2020-05-06T08:32:20","slug":"bo-xit-rua-ve-sinh-may-lanh-12v-60w","status":"publish","type":"product","link":"https:\/\/maybommini.vn\/?product=bo-xit-rua-ve-sinh-may-lanh-12v-60w","title":{"rendered":"B\u1ed9 x\u1ecbt r\u1eeda v\u1ec7 sinh m\u00e1y l\u1ea1nh 12V 60W"},"content":{"rendered":"<h3>Nh\u00e0 ph\u00e2n ph\u1ed1i b\u1ed9 x\u1ecbt r\u1eeda v\u1ec7 sinh m\u00e1y l\u1ea1nh 12V 60W g\u00f4\u0300m 11 mo\u0301n \u0111\u00e2\u0300y \u0111u\u0309 phu\u0323 ki\u00ea\u0323n ti\u00ea\u0323n du\u0323ng.Du\u0300ng cho vi\u00ea\u0323c xi\u0323t r\u01b0\u0309a v\u00ea\u0323 sinh ma\u0301y la\u0323nh gia \u0111i\u0300nh, kha\u0301ch sa\u0323n, c\u00f4ng ty qua\u0301n \u0103n r\u00e2\u0301t t\u00f4\u0301t va\u0300 \u0111\u01a1n gia\u0303n giu\u0301p ti\u00ea\u0301t ki\u00ea\u0323m chi phi\u0301 h\u01a1n khi thu\u00ea di\u0323ch vu\u0323 v\u00ea\u0323 sinh.<\/h3>\n<p><img decoding=\"async\" class=\"size-full wp-image-249631 aligncenter\" src=\"https:\/\/maybommini.com\/wp-content\/uploads\/2017\/09\/bo-xit-rua-ve-sinh-may-lanh-12v-60w.jpg\" alt=\"Bo Xit Rua Ve Sinh May Lanh 12v 60w\" width=\"1024\" height=\"1024\" srcset=\"https:\/\/maybommini.vn\/wp-content\/uploads\/2017\/09\/bo-xit-rua-ve-sinh-may-lanh-12v-60w.jpg 1024w, https:\/\/maybommini.vn\/wp-content\/uploads\/2017\/09\/bo-xit-rua-ve-sinh-may-lanh-12v-60w-300x300.jpg 300w, https:\/\/maybommini.vn\/wp-content\/uploads\/2017\/09\/bo-xit-rua-ve-sinh-may-lanh-12v-60w-600x600.jpg 600w, https:\/\/maybommini.vn\/wp-content\/uploads\/2017\/09\/bo-xit-rua-ve-sinh-may-lanh-12v-60w-150x150.jpg 150w, https:\/\/maybommini.vn\/wp-content\/uploads\/2017\/09\/bo-xit-rua-ve-sinh-may-lanh-12v-60w-768x768.jpg 768w\" sizes=\"(max-width: 1024px) 100vw, 1024px\" \/><\/p>\n<p><strong>TH\u00d4NG S\u00d4\u0301 KY\u0303 THU\u00c2\u0323T<\/strong><br \/>\nModel: BXRML-12V-60W<br \/>\n1. Ma\u0301y b\u01a1m a\u0301p l\u01b0\u0323c mini 12V 60W Smartpums<br \/>\n2. Su\u0301ng xi\u0323t a\u0301p l\u01b0\u0323c nh\u01b0\u0323a.<br \/>\n3. Be\u0301c xi\u0323t \u0111\u00f4\u0300ng 1 tia.<br \/>\n4. \u00d4\u0301ng d\u00e2y n\u01b0\u01a1\u0301c ra 2 l\u01a1\u0301p 12mm 8 me\u0301t.<br \/>\n5. \u00d4\u0301ng d\u00e2y n\u01b0\u01a1\u0301c va\u0300o 12mm 2 me\u0301t.<br \/>\n6. Co n\u00f4\u0301i nhanh 12mm 2 ca\u0301i.<br \/>\n7. Ngu\u00f4\u0300n 12V 6A.<br \/>\n8. D\u00e2y ngu\u00f4\u0300n 220V.<br \/>\n9. Jack c\u00e2\u0301m ngu\u00f4\u0300n ca\u0301i.<br \/>\n10. A\u0301o v\u00ea\u0323 sinh ma\u0301y la\u0323nh cao c\u00e2\u0301p.<br \/>\n11. Lo\u0323c n\u01b0\u01a1\u0301c \u0111\u00e2\u0300u va\u0300o.<\/p>\n<h3>CA\u0301CH S\u01af\u0309 DU\u0323NG B\u00d4\u0323 XI\u0323T R\u01af\u0309A V\u00ca\u0323 SINH MA\u0301Y LA\u0323NH A\u0301P L\u01af\u0323C 12V 60W<\/h3>\n<p>&#8211; \u0110\u00e2y la\u0300 b\u00f4\u0323 xi\u0323t r\u01b0\u0309a ma\u0301y la\u0323nh 11 trong 1 \u0111\u00e2\u0300y \u0111u\u0309 phu\u0323 ki\u00ea\u0323n cho vi\u00ea\u0323c v\u00ea\u0323 sinh ma\u0301y la\u0323nh r\u00e2\u0301t ti\u00ea\u0323n l\u01a1\u0323i va\u0300 d\u00ea\u0309 l\u0103\u0301p \u0111\u0103\u0323t s\u01b0\u0309 du\u0323ng nh\u00e2\u0301t hi\u00ea\u0323n nay.<br \/>\n&#8211; <a href=\"https:\/\/maybommini.com\/san-pham\/bom-nuoc-mini-ap-luc-12v-60w-5l-smartpumpus\" target=\"_blank\" rel=\"noopener noreferrer\">Ma\u0301y b\u01a1m mini a\u0301p l\u01b0\u0323c12v 60w<\/a> nho\u0309 go\u0323n t\u01b0\u0323 \u0111\u00f4\u0323ng ti\u00ea\u0323n l\u01a1\u0323i an toa\u0300n khi du\u0300ng nh\u00e2\u0301t la\u0300 cho a\u0301p l\u01b0\u0323c ma\u0323nh v\u01b0\u0300a \u0111u\u0309 \u0111\u00ea\u0309 xi\u0323t ma\u0301y la\u0323nh kh\u00f4ng bi\u0323 c\u00f4ng v\u00ean t\u00e2\u0301m nh\u00f4m da\u0300n la\u0323nh.<br \/>\n<img decoding=\"async\" class=\"size-full wp-image-245629 aligncenter\" src=\"https:\/\/maybommini.com\/wp-content\/uploads\/2016\/08\/may-bom-mini-12v-60w.jpg\" alt=\"\" width=\"550\" height=\"550\" srcset=\"https:\/\/maybommini.vn\/wp-content\/uploads\/2016\/08\/may-bom-mini-12v-60w.jpg 550w, https:\/\/maybommini.vn\/wp-content\/uploads\/2016\/08\/may-bom-mini-12v-60w-300x300.jpg 300w, https:\/\/maybommini.vn\/wp-content\/uploads\/2016\/08\/may-bom-mini-12v-60w-150x150.jpg 150w\" sizes=\"(max-width: 550px) 100vw, 550px\" \/><br \/>\n&#8211; Su\u0301ng xi\u0323t a\u0301p l\u01b0\u0323c cao co\u0301 th\u00ea\u0309 chi\u0309nh tia ma\u0323nh y\u00ea\u0301u va\u0300 co\u0301 n\u00f4\u0301i nhanh \u00f4\u0301ng d\u00e2y ti\u00ea\u0323n du\u0323ng.<br \/>\n<img decoding=\"async\" class=\"size-full wp-image-929 aligncenter\" src=\"https:\/\/maybommini.com\/wp-content\/uploads\/2014\/10\/sung-ap-luc-rua-xe-bom-nuoc-mini.jpg\" alt=\"\" width=\"1200\" height=\"1023\" srcset=\"https:\/\/maybommini.vn\/wp-content\/uploads\/2014\/10\/sung-ap-luc-rua-xe-bom-nuoc-mini.jpg 1200w, https:\/\/maybommini.vn\/wp-content\/uploads\/2014\/10\/sung-ap-luc-rua-xe-bom-nuoc-mini-600x512.jpg 600w, https:\/\/maybommini.vn\/wp-content\/uploads\/2014\/10\/sung-ap-luc-rua-xe-bom-nuoc-mini-300x256.jpg 300w, https:\/\/maybommini.vn\/wp-content\/uploads\/2014\/10\/sung-ap-luc-rua-xe-bom-nuoc-mini-768x655.jpg 768w, https:\/\/maybommini.vn\/wp-content\/uploads\/2014\/10\/sung-ap-luc-rua-xe-bom-nuoc-mini-1024x873.jpg 1024w\" sizes=\"(max-width: 1200px) 100vw, 1200px\" \/>&#8211; <a href=\"https:\/\/maybommini.com\/san-pham\/ao-ve-sinh-may-lanh-co-ong-xa-thai\" target=\"_blank\" rel=\"noopener noreferrer\">A\u0301o v\u00ea\u0323 sinh ma\u0301y la\u0323nh cao c\u00e2\u0301p<\/a> du\u0300ng h\u01b0\u0301ng n\u01b0\u01a1\u0301c tha\u0309i khi v\u00ea\u0323 sinh \u0111\u01b0\u01a1\u0323c la\u0300m b\u0103\u0300ng va\u0303i du\u0300 2 l\u01a1\u0301p ch\u00f4\u0301ng th\u00e2\u0301m t\u00f4\u0301t.<br \/>\n<img decoding=\"async\" class=\"size-full wp-image-248647 aligncenter\" src=\"https:\/\/maybommini.com\/wp-content\/uploads\/2017\/04\/ao-ve-sinh-may-lanh.jpg\" alt=\"Ao Ve Sinh May Lanh\" width=\"750\" height=\"750\" srcset=\"https:\/\/maybommini.vn\/wp-content\/uploads\/2017\/04\/ao-ve-sinh-may-lanh.jpg 750w, https:\/\/maybommini.vn\/wp-content\/uploads\/2017\/04\/ao-ve-sinh-may-lanh-300x300.jpg 300w, https:\/\/maybommini.vn\/wp-content\/uploads\/2017\/04\/ao-ve-sinh-may-lanh-600x600.jpg 600w, https:\/\/maybommini.vn\/wp-content\/uploads\/2017\/04\/ao-ve-sinh-may-lanh-150x150.jpg 150w\" sizes=\"(max-width: 750px) 100vw, 750px\" \/>&#8211; <a href=\"https:\/\/maybommini.com\/san-pham\/nguon-12v-6a-dung-cho-may-bom-nuoc-mini-ap-luc\" target=\"_blank\" rel=\"noopener noreferrer\">Ngu\u00f4\u0300n \u0111i\u00ea\u0323n 220V bi\u00ea\u0301n th\u00ea\u0301 tha\u0300nh 12V<\/a> cho ma\u0301y b\u01a1m b\u00ea\u0300n nho\u0309 go\u0323n.<br \/>\n<img decoding=\"async\" class=\"size-full wp-image-244588 aligncenter\" src=\"https:\/\/maybommini.com\/wp-content\/uploads\/2016\/01\/adapter-12v-6a-may-bom-mini.jpg\" alt=\"\" width=\"800\" height=\"800\" srcset=\"https:\/\/maybommini.vn\/wp-content\/uploads\/2016\/01\/adapter-12v-6a-may-bom-mini.jpg 800w, https:\/\/maybommini.vn\/wp-content\/uploads\/2016\/01\/adapter-12v-6a-may-bom-mini-300x300.jpg 300w, https:\/\/maybommini.vn\/wp-content\/uploads\/2016\/01\/adapter-12v-6a-may-bom-mini-600x600.jpg 600w, https:\/\/maybommini.vn\/wp-content\/uploads\/2016\/01\/adapter-12v-6a-may-bom-mini-150x150.jpg 150w, https:\/\/maybommini.vn\/wp-content\/uploads\/2016\/01\/adapter-12v-6a-may-bom-mini-768x768.jpg 768w\" sizes=\"(max-width: 800px) 100vw, 800px\" \/><br \/>\n&#8211; Va\u0300 nhi\u00ea\u0300u phu\u0323 ki\u00ea\u0323n kha\u0301c ke\u0300m theo.<br \/>\n&#8211; Vi\u00ea\u0323c l\u0103\u0301p \u0111\u0103\u0323t r\u00e2\u0301t \u0111\u01a1n gia\u0303n va\u0300 d\u00ea\u0309 du\u0300ng.<\/p>\n<h3>BA\u0301N B\u00d4\u0323 V\u00ca\u0323 SINH MA\u0301Y LA\u0323NH GIA \u0110I\u0300NH<\/h3>\n<p>Chu\u0301ng t\u00f4i chuy\u00ean ba\u0301n ca\u0301c loa\u0323i ma\u0301y b\u01a1m va\u0300 phu\u0323 ki\u00ea\u0323n du\u0300ng v\u00ea\u0323 sinh ma\u0301y la\u0323nh gia \u0111i\u0300nh va\u0300 v\u00ea\u0323 sinh ma\u0301y la\u0323nh di\u0323ch vu\u0323 tr\u00ean toa\u0300n qu\u00f4\u0301c v\u01a1\u0301i ch\u00e2\u0301t l\u01b0\u01a1\u0323ng cao uy ti\u0301n ba\u0309o ha\u0300nh toa\u0300n qu\u00f4\u0301c.<br \/>\n<strong>Website:<\/strong>\u00a0<a href=\"https:\/\/maybommini.com\" target=\"_blank\" rel=\"noopener\">https:\/\/maybommini.com<\/a><br \/>\n<strong>Email:<\/strong> maybommini.com@gmail.com<br \/>\n<strong>Tel:<\/strong> 090720 4310<\/p>\n<h3 style=\"text-align: center;\"><strong>B\u1ed9 x\u1ecbt r\u1eeda v\u1ec7 sinh m\u00e1y l\u1ea1nh 12V 60W<\/strong><\/h3>\n","protected":false},"excerpt":{"rendered":"<p>1. Ma\u0301y b\u01a1m a\u0301p l\u01b0\u0323c mini 12V 60W.<br \/>\n2. Su\u0301ng xi\u0323t a\u0301p l\u01b0\u0323c nh\u01b0\u0323a.<br \/>\n3. Be\u0301c xi\u0323t \u0111\u00f4\u0300ng 1 tia.<br \/>\n4. \u00d4\u0301ng d\u00e2y n\u01b0\u01a1\u0301c ra 2 l\u01a1\u0301p 12mm 8 me\u0301t.<br \/>\n5. \u00d4\u0301ng d\u00e2y n\u01b0\u01a1\u0301c va\u0300o 12mm 2 me\u0301t.<br \/>\n6. Co n\u00f4\u0301i nhanh 12mm 2 ca\u0301i.<br \/>\n7. Ngu\u00f4\u0300n 12V 6A.<br \/>\n8. D\u00e2y ngu\u00f4\u0300n 220V.<br \/>\n9. Jack c\u00e2\u0301m ngu\u00f4\u0300n ca\u0301i.<br \/>\n10. A\u0301o v\u00ea\u0323 sinh ma\u0301y la\u0323nh cao c\u00e2\u0301p.<br \/>\n11. Lo\u0323c n\u01b0\u01a1\u0301c \u0111\u00e2\u0300u va\u0300o.<br \/>\nBa\u0309o ha\u0300nh toa\u0300n qu\u00f4\u0301c chi\u0301nh ha\u0303ng: Ma\u0301y b\u01a1m 6 tha\u0301ng, Adapter 1 tha\u0301ng<br \/>\nH\u00f4\u0309 tr\u01a1\u0323 ky\u0303 thu\u00e2\u0323t vi\u0303nh vi\u00ea\u0303n.<br \/>\nTro\u0323ng l\u01b0\u01a1\u0323ng: 3 Kg<\/p>\n","protected":false},"featured_media":257577,"comment_status":"open","ping_status":"closed","template":"","meta":[],"product_brand":[2227],"product_cat":[1471,292],"product_tag":[719,251,1468,235,720,253,721,723,316,1469,1470],"class_list":{"0":"post-257435","1":"product","2":"type-product","3":"status-publish","4":"has-post-thumbnail","6":"product_brand-mtm","7":"product_cat-bo-ve-sinh-may-lanh","8":"product_cat-bo-rua-xe-ve-sinh-may-lanh","9":"product_tag-ao-ve-sinh-may-lanh","10":"product_tag-ap-luc","11":"product_tag-bo-rua-ve-sinh-may-lanh","12":"product_tag-bom-nuoc-mini","13":"product_tag-may-lanh","14":"product_tag-sung-xit","15":"product_tag-tu-ve-sinh-may-lanh","16":"product_tag-ve-sinh","17":"product_tag-ve-sinh-may-lanh","18":"product_tag-ve-sinh-may-lanh-gia-dinh","19":"product_tag-xit-rua","21":"first","22":"instock","23":"sale","24":"shipping-taxable","25":"purchasable","26":"product-type-simple"},"_links":{"self":[{"href":"https:\/\/maybommini.vn\/index.php?rest_route=\/wp\/v2\/product\/257435","targetHints":{"allow":["GET"]}}],"collection":[{"href":"https:\/\/maybommini.vn\/index.php?rest_route=\/wp\/v2\/product"}],"about":[{"href":"https:\/\/maybommini.vn\/index.php?rest_route=\/wp\/v2\/types\/product"}],"replies":[{"embeddable":true,"href":"https:\/\/maybommini.vn\/index.php?rest_route=%2Fwp%2Fv2%2Fcomments&post=257435"}],"wp:featuredmedia":[{"embeddable":true,"href":"https:\/\/maybommini.vn\/index.php?rest_route=\/wp\/v2\/media\/257577"}],"wp:attachment":[{"href":"https:\/\/maybommini.vn\/index.php?rest_route=%2Fwp%2Fv2%2Fmedia&parent=257435"}],"wp:term":[{"taxonomy":"product_brand","embeddable":true,"href":"https:\/\/maybommini.vn\/index.php?rest_route=%2Fwp%2Fv2%2Fproduct_brand&post=257435"},{"taxonomy":"product_cat","embeddable":true,"href":"https:\/\/maybommini.vn\/index.php?rest_route=%2Fwp%2Fv2%2Fproduct_cat&post=257435"},{"taxonomy":"product_tag","embeddable":true,"href":"https:\/\/maybommini.vn\/index.php?rest_route=%2Fwp%2Fv2%2Fproduct_tag&post=257435"}],"curies":[{"name":"wp","href":"https:\/\/api.w.org\/{rel}","templated":true}]}}