{"id":257436,"date":"2018-04-12T19:46:55","date_gmt":"2018-04-12T12:46:55","guid":{"rendered":"https:\/\/maybommini.com\/san-pham\/import-placeholder-for-253655"},"modified":"2019-03-13T10:19:00","modified_gmt":"2019-03-13T03:19:00","slug":"bo-xit-rua-ve-sinh-may-lanh-12v-45w","status":"publish","type":"product","link":"https:\/\/maybommini.vn\/?product=bo-xit-rua-ve-sinh-may-lanh-12v-45w","title":{"rendered":"B\u1ed9 x\u1ecbt r\u1eeda v\u1ec7 sinh m\u00e1y l\u1ea1nh 12V 45W"},"content":{"rendered":"<h3>Chuy\u00ean cung c\u1ea5p ph\u00e2n ph\u1ed1i b\u00e1n b\u1ed9 x\u1ecbt r\u1eeda v\u1ec7 sinh m\u00e1y l\u1ea1nh 12V 45W bao g\u1ed3m \u0111\u1ea7y \u0111\u1ee7 ph\u1ee5 ki\u1ec7n ti\u1ec7n d\u1ee5ng k\u00e8m theo. S\u1eed d\u1ee5ng cho vi\u1ec7c v\u1ec7 sinh x\u1ecbt r\u1eeda m\u00e1y l\u1ea1nh gia \u0111\u00ecnh, kh\u00e1ch s\u1ea1n nh\u00e0 ngh\u1ec9, c\u00f4ng ty v\u0103n ph\u00f2ng v\u00e0 qu\u00e1n \u0103n r\u1ea5t t\u1ed1t ti\u1ebft ki\u1ec7m chi ph\u00ed khi thu\u00ea d\u1ecbch v\u1ee5 v\u1ec7 sinh m\u00e1y l\u1ea1nh.<\/h3>\n<p><a href=\"https:\/\/maybommini.com\/wp-content\/uploads\/2018\/04\/bo-xit-rua-ve-sinh-may-lanh-12V-45w.jpg\" target=\"_blank\" rel=\"noopener\"><img decoding=\"async\" class=\"size-full wp-image-261541 aligncenter\" src=\"https:\/\/maybommini.com\/wp-content\/uploads\/2018\/04\/bo-xit-rua-ve-sinh-may-lanh-12V-45w.jpg\" alt=\"Bo Xit Rua Ve Sinh May Lanh 12V 45w\" width=\"750\" height=\"750\" srcset=\"https:\/\/maybommini.vn\/wp-content\/uploads\/2018\/04\/bo-xit-rua-ve-sinh-may-lanh-12V-45w.jpg 750w, https:\/\/maybommini.vn\/wp-content\/uploads\/2018\/04\/bo-xit-rua-ve-sinh-may-lanh-12V-45w-300x300.jpg 300w, https:\/\/maybommini.vn\/wp-content\/uploads\/2018\/04\/bo-xit-rua-ve-sinh-may-lanh-12V-45w-150x150.jpg 150w, https:\/\/maybommini.vn\/wp-content\/uploads\/2018\/04\/bo-xit-rua-ve-sinh-may-lanh-12V-45w-600x600.jpg 600w\" sizes=\"(max-width: 750px) 100vw, 750px\" \/><\/a><\/p>\n<p><strong>TH\u00d4NG S\u00d4\u0301 KY\u0303 THU\u00c2\u0323T<\/strong><br \/>\nModel: BXRML-12V-45W<br \/>\n1. Ma\u0301y b\u01a1m a\u0301p l\u01b0\u0323c mini 12V 45W Smartpums<br \/>\n2. Su\u0301ng xi\u0323t a\u0301p l\u01b0\u0323c nh\u01b0\u0323a.<br \/>\n3. Be\u0301c xi\u0323t \u0111\u00f4\u0300ng 1 tia.<br \/>\n4. \u00d4\u0301ng d\u00e2y n\u01b0\u01a1\u0301c ra 2 l\u01a1\u0301p 12mm 8 me\u0301t.<br \/>\n5. \u00d4\u0301ng d\u00e2y n\u01b0\u01a1\u0301c va\u0300o 12mm 2 me\u0301t.<br \/>\n6. Co n\u00f4\u0301i nhanh 12mm 2 ca\u0301i.<br \/>\n7. Ngu\u00f4\u0300n 12V 6A.<br \/>\n8. D\u00e2y ngu\u00f4\u0300n 220V.<br \/>\n9. Jack c\u00e2\u0301m ngu\u00f4\u0300n ca\u0301i.<br \/>\n10. A\u0301o v\u00ea\u0323 sinh ma\u0301y la\u0323nh cao c\u00e2\u0301p.<br \/>\n11. Lo\u0323c n\u01b0\u01a1\u0301c \u0111\u00e2\u0300u va\u0300o.<\/p>\n<p><a href=\"https:\/\/maybommini.com\/wp-content\/uploads\/2018\/04\/may-bom-ap-luc-12v-45w-4l-smartpumps.jpg\" target=\"_blank\" rel=\"noopener\"><img decoding=\"async\" class=\"size-full wp-image-261536 aligncenter\" src=\"https:\/\/maybommini.com\/wp-content\/uploads\/2018\/04\/may-bom-ap-luc-12v-45w-4l-smartpumps.jpg\" alt=\"May Bom Ap Luc 12v 45w 4l Smartpumps\" width=\"750\" height=\"750\" srcset=\"https:\/\/maybommini.vn\/wp-content\/uploads\/2018\/04\/may-bom-ap-luc-12v-45w-4l-smartpumps.jpg 750w, https:\/\/maybommini.vn\/wp-content\/uploads\/2018\/04\/may-bom-ap-luc-12v-45w-4l-smartpumps-300x300.jpg 300w, https:\/\/maybommini.vn\/wp-content\/uploads\/2018\/04\/may-bom-ap-luc-12v-45w-4l-smartpumps-150x150.jpg 150w, https:\/\/maybommini.vn\/wp-content\/uploads\/2018\/04\/may-bom-ap-luc-12v-45w-4l-smartpumps-600x600.jpg 600w\" sizes=\"(max-width: 750px) 100vw, 750px\" \/><\/a> <a href=\"https:\/\/maybommini.com\/wp-content\/uploads\/2018\/04\/nguon-dien-bien-the-adapter-220v-12v.jpg\" target=\"_blank\" rel=\"noopener\"><img decoding=\"async\" class=\"size-full wp-image-261537 aligncenter\" src=\"https:\/\/maybommini.com\/wp-content\/uploads\/2018\/04\/nguon-dien-bien-the-adapter-220v-12v.jpg\" alt=\"Nguon Dien Bien The Adapter 220v 12v\" width=\"750\" height=\"750\" srcset=\"https:\/\/maybommini.vn\/wp-content\/uploads\/2018\/04\/nguon-dien-bien-the-adapter-220v-12v.jpg 750w, https:\/\/maybommini.vn\/wp-content\/uploads\/2018\/04\/nguon-dien-bien-the-adapter-220v-12v-300x300.jpg 300w, https:\/\/maybommini.vn\/wp-content\/uploads\/2018\/04\/nguon-dien-bien-the-adapter-220v-12v-150x150.jpg 150w, https:\/\/maybommini.vn\/wp-content\/uploads\/2018\/04\/nguon-dien-bien-the-adapter-220v-12v-600x600.jpg 600w\" sizes=\"(max-width: 750px) 100vw, 750px\" \/><\/a> <a href=\"https:\/\/maybommini.com\/wp-content\/uploads\/2018\/04\/sung-xit-va-bec-xit-ap-luc-cao.jpg\" target=\"_blank\" rel=\"noopener\"><img decoding=\"async\" class=\"size-full wp-image-261539 aligncenter\" src=\"https:\/\/maybommini.com\/wp-content\/uploads\/2018\/04\/sung-xit-va-bec-xit-ap-luc-cao.jpg\" alt=\"Sung Xit Va Bec Xit Ap Luc Cao\" width=\"750\" height=\"750\" srcset=\"https:\/\/maybommini.vn\/wp-content\/uploads\/2018\/04\/sung-xit-va-bec-xit-ap-luc-cao.jpg 750w, https:\/\/maybommini.vn\/wp-content\/uploads\/2018\/04\/sung-xit-va-bec-xit-ap-luc-cao-300x300.jpg 300w, https:\/\/maybommini.vn\/wp-content\/uploads\/2018\/04\/sung-xit-va-bec-xit-ap-luc-cao-150x150.jpg 150w, https:\/\/maybommini.vn\/wp-content\/uploads\/2018\/04\/sung-xit-va-bec-xit-ap-luc-cao-600x600.jpg 600w\" sizes=\"(max-width: 750px) 100vw, 750px\" \/><\/a> <a href=\"https:\/\/maybommini.com\/wp-content\/uploads\/2018\/04\/ong-day-ap-luc-xanh-luoi-12mm.jpg\" target=\"_blank\" rel=\"noopener\"><img decoding=\"async\" class=\"size-full wp-image-261543 aligncenter\" src=\"https:\/\/maybommini.com\/wp-content\/uploads\/2018\/04\/ong-day-ap-luc-xanh-luoi-12mm.jpg\" alt=\"Ong Day Ap Luc Xanh Luoi 12mm\" width=\"750\" height=\"750\" srcset=\"https:\/\/maybommini.vn\/wp-content\/uploads\/2018\/04\/ong-day-ap-luc-xanh-luoi-12mm.jpg 750w, https:\/\/maybommini.vn\/wp-content\/uploads\/2018\/04\/ong-day-ap-luc-xanh-luoi-12mm-300x300.jpg 300w, https:\/\/maybommini.vn\/wp-content\/uploads\/2018\/04\/ong-day-ap-luc-xanh-luoi-12mm-150x150.jpg 150w, https:\/\/maybommini.vn\/wp-content\/uploads\/2018\/04\/ong-day-ap-luc-xanh-luoi-12mm-600x600.jpg 600w\" sizes=\"(max-width: 750px) 100vw, 750px\" \/><\/a> <a href=\"https:\/\/maybommini.com\/wp-content\/uploads\/2018\/04\/ao-ve-sinh-may-lanh-cao-cap-vai-du.jpg\" target=\"_blank\" rel=\"noopener\"><img decoding=\"async\" class=\"size-full wp-image-261533 aligncenter\" src=\"https:\/\/maybommini.com\/wp-content\/uploads\/2018\/04\/ao-ve-sinh-may-lanh-cao-cap-vai-du.jpg\" alt=\"Ao Ve Sinh May Lanh Cao Cap Vai Du\" width=\"750\" height=\"750\" srcset=\"https:\/\/maybommini.vn\/wp-content\/uploads\/2018\/04\/ao-ve-sinh-may-lanh-cao-cap-vai-du.jpg 750w, https:\/\/maybommini.vn\/wp-content\/uploads\/2018\/04\/ao-ve-sinh-may-lanh-cao-cap-vai-du-300x300.jpg 300w, https:\/\/maybommini.vn\/wp-content\/uploads\/2018\/04\/ao-ve-sinh-may-lanh-cao-cap-vai-du-150x150.jpg 150w, https:\/\/maybommini.vn\/wp-content\/uploads\/2018\/04\/ao-ve-sinh-may-lanh-cao-cap-vai-du-600x600.jpg 600w\" sizes=\"(max-width: 750px) 100vw, 750px\" \/><\/a><\/p>\n<p><strong>CA\u0301CH S\u01af\u0309 DU\u0323NG B\u00d4\u0323 XI\u0323T R\u01af\u0309A V\u00ca\u0323 SINH MA\u0301Y LA\u0323NH A\u0301P L\u01af\u0323C 12V 45W<\/strong><br \/>\n&#8211; \u0110\u00e2y la\u0300 b\u00f4\u0323 xi\u0323t r\u01b0\u0309a ma\u0301y la\u0323nh 11 trong 1 \u0111\u00e2\u0300y \u0111u\u0309 phu\u0323 ki\u00ea\u0323n cho vi\u00ea\u0323c v\u00ea\u0323 sinh ma\u0301y la\u0323nh r\u00e2\u0301t ti\u00ea\u0323n l\u01a1\u0323i va\u0300 d\u00ea\u0309 l\u0103\u0301p \u0111\u0103\u0323t s\u01b0\u0309 du\u0323ng nh\u00e2\u0301t hi\u00ea\u0323n nay.<br \/>\n&#8211; <a href=\"https:\/\/maybommini.com\/san-pham\/may-bom-nuoc-mini-ap-luc-12v-45w-4l\" target=\"_blank\" rel=\"noopener\">Ma\u0301y b\u01a1m mini a\u0301p l\u01b0\u0323c 12v 45w <\/a>nho\u0309 go\u0323n t\u01b0\u0323 \u0111\u00f4\u0323ng ti\u00ea\u0323n l\u01a1\u0323i an toa\u0300n khi du\u0300ng nh\u00e2\u0301t la\u0300 cho a\u0301p l\u01b0\u0323c ma\u0323nh v\u01b0\u0300a \u0111u\u0309 \u0111\u00ea\u0309 xi\u0323t ma\u0301y la\u0323nh kh\u00f4ng bi\u0323 c\u00f4ng v\u00ean t\u00e2\u0301m nh\u00f4m da\u0300n la\u0323nh.<br \/>\n&#8211; Su\u0301ng xi\u0323t a\u0301p l\u01b0\u0323c cao co\u0301 th\u00ea\u0309 chi\u0309nh tia ma\u0323nh y\u00ea\u0301u va\u0300 co\u0301 n\u00f4\u0301i nhanh \u00f4\u0301ng d\u00e2y ti\u00ea\u0323n du\u0323ng.<br \/>\n&#8211; <a href=\"https:\/\/maybommini.com\/san-pham\/ao-ve-sinh-may-lanh-co-ong-xa-thai\" target=\"_blank\" rel=\"noopener\">A\u0301o v\u00ea\u0323 sinh ma\u0301y la\u0323nh cao c\u00e2\u0301p<\/a> du\u0300ng h\u01b0\u0301ng n\u01b0\u01a1\u0301c tha\u0309i khi v\u00ea\u0323 sinh \u0111\u01b0\u01a1\u0323c la\u0300m b\u0103\u0300ng va\u0303i du\u0300 2 l\u01a1\u0301p ch\u00f4\u0301ng th\u00e2\u0301m t\u00f4\u0301t.<br \/>\n&#8211; <a href=\"https:\/\/maybommini.com\/san-pham\/nguon-12v-6a-dung-cho-may-bom-nuoc-mini-ap-luc\" target=\"_blank\" rel=\"noopener\">Ngu\u00f4\u0300n \u0111i\u00ea\u0323n 220V bi\u00ea\u0301n th\u00ea\u0301 tha\u0300nh 12V<\/a> cho ma\u0301y b\u01a1m b\u00ea\u0300n nho\u0309 go\u0323n.<br \/>\n&#8211; Va\u0300 nhi\u00ea\u0300u phu\u0323 ki\u00ea\u0323n kha\u0301c ke\u0300m theo.<br \/>\n&#8211; Vi\u00ea\u0323c l\u0103\u0301p \u0111\u0103\u0323t r\u00e2\u0301t \u0111\u01a1n gia\u0303n va\u0300 d\u00ea\u0309 du\u0300ng.<\/p>\n<p><a href=\"https:\/\/maybommini.com\/wp-content\/uploads\/2018\/04\/xit-rua-ve-sinh-he-thong-may-lanh.jpg\" target=\"_blank\" rel=\"noopener\"><img decoding=\"async\" class=\"size-full wp-image-261540 aligncenter\" src=\"https:\/\/maybommini.com\/wp-content\/uploads\/2018\/04\/xit-rua-ve-sinh-he-thong-may-lanh.jpg\" alt=\"Xit Rua Ve Sinh He Thong May Lanh\" width=\"750\" height=\"750\" srcset=\"https:\/\/maybommini.vn\/wp-content\/uploads\/2018\/04\/xit-rua-ve-sinh-he-thong-may-lanh.jpg 750w, https:\/\/maybommini.vn\/wp-content\/uploads\/2018\/04\/xit-rua-ve-sinh-he-thong-may-lanh-300x300.jpg 300w, https:\/\/maybommini.vn\/wp-content\/uploads\/2018\/04\/xit-rua-ve-sinh-he-thong-may-lanh-150x150.jpg 150w, https:\/\/maybommini.vn\/wp-content\/uploads\/2018\/04\/xit-rua-ve-sinh-he-thong-may-lanh-600x600.jpg 600w\" sizes=\"(max-width: 750px) 100vw, 750px\" \/><\/a><\/p>\n<p>&nbsp;<\/p>\n<p>&nbsp;<\/p>\n<p><a href=\"https:\/\/maybommini.com\/wp-content\/uploads\/2018\/04\/su-dung-may-bom-ap-luc-mini.jpg\" target=\"_blank\" rel=\"noopener\"><img decoding=\"async\" class=\"size-full wp-image-261538 aligncenter\" src=\"https:\/\/maybommini.com\/wp-content\/uploads\/2018\/04\/su-dung-may-bom-ap-luc-mini.jpg\" alt=\"Su Dung May Bom Ap Luc Mini\" width=\"750\" height=\"750\" srcset=\"https:\/\/maybommini.vn\/wp-content\/uploads\/2018\/04\/su-dung-may-bom-ap-luc-mini.jpg 750w, https:\/\/maybommini.vn\/wp-content\/uploads\/2018\/04\/su-dung-may-bom-ap-luc-mini-300x300.jpg 300w, https:\/\/maybommini.vn\/wp-content\/uploads\/2018\/04\/su-dung-may-bom-ap-luc-mini-150x150.jpg 150w, https:\/\/maybommini.vn\/wp-content\/uploads\/2018\/04\/su-dung-may-bom-ap-luc-mini-600x600.jpg 600w\" sizes=\"(max-width: 750px) 100vw, 750px\" \/><\/a><\/p>\n<p><strong>BA\u0301N B\u00d4\u0323 V\u00ca\u0323 SINH MA\u0301Y LA\u0323NH GIA \u0110I\u0300NH<\/strong><br \/>\nChu\u0301ng t\u00f4i chuy\u00ean ba\u0301n ca\u0301c loa\u0323i ma\u0301y b\u01a1m va\u0300 phu\u0323 ki\u00ea\u0323n du\u0300ng v\u00ea\u0323 sinh ma\u0301y la\u0323nh gia \u0111i\u0300nh va\u0300 v\u00ea\u0323 sinh ma\u0301y la\u0323nh di\u0323ch vu\u0323 tr\u00ean toa\u0300n qu\u00f4\u0301c v\u01a1\u0301i ch\u00e2\u0301t l\u01b0\u01a1\u0323ng cao uy ti\u0301n ba\u0309o ha\u0300nh toa\u0300n qu\u00f4\u0301c.<br \/>\n<strong>Website:<\/strong>\u00a0<a href=\"https:\/\/maybommini.com\" target=\"_blank\" rel=\"noopener\">https:\/\/maybommini.com<\/a><br \/>\n<strong>Email:<\/strong> maybommini.com@gmail.com<br \/>\n<strong>Tel:<\/strong> 090720 4310<\/p>\n<p><img decoding=\"async\" class=\"aligncenter wp-image-249633\" src=\"https:\/\/maybommini.com\/wp-content\/uploads\/2017\/09\/bo-rua-ve-sinh-may-lanh-mini-ap-luc-cao-12v-45w.jpg\" alt=\"Bo Rua Ve Sinh May Lanh Mini Ap Luc Cao 12v 45w\" width=\"750\" height=\"750\" srcset=\"https:\/\/maybommini.vn\/wp-content\/uploads\/2017\/09\/bo-rua-ve-sinh-may-lanh-mini-ap-luc-cao-12v-45w.jpg 1024w, https:\/\/maybommini.vn\/wp-content\/uploads\/2017\/09\/bo-rua-ve-sinh-may-lanh-mini-ap-luc-cao-12v-45w-300x300.jpg 300w, https:\/\/maybommini.vn\/wp-content\/uploads\/2017\/09\/bo-rua-ve-sinh-may-lanh-mini-ap-luc-cao-12v-45w-600x600.jpg 600w, https:\/\/maybommini.vn\/wp-content\/uploads\/2017\/09\/bo-rua-ve-sinh-may-lanh-mini-ap-luc-cao-12v-45w-150x150.jpg 150w, https:\/\/maybommini.vn\/wp-content\/uploads\/2017\/09\/bo-rua-ve-sinh-may-lanh-mini-ap-luc-cao-12v-45w-768x768.jpg 768w\" sizes=\"(max-width: 750px) 100vw, 750px\" \/><img decoding=\"async\" class=\"size-full wp-image-244588 aligncenter\" src=\"https:\/\/maybommini.com\/wp-content\/uploads\/2016\/01\/adapter-12v-6a-may-bom-mini.jpg\" alt=\"\" width=\"800\" height=\"800\" srcset=\"https:\/\/maybommini.vn\/wp-content\/uploads\/2016\/01\/adapter-12v-6a-may-bom-mini.jpg 800w, https:\/\/maybommini.vn\/wp-content\/uploads\/2016\/01\/adapter-12v-6a-may-bom-mini-300x300.jpg 300w, https:\/\/maybommini.vn\/wp-content\/uploads\/2016\/01\/adapter-12v-6a-may-bom-mini-600x600.jpg 600w, https:\/\/maybommini.vn\/wp-content\/uploads\/2016\/01\/adapter-12v-6a-may-bom-mini-150x150.jpg 150w, https:\/\/maybommini.vn\/wp-content\/uploads\/2016\/01\/adapter-12v-6a-may-bom-mini-768x768.jpg 768w\" sizes=\"(max-width: 800px) 100vw, 800px\" \/><img decoding=\"async\" class=\"size-full wp-image-248647 aligncenter\" src=\"https:\/\/maybommini.com\/wp-content\/uploads\/2017\/04\/ao-ve-sinh-may-lanh.jpg\" alt=\"Ao Ve Sinh May Lanh\" width=\"750\" height=\"750\" srcset=\"https:\/\/maybommini.vn\/wp-content\/uploads\/2017\/04\/ao-ve-sinh-may-lanh.jpg 750w, https:\/\/maybommini.vn\/wp-content\/uploads\/2017\/04\/ao-ve-sinh-may-lanh-300x300.jpg 300w, https:\/\/maybommini.vn\/wp-content\/uploads\/2017\/04\/ao-ve-sinh-may-lanh-600x600.jpg 600w, https:\/\/maybommini.vn\/wp-content\/uploads\/2017\/04\/ao-ve-sinh-may-lanh-150x150.jpg 150w\" sizes=\"(max-width: 750px) 100vw, 750px\" \/><img decoding=\"async\" class=\"size-full wp-image-929 aligncenter\" src=\"https:\/\/maybommini.com\/wp-content\/uploads\/2014\/10\/sung-ap-luc-rua-xe-bom-nuoc-mini.jpg\" alt=\"\" width=\"1200\" height=\"1023\" srcset=\"https:\/\/maybommini.vn\/wp-content\/uploads\/2014\/10\/sung-ap-luc-rua-xe-bom-nuoc-mini.jpg 1200w, https:\/\/maybommini.vn\/wp-content\/uploads\/2014\/10\/sung-ap-luc-rua-xe-bom-nuoc-mini-600x512.jpg 600w, https:\/\/maybommini.vn\/wp-content\/uploads\/2014\/10\/sung-ap-luc-rua-xe-bom-nuoc-mini-300x256.jpg 300w, https:\/\/maybommini.vn\/wp-content\/uploads\/2014\/10\/sung-ap-luc-rua-xe-bom-nuoc-mini-768x655.jpg 768w, https:\/\/maybommini.vn\/wp-content\/uploads\/2014\/10\/sung-ap-luc-rua-xe-bom-nuoc-mini-1024x873.jpg 1024w\" sizes=\"(max-width: 1200px) 100vw, 1200px\" \/><img decoding=\"async\" class=\"size-full wp-image-244607 aligncenter\" src=\"https:\/\/maybommini.com\/wp-content\/uploads\/2016\/01\/may-bom-mini-12v-45w.jpg\" alt=\"may bom mini 12v 45w\" width=\"550\" height=\"550\" srcset=\"https:\/\/maybommini.vn\/wp-content\/uploads\/2016\/01\/may-bom-mini-12v-45w.jpg 550w, https:\/\/maybommini.vn\/wp-content\/uploads\/2016\/01\/may-bom-mini-12v-45w-300x300.jpg 300w, https:\/\/maybommini.vn\/wp-content\/uploads\/2016\/01\/may-bom-mini-12v-45w-150x150.jpg 150w\" sizes=\"(max-width: 550px) 100vw, 550px\" \/><\/p>\n<h3 style=\"text-align: center;\"><em><strong>Chuy\u00ean cung c\u1ea5p b\u00e1n B\u1ed9 x\u1ecbt r\u1eeda v\u1ec7 sinh m\u00e1y l\u1ea1nh 12V 45W<\/strong><\/em><\/h3>\n","protected":false},"excerpt":{"rendered":"<p>1. Ma\u0301y b\u01a1m a\u0301p l\u01b0\u0323c mini 12V 45W Smartpump<br \/>\n2. Su\u0301ng xi\u0323t a\u0301p l\u01b0\u0323c nh\u01b0\u0323a.<br \/>\n3. Be\u0301c xi\u0323t \u0111\u00f4\u0300ng 1 tia.<br \/>\n4. \u00d4\u0301ng d\u00e2y n\u01b0\u01a1\u0301c ra 2 l\u01a1\u0301p 12mm 8 me\u0301t.<br \/>\n5. \u00d4\u0301ng d\u00e2y n\u01b0\u01a1\u0301c va\u0300o 12mm 2 me\u0301t.<br \/>\n6. Co n\u00f4\u0301i nhanh 12mm 2 ca\u0301i.<br \/>\n7. Ngu\u00f4\u0300n 12V 6A.<br \/>\n8. D\u00e2y ngu\u00f4\u0300n 220V.<br \/>\n9. Jack c\u00e2\u0301m ngu\u00f4\u0300n ca\u0301i.<br \/>\n10. A\u0301o v\u00ea\u0323 sinh ma\u0301y la\u0323nh cao c\u00e2\u0301p.<br \/>\n11. Lo\u0323c n\u01b0\u01a1\u0301c \u0111\u00e2\u0300u va\u0300o.<br \/>\nMa\u0301y b\u01a1m b\u1ea3o h\u00e0nh 6 tha\u0301ng.<br \/>\nAdapter 1 tha\u0301ng.<br \/>\nTro\u0323ng l\u01b0\u01a1\u0323ng: 3 Kg<br \/>\n<strong>B\u1ea3o h\u00e0nh: 6 th\u00e1ng.<\/strong><br \/>\n<strong>S\u1ea3n ph\u1ea9m cao c\u1ea5p<\/strong><br \/>\n<strong>Kh\u1eb3ng \u0111\u1ecbnh \u0111\u1ed9 an to\u00e0n v\u00e0 Ch\u1ea5t l\u01b0\u1ee3ng s\u1ea3n ph\u1ea9m v\u1edbi ng\u01b0\u1eddi ti\u00eau d\u00f9ng.<\/strong><br \/>\n<strong>H\u00f4\u0309 tr\u01a1\u0323 ky\u0303 thu\u00e2\u0323t vi\u0303nh vi\u00ea\u0303n.<\/strong><br \/>\n<strong>T\u01af V\u1ea4N K\u1ef8 THU\u1eacT \u2013 MUA H\u00c0NG<br \/>\n0908997823 \u2013 0908997872<br \/>\n0907294310 \u2013 0287303039<\/strong><\/p>\n","protected":false},"featured_media":261541,"comment_status":"open","ping_status":"closed","template":"","meta":[],"product_brand":[44],"product_cat":[1471],"product_tag":[369,719,251,1468,235,720,253,721,723,2734,316,2735,1469,2737,2738,2736,1470],"class_list":{"0":"post-257436","1":"product","2":"type-product","3":"status-publish","4":"has-post-thumbnail","6":"product_brand-smartpumps","7":"product_cat-bo-ve-sinh-may-lanh","8":"product_tag-12v-45w","9":"product_tag-ao-ve-sinh-may-lanh","10":"product_tag-ap-luc","11":"product_tag-bo-rua-ve-sinh-may-lanh","12":"product_tag-bom-nuoc-mini","13":"product_tag-may-lanh","14":"product_tag-sung-xit","15":"product_tag-tu-ve-sinh-may-lanh","16":"product_tag-ve-sinh","17":"product_tag-ve-sinh-may-dieu-hoa","18":"product_tag-ve-sinh-may-lanh","19":"product_tag-ve-sinh-may-lanh-cty","20":"product_tag-ve-sinh-may-lanh-gia-dinh","21":"product_tag-ve-sinh-may-lanh-hotel","22":"product_tag-ve-sinh-may-lanh-nha-nghi","23":"product_tag-ve-sinh-may-lanh-van-phong","24":"product_tag-xit-rua","26":"first","27":"instock","28":"sale","29":"shipping-taxable","30":"purchasable","31":"product-type-simple"},"_links":{"self":[{"href":"https:\/\/maybommini.vn\/index.php?rest_route=\/wp\/v2\/product\/257436","targetHints":{"allow":["GET"]}}],"collection":[{"href":"https:\/\/maybommini.vn\/index.php?rest_route=\/wp\/v2\/product"}],"about":[{"href":"https:\/\/maybommini.vn\/index.php?rest_route=\/wp\/v2\/types\/product"}],"replies":[{"embeddable":true,"href":"https:\/\/maybommini.vn\/index.php?rest_route=%2Fwp%2Fv2%2Fcomments&post=257436"}],"wp:featuredmedia":[{"embeddable":true,"href":"https:\/\/maybommini.vn\/index.php?rest_route=\/wp\/v2\/media\/261541"}],"wp:attachment":[{"href":"https:\/\/maybommini.vn\/index.php?rest_route=%2Fwp%2Fv2%2Fmedia&parent=257436"}],"wp:term":[{"taxonomy":"product_brand","embeddable":true,"href":"https:\/\/maybommini.vn\/index.php?rest_route=%2Fwp%2Fv2%2Fproduct_brand&post=257436"},{"taxonomy":"product_cat","embeddable":true,"href":"https:\/\/maybommini.vn\/index.php?rest_route=%2Fwp%2Fv2%2Fproduct_cat&post=257436"},{"taxonomy":"product_tag","embeddable":true,"href":"https:\/\/maybommini.vn\/index.php?rest_route=%2Fwp%2Fv2%2Fproduct_tag&post=257436"}],"curies":[{"name":"wp","href":"https:\/\/api.w.org\/{rel}","templated":true}]}}