{"id":257507,"date":"2018-04-12T19:47:43","date_gmt":"2018-04-12T12:47:43","guid":{"rendered":"https:\/\/maybommini.com\/san-pham\/import-placeholder-for-253702"},"modified":"2020-04-01T15:39:18","modified_gmt":"2020-04-01T08:39:18","slug":"quat-san-ace-120-12v-0-38a","status":"publish","type":"product","link":"https:\/\/maybommini.vn\/?product=quat-san-ace-120-12v-0-38a","title":{"rendered":"Qu\u1ea1t San Ace 120 12V 0.38A"},"content":{"rendered":"<h3>Chuy\u00ean b\u00e1n cung c\u1ea5p c\u00e1c lo\u1ea1i qu\u1ea1t m\u00e1y t\u00ednh qu\u1ea1t h\u1ec7 th\u1ed1ng m\u00e1y m\u00f3c \u0111i\u1ec7n t\u1eed c\u00f4ng nghi\u1ec7p San Ace cao c\u1ea5p s\u1ea3n xu\u1ea5t t\u1ea1i Philippines. C\u00e1c lo\u1ea1i qu\u1ea1t d\u00f9ng cho m\u00e1y t\u00ednh v\u00e0 d\u00f9ng trong h\u1ec7 th\u1ed1ng m\u00e1y m\u00f3c chuy\u00ean d\u1ee5ng cao c\u1ea5p n\u00ean ch\u1ea5t l\u01b0\u1ee3ng v\u00e0\u00a0\u1ed5n \u0111\u1ecbnh cao\u00a0\u0111\u01b0\u1ee3c c\u00e1c h\u00e3ng s\u1ea3n xu\u1ea5t l\u1edbn tin d\u00f9ng.<\/h3>\n<h3><a href=\"https:\/\/maybommini.com\/wp-content\/uploads\/2017\/10\/quat-may-tinh.jpg\" target=\"_blank\" rel=\"noopener\"><img decoding=\"async\" class=\"size-full wp-image-251217 aligncenter\" src=\"https:\/\/maybommini.com\/wp-content\/uploads\/2017\/10\/quat-may-tinh.jpg\" alt=\"Quat May Tinh\" width=\"750\" height=\"750\" srcset=\"https:\/\/maybommini.vn\/wp-content\/uploads\/2017\/10\/quat-may-tinh.jpg 750w, https:\/\/maybommini.vn\/wp-content\/uploads\/2017\/10\/quat-may-tinh-300x300.jpg 300w, https:\/\/maybommini.vn\/wp-content\/uploads\/2017\/10\/quat-may-tinh-600x600.jpg 600w, https:\/\/maybommini.vn\/wp-content\/uploads\/2017\/10\/quat-may-tinh-150x150.jpg 150w\" sizes=\"(max-width: 750px) 100vw, 750px\" \/><\/a><br \/>\nTH\u00d4NG S\u1ed0 K\u1ef8 THU\u1eacT<\/h3>\n<p>Th\u01b0\u01a1ng hi\u1ec7u: SAN ACE &#8211; SANYO DENKI<br \/>\nModel: 9G1212H103<br \/>\n\u0110i\u1ec7n th\u1ebf: 12V<br \/>\nC\u00f4ng su\u1ea5t: 0.38A<br \/>\nD\u00e2y ngu\u1ed3n: 2 d\u00e2y<br \/>\nT\u1ed1c\u00a0\u0111\u1ed9: 4500 v\u00f2ng\/ph\u00fat &#8211; RPM<br \/>\nC\u00e1nh qu\u1ea1t: 7 c\u00e1nh<br \/>\nTi\u1ebfng\u00a0\u1ed3ng: 40 Dba<br \/>\nK\u00edch th\u01b0\u1edbc: 120 x 120 x 38 mm<br \/>\nTr\u1ecdng l\u01b0\u1ee3ng: 310 gam<br \/>\nMade in Philippines<br \/>\nH\u00e0ng m\u1edbi: 100%<br \/>\nB\u1ea3o h\u00e0nh: 3 th\u00e1ng<\/p>\n<h3><a href=\"https:\/\/maybommini.com\/wp-content\/uploads\/2017\/10\/quat-12v-San-Ace.jpg\" target=\"_blank\" rel=\"noopener\"><img decoding=\"async\" class=\"size-full wp-image-251222 aligncenter\" src=\"https:\/\/maybommini.com\/wp-content\/uploads\/2017\/10\/quat-12v-San-Ace.jpg\" alt=\"Quat 12v San Ace\" width=\"750\" height=\"750\" srcset=\"https:\/\/maybommini.vn\/wp-content\/uploads\/2017\/10\/quat-12v-San-Ace.jpg 750w, https:\/\/maybommini.vn\/wp-content\/uploads\/2017\/10\/quat-12v-San-Ace-300x300.jpg 300w, https:\/\/maybommini.vn\/wp-content\/uploads\/2017\/10\/quat-12v-San-Ace-600x600.jpg 600w, https:\/\/maybommini.vn\/wp-content\/uploads\/2017\/10\/quat-12v-San-Ace-150x150.jpg 150w\" sizes=\"(max-width: 750px) 100vw, 750px\" \/><\/a> <a href=\"https:\/\/maybommini.com\/wp-content\/uploads\/2017\/10\/quat-12v-0.38a-san-ace.jpg\" target=\"_blank\" rel=\"noopener\"><img decoding=\"async\" class=\"size-full wp-image-251221 aligncenter\" src=\"https:\/\/maybommini.com\/wp-content\/uploads\/2017\/10\/quat-12v-0.38a-san-ace.jpg\" alt=\"Quat 12v 0.38a San Ace\" width=\"750\" height=\"750\" srcset=\"https:\/\/maybommini.vn\/wp-content\/uploads\/2017\/10\/quat-12v-0.38a-san-ace.jpg 750w, https:\/\/maybommini.vn\/wp-content\/uploads\/2017\/10\/quat-12v-0.38a-san-ace-300x300.jpg 300w, https:\/\/maybommini.vn\/wp-content\/uploads\/2017\/10\/quat-12v-0.38a-san-ace-600x600.jpg 600w, https:\/\/maybommini.vn\/wp-content\/uploads\/2017\/10\/quat-12v-0.38a-san-ace-150x150.jpg 150w\" sizes=\"(max-width: 750px) 100vw, 750px\" \/><\/a> <a href=\"https:\/\/maybommini.com\/wp-content\/uploads\/2017\/10\/may-quat-12v.jpg\" target=\"_blank\" rel=\"noopener\"><img decoding=\"async\" class=\"size-full wp-image-251220 aligncenter\" src=\"https:\/\/maybommini.com\/wp-content\/uploads\/2017\/10\/may-quat-12v.jpg\" alt=\"May Quat 12v\" width=\"750\" height=\"750\" srcset=\"https:\/\/maybommini.vn\/wp-content\/uploads\/2017\/10\/may-quat-12v.jpg 750w, https:\/\/maybommini.vn\/wp-content\/uploads\/2017\/10\/may-quat-12v-300x300.jpg 300w, https:\/\/maybommini.vn\/wp-content\/uploads\/2017\/10\/may-quat-12v-600x600.jpg 600w, https:\/\/maybommini.vn\/wp-content\/uploads\/2017\/10\/may-quat-12v-150x150.jpg 150w\" sizes=\"(max-width: 750px) 100vw, 750px\" \/><\/a> <a href=\"https:\/\/maybommini.com\/wp-content\/uploads\/2017\/10\/ban-quat-12v-toc-do-cao.jpg\" target=\"_blank\" rel=\"noopener\"><img decoding=\"async\" class=\"size-full wp-image-251219 aligncenter\" src=\"https:\/\/maybommini.com\/wp-content\/uploads\/2017\/10\/ban-quat-12v-toc-do-cao.jpg\" alt=\"Ban Quat 12v Toc Do Cao\" width=\"750\" height=\"750\" srcset=\"https:\/\/maybommini.vn\/wp-content\/uploads\/2017\/10\/ban-quat-12v-toc-do-cao.jpg 750w, https:\/\/maybommini.vn\/wp-content\/uploads\/2017\/10\/ban-quat-12v-toc-do-cao-300x300.jpg 300w, https:\/\/maybommini.vn\/wp-content\/uploads\/2017\/10\/ban-quat-12v-toc-do-cao-600x600.jpg 600w, https:\/\/maybommini.vn\/wp-content\/uploads\/2017\/10\/ban-quat-12v-toc-do-cao-150x150.jpg 150w\" sizes=\"(max-width: 750px) 100vw, 750px\" \/><\/a><br \/>\nS\u1eec D\u1ee4NG QU\u1ea0T 12V<\/h3>\n<p>&#8211; D\u00f9ng trong h\u1ec7 th\u1ed1ng m\u00e1y m\u00f3c c\u00f4ng nghi\u1ec7p.<br \/>\n&#8211; S\u1eed d\u1ee5ng trong h\u1ec7 th\u1ed1ng thi\u1ebft b\u1ecb\u00a0\u0111i\u1ec7n t\u1eed.<br \/>\n&#8211; S\u1eed d\u1ee5ng qu\u1ea1t t\u1ea3n nhi\u1ec7t m\u00e1y t\u00ednh, h\u1ec7 th\u1ed1ng Server.<br \/>\n&#8211; D\u00f9ng qu\u1ea1t t\u1ea3n nhi\u1ec7t n\u01b0\u1edbc m\u00e1y m\u00f3c v\u00e0 m\u00e1y t\u00ednh.<br \/>\n&#8211; D\u00f9ng trong c\u00e1c thi\u1ebft b\u1ecb y t\u1ebf.<br \/>\n&#8211; D\u00f9ng t\u1ea3n nhi\u1ec7t xe m\u00e1y\u00a0\u00f4t\u00f4 v\u00e0\u00a0\u0111\u1ed9ng c\u01a1.<br \/>\n&#8211; D\u00f9ng m\u00e1y m\u00f3c 12v 24v\u00a0\u0111i\u1ec7n.<br \/>\nV\u00e0 d\u00f9ng nhi\u1ec1u\u00a0trong c\u00e1c lo\u1ea1i h\u1ec7 th\u1ed1ng kh\u00e1c nhau v\u00e0 linh ki\u1ec7n l\u1eafp r\u00e1p nhi\u1ec1u h\u00e3ng s\u1ea3n xu\u1ea5t\u00a0s\u1eed d\u1ee5ng.<\/p>\n<h3><a href=\"https:\/\/maybommini.com\/wp-content\/uploads\/2017\/10\/quat-12v-San-Ace-120.jpg\" target=\"_blank\" rel=\"noopener\"><img decoding=\"async\" class=\"size-full wp-image-251223 aligncenter\" src=\"https:\/\/maybommini.com\/wp-content\/uploads\/2017\/10\/quat-12v-San-Ace-120.jpg\" alt=\"Quat 12v San Ace 120\" width=\"750\" height=\"750\" srcset=\"https:\/\/maybommini.vn\/wp-content\/uploads\/2017\/10\/quat-12v-San-Ace-120.jpg 750w, https:\/\/maybommini.vn\/wp-content\/uploads\/2017\/10\/quat-12v-San-Ace-120-300x300.jpg 300w, https:\/\/maybommini.vn\/wp-content\/uploads\/2017\/10\/quat-12v-San-Ace-120-600x600.jpg 600w, https:\/\/maybommini.vn\/wp-content\/uploads\/2017\/10\/quat-12v-San-Ace-120-150x150.jpg 150w\" sizes=\"(max-width: 750px) 100vw, 750px\" \/><\/a><br \/>\nB\u00c1N QU\u1ea0T TH\u1ed4I T\u1ea2N NHI\u1ec6T 12V SANYO &#8211; SAN ACE<\/h3>\n<p><strong>Ch\u00fang t\u00f4i chuy\u00ean b\u00e1n c\u00e1c lo\u1ea1i qu\u1ea1t d\u00f9ng t\u1ea3n nhi\u1ec7t m\u00e1y t\u00ednh, h\u1ec7 th\u1ed1ng m\u00e1y m\u00f3c, thi\u1ebft b\u1ecb\u00a0\u0111i\u1ec7n ch\u00ednh h\u00e3ng t\u1ea1i Vi\u1ec7t Nam\u00a0\u0111\u01b0\u1ee3c b\u1ea3o h\u00e0nh gi\u00e1 t\u1ed1t nh\u1ea5t.<\/strong><br \/>\n<strong>Website:<\/strong>\u00a0<a href=\"https:\/\/maybommini.com\" target=\"_blank\" rel=\"noopener\">https:\/\/maybommini.com<\/a><br \/>\n<strong>Email:<\/strong> maybommini.com@gmail.com<br \/>\n<strong>Tel:<\/strong> 090 729 4310<br \/>\n<a href=\"https:\/\/maybommini.com\/wp-content\/uploads\/2017\/10\/may-bom-mini-shop-ban-hang-uy-tin.jpg\" target=\"_blank\" rel=\"noopener\"><img decoding=\"async\" class=\"size-full wp-image-249726 aligncenter\" src=\"https:\/\/maybommini.com\/wp-content\/uploads\/2017\/10\/may-bom-mini-shop-ban-hang-uy-tin.jpg\" alt=\"May Bom Mini Shop Ban Hang Uy Tin\" width=\"570\" height=\"140\" srcset=\"https:\/\/maybommini.vn\/wp-content\/uploads\/2017\/10\/may-bom-mini-shop-ban-hang-uy-tin.jpg 570w, https:\/\/maybommini.vn\/wp-content\/uploads\/2017\/10\/may-bom-mini-shop-ban-hang-uy-tin-300x74.jpg 300w\" sizes=\"(max-width: 570px) 100vw, 570px\" \/><\/a><\/p>\n","protected":false},"excerpt":{"rendered":"<p>Th\u01b0\u01a1ng hi\u1ec7u: SAN ACE &#8211; SANYO DENKI<br \/>\nModel: 9G1212H103<br \/>\n\u0110i\u1ec7n th\u1ebf: 12V<br \/>\nC\u00f4ng su\u1ea5t: 0.38A<br \/>\nD\u00e2y ngu\u1ed3n: 2 d\u00e2y<br \/>\nT\u1ed1c\u00a0\u0111\u1ed9: 4500 v\u00f2ng\/ph\u00fat &#8211; RPM<br \/>\nC\u00e1nh qu\u1ea1t: 7 c\u00e1nh<br \/>\nTi\u1ebfng\u00a0\u1ed3ng: 40 Dba<br \/>\nK\u00edch th\u01b0\u1edbc: 120 x 120 x 38 mm<br \/>\nTr\u1ecdng l\u01b0\u1ee3ng: 310 gam<br \/>\nMade in Philippines<br \/>\nH\u00e0ng m\u1edbi: 100%<br \/>\nB\u1ea3o h\u00e0nh: 3 th\u00e1ng<br \/>\nTel: 0907294310<\/p>\n","protected":false},"featured_media":257623,"comment_status":"open","ping_status":"closed","template":"","meta":[],"product_brand":[],"product_cat":[1494],"product_tag":[1495,267,1496,275,1497,1498,1499,1500,1501,1502],"class_list":{"0":"post-257507","1":"product","2":"type-product","3":"status-publish","4":"has-post-thumbnail","6":"product_cat-quat-12v-24v-220v","7":"product_tag-1495","8":"product_tag-12v","9":"product_tag-ban-may-quat","10":"product_tag-mini","11":"product_tag-quat","12":"product_tag-quat-may-tinh","13":"product_tag-san-ace","14":"product_tag-sanyo","15":"product_tag-tan-nhiet","16":"product_tag-thoi","18":"first","19":"instock","20":"shipping-taxable","21":"product-type-simple"},"_links":{"self":[{"href":"https:\/\/maybommini.vn\/index.php?rest_route=\/wp\/v2\/product\/257507","targetHints":{"allow":["GET"]}}],"collection":[{"href":"https:\/\/maybommini.vn\/index.php?rest_route=\/wp\/v2\/product"}],"about":[{"href":"https:\/\/maybommini.vn\/index.php?rest_route=\/wp\/v2\/types\/product"}],"replies":[{"embeddable":true,"href":"https:\/\/maybommini.vn\/index.php?rest_route=%2Fwp%2Fv2%2Fcomments&post=257507"}],"wp:featuredmedia":[{"embeddable":true,"href":"https:\/\/maybommini.vn\/index.php?rest_route=\/wp\/v2\/media\/257623"}],"wp:attachment":[{"href":"https:\/\/maybommini.vn\/index.php?rest_route=%2Fwp%2Fv2%2Fmedia&parent=257507"}],"wp:term":[{"taxonomy":"product_brand","embeddable":true,"href":"https:\/\/maybommini.vn\/index.php?rest_route=%2Fwp%2Fv2%2Fproduct_brand&post=257507"},{"taxonomy":"product_cat","embeddable":true,"href":"https:\/\/maybommini.vn\/index.php?rest_route=%2Fwp%2Fv2%2Fproduct_cat&post=257507"},{"taxonomy":"product_tag","embeddable":true,"href":"https:\/\/maybommini.vn\/index.php?rest_route=%2Fwp%2Fv2%2Fproduct_tag&post=257507"}],"curies":[{"name":"wp","href":"https:\/\/api.w.org\/{rel}","templated":true}]}}