{"id":257508,"date":"2018-04-12T19:47:43","date_gmt":"2018-04-12T12:47:43","guid":{"rendered":"https:\/\/maybommini.com\/san-pham\/import-placeholder-for-253703"},"modified":"2018-11-14T16:22:34","modified_gmt":"2018-11-14T09:22:34","slug":"quat-mechatronics-120-12v-0-35a","status":"publish","type":"product","link":"https:\/\/maybommini.vn\/?product=quat-mechatronics-120-12v-0-35a","title":{"rendered":"Qu\u1ea1t Mechatronics 120 12V 0.35A"},"content":{"rendered":"<h3>Chuy\u00ean b\u00e1n cung c\u1ea5p c\u00e1c lo\u1ea1i qu\u1ea1t m\u00e1y t\u00ednh qu\u1ea1t h\u1ec7 th\u1ed1ng m\u00e1y m\u00f3c \u0111i\u1ec7n t\u1eed c\u00f4ng nghi\u1ec7p Mechatronics cao c\u1ea5p s\u1ea3n xu\u1ea5t t\u1ea1i Indonesia. C\u00e1c lo\u1ea1i qu\u1ea1t d\u00f9ng cho m\u00e1y t\u00ednh v\u00e0 d\u00f9ng trong h\u1ec7 th\u1ed1ng m\u00e1y m\u00f3c chuy\u00ean d\u1ee5ng cao c\u1ea5p n\u00ean ch\u1ea5t l\u01b0\u1ee3ng v\u00e0\u00a0\u1ed5\u00a0\u0111\u1ecbnh cao\u00a0\u0111\u01b0\u1ee3c c\u00e1c h\u00e3ng s\u1ea3n xu\u1ea5t l\u1edbn tin d\u00f9ng.<\/h3>\n<h3><a href=\"https:\/\/maybommini.com\/wp-content\/uploads\/2017\/10\/quat-may-tinh-12v.jpg\" target=\"_blank\" rel=\"noopener\"><img decoding=\"async\" class=\"size-full wp-image-251231 aligncenter\" src=\"https:\/\/maybommini.com\/wp-content\/uploads\/2017\/10\/quat-may-tinh-12v.jpg\" alt=\"Quat May Tinh 12v\" width=\"750\" height=\"750\" srcset=\"https:\/\/maybommini.vn\/wp-content\/uploads\/2017\/10\/quat-may-tinh-12v.jpg 750w, https:\/\/maybommini.vn\/wp-content\/uploads\/2017\/10\/quat-may-tinh-12v-300x300.jpg 300w, https:\/\/maybommini.vn\/wp-content\/uploads\/2017\/10\/quat-may-tinh-12v-600x600.jpg 600w, https:\/\/maybommini.vn\/wp-content\/uploads\/2017\/10\/quat-may-tinh-12v-150x150.jpg 150w\" sizes=\"(max-width: 750px) 100vw, 750px\" \/><\/a><br \/>\nTH\u00d4NG S\u1ed0 K\u1ef8 THU\u1eacT<\/h3>\n<p>Th\u01b0\u01a1ng hi\u1ec7u: MECHATRONICS KOREA<br \/>\nModel: G1225M12B2 FS<br \/>\n\u0110i\u1ec7n th\u1ebf: 12V<br \/>\nC\u00f4ng su\u1ea5t: 0.35A<br \/>\nD\u00e2y ngu\u1ed3n: 3 d\u00e2y<br \/>\nT\u1ed1c\u00a0\u0111\u1ed9:\u00a0 3500\u00a0~ 4000 v\u00f2ng\/ph\u00fat &#8211; RPM<br \/>\nC\u00e1nh qu\u1ea1t: 7 c\u00e1nh<br \/>\nTi\u1ebfng\u00a0\u1ed3ng: 35 Dba<br \/>\nK\u00edch th\u01b0\u1edbc: 120 x 120 x 25 mm<br \/>\nTr\u1ecdng l\u01b0\u1ee3ng: 180 gam<br \/>\nMade in INDONESIA<br \/>\nH\u00e0ng m\u1edbi: 100%<br \/>\nB\u1ea3o h\u00e0nh: 3 th\u00e1ng<\/p>\n<h3><a href=\"https:\/\/maybommini.com\/wp-content\/uploads\/2017\/10\/fan-12v-120.jpg\" target=\"_blank\" rel=\"noopener\"><img decoding=\"async\" class=\"size-full wp-image-251229 aligncenter\" src=\"https:\/\/maybommini.com\/wp-content\/uploads\/2017\/10\/fan-12v-120.jpg\" alt=\"Fan 12v 120\" width=\"750\" height=\"750\" srcset=\"https:\/\/maybommini.vn\/wp-content\/uploads\/2017\/10\/fan-12v-120.jpg 750w, https:\/\/maybommini.vn\/wp-content\/uploads\/2017\/10\/fan-12v-120-300x300.jpg 300w, https:\/\/maybommini.vn\/wp-content\/uploads\/2017\/10\/fan-12v-120-600x600.jpg 600w, https:\/\/maybommini.vn\/wp-content\/uploads\/2017\/10\/fan-12v-120-150x150.jpg 150w\" sizes=\"(max-width: 750px) 100vw, 750px\" \/><\/a> <a href=\"https:\/\/maybommini.com\/wp-content\/uploads\/2017\/10\/Cooling-Fan.jpg\" target=\"_blank\" rel=\"noopener\"><img decoding=\"async\" class=\"size-full wp-image-251228 aligncenter\" src=\"https:\/\/maybommini.com\/wp-content\/uploads\/2017\/10\/Cooling-Fan.jpg\" alt=\"Cooling Fan\" width=\"750\" height=\"750\" srcset=\"https:\/\/maybommini.vn\/wp-content\/uploads\/2017\/10\/Cooling-Fan.jpg 750w, https:\/\/maybommini.vn\/wp-content\/uploads\/2017\/10\/Cooling-Fan-300x300.jpg 300w, https:\/\/maybommini.vn\/wp-content\/uploads\/2017\/10\/Cooling-Fan-600x600.jpg 600w, https:\/\/maybommini.vn\/wp-content\/uploads\/2017\/10\/Cooling-Fan-150x150.jpg 150w\" sizes=\"(max-width: 750px) 100vw, 750px\" \/><\/a> <a href=\"https:\/\/maybommini.com\/wp-content\/uploads\/2017\/10\/ban-may-quat-12v.jpg\" target=\"_blank\" rel=\"noopener\"><img decoding=\"async\" class=\"size-full wp-image-251227 aligncenter\" src=\"https:\/\/maybommini.com\/wp-content\/uploads\/2017\/10\/ban-may-quat-12v.jpg\" alt=\"Ban May Quat 12v\" width=\"750\" height=\"750\" srcset=\"https:\/\/maybommini.vn\/wp-content\/uploads\/2017\/10\/ban-may-quat-12v.jpg 750w, https:\/\/maybommini.vn\/wp-content\/uploads\/2017\/10\/ban-may-quat-12v-300x300.jpg 300w, https:\/\/maybommini.vn\/wp-content\/uploads\/2017\/10\/ban-may-quat-12v-600x600.jpg 600w, https:\/\/maybommini.vn\/wp-content\/uploads\/2017\/10\/ban-may-quat-12v-150x150.jpg 150w\" sizes=\"(max-width: 750px) 100vw, 750px\" \/><\/a><br \/>\nS\u1eec D\u1ee4NG QU\u1ea0T 12V<\/h3>\n<h3>&#8211; D\u00f9ng trong h\u1ec7 th\u1ed1ng m\u00e1y m\u00f3c c\u00f4ng nghi\u1ec7p.<br \/>\n&#8211; S\u1eed d\u1ee5ng trong h\u1ec7 th\u1ed1ng thi\u1ebft b\u1ecb\u00a0\u0111i\u1ec7n t\u1eed.<br \/>\n&#8211; S\u1eed d\u1ee5ng qu\u1ea1t t\u1ea3n nhi\u1ec7t m\u00e1y t\u00ednh, h\u1ec7 th\u1ed1ng Server.<br \/>\n&#8211; D\u00f9ng qu\u1ea1t t\u1ea3n nhi\u1ec7t n\u01b0\u1edbc m\u00e1y m\u00f3c v\u00e0 m\u00e1y t\u00ednh.<br \/>\n&#8211; D\u00f9ng trong c\u00e1c thi\u1ebft b\u1ecb y t\u1ebf.<br \/>\n&#8211; D\u00f9ng t\u1ea3n nhi\u1ec7t xe m\u00e1y\u00a0\u00f4t\u00f4 v\u00e0\u00a0\u0111\u1ed9ng c\u01a1.<br \/>\n&#8211; D\u00f9ng m\u00e1y m\u00f3c 12v 24v\u00a0\u0111i\u1ec7n.<br \/>\nV\u00e0 d\u00f9ng nhi\u1ec1u\u00a0trong c\u00e1c lo\u1ea1i h\u1ec7 th\u1ed1ng kh\u00e1c nhau v\u00e0 linh ki\u1ec7n l\u1eafp r\u00e1p nhi\u1ec1u h\u00e3ng s\u1ea3n xu\u1ea5t\u00a0s\u1eed d\u1ee5ng.<a href=\"https:\/\/maybommini.com\/wp-content\/uploads\/2017\/10\/may-quat-12v-1.jpg\" target=\"_blank\" rel=\"noopener\"><img decoding=\"async\" class=\"size-full wp-image-251230 aligncenter\" src=\"https:\/\/maybommini.com\/wp-content\/uploads\/2017\/10\/may-quat-12v-1.jpg\" alt=\"May Quat 12v\" width=\"750\" height=\"750\" srcset=\"https:\/\/maybommini.vn\/wp-content\/uploads\/2017\/10\/may-quat-12v-1.jpg 750w, https:\/\/maybommini.vn\/wp-content\/uploads\/2017\/10\/may-quat-12v-1-300x300.jpg 300w, https:\/\/maybommini.vn\/wp-content\/uploads\/2017\/10\/may-quat-12v-1-600x600.jpg 600w, https:\/\/maybommini.vn\/wp-content\/uploads\/2017\/10\/may-quat-12v-1-150x150.jpg 150w\" sizes=\"(max-width: 750px) 100vw, 750px\" \/><br \/>\n<\/a><br \/>\nB\u00c1N QU\u1ea0T 12V TH\u1ed4I T\u1ea2N NHI\u1ec6T<\/h3>\n<p><strong>Ch\u00fang t\u00f4i chuy\u00ean b\u00e1n c\u00e1c lo\u1ea1i qu\u1ea1t 12V 24V 220V d\u00f9ng t\u1ea3n nhi\u1ec7t m\u00e1y t\u00ednh, h\u1ec7 th\u1ed1ng m\u00e1y m\u00f3c, thi\u1ebft b\u1ecb\u00a0\u0111i\u1ec7n ch\u00ednh h\u00e3ng t\u1ea1i Vi\u1ec7t Nam\u00a0\u0111\u01b0\u1ee3c b\u1ea3o h\u00e0nh gi\u00e1 t\u1ed1t nh\u1ea5t.<\/strong><br \/>\n<strong>Website:<\/strong>\u00a0<a href=\"https:\/\/maybommini.com\" target=\"_blank\" rel=\"noopener\">https:\/\/maybommini.com<\/a><br \/>\n<strong>Email:<\/strong> maybommini.com@gmail.com<br \/>\n<strong>Tel:<\/strong> 090 729 4310<br \/>\n<a href=\"https:\/\/maybommini.com\/wp-content\/uploads\/2017\/10\/may-bom-mini-shop-ban-hang-uy-tin.jpg\" target=\"_blank\" rel=\"noopener\"><img decoding=\"async\" class=\"size-full wp-image-249726 aligncenter\" src=\"https:\/\/maybommini.com\/wp-content\/uploads\/2017\/10\/may-bom-mini-shop-ban-hang-uy-tin.jpg\" alt=\"May Bom Mini Shop Ban Hang Uy Tin\" width=\"570\" height=\"140\" srcset=\"https:\/\/maybommini.vn\/wp-content\/uploads\/2017\/10\/may-bom-mini-shop-ban-hang-uy-tin.jpg 570w, https:\/\/maybommini.vn\/wp-content\/uploads\/2017\/10\/may-bom-mini-shop-ban-hang-uy-tin-300x74.jpg 300w\" sizes=\"(max-width: 570px) 100vw, 570px\" \/><\/a><\/p>\n","protected":false},"excerpt":{"rendered":"<p>Th\u01b0\u01a1ng hi\u1ec7u: MECHATRONICS KOREA<br \/>\nModel: G1225M12B2 FS<br \/>\n\u0110i\u1ec7n th\u1ebf: 12V<br \/>\nC\u00f4ng su\u1ea5t: 0.35A<br \/>\nD\u00e2y ngu\u1ed3n: 3 d\u00e2y<br \/>\nT\u1ed1c\u00a0\u0111\u1ed9:\u00a0 3500\u00a0~ 4000 v\u00f2ng\/ph\u00fat &#8211; RPM<br \/>\nC\u00e1nh qu\u1ea1t: 7 c\u00e1nh<br \/>\nTi\u1ebfng\u00a0\u1ed3ng: 35 Dba<br \/>\nK\u00edch th\u01b0\u1edbc: 120 x 120 x 25 mm<br \/>\nTr\u1ecdng l\u01b0\u1ee3ng: 180 gam<br \/>\nMade in INDONESIA<br \/>\nH\u00e0ng m\u1edbi: 100%<br \/>\nB\u1ea3o h\u00e0nh: 3 th\u00e1ng<br \/>\nTel: 0907294310<\/p>\n","protected":false},"featured_media":257629,"comment_status":"open","ping_status":"closed","template":"","meta":[],"product_brand":[],"product_cat":[1494],"product_tag":[1495,1503,267,1496,1504,1505,1506,1507,1508,275,1497,1498,1509,1499,1500,1501,1502],"class_list":{"0":"post-257508","1":"product","2":"type-product","3":"status-publish","4":"has-post-thumbnail","6":"product_cat-quat-12v-24v-220v","7":"product_tag-1495","8":"product_tag-12cm","9":"product_tag-12v","10":"product_tag-ban-may-quat","11":"product_tag-cooling","12":"product_tag-cooling-fan","13":"product_tag-fan","14":"product_tag-high-air","15":"product_tag-may-tinh","16":"product_tag-mini","17":"product_tag-quat","18":"product_tag-quat-may-tinh","19":"product_tag-quat-toc-do-cao","20":"product_tag-san-ace","21":"product_tag-sanyo","22":"product_tag-tan-nhiet","23":"product_tag-thoi","25":"first","26":"instock","27":"sale","28":"shipping-taxable","29":"purchasable","30":"product-type-simple"},"_links":{"self":[{"href":"https:\/\/maybommini.vn\/index.php?rest_route=\/wp\/v2\/product\/257508","targetHints":{"allow":["GET"]}}],"collection":[{"href":"https:\/\/maybommini.vn\/index.php?rest_route=\/wp\/v2\/product"}],"about":[{"href":"https:\/\/maybommini.vn\/index.php?rest_route=\/wp\/v2\/types\/product"}],"replies":[{"embeddable":true,"href":"https:\/\/maybommini.vn\/index.php?rest_route=%2Fwp%2Fv2%2Fcomments&post=257508"}],"wp:featuredmedia":[{"embeddable":true,"href":"https:\/\/maybommini.vn\/index.php?rest_route=\/wp\/v2\/media\/257629"}],"wp:attachment":[{"href":"https:\/\/maybommini.vn\/index.php?rest_route=%2Fwp%2Fv2%2Fmedia&parent=257508"}],"wp:term":[{"taxonomy":"product_brand","embeddable":true,"href":"https:\/\/maybommini.vn\/index.php?rest_route=%2Fwp%2Fv2%2Fproduct_brand&post=257508"},{"taxonomy":"product_cat","embeddable":true,"href":"https:\/\/maybommini.vn\/index.php?rest_route=%2Fwp%2Fv2%2Fproduct_cat&post=257508"},{"taxonomy":"product_tag","embeddable":true,"href":"https:\/\/maybommini.vn\/index.php?rest_route=%2Fwp%2Fv2%2Fproduct_tag&post=257508"}],"curies":[{"name":"wp","href":"https:\/\/api.w.org\/{rel}","templated":true}]}}