{"id":257509,"date":"2018-04-12T19:47:43","date_gmt":"2018-04-12T12:47:43","guid":{"rendered":"https:\/\/maybommini.com\/san-pham\/import-placeholder-for-253725"},"modified":"2019-07-25T10:33:45","modified_gmt":"2019-07-25T03:33:45","slug":"may-bom-ap-luc-12v-60w-kem-nguon-dien","status":"publish","type":"product","link":"https:\/\/maybommini.vn\/?product=may-bom-ap-luc-12v-60w-kem-nguon-dien","title":{"rendered":"M\u00e1y b\u01a1m \u00e1p l\u1ef1c 12V 60W k\u00e8m ngu\u1ed3n \u0111i\u1ec7n"},"content":{"rendered":"<h3>B\u00e1n m\u00e1y b\u01a1m \u00e1p l\u1ef1c 12V 60W k\u00e8m ngu\u1ed3n \u0111i\u1ec7n ti\u1ec7n d\u1ee5ng cho nhi\u1ec1u nhu c\u1ea7u kh\u00e1c nhau nh\u01b0 t\u01b0\u1edbi c\u00e2y, t\u0103ng\u00a0\u00e1p m\u00e1y n\u01b0\u1edbc\u00a0n\u00f3ng l\u1ea1nh, tr\u1ee3 l\u1ef1c m\u00e1y gi\u1eb7t v\u1edbi\u00a0\u00e1p l\u1ef1c m\u1ea1nh. V\u1edbi b\u1ed9 n\u00e0y b\u1ea1n ch\u1ec9 vi\u1ec7c v\u1ec1 c\u1ea5m\u00a0\u0111i\u1ec7n tr\u1ef1c ti\u1ebfp 220V l\u00e0 s\u1eed d\u1ee5ng kh\u00f4ng c\u1ea7n ph\u1ea3i mua th\u00eam ngu\u1ed3n bi\u1ebfn th\u1ebf.<\/h3>\n<p><img decoding=\"async\" class=\"size-full wp-image-254440 aligncenter\" src=\"https:\/\/maybommini.com.vn\/wp-content\/uploads\/2018\/01\/may-bom-ap-luc-12v-60w-kem-nguon-2.jpg\" alt=\"May Bom Ap Luc 12v 60w Kem Nguon\" width=\"750\" height=\"750\" srcset=\"https:\/\/maybommini.vn\/wp-content\/uploads\/2018\/01\/may-bom-ap-luc-12v-60w-kem-nguon-2.jpg 750w, https:\/\/maybommini.vn\/wp-content\/uploads\/2018\/01\/may-bom-ap-luc-12v-60w-kem-nguon-2-300x300.jpg 300w, https:\/\/maybommini.vn\/wp-content\/uploads\/2018\/01\/may-bom-ap-luc-12v-60w-kem-nguon-2-600x600.jpg 600w, https:\/\/maybommini.vn\/wp-content\/uploads\/2018\/01\/may-bom-ap-luc-12v-60w-kem-nguon-2-150x150.jpg 150w, https:\/\/maybommini.vn\/wp-content\/uploads\/2018\/01\/may-bom-ap-luc-12v-60w-kem-nguon-2-270x270.jpg 270w, https:\/\/maybommini.vn\/wp-content\/uploads\/2018\/01\/may-bom-ap-luc-12v-60w-kem-nguon-2-375x375.jpg 375w, https:\/\/maybommini.vn\/wp-content\/uploads\/2018\/01\/may-bom-ap-luc-12v-60w-kem-nguon-2-140x140.jpg 140w, https:\/\/maybommini.vn\/wp-content\/uploads\/2018\/01\/may-bom-ap-luc-12v-60w-kem-nguon-2-131x131.jpg 131w, https:\/\/maybommini.vn\/wp-content\/uploads\/2018\/01\/may-bom-ap-luc-12v-60w-kem-nguon-2-142x142.jpg 142w, https:\/\/maybommini.vn\/wp-content\/uploads\/2018\/01\/may-bom-ap-luc-12v-60w-kem-nguon-2-164x164.jpg 164w, https:\/\/maybommini.vn\/wp-content\/uploads\/2018\/01\/may-bom-ap-luc-12v-60w-kem-nguon-2-175x175.jpg 175w, https:\/\/maybommini.vn\/wp-content\/uploads\/2018\/01\/may-bom-ap-luc-12v-60w-kem-nguon-2-193x193.jpg 193w, https:\/\/maybommini.vn\/wp-content\/uploads\/2018\/01\/may-bom-ap-luc-12v-60w-kem-nguon-2-200x200.jpg 200w, https:\/\/maybommini.vn\/wp-content\/uploads\/2018\/01\/may-bom-ap-luc-12v-60w-kem-nguon-2-204x204.jpg 204w, https:\/\/maybommini.vn\/wp-content\/uploads\/2018\/01\/may-bom-ap-luc-12v-60w-kem-nguon-2-213x213.jpg 213w, https:\/\/maybommini.vn\/wp-content\/uploads\/2018\/01\/may-bom-ap-luc-12v-60w-kem-nguon-2-248x248.jpg 248w, https:\/\/maybommini.vn\/wp-content\/uploads\/2018\/01\/may-bom-ap-luc-12v-60w-kem-nguon-2-260x260.jpg 260w\" sizes=\"(max-width: 750px) 100vw, 750px\" \/><\/p>\n<p><strong>TH\u00d4NG S\u1ed0 K\u1ef8 THU\u1eacT<\/strong><br \/>\n<a href=\"https:\/\/maybommini.com\/san-pham\/bom-nuoc-mini-ap-luc-12v-60w-5l-smartpumpus\" target=\"_blank\" rel=\"noopener\">M\u00c1Y B\u01a0M \u00c1P L\u1ef0C 12v 60w<\/a><br \/>\n<a href=\"https:\/\/maybommini.com\/san-pham\/nguon-12v-6a-dung-cho-may-bom-nuoc-mini-ap-luc\" target=\"_blank\" rel=\"noopener\">Ngu\u1ed3n\u00a0\u0111i\u1ec7n Adapter 12V 6A<\/a><br \/>\n<a href=\"https:\/\/maybommini.com\/san-pham\/dau-cam-nguon-dc-cai-van-vit-khong-can-han\" target=\"_blank\" rel=\"noopener\">Jack c\u00e1i DC<\/a><br \/>\n<a href=\"https:\/\/maybommini.com\/san-pham\/day-nguon-dien-pc-adapter\" target=\"_blank\" rel=\"noopener\">D\u00e2y ngu\u1ed3n PC<\/a><br \/>\nC\u00f4ng t\u1eafc\u00a0\u00e1p l\u1ef1c t\u1ef1\u00a0\u0111\u1ed9ng ng\u1eaft.<\/p>\n<p><img decoding=\"async\" class=\"size-full wp-image-254442 aligncenter\" src=\"https:\/\/maybommini.com.vn\/wp-content\/uploads\/2018\/01\/may-bom-ap-luc-mini-12v-3.jpg\" alt=\"May Bom Ap Luc Mini 12v\" width=\"750\" height=\"750\" srcset=\"https:\/\/maybommini.vn\/wp-content\/uploads\/2018\/01\/may-bom-ap-luc-mini-12v-3.jpg 750w, https:\/\/maybommini.vn\/wp-content\/uploads\/2018\/01\/may-bom-ap-luc-mini-12v-3-300x300.jpg 300w, https:\/\/maybommini.vn\/wp-content\/uploads\/2018\/01\/may-bom-ap-luc-mini-12v-3-600x600.jpg 600w, https:\/\/maybommini.vn\/wp-content\/uploads\/2018\/01\/may-bom-ap-luc-mini-12v-3-150x150.jpg 150w, https:\/\/maybommini.vn\/wp-content\/uploads\/2018\/01\/may-bom-ap-luc-mini-12v-3-270x270.jpg 270w, https:\/\/maybommini.vn\/wp-content\/uploads\/2018\/01\/may-bom-ap-luc-mini-12v-3-375x375.jpg 375w, https:\/\/maybommini.vn\/wp-content\/uploads\/2018\/01\/may-bom-ap-luc-mini-12v-3-140x140.jpg 140w, https:\/\/maybommini.vn\/wp-content\/uploads\/2018\/01\/may-bom-ap-luc-mini-12v-3-131x131.jpg 131w, https:\/\/maybommini.vn\/wp-content\/uploads\/2018\/01\/may-bom-ap-luc-mini-12v-3-142x142.jpg 142w, https:\/\/maybommini.vn\/wp-content\/uploads\/2018\/01\/may-bom-ap-luc-mini-12v-3-164x164.jpg 164w, https:\/\/maybommini.vn\/wp-content\/uploads\/2018\/01\/may-bom-ap-luc-mini-12v-3-175x175.jpg 175w, https:\/\/maybommini.vn\/wp-content\/uploads\/2018\/01\/may-bom-ap-luc-mini-12v-3-193x193.jpg 193w, https:\/\/maybommini.vn\/wp-content\/uploads\/2018\/01\/may-bom-ap-luc-mini-12v-3-200x200.jpg 200w, https:\/\/maybommini.vn\/wp-content\/uploads\/2018\/01\/may-bom-ap-luc-mini-12v-3-204x204.jpg 204w, https:\/\/maybommini.vn\/wp-content\/uploads\/2018\/01\/may-bom-ap-luc-mini-12v-3-213x213.jpg 213w, https:\/\/maybommini.vn\/wp-content\/uploads\/2018\/01\/may-bom-ap-luc-mini-12v-3-248x248.jpg 248w, https:\/\/maybommini.vn\/wp-content\/uploads\/2018\/01\/may-bom-ap-luc-mini-12v-3-260x260.jpg 260w\" sizes=\"(max-width: 750px) 100vw, 750px\" \/> <img decoding=\"async\" class=\"size-full wp-image-254438 aligncenter\" src=\"https:\/\/maybommini.com.vn\/wp-content\/uploads\/2018\/01\/bom-nuoc-mini-16.jpg\" alt=\"Bom Nuoc Mini\" width=\"750\" height=\"750\" srcset=\"https:\/\/maybommini.vn\/wp-content\/uploads\/2018\/01\/bom-nuoc-mini-16.jpg 750w, https:\/\/maybommini.vn\/wp-content\/uploads\/2018\/01\/bom-nuoc-mini-16-300x300.jpg 300w, https:\/\/maybommini.vn\/wp-content\/uploads\/2018\/01\/bom-nuoc-mini-16-600x600.jpg 600w, https:\/\/maybommini.vn\/wp-content\/uploads\/2018\/01\/bom-nuoc-mini-16-150x150.jpg 150w\" sizes=\"(max-width: 750px) 100vw, 750px\" \/> <img decoding=\"async\" class=\"size-full wp-image-254286 aligncenter\" src=\"https:\/\/maybommini.com.vn\/wp-content\/uploads\/2018\/01\/nguon-dien-may-bom-mini-1.jpg\" alt=\"Nguon Dien May Bom Mini\" width=\"750\" height=\"750\" srcset=\"https:\/\/maybommini.vn\/wp-content\/uploads\/2018\/01\/nguon-dien-may-bom-mini-1.jpg 750w, https:\/\/maybommini.vn\/wp-content\/uploads\/2018\/01\/nguon-dien-may-bom-mini-1-300x300.jpg 300w, https:\/\/maybommini.vn\/wp-content\/uploads\/2018\/01\/nguon-dien-may-bom-mini-1-600x600.jpg 600w, https:\/\/maybommini.vn\/wp-content\/uploads\/2018\/01\/nguon-dien-may-bom-mini-1-150x150.jpg 150w, https:\/\/maybommini.vn\/wp-content\/uploads\/2018\/01\/nguon-dien-may-bom-mini-1-270x270.jpg 270w, https:\/\/maybommini.vn\/wp-content\/uploads\/2018\/01\/nguon-dien-may-bom-mini-1-375x375.jpg 375w, https:\/\/maybommini.vn\/wp-content\/uploads\/2018\/01\/nguon-dien-may-bom-mini-1-140x140.jpg 140w, https:\/\/maybommini.vn\/wp-content\/uploads\/2018\/01\/nguon-dien-may-bom-mini-1-131x131.jpg 131w, https:\/\/maybommini.vn\/wp-content\/uploads\/2018\/01\/nguon-dien-may-bom-mini-1-142x142.jpg 142w, https:\/\/maybommini.vn\/wp-content\/uploads\/2018\/01\/nguon-dien-may-bom-mini-1-164x164.jpg 164w, https:\/\/maybommini.vn\/wp-content\/uploads\/2018\/01\/nguon-dien-may-bom-mini-1-175x175.jpg 175w, https:\/\/maybommini.vn\/wp-content\/uploads\/2018\/01\/nguon-dien-may-bom-mini-1-193x193.jpg 193w, https:\/\/maybommini.vn\/wp-content\/uploads\/2018\/01\/nguon-dien-may-bom-mini-1-200x200.jpg 200w, https:\/\/maybommini.vn\/wp-content\/uploads\/2018\/01\/nguon-dien-may-bom-mini-1-204x204.jpg 204w, https:\/\/maybommini.vn\/wp-content\/uploads\/2018\/01\/nguon-dien-may-bom-mini-1-213x213.jpg 213w, https:\/\/maybommini.vn\/wp-content\/uploads\/2018\/01\/nguon-dien-may-bom-mini-1-248x248.jpg 248w, https:\/\/maybommini.vn\/wp-content\/uploads\/2018\/01\/nguon-dien-may-bom-mini-1-260x260.jpg 260w\" sizes=\"(max-width: 750px) 100vw, 750px\" \/><br \/>\n<a href=\"https:\/\/maybommini.com\/wp-content\/uploads\/2016\/08\/may-bom-mini-12v-60w.jpg\" target=\"_blank\" rel=\"noopener\"><br \/>\n<\/a><strong>S\u1eec D\u1ee4NG M\u00c1Y B\u01a0M\u00a0\u00c1P L\u1ef0C MINI<\/strong><br \/>\nD\u00f9ng v\u1ec7 sinh m\u00e1y l\u1ea1nh.<br \/>\nD\u00f9ng b\u01a1m n\u01b0\u1edbc tr\u1ee3 l\u1ef1c.<br \/>\nD\u00f9ng l\u00e0m tr\u1ee3 l\u1ef1c m\u00e1y gi\u1eb7t.<br \/>\nD\u00f9ng l\u00e0m h\u1ec7 th\u1ed1ng phun s\u01b0\u01a1ng.<br \/>\nD\u00f9ng l\u00e0m t\u01b0\u1edbi c\u00e2y.<br \/>\nD\u00f9ng l\u00e0m b\u01a1m n\u01b0\u1edbc l\u00ean cao.<br \/>\nD\u00f9ng tr\u1ee3 l\u1ef1c v\u00f2i sen m\u00e1y n\u01b0\u1edbc n\u00f3ng.<br \/>\nV\u00e0\u00a0\u1ee9ng d\u1ee5ng nhi\u1ec1u l\u0129nh v\u1ef1c kh\u00e1c.<img decoding=\"async\" class=\"size-full wp-image-254439 aligncenter\" src=\"https:\/\/maybommini.com.vn\/wp-content\/uploads\/2018\/01\/may-ap-luc-mini-1024x532-1.jpg\" alt=\"May Ap Luc Mini 1024x532\" width=\"1024\" height=\"532\" srcset=\"https:\/\/maybommini.vn\/wp-content\/uploads\/2018\/01\/may-ap-luc-mini-1024x532-1.jpg 1024w, https:\/\/maybommini.vn\/wp-content\/uploads\/2018\/01\/may-ap-luc-mini-1024x532-1-600x312.jpg 600w, https:\/\/maybommini.vn\/wp-content\/uploads\/2018\/01\/may-ap-luc-mini-1024x532-1-300x156.jpg 300w, https:\/\/maybommini.vn\/wp-content\/uploads\/2018\/01\/may-ap-luc-mini-1024x532-1-768x399.jpg 768w, https:\/\/maybommini.vn\/wp-content\/uploads\/2018\/01\/may-ap-luc-mini-1024x532-1-375x195.jpg 375w\" sizes=\"(max-width: 1024px) 100vw, 1024px\" \/><\/p>\n<h3><strong>B\u00c1N B\u01a0M N\u01af\u1edaC MINI TR\u1eccN B\u1ed8 12V<\/strong><\/h3>\n<p>MBM &#8211; M\u00e1y B\u01a1m Mini chuy\u00ean b\u00e1n c\u00e1c lo\u1ea1i m\u00e1y b\u01a1m mini\u00a0\u00e1p l\u1ef1c 12v 24v 220v t\u1ef1\u00a0\u0111\u1ed9ng d\u00f9ng cho h\u1ec7 th\u1ed1ng b\u01a1m n\u01b0\u1edbc gia\u00a0\u0111\u00ecnh v\u00e0 c\u00f4ng nghi\u1ec7p v\u1edbi s\u1ea3n ph\u1ea9m ch\u00ednh h\u00e3ng.<br \/>\nD\u00f9ng cho h\u1ec7 th\u1ed1ng tr\u1ee3 l\u1ef1c, r\u1eeda xe, v\u1ec7 sinh m\u00e1y l\u1ea1nh, phun s\u01b0\u01a1ng, b\u01a1m n\u01b0\u1edbc,\u00a0\u00e1p l\u1ef1c, tr\u1ee3 l\u1ef1c m\u00e1y gi\u1eb7t&#8230;.<br \/>\nM\u1ecdi chi ti\u1ebft vui l\u00f2ng li\u00ean h\u1ec7 tr\u1ef1c ti\u1ebfp cho ch\u00fang t\u00f4i \u0111\u1ec3 \u0111\u01b0\u1ee3c t\u01b0 v\u1ea5n theo nhu c\u1ea7u \u0111\u1ec3 c\u00f3 \u0111\u01b0\u1ee3c b\u1ed9 s\u1ea3n ph\u1ea9m t\u1ed1t nh\u1ea5t v\u00e0 ti\u1ebft ki\u1ec7m.\u00a0B\u1ea1n \u1edf xa v\u1eabn c\u00f3 th\u1ec3 mua h\u00e0ng v\u00e0 giao h\u00e0ng thanh to\u00e1n ti\u1ec1n t\u1ea1i nh\u00e0.<br \/>\nChuy\u00ean c\u00e1c lo\u1ea1i m\u00e1y b\u01a1m n\u01b0\u1edbc, b\u01a1m \u00e1p l\u1ef1c, m\u00e1y r\u1eeda xe, r\u1eeda m\u00e1y l\u1ea1nh, phun thu\u1ed1c tr\u1eeb s\u00e2u, phun s\u01b0\u01a1ng, m\u00e1y b\u01a1m h\u00f3a ch\u1ea5t.<\/p>\n<p><a href=\"https:\/\/maybommini.com\/wp-content\/uploads\/2018\/04\/bom-nuoc-mini-12v-60w-ap-luc-cao.jpg\" target=\"_blank\" rel=\"noopener\"><img decoding=\"async\" class=\"size-full wp-image-260147 aligncenter\" src=\"https:\/\/maybommini.com\/wp-content\/uploads\/2018\/04\/bom-nuoc-mini-12v-60w-ap-luc-cao.jpg\" alt=\"Bom Nuoc Mini 12v 60w Ap Luc Cao\" width=\"550\" height=\"550\" srcset=\"https:\/\/maybommini.vn\/wp-content\/uploads\/2018\/04\/bom-nuoc-mini-12v-60w-ap-luc-cao.jpg 550w, https:\/\/maybommini.vn\/wp-content\/uploads\/2018\/04\/bom-nuoc-mini-12v-60w-ap-luc-cao-300x300.jpg 300w, https:\/\/maybommini.vn\/wp-content\/uploads\/2018\/04\/bom-nuoc-mini-12v-60w-ap-luc-cao-150x150.jpg 150w\" sizes=\"(max-width: 550px) 100vw, 550px\" \/><\/a> <a href=\"https:\/\/maybommini.com\/wp-content\/uploads\/2018\/04\/may-bom-nuoc-mini-12v-60w-smartpumps.jpg\" target=\"_blank\" rel=\"noopener\"><img decoding=\"async\" class=\"size-full wp-image-260148 aligncenter\" src=\"https:\/\/maybommini.com\/wp-content\/uploads\/2018\/04\/may-bom-nuoc-mini-12v-60w-smartpumps.jpg\" alt=\"May Bom Nuoc Mini 12v 60w Smartpumps\" width=\"750\" height=\"750\" srcset=\"https:\/\/maybommini.vn\/wp-content\/uploads\/2018\/04\/may-bom-nuoc-mini-12v-60w-smartpumps.jpg 750w, https:\/\/maybommini.vn\/wp-content\/uploads\/2018\/04\/may-bom-nuoc-mini-12v-60w-smartpumps-300x300.jpg 300w, https:\/\/maybommini.vn\/wp-content\/uploads\/2018\/04\/may-bom-nuoc-mini-12v-60w-smartpumps-150x150.jpg 150w, https:\/\/maybommini.vn\/wp-content\/uploads\/2018\/04\/may-bom-nuoc-mini-12v-60w-smartpumps-600x600.jpg 600w\" sizes=\"(max-width: 750px) 100vw, 750px\" \/><\/a> <a href=\"https:\/\/maybommini.com\/wp-content\/uploads\/2018\/04\/may-bom-ap-luc-mini-12v-60w-smartpumps-chinh-hang.jpg\" target=\"_blank\" rel=\"noopener\"><img decoding=\"async\" class=\"size-full wp-image-260121 aligncenter\" src=\"https:\/\/maybommini.com\/wp-content\/uploads\/2018\/04\/may-bom-ap-luc-mini-12v-60w-smartpumps-chinh-hang.jpg\" alt=\"May Bom Ap Luc Mini 12v 60w Smartpumps Chinh Hang\" width=\"750\" height=\"750\" srcset=\"https:\/\/maybommini.vn\/wp-content\/uploads\/2018\/04\/may-bom-ap-luc-mini-12v-60w-smartpumps-chinh-hang.jpg 750w, https:\/\/maybommini.vn\/wp-content\/uploads\/2018\/04\/may-bom-ap-luc-mini-12v-60w-smartpumps-chinh-hang-300x300.jpg 300w, https:\/\/maybommini.vn\/wp-content\/uploads\/2018\/04\/may-bom-ap-luc-mini-12v-60w-smartpumps-chinh-hang-150x150.jpg 150w, https:\/\/maybommini.vn\/wp-content\/uploads\/2018\/04\/may-bom-ap-luc-mini-12v-60w-smartpumps-chinh-hang-600x600.jpg 600w\" sizes=\"(max-width: 750px) 100vw, 750px\" \/><\/a><\/p>\n<p><strong>CTY TNHH TH\u01af\u01a0NG M\u1ea0I D\u1ecaCH V\u1ee4 \u0110I\u1ec6N M\u00c1Y TH\u00d4NG MINH<\/strong><br \/>\n18Bis\/22\/3 Nguy\u1ec5n Th\u1ecb Minh Khai, Ph\u01b0\u1eddng \u0110akao, Qu\u1eadn 1 , H\u1ed3 Ch\u00ed Minh.<br \/>\nHotline : 090 729 4310<br \/>\nEmail : maybommini.com@gmail.com<br \/>\nWebsite : http:\/\/maybommini.com<br \/>\nFacebook : https:\/\/www.facebook.com\/maybommini<br \/>\nGoogle : https:\/\/plus.google.com\/ Maybomnuocminiruaxe<br \/>\nYoutube demo : https:\/\/www.youtube.com\/bahamasali<\/p>\n<p><a href=\"https:\/\/maybommini.com\/wp-content\/uploads\/2017\/10\/may-bom-mini-shop-ban-hang-uy-tin.jpg\" target=\"_blank\" rel=\"noopener\"><img decoding=\"async\" class=\"size-full wp-image-249726 aligncenter\" src=\"https:\/\/maybommini.com\/wp-content\/uploads\/2017\/10\/may-bom-mini-shop-ban-hang-uy-tin.jpg\" alt=\"May Bom Mini Shop Ban Hang Uy Tin\" width=\"570\" height=\"140\" srcset=\"https:\/\/maybommini.vn\/wp-content\/uploads\/2017\/10\/may-bom-mini-shop-ban-hang-uy-tin.jpg 570w, https:\/\/maybommini.vn\/wp-content\/uploads\/2017\/10\/may-bom-mini-shop-ban-hang-uy-tin-300x74.jpg 300w\" sizes=\"(max-width: 570px) 100vw, 570px\" \/><\/a><\/p>\n","protected":false},"excerpt":{"rendered":"<p>M\u00e1y b\u01a1m\u00a0\u00e1p l\u1ef1c\u00a012V 60W Smartpumps<br \/>\nNgu\u1ed3n\u00a0\u0111i\u1ec7n Adapter 12V 6A<br \/>\nJack c\u00e1i DC<br \/>\nD\u00e2y ngu\u1ed3n PC<br \/>\nC\u00f4ng t\u1eafc\u00a0\u00e1p l\u1ef1c t\u1ef1\u00a0\u0111\u1ed9ng ng\u1eaft.<br \/>\nB\u1ea3o h\u00e0nh: 6 th\u00e1ng m\u00e1y b\u01a1m, 3 th\u00e1ng Adapter<br \/>\nCh\u1ea5t l\u01b0\u1ee3ng s\u1ea3n ph\u1ea9m v\u1edbi ng\u01b0\u1eddi ti\u00eau d\u00f9ng.<br \/>\n<strong>H\u00f4\u0309 tr\u01a1\u0323 ky\u0303 thu\u00e2\u0323t vi\u0303nh vi\u00ea\u0303n.<\/strong><br \/>\n<strong>T\u01af V\u1ea4N K\u1ef8 THU\u1eacT \u2013 MUA H\u00c0NG<br \/>\n0908997823 \u2013 0908997872<br \/>\n0907294310 \u2013 02873030399<\/strong><\/p>\n","protected":false},"featured_media":257634,"comment_status":"open","ping_status":"closed","template":"","meta":[],"product_brand":[44],"product_cat":[197,225],"product_tag":[267,497,251,1472,1510,1743,1511,506,626],"class_list":{"0":"post-257509","1":"product","2":"type-product","3":"status-publish","4":"has-post-thumbnail","6":"product_brand-smartpumps","7":"product_cat-may-bom-ap-luc-12v","8":"product_cat-may-bom-nuoc-mini-12v","9":"product_tag-12v","10":"product_tag-12v-60w","11":"product_tag-ap-luc","12":"product_tag-bo","13":"product_tag-kem-nguon","14":"product_tag-may-bom-kem-nguon-dien","15":"product_tag-smarpumps","16":"product_tag-tro-luc","17":"product_tag-tu-dong","19":"first","20":"instock","21":"sale","22":"shipping-taxable","23":"purchasable","24":"product-type-simple"},"_links":{"self":[{"href":"https:\/\/maybommini.vn\/index.php?rest_route=\/wp\/v2\/product\/257509","targetHints":{"allow":["GET"]}}],"collection":[{"href":"https:\/\/maybommini.vn\/index.php?rest_route=\/wp\/v2\/product"}],"about":[{"href":"https:\/\/maybommini.vn\/index.php?rest_route=\/wp\/v2\/types\/product"}],"replies":[{"embeddable":true,"href":"https:\/\/maybommini.vn\/index.php?rest_route=%2Fwp%2Fv2%2Fcomments&post=257509"}],"wp:featuredmedia":[{"embeddable":true,"href":"https:\/\/maybommini.vn\/index.php?rest_route=\/wp\/v2\/media\/257634"}],"wp:attachment":[{"href":"https:\/\/maybommini.vn\/index.php?rest_route=%2Fwp%2Fv2%2Fmedia&parent=257509"}],"wp:term":[{"taxonomy":"product_brand","embeddable":true,"href":"https:\/\/maybommini.vn\/index.php?rest_route=%2Fwp%2Fv2%2Fproduct_brand&post=257509"},{"taxonomy":"product_cat","embeddable":true,"href":"https:\/\/maybommini.vn\/index.php?rest_route=%2Fwp%2Fv2%2Fproduct_cat&post=257509"},{"taxonomy":"product_tag","embeddable":true,"href":"https:\/\/maybommini.vn\/index.php?rest_route=%2Fwp%2Fv2%2Fproduct_tag&post=257509"}],"curies":[{"name":"wp","href":"https:\/\/api.w.org\/{rel}","templated":true}]}}