{"id":257546,"date":"2018-04-12T19:48:10","date_gmt":"2018-04-12T12:48:10","guid":{"rendered":"https:\/\/maybommini.com\/san-pham\/import-placeholder-for-253751"},"modified":"2018-04-12T19:50:18","modified_gmt":"2018-04-12T12:50:18","slug":"may-bom-ap-luc-12v-30w-kem-nguon-dien","status":"publish","type":"product","link":"https:\/\/maybommini.vn\/?product=may-bom-ap-luc-12v-30w-kem-nguon-dien","title":{"rendered":"M\u00e1y b\u01a1m \u00e1p l\u1ef1c 12V 30W k\u00e8m ngu\u1ed3n \u0111i\u1ec7n"},"content":{"rendered":"<h3>Mua m\u00e1y b\u01a1m \u00e1p l\u1ef1c 12V 30W 3.1L cao c\u1ea5p\u00a0k\u00e8m ngu\u1ed3n \u0111i\u1ec7n s\u1eed\u00a0d\u1ee5ng cho nhi\u1ec1u nhu c\u1ea7u kh\u00e1c nhau nh\u01b0 t\u01b0\u1edbi c\u00e2y, t\u0103ng\u00a0\u00e1p m\u00e1y n\u01b0\u1edbc\u00a0n\u00f3ng l\u1ea1nh, tr\u1ee3 l\u1ef1c m\u00e1y gi\u1eb7t v\u1edbi\u00a0\u00e1p l\u1ef1c m\u1ea1nh. V\u1edbi b\u1ed9 n\u00e0y b\u1ea1n ch\u1ec9 vi\u1ec7c v\u1ec1 c\u1ea5m\u00a0\u0111i\u1ec7n tr\u1ef1c ti\u1ebfp 220V l\u00e0 s\u1eed d\u1ee5ng kh\u00f4ng c\u1ea7n ph\u1ea3i mua th\u00eam ngu\u1ed3n bi\u1ebfn th\u1ebf.<\/h3>\n<p><img decoding=\"async\" class=\"size-full wp-image-254168 aligncenter\" src=\"https:\/\/maybommini.com.vn\/wp-content\/uploads\/2018\/01\/bom-nuoc-mini-12.jpg\" alt=\"Bom Nuoc Mini\" width=\"750\" height=\"750\" srcset=\"https:\/\/maybommini.vn\/wp-content\/uploads\/2018\/01\/bom-nuoc-mini-12.jpg 750w, https:\/\/maybommini.vn\/wp-content\/uploads\/2018\/01\/bom-nuoc-mini-12-300x300.jpg 300w, https:\/\/maybommini.vn\/wp-content\/uploads\/2018\/01\/bom-nuoc-mini-12-600x600.jpg 600w, https:\/\/maybommini.vn\/wp-content\/uploads\/2018\/01\/bom-nuoc-mini-12-150x150.jpg 150w\" sizes=\"(max-width: 750px) 100vw, 750px\" \/><\/p>\n<p><strong>TH\u00d4NG S\u1ed0 K\u1ef8 THU\u1eacT<\/strong><br \/>\n<a href=\"https:\/\/maybommini.com\/san-pham\/may-bom-nuoc-mini-ap-luc-12v-30w-3-1l-xld-pumps-khong-cong-tat-ap-luc\" target=\"_blank\" rel=\"noopener\">M\u00c1Y B\u01a0M \u00c1P L\u1ef0C 12V 30W 3.1L<\/a><br \/>\nNgu\u1ed3n\u00a0\u0111i\u1ec7n Adapter 12V 3A<br \/>\n<a href=\"https:\/\/maybommini.com\/san-pham\/dau-cam-nguon-dc-cai-van-vit-khong-can-han\" target=\"_blank\" rel=\"noopener\">Jack c\u00e1i DC<\/a><br \/>\n<a href=\"https:\/\/maybommini.com\/san-pham\/day-nguon-dien-pc-adapter\" target=\"_blank\" rel=\"noopener\">D\u00e2y ngu\u1ed3n PC<\/a><br \/>\nKh\u00f4ng c\u00f4ng t\u1eafc\u00a0\u00e1p l\u1ef1c t\u1ef1\u00a0\u0111\u1ed9ng ng\u1eaft.<br \/>\n<a href=\"https:\/\/maybommini.com\/wp-content\/uploads\/2017\/02\/may-bom-ap-luc-mini-12v-30w.jpg\" target=\"_blank\" rel=\"noopener\"><img decoding=\"async\" class=\"alignnone size-full wp-image-247811\" src=\"https:\/\/maybommini.com\/wp-content\/uploads\/2017\/02\/may-bom-ap-luc-mini-12v-30w.jpg\" alt=\"\" width=\"750\" height=\"750\" srcset=\"https:\/\/maybommini.vn\/wp-content\/uploads\/2017\/02\/may-bom-ap-luc-mini-12v-30w.jpg 750w, https:\/\/maybommini.vn\/wp-content\/uploads\/2017\/02\/may-bom-ap-luc-mini-12v-30w-300x300.jpg 300w, https:\/\/maybommini.vn\/wp-content\/uploads\/2017\/02\/may-bom-ap-luc-mini-12v-30w-600x600.jpg 600w, https:\/\/maybommini.vn\/wp-content\/uploads\/2017\/02\/may-bom-ap-luc-mini-12v-30w-150x150.jpg 150w\" sizes=\"(max-width: 750px) 100vw, 750px\" \/><img decoding=\"async\" class=\"size-full wp-image-254169 aligncenter\" src=\"https:\/\/maybommini.com.vn\/wp-content\/uploads\/2018\/01\/may-bom-ap-luc-mini-12v-30w-2.jpg\" alt=\"May Bom Ap Luc Mini 12v 30w\" width=\"750\" height=\"750\" srcset=\"https:\/\/maybommini.vn\/wp-content\/uploads\/2018\/01\/may-bom-ap-luc-mini-12v-30w-2.jpg 750w, https:\/\/maybommini.vn\/wp-content\/uploads\/2018\/01\/may-bom-ap-luc-mini-12v-30w-2-300x300.jpg 300w, https:\/\/maybommini.vn\/wp-content\/uploads\/2018\/01\/may-bom-ap-luc-mini-12v-30w-2-100x100.jpg 100w, https:\/\/maybommini.vn\/wp-content\/uploads\/2018\/01\/may-bom-ap-luc-mini-12v-30w-2-600x600.jpg 600w, https:\/\/maybommini.vn\/wp-content\/uploads\/2018\/01\/may-bom-ap-luc-mini-12v-30w-2-150x150.jpg 150w, https:\/\/maybommini.vn\/wp-content\/uploads\/2018\/01\/may-bom-ap-luc-mini-12v-30w-2-270x270.jpg 270w, https:\/\/maybommini.vn\/wp-content\/uploads\/2018\/01\/may-bom-ap-luc-mini-12v-30w-2-375x375.jpg 375w, https:\/\/maybommini.vn\/wp-content\/uploads\/2018\/01\/may-bom-ap-luc-mini-12v-30w-2-140x140.jpg 140w, https:\/\/maybommini.vn\/wp-content\/uploads\/2018\/01\/may-bom-ap-luc-mini-12v-30w-2-131x131.jpg 131w, https:\/\/maybommini.vn\/wp-content\/uploads\/2018\/01\/may-bom-ap-luc-mini-12v-30w-2-142x142.jpg 142w, https:\/\/maybommini.vn\/wp-content\/uploads\/2018\/01\/may-bom-ap-luc-mini-12v-30w-2-164x164.jpg 164w, https:\/\/maybommini.vn\/wp-content\/uploads\/2018\/01\/may-bom-ap-luc-mini-12v-30w-2-175x175.jpg 175w, https:\/\/maybommini.vn\/wp-content\/uploads\/2018\/01\/may-bom-ap-luc-mini-12v-30w-2-193x193.jpg 193w, https:\/\/maybommini.vn\/wp-content\/uploads\/2018\/01\/may-bom-ap-luc-mini-12v-30w-2-200x200.jpg 200w, https:\/\/maybommini.vn\/wp-content\/uploads\/2018\/01\/may-bom-ap-luc-mini-12v-30w-2-204x204.jpg 204w, https:\/\/maybommini.vn\/wp-content\/uploads\/2018\/01\/may-bom-ap-luc-mini-12v-30w-2-213x213.jpg 213w, https:\/\/maybommini.vn\/wp-content\/uploads\/2018\/01\/may-bom-ap-luc-mini-12v-30w-2-248x248.jpg 248w, https:\/\/maybommini.vn\/wp-content\/uploads\/2018\/01\/may-bom-ap-luc-mini-12v-30w-2-260x260.jpg 260w\" sizes=\"(max-width: 750px) 100vw, 750px\" \/> <img decoding=\"async\" class=\"size-full wp-image-254167 aligncenter\" src=\"https:\/\/maybommini.com.vn\/wp-content\/uploads\/2018\/01\/adapter-220v-ra-12v-cho-may-bom-mini-2.jpg\" alt=\"Adapter 220v Ra 12v Cho May Bom Mini\" width=\"750\" height=\"750\" srcset=\"https:\/\/maybommini.vn\/wp-content\/uploads\/2018\/01\/adapter-220v-ra-12v-cho-may-bom-mini-2.jpg 750w, https:\/\/maybommini.vn\/wp-content\/uploads\/2018\/01\/adapter-220v-ra-12v-cho-may-bom-mini-2-300x300.jpg 300w, https:\/\/maybommini.vn\/wp-content\/uploads\/2018\/01\/adapter-220v-ra-12v-cho-may-bom-mini-2-600x600.jpg 600w, https:\/\/maybommini.vn\/wp-content\/uploads\/2018\/01\/adapter-220v-ra-12v-cho-may-bom-mini-2-150x150.jpg 150w\" sizes=\"(max-width: 750px) 100vw, 750px\" \/><\/a><\/p>\n<h3><strong>S\u1eec D\u1ee4NG M\u00c1Y B\u01a0M\u00a0\u00c1P L\u1ef0C MINI<\/strong><\/h3>\n<p>D\u00f9ng v\u1ec7 sinh m\u00e1y l\u1ea1nh.<br \/>\nD\u00f9ng b\u01a1m n\u01b0\u1edbc tr\u1ee3 l\u1ef1c.<br \/>\nD\u00f9ng l\u00e0m tr\u1ee3 l\u1ef1c m\u00e1y gi\u1eb7t.<br \/>\nD\u00f9ng l\u00e0m h\u1ec7 th\u1ed1ng phun s\u01b0\u01a1ng.<br \/>\nD\u00f9ng l\u00e0m t\u01b0\u1edbi c\u00e2y.<br \/>\nD\u00f9ng l\u00e0m b\u01a1m n\u01b0\u1edbc l\u00ean cao.<br \/>\nD\u00f9ng tr\u1ee3 l\u1ef1c v\u00f2i sen m\u00e1y n\u01b0\u1edbc n\u00f3ng.<br \/>\nV\u00e0\u00a0\u1ee9ng d\u1ee5ng nhi\u1ec1u l\u0129nh v\u1ef1c kh\u00e1c.<br \/>\n<img decoding=\"async\" class=\"size-full wp-image-254168 aligncenter\" src=\"https:\/\/maybommini.com.vn\/wp-content\/uploads\/2018\/01\/bom-nuoc-mini-12.jpg\" alt=\"Bom Nuoc Mini\" width=\"750\" height=\"750\" srcset=\"https:\/\/maybommini.vn\/wp-content\/uploads\/2018\/01\/bom-nuoc-mini-12.jpg 750w, https:\/\/maybommini.vn\/wp-content\/uploads\/2018\/01\/bom-nuoc-mini-12-300x300.jpg 300w, https:\/\/maybommini.vn\/wp-content\/uploads\/2018\/01\/bom-nuoc-mini-12-600x600.jpg 600w, https:\/\/maybommini.vn\/wp-content\/uploads\/2018\/01\/bom-nuoc-mini-12-150x150.jpg 150w\" sizes=\"(max-width: 750px) 100vw, 750px\" \/><\/p>\n<h3><strong>B\u00c1N M\u00c1Y B\u01a0M \u00c1P L\u1ef0C\u00a0N\u01af\u1edaC MINI TR\u1eccN B\u1ed8 12V 24V<br \/>\n<\/strong><\/h3>\n<p><strong>MBM &#8211; <a href=\"https:\/\/maybommini.com\" target=\"_blank\" rel=\"noopener\">M\u00e1y B\u01a1m Mini<\/a> chuy\u00ean b\u00e1n c\u00e1c lo\u1ea1i m\u00e1y b\u01a1m mini\u00a0\u00e1p l\u1ef1c 12v 24v 220v t\u1ef1\u00a0\u0111\u1ed9ng d\u00f9ng cho h\u1ec7 th\u1ed1ng b\u01a1m n\u01b0\u1edbc gia\u00a0\u0111\u00ecnh v\u00e0 c\u00f4ng nghi\u1ec7p v\u1edbi s\u1ea3n ph\u1ea9m ch\u00ednh h\u00e3ng.<br \/>\nD\u00f9ng cho h\u1ec7 th\u1ed1ng tr\u1ee3 l\u1ef1c, r\u1eeda xe, v\u1ec7 sinh m\u00e1y l\u1ea1nh, phun s\u01b0\u01a1ng, b\u01a1m n\u01b0\u1edbc,\u00a0\u00e1p l\u1ef1c, tr\u1ee3 l\u1ef1c m\u00e1y gi\u1eb7t&#8230;.<\/strong><\/p>\n<p>B\u1ea1n c\u1ea7n mua m\u00e1y b\u01a1m \u00e1p l\u1ef1c mini th\u00ec vui l\u00f2ng li\u00ean h\u1ec7 ch\u00fang t\u00f4i\u00a0\u0111\u1ec3\u00a0\u0111\u01b0\u1ee3c t\u01b0 v\u1ea5n nhi\u1ec7t t\u00ecnh v\u00e0 ti\u1ebft ki\u1ec7m chi ph\u00ed theo nhu c\u1ea7u th\u1ef1 t\u1ebf.<\/p>\n<p><strong>Website:<\/strong>\u00a0https:\/\/maybommini.com<br \/>\n<strong>Email:<\/strong> maybommini.com@gmail.com<br \/>\n<strong>Tel:<\/strong> 090 729 4310<br \/>\n<a href=\"https:\/\/maybommini.com\/wp-content\/uploads\/2017\/10\/may-bom-mini-shop-ban-hang-uy-tin.jpg\" target=\"_blank\" rel=\"noopener\"><img decoding=\"async\" class=\"size-full wp-image-249726 aligncenter\" src=\"https:\/\/maybommini.com\/wp-content\/uploads\/2017\/10\/may-bom-mini-shop-ban-hang-uy-tin.jpg\" alt=\"May Bom Mini Shop Ban Hang Uy Tin\" width=\"570\" height=\"140\" srcset=\"https:\/\/maybommini.vn\/wp-content\/uploads\/2017\/10\/may-bom-mini-shop-ban-hang-uy-tin.jpg 570w, https:\/\/maybommini.vn\/wp-content\/uploads\/2017\/10\/may-bom-mini-shop-ban-hang-uy-tin-300x74.jpg 300w\" sizes=\"(max-width: 570px) 100vw, 570px\" \/><\/a><\/p>\n","protected":false},"excerpt":{"rendered":"<p>M\u00e1y b\u01a1m\u00a0\u00e1p l\u1ef1c\u00a012V 30W 3.1L<br \/>\nNgu\u1ed3n\u00a0\u0111i\u1ec7n Adapter 12V 3A<br \/>\nJack c\u00e1i DC<br \/>\nD\u00e2y ngu\u1ed3n PC<br \/>\nKh\u00f4ng c\u00f4ng t\u1eafc\u00a0\u00e1p l\u1ef1c t\u1ef1\u00a0\u0111\u1ed9ng ng\u1eaft.<br \/>\nB\u1ea3o h\u00e0nh: 6 th\u00e1ng m\u00e1y b\u01a1m, 3 th\u00e1ng Adapter<\/p>\n","protected":false},"featured_media":257684,"comment_status":"open","ping_status":"closed","template":"","meta":[],"product_brand":[],"product_cat":[197,225,1442],"product_tag":[267,369,1523,1518,251,1472,1519,1520,1510,1511,504,506,1521,300,626,1524,1124],"class_list":{"0":"post-257546","1":"product","2":"type-product","3":"status-publish","4":"has-post-thumbnail","6":"product_cat-may-bom-ap-luc-12v","7":"product_cat-may-bom-nuoc-mini-12v","8":"product_cat-may-bom-tro-luc-12v","9":"product_tag-12v","10":"product_tag-12v-45w","11":"product_tag-12v-48w","12":"product_tag-45w","13":"product_tag-ap-luc","14":"product_tag-bo","15":"product_tag-bom-may-giat","16":"product_tag-bom-may-nong-lanh","17":"product_tag-kem-nguon","18":"product_tag-smarpumps","19":"product_tag-tang-ap","20":"product_tag-tro-luc","21":"product_tag-tro-luc-may-nuoc-nong","22":"product_tag-tron-bo","23":"product_tag-tu-dong","24":"product_tag-xld","25":"product_tag-xld-pumps","27":"first","28":"instock","29":"sale","30":"shipping-taxable","31":"purchasable","32":"product-type-simple"},"_links":{"self":[{"href":"https:\/\/maybommini.vn\/index.php?rest_route=\/wp\/v2\/product\/257546","targetHints":{"allow":["GET"]}}],"collection":[{"href":"https:\/\/maybommini.vn\/index.php?rest_route=\/wp\/v2\/product"}],"about":[{"href":"https:\/\/maybommini.vn\/index.php?rest_route=\/wp\/v2\/types\/product"}],"replies":[{"embeddable":true,"href":"https:\/\/maybommini.vn\/index.php?rest_route=%2Fwp%2Fv2%2Fcomments&post=257546"}],"wp:featuredmedia":[{"embeddable":true,"href":"https:\/\/maybommini.vn\/index.php?rest_route=\/wp\/v2\/media\/257684"}],"wp:attachment":[{"href":"https:\/\/maybommini.vn\/index.php?rest_route=%2Fwp%2Fv2%2Fmedia&parent=257546"}],"wp:term":[{"taxonomy":"product_brand","embeddable":true,"href":"https:\/\/maybommini.vn\/index.php?rest_route=%2Fwp%2Fv2%2Fproduct_brand&post=257546"},{"taxonomy":"product_cat","embeddable":true,"href":"https:\/\/maybommini.vn\/index.php?rest_route=%2Fwp%2Fv2%2Fproduct_cat&post=257546"},{"taxonomy":"product_tag","embeddable":true,"href":"https:\/\/maybommini.vn\/index.php?rest_route=%2Fwp%2Fv2%2Fproduct_tag&post=257546"}],"curies":[{"name":"wp","href":"https:\/\/api.w.org\/{rel}","templated":true}]}}